{"id":3058,"date":"2024-07-06T11:14:45","date_gmt":"2024-07-06T11:14:45","guid":{"rendered":"https:\/\/ufec-mundial.com\/?page_id=3058"},"modified":"2026-04-20T18:30:14","modified_gmt":"2026-04-20T18:30:14","slug":"daniel-dunglas-home","status":"publish","type":"page","link":"https:\/\/nuevo-renacer.com\/pt\/daniel-dunglas-home\/","title":{"rendered":"Daniel Dunglas Home"},"content":{"rendered":"<div class=\"wp-block-uagb-container uagb-block-dec469f2 alignfull uagb-is-root-container\"><div class=\"uagb-container-inner-blocks-wrap\">\n<p class=\"has-black-color has-text-color has-link-color has-medium-font-size wp-elements-5fc248ad9c53afb2acb877c4d7a9bba3\"><strong>Daniel Dunglas Home<\/strong><\/p>\n<\/div><\/div>\n\n\n\n<div class=\"wp-block-uagb-container uagb-block-d90083c8 alignfull uagb-is-root-container\"><div class=\"uagb-container-inner-blocks-wrap\">\n<div class=\"wp-block-uagb-image alignleft uagb-block-221e2a42 wp-block-uagb-image--layout-default wp-block-uagb-image--effect-static wp-block-uagb-image--align-left\"><figure class=\"wp-block-uagb-image__figure\"><img loading=\"lazy\" decoding=\"async\" srcset=\"https:\/\/nuevo-renacer.com\/wp-content\/uploads\/2026\/04\/Daniel_Dunglas_Home.jpg ,https:\/\/nuevo-renacer.com\/wp-content\/uploads\/2026\/04\/Daniel_Dunglas_Home.jpg 780w, https:\/\/nuevo-renacer.com\/wp-content\/uploads\/2026\/04\/Daniel_Dunglas_Home.jpg 360w\" sizes=\"auto, (max-width: 480px) 150px\" src=\"https:\/\/nuevo-renacer.com\/wp-content\/uploads\/2026\/04\/Daniel_Dunglas_Home.jpg\" alt=\"\" class=\"uag-image-8873\" width=\"319\" height=\"241\" title=\"Daniel_Dunglas_Home\" role=\"img\"\/><\/figure><\/div>\n<\/div><\/div>\n\n\n\n<div class=\"wp-block-uagb-container uagb-block-dc5c48dd alignfull uagb-is-root-container\"><div class=\"uagb-container-inner-blocks-wrap\">\n<p class=\"has-black-color has-text-color has-link-color has-small-font-size wp-elements-a44f8c5f3ef1b439dc7591e12f126e29\">Daniel Dunglas Home, famoso m\u00e9dium brit\u00e2nico. Nasceu em 15 de mar\u00e7o de 1833 na Esc\u00f3cia e desencarnou em 21 de junho de 1886 na Fran\u00e7a. Casou-se com Alexandrina Kroll, irm\u00e3 da Condessa Kouchelew-Bezborodko, na R\u00fassia, em 1856.&nbsp;<\/p>\n\n\n\n<p class=\"has-black-color has-text-color has-link-color has-small-font-size wp-elements-31e93b39b5dc515cc1121e56210ca8fc\">Aos treze anos de idade, ele come\u00e7ou a mostrar sinais de faculdades ps\u00edquicas. Ele nunca explorou suas faculdades para ganhar dinheiro. Durante os 30 anos de sua extraordin\u00e1ria miss\u00e3o, ele nunca se obrigou a pagar pelas manifesta\u00e7\u00f5es de seus dons. O Union Club de Paris, em 1857, ofereceu-lhe duas mil libras esterlinas por uma \u00fanica sess\u00e3o; ele, pobre e inv\u00e1lido, recusou categoricamente. Ele se contentou em dizer: \u201cFui enviado em uma miss\u00e3o\u201d. Ele levou uma vida irrepreens\u00edvel.&nbsp;<\/p>\n\n\n\n<p class=\"has-black-color has-text-color has-link-color has-small-font-size wp-elements-8c8f3d8ee4619e6b6be35907338fc75f\">Ele tinha vis\u00f5es, levita\u00e7\u00e3o espont\u00e2nea, manipula\u00e7\u00e3o de fogo, movimento de objetos pesados sem qualquer contato, materializa\u00e7\u00e3o de esp\u00edritos, curas extraordin\u00e1rias e tamb\u00e9m transmitia mensagens de esp\u00edritos.&nbsp;<\/p>\n\n\n\n<p class=\"has-black-color has-text-color has-link-color has-small-font-size wp-elements-6124cce3e707b42d44d4cb59674343eb\">O fen\u00f4meno da levita\u00e7\u00e3o foi uma das provas dos not\u00e1veis poderes medi\u00fanicos de Home. Diz-se que ele se elevou v\u00e1rias vezes no ar na presen\u00e7a de testemunhas da mais alta reputa\u00e7\u00e3o. Em 1857, enquanto estava hospedado em um castelo perto de Bordeaux, ele se elevou at\u00e9 o teto de uma sala bastante alta. Em casa, para deixar provas, ele fez uma cruz com um l\u00e1pis no teto.&nbsp;<\/p>\n\n\n\n<p class=\"has-black-color has-text-color has-link-color has-small-font-size wp-elements-8850c51ad1403057a1908dd6b6a1761b\">Em 1860, um artigo de Robert Bell, \u201cStranger than a Novel\u201d (Mais estranho do que um romance), publicado na Cornhill, dizia: \u201cEle se levantou da cadeira em que estava sentado a uma dist\u00e2ncia de quatro ou cinco p\u00e9s do ch\u00e3o... Vimos sua cabe\u00e7a passar de um lado da janela para o outro, com os p\u00e9s para tr\u00e1s, deitado horizontalmente no ar\u201d.&nbsp;&nbsp;<\/p>\n\n\n\n<p class=\"has-black-color has-text-color has-link-color has-small-font-size wp-elements-16f9dafd6629f6a14875fcd4ce3690bc\">Em 1868, enquanto o m\u00e9dium estava em um dos quartos do terceiro andar do Ashley House Hotel, na frente de v\u00e1rias pessoas, ele levitou por uma janela e entrou por outra.&nbsp;<\/p>\n\n\n\n<p class=\"has-black-color has-text-color has-link-color has-small-font-size wp-elements-e0b92a5d066abe59610f44507b9337ef\">Houve tantos casos de levita\u00e7\u00e3o de Home que um longo cap\u00edtulo poderia ser escrito exclusivamente sobre essa fase de sua mediunidade. Al\u00e9m disso, eles foram atestados por tantos e t\u00e3o famosos observadores, e sob condi\u00e7\u00f5es t\u00e3o claras, que nenhum homem razo\u00e1vel poderia duvidar deles, e aqueles feitos pelo professor Crookes, que testemunhou repetidamente o fen\u00f4meno e falou sobre ele em 50 ocasi\u00f5es diferentes, teriam sido suficientes para esse prop\u00f3sito. Os secret\u00e1rios da Sociedade Real Brit\u00e2nica se recusaram a admitir as demonstra\u00e7\u00f5es dos fen\u00f4menos f\u00edsicos oferecidas por Crookes, preferindo se pronunciar fortemente contra elas.&nbsp;<\/p>\n\n\n\n<p class=\"has-black-color has-text-color has-link-color has-small-font-size wp-elements-b88e82ebf3e03f747eda9cc8d6915f0f\">H\u00e1 tamb\u00e9m outras evid\u00eancias claras nos numerosos testemunhos de pessoas na Inglaterra que fizeram investiga\u00e7\u00f5es usando Home e registraram os resultados em cartas ou declara\u00e7\u00f5es p\u00fablicas, demonstrando que estavam convencidos n\u00e3o apenas da realidade dos fen\u00f4menos, mas tamb\u00e9m de sua origem espiritual. Entre eles, merecem men\u00e7\u00e3o especial a Duquesa de Sutherland, o Dr. Robert Chambers, o Dr. Gully (de Malvern), Sir Charles Nicholson, entre outros.&nbsp;<\/p>\n\n\n\n<p class=\"has-black-color has-text-color has-link-color has-small-font-size wp-elements-a23f199567875ac4d50b1a90a2d0dbf0\">Allan Kardec conheceu pessoalmente Daniel Home em Paris, em outubro de 1855, elogiando o car\u00e1ter do m\u00e9dium, sua mod\u00e9stia, seus sentimentos nobres e sua eleva\u00e7\u00e3o de alma. O Codificador do Espiritismo sempre o defendeu dos detratores e mal\u00e9volos atrav\u00e9s da Revista Esp\u00edrita, em diferentes edi\u00e7\u00f5es ao longo dos anos.&nbsp;<\/p>\n\n\n\n<p class=\"has-black-color has-text-color has-link-color has-small-font-size wp-elements-7788b42d3dcb4daf4eeca8f093b649c1\">Kardec relata que n\u00e3o apenas Home, mas tamb\u00e9m a mesa se elevou no espa\u00e7o sem nenhum contato, e que o fen\u00f4meno n\u00e3o se deveu a um ato de vontade do m\u00e9dium. Kardec escreve que o pr\u00f3prio Home lhe disse que n\u00e3o percebeu o que estava acontecendo e que sempre pensou que estava no ch\u00e3o, a menos que olhasse para baixo.&nbsp;<\/p>\n\n\n\n<p class=\"has-black-color has-text-color has-link-color has-small-font-size wp-elements-9093054f1bcfce5fc880c85774d91cba\">Na Revista Esp\u00edrita (abril de 1858), Allan Kardec considera que as produ\u00e7\u00f5es de apari\u00e7\u00f5es de Home foram as mais extraordin\u00e1rias. Ele relata v\u00e1rios casos de forma\u00e7\u00e3o de m\u00e3os flu\u00eddicas, que em tudo se assemelhavam a m\u00e3os vivas, s\u00f3lidas e resistentes; elas apareciam e subitamente se evaporavam quando se tentava agarr\u00e1-las. Ele tamb\u00e9m menciona pianos e acorde\u00f5es que tocavam sozinhos.&nbsp;<\/p>\n\n\n\n<p class=\"has-black-color has-text-color has-link-color has-small-font-size wp-elements-3780b90be696cd6d15201576d86e7c82\">Segundo o Codificador, ele se correspondia com Home. Em 1858, quando o m\u00e9dium estava na It\u00e1lia, as cal\u00fanias lan\u00e7adas contra ele para difam\u00e1-lo afirmavam que ele estava na pris\u00e3o de Mazas. Kardec sustentou que tinha correspond\u00eancia provando que estava tranquilamente em N\u00e1poles por motivos de sa\u00fade.&nbsp;<\/p>\n\n\n\n<p class=\"has-black-color has-text-color has-link-color has-small-font-size wp-elements-8bbca8a69456ef22aa95f5bdfd2a61a9\">Na Revista Esp\u00edrita (setembro de 1863), o Codificador falou de Home: &nbsp;<\/p>\n\n\n\n<p class=\"has-black-color has-text-color has-link-color has-small-font-size wp-elements-5abe693b92715823658b3ffb9b4f91cc\"><em>\u201cNenhum m\u00e9dium produziu um conjunto de fen\u00f4menos mais admir\u00e1vel, nem sob condi\u00e7\u00f5es mais honestas, e ainda assim muitos dos que o viram trabalhar o tratam como um conjurador habilidoso\u201d.<\/em>&nbsp;<\/p>\n\n\n\n<p class=\"has-black-color has-text-color has-link-color has-small-font-size wp-elements-b83c216f53d0fc8a1acef945c03cf856\">Conan Doyle, disse sobre Home: &nbsp;<\/p>\n\n\n\n<p class=\"has-black-color has-text-color has-link-color has-small-font-size wp-elements-a403b9f1863281b49131e2e94a086357\"><em>\u201cE quando essa vida, t\u00e3o \u00fatil e t\u00e3o desinteressada, passou para outro mundo, dificilmente havia um jornal, diga-se de passagem, para o eterno insulto de nossa imprensa, que n\u00e3o chamasse Home de impostor e charlat\u00e3o. Mas est\u00e1 se aproximando o momento em que ser\u00e1 preciso reconhecer que o homem foi um dos campe\u00f5es do lento e \u00e1rduo progresso da humanidade atrav\u00e9s da ignor\u00e2ncia\u201d.<\/em>&nbsp;<\/p>\n<\/div><\/div>\n\n\n\n<div class=\"wp-block-uagb-container uagb-block-5c7ab7ba alignfull uagb-is-root-container\"><div class=\"uagb-container-inner-blocks-wrap\"><\/div><\/div>\n\n\n\n<div class=\"wp-block-uagb-container uagb-block-7e34ba38 alignfull uagb-is-root-container\"><div class=\"uagb-container-inner-blocks-wrap\"><\/div><\/div>","protected":false},"excerpt":{"rendered":"<p>Daniel Dunglas Home Daniel Dunglas Home, famoso m\u00e9dium brit\u00e1nico. Naci\u00f3 el 15 de marzo de 1833 en Escocia y desencarn\u00f3 el 21 de junio de 1886 en Francia. Se cas\u00f3 en Rusia en el a\u00f1o 1856 con Alexandrina Kroll, hermana de la condesa Kouchelew-Bezborodko.&nbsp; A los trece a\u00f1os comenz\u00f3 a dar se\u00f1ales de facultades ps\u00edquicas. [&hellip;]<\/p>","protected":false},"author":1,"featured_media":0,"parent":0,"menu_order":0,"comment_status":"closed","ping_status":"closed","template":"","meta":{"_uag_custom_page_level_css":"","site-sidebar-layout":"default","site-content-layout":"","ast-site-content-layout":"default","site-content-style":"default","site-sidebar-style":"default","ast-global-header-display":"","ast-banner-title-visibility":"","ast-main-header-display":"","ast-hfb-above-header-display":"","ast-hfb-below-header-display":"","ast-hfb-mobile-header-display":"","site-post-title":"disabled","ast-breadcrumbs-content":"","ast-featured-img":"","footer-sml-layout":"","theme-transparent-header-meta":"","adv-header-id-meta":"","stick-header-meta":"","header-above-stick-meta":"","header-main-stick-meta":"","header-below-stick-meta":"","astra-migrate-meta-layouts":"set","ast-page-background-enabled":"default","ast-page-background-meta":{"desktop":{"background-color":"var(--ast-global-color-4)","background-image":"","background-repeat":"repeat","background-position":"center center","background-size":"auto","background-attachment":"scroll","background-type":"","background-media":"","overlay-type":"","overlay-color":"","overlay-opacity":"","overlay-gradient":""},"tablet":{"background-color":"","background-image":"","background-repeat":"repeat","background-position":"center center","background-size":"auto","background-attachment":"scroll","background-type":"","background-media":"","overlay-type":"","overlay-color":"","overlay-opacity":"","overlay-gradient":""},"mobile":{"background-color":"","background-image":"","background-repeat":"repeat","background-position":"center center","background-size":"auto","background-attachment":"scroll","background-type":"","background-media":"","overlay-type":"","overlay-color":"","overlay-opacity":"","overlay-gradient":""}},"ast-content-background-meta":{"desktop":{"background-color":"var(--ast-global-color-5)","background-image":"","background-repeat":"repeat","background-position":"center center","background-size":"auto","background-attachment":"scroll","background-type":"","background-media":"","overlay-type":"","overlay-color":"","overlay-opacity":"","overlay-gradient":""},"tablet":{"background-color":"var(--ast-global-color-5)","background-image":"","background-repeat":"repeat","background-position":"center center","background-size":"auto","background-attachment":"scroll","background-type":"","background-media":"","overlay-type":"","overlay-color":"","overlay-opacity":"","overlay-gradient":""},"mobile":{"background-color":"var(--ast-global-color-5)","background-image":"","background-repeat":"repeat","background-position":"center center","background-size":"auto","background-attachment":"scroll","background-type":"","background-media":"","overlay-type":"","overlay-color":"","overlay-opacity":"","overlay-gradient":""}},"footnotes":""},"class_list":["post-3058","page","type-page","status-publish","hentry"],"yoast_head":"<!-- This site is optimized with the Yoast SEO Premium plugin v24.2 (Yoast SEO v24.6) - https:\/\/yoast.com\/wordpress\/plugins\/seo\/ -->\n<title>Daniel Dunglas Home - Uni\u00f3n Esp\u00edrita<\/title>\n<meta name=\"robots\" content=\"index, follow, max-snippet:-1, max-image-preview:large, max-video-preview:-1\" \/>\n<link rel=\"canonical\" href=\"https:\/\/nuevo-renacer.com\/pt\/daniel-dunglas-home\/\" \/>\n<meta property=\"og:locale\" content=\"pt_BR\" \/>\n<meta property=\"og:type\" content=\"article\" \/>\n<meta property=\"og:title\" content=\"Daniel Dunglas Home\" \/>\n<meta property=\"og:description\" content=\"Daniel Dunglas Home Daniel Dunglas Home, famoso m\u00e9dium brit\u00e1nico. Naci\u00f3 el 15 de marzo de 1833 en Escocia y desencarn\u00f3 el 21 de junio de 1886 en Francia. Se cas\u00f3 en Rusia en el a\u00f1o 1856 con Alexandrina Kroll, hermana de la condesa Kouchelew-Bezborodko.&nbsp; A los trece a\u00f1os comenz\u00f3 a dar se\u00f1ales de facultades ps\u00edquicas. [&hellip;]\" \/>\n<meta property=\"og:url\" content=\"https:\/\/nuevo-renacer.com\/pt\/daniel-dunglas-home\/\" \/>\n<meta property=\"og:site_name\" content=\"Uni\u00f3n Esp\u00edrita\" \/>\n<meta property=\"article:publisher\" content=\"https:\/\/www.facebook.com\/groups\/3431398063740829\" \/>\n<meta property=\"article:modified_time\" content=\"2026-04-20T18:30:14+00:00\" \/>\n<meta property=\"og:image\" content=\"https:\/\/nuevo-renacer.com\/wp-content\/uploads\/2026\/04\/Daniel_Dunglas_Home.jpg\" \/>\n<meta name=\"twitter:card\" content=\"summary_large_image\" \/>\n<meta name=\"twitter:label1\" content=\"Est. tempo de leitura\" \/>\n\t<meta name=\"twitter:data1\" content=\"5 minutos\" \/>\n<script type=\"application\/ld+json\" class=\"yoast-schema-graph\">{\"@context\":\"https:\/\/schema.org\",\"@graph\":[{\"@type\":\"WebPage\",\"@id\":\"https:\/\/nuevo-renacer.com\/daniel-dunglas-home\/\",\"url\":\"https:\/\/nuevo-renacer.com\/daniel-dunglas-home\/\",\"name\":\"Daniel Dunglas Home - Uni\u00f3n Esp\u00edrita\",\"isPartOf\":{\"@id\":\"https:\/\/nuevo-renacer.com\/#website\"},\"primaryImageOfPage\":{\"@id\":\"https:\/\/nuevo-renacer.com\/daniel-dunglas-home\/#primaryimage\"},\"image\":{\"@id\":\"https:\/\/nuevo-renacer.com\/daniel-dunglas-home\/#primaryimage\"},\"thumbnailUrl\":\"https:\/\/nuevo-renacer.com\/wp-content\/uploads\/2026\/04\/Daniel_Dunglas_Home.jpg\",\"datePublished\":\"2024-07-06T11:14:45+00:00\",\"dateModified\":\"2026-04-20T18:30:14+00:00\",\"breadcrumb\":{\"@id\":\"https:\/\/nuevo-renacer.com\/daniel-dunglas-home\/#breadcrumb\"},\"inLanguage\":\"pt-BR\",\"potentialAction\":[{\"@type\":\"ReadAction\",\"target\":[\"https:\/\/nuevo-renacer.com\/daniel-dunglas-home\/\"]}]},{\"@type\":\"ImageObject\",\"inLanguage\":\"pt-BR\",\"@id\":\"https:\/\/nuevo-renacer.com\/daniel-dunglas-home\/#primaryimage\",\"url\":\"https:\/\/nuevo-renacer.com\/wp-content\/uploads\/2026\/04\/Daniel_Dunglas_Home.jpg\",\"contentUrl\":\"https:\/\/nuevo-renacer.com\/wp-content\/uploads\/2026\/04\/Daniel_Dunglas_Home.jpg\"},{\"@type\":\"BreadcrumbList\",\"@id\":\"https:\/\/nuevo-renacer.com\/daniel-dunglas-home\/#breadcrumb\",\"itemListElement\":[{\"@type\":\"ListItem\",\"position\":1,\"name\":\"Startseite\",\"item\":\"https:\/\/nuevo-renacer.com\/\"},{\"@type\":\"ListItem\",\"position\":2,\"name\":\"Daniel Dunglas Home\"}]},{\"@type\":\"WebSite\",\"@id\":\"https:\/\/nuevo-renacer.com\/#website\",\"url\":\"https:\/\/nuevo-renacer.com\/\",\"name\":\"Uni\u00f3n Esp\u00edrita\",\"description\":\"Nuevo Renacer\",\"publisher\":{\"@id\":\"https:\/\/nuevo-renacer.com\/#organization\"},\"potentialAction\":[{\"@type\":\"SearchAction\",\"target\":{\"@type\":\"EntryPoint\",\"urlTemplate\":\"https:\/\/nuevo-renacer.com\/?s={search_term_string}\"},\"query-input\":{\"@type\":\"PropertyValueSpecification\",\"valueRequired\":true,\"valueName\":\"search_term_string\"}}],\"inLanguage\":\"pt-BR\"},{\"@type\":\"Organization\",\"@id\":\"https:\/\/nuevo-renacer.com\/#organization\",\"name\":\"UFEC\",\"url\":\"https:\/\/nuevo-renacer.com\/\",\"logo\":{\"@type\":\"ImageObject\",\"inLanguage\":\"pt-BR\",\"@id\":\"https:\/\/nuevo-renacer.com\/#\/schema\/logo\/image\/\",\"url\":\"https:\/\/nuevo-renacer.com\/wp-content\/uploads\/2024\/05\/cropped-LOGO-TERMINADO1-3-3.png\",\"contentUrl\":\"https:\/\/nuevo-renacer.com\/wp-content\/uploads\/2024\/05\/cropped-LOGO-TERMINADO1-3-3.png\",\"width\":512,\"height\":512,\"caption\":\"UFEC\"},\"image\":{\"@id\":\"https:\/\/nuevo-renacer.com\/#\/schema\/logo\/image\/\"},\"sameAs\":[\"https:\/\/www.facebook.com\/groups\/3431398063740829\"]}]}<\/script>\n<!-- \/ Yoast SEO Premium plugin. -->","yoast_head_json":{"title":"Daniel Dunglas Home - Uni\u00f3n Esp\u00edrita","robots":{"index":"index","follow":"follow","max-snippet":"max-snippet:-1","max-image-preview":"max-image-preview:large","max-video-preview":"max-video-preview:-1"},"canonical":"https:\/\/nuevo-renacer.com\/pt\/daniel-dunglas-home\/","og_locale":"pt_BR","og_type":"article","og_title":"Daniel Dunglas Home","og_description":"Daniel Dunglas Home Daniel Dunglas Home, famoso m\u00e9dium brit\u00e1nico. Naci\u00f3 el 15 de marzo de 1833 en Escocia y desencarn\u00f3 el 21 de junio de 1886 en Francia. Se cas\u00f3 en Rusia en el a\u00f1o 1856 con Alexandrina Kroll, hermana de la condesa Kouchelew-Bezborodko.&nbsp; A los trece a\u00f1os comenz\u00f3 a dar se\u00f1ales de facultades ps\u00edquicas. [&hellip;]","og_url":"https:\/\/nuevo-renacer.com\/pt\/daniel-dunglas-home\/","og_site_name":"Uni\u00f3n Esp\u00edrita","article_publisher":"https:\/\/www.facebook.com\/groups\/3431398063740829","article_modified_time":"2026-04-20T18:30:14+00:00","og_image":[{"url":"https:\/\/nuevo-renacer.com\/wp-content\/uploads\/2026\/04\/Daniel_Dunglas_Home.jpg","type":"","width":"","height":""}],"twitter_card":"summary_large_image","twitter_misc":{"Est. tempo de leitura":"5 minutos"},"schema":{"@context":"https:\/\/schema.org","@graph":[{"@type":"WebPage","@id":"https:\/\/nuevo-renacer.com\/daniel-dunglas-home\/","url":"https:\/\/nuevo-renacer.com\/daniel-dunglas-home\/","name":"Daniel Dunglas Home - Uni\u00f3n Esp\u00edrita","isPartOf":{"@id":"https:\/\/nuevo-renacer.com\/#website"},"primaryImageOfPage":{"@id":"https:\/\/nuevo-renacer.com\/daniel-dunglas-home\/#primaryimage"},"image":{"@id":"https:\/\/nuevo-renacer.com\/daniel-dunglas-home\/#primaryimage"},"thumbnailUrl":"https:\/\/nuevo-renacer.com\/wp-content\/uploads\/2026\/04\/Daniel_Dunglas_Home.jpg","datePublished":"2024-07-06T11:14:45+00:00","dateModified":"2026-04-20T18:30:14+00:00","breadcrumb":{"@id":"https:\/\/nuevo-renacer.com\/daniel-dunglas-home\/#breadcrumb"},"inLanguage":"pt-BR","potentialAction":[{"@type":"ReadAction","target":["https:\/\/nuevo-renacer.com\/daniel-dunglas-home\/"]}]},{"@type":"ImageObject","inLanguage":"pt-BR","@id":"https:\/\/nuevo-renacer.com\/daniel-dunglas-home\/#primaryimage","url":"https:\/\/nuevo-renacer.com\/wp-content\/uploads\/2026\/04\/Daniel_Dunglas_Home.jpg","contentUrl":"https:\/\/nuevo-renacer.com\/wp-content\/uploads\/2026\/04\/Daniel_Dunglas_Home.jpg"},{"@type":"BreadcrumbList","@id":"https:\/\/nuevo-renacer.com\/daniel-dunglas-home\/#breadcrumb","itemListElement":[{"@type":"ListItem","position":1,"name":"Startseite","item":"https:\/\/nuevo-renacer.com\/"},{"@type":"ListItem","position":2,"name":"Daniel Dunglas Home"}]},{"@type":"WebSite","@id":"https:\/\/nuevo-renacer.com\/#website","url":"https:\/\/nuevo-renacer.com\/","name":"Uni\u00f3n Esp\u00edrita","description":"Nuevo Renacer","publisher":{"@id":"https:\/\/nuevo-renacer.com\/#organization"},"potentialAction":[{"@type":"SearchAction","target":{"@type":"EntryPoint","urlTemplate":"https:\/\/nuevo-renacer.com\/?s={search_term_string}"},"query-input":{"@type":"PropertyValueSpecification","valueRequired":true,"valueName":"search_term_string"}}],"inLanguage":"pt-BR"},{"@type":"Organization","@id":"https:\/\/nuevo-renacer.com\/#organization","name":"UFEC","url":"https:\/\/nuevo-renacer.com\/","logo":{"@type":"ImageObject","inLanguage":"pt-BR","@id":"https:\/\/nuevo-renacer.com\/#\/schema\/logo\/image\/","url":"https:\/\/nuevo-renacer.com\/wp-content\/uploads\/2024\/05\/cropped-LOGO-TERMINADO1-3-3.png","contentUrl":"https:\/\/nuevo-renacer.com\/wp-content\/uploads\/2024\/05\/cropped-LOGO-TERMINADO1-3-3.png","width":512,"height":512,"caption":"UFEC"},"image":{"@id":"https:\/\/nuevo-renacer.com\/#\/schema\/logo\/image\/"},"sameAs":["https:\/\/www.facebook.com\/groups\/3431398063740829"]}]}},"uagb_featured_image_src":{"full":false,"thumbnail":false,"medium":false,"medium_large":false,"large":false,"1536x1536":false,"2048x2048":false,"trp-custom-language-flag":false},"uagb_author_info":{"display_name":"adbv0","author_link":"https:\/\/nuevo-renacer.com\/pt\/author\/adbv0\/"},"uagb_comment_info":0,"uagb_excerpt":"Daniel Dunglas Home Daniel Dunglas Home, famoso m\u00e9dium brit\u00e1nico. Naci\u00f3 el 15 de marzo de 1833 en Escocia y desencarn\u00f3 el 21 de junio de 1886 en Francia. Se cas\u00f3 en Rusia en el a\u00f1o 1856 con Alexandrina Kroll, hermana de la condesa Kouchelew-Bezborodko.&nbsp; A los trece a\u00f1os comenz\u00f3 a dar se\u00f1ales de facultades ps\u00edquicas.&hellip;","jetpack_sharing_enabled":true,"_links":{"self":[{"href":"https:\/\/nuevo-renacer.com\/pt\/wp-json\/wp\/v2\/pages\/3058","targetHints":{"allow":["GET"]}}],"collection":[{"href":"https:\/\/nuevo-renacer.com\/pt\/wp-json\/wp\/v2\/pages"}],"about":[{"href":"https:\/\/nuevo-renacer.com\/pt\/wp-json\/wp\/v2\/types\/page"}],"author":[{"embeddable":true,"href":"https:\/\/nuevo-renacer.com\/pt\/wp-json\/wp\/v2\/users\/1"}],"replies":[{"embeddable":true,"href":"https:\/\/nuevo-renacer.com\/pt\/wp-json\/wp\/v2\/comments?post=3058"}],"version-history":[{"count":6,"href":"https:\/\/nuevo-renacer.com\/pt\/wp-json\/wp\/v2\/pages\/3058\/revisions"}],"predecessor-version":[{"id":8875,"href":"https:\/\/nuevo-renacer.com\/pt\/wp-json\/wp\/v2\/pages\/3058\/revisions\/8875"}],"wp:attachment":[{"href":"https:\/\/nuevo-renacer.com\/pt\/wp-json\/wp\/v2\/media?parent=3058"}],"curies":[{"name":"wp","href":"https:\/\/api.w.org\/{rel}","templated":true}]}}