{"id":3047,"date":"2024-07-06T11:02:39","date_gmt":"2024-07-06T11:02:39","guid":{"rendered":"https:\/\/ufec-mundial.com\/?page_id=3047"},"modified":"2025-06-13T10:00:24","modified_gmt":"2025-06-13T10:00:24","slug":"colombia-montoya-de-martinez","status":"publish","type":"page","link":"https:\/\/nuevo-renacer.com\/pt\/colombia-montoya-de-martinez\/","title":{"rendered":"Colombia Montoya de Martinez"},"content":{"rendered":"<div class=\"wp-block-uagb-container uagb-block-9ef09f9b alignfull uagb-is-root-container\"><div class=\"uagb-container-inner-blocks-wrap\">\n<p class=\"has-black-color has-text-color has-link-color has-medium-font-size wp-elements-2b4a66791fd76f5764e2ed4156ad54c6\"><strong>Colombia Montoya de Martinez<\/strong>&nbsp;&nbsp;<\/p>\n<\/div><\/div>\n\n\n\n<div class=\"wp-block-uagb-container uagb-block-85b31f4c alignfull uagb-is-root-container\"><div class=\"uagb-container-inner-blocks-wrap\">\n<div class=\"wp-block-uagb-image alignleft uagb-block-a19666d3 wp-block-uagb-image--layout-default wp-block-uagb-image--effect-static wp-block-uagb-image--align-left\"><figure class=\"wp-block-uagb-image__figure\"><img loading=\"lazy\" decoding=\"async\" srcset=\"https:\/\/nuevo-renacer.com\/wp-content\/uploads\/2024\/07\/colombia_montoya-1.jpg ,https:\/\/nuevo-renacer.com\/wp-content\/uploads\/2024\/07\/colombia_montoya-1.jpg 780w, https:\/\/nuevo-renacer.com\/wp-content\/uploads\/2024\/07\/colombia_montoya-1.jpg 360w\" sizes=\"auto, (max-width: 480px) 150px\" src=\"https:\/\/nuevo-renacer.com\/wp-content\/uploads\/2024\/07\/colombia_montoya-1.jpg\" alt=\"\" class=\"uag-image-3222\" width=\"184\" height=\"234\" title=\"\" role=\"img\"\/><\/figure><\/div>\n<\/div><\/div>\n\n\n\n<div class=\"wp-block-uagb-container uagb-block-3b8c0191 alignfull uagb-is-root-container\"><div class=\"uagb-container-inner-blocks-wrap\">\n<p class=\"has-black-color has-text-color has-link-color has-small-font-size wp-elements-09ca7ed90dc091502bb773faad2b1714\">Colombia Montoya de Martinez nasceu em Siquirres, Costa Rica, em 23 de julho de 1925 e desencarnou em Bogot\u00e1, Col\u00f4mbia, em 25 de maio de 2012.&nbsp;<\/p>\n\n\n\n<p class=\"has-black-color has-text-color has-link-color has-small-font-size wp-elements-949f15529440743829e83ddf5b503087\">Pioneira, l\u00edder e incans\u00e1vel trabalhadora do movimento esp\u00edrita colombiano. Dona Col\u00f4mbia, que por mais de 50 anos desenvolveu no pa\u00eds uma louv\u00e1vel e tenaz atividade em prol da organiza\u00e7\u00e3o, crescimento e desenvolvimento do Espiritismo na Col\u00f4mbia, contribuindo tamb\u00e9m para sua divulga\u00e7\u00e3o atrav\u00e9s de diversos meios de comunica\u00e7\u00e3o, trabalho que realizou a partir de sua institui\u00e7\u00e3o esp\u00edrita, o \u201cC\u00edrculo de Fuerzas Amigas\u201d, bem como do Conselho Esp\u00edrita de Rela\u00e7\u00f5es Colombianas CERCOL e, nos \u00faltimos anos, da Federa\u00e7\u00e3o Esp\u00edrita de Cundinamarca.&nbsp;<\/p>\n\n\n\n<p class=\"has-black-color has-text-color has-link-color has-small-font-size wp-elements-bb4b4563cb520acf9df66558408bcadf\">Como esp\u00edrita, destacou-se como conferencista e oradora inspiradora, m\u00e9dium vidente e psicof\u00f4nica, escritora e colunista permanente, cujos escritos orientadores e enriquecedores foram publicados em in\u00fameros meios de comunica\u00e7\u00e3o esp\u00edritas nacionais e internacionais. Durante muitos anos, na qualidade de secret\u00e1ria geral do Conselho de Rela\u00e7\u00f5es Esp\u00edritas da Col\u00f4mbia, tornou-se coordenadora do movimento esp\u00edrita nacional e das rela\u00e7\u00f5es internacionais, estabelecendo correspond\u00eancia e la\u00e7os fraternos com dirigentes e organiza\u00e7\u00f5es esp\u00edritas do Brasil, Argentina, Venezuela, Espanha, M\u00e9xico, Estados Unidos, Porto Rico, Rep\u00fablica Dominicana, entre outros, realizando os primeiros contatos para a visita ao nosso pa\u00eds de destacados oradores, escritores e m\u00e9diuns de envergadura internacional, como Divaldo Pereira Franco, Juan Durante, Pedro A. Barboza de la Torre, Jon Jon Jonaldo Pereira Franco, Juan Durante, Pedro A. Barboza de la Torre, Jonaldo Pereira de la Torre, Juan A. Barboza de la Torre, Juan A. Barboza de la Torre, Juan A. Barboza de la Torre e Juan A. Barboza de la Torre. Barboza de la Torre, Jon Aizp\u00farua, Hermas Culzoni, Humberto Mariotti, Natalio Ceccarini, Benjam\u00edn Rodr\u00edguez e muitos outros que contribu\u00edram para a orienta\u00e7\u00e3o do ent\u00e3o crescente movimento esp\u00edrita colombiano.&nbsp;<\/p>\n\n\n\n<p class=\"has-black-color has-text-color has-link-color has-small-font-size wp-elements-a9715511da5e3f1c2008b8a47ca608c5\">Foi autora do livro \u201cHist\u00f3ria do Espiritismo na Col\u00f4mbia\u201d, no qual registrou as datas, as circunst\u00e2ncias, os acontecimentos e os atores mais destacados e determinantes naquele processo inicial de orienta\u00e7\u00e3o e crescimento do Espiritismo na Col\u00f4mbia, destacando os primeiros eventos esp\u00edritas locais, regionais e nacionais, realizados sob os ausp\u00edcios e a coordena\u00e7\u00e3o do CERCOL, com a valiosa presen\u00e7a dos trabalhadores esp\u00edritas estrangeiros j\u00e1 mencionados, entre muitos outros, al\u00e9m da participa\u00e7\u00e3o de dirigentes e trabalhadores esp\u00edritas nacionais que, ao longo dos anos, foram surgindo e se formando nas diferentes cidades e regi\u00f5es do pa\u00eds. Olhando para o futuro, Dona Col\u00f4mbia estava especialmente comprometida com a promo\u00e7\u00e3o da juventude esp\u00edrita, estimulando muitos jovens a se formarem como trabalhadores, l\u00edderes e oradores em diferentes regi\u00f5es da Col\u00f4mbia. Igualmente importantes foram seus v\u00ednculos e encontros com Do\u00f1a Ana Fuentes de Cardona, a lembrada dirigente e trabalhadora esp\u00edrita de Cartagena, de cujo relacionamento surgiram importantes diretrizes e conquistas em favor do Espiritismo na Costa Atl\u00e2ntica e no pa\u00eds.&nbsp;<\/p>\n\n\n\n<p class=\"has-black-color has-text-color has-link-color has-small-font-size wp-elements-d99d35caae9aadf81e64b8e6d43381c1\">Em suas in\u00fameras atividades esp\u00edritas sempre contou com o apoio firme e incondicional de seu marido, o major reformado Jos\u00e9 Joaqu\u00edn Mart\u00ednez, membro do CERCOL e que durante v\u00e1rios anos foi o delegado para a Col\u00f4mbia da Confedera\u00e7\u00e3o Esp\u00edrita Pan-Americana CEPA, entidade com a qual mantinha la\u00e7os de filia\u00e7\u00e3o e cujos dirigentes visitaram nosso pa\u00eds em in\u00fameras ocasi\u00f5es.&nbsp;<\/p>\n\n\n\n<p class=\"has-black-color has-text-color has-link-color has-small-font-size wp-elements-b545eb83c0454c99e9ff65e77864be9c\">O que essa trabalhadora esp\u00edrita representou para o movimento esp\u00edrita colombiano n\u00e3o poderia estar melhor indicado em seu pr\u00f3prio nome: \u201cCol\u00f4mbia\u201d, o que certamente, mais do que uma coincid\u00eancia, obedeceria a uma previs\u00e3o do mundo espiritual, com rela\u00e7\u00e3o ao trabalho programado e que de fato realizou na Col\u00f4mbia.&nbsp;<\/p>\n\n\n\n<p class=\"has-black-color has-text-color has-link-color has-small-font-size wp-elements-06789bcdb21f31862f2252405265c6e5\">Seriam in\u00fameras as p\u00e1ginas a serem escritas para registrar todo o extenso trabalho esp\u00edrita de Dona Col\u00f4mbia durante toda a sua carreira, trabalho de compila\u00e7\u00e3o e reda\u00e7\u00e3o que permanece pendente; oremos pelo seu bom retorno e coloca\u00e7\u00e3o na P\u00e1tria Espiritual, enviando-lhe nossas melhores vibra\u00e7\u00f5es de amor e paz, e nossos sinceros agradecimentos por sua amizade e seu louv\u00e1vel trabalho a servi\u00e7o do Espiritismo na Col\u00f4mbia.&nbsp;<\/p>\n<\/div><\/div>\n\n\n\n<div class=\"wp-block-uagb-container uagb-block-df419b3c alignfull uagb-is-root-container\"><div class=\"uagb-container-inner-blocks-wrap\"><\/div><\/div>\n\n\n\n<div class=\"wp-block-uagb-container uagb-block-f599ad28 alignfull uagb-is-root-container\"><div class=\"uagb-container-inner-blocks-wrap\"><\/div><\/div>","protected":false},"excerpt":{"rendered":"<p>Colombia Montoya de Martinez&nbsp;&nbsp; Colombia Montoya de Martinez naci\u00f3 en Siquirres, Costa Rica, el 23 de julio de 1925 y desencarn\u00f3 en Bogot\u00e1, Colombia, el 25 de mayo de 2012.&nbsp; Pionera, l\u00edder e incansable trabajadora del movimiento esp\u00edrita colombiano. Do\u00f1a Colombia quien durante m\u00e1s de 50 a\u00f1os desarroll\u00f3 en el pa\u00eds una encomiable y tesonera [&hellip;]<\/p>","protected":false},"author":1,"featured_media":0,"parent":0,"menu_order":0,"comment_status":"closed","ping_status":"closed","template":"","meta":{"_uag_custom_page_level_css":"","site-sidebar-layout":"default","site-content-layout":"","ast-site-content-layout":"default","site-content-style":"default","site-sidebar-style":"default","ast-global-header-display":"","ast-banner-title-visibility":"","ast-main-header-display":"","ast-hfb-above-header-display":"","ast-hfb-below-header-display":"","ast-hfb-mobile-header-display":"","site-post-title":"disabled","ast-breadcrumbs-content":"","ast-featured-img":"","footer-sml-layout":"","theme-transparent-header-meta":"","adv-header-id-meta":"","stick-header-meta":"","header-above-stick-meta":"","header-main-stick-meta":"","header-below-stick-meta":"","astra-migrate-meta-layouts":"set","ast-page-background-enabled":"default","ast-page-background-meta":{"desktop":{"background-color":"var(--ast-global-color-4)","background-image":"","background-repeat":"repeat","background-position":"center center","background-size":"auto","background-attachment":"scroll","background-type":"","background-media":"","overlay-type":"","overlay-color":"","overlay-opacity":"","overlay-gradient":""},"tablet":{"background-color":"","background-image":"","background-repeat":"repeat","background-position":"center center","background-size":"auto","background-attachment":"scroll","background-type":"","background-media":"","overlay-type":"","overlay-color":"","overlay-opacity":"","overlay-gradient":""},"mobile":{"background-color":"","background-image":"","background-repeat":"repeat","background-position":"center center","background-size":"auto","background-attachment":"scroll","background-type":"","background-media":"","overlay-type":"","overlay-color":"","overlay-opacity":"","overlay-gradient":""}},"ast-content-background-meta":{"desktop":{"background-color":"var(--ast-global-color-5)","background-image":"","background-repeat":"repeat","background-position":"center center","background-size":"auto","background-attachment":"scroll","background-type":"","background-media":"","overlay-type":"","overlay-color":"","overlay-opacity":"","overlay-gradient":""},"tablet":{"background-color":"var(--ast-global-color-5)","background-image":"","background-repeat":"repeat","background-position":"center center","background-size":"auto","background-attachment":"scroll","background-type":"","background-media":"","overlay-type":"","overlay-color":"","overlay-opacity":"","overlay-gradient":""},"mobile":{"background-color":"var(--ast-global-color-5)","background-image":"","background-repeat":"repeat","background-position":"center center","background-size":"auto","background-attachment":"scroll","background-type":"","background-media":"","overlay-type":"","overlay-color":"","overlay-opacity":"","overlay-gradient":""}},"footnotes":""},"class_list":["post-3047","page","type-page","status-publish","hentry"],"yoast_head":"<!-- This site is optimized with the Yoast SEO Premium plugin v24.2 (Yoast SEO v24.6) - https:\/\/yoast.com\/wordpress\/plugins\/seo\/ -->\n<title>Colombia Montoya de Martinez - Uni\u00f3n Esp\u00edrita<\/title>\n<meta name=\"robots\" content=\"index, follow, max-snippet:-1, max-image-preview:large, max-video-preview:-1\" \/>\n<link rel=\"canonical\" href=\"https:\/\/nuevo-renacer.com\/pt\/colombia-montoya-de-martinez\/\" \/>\n<meta property=\"og:locale\" content=\"pt_BR\" \/>\n<meta property=\"og:type\" content=\"article\" \/>\n<meta property=\"og:title\" content=\"Colombia Montoya de Martinez\" \/>\n<meta property=\"og:description\" content=\"Colombia Montoya de Martinez&nbsp;&nbsp; Colombia Montoya de Martinez naci\u00f3 en Siquirres, Costa Rica, el 23 de julio de 1925 y desencarn\u00f3 en Bogot\u00e1, Colombia, el 25 de mayo de 2012.&nbsp; Pionera, l\u00edder e incansable trabajadora del movimiento esp\u00edrita colombiano. Do\u00f1a Colombia quien durante m\u00e1s de 50 a\u00f1os desarroll\u00f3 en el pa\u00eds una encomiable y tesonera [&hellip;]\" \/>\n<meta property=\"og:url\" content=\"https:\/\/nuevo-renacer.com\/pt\/colombia-montoya-de-martinez\/\" \/>\n<meta property=\"og:site_name\" content=\"Uni\u00f3n Esp\u00edrita\" \/>\n<meta property=\"article:publisher\" content=\"https:\/\/www.facebook.com\/groups\/3431398063740829\" \/>\n<meta property=\"article:modified_time\" content=\"2025-06-13T10:00:24+00:00\" \/>\n<meta property=\"og:image\" content=\"https:\/\/nuevo-renacer.com\/wp-content\/uploads\/2024\/07\/colombia_montoya-1.jpg\" \/>\n<meta name=\"twitter:card\" content=\"summary_large_image\" \/>\n<meta name=\"twitter:label1\" content=\"Est. tempo de leitura\" \/>\n\t<meta name=\"twitter:data1\" content=\"4 minutos\" \/>\n<script type=\"application\/ld+json\" class=\"yoast-schema-graph\">{\"@context\":\"https:\/\/schema.org\",\"@graph\":[{\"@type\":\"WebPage\",\"@id\":\"https:\/\/nuevo-renacer.com\/colombia-montoya-de-martinez\/\",\"url\":\"https:\/\/nuevo-renacer.com\/colombia-montoya-de-martinez\/\",\"name\":\"Colombia Montoya de Martinez - Uni\u00f3n Esp\u00edrita\",\"isPartOf\":{\"@id\":\"https:\/\/nuevo-renacer.com\/#website\"},\"primaryImageOfPage\":{\"@id\":\"https:\/\/nuevo-renacer.com\/colombia-montoya-de-martinez\/#primaryimage\"},\"image\":{\"@id\":\"https:\/\/nuevo-renacer.com\/colombia-montoya-de-martinez\/#primaryimage\"},\"thumbnailUrl\":\"https:\/\/nuevo-renacer.com\/wp-content\/uploads\/2024\/07\/colombia_montoya-1.jpg\",\"datePublished\":\"2024-07-06T11:02:39+00:00\",\"dateModified\":\"2025-06-13T10:00:24+00:00\",\"breadcrumb\":{\"@id\":\"https:\/\/nuevo-renacer.com\/colombia-montoya-de-martinez\/#breadcrumb\"},\"inLanguage\":\"pt-BR\",\"potentialAction\":[{\"@type\":\"ReadAction\",\"target\":[\"https:\/\/nuevo-renacer.com\/colombia-montoya-de-martinez\/\"]}]},{\"@type\":\"ImageObject\",\"inLanguage\":\"pt-BR\",\"@id\":\"https:\/\/nuevo-renacer.com\/colombia-montoya-de-martinez\/#primaryimage\",\"url\":\"https:\/\/nuevo-renacer.com\/wp-content\/uploads\/2024\/07\/colombia_montoya-1.jpg\",\"contentUrl\":\"https:\/\/nuevo-renacer.com\/wp-content\/uploads\/2024\/07\/colombia_montoya-1.jpg\"},{\"@type\":\"BreadcrumbList\",\"@id\":\"https:\/\/nuevo-renacer.com\/colombia-montoya-de-martinez\/#breadcrumb\",\"itemListElement\":[{\"@type\":\"ListItem\",\"position\":1,\"name\":\"Startseite\",\"item\":\"https:\/\/nuevo-renacer.com\/\"},{\"@type\":\"ListItem\",\"position\":2,\"name\":\"Colombia Montoya de Martinez\"}]},{\"@type\":\"WebSite\",\"@id\":\"https:\/\/nuevo-renacer.com\/#website\",\"url\":\"https:\/\/nuevo-renacer.com\/\",\"name\":\"Uni\u00f3n Esp\u00edrita\",\"description\":\"Nuevo Renacer\",\"publisher\":{\"@id\":\"https:\/\/nuevo-renacer.com\/#organization\"},\"potentialAction\":[{\"@type\":\"SearchAction\",\"target\":{\"@type\":\"EntryPoint\",\"urlTemplate\":\"https:\/\/nuevo-renacer.com\/?s={search_term_string}\"},\"query-input\":{\"@type\":\"PropertyValueSpecification\",\"valueRequired\":true,\"valueName\":\"search_term_string\"}}],\"inLanguage\":\"pt-BR\"},{\"@type\":\"Organization\",\"@id\":\"https:\/\/nuevo-renacer.com\/#organization\",\"name\":\"UFEC\",\"url\":\"https:\/\/nuevo-renacer.com\/\",\"logo\":{\"@type\":\"ImageObject\",\"inLanguage\":\"pt-BR\",\"@id\":\"https:\/\/nuevo-renacer.com\/#\/schema\/logo\/image\/\",\"url\":\"https:\/\/nuevo-renacer.com\/wp-content\/uploads\/2024\/05\/cropped-LOGO-TERMINADO1-3-3.png\",\"contentUrl\":\"https:\/\/nuevo-renacer.com\/wp-content\/uploads\/2024\/05\/cropped-LOGO-TERMINADO1-3-3.png\",\"width\":512,\"height\":512,\"caption\":\"UFEC\"},\"image\":{\"@id\":\"https:\/\/nuevo-renacer.com\/#\/schema\/logo\/image\/\"},\"sameAs\":[\"https:\/\/www.facebook.com\/groups\/3431398063740829\"]}]}<\/script>\n<!-- \/ Yoast SEO Premium plugin. -->","yoast_head_json":{"title":"Colombia Montoya de Martinez - Uni\u00f3n Esp\u00edrita","robots":{"index":"index","follow":"follow","max-snippet":"max-snippet:-1","max-image-preview":"max-image-preview:large","max-video-preview":"max-video-preview:-1"},"canonical":"https:\/\/nuevo-renacer.com\/pt\/colombia-montoya-de-martinez\/","og_locale":"pt_BR","og_type":"article","og_title":"Colombia Montoya de Martinez","og_description":"Colombia Montoya de Martinez&nbsp;&nbsp; Colombia Montoya de Martinez naci\u00f3 en Siquirres, Costa Rica, el 23 de julio de 1925 y desencarn\u00f3 en Bogot\u00e1, Colombia, el 25 de mayo de 2012.&nbsp; Pionera, l\u00edder e incansable trabajadora del movimiento esp\u00edrita colombiano. Do\u00f1a Colombia quien durante m\u00e1s de 50 a\u00f1os desarroll\u00f3 en el pa\u00eds una encomiable y tesonera [&hellip;]","og_url":"https:\/\/nuevo-renacer.com\/pt\/colombia-montoya-de-martinez\/","og_site_name":"Uni\u00f3n Esp\u00edrita","article_publisher":"https:\/\/www.facebook.com\/groups\/3431398063740829","article_modified_time":"2025-06-13T10:00:24+00:00","og_image":[{"url":"https:\/\/nuevo-renacer.com\/wp-content\/uploads\/2024\/07\/colombia_montoya-1.jpg","type":"","width":"","height":""}],"twitter_card":"summary_large_image","twitter_misc":{"Est. tempo de leitura":"4 minutos"},"schema":{"@context":"https:\/\/schema.org","@graph":[{"@type":"WebPage","@id":"https:\/\/nuevo-renacer.com\/colombia-montoya-de-martinez\/","url":"https:\/\/nuevo-renacer.com\/colombia-montoya-de-martinez\/","name":"Colombia Montoya de Martinez - Uni\u00f3n Esp\u00edrita","isPartOf":{"@id":"https:\/\/nuevo-renacer.com\/#website"},"primaryImageOfPage":{"@id":"https:\/\/nuevo-renacer.com\/colombia-montoya-de-martinez\/#primaryimage"},"image":{"@id":"https:\/\/nuevo-renacer.com\/colombia-montoya-de-martinez\/#primaryimage"},"thumbnailUrl":"https:\/\/nuevo-renacer.com\/wp-content\/uploads\/2024\/07\/colombia_montoya-1.jpg","datePublished":"2024-07-06T11:02:39+00:00","dateModified":"2025-06-13T10:00:24+00:00","breadcrumb":{"@id":"https:\/\/nuevo-renacer.com\/colombia-montoya-de-martinez\/#breadcrumb"},"inLanguage":"pt-BR","potentialAction":[{"@type":"ReadAction","target":["https:\/\/nuevo-renacer.com\/colombia-montoya-de-martinez\/"]}]},{"@type":"ImageObject","inLanguage":"pt-BR","@id":"https:\/\/nuevo-renacer.com\/colombia-montoya-de-martinez\/#primaryimage","url":"https:\/\/nuevo-renacer.com\/wp-content\/uploads\/2024\/07\/colombia_montoya-1.jpg","contentUrl":"https:\/\/nuevo-renacer.com\/wp-content\/uploads\/2024\/07\/colombia_montoya-1.jpg"},{"@type":"BreadcrumbList","@id":"https:\/\/nuevo-renacer.com\/colombia-montoya-de-martinez\/#breadcrumb","itemListElement":[{"@type":"ListItem","position":1,"name":"Startseite","item":"https:\/\/nuevo-renacer.com\/"},{"@type":"ListItem","position":2,"name":"Colombia Montoya de Martinez"}]},{"@type":"WebSite","@id":"https:\/\/nuevo-renacer.com\/#website","url":"https:\/\/nuevo-renacer.com\/","name":"Uni\u00f3n Esp\u00edrita","description":"Nuevo Renacer","publisher":{"@id":"https:\/\/nuevo-renacer.com\/#organization"},"potentialAction":[{"@type":"SearchAction","target":{"@type":"EntryPoint","urlTemplate":"https:\/\/nuevo-renacer.com\/?s={search_term_string}"},"query-input":{"@type":"PropertyValueSpecification","valueRequired":true,"valueName":"search_term_string"}}],"inLanguage":"pt-BR"},{"@type":"Organization","@id":"https:\/\/nuevo-renacer.com\/#organization","name":"UFEC","url":"https:\/\/nuevo-renacer.com\/","logo":{"@type":"ImageObject","inLanguage":"pt-BR","@id":"https:\/\/nuevo-renacer.com\/#\/schema\/logo\/image\/","url":"https:\/\/nuevo-renacer.com\/wp-content\/uploads\/2024\/05\/cropped-LOGO-TERMINADO1-3-3.png","contentUrl":"https:\/\/nuevo-renacer.com\/wp-content\/uploads\/2024\/05\/cropped-LOGO-TERMINADO1-3-3.png","width":512,"height":512,"caption":"UFEC"},"image":{"@id":"https:\/\/nuevo-renacer.com\/#\/schema\/logo\/image\/"},"sameAs":["https:\/\/www.facebook.com\/groups\/3431398063740829"]}]}},"uagb_featured_image_src":{"full":false,"thumbnail":false,"medium":false,"medium_large":false,"large":false,"1536x1536":false,"2048x2048":false,"trp-custom-language-flag":false},"uagb_author_info":{"display_name":"adbv0","author_link":"https:\/\/nuevo-renacer.com\/pt\/author\/adbv0\/"},"uagb_comment_info":0,"uagb_excerpt":"Colombia Montoya de Martinez&nbsp;&nbsp; Colombia Montoya de Martinez naci\u00f3 en Siquirres, Costa Rica, el 23 de julio de 1925 y desencarn\u00f3 en Bogot\u00e1, Colombia, el 25 de mayo de 2012.&nbsp; Pionera, l\u00edder e incansable trabajadora del movimiento esp\u00edrita colombiano. Do\u00f1a Colombia quien durante m\u00e1s de 50 a\u00f1os desarroll\u00f3 en el pa\u00eds una encomiable y tesonera&hellip;","jetpack_sharing_enabled":true,"_links":{"self":[{"href":"https:\/\/nuevo-renacer.com\/pt\/wp-json\/wp\/v2\/pages\/3047","targetHints":{"allow":["GET"]}}],"collection":[{"href":"https:\/\/nuevo-renacer.com\/pt\/wp-json\/wp\/v2\/pages"}],"about":[{"href":"https:\/\/nuevo-renacer.com\/pt\/wp-json\/wp\/v2\/types\/page"}],"author":[{"embeddable":true,"href":"https:\/\/nuevo-renacer.com\/pt\/wp-json\/wp\/v2\/users\/1"}],"replies":[{"embeddable":true,"href":"https:\/\/nuevo-renacer.com\/pt\/wp-json\/wp\/v2\/comments?post=3047"}],"version-history":[{"count":3,"href":"https:\/\/nuevo-renacer.com\/pt\/wp-json\/wp\/v2\/pages\/3047\/revisions"}],"predecessor-version":[{"id":8324,"href":"https:\/\/nuevo-renacer.com\/pt\/wp-json\/wp\/v2\/pages\/3047\/revisions\/8324"}],"wp:attachment":[{"href":"https:\/\/nuevo-renacer.com\/pt\/wp-json\/wp\/v2\/media?parent=3047"}],"curies":[{"name":"wp","href":"https:\/\/api.w.org\/{rel}","templated":true}]}}