{"id":3007,"date":"2024-07-06T10:06:16","date_gmt":"2024-07-06T10:06:16","guid":{"rendered":"https:\/\/ufec-mundial.com\/?page_id=3007"},"modified":"2025-06-13T09:43:05","modified_gmt":"2025-06-13T09:43:05","slug":"amalia-domingo-soler","status":"publish","type":"page","link":"https:\/\/nuevo-renacer.com\/pt\/amalia-domingo-soler\/","title":{"rendered":"Amalia Domingo Soler"},"content":{"rendered":"<div class=\"wp-block-uagb-container uagb-block-661afeb2 alignfull uagb-is-root-container\"><div class=\"uagb-container-inner-blocks-wrap\">\n<p class=\"has-black-color has-text-color has-link-color has-medium-font-size wp-elements-18db3420bb6455dcb0b2842ca44424bb\"><strong>Amalia Domingo Soler<\/strong> <strong>\u2013 O cronista dos pobres.<\/strong><\/p>\n<\/div><\/div>\n\n\n\n<div class=\"wp-block-uagb-container uagb-block-1d86372b alignfull uagb-is-root-container\"><div class=\"uagb-container-inner-blocks-wrap\">\n<div class=\"wp-block-uagb-image alignleft uagb-block-53766e01 wp-block-uagb-image--layout-default wp-block-uagb-image--effect-static wp-block-uagb-image--align-left\"><figure class=\"wp-block-uagb-image__figure\"><img loading=\"lazy\" decoding=\"async\" srcset=\"https:\/\/nuevo-renacer.com\/wp-content\/uploads\/2024\/06\/amalia.jpg ,https:\/\/nuevo-renacer.com\/wp-content\/uploads\/2024\/06\/amalia.jpg 780w, https:\/\/nuevo-renacer.com\/wp-content\/uploads\/2024\/06\/amalia.jpg 360w\" sizes=\"auto, (max-width: 480px) 150px\" src=\"https:\/\/nuevo-renacer.com\/wp-content\/uploads\/2024\/06\/amalia.jpg\" alt=\"\" class=\"uag-image-2595\" width=\"150\" height=\"214\" title=\"\" role=\"img\"\/><\/figure><\/div>\n<\/div><\/div>\n\n\n\n<p class=\"has-black-color has-text-color has-link-color has-small-font-size wp-elements-ba18be47eb7aa21a87fcc7fa5a1dafc7\">Nascida em Sevilha, na Espanha, em 10 de novembro de 1835, sua inf\u00e2ncia e juventude foram marcadas por muitas dificuldades. Desde o nascimento, sua sa\u00fade era fr\u00e1gil e, aos oito dias de idade, ela teve um s\u00e9rio problema de vis\u00e3o que quase a deixou cega, mas gra\u00e7as ao tratamento de um modesto farmac\u00eautico, ela se recuperou parcialmente e, ap\u00f3s tr\u00eas meses, recuperou a vis\u00e3o, que, no entanto, permaneceu muito delicada. Ela sofria de uma fraqueza na retina que permaneceu com ela durante toda a vida.&nbsp;<\/p>\n\n\n\n<div class=\"wp-block-uagb-container uagb-block-f2f05f26 alignfull uagb-is-root-container\"><div class=\"uagb-container-inner-blocks-wrap\"><\/div><\/div>\n\n\n\n<p class=\"has-black-color has-text-color has-link-color has-small-font-size wp-elements-225dd5a812bedd85bc77ce1b7bdf0148\">Seus olhos eram muito imperfeitos, mas sua m\u00e3e era absolutamente devotada a ela e n\u00e3o tinha outra preocupa\u00e7\u00e3o a n\u00e3o ser faz\u00ea-la feliz, sem negligenciar nem um pouco sua educa\u00e7\u00e3o por causa de sua extrema afei\u00e7\u00e3o. Quando ela tinha dois anos de idade, sua m\u00e3e come\u00e7ou a \u00e1rdua tarefa de ensin\u00e1-la a ler, pois a m\u00e3e de Amalia era muito perseverante e, embora jogasse todas as cartilhas que pudesse na rua ou as rasgasse com o maior prazer, ela sempre tinha cartilhas de sobra e nunca, por um dia sequer, deixou de lhe dar uma li\u00e7\u00e3o. Como recompensa por seu empenho e sua vigil\u00e2ncia, ela conseguiu fazer com que ela lesse corretamente aos cinco anos de idade, fazendo-a ler em voz alta duas horas por dia e, quando ela era mais velha, duas horas pela manh\u00e3 e duas \u00e0 tarde.&nbsp;<\/p>\n\n\n\n<div class=\"wp-block-uagb-container uagb-block-703a4227 alignfull uagb-is-root-container\"><div class=\"uagb-container-inner-blocks-wrap\"><\/div><\/div>\n\n\n\n<p class=\"has-black-color has-text-color has-link-color has-small-font-size wp-elements-24ac8cf41d0cf4b4490dbc4228918679\">Esses dois esp\u00edritos se uniram de uma forma t\u00e3o admir\u00e1vel que s\u00f3 podiam adivinhar os pensamentos um do outro. Embora fosse fisicamente de constitui\u00e7\u00e3o doentia, ela demonstrou um car\u00e1ter forte e determinado mesmo em uma idade jovem.<\/p>\n\n\n\n<div class=\"wp-block-uagb-container uagb-block-632be6b5 alignfull uagb-is-root-container\"><div class=\"uagb-container-inner-blocks-wrap\"><\/div><\/div>\n\n\n\n<h3 class=\"wp-block-heading has-black-color has-text-color has-link-color has-small-font-size wp-elements-b99017cc69b4b5c853d5d014e23e4ee4\" id=\"h-muerte-de-su-madre\"><strong>Morte de sua m\u00e3e<\/strong><\/h3>\n\n\n\n<p class=\"has-black-color has-text-color has-link-color has-small-font-size wp-elements-72d3f0c847dd304e6b0ba81daf2f5809\">Sua m\u00e3e faleceu em junho de 1860, quando Amalia tinha vinte e cinco anos de idade, e por tr\u00eas meses ela perdeu completamente a mem\u00f3ria. Os recursos de sua m\u00e3e estavam praticamente esgotados no tratamento de sua sa\u00fade, e suas rela\u00e7\u00f5es com os parentes (os parentes de seu pai) n\u00e3o eram das melhores. Assim, al\u00e9m da solid\u00e3o, come\u00e7aram os dias de grande sofrimento para Am\u00e1lia. As solu\u00e7\u00f5es propostas por seus parentes eram imposs\u00edveis de serem aceitas por ela: entrar para o convento ou um casamento arranjado com um homem muito mais velho e com boa situa\u00e7\u00e3o financeira. Ela n\u00e3o queria ser freira, disse:&nbsp;<\/p>\n\n\n\n<div class=\"wp-block-uagb-container uagb-block-02465c5a alignfull uagb-is-root-container\"><div class=\"uagb-container-inner-blocks-wrap\"><\/div><\/div>\n\n\n\n<p class=\"has-black-color has-pale-cyan-blue-background-color has-text-color has-background has-link-color has-small-font-size wp-elements-44fecea09b305f6eeea2dee72dbb3aed\">Minha alma n\u00e3o sente a necessidade de jejum ou penit\u00eancia; tampouco encontro Deus nos altares dos templos; os conventos sempre me pareceram as masmorras do intelecto. Encontro meu Deus no sol, no ar, nas flores, nos p\u00e1ssaros, nas montanhas, nos rios, nos mares, onde quer que a vida se manifeste.<\/p>\n\n\n\n<div class=\"wp-block-uagb-container uagb-block-bb5e32b3 alignfull uagb-is-root-container\"><div class=\"uagb-container-inner-blocks-wrap\"><\/div><\/div>\n\n\n\n<p class=\"has-black-color has-text-color has-link-color has-small-font-size wp-elements-d9980ffe15c0ccde9e47d696e4fc8cec\">Durante seis meses, seus parentes lhe deram uma pequena pens\u00e3o em troca de ser a costureira da casa, mas depois lhe disseram que essa era uma despesa sup\u00e9rflua e que n\u00e3o podiam mais cuidar dela.<\/p>\n\n\n\n<div class=\"wp-block-uagb-container uagb-block-d72c3289 alignfull uagb-is-root-container\"><div class=\"uagb-container-inner-blocks-wrap\"><\/div><\/div>\n\n\n\n<h3 class=\"wp-block-heading has-black-color has-text-color has-link-color has-small-font-size wp-elements-e3a2c74ee0295b72e31fe6b97716f69d\" id=\"h-estudio-del-espiritismo\"><strong>Estudo do espiritismo<\/strong><\/h3>\n\n\n\n<p class=\"has-black-color has-text-color has-link-color has-small-font-size wp-elements-218cab2f04f409491b553ab0bf1fbeb8\">Ela teve contato com um m\u00e9dico materialista e, vendo o interesse de Amalia por essas pessoas, comprometeu-se a levar a ela um jornal que recebia chamado \u201cEl Criterio\u201d. Ela foi convidada a escrever para os jornais, publicando seu primeiro artigo espiritualista na edi\u00e7\u00e3o n\u00famero nove de 1872, no \u201cEl Criterio\u201d, intitulado \u201cLa fe espiritista\u201d (A f\u00e9 espiritualista). Ela enviou poemas para o jornal \u201cLa Revelaci\u00f3n\u201d, de Alicante. Tamb\u00e9m publicou um artigo \u201cEl Espiritismo es la verdad\u201d. A partir desse momento, come\u00e7ou a estudar o Espiritismo e, certa manh\u00e3, em sua casa, come\u00e7ou a sentir uma sensa\u00e7\u00e3o dolorosa e estranha na cabe\u00e7a; ao mesmo tempo, parecia ouvir vozes estranhas e confusas que diziam: \u201cLuz! Luz!\u201d. Sem saber por que, ela come\u00e7ou a chorar e, sem perceber, olhou para o espelho e notou que seus olhos estavam abertos como n\u00e3o estavam h\u00e1 muito tempo. Ent\u00e3o ela perguntou em voz alta, como se algu\u00e9m pudesse lhe responder: \u201cChegou a hora de eu receber minha liberdade? E ele ouviu um sim, em uma voz muito distante. Naquele momento, ele recuperou a vis\u00e3o e correu para o m\u00e9dico, a quem disse que havia recuperado a vis\u00e3o e que, dali em diante, n\u00e3o precisaria mais se esfor\u00e7ar.&nbsp;<\/p>\n\n\n\n<div class=\"wp-block-uagb-container uagb-block-ec943744 alignfull uagb-is-root-container\"><div class=\"uagb-container-inner-blocks-wrap\"><\/div><\/div>\n\n\n\n<p class=\"has-black-color has-text-color has-link-color has-small-font-size wp-elements-db3500fda07e2f5600ad15cda242c9b0\">Assim, entrou em contato com a Federa\u00e7\u00e3o Espiritualista Espanhola e leu pela primeira vez um poema dedicado a Allan Kardec em 4 de abril de 1874. A partir de ent\u00e3o, editores e publicadores de revistas e jornais espiritualistas lhe escreveram pedindo trabalhos; ele diz que o que escreveu naquela \u00e9poca o surpreendeu porque n\u00e3o tinha dicion\u00e1rios nem gram\u00e1ticas.&nbsp;<\/p>\n\n\n\n<div class=\"wp-block-uagb-container uagb-block-de461a29 alignfull uagb-is-root-container\"><div class=\"uagb-container-inner-blocks-wrap\"><\/div><\/div>\n\n\n\n<h3 class=\"wp-block-heading has-black-color has-text-color has-link-color has-small-font-size wp-elements-df38d0abfe86bc6e1d746b097c63f467\" id=\"h-obras\"><strong>Obras<\/strong><\/h3>\n\n\n\n<p class=\"has-black-color has-text-color has-link-color has-small-font-size wp-elements-2acb7a5b8099a54a44fc177e3bdb3aae\">Amalia escreveu seus primeiros poemas aos dez anos de idade e, aos 18, publicou seus primeiros versos. Um de seus poemas relembra os melhores dias de sua juventude, os passeios com sua m\u00e3e e amigos nos jardins do Alc\u00e1zar de Sevilha. Seus artigos s\u00e3o hoje, como ontem, exposi\u00e7\u00f5es claras e diretas sobre o Espiritismo, fi\u00e9is int\u00e9rpretes da Ci\u00eancia Esp\u00edrita codificada por Allan Kardec. Do ano de 1873 a 1903, Am\u00e1lia entregou \u00e0 imprensa mais de 2. 000 produ\u00e7\u00f5es (como ela indica no pr\u00f3logo de seu livro Ramos de Violetas), que foram publicadas em jornais da Espanha e do exterior, algumas das quais foram: El Criterio e El Espiritismo, de Madri; La Gaceta de Catalu\u00f1a, La Luz del Porvenir e a Revista de Estudios Psicol\u00f3gicos, de Barcelona; La Revelaci\u00f3n, de Alicante; El Espiritismo, de Sevilha; Las Ilustraciones Esp\u00edritas, do M\u00e9xico; La Ley del Amor, de M\u00e9rida de Yucat\u00e1n; La Revista Esp\u00edrita, de Montevid\u00e9u; La Constancia, de Buenos Aires; os Anales del Espiritismo, na It\u00e1lia. Her Most Beautiful Writings, cont\u00e9m relatos da vida cotidiana analisados \u00e0 luz do Espiritismo por Am\u00e1lia.&nbsp;<\/p>\n\n\n\n<div class=\"wp-block-uagb-container uagb-block-933036ad alignfull uagb-is-root-container\"><div class=\"uagb-container-inner-blocks-wrap\"><\/div><\/div>\n\n\n\n<h3 class=\"wp-block-heading has-black-color has-text-color has-link-color has-small-font-size wp-elements-1c324ccccb2f60818cc7e229fea280c0\" id=\"h-muerte\"><strong>Morte<\/strong><\/h3>\n\n\n\n<p class=\"has-black-color has-text-color has-link-color has-small-font-size wp-elements-af6311d90f4f80574e99c5d97a424d85\">Ap\u00f3s uma carreira longa e ativa, os \u00faltimos anos de sua vida foram dedicados, mesmo com a sa\u00fade muito debilitada, \u00e0 mesma linha de escritos e colabora\u00e7\u00f5es sobre temas espiritualistas, at\u00e9 sua morte em 29 de abril de 1909, em decorr\u00eancia de broncopneumonia. Seu enterro civil ocorreu no Cemit\u00e9rio do Sudoeste, nas encostas de Montjuic.&nbsp;<\/p>\n\n\n\n<div class=\"wp-block-uagb-container uagb-block-a30cbaf5 alignfull uagb-is-root-container\"><div class=\"uagb-container-inner-blocks-wrap\"><\/div><\/div>\n\n\n\n<p class=\"has-black-color has-text-color has-link-color has-small-font-size wp-elements-4c08cab4596ce95ca9db11db02fbbd81\">No mesmo ano de sua morte, foi publicado o livro Flowers of the Soul (1909) e, tr\u00eas anos depois, Memoirs of the Distinguished Singer of Spiritualism (1912), que, dividido em duas partes distintas, apresenta, na primeira, os cap\u00edtulos escritos pela pr\u00f3pria autora e, na segunda, aqueles que foram \u201cditados do espa\u00e7o por ela mesma\u201d e que cont\u00eam suas revela\u00e7\u00f5es por meio da m\u00e9dium Maria.&nbsp;<\/p>\n\n\n\n<p class=\"has-black-color has-text-color has-link-color has-small-font-size wp-elements-fc35d1777b88a7c6c20b89f2ed75ef66\">V\u00e1rios outros livros foram publicados postumamente, incluindo Consejos de ultratumba, Las grandes virtudes, Cuentos para ni\u00f1os e, de maneira muito especial, seus muito interessantes e curiosos Cuentos espiritistas.<\/p>","protected":false},"excerpt":{"rendered":"<p>Amalia Domingo Soler &#8211; La cronista de los pobres. Naci\u00f3 en Sevilla, Espa\u00f1a el 10 de noviembre de 1835, su infancia y juventud estuvieron marcadas por muchas penalidades. Desde su nacimiento su salud era fr\u00e1gil y a los ocho d\u00edas se le present\u00f3 un grave problema de visi\u00f3n que casi la dej\u00f3 invidente, pero gracias [&hellip;]<\/p>","protected":false},"author":1,"featured_media":0,"parent":0,"menu_order":0,"comment_status":"closed","ping_status":"closed","template":"","meta":{"_uag_custom_page_level_css":"","site-sidebar-layout":"default","site-content-layout":"","ast-site-content-layout":"default","site-content-style":"default","site-sidebar-style":"default","ast-global-header-display":"","ast-banner-title-visibility":"","ast-main-header-display":"","ast-hfb-above-header-display":"","ast-hfb-below-header-display":"","ast-hfb-mobile-header-display":"","site-post-title":"disabled","ast-breadcrumbs-content":"","ast-featured-img":"","footer-sml-layout":"","theme-transparent-header-meta":"","adv-header-id-meta":"","stick-header-meta":"","header-above-stick-meta":"","header-main-stick-meta":"","header-below-stick-meta":"","astra-migrate-meta-layouts":"set","ast-page-background-enabled":"default","ast-page-background-meta":{"desktop":{"background-color":"var(--ast-global-color-4)","background-image":"","background-repeat":"repeat","background-position":"center center","background-size":"auto","background-attachment":"scroll","background-type":"","background-media":"","overlay-type":"","overlay-color":"","overlay-opacity":"","overlay-gradient":""},"tablet":{"background-color":"","background-image":"","background-repeat":"repeat","background-position":"center center","background-size":"auto","background-attachment":"scroll","background-type":"","background-media":"","overlay-type":"","overlay-color":"","overlay-opacity":"","overlay-gradient":""},"mobile":{"background-color":"","background-image":"","background-repeat":"repeat","background-position":"center center","background-size":"auto","background-attachment":"scroll","background-type":"","background-media":"","overlay-type":"","overlay-color":"","overlay-opacity":"","overlay-gradient":""}},"ast-content-background-meta":{"desktop":{"background-color":"var(--ast-global-color-5)","background-image":"","background-repeat":"repeat","background-position":"center center","background-size":"auto","background-attachment":"scroll","background-type":"","background-media":"","overlay-type":"","overlay-color":"","overlay-opacity":"","overlay-gradient":""},"tablet":{"background-color":"var(--ast-global-color-5)","background-image":"","background-repeat":"repeat","background-position":"center center","background-size":"auto","background-attachment":"scroll","background-type":"","background-media":"","overlay-type":"","overlay-color":"","overlay-opacity":"","overlay-gradient":""},"mobile":{"background-color":"var(--ast-global-color-5)","background-image":"","background-repeat":"repeat","background-position":"center center","background-size":"auto","background-attachment":"scroll","background-type":"","background-media":"","overlay-type":"","overlay-color":"","overlay-opacity":"","overlay-gradient":""}},"footnotes":""},"class_list":["post-3007","page","type-page","status-publish","hentry"],"yoast_head":"<!-- This site is optimized with the Yoast SEO Premium plugin v24.2 (Yoast SEO v24.6) - https:\/\/yoast.com\/wordpress\/plugins\/seo\/ -->\n<title>Amalia Domingo Soler - Uni\u00f3n Esp\u00edrita<\/title>\n<meta name=\"robots\" content=\"index, follow, max-snippet:-1, max-image-preview:large, max-video-preview:-1\" \/>\n<link rel=\"canonical\" href=\"https:\/\/nuevo-renacer.com\/pt\/amalia-domingo-soler\/\" \/>\n<meta property=\"og:locale\" content=\"pt_BR\" \/>\n<meta property=\"og:type\" content=\"article\" \/>\n<meta property=\"og:title\" content=\"Amalia Domingo Soler\" \/>\n<meta property=\"og:description\" content=\"Amalia Domingo Soler &#8211; La cronista de los pobres. Naci\u00f3 en Sevilla, Espa\u00f1a el 10 de noviembre de 1835, su infancia y juventud estuvieron marcadas por muchas penalidades. Desde su nacimiento su salud era fr\u00e1gil y a los ocho d\u00edas se le present\u00f3 un grave problema de visi\u00f3n que casi la dej\u00f3 invidente, pero gracias [&hellip;]\" \/>\n<meta property=\"og:url\" content=\"https:\/\/nuevo-renacer.com\/pt\/amalia-domingo-soler\/\" \/>\n<meta property=\"og:site_name\" content=\"Uni\u00f3n Esp\u00edrita\" \/>\n<meta property=\"article:publisher\" content=\"https:\/\/www.facebook.com\/groups\/3431398063740829\" \/>\n<meta property=\"article:modified_time\" content=\"2025-06-13T09:43:05+00:00\" \/>\n<meta property=\"og:image\" content=\"https:\/\/nuevo-renacer.com\/wp-content\/uploads\/2024\/06\/amalia.jpg\" \/>\n<meta name=\"twitter:card\" content=\"summary_large_image\" \/>\n<meta name=\"twitter:label1\" content=\"Est. tempo de leitura\" \/>\n\t<meta name=\"twitter:data1\" content=\"7 minutos\" \/>\n<script type=\"application\/ld+json\" class=\"yoast-schema-graph\">{\"@context\":\"https:\/\/schema.org\",\"@graph\":[{\"@type\":\"WebPage\",\"@id\":\"https:\/\/nuevo-renacer.com\/amalia-domingo-soler\/\",\"url\":\"https:\/\/nuevo-renacer.com\/amalia-domingo-soler\/\",\"name\":\"Amalia Domingo Soler - Uni\u00f3n Esp\u00edrita\",\"isPartOf\":{\"@id\":\"https:\/\/nuevo-renacer.com\/#website\"},\"primaryImageOfPage\":{\"@id\":\"https:\/\/nuevo-renacer.com\/amalia-domingo-soler\/#primaryimage\"},\"image\":{\"@id\":\"https:\/\/nuevo-renacer.com\/amalia-domingo-soler\/#primaryimage\"},\"thumbnailUrl\":\"https:\/\/nuevo-renacer.com\/wp-content\/uploads\/2024\/06\/amalia.jpg\",\"datePublished\":\"2024-07-06T10:06:16+00:00\",\"dateModified\":\"2025-06-13T09:43:05+00:00\",\"breadcrumb\":{\"@id\":\"https:\/\/nuevo-renacer.com\/amalia-domingo-soler\/#breadcrumb\"},\"inLanguage\":\"pt-BR\",\"potentialAction\":[{\"@type\":\"ReadAction\",\"target\":[\"https:\/\/nuevo-renacer.com\/amalia-domingo-soler\/\"]}]},{\"@type\":\"ImageObject\",\"inLanguage\":\"pt-BR\",\"@id\":\"https:\/\/nuevo-renacer.com\/amalia-domingo-soler\/#primaryimage\",\"url\":\"https:\/\/nuevo-renacer.com\/wp-content\/uploads\/2024\/06\/amalia.jpg\",\"contentUrl\":\"https:\/\/nuevo-renacer.com\/wp-content\/uploads\/2024\/06\/amalia.jpg\"},{\"@type\":\"BreadcrumbList\",\"@id\":\"https:\/\/nuevo-renacer.com\/amalia-domingo-soler\/#breadcrumb\",\"itemListElement\":[{\"@type\":\"ListItem\",\"position\":1,\"name\":\"Startseite\",\"item\":\"https:\/\/nuevo-renacer.com\/\"},{\"@type\":\"ListItem\",\"position\":2,\"name\":\"Amalia Domingo Soler\"}]},{\"@type\":\"WebSite\",\"@id\":\"https:\/\/nuevo-renacer.com\/#website\",\"url\":\"https:\/\/nuevo-renacer.com\/\",\"name\":\"Uni\u00f3n Esp\u00edrita\",\"description\":\"Nuevo Renacer\",\"publisher\":{\"@id\":\"https:\/\/nuevo-renacer.com\/#organization\"},\"potentialAction\":[{\"@type\":\"SearchAction\",\"target\":{\"@type\":\"EntryPoint\",\"urlTemplate\":\"https:\/\/nuevo-renacer.com\/?s={search_term_string}\"},\"query-input\":{\"@type\":\"PropertyValueSpecification\",\"valueRequired\":true,\"valueName\":\"search_term_string\"}}],\"inLanguage\":\"pt-BR\"},{\"@type\":\"Organization\",\"@id\":\"https:\/\/nuevo-renacer.com\/#organization\",\"name\":\"UFEC\",\"url\":\"https:\/\/nuevo-renacer.com\/\",\"logo\":{\"@type\":\"ImageObject\",\"inLanguage\":\"pt-BR\",\"@id\":\"https:\/\/nuevo-renacer.com\/#\/schema\/logo\/image\/\",\"url\":\"https:\/\/nuevo-renacer.com\/wp-content\/uploads\/2024\/05\/cropped-LOGO-TERMINADO1-3-3.png\",\"contentUrl\":\"https:\/\/nuevo-renacer.com\/wp-content\/uploads\/2024\/05\/cropped-LOGO-TERMINADO1-3-3.png\",\"width\":512,\"height\":512,\"caption\":\"UFEC\"},\"image\":{\"@id\":\"https:\/\/nuevo-renacer.com\/#\/schema\/logo\/image\/\"},\"sameAs\":[\"https:\/\/www.facebook.com\/groups\/3431398063740829\"]}]}<\/script>\n<!-- \/ Yoast SEO Premium plugin. -->","yoast_head_json":{"title":"Amalia Domingo Soler - Uni\u00f3n Esp\u00edrita","robots":{"index":"index","follow":"follow","max-snippet":"max-snippet:-1","max-image-preview":"max-image-preview:large","max-video-preview":"max-video-preview:-1"},"canonical":"https:\/\/nuevo-renacer.com\/pt\/amalia-domingo-soler\/","og_locale":"pt_BR","og_type":"article","og_title":"Amalia Domingo Soler","og_description":"Amalia Domingo Soler &#8211; La cronista de los pobres. Naci\u00f3 en Sevilla, Espa\u00f1a el 10 de noviembre de 1835, su infancia y juventud estuvieron marcadas por muchas penalidades. Desde su nacimiento su salud era fr\u00e1gil y a los ocho d\u00edas se le present\u00f3 un grave problema de visi\u00f3n que casi la dej\u00f3 invidente, pero gracias [&hellip;]","og_url":"https:\/\/nuevo-renacer.com\/pt\/amalia-domingo-soler\/","og_site_name":"Uni\u00f3n Esp\u00edrita","article_publisher":"https:\/\/www.facebook.com\/groups\/3431398063740829","article_modified_time":"2025-06-13T09:43:05+00:00","og_image":[{"url":"https:\/\/nuevo-renacer.com\/wp-content\/uploads\/2024\/06\/amalia.jpg","type":"","width":"","height":""}],"twitter_card":"summary_large_image","twitter_misc":{"Est. tempo de leitura":"7 minutos"},"schema":{"@context":"https:\/\/schema.org","@graph":[{"@type":"WebPage","@id":"https:\/\/nuevo-renacer.com\/amalia-domingo-soler\/","url":"https:\/\/nuevo-renacer.com\/amalia-domingo-soler\/","name":"Amalia Domingo Soler - Uni\u00f3n Esp\u00edrita","isPartOf":{"@id":"https:\/\/nuevo-renacer.com\/#website"},"primaryImageOfPage":{"@id":"https:\/\/nuevo-renacer.com\/amalia-domingo-soler\/#primaryimage"},"image":{"@id":"https:\/\/nuevo-renacer.com\/amalia-domingo-soler\/#primaryimage"},"thumbnailUrl":"https:\/\/nuevo-renacer.com\/wp-content\/uploads\/2024\/06\/amalia.jpg","datePublished":"2024-07-06T10:06:16+00:00","dateModified":"2025-06-13T09:43:05+00:00","breadcrumb":{"@id":"https:\/\/nuevo-renacer.com\/amalia-domingo-soler\/#breadcrumb"},"inLanguage":"pt-BR","potentialAction":[{"@type":"ReadAction","target":["https:\/\/nuevo-renacer.com\/amalia-domingo-soler\/"]}]},{"@type":"ImageObject","inLanguage":"pt-BR","@id":"https:\/\/nuevo-renacer.com\/amalia-domingo-soler\/#primaryimage","url":"https:\/\/nuevo-renacer.com\/wp-content\/uploads\/2024\/06\/amalia.jpg","contentUrl":"https:\/\/nuevo-renacer.com\/wp-content\/uploads\/2024\/06\/amalia.jpg"},{"@type":"BreadcrumbList","@id":"https:\/\/nuevo-renacer.com\/amalia-domingo-soler\/#breadcrumb","itemListElement":[{"@type":"ListItem","position":1,"name":"Startseite","item":"https:\/\/nuevo-renacer.com\/"},{"@type":"ListItem","position":2,"name":"Amalia Domingo Soler"}]},{"@type":"WebSite","@id":"https:\/\/nuevo-renacer.com\/#website","url":"https:\/\/nuevo-renacer.com\/","name":"Uni\u00f3n Esp\u00edrita","description":"Nuevo Renacer","publisher":{"@id":"https:\/\/nuevo-renacer.com\/#organization"},"potentialAction":[{"@type":"SearchAction","target":{"@type":"EntryPoint","urlTemplate":"https:\/\/nuevo-renacer.com\/?s={search_term_string}"},"query-input":{"@type":"PropertyValueSpecification","valueRequired":true,"valueName":"search_term_string"}}],"inLanguage":"pt-BR"},{"@type":"Organization","@id":"https:\/\/nuevo-renacer.com\/#organization","name":"UFEC","url":"https:\/\/nuevo-renacer.com\/","logo":{"@type":"ImageObject","inLanguage":"pt-BR","@id":"https:\/\/nuevo-renacer.com\/#\/schema\/logo\/image\/","url":"https:\/\/nuevo-renacer.com\/wp-content\/uploads\/2024\/05\/cropped-LOGO-TERMINADO1-3-3.png","contentUrl":"https:\/\/nuevo-renacer.com\/wp-content\/uploads\/2024\/05\/cropped-LOGO-TERMINADO1-3-3.png","width":512,"height":512,"caption":"UFEC"},"image":{"@id":"https:\/\/nuevo-renacer.com\/#\/schema\/logo\/image\/"},"sameAs":["https:\/\/www.facebook.com\/groups\/3431398063740829"]}]}},"uagb_featured_image_src":{"full":false,"thumbnail":false,"medium":false,"medium_large":false,"large":false,"1536x1536":false,"2048x2048":false,"trp-custom-language-flag":false},"uagb_author_info":{"display_name":"adbv0","author_link":"https:\/\/nuevo-renacer.com\/pt\/author\/adbv0\/"},"uagb_comment_info":0,"uagb_excerpt":"Amalia Domingo Soler &#8211; La cronista de los pobres. Naci\u00f3 en Sevilla, Espa\u00f1a el 10 de noviembre de 1835, su infancia y juventud estuvieron marcadas por muchas penalidades. Desde su nacimiento su salud era fr\u00e1gil y a los ocho d\u00edas se le present\u00f3 un grave problema de visi\u00f3n que casi la dej\u00f3 invidente, pero gracias&hellip;","jetpack_sharing_enabled":true,"_links":{"self":[{"href":"https:\/\/nuevo-renacer.com\/pt\/wp-json\/wp\/v2\/pages\/3007","targetHints":{"allow":["GET"]}}],"collection":[{"href":"https:\/\/nuevo-renacer.com\/pt\/wp-json\/wp\/v2\/pages"}],"about":[{"href":"https:\/\/nuevo-renacer.com\/pt\/wp-json\/wp\/v2\/types\/page"}],"author":[{"embeddable":true,"href":"https:\/\/nuevo-renacer.com\/pt\/wp-json\/wp\/v2\/users\/1"}],"replies":[{"embeddable":true,"href":"https:\/\/nuevo-renacer.com\/pt\/wp-json\/wp\/v2\/comments?post=3007"}],"version-history":[{"count":6,"href":"https:\/\/nuevo-renacer.com\/pt\/wp-json\/wp\/v2\/pages\/3007\/revisions"}],"predecessor-version":[{"id":8305,"href":"https:\/\/nuevo-renacer.com\/pt\/wp-json\/wp\/v2\/pages\/3007\/revisions\/8305"}],"wp:attachment":[{"href":"https:\/\/nuevo-renacer.com\/pt\/wp-json\/wp\/v2\/media?parent=3007"}],"curies":[{"name":"wp","href":"https:\/\/api.w.org\/{rel}","templated":true}]}}