{"id":8920,"date":"2026-04-27T11:20:40","date_gmt":"2026-04-27T11:20:40","guid":{"rendered":"https:\/\/nuevo-renacer.com\/?page_id=8920"},"modified":"2026-04-27T11:37:35","modified_gmt":"2026-04-27T11:37:35","slug":"baron-johann-ludwig-de-guldenstubbe","status":"publish","type":"page","link":"https:\/\/nuevo-renacer.com\/it\/baron-johann-ludwig-de-guldenstubbe\/","title":{"rendered":"Bar\u00f3n Johann Ludwig Guldenstubb\u00e9"},"content":{"rendered":"<div class=\"wp-block-uagb-container uagb-block-a0ac9e78 alignfull uagb-is-root-container\"><div class=\"uagb-container-inner-blocks-wrap\">\n<p class=\"has-black-color has-text-color has-link-color has-medium-font-size wp-elements-6f789286fc0a12348b2f1d7c015553e6\"><strong>Barone <strong>Johann Ludwig<\/strong> von Guldenstubb\u00e9<\/strong><\/p>\n<\/div><\/div>\n\n\n\n<div class=\"wp-block-uagb-container uagb-block-6ad5079c alignfull uagb-is-root-container\"><div class=\"uagb-container-inner-blocks-wrap\">\n<figure class=\"wp-block-image size-full is-resized\"><img fetchpriority=\"high\" decoding=\"async\" width=\"517\" height=\"700\" src=\"https:\/\/nuevo-renacer.com\/wp-content\/uploads\/2026\/04\/Baron-de-Guldenstubbe.jpg\" alt=\"\" class=\"wp-image-8921\" style=\"aspect-ratio:0.7385785079084923;width:208px;height:auto\" srcset=\"https:\/\/nuevo-renacer.com\/wp-content\/uploads\/2026\/04\/Baron-de-Guldenstubbe.jpg 517w, https:\/\/nuevo-renacer.com\/wp-content\/uploads\/2026\/04\/Baron-de-Guldenstubbe-222x300.jpg 222w, https:\/\/nuevo-renacer.com\/wp-content\/uploads\/2026\/04\/Baron-de-Guldenstubbe-9x12.jpg 9w\" sizes=\"(max-width: 517px) 100vw, 517px\" \/><\/figure>\n<\/div><\/div>\n\n\n\n<div class=\"wp-block-uagb-container uagb-block-0710c434 alignfull uagb-is-root-container\"><div class=\"uagb-container-inner-blocks-wrap\">\n<p class=\"has-black-color has-text-color has-link-color has-small-font-size wp-elements-c55a92d0a4a90f1e38e626b4fdda41a4\">Questo grande paladino dello Spiritismo fu un importante operatore dei primi tempi dello Spiritismo, un grande ricercatore dell\u2019anima, le cui opere furono anch\u2019esse bruciate in Spagna dalla Santa Inquisizione il 9 ottobre 1861 nel noto AUTO-DA-F\u00c9 DI BARCELLONA. Il barone Johann Ludwig von Guldenstubb\u00e9, che lasci\u00f2 la vita il 27 maggio 1873, nella sua residenza di Parigi, al numero 29 di rue de Tr\u00e9vise, all\u2019et\u00e0 di 53 anni, fu conosciuto soprattutto per le sue ricerche e i suoi esperimenti in pneumatografia. Di origine svedese, apparteneva a un\u2019antica famiglia scandinava di rinomanza storica; due dei suoi antenati con lo stesso nome furono bruciati vivi nel 1309, insieme a Jacques de Molav, per ordine di papa Clemente IV. Il barone conduceva una vita ritirata, in compagnia della sua virtuosa sorella. La sua memoria \u00e8 affettuosamente rispettata per il suo comportamento nobile, cortese e benevolo, e per i suoi numerosi atti di modesta carit\u00e0. Si dedic\u00f2 soprattutto agli esperimenti di scrittura diretta in Francia, dove ottenne il 13 agosto 1856 il primo successo in questa modalit\u00e0 di comunicazione spiritista. Scrisse il libro intitolato \u00abLa R\u00e9alit\u00e9 des Spirites et de leurs Manifestations\u00bb (La realt\u00e0 degli spiriti e delle loro manifestazioni), e anche l\u2019opera \u00abPens\u00e9es d\u2019outre-tombe\u00bb (1858). In pochi anni di lavori sperimentali, il barone ottenne un numero considerevole di scritture dirette, alcune delle quali senza l\u2019ausilio di matita, carta o lavagna. Gli stessi spiriti comunicanti portavano il materiale necessario per ottenere i messaggi. \u00abQuesti fenomeni\u00bb, dice egli, \u00absono ormai fondati su una solida base di fatti, permettendoci da ora in poi di considerare l\u2019immortalit\u00e0 dell\u2019anima come un fatto scientifico e lo Spiritismo come un ponte gettato tra questo mondo e l\u2019Invisibile.\u00bb<\/p>\n\n\n\n<p class=\"has-black-color has-text-color has-link-color wp-elements-41296d4a759c76bdea7ffc12860abcfb\"><strong>Scrittura diretta<\/strong><\/p>\n\n\n\n<p class=\"has-black-color has-text-color has-link-color has-small-font-size wp-elements-23aaa33cd351e74b13924c5b6d0647db\">Il barone Johann Ludwig von Guldenstubb\u00e9 fu il primo ad ottenere in Francia la scrittura diretta. Ecco come egli racconta il fatto (\u00abLa R\u00e9alit\u00e9 des Esprits\u00bb, pp. 66 e 67): \u00abUn bel giorno (1\u00ba agosto 1856), gli venne l\u2019idea di sperimentare se gli Spiriti potessero scrivere direttamente, senza l\u2019aiuto di un medium. Conoscendo la misteriosa scrittura diretta del Decalogo secondo Mos\u00e8, la scrittura ugualmente diretta e misteriosa nella sala del banchetto del re Baldassarre secondo Daniele, e avendo sentito parlare dei moderni misteri di Straford in America, dove erano stati trovati certi caratteri illeggibili e strani tracciati su un pezzo di carta che non sembravano provenire dai medium, l\u2019autore volle accertarsi della realt\u00e0 di un fenomeno la cui portata sarebbe stata immensa, se fosse stato vero. \u00abPose quindi un foglio di carta bianca e una matita appuntita dentro una piccola scatola chiusa a chiave, tenendo sempre con s\u00e9 la chiave e non rivelando a nessuno il suo esperimento. Per dodici giorni attese inutilmente, senza osservare la minima traccia di matita sulla carta; ma il 13 agosto 1856 il suo stupore fu grande quando not\u00f2 certi caratteri misteriosi sul foglio; non appena ci\u00f2 accadde, ripet\u00e9 l\u2019esperimento dieci volte nello stesso giorno, per sempre memorabile, inserendo ogni mezz\u2019ora un nuovo foglio bianco nella scatola. L\u2019esperimento fu coronato da pieno successo. \u00abIl giorno seguente, 14 agosto, esegu\u00ec nuovamente una ventina di esperimenti, lasciando la scatola aperta e non perdendola mai di vista; vide allora che caratteri e parole in lingua estone si formavano o si imprimevano sulla carta senza che la matita si muovesse. Da allora, vedendo l\u2019inutilit\u00e0 della matita, cess\u00f2 di usarla; e, ponendo semplicemente un foglio di carta in un cassetto della sua casa, ottenne ugualmente comunicazioni.\u00bb (Alla fine dell\u2019opera del barone si trovano facsimili di questi scritti.) Il barone Johann Ludwig von Guldenstubb\u00e9 ripet\u00e9 l\u2019esperimento in presenza del conte d\u2019Ourches, e questi ricevette una comunicazione da sua madre, la cui firma e scrittura furono riconosciute autentiche confrontandole con gli autografi in possesso del conte. A questi primi esperimenti seguirono molti altri, e l\u2019autore acquis\u00ec la certezza che non era lui a scrivere in stato sonnambulico, come aveva inizialmente supposto.<\/p>\n<\/div><\/div>\n\n\n\n<div class=\"wp-block-uagb-container uagb-block-f4f3bbb7 alignfull uagb-is-root-container\"><div class=\"uagb-container-inner-blocks-wrap\"><\/div><\/div>\n\n\n\n<div class=\"wp-block-uagb-container uagb-block-00204ec5 alignfull uagb-is-root-container\"><div class=\"uagb-container-inner-blocks-wrap\"><\/div><\/div>","protected":false},"excerpt":{"rendered":"<p>Bar\u00f3n Johann Ludwig de Guldenstubb\u00e9 Este gran palad\u00edn del Espiritismo fue un importante trabajador de las primeras horas del Espiritismo, un gran investigador del alma y cuyas obras tambi\u00e9n fueron quemadas en Espa\u00f1a por la Santa Inquisici\u00f3n el 9 de octubre de 1861 en el conocido AUTO DE FE EN BARCELONA. El bar\u00f3n Johann Ludwig [&hellip;]<\/p>","protected":false},"author":1,"featured_media":0,"parent":0,"menu_order":0,"comment_status":"closed","ping_status":"closed","template":"","meta":{"_uag_custom_page_level_css":"","site-sidebar-layout":"default","site-content-layout":"","ast-site-content-layout":"default","site-content-style":"default","site-sidebar-style":"default","ast-global-header-display":"","ast-banner-title-visibility":"","ast-main-header-display":"","ast-hfb-above-header-display":"","ast-hfb-below-header-display":"","ast-hfb-mobile-header-display":"","site-post-title":"disabled","ast-breadcrumbs-content":"","ast-featured-img":"","footer-sml-layout":"","theme-transparent-header-meta":"","adv-header-id-meta":"","stick-header-meta":"","header-above-stick-meta":"","header-main-stick-meta":"","header-below-stick-meta":"","astra-migrate-meta-layouts":"set","ast-page-background-enabled":"default","ast-page-background-meta":{"desktop":{"background-color":"var(--ast-global-color-4)","background-image":"","background-repeat":"repeat","background-position":"center center","background-size":"auto","background-attachment":"scroll","background-type":"","background-media":"","overlay-type":"","overlay-color":"","overlay-opacity":"","overlay-gradient":""},"tablet":{"background-color":"","background-image":"","background-repeat":"repeat","background-position":"center center","background-size":"auto","background-attachment":"scroll","background-type":"","background-media":"","overlay-type":"","overlay-color":"","overlay-opacity":"","overlay-gradient":""},"mobile":{"background-color":"","background-image":"","background-repeat":"repeat","background-position":"center center","background-size":"auto","background-attachment":"scroll","background-type":"","background-media":"","overlay-type":"","overlay-color":"","overlay-opacity":"","overlay-gradient":""}},"ast-content-background-meta":{"desktop":{"background-color":"var(--ast-global-color-5)","background-image":"","background-repeat":"repeat","background-position":"center center","background-size":"auto","background-attachment":"scroll","background-type":"","background-media":"","overlay-type":"","overlay-color":"","overlay-opacity":"","overlay-gradient":""},"tablet":{"background-color":"var(--ast-global-color-5)","background-image":"","background-repeat":"repeat","background-position":"center center","background-size":"auto","background-attachment":"scroll","background-type":"","background-media":"","overlay-type":"","overlay-color":"","overlay-opacity":"","overlay-gradient":""},"mobile":{"background-color":"var(--ast-global-color-5)","background-image":"","background-repeat":"repeat","background-position":"center center","background-size":"auto","background-attachment":"scroll","background-type":"","background-media":"","overlay-type":"","overlay-color":"","overlay-opacity":"","overlay-gradient":""}},"footnotes":""},"class_list":["post-8920","page","type-page","status-publish","hentry"],"yoast_head":"<!-- This site is optimized with the Yoast SEO Premium plugin v24.2 (Yoast SEO v24.6) - https:\/\/yoast.com\/wordpress\/plugins\/seo\/ -->\n<title>Bar\u00f3n Johann Ludwig Guldenstubb\u00e9 - Uni\u00f3n Esp\u00edrita<\/title>\n<meta name=\"robots\" content=\"index, follow, max-snippet:-1, max-image-preview:large, max-video-preview:-1\" \/>\n<link rel=\"canonical\" href=\"https:\/\/nuevo-renacer.com\/it\/baron-johann-ludwig-de-guldenstubbe\/\" \/>\n<meta property=\"og:locale\" content=\"it_IT\" \/>\n<meta property=\"og:type\" content=\"article\" \/>\n<meta property=\"og:title\" content=\"Bar\u00f3n Johann Ludwig Guldenstubb\u00e9\" \/>\n<meta property=\"og:description\" content=\"Bar\u00f3n Johann Ludwig de Guldenstubb\u00e9 Este gran palad\u00edn del Espiritismo fue un importante trabajador de las primeras horas del Espiritismo, un gran investigador del alma y cuyas obras tambi\u00e9n fueron quemadas en Espa\u00f1a por la Santa Inquisici\u00f3n el 9 de octubre de 1861 en el conocido AUTO DE FE EN BARCELONA. El bar\u00f3n Johann Ludwig [&hellip;]\" \/>\n<meta property=\"og:url\" content=\"https:\/\/nuevo-renacer.com\/it\/baron-johann-ludwig-de-guldenstubbe\/\" \/>\n<meta property=\"og:site_name\" content=\"Uni\u00f3n Esp\u00edrita\" \/>\n<meta property=\"article:publisher\" content=\"https:\/\/www.facebook.com\/groups\/3431398063740829\" \/>\n<meta property=\"article:modified_time\" content=\"2026-04-27T11:37:35+00:00\" \/>\n<meta property=\"og:image\" content=\"https:\/\/nuevo-renacer.com\/wp-content\/uploads\/2026\/04\/Baron-de-Guldenstubbe.jpg\" \/>\n\t<meta property=\"og:image:width\" content=\"517\" \/>\n\t<meta property=\"og:image:height\" content=\"700\" \/>\n\t<meta property=\"og:image:type\" content=\"image\/jpeg\" \/>\n<meta name=\"twitter:card\" content=\"summary_large_image\" \/>\n<meta name=\"twitter:label1\" content=\"Tempo di lettura stimato\" \/>\n\t<meta name=\"twitter:data1\" content=\"5 minuti\" \/>\n<script type=\"application\/ld+json\" class=\"yoast-schema-graph\">{\"@context\":\"https:\/\/schema.org\",\"@graph\":[{\"@type\":\"WebPage\",\"@id\":\"https:\/\/nuevo-renacer.com\/baron-johann-ludwig-de-guldenstubbe\/\",\"url\":\"https:\/\/nuevo-renacer.com\/baron-johann-ludwig-de-guldenstubbe\/\",\"name\":\"Bar\u00f3n Johann Ludwig Guldenstubb\u00e9 - Uni\u00f3n Esp\u00edrita\",\"isPartOf\":{\"@id\":\"https:\/\/nuevo-renacer.com\/#website\"},\"primaryImageOfPage\":{\"@id\":\"https:\/\/nuevo-renacer.com\/baron-johann-ludwig-de-guldenstubbe\/#primaryimage\"},\"image\":{\"@id\":\"https:\/\/nuevo-renacer.com\/baron-johann-ludwig-de-guldenstubbe\/#primaryimage\"},\"thumbnailUrl\":\"https:\/\/nuevo-renacer.com\/wp-content\/uploads\/2026\/04\/Baron-de-Guldenstubbe.jpg\",\"datePublished\":\"2026-04-27T11:20:40+00:00\",\"dateModified\":\"2026-04-27T11:37:35+00:00\",\"breadcrumb\":{\"@id\":\"https:\/\/nuevo-renacer.com\/baron-johann-ludwig-de-guldenstubbe\/#breadcrumb\"},\"inLanguage\":\"it-IT\",\"potentialAction\":[{\"@type\":\"ReadAction\",\"target\":[\"https:\/\/nuevo-renacer.com\/baron-johann-ludwig-de-guldenstubbe\/\"]}]},{\"@type\":\"ImageObject\",\"inLanguage\":\"it-IT\",\"@id\":\"https:\/\/nuevo-renacer.com\/baron-johann-ludwig-de-guldenstubbe\/#primaryimage\",\"url\":\"https:\/\/nuevo-renacer.com\/wp-content\/uploads\/2026\/04\/Baron-de-Guldenstubbe.jpg\",\"contentUrl\":\"https:\/\/nuevo-renacer.com\/wp-content\/uploads\/2026\/04\/Baron-de-Guldenstubbe.jpg\"},{\"@type\":\"BreadcrumbList\",\"@id\":\"https:\/\/nuevo-renacer.com\/baron-johann-ludwig-de-guldenstubbe\/#breadcrumb\",\"itemListElement\":[{\"@type\":\"ListItem\",\"position\":1,\"name\":\"Startseite\",\"item\":\"https:\/\/nuevo-renacer.com\/\"},{\"@type\":\"ListItem\",\"position\":2,\"name\":\"Bar\u00f3n Johann Ludwig Guldenstubb\u00e9\"}]},{\"@type\":\"WebSite\",\"@id\":\"https:\/\/nuevo-renacer.com\/#website\",\"url\":\"https:\/\/nuevo-renacer.com\/\",\"name\":\"Uni\u00f3n Esp\u00edrita\",\"description\":\"Nuevo Renacer\",\"publisher\":{\"@id\":\"https:\/\/nuevo-renacer.com\/#organization\"},\"potentialAction\":[{\"@type\":\"SearchAction\",\"target\":{\"@type\":\"EntryPoint\",\"urlTemplate\":\"https:\/\/nuevo-renacer.com\/?s={search_term_string}\"},\"query-input\":{\"@type\":\"PropertyValueSpecification\",\"valueRequired\":true,\"valueName\":\"search_term_string\"}}],\"inLanguage\":\"it-IT\"},{\"@type\":\"Organization\",\"@id\":\"https:\/\/nuevo-renacer.com\/#organization\",\"name\":\"UFEC\",\"url\":\"https:\/\/nuevo-renacer.com\/\",\"logo\":{\"@type\":\"ImageObject\",\"inLanguage\":\"it-IT\",\"@id\":\"https:\/\/nuevo-renacer.com\/#\/schema\/logo\/image\/\",\"url\":\"https:\/\/nuevo-renacer.com\/wp-content\/uploads\/2024\/05\/cropped-LOGO-TERMINADO1-3-3.png\",\"contentUrl\":\"https:\/\/nuevo-renacer.com\/wp-content\/uploads\/2024\/05\/cropped-LOGO-TERMINADO1-3-3.png\",\"width\":512,\"height\":512,\"caption\":\"UFEC\"},\"image\":{\"@id\":\"https:\/\/nuevo-renacer.com\/#\/schema\/logo\/image\/\"},\"sameAs\":[\"https:\/\/www.facebook.com\/groups\/3431398063740829\"]}]}<\/script>\n<!-- \/ Yoast SEO Premium plugin. -->","yoast_head_json":{"title":"Bar\u00f3n Johann Ludwig Guldenstubb\u00e9 - Uni\u00f3n Esp\u00edrita","robots":{"index":"index","follow":"follow","max-snippet":"max-snippet:-1","max-image-preview":"max-image-preview:large","max-video-preview":"max-video-preview:-1"},"canonical":"https:\/\/nuevo-renacer.com\/it\/baron-johann-ludwig-de-guldenstubbe\/","og_locale":"it_IT","og_type":"article","og_title":"Bar\u00f3n Johann Ludwig Guldenstubb\u00e9","og_description":"Bar\u00f3n Johann Ludwig de Guldenstubb\u00e9 Este gran palad\u00edn del Espiritismo fue un importante trabajador de las primeras horas del Espiritismo, un gran investigador del alma y cuyas obras tambi\u00e9n fueron quemadas en Espa\u00f1a por la Santa Inquisici\u00f3n el 9 de octubre de 1861 en el conocido AUTO DE FE EN BARCELONA. El bar\u00f3n Johann Ludwig [&hellip;]","og_url":"https:\/\/nuevo-renacer.com\/it\/baron-johann-ludwig-de-guldenstubbe\/","og_site_name":"Uni\u00f3n Esp\u00edrita","article_publisher":"https:\/\/www.facebook.com\/groups\/3431398063740829","article_modified_time":"2026-04-27T11:37:35+00:00","og_image":[{"width":517,"height":700,"url":"https:\/\/nuevo-renacer.com\/wp-content\/uploads\/2026\/04\/Baron-de-Guldenstubbe.jpg","type":"image\/jpeg"}],"twitter_card":"summary_large_image","twitter_misc":{"Tempo di lettura stimato":"5 minuti"},"schema":{"@context":"https:\/\/schema.org","@graph":[{"@type":"WebPage","@id":"https:\/\/nuevo-renacer.com\/baron-johann-ludwig-de-guldenstubbe\/","url":"https:\/\/nuevo-renacer.com\/baron-johann-ludwig-de-guldenstubbe\/","name":"Bar\u00f3n Johann Ludwig Guldenstubb\u00e9 - Uni\u00f3n Esp\u00edrita","isPartOf":{"@id":"https:\/\/nuevo-renacer.com\/#website"},"primaryImageOfPage":{"@id":"https:\/\/nuevo-renacer.com\/baron-johann-ludwig-de-guldenstubbe\/#primaryimage"},"image":{"@id":"https:\/\/nuevo-renacer.com\/baron-johann-ludwig-de-guldenstubbe\/#primaryimage"},"thumbnailUrl":"https:\/\/nuevo-renacer.com\/wp-content\/uploads\/2026\/04\/Baron-de-Guldenstubbe.jpg","datePublished":"2026-04-27T11:20:40+00:00","dateModified":"2026-04-27T11:37:35+00:00","breadcrumb":{"@id":"https:\/\/nuevo-renacer.com\/baron-johann-ludwig-de-guldenstubbe\/#breadcrumb"},"inLanguage":"it-IT","potentialAction":[{"@type":"ReadAction","target":["https:\/\/nuevo-renacer.com\/baron-johann-ludwig-de-guldenstubbe\/"]}]},{"@type":"ImageObject","inLanguage":"it-IT","@id":"https:\/\/nuevo-renacer.com\/baron-johann-ludwig-de-guldenstubbe\/#primaryimage","url":"https:\/\/nuevo-renacer.com\/wp-content\/uploads\/2026\/04\/Baron-de-Guldenstubbe.jpg","contentUrl":"https:\/\/nuevo-renacer.com\/wp-content\/uploads\/2026\/04\/Baron-de-Guldenstubbe.jpg"},{"@type":"BreadcrumbList","@id":"https:\/\/nuevo-renacer.com\/baron-johann-ludwig-de-guldenstubbe\/#breadcrumb","itemListElement":[{"@type":"ListItem","position":1,"name":"Startseite","item":"https:\/\/nuevo-renacer.com\/"},{"@type":"ListItem","position":2,"name":"Bar\u00f3n Johann Ludwig Guldenstubb\u00e9"}]},{"@type":"WebSite","@id":"https:\/\/nuevo-renacer.com\/#website","url":"https:\/\/nuevo-renacer.com\/","name":"Uni\u00f3n Esp\u00edrita","description":"Nuevo Renacer","publisher":{"@id":"https:\/\/nuevo-renacer.com\/#organization"},"potentialAction":[{"@type":"SearchAction","target":{"@type":"EntryPoint","urlTemplate":"https:\/\/nuevo-renacer.com\/?s={search_term_string}"},"query-input":{"@type":"PropertyValueSpecification","valueRequired":true,"valueName":"search_term_string"}}],"inLanguage":"it-IT"},{"@type":"Organization","@id":"https:\/\/nuevo-renacer.com\/#organization","name":"UFEC","url":"https:\/\/nuevo-renacer.com\/","logo":{"@type":"ImageObject","inLanguage":"it-IT","@id":"https:\/\/nuevo-renacer.com\/#\/schema\/logo\/image\/","url":"https:\/\/nuevo-renacer.com\/wp-content\/uploads\/2024\/05\/cropped-LOGO-TERMINADO1-3-3.png","contentUrl":"https:\/\/nuevo-renacer.com\/wp-content\/uploads\/2024\/05\/cropped-LOGO-TERMINADO1-3-3.png","width":512,"height":512,"caption":"UFEC"},"image":{"@id":"https:\/\/nuevo-renacer.com\/#\/schema\/logo\/image\/"},"sameAs":["https:\/\/www.facebook.com\/groups\/3431398063740829"]}]}},"uagb_featured_image_src":{"full":false,"thumbnail":false,"medium":false,"medium_large":false,"large":false,"1536x1536":false,"2048x2048":false,"trp-custom-language-flag":false},"uagb_author_info":{"display_name":"adbv0","author_link":"https:\/\/nuevo-renacer.com\/it\/author\/adbv0\/"},"uagb_comment_info":0,"uagb_excerpt":"Bar\u00f3n Johann Ludwig de Guldenstubb\u00e9 Este gran palad\u00edn del Espiritismo fue un importante trabajador de las primeras horas del Espiritismo, un gran investigador del alma y cuyas obras tambi\u00e9n fueron quemadas en Espa\u00f1a por la Santa Inquisici\u00f3n el 9 de octubre de 1861 en el conocido AUTO DE FE EN BARCELONA. El bar\u00f3n Johann Ludwig&hellip;","jetpack_sharing_enabled":true,"_links":{"self":[{"href":"https:\/\/nuevo-renacer.com\/it\/wp-json\/wp\/v2\/pages\/8920","targetHints":{"allow":["GET"]}}],"collection":[{"href":"https:\/\/nuevo-renacer.com\/it\/wp-json\/wp\/v2\/pages"}],"about":[{"href":"https:\/\/nuevo-renacer.com\/it\/wp-json\/wp\/v2\/types\/page"}],"author":[{"embeddable":true,"href":"https:\/\/nuevo-renacer.com\/it\/wp-json\/wp\/v2\/users\/1"}],"replies":[{"embeddable":true,"href":"https:\/\/nuevo-renacer.com\/it\/wp-json\/wp\/v2\/comments?post=8920"}],"version-history":[{"count":4,"href":"https:\/\/nuevo-renacer.com\/it\/wp-json\/wp\/v2\/pages\/8920\/revisions"}],"predecessor-version":[{"id":8928,"href":"https:\/\/nuevo-renacer.com\/it\/wp-json\/wp\/v2\/pages\/8920\/revisions\/8928"}],"wp:attachment":[{"href":"https:\/\/nuevo-renacer.com\/it\/wp-json\/wp\/v2\/media?parent=8920"}],"curies":[{"name":"wp","href":"https:\/\/api.w.org\/{rel}","templated":true}]}}