{"id":8913,"date":"2026-04-24T07:38:28","date_gmt":"2026-04-24T07:38:28","guid":{"rendered":"https:\/\/nuevo-renacer.com\/?page_id=8913"},"modified":"2026-04-24T07:38:31","modified_gmt":"2026-04-24T07:38:31","slug":"agostinho-pereira-de-souza","status":"publish","type":"page","link":"https:\/\/nuevo-renacer.com\/it\/agostinho-pereira-de-souza\/","title":{"rendered":"Agostinho Pereira de Souza"},"content":{"rendered":"<div class=\"wp-block-uagb-container uagb-block-14155b8c alignfull uagb-is-root-container\"><div class=\"uagb-container-inner-blocks-wrap\">\n<p class=\"has-black-color has-text-color has-link-color has-medium-font-size wp-elements-7c4640dcdfc8c690aca4b2c74f758e87\"><strong>Agostinho Pereira de Souza<\/strong><\/p>\n<\/div><\/div>\n\n\n\n<div class=\"wp-block-uagb-container uagb-block-16b35f8b alignfull uagb-is-root-container\"><div class=\"uagb-container-inner-blocks-wrap\">\n<figure class=\"wp-block-image size-large is-resized\"><img fetchpriority=\"high\" decoding=\"async\" width=\"926\" height=\"1024\" src=\"https:\/\/nuevo-renacer.com\/wp-content\/uploads\/2026\/04\/Agostinho-Pereira-de-Souza-926x1024.png\" alt=\"\" class=\"wp-image-8914\" style=\"aspect-ratio:0.9042985497520785;width:250px;height:auto\" srcset=\"https:\/\/nuevo-renacer.com\/wp-content\/uploads\/2026\/04\/Agostinho-Pereira-de-Souza-926x1024.png 926w, https:\/\/nuevo-renacer.com\/wp-content\/uploads\/2026\/04\/Agostinho-Pereira-de-Souza-271x300.png 271w, https:\/\/nuevo-renacer.com\/wp-content\/uploads\/2026\/04\/Agostinho-Pereira-de-Souza-768x849.png 768w, https:\/\/nuevo-renacer.com\/wp-content\/uploads\/2026\/04\/Agostinho-Pereira-de-Souza-11x12.png 11w, https:\/\/nuevo-renacer.com\/wp-content\/uploads\/2026\/04\/Agostinho-Pereira-de-Souza.png 1193w\" sizes=\"(max-width: 926px) 100vw, 926px\" \/><\/figure>\n<\/div><\/div>\n\n\n\n<div class=\"wp-block-uagb-container uagb-block-cc6a2222 alignfull uagb-is-root-container\"><div class=\"uagb-container-inner-blocks-wrap\">\n<p class=\"has-black-color has-text-color has-link-color has-small-font-size wp-elements-16b242478867f87f78bf9925f3eb650a\">Nato nella citt\u00e0 di Porto, in Portogallo, il 28 novembre 1889, e disincarnato a Rio de Janeiro il 12 ottobre 1955. Fu un uomo favorito dalla fortuna materiale, ben collocato nella vita come giusta ricompensa al suo spirito di lavoro; tuttavia, seppe utilizzare bene la sua ricchezza, senza mai esserne schiavo, destinandola al beneficio dei suoi collaboratori diretti e alle opere di beneficenza. Nel campo delle sue attivit\u00e0 commerciali era molto stimato, sia dalla clientela sia dai suoi dipendenti, i quali divennero partecipi dell\u2019azienda, ricevendo ciascuno una quota dei profitti secondo l\u2019interesse e la capacit\u00e0 dimostrati. I suoi genitori furono Manoel Sebasti\u00e3o Pereira de Souza J\u00fanior e Maria Lu\u00edza Ramos de Souza. Arriv\u00f2 in Brasile all\u2019et\u00e0 di 12 anni, nel 1901, approdando a Rio de Janeiro determinato a riuscire nella vita, come effettivamente riusc\u00ec, soprattutto grazie al suo spirito di onest\u00e0, affrontando dure lotte senza mai scoraggiarsi.<\/p>\n\n\n\n<p class=\"has-black-color has-text-color has-link-color has-small-font-size wp-elements-327cbcfd806693b296f4af57a43dd886\">Il suo primo impiego fu presso la sartoria \u201cO Fonseca\u201d, nella Rua do Ouvidor. In seguito lavor\u00f2 in diverse altre aziende, come \u201cAm\u00e9rica-Jap\u00e3o\u201d, \u201cBarbosa Freitas\u201d, \u201cCamisaria Universo\u201d, \u201cF\u00e1brica Confian\u00e7a\u201d, \u201cO Cysne\u201d e infine \u201cCamisaria Brand\u00e3o\u201d, da cui usc\u00ec per fondare la propria impresa, \u201cO Camiseiro\u201d, il 1\u00ba maggio 1919. Progred\u00ec notevolmente, arrivando a diventare una delle maggiori aziende nel mercato delle camicie a Rio de Janeiro. Spos\u00f2 Deolinda Veloso de Souza Agostinho, dalla cui unione nacquero sei figli. La signora Deolinda era una medium di notevoli virt\u00f9, impegnata attivamente a favore della Dottrina degli Spiriti. Dopo un breve periodo di malattia insidiosa, lo lasci\u00f2 vedovo il 12 ottobre 1954. Fu un duro colpo per Agostinho, che lo sopport\u00f2 con quella pazienza nata dalla Dottrina Spiritista, attraverso la conoscenza dell\u2019immortalit\u00e0 dell\u2019anima. Nel primo anniversario della disincarnazione della sua amata sposa, esattamente il 12 ottobre 1955, Agostinho, dopo una breve malattia, ebbe la grazia di distaccarsi dal corpo fisico nella massima serenit\u00e0, partendo alla ricerca della sua dolce compagna di vita terrena, in una prova evidente che erano davvero anime affini.<\/p>\n\n\n\n<p class=\"has-black-color has-text-color has-link-color has-small-font-size wp-elements-607cd9a63d31c6d66f50b641e6bb5147\">La scomparsa di Agostinho dalla scena spiritista di Rio de Janeiro caus\u00f2 grande nostalgia e profonda tristezza tra i suoi compagni di lavoro. Una perdita irreparabile per il grande amore che dimostrava per la causa. Spirito umanitario, dedito al bene, collaborava in quasi tutte le opere di assistenza ai bambini e agli anziani abbandonati, aiutando indistintamente chiunque ne avesse bisogno, nei limiti delle sue possibilit\u00e0, e valutando sempre la reale necessit\u00e0 di ciascuno per un adeguato soccorso. Agostinho Pereira de Souza aveva una fede incrollabile in Ges\u00f9. Attravers\u00f2 gravi difficolt\u00e0 nella vita, ma non si lasci\u00f2 mai abbattere, nemmeno di fronte ai problemi pi\u00f9 difficili; la sua fede superava ogni avversit\u00e0, certo che Dio, il magnanimo Padre e Creatore di tutte le cose, supplisce sempre alle nostre insufficienze, purch\u00e9 ci si armonizzi con Lui attraverso la fede, come raccomandato da Ges\u00f9. La sua credenza nell\u2019immortalit\u00e0 dell\u2019anima era fondata nella Dottrina Spiritista, secondo la codificazione data ad Allan Kardec dallo Spirito di Verit\u00e0. Non si allontan\u00f2 mai da tali principi.<\/p>\n\n\n\n<p class=\"has-black-color has-text-color has-link-color has-small-font-size wp-elements-0e3abd35f078ff8f3a949156be1868ac\">Fece parte del Consiglio Superiore della Federazione Spiritista Brasiliana, fu membro del consiglio direttivo del Gruppo Spiritista \u201cAnthony L\u00e9on\u201d di Tijuca e partecip\u00f2 alla Fondazione Marieta Gaio, accanto al suo fondatore Manoel Jorge Gaio. Su suggerimento di Leopoldo Machado, dopo il successo di una grande iniziativa nella sua attivit\u00e0 commerciale, si rivolse alla direzione dell\u2019Associazione Spiritista \u201cObreiros do Bem\u201d, che allora progettava la costruzione di un ospedale per malati mentali. Si interess\u00f2 all\u2019opera, don\u00f2 il terreno in Rua Santa Alexandrina, a Rio Comprido, e sotto la sua presidenza, con impegno e tenacia, avvi\u00f2 la costruzione dell\u2019Ospedale Spiritista \u201cPedro de Alc\u00e2ntara\u201d, un\u2019opera di grande portata. Nel suo desiderio di servire, Agostinho organizz\u00f2 anche, accanto all\u2019ospedale, la Casa di Salute e Maternit\u00e0 \u201cSanto Agostinho\u201d, in onore del grande Agostino del Cristianesimo, dal quale aveva ereditato il nome. Questo maestoso ospedale, purtroppo, oggi non porta pi\u00f9 sulla facciata il nome \u201cSpiritista\u201d; la sua direzione non \u00e8 pi\u00f9 spiritista, anche se rimane propriet\u00e0 dell\u2019Associazione Spiritista \u201cObreiros do Bem\u201d. I dirigenti non possono pi\u00f9 applicare la terapia spiritista ai malati mentali ricoverati, secondo l\u2019ideale del suo fondatore e del suo gruppo di collaboratori. Un medico, ex direttore dell\u2019ospedale, fu persino minacciato di azioni legali da medici tirocinanti perch\u00e9 praticava un \u201cpass\u201d su un paziente considerato malato mentale, e fu costretto a lasciare la direzione.<\/p>\n\n\n\n<p class=\"has-black-color has-text-color has-link-color has-small-font-size wp-elements-5ae1b035d99fff154606d9f42cac4b73\">Parlare dell\u2019opera di Agostinho Pereira de Souza \u00e8 senza fine, poich\u00e9 non vi fu alcuna realizzazione nel campo spiritista a Rio de Janeiro in cui il suo nome non comparisse in prima linea. Insieme a Leopoldo Machado, fond\u00f2 la trasmissione radiofonica \u201cHora Esp\u00edrita\u201d presso la vecchia R\u00e1dio Transmissora. Fu uno dei pilastri della realizzazione del Primo Congresso della Giovent\u00f9 Spiritista del Brasile, insieme a Leopoldo Machado, Lins de Vasconcellos, Carlos Imbassahy e molti altri. Oratore brillante, partecip\u00f2 a numerose Settimane Spiritiste e alla costante attivit\u00e0 \u201cAndate e predicate\u201d in tutto l\u2019ex Distretto Federale. Scrisse vari opuscoli basati sulle sue conoscenze dottrinali e contribu\u00ec ampiamente alla pubblicazione delle opere di Leopoldo Machado. Cuore buono, carattere calmo e misurato, temperamento cristiano, Agostinho Pereira de Souza fu riconosciuto per la sua umilt\u00e0 in tutte le sue realizzazioni. Le sue azioni, il suo comportamento, la sua dedizione alla causa spiritista e il suo amore per il Divino Amico Ges\u00f9 lo portarono a sublimi esempi, predicando il Vangelo non solo a parole, ma soprattutto con l\u2019esempio.<\/p>\n<\/div><\/div>\n\n\n\n<div class=\"wp-block-uagb-container uagb-block-064f8fde alignfull uagb-is-root-container\"><div class=\"uagb-container-inner-blocks-wrap\"><\/div><\/div>\n\n\n\n<div class=\"wp-block-uagb-container uagb-block-f7fb5235 alignfull uagb-is-root-container\"><div class=\"uagb-container-inner-blocks-wrap\"><\/div><\/div>","protected":false},"excerpt":{"rendered":"<p>Agostinho Pereira de Souza Nacido en la ciudad de Oporto, Portugal, el 28 de noviembre de 1889, y fallecido en R\u00edo de Janeiro el 12 de octubre de 1955. Fue un hombre favorecido por la fortuna material, bien posicionado en la vida como justo premio a su esp\u00edritu de trabajo; sin embargo, supo emplear bien [&hellip;]<\/p>","protected":false},"author":1,"featured_media":0,"parent":0,"menu_order":0,"comment_status":"closed","ping_status":"closed","template":"","meta":{"_uag_custom_page_level_css":"","site-sidebar-layout":"default","site-content-layout":"","ast-site-content-layout":"default","site-content-style":"default","site-sidebar-style":"default","ast-global-header-display":"","ast-banner-title-visibility":"","ast-main-header-display":"","ast-hfb-above-header-display":"","ast-hfb-below-header-display":"","ast-hfb-mobile-header-display":"","site-post-title":"disabled","ast-breadcrumbs-content":"","ast-featured-img":"","footer-sml-layout":"","theme-transparent-header-meta":"","adv-header-id-meta":"","stick-header-meta":"","header-above-stick-meta":"","header-main-stick-meta":"","header-below-stick-meta":"","astra-migrate-meta-layouts":"set","ast-page-background-enabled":"default","ast-page-background-meta":{"desktop":{"background-color":"var(--ast-global-color-4)","background-image":"","background-repeat":"repeat","background-position":"center center","background-size":"auto","background-attachment":"scroll","background-type":"","background-media":"","overlay-type":"","overlay-color":"","overlay-opacity":"","overlay-gradient":""},"tablet":{"background-color":"","background-image":"","background-repeat":"repeat","background-position":"center center","background-size":"auto","background-attachment":"scroll","background-type":"","background-media":"","overlay-type":"","overlay-color":"","overlay-opacity":"","overlay-gradient":""},"mobile":{"background-color":"","background-image":"","background-repeat":"repeat","background-position":"center center","background-size":"auto","background-attachment":"scroll","background-type":"","background-media":"","overlay-type":"","overlay-color":"","overlay-opacity":"","overlay-gradient":""}},"ast-content-background-meta":{"desktop":{"background-color":"var(--ast-global-color-5)","background-image":"","background-repeat":"repeat","background-position":"center center","background-size":"auto","background-attachment":"scroll","background-type":"","background-media":"","overlay-type":"","overlay-color":"","overlay-opacity":"","overlay-gradient":""},"tablet":{"background-color":"var(--ast-global-color-5)","background-image":"","background-repeat":"repeat","background-position":"center center","background-size":"auto","background-attachment":"scroll","background-type":"","background-media":"","overlay-type":"","overlay-color":"","overlay-opacity":"","overlay-gradient":""},"mobile":{"background-color":"var(--ast-global-color-5)","background-image":"","background-repeat":"repeat","background-position":"center center","background-size":"auto","background-attachment":"scroll","background-type":"","background-media":"","overlay-type":"","overlay-color":"","overlay-opacity":"","overlay-gradient":""}},"footnotes":""},"class_list":["post-8913","page","type-page","status-publish","hentry"],"yoast_head":"<!-- This site is optimized with the Yoast SEO Premium plugin v24.2 (Yoast SEO v24.6) - https:\/\/yoast.com\/wordpress\/plugins\/seo\/ -->\n<title>Agostinho Pereira de Souza - Uni\u00f3n Esp\u00edrita<\/title>\n<meta name=\"robots\" content=\"index, follow, max-snippet:-1, max-image-preview:large, max-video-preview:-1\" \/>\n<link rel=\"canonical\" href=\"https:\/\/nuevo-renacer.com\/it\/agostinho-pereira-de-souza\/\" \/>\n<meta property=\"og:locale\" content=\"it_IT\" \/>\n<meta property=\"og:type\" content=\"article\" \/>\n<meta property=\"og:title\" content=\"Agostinho Pereira de Souza\" \/>\n<meta property=\"og:description\" content=\"Agostinho Pereira de Souza Nacido en la ciudad de Oporto, Portugal, el 28 de noviembre de 1889, y fallecido en R\u00edo de Janeiro el 12 de octubre de 1955. Fue un hombre favorecido por la fortuna material, bien posicionado en la vida como justo premio a su esp\u00edritu de trabajo; sin embargo, supo emplear bien [&hellip;]\" \/>\n<meta property=\"og:url\" content=\"https:\/\/nuevo-renacer.com\/it\/agostinho-pereira-de-souza\/\" \/>\n<meta property=\"og:site_name\" content=\"Uni\u00f3n Esp\u00edrita\" \/>\n<meta property=\"article:publisher\" content=\"https:\/\/www.facebook.com\/groups\/3431398063740829\" \/>\n<meta property=\"article:modified_time\" content=\"2026-04-24T07:38:31+00:00\" \/>\n<meta property=\"og:image\" content=\"https:\/\/nuevo-renacer.com\/wp-content\/uploads\/2026\/04\/Agostinho-Pereira-de-Souza.png\" \/>\n\t<meta property=\"og:image:width\" content=\"1193\" \/>\n\t<meta property=\"og:image:height\" content=\"1319\" \/>\n\t<meta property=\"og:image:type\" content=\"image\/png\" \/>\n<meta name=\"twitter:card\" content=\"summary_large_image\" \/>\n<meta name=\"twitter:label1\" content=\"Tempo di lettura stimato\" \/>\n\t<meta name=\"twitter:data1\" content=\"6 minuti\" \/>\n<script type=\"application\/ld+json\" class=\"yoast-schema-graph\">{\"@context\":\"https:\/\/schema.org\",\"@graph\":[{\"@type\":\"WebPage\",\"@id\":\"https:\/\/nuevo-renacer.com\/agostinho-pereira-de-souza\/\",\"url\":\"https:\/\/nuevo-renacer.com\/agostinho-pereira-de-souza\/\",\"name\":\"Agostinho Pereira de Souza - Uni\u00f3n Esp\u00edrita\",\"isPartOf\":{\"@id\":\"https:\/\/nuevo-renacer.com\/#website\"},\"primaryImageOfPage\":{\"@id\":\"https:\/\/nuevo-renacer.com\/agostinho-pereira-de-souza\/#primaryimage\"},\"image\":{\"@id\":\"https:\/\/nuevo-renacer.com\/agostinho-pereira-de-souza\/#primaryimage\"},\"thumbnailUrl\":\"https:\/\/nuevo-renacer.com\/wp-content\/uploads\/2026\/04\/Agostinho-Pereira-de-Souza-926x1024.png\",\"datePublished\":\"2026-04-24T07:38:28+00:00\",\"dateModified\":\"2026-04-24T07:38:31+00:00\",\"breadcrumb\":{\"@id\":\"https:\/\/nuevo-renacer.com\/agostinho-pereira-de-souza\/#breadcrumb\"},\"inLanguage\":\"it-IT\",\"potentialAction\":[{\"@type\":\"ReadAction\",\"target\":[\"https:\/\/nuevo-renacer.com\/agostinho-pereira-de-souza\/\"]}]},{\"@type\":\"ImageObject\",\"inLanguage\":\"it-IT\",\"@id\":\"https:\/\/nuevo-renacer.com\/agostinho-pereira-de-souza\/#primaryimage\",\"url\":\"https:\/\/nuevo-renacer.com\/wp-content\/uploads\/2026\/04\/Agostinho-Pereira-de-Souza-926x1024.png\",\"contentUrl\":\"https:\/\/nuevo-renacer.com\/wp-content\/uploads\/2026\/04\/Agostinho-Pereira-de-Souza-926x1024.png\"},{\"@type\":\"BreadcrumbList\",\"@id\":\"https:\/\/nuevo-renacer.com\/agostinho-pereira-de-souza\/#breadcrumb\",\"itemListElement\":[{\"@type\":\"ListItem\",\"position\":1,\"name\":\"Startseite\",\"item\":\"https:\/\/nuevo-renacer.com\/\"},{\"@type\":\"ListItem\",\"position\":2,\"name\":\"Agostinho Pereira de Souza\"}]},{\"@type\":\"WebSite\",\"@id\":\"https:\/\/nuevo-renacer.com\/#website\",\"url\":\"https:\/\/nuevo-renacer.com\/\",\"name\":\"Uni\u00f3n Esp\u00edrita\",\"description\":\"Nuevo Renacer\",\"publisher\":{\"@id\":\"https:\/\/nuevo-renacer.com\/#organization\"},\"potentialAction\":[{\"@type\":\"SearchAction\",\"target\":{\"@type\":\"EntryPoint\",\"urlTemplate\":\"https:\/\/nuevo-renacer.com\/?s={search_term_string}\"},\"query-input\":{\"@type\":\"PropertyValueSpecification\",\"valueRequired\":true,\"valueName\":\"search_term_string\"}}],\"inLanguage\":\"it-IT\"},{\"@type\":\"Organization\",\"@id\":\"https:\/\/nuevo-renacer.com\/#organization\",\"name\":\"UFEC\",\"url\":\"https:\/\/nuevo-renacer.com\/\",\"logo\":{\"@type\":\"ImageObject\",\"inLanguage\":\"it-IT\",\"@id\":\"https:\/\/nuevo-renacer.com\/#\/schema\/logo\/image\/\",\"url\":\"https:\/\/nuevo-renacer.com\/wp-content\/uploads\/2024\/05\/cropped-LOGO-TERMINADO1-3-3.png\",\"contentUrl\":\"https:\/\/nuevo-renacer.com\/wp-content\/uploads\/2024\/05\/cropped-LOGO-TERMINADO1-3-3.png\",\"width\":512,\"height\":512,\"caption\":\"UFEC\"},\"image\":{\"@id\":\"https:\/\/nuevo-renacer.com\/#\/schema\/logo\/image\/\"},\"sameAs\":[\"https:\/\/www.facebook.com\/groups\/3431398063740829\"]}]}<\/script>\n<!-- \/ Yoast SEO Premium plugin. -->","yoast_head_json":{"title":"Agostinho Pereira de Souza - Uni\u00f3n Esp\u00edrita","robots":{"index":"index","follow":"follow","max-snippet":"max-snippet:-1","max-image-preview":"max-image-preview:large","max-video-preview":"max-video-preview:-1"},"canonical":"https:\/\/nuevo-renacer.com\/it\/agostinho-pereira-de-souza\/","og_locale":"it_IT","og_type":"article","og_title":"Agostinho Pereira de Souza","og_description":"Agostinho Pereira de Souza Nacido en la ciudad de Oporto, Portugal, el 28 de noviembre de 1889, y fallecido en R\u00edo de Janeiro el 12 de octubre de 1955. Fue un hombre favorecido por la fortuna material, bien posicionado en la vida como justo premio a su esp\u00edritu de trabajo; sin embargo, supo emplear bien [&hellip;]","og_url":"https:\/\/nuevo-renacer.com\/it\/agostinho-pereira-de-souza\/","og_site_name":"Uni\u00f3n Esp\u00edrita","article_publisher":"https:\/\/www.facebook.com\/groups\/3431398063740829","article_modified_time":"2026-04-24T07:38:31+00:00","og_image":[{"width":1193,"height":1319,"url":"https:\/\/nuevo-renacer.com\/wp-content\/uploads\/2026\/04\/Agostinho-Pereira-de-Souza.png","type":"image\/png"}],"twitter_card":"summary_large_image","twitter_misc":{"Tempo di lettura stimato":"6 minuti"},"schema":{"@context":"https:\/\/schema.org","@graph":[{"@type":"WebPage","@id":"https:\/\/nuevo-renacer.com\/agostinho-pereira-de-souza\/","url":"https:\/\/nuevo-renacer.com\/agostinho-pereira-de-souza\/","name":"Agostinho Pereira de Souza - Uni\u00f3n Esp\u00edrita","isPartOf":{"@id":"https:\/\/nuevo-renacer.com\/#website"},"primaryImageOfPage":{"@id":"https:\/\/nuevo-renacer.com\/agostinho-pereira-de-souza\/#primaryimage"},"image":{"@id":"https:\/\/nuevo-renacer.com\/agostinho-pereira-de-souza\/#primaryimage"},"thumbnailUrl":"https:\/\/nuevo-renacer.com\/wp-content\/uploads\/2026\/04\/Agostinho-Pereira-de-Souza-926x1024.png","datePublished":"2026-04-24T07:38:28+00:00","dateModified":"2026-04-24T07:38:31+00:00","breadcrumb":{"@id":"https:\/\/nuevo-renacer.com\/agostinho-pereira-de-souza\/#breadcrumb"},"inLanguage":"it-IT","potentialAction":[{"@type":"ReadAction","target":["https:\/\/nuevo-renacer.com\/agostinho-pereira-de-souza\/"]}]},{"@type":"ImageObject","inLanguage":"it-IT","@id":"https:\/\/nuevo-renacer.com\/agostinho-pereira-de-souza\/#primaryimage","url":"https:\/\/nuevo-renacer.com\/wp-content\/uploads\/2026\/04\/Agostinho-Pereira-de-Souza-926x1024.png","contentUrl":"https:\/\/nuevo-renacer.com\/wp-content\/uploads\/2026\/04\/Agostinho-Pereira-de-Souza-926x1024.png"},{"@type":"BreadcrumbList","@id":"https:\/\/nuevo-renacer.com\/agostinho-pereira-de-souza\/#breadcrumb","itemListElement":[{"@type":"ListItem","position":1,"name":"Startseite","item":"https:\/\/nuevo-renacer.com\/"},{"@type":"ListItem","position":2,"name":"Agostinho Pereira de Souza"}]},{"@type":"WebSite","@id":"https:\/\/nuevo-renacer.com\/#website","url":"https:\/\/nuevo-renacer.com\/","name":"Uni\u00f3n Esp\u00edrita","description":"Nuevo Renacer","publisher":{"@id":"https:\/\/nuevo-renacer.com\/#organization"},"potentialAction":[{"@type":"SearchAction","target":{"@type":"EntryPoint","urlTemplate":"https:\/\/nuevo-renacer.com\/?s={search_term_string}"},"query-input":{"@type":"PropertyValueSpecification","valueRequired":true,"valueName":"search_term_string"}}],"inLanguage":"it-IT"},{"@type":"Organization","@id":"https:\/\/nuevo-renacer.com\/#organization","name":"UFEC","url":"https:\/\/nuevo-renacer.com\/","logo":{"@type":"ImageObject","inLanguage":"it-IT","@id":"https:\/\/nuevo-renacer.com\/#\/schema\/logo\/image\/","url":"https:\/\/nuevo-renacer.com\/wp-content\/uploads\/2024\/05\/cropped-LOGO-TERMINADO1-3-3.png","contentUrl":"https:\/\/nuevo-renacer.com\/wp-content\/uploads\/2024\/05\/cropped-LOGO-TERMINADO1-3-3.png","width":512,"height":512,"caption":"UFEC"},"image":{"@id":"https:\/\/nuevo-renacer.com\/#\/schema\/logo\/image\/"},"sameAs":["https:\/\/www.facebook.com\/groups\/3431398063740829"]}]}},"uagb_featured_image_src":{"full":false,"thumbnail":false,"medium":false,"medium_large":false,"large":false,"1536x1536":false,"2048x2048":false,"trp-custom-language-flag":false},"uagb_author_info":{"display_name":"adbv0","author_link":"https:\/\/nuevo-renacer.com\/it\/author\/adbv0\/"},"uagb_comment_info":0,"uagb_excerpt":"Agostinho Pereira de Souza Nacido en la ciudad de Oporto, Portugal, el 28 de noviembre de 1889, y fallecido en R\u00edo de Janeiro el 12 de octubre de 1955. Fue un hombre favorecido por la fortuna material, bien posicionado en la vida como justo premio a su esp\u00edritu de trabajo; sin embargo, supo emplear bien&hellip;","jetpack_sharing_enabled":true,"_links":{"self":[{"href":"https:\/\/nuevo-renacer.com\/it\/wp-json\/wp\/v2\/pages\/8913","targetHints":{"allow":["GET"]}}],"collection":[{"href":"https:\/\/nuevo-renacer.com\/it\/wp-json\/wp\/v2\/pages"}],"about":[{"href":"https:\/\/nuevo-renacer.com\/it\/wp-json\/wp\/v2\/types\/page"}],"author":[{"embeddable":true,"href":"https:\/\/nuevo-renacer.com\/it\/wp-json\/wp\/v2\/users\/1"}],"replies":[{"embeddable":true,"href":"https:\/\/nuevo-renacer.com\/it\/wp-json\/wp\/v2\/comments?post=8913"}],"version-history":[{"count":1,"href":"https:\/\/nuevo-renacer.com\/it\/wp-json\/wp\/v2\/pages\/8913\/revisions"}],"predecessor-version":[{"id":8915,"href":"https:\/\/nuevo-renacer.com\/it\/wp-json\/wp\/v2\/pages\/8913\/revisions\/8915"}],"wp:attachment":[{"href":"https:\/\/nuevo-renacer.com\/it\/wp-json\/wp\/v2\/media?parent=8913"}],"curies":[{"name":"wp","href":"https:\/\/api.w.org\/{rel}","templated":true}]}}