{"id":8905,"date":"2026-04-21T16:04:05","date_gmt":"2026-04-21T16:04:05","guid":{"rendered":"https:\/\/nuevo-renacer.com\/?page_id=8905"},"modified":"2026-04-21T16:46:36","modified_gmt":"2026-04-21T16:46:36","slug":"martha-gallego-thomaz","status":"publish","type":"page","link":"https:\/\/nuevo-renacer.com\/it\/martha-gallego-thomaz\/","title":{"rendered":"Martha Gallego Thomaz"},"content":{"rendered":"<div class=\"wp-block-uagb-container uagb-block-a966a9ae alignfull uagb-is-root-container\"><div class=\"uagb-container-inner-blocks-wrap\">\n<p class=\"has-black-color has-text-color has-link-color has-medium-font-size wp-elements-388e4bd2ecec5d42aac5ee31a838d055\"><strong>Martha Gallego<\/strong> <strong>Thomaz<\/strong><\/p>\n<\/div><\/div>\n\n\n\n<div class=\"wp-block-uagb-container uagb-block-395f662d alignfull uagb-is-root-container\"><div class=\"uagb-container-inner-blocks-wrap\">\n<figure class=\"wp-block-image size-large is-resized\"><img fetchpriority=\"high\" decoding=\"async\" width=\"683\" height=\"1024\" src=\"https:\/\/nuevo-renacer.com\/wp-content\/uploads\/2026\/04\/Martha-Gallego-683x1024.webp\" alt=\"\" class=\"wp-image-8906\" style=\"aspect-ratio:0.6669900245260802;width:218px;height:auto\" srcset=\"https:\/\/nuevo-renacer.com\/wp-content\/uploads\/2026\/04\/Martha-Gallego-683x1024.webp 683w, https:\/\/nuevo-renacer.com\/wp-content\/uploads\/2026\/04\/Martha-Gallego-200x300.webp 200w, https:\/\/nuevo-renacer.com\/wp-content\/uploads\/2026\/04\/Martha-Gallego-768x1152.webp 768w, https:\/\/nuevo-renacer.com\/wp-content\/uploads\/2026\/04\/Martha-Gallego-1024x1536.webp 1024w, https:\/\/nuevo-renacer.com\/wp-content\/uploads\/2026\/04\/Martha-Gallego-1365x2048.webp 1365w, https:\/\/nuevo-renacer.com\/wp-content\/uploads\/2026\/04\/Martha-Gallego-8x12.webp 8w, https:\/\/nuevo-renacer.com\/wp-content\/uploads\/2026\/04\/Martha-Gallego-scaled.webp 1707w\" sizes=\"(max-width: 683px) 100vw, 683px\" \/><\/figure>\n<\/div><\/div>\n\n\n\n<div class=\"wp-block-uagb-container uagb-block-f9f861f2 alignfull uagb-is-root-container\"><div class=\"uagb-container-inner-blocks-wrap\">\n<p class=\"has-black-color has-text-color has-link-color has-small-font-size wp-elements-72445c517a7aee765a30c4e6e90816e2\">L\u2019eredit\u00e0 di Martha Gallego Thomaz nello spiritismo \u00e8 innegabile e la sua opera \u00e8 intrecciata alla storia della Federazione Spiritista dello Stato di San Paolo (FEESP). Il bene che fece a coloro che all\u2019epoca iniziavano nella dottrina e si sentivano insicuri riguardo alla propria medianit\u00e0 \u00e8 attestato dalle innumerevoli testimonianze di chi ancora oggi le \u00e8 grato per la sua dedizione e la sua capacit\u00e0 didattica. Molti ricordano la sua gioia, la sua musicalit\u00e0, la collaborazione con lo spirito Noel Rosa (1910\u20131937), cos\u00ec come l\u2019amicizia e il lavoro accanto a Edgard Armond (1894\u20131982). La sua ricerca di conoscenza e la facilit\u00e0 con cui organizzava gruppi di lavoro e scopriva nuovi collaboratori per la dottrina fecero di lei una delle pioniere del movimento spiritista di San Paolo. Nata a Rio de Janeiro il 24 marzo 1915, autrice di due libri dettati e tre psicografati, tra cui L\u2019Istituto di Confraternizzazione Universale e le Fraternit\u00e0 dello spazio (FEESP), Martha conosceva la sofferenza che la medianit\u00e0 pu\u00f2 comportare quando si ignorano i principi fondamentali della dottrina. Fin dall\u2019et\u00e0 di tre anni inizi\u00f2 a vedere gli spiriti, in un\u2019esperienza difficile e poco compresa dalla sua famiglia cattolica. Assisteva alle torture subite dal padre da parte di uno spirito infelice, che minacciava anche lei. Questa situazione cambi\u00f2 solo quando comp\u00ec dodici anni, quando una zia di Rio de Janeiro la invit\u00f2 a raggiungerla per effettuare insieme un trattamento a distanza per il padre, gi\u00e0 ricoverato in un ospedale psichiatrico. A casa della zia incontrarono una veggente dotata di grandi capacit\u00e0, che disse a Martha di non avere paura, poich\u00e9 la paura attirava lo spirito che la tormentava. Le consigli\u00f2 di concentrarsi fermamente su Ges\u00f9, e non lo avrebbe pi\u00f9 visto. Martha impar\u00f2 a concentrarsi in questo modo, pur mantenendo una forte chiaroveggenza: vedeva cose sia buone sia cattive.<\/p>\n\n\n\n<p class=\"has-black-color has-text-color has-link-color has-small-font-size wp-elements-5efc1b5accc1113a1e549d44ec7baa1b\">Cos\u00ec continu\u00f2 fino a quando, intorno ai trent\u2019anni, inizi\u00f2 per lei un nuovo periodo di tormento, con attacchi da parte degli spiriti che la portarono persino ad ammalarsi fisicamente. Su consiglio di amici, inizi\u00f2 a frequentare l\u2019umbanda, dove rimase per tre anni, finch\u00e9 non fu indirizzata a cercare un centro spiritista dove potesse studiare ed educare la propria medianit\u00e0. Si trasfer\u00ec quindi ad Atibaia, nello Stato di San Paolo, e cominci\u00f2 a frequentare il centro di Dona Eletra, dove ebbe il primo contatto con lo spirito Noel Rosa. Insieme realizzavano sedute di effetti fisici, venendo sempre richiamati dagli spiriti alla necessit\u00e0 dello studio. Questo port\u00f2 Martha, nel 1956, a frequentare la Federazione Spiritista nella capitale, dove pot\u00e9 approfondire le proprie conoscenze e prepararsi meglio al compito. L\u00ec Armond la sottopose a una prova, chiedendole di dire cosa vi fosse in una busta sigillata, cosa che lei indovin\u00f2 correttamente. Pur riconoscendo la qualit\u00e0 della sua medianit\u00e0, Armond le disse che non era ancora pronta per entrare a far parte del consiglio dei medium dell\u2019istituzione. Martha sostenne che loro potevano essere migliori perch\u00e9 avevano gi\u00e0 studiato, mentre lei no, e inizi\u00f2 quindi a frequentare la Scuola degli Apprendisti e dei Medium, entrando, dopo tre anni, nel consiglio dei medium. Dedic\u00f2 oltre cinquant\u2019anni di lavoro alla FEESP, oltre al suo impegno nell\u2019Alleanza Spiritista Evangelica e nel Gruppo Noel, da lei fondato nel 1977 a Vila Mariana. Dal 1956 al 1967 lavor\u00f2 con Edgard Armond, aiutandolo a identificare, attraverso la chiaroveggenza, gruppi di spiriti che si manifestavano e che erano legati a lavori di aiuto agli incarnati, poich\u00e9 egli svolgeva diversi studi e ricerche in merito.<\/p>\n\n\n\n<p class=\"has-black-color has-text-color has-link-color has-small-font-size wp-elements-39cf5bb0135f96fc4f1eac83ae7c1eff\">Eliana Franco, relatrice della FEESP, racconta di essere stata invitata da Martha a partecipare all\u2019assistenza spirituale rivolta ai bambini e di essere rimasta colpita dal modo in cui guidava i medium, evitando l\u2019orgoglio per le capacit\u00e0 medianiche e per il lavoro svolto. \u00abLei identificava sempre gli spiriti comunicanti, e le volte in cui non commentava era perch\u00e9 era presente uno spirito come Meimei o An\u00e1lia Franco. L\u2019attenzione era affinch\u00e9 non sviluppassimo un\u2019opinione di noi stessi pi\u00f9 elevata di quanto dovremmo\u00bb, spiega. In un\u2019intervista alla rivista Planeta, Martha dichiar\u00f2 che grazie alla medianit\u00e0 aveva acquisito una vasta conoscenza: \u00abHo frequentato solo la scuola primaria. Una volta abbiamo assistito un uomo i cui astrociti erano indeboliti \u2014 qualcosa che non appare nella tomografia. Ho consultato i miei amici medici, e loro me lo hanno spiegato. Gli astrociti nutrono i neuroni; quando sono indeboliti, si indebolisce anche il cervello. \u00c8 stato il lavoro medianico a darmi questa conoscenza\u00bb. Mor\u00ec il 3 settembre 2014 a San Paolo, all\u2019et\u00e0 di 99 anni, lasciando un\u2019eredit\u00e0 di gioia e responsabilit\u00e0 che ha segnato tutti coloro che hanno lavorato con lei, in particolare nelle pratiche di \u201cvibrazioni\u201d che istitu\u00ec e guid\u00f2 per molti anni, riunendo cuori uniti nella ricerca della pace e nel desiderio di un mondo migliore.<\/p>\n<\/div><\/div>\n\n\n\n<div class=\"wp-block-uagb-container uagb-block-fb3d5469 alignfull uagb-is-root-container\"><div class=\"uagb-container-inner-blocks-wrap\"><\/div><\/div>\n\n\n\n<div class=\"wp-block-uagb-container uagb-block-acd75ed5 alignfull uagb-is-root-container\"><div class=\"uagb-container-inner-blocks-wrap\"><\/div><\/div>","protected":false},"excerpt":{"rendered":"<p>Martha Gallego Thomaz El legado de Martha Gallego Thomaz al espiritismo es incuestionable y su obra est\u00e1 entrelazada con la historia de la Federaci\u00f3n Esp\u00edrita del Estado de S\u00e3o Paulo (FEESP). El bien que hizo a quienes se iniciaban en la doctrina en aquella \u00e9poca y se sent\u00edan inseguros con su mediumnidad puede comprobarse a [&hellip;]<\/p>","protected":false},"author":1,"featured_media":0,"parent":0,"menu_order":0,"comment_status":"closed","ping_status":"closed","template":"","meta":{"_uag_custom_page_level_css":"","site-sidebar-layout":"default","site-content-layout":"","ast-site-content-layout":"default","site-content-style":"default","site-sidebar-style":"default","ast-global-header-display":"","ast-banner-title-visibility":"","ast-main-header-display":"","ast-hfb-above-header-display":"","ast-hfb-below-header-display":"","ast-hfb-mobile-header-display":"","site-post-title":"disabled","ast-breadcrumbs-content":"","ast-featured-img":"","footer-sml-layout":"","theme-transparent-header-meta":"","adv-header-id-meta":"","stick-header-meta":"","header-above-stick-meta":"","header-main-stick-meta":"","header-below-stick-meta":"","astra-migrate-meta-layouts":"set","ast-page-background-enabled":"default","ast-page-background-meta":{"desktop":{"background-color":"var(--ast-global-color-4)","background-image":"","background-repeat":"repeat","background-position":"center center","background-size":"auto","background-attachment":"scroll","background-type":"","background-media":"","overlay-type":"","overlay-color":"","overlay-opacity":"","overlay-gradient":""},"tablet":{"background-color":"","background-image":"","background-repeat":"repeat","background-position":"center center","background-size":"auto","background-attachment":"scroll","background-type":"","background-media":"","overlay-type":"","overlay-color":"","overlay-opacity":"","overlay-gradient":""},"mobile":{"background-color":"","background-image":"","background-repeat":"repeat","background-position":"center center","background-size":"auto","background-attachment":"scroll","background-type":"","background-media":"","overlay-type":"","overlay-color":"","overlay-opacity":"","overlay-gradient":""}},"ast-content-background-meta":{"desktop":{"background-color":"var(--ast-global-color-5)","background-image":"","background-repeat":"repeat","background-position":"center center","background-size":"auto","background-attachment":"scroll","background-type":"","background-media":"","overlay-type":"","overlay-color":"","overlay-opacity":"","overlay-gradient":""},"tablet":{"background-color":"var(--ast-global-color-5)","background-image":"","background-repeat":"repeat","background-position":"center center","background-size":"auto","background-attachment":"scroll","background-type":"","background-media":"","overlay-type":"","overlay-color":"","overlay-opacity":"","overlay-gradient":""},"mobile":{"background-color":"var(--ast-global-color-5)","background-image":"","background-repeat":"repeat","background-position":"center center","background-size":"auto","background-attachment":"scroll","background-type":"","background-media":"","overlay-type":"","overlay-color":"","overlay-opacity":"","overlay-gradient":""}},"footnotes":""},"class_list":["post-8905","page","type-page","status-publish","hentry"],"yoast_head":"<!-- This site is optimized with the Yoast SEO Premium plugin v24.2 (Yoast SEO v24.6) - https:\/\/yoast.com\/wordpress\/plugins\/seo\/ -->\n<title>Martha Gallego Thomaz - Uni\u00f3n Esp\u00edrita<\/title>\n<meta name=\"robots\" content=\"index, follow, max-snippet:-1, max-image-preview:large, max-video-preview:-1\" \/>\n<link rel=\"canonical\" href=\"https:\/\/nuevo-renacer.com\/it\/martha-gallego-thomaz\/\" \/>\n<meta property=\"og:locale\" content=\"it_IT\" \/>\n<meta property=\"og:type\" content=\"article\" \/>\n<meta property=\"og:title\" content=\"Martha Gallego Thomaz\" \/>\n<meta property=\"og:description\" content=\"Martha Gallego Thomaz El legado de Martha Gallego Thomaz al espiritismo es incuestionable y su obra est\u00e1 entrelazada con la historia de la Federaci\u00f3n Esp\u00edrita del Estado de S\u00e3o Paulo (FEESP). El bien que hizo a quienes se iniciaban en la doctrina en aquella \u00e9poca y se sent\u00edan inseguros con su mediumnidad puede comprobarse a [&hellip;]\" \/>\n<meta property=\"og:url\" content=\"https:\/\/nuevo-renacer.com\/it\/martha-gallego-thomaz\/\" \/>\n<meta property=\"og:site_name\" content=\"Uni\u00f3n Esp\u00edrita\" \/>\n<meta property=\"article:publisher\" content=\"https:\/\/www.facebook.com\/groups\/3431398063740829\" \/>\n<meta property=\"article:modified_time\" content=\"2026-04-21T16:46:36+00:00\" \/>\n<meta property=\"og:image\" content=\"https:\/\/nuevo-renacer.com\/wp-content\/uploads\/2026\/04\/Martha-Gallego-scaled.webp\" \/>\n\t<meta property=\"og:image:width\" content=\"1707\" \/>\n\t<meta property=\"og:image:height\" content=\"2560\" \/>\n\t<meta property=\"og:image:type\" content=\"image\/webp\" \/>\n<meta name=\"twitter:card\" content=\"summary_large_image\" \/>\n<meta name=\"twitter:label1\" content=\"Tempo di lettura stimato\" \/>\n\t<meta name=\"twitter:data1\" content=\"5 minuti\" \/>\n<script type=\"application\/ld+json\" class=\"yoast-schema-graph\">{\"@context\":\"https:\/\/schema.org\",\"@graph\":[{\"@type\":\"WebPage\",\"@id\":\"https:\/\/nuevo-renacer.com\/martha-gallego-thomaz\/\",\"url\":\"https:\/\/nuevo-renacer.com\/martha-gallego-thomaz\/\",\"name\":\"Martha Gallego Thomaz - Uni\u00f3n Esp\u00edrita\",\"isPartOf\":{\"@id\":\"https:\/\/nuevo-renacer.com\/#website\"},\"primaryImageOfPage\":{\"@id\":\"https:\/\/nuevo-renacer.com\/martha-gallego-thomaz\/#primaryimage\"},\"image\":{\"@id\":\"https:\/\/nuevo-renacer.com\/martha-gallego-thomaz\/#primaryimage\"},\"thumbnailUrl\":\"https:\/\/nuevo-renacer.com\/wp-content\/uploads\/2026\/04\/Martha-Gallego-683x1024.webp\",\"datePublished\":\"2026-04-21T16:04:05+00:00\",\"dateModified\":\"2026-04-21T16:46:36+00:00\",\"breadcrumb\":{\"@id\":\"https:\/\/nuevo-renacer.com\/martha-gallego-thomaz\/#breadcrumb\"},\"inLanguage\":\"it-IT\",\"potentialAction\":[{\"@type\":\"ReadAction\",\"target\":[\"https:\/\/nuevo-renacer.com\/martha-gallego-thomaz\/\"]}]},{\"@type\":\"ImageObject\",\"inLanguage\":\"it-IT\",\"@id\":\"https:\/\/nuevo-renacer.com\/martha-gallego-thomaz\/#primaryimage\",\"url\":\"https:\/\/nuevo-renacer.com\/wp-content\/uploads\/2026\/04\/Martha-Gallego-683x1024.webp\",\"contentUrl\":\"https:\/\/nuevo-renacer.com\/wp-content\/uploads\/2026\/04\/Martha-Gallego-683x1024.webp\"},{\"@type\":\"BreadcrumbList\",\"@id\":\"https:\/\/nuevo-renacer.com\/martha-gallego-thomaz\/#breadcrumb\",\"itemListElement\":[{\"@type\":\"ListItem\",\"position\":1,\"name\":\"Startseite\",\"item\":\"https:\/\/nuevo-renacer.com\/\"},{\"@type\":\"ListItem\",\"position\":2,\"name\":\"Martha Gallego Thomaz\"}]},{\"@type\":\"WebSite\",\"@id\":\"https:\/\/nuevo-renacer.com\/#website\",\"url\":\"https:\/\/nuevo-renacer.com\/\",\"name\":\"Uni\u00f3n Esp\u00edrita\",\"description\":\"Nuevo Renacer\",\"publisher\":{\"@id\":\"https:\/\/nuevo-renacer.com\/#organization\"},\"potentialAction\":[{\"@type\":\"SearchAction\",\"target\":{\"@type\":\"EntryPoint\",\"urlTemplate\":\"https:\/\/nuevo-renacer.com\/?s={search_term_string}\"},\"query-input\":{\"@type\":\"PropertyValueSpecification\",\"valueRequired\":true,\"valueName\":\"search_term_string\"}}],\"inLanguage\":\"it-IT\"},{\"@type\":\"Organization\",\"@id\":\"https:\/\/nuevo-renacer.com\/#organization\",\"name\":\"UFEC\",\"url\":\"https:\/\/nuevo-renacer.com\/\",\"logo\":{\"@type\":\"ImageObject\",\"inLanguage\":\"it-IT\",\"@id\":\"https:\/\/nuevo-renacer.com\/#\/schema\/logo\/image\/\",\"url\":\"https:\/\/nuevo-renacer.com\/wp-content\/uploads\/2024\/05\/cropped-LOGO-TERMINADO1-3-3.png\",\"contentUrl\":\"https:\/\/nuevo-renacer.com\/wp-content\/uploads\/2024\/05\/cropped-LOGO-TERMINADO1-3-3.png\",\"width\":512,\"height\":512,\"caption\":\"UFEC\"},\"image\":{\"@id\":\"https:\/\/nuevo-renacer.com\/#\/schema\/logo\/image\/\"},\"sameAs\":[\"https:\/\/www.facebook.com\/groups\/3431398063740829\"]}]}<\/script>\n<!-- \/ Yoast SEO Premium plugin. -->","yoast_head_json":{"title":"Martha Gallego Thomaz - Uni\u00f3n Esp\u00edrita","robots":{"index":"index","follow":"follow","max-snippet":"max-snippet:-1","max-image-preview":"max-image-preview:large","max-video-preview":"max-video-preview:-1"},"canonical":"https:\/\/nuevo-renacer.com\/it\/martha-gallego-thomaz\/","og_locale":"it_IT","og_type":"article","og_title":"Martha Gallego Thomaz","og_description":"Martha Gallego Thomaz El legado de Martha Gallego Thomaz al espiritismo es incuestionable y su obra est\u00e1 entrelazada con la historia de la Federaci\u00f3n Esp\u00edrita del Estado de S\u00e3o Paulo (FEESP). El bien que hizo a quienes se iniciaban en la doctrina en aquella \u00e9poca y se sent\u00edan inseguros con su mediumnidad puede comprobarse a [&hellip;]","og_url":"https:\/\/nuevo-renacer.com\/it\/martha-gallego-thomaz\/","og_site_name":"Uni\u00f3n Esp\u00edrita","article_publisher":"https:\/\/www.facebook.com\/groups\/3431398063740829","article_modified_time":"2026-04-21T16:46:36+00:00","og_image":[{"width":1707,"height":2560,"url":"https:\/\/nuevo-renacer.com\/wp-content\/uploads\/2026\/04\/Martha-Gallego-scaled.webp","type":"image\/webp"}],"twitter_card":"summary_large_image","twitter_misc":{"Tempo di lettura stimato":"5 minuti"},"schema":{"@context":"https:\/\/schema.org","@graph":[{"@type":"WebPage","@id":"https:\/\/nuevo-renacer.com\/martha-gallego-thomaz\/","url":"https:\/\/nuevo-renacer.com\/martha-gallego-thomaz\/","name":"Martha Gallego Thomaz - Uni\u00f3n Esp\u00edrita","isPartOf":{"@id":"https:\/\/nuevo-renacer.com\/#website"},"primaryImageOfPage":{"@id":"https:\/\/nuevo-renacer.com\/martha-gallego-thomaz\/#primaryimage"},"image":{"@id":"https:\/\/nuevo-renacer.com\/martha-gallego-thomaz\/#primaryimage"},"thumbnailUrl":"https:\/\/nuevo-renacer.com\/wp-content\/uploads\/2026\/04\/Martha-Gallego-683x1024.webp","datePublished":"2026-04-21T16:04:05+00:00","dateModified":"2026-04-21T16:46:36+00:00","breadcrumb":{"@id":"https:\/\/nuevo-renacer.com\/martha-gallego-thomaz\/#breadcrumb"},"inLanguage":"it-IT","potentialAction":[{"@type":"ReadAction","target":["https:\/\/nuevo-renacer.com\/martha-gallego-thomaz\/"]}]},{"@type":"ImageObject","inLanguage":"it-IT","@id":"https:\/\/nuevo-renacer.com\/martha-gallego-thomaz\/#primaryimage","url":"https:\/\/nuevo-renacer.com\/wp-content\/uploads\/2026\/04\/Martha-Gallego-683x1024.webp","contentUrl":"https:\/\/nuevo-renacer.com\/wp-content\/uploads\/2026\/04\/Martha-Gallego-683x1024.webp"},{"@type":"BreadcrumbList","@id":"https:\/\/nuevo-renacer.com\/martha-gallego-thomaz\/#breadcrumb","itemListElement":[{"@type":"ListItem","position":1,"name":"Startseite","item":"https:\/\/nuevo-renacer.com\/"},{"@type":"ListItem","position":2,"name":"Martha Gallego Thomaz"}]},{"@type":"WebSite","@id":"https:\/\/nuevo-renacer.com\/#website","url":"https:\/\/nuevo-renacer.com\/","name":"Uni\u00f3n Esp\u00edrita","description":"Nuevo Renacer","publisher":{"@id":"https:\/\/nuevo-renacer.com\/#organization"},"potentialAction":[{"@type":"SearchAction","target":{"@type":"EntryPoint","urlTemplate":"https:\/\/nuevo-renacer.com\/?s={search_term_string}"},"query-input":{"@type":"PropertyValueSpecification","valueRequired":true,"valueName":"search_term_string"}}],"inLanguage":"it-IT"},{"@type":"Organization","@id":"https:\/\/nuevo-renacer.com\/#organization","name":"UFEC","url":"https:\/\/nuevo-renacer.com\/","logo":{"@type":"ImageObject","inLanguage":"it-IT","@id":"https:\/\/nuevo-renacer.com\/#\/schema\/logo\/image\/","url":"https:\/\/nuevo-renacer.com\/wp-content\/uploads\/2024\/05\/cropped-LOGO-TERMINADO1-3-3.png","contentUrl":"https:\/\/nuevo-renacer.com\/wp-content\/uploads\/2024\/05\/cropped-LOGO-TERMINADO1-3-3.png","width":512,"height":512,"caption":"UFEC"},"image":{"@id":"https:\/\/nuevo-renacer.com\/#\/schema\/logo\/image\/"},"sameAs":["https:\/\/www.facebook.com\/groups\/3431398063740829"]}]}},"uagb_featured_image_src":{"full":false,"thumbnail":false,"medium":false,"medium_large":false,"large":false,"1536x1536":false,"2048x2048":false,"trp-custom-language-flag":false},"uagb_author_info":{"display_name":"adbv0","author_link":"https:\/\/nuevo-renacer.com\/it\/author\/adbv0\/"},"uagb_comment_info":0,"uagb_excerpt":"Martha Gallego Thomaz El legado de Martha Gallego Thomaz al espiritismo es incuestionable y su obra est\u00e1 entrelazada con la historia de la Federaci\u00f3n Esp\u00edrita del Estado de S\u00e3o Paulo (FEESP). El bien que hizo a quienes se iniciaban en la doctrina en aquella \u00e9poca y se sent\u00edan inseguros con su mediumnidad puede comprobarse a&hellip;","jetpack_sharing_enabled":true,"_links":{"self":[{"href":"https:\/\/nuevo-renacer.com\/it\/wp-json\/wp\/v2\/pages\/8905","targetHints":{"allow":["GET"]}}],"collection":[{"href":"https:\/\/nuevo-renacer.com\/it\/wp-json\/wp\/v2\/pages"}],"about":[{"href":"https:\/\/nuevo-renacer.com\/it\/wp-json\/wp\/v2\/types\/page"}],"author":[{"embeddable":true,"href":"https:\/\/nuevo-renacer.com\/it\/wp-json\/wp\/v2\/users\/1"}],"replies":[{"embeddable":true,"href":"https:\/\/nuevo-renacer.com\/it\/wp-json\/wp\/v2\/comments?post=8905"}],"version-history":[{"count":3,"href":"https:\/\/nuevo-renacer.com\/it\/wp-json\/wp\/v2\/pages\/8905\/revisions"}],"predecessor-version":[{"id":8912,"href":"https:\/\/nuevo-renacer.com\/it\/wp-json\/wp\/v2\/pages\/8905\/revisions\/8912"}],"wp:attachment":[{"href":"https:\/\/nuevo-renacer.com\/it\/wp-json\/wp\/v2\/media?parent=8905"}],"curies":[{"name":"wp","href":"https:\/\/api.w.org\/{rel}","templated":true}]}}