{"id":8865,"date":"2026-04-20T17:29:09","date_gmt":"2026-04-20T17:29:09","guid":{"rendered":"https:\/\/nuevo-renacer.com\/?page_id=8865"},"modified":"2026-04-20T17:30:34","modified_gmt":"2026-04-20T17:30:34","slug":"olegario-ramos","status":"publish","type":"page","link":"https:\/\/nuevo-renacer.com\/it\/olegario-ramos\/","title":{"rendered":"Oleg\u00e1rio Ramos"},"content":{"rendered":"<div class=\"wp-block-uagb-container uagb-block-ad47bb37 alignfull uagb-is-root-container\"><div class=\"uagb-container-inner-blocks-wrap\">\n<p class=\"has-black-color has-text-color has-link-color has-medium-font-size wp-elements-771d7e0ab75144f8fb59e058efa0cb10\"><strong>Oleg\u00e1rio Ramos<\/strong><\/p>\n<\/div><\/div>\n\n\n\n<div class=\"wp-block-uagb-container uagb-block-7f241ff2 alignfull uagb-is-root-container\"><div class=\"uagb-container-inner-blocks-wrap\">\n<figure class=\"wp-block-image size-large is-resized\"><img fetchpriority=\"high\" decoding=\"async\" width=\"979\" height=\"1024\" src=\"https:\/\/nuevo-renacer.com\/wp-content\/uploads\/2026\/04\/Olegario-Ramos-979x1024.jpg\" alt=\"\" class=\"wp-image-8866\" style=\"aspect-ratio:0.9560659602184075;width:259px;height:auto\" srcset=\"https:\/\/nuevo-renacer.com\/wp-content\/uploads\/2026\/04\/Olegario-Ramos-979x1024.jpg 979w, https:\/\/nuevo-renacer.com\/wp-content\/uploads\/2026\/04\/Olegario-Ramos-287x300.jpg 287w, https:\/\/nuevo-renacer.com\/wp-content\/uploads\/2026\/04\/Olegario-Ramos-768x803.jpg 768w, https:\/\/nuevo-renacer.com\/wp-content\/uploads\/2026\/04\/Olegario-Ramos-11x12.jpg 11w, https:\/\/nuevo-renacer.com\/wp-content\/uploads\/2026\/04\/Olegario-Ramos.jpg 1024w\" sizes=\"(max-width: 979px) 100vw, 979px\" \/><\/figure>\n<\/div><\/div>\n\n\n\n<div class=\"wp-block-uagb-container uagb-block-272367b5 alignfull uagb-is-root-container\"><div class=\"uagb-container-inner-blocks-wrap\">\n<p class=\"has-black-color has-text-color has-link-color has-small-font-size wp-elements-5ff03439ced98f65ea435415cd0a5bf6\">Oleg\u00e1rio Ramos arriv\u00f2 a Gar\u00e7a, nello stato di S\u00e3o Paulo, insieme alla sua famiglia intorno al 1934. Figlio di schiavi, aveva beneficiato della Legge del Ventre Libero ed era stato cresciuto da un sacerdote di Rio Claro, con il quale apprese le prime nozioni di spiritismo. Il sacerdote aveva percepito nel bambino qualcosa che nello spiritismo chiamiamo medianit\u00e0. Gli compr\u00f2 alcuni esemplari delle opere di Allan Kardec, dicendogli che quella sarebbe stata la sua vera strada. Anche dopo essersi sposato, Oleg\u00e1rio, sua moglie e i suoi figli non smisero mai di visitare Frei Luiz, in segno di immensa gratitudine. Quando arrivarono a Gar\u00e7a, entrando in contatto con altre persone che gi\u00e0 si identificavano come spiritisti, Oleg\u00e1rio inizi\u00f2 a tenere sedute nella sua casa. E, dopo qualche tempo, la guida spirituale dei lavori raccomand\u00f2 la costruzione di un centro spiritista. Nacque cos\u00ec l\u2019idea del Centro Spiritista Pace, Amore e Carit\u00e0, fondato nel 1943. Non manc\u00f2 la collaborazione degli amici. Fin dall\u2019inizio, il signor Paschoal Boaretto don\u00f2 il terreno per la costruzione del centro, accanto alla casa di Oleg\u00e1rio. Lo sforzo di tutti fece s\u00ec che in poco tempo il piccolo centro fosse completato, nuovo e pronto per essere utilizzato. <\/p>\n\n\n\n<p class=\"has-black-color has-text-color has-link-color has-small-font-size wp-elements-0f1c0ea62dd21ffadb4ef1ae70e7c1f2\">Nella sua condizione di uomo nero, povero e spiritista, fin dal suo arrivo a Gar\u00e7a si scaten\u00f2 contro di lui e la sua famiglia un\u2019ondata aperta di discriminazione, guidata da persone della Chiesa e con il consenso del parroco locale. In quell\u2019epoca il cattolicesimo predominava in modo assoluto. Un giorno, l\u2019edificio appena costruito di Pace, Amore e Carit\u00e0 fu trovato completamente vandalizzato, con parole offensive scritte sui muri che attribuivano lo spiritismo al demonio. Fu un momento oscuro per la dottrina. Ciononostante, gli spiritisti si recarono alla stazione di polizia locale e presentarono una denuncia. Gar\u00e7a non disponeva di un commissario titolare, ma il signor Brasil Joly, che era spiritista e svolgeva tale funzione, ordin\u00f2 che venissero identificati i responsabili e diede loro un termine per restituire il centro nelle stesse condizioni in cui lo avevano trovato. E cos\u00ec fu fatto. Tuttavia, pochi giorni dopo, un documento che denunciava il gruppo spiritista per pratiche di stregoneria, ciarlataneria e attentato al buon costume giunse alla stazione di polizia. Oleg\u00e1rio ricevette una convocazione per presentarsi davanti all\u2019autorit\u00e0 di polizia nella citt\u00e0 di Piraju\u00ed, a circa 50 chilometri da Gar\u00e7a su strade sterrate, nel pieno della stagione delle piogge. Aspettandosi il peggio, in sella al suo cavallo dovette affrontare una forte pioggia durante il tragitto, oltre ad attraversare il fiume Feio, gi\u00e0 molto ingrossato e pericoloso. <\/p>\n\n\n\n<p class=\"has-black-color has-text-color has-link-color has-small-font-size wp-elements-9ac775b51a8a750756e921c8c3216b9c\">Non c\u2019erano ponti. Dona Vit\u00f3ria, sua moglie, rimase a casa molto preoccupata, poich\u00e9 passarono giorni senza alcuna notizia del marito. A causa di questo ritardo, insieme alla figlia Mercedes, si diressero a Piraju\u00ed cavalcando un asinello. Mercedes racconta che il viaggio fu una vera odissea. Quando arrivarono sulla riva del fiume Feio, si spaventarono per il volume d\u2019acqua che scorreva rapidamente sotto la pioggia intensa. Nonostante ci\u00f2, determinate, entrarono nell\u2019acqua, correndo seri rischi di morte. Con grande sforzo (e naturalmente con la preghiera) riuscirono a raggiungere l\u2019altra riva. Quando arrivarono a Piraju\u00ed, si diressero subito verso una pensione, dove pensavano di trovare il marito, se non fosse gi\u00e0 stato arrestato. E, grazie a Dio, lo trovarono. Oleg\u00e1rio si sorprese nel vedere sua moglie e sua figlia, senza capire come fossero riuscite ad arrivare fin l\u00ec con quel maltempo e la corrente furiosa del fiume. Alla domanda se si fosse presentato davanti al commissario, Oleg\u00e1rio raccont\u00f2 che temeva ci\u00f2 che avrebbe potuto accadergli, ma che quando si present\u00f2 nell\u2019ufficio del commissario, questi gli disse semplicemente: \u00abSignor Oleg\u00e1rio, lei \u00e8 un brav\u2019uomo. Dicono che lei sia un guaritore. Ma se sta guarendo, \u00e8 una cosa buona, perch\u00e9 cos\u00ec le persone non muoiono.\u00bb <\/p>\n\n\n\n<p class=\"has-black-color has-text-color has-link-color has-small-font-size wp-elements-36fe9fe31e61ef0fe1a2e0e1172f9184\">Quell\u2019accoglienza da parte dell\u2019autorit\u00e0 di polizia lo colse di sorpresa e, senza capire cosa stesse accadendo, ringrazi\u00f2 per la protezione spirituale e torn\u00f2 alla pensione per aspettare che il tempo migliorasse. Oleg\u00e1rio Ramos mor\u00ec a Gar\u00e7a nel 1972, all\u2019et\u00e0 di 106 anni; sua moglie Vit\u00f3ria raggiunse i 103 anni e sua figlia Mercedes Ramos, che fece questo racconto, mor\u00ec a 92 anni. Oleg\u00e1rio e Vit\u00f3ria ebbero cinque figli, due femmine e tre maschi, tutti ormai deceduti.<\/p>\n\n\n\n<p class=\"has-black-color has-text-color has-link-color has-small-font-size wp-elements-5cd8d3abca518d19400185ad6fd0f87e\">Fonte: Correio News<\/p>\n<\/div><\/div>\n\n\n\n<div class=\"wp-block-uagb-container uagb-block-e9fa68c6 alignfull uagb-is-root-container\"><div class=\"uagb-container-inner-blocks-wrap\"><\/div><\/div>\n\n\n\n<div class=\"wp-block-uagb-container uagb-block-62b49483 alignfull uagb-is-root-container\"><div class=\"uagb-container-inner-blocks-wrap\"><\/div><\/div>","protected":false},"excerpt":{"rendered":"<p>Oleg\u00e1rio Ramos Oleg\u00e1rio Ramos lleg\u00f3 a Gar\u00e7a, en el estado de S\u00e3o Paulo, junto con su familia alrededor de 1934. Hijo de esclavos, se hab\u00eda beneficiado de la Ley del Vientre Libre y fue criado por un sacerdote de Rio Claro, con quien aprendi\u00f3 las primeras nociones de espiritismo. El sacerdote hab\u00eda percibido algo en [&hellip;]<\/p>","protected":false},"author":1,"featured_media":0,"parent":0,"menu_order":0,"comment_status":"closed","ping_status":"closed","template":"","meta":{"_uag_custom_page_level_css":"","site-sidebar-layout":"default","site-content-layout":"","ast-site-content-layout":"default","site-content-style":"default","site-sidebar-style":"default","ast-global-header-display":"","ast-banner-title-visibility":"","ast-main-header-display":"","ast-hfb-above-header-display":"","ast-hfb-below-header-display":"","ast-hfb-mobile-header-display":"","site-post-title":"disabled","ast-breadcrumbs-content":"","ast-featured-img":"","footer-sml-layout":"","theme-transparent-header-meta":"","adv-header-id-meta":"","stick-header-meta":"","header-above-stick-meta":"","header-main-stick-meta":"","header-below-stick-meta":"","astra-migrate-meta-layouts":"set","ast-page-background-enabled":"default","ast-page-background-meta":{"desktop":{"background-color":"var(--ast-global-color-4)","background-image":"","background-repeat":"repeat","background-position":"center center","background-size":"auto","background-attachment":"scroll","background-type":"","background-media":"","overlay-type":"","overlay-color":"","overlay-opacity":"","overlay-gradient":""},"tablet":{"background-color":"","background-image":"","background-repeat":"repeat","background-position":"center center","background-size":"auto","background-attachment":"scroll","background-type":"","background-media":"","overlay-type":"","overlay-color":"","overlay-opacity":"","overlay-gradient":""},"mobile":{"background-color":"","background-image":"","background-repeat":"repeat","background-position":"center center","background-size":"auto","background-attachment":"scroll","background-type":"","background-media":"","overlay-type":"","overlay-color":"","overlay-opacity":"","overlay-gradient":""}},"ast-content-background-meta":{"desktop":{"background-color":"var(--ast-global-color-5)","background-image":"","background-repeat":"repeat","background-position":"center center","background-size":"auto","background-attachment":"scroll","background-type":"","background-media":"","overlay-type":"","overlay-color":"","overlay-opacity":"","overlay-gradient":""},"tablet":{"background-color":"var(--ast-global-color-5)","background-image":"","background-repeat":"repeat","background-position":"center center","background-size":"auto","background-attachment":"scroll","background-type":"","background-media":"","overlay-type":"","overlay-color":"","overlay-opacity":"","overlay-gradient":""},"mobile":{"background-color":"var(--ast-global-color-5)","background-image":"","background-repeat":"repeat","background-position":"center center","background-size":"auto","background-attachment":"scroll","background-type":"","background-media":"","overlay-type":"","overlay-color":"","overlay-opacity":"","overlay-gradient":""}},"footnotes":""},"class_list":["post-8865","page","type-page","status-publish","hentry"],"yoast_head":"<!-- This site is optimized with the Yoast SEO Premium plugin v24.2 (Yoast SEO v24.6) - https:\/\/yoast.com\/wordpress\/plugins\/seo\/ -->\n<title>Oleg\u00e1rio Ramos - Uni\u00f3n Esp\u00edrita<\/title>\n<meta name=\"robots\" content=\"index, follow, max-snippet:-1, max-image-preview:large, max-video-preview:-1\" \/>\n<link rel=\"canonical\" href=\"https:\/\/nuevo-renacer.com\/it\/olegario-ramos\/\" \/>\n<meta property=\"og:locale\" content=\"it_IT\" \/>\n<meta property=\"og:type\" content=\"article\" \/>\n<meta property=\"og:title\" content=\"Oleg\u00e1rio Ramos\" \/>\n<meta property=\"og:description\" content=\"Oleg\u00e1rio Ramos Oleg\u00e1rio Ramos lleg\u00f3 a Gar\u00e7a, en el estado de S\u00e3o Paulo, junto con su familia alrededor de 1934. Hijo de esclavos, se hab\u00eda beneficiado de la Ley del Vientre Libre y fue criado por un sacerdote de Rio Claro, con quien aprendi\u00f3 las primeras nociones de espiritismo. El sacerdote hab\u00eda percibido algo en [&hellip;]\" \/>\n<meta property=\"og:url\" content=\"https:\/\/nuevo-renacer.com\/it\/olegario-ramos\/\" \/>\n<meta property=\"og:site_name\" content=\"Uni\u00f3n Esp\u00edrita\" \/>\n<meta property=\"article:publisher\" content=\"https:\/\/www.facebook.com\/groups\/3431398063740829\" \/>\n<meta property=\"article:modified_time\" content=\"2026-04-20T17:30:34+00:00\" \/>\n<meta property=\"og:image\" content=\"https:\/\/nuevo-renacer.com\/wp-content\/uploads\/2026\/04\/Olegario-Ramos.jpg\" \/>\n\t<meta property=\"og:image:width\" content=\"1024\" \/>\n\t<meta property=\"og:image:height\" content=\"1071\" \/>\n\t<meta property=\"og:image:type\" content=\"image\/jpeg\" \/>\n<meta name=\"twitter:card\" content=\"summary_large_image\" \/>\n<meta name=\"twitter:label1\" content=\"Tempo di lettura stimato\" \/>\n\t<meta name=\"twitter:data1\" content=\"5 minuti\" \/>\n<script type=\"application\/ld+json\" class=\"yoast-schema-graph\">{\"@context\":\"https:\/\/schema.org\",\"@graph\":[{\"@type\":\"WebPage\",\"@id\":\"https:\/\/nuevo-renacer.com\/olegario-ramos\/\",\"url\":\"https:\/\/nuevo-renacer.com\/olegario-ramos\/\",\"name\":\"Oleg\u00e1rio Ramos - Uni\u00f3n Esp\u00edrita\",\"isPartOf\":{\"@id\":\"https:\/\/nuevo-renacer.com\/#website\"},\"primaryImageOfPage\":{\"@id\":\"https:\/\/nuevo-renacer.com\/olegario-ramos\/#primaryimage\"},\"image\":{\"@id\":\"https:\/\/nuevo-renacer.com\/olegario-ramos\/#primaryimage\"},\"thumbnailUrl\":\"https:\/\/nuevo-renacer.com\/wp-content\/uploads\/2026\/04\/Olegario-Ramos-979x1024.jpg\",\"datePublished\":\"2026-04-20T17:29:09+00:00\",\"dateModified\":\"2026-04-20T17:30:34+00:00\",\"breadcrumb\":{\"@id\":\"https:\/\/nuevo-renacer.com\/olegario-ramos\/#breadcrumb\"},\"inLanguage\":\"it-IT\",\"potentialAction\":[{\"@type\":\"ReadAction\",\"target\":[\"https:\/\/nuevo-renacer.com\/olegario-ramos\/\"]}]},{\"@type\":\"ImageObject\",\"inLanguage\":\"it-IT\",\"@id\":\"https:\/\/nuevo-renacer.com\/olegario-ramos\/#primaryimage\",\"url\":\"https:\/\/nuevo-renacer.com\/wp-content\/uploads\/2026\/04\/Olegario-Ramos-979x1024.jpg\",\"contentUrl\":\"https:\/\/nuevo-renacer.com\/wp-content\/uploads\/2026\/04\/Olegario-Ramos-979x1024.jpg\"},{\"@type\":\"BreadcrumbList\",\"@id\":\"https:\/\/nuevo-renacer.com\/olegario-ramos\/#breadcrumb\",\"itemListElement\":[{\"@type\":\"ListItem\",\"position\":1,\"name\":\"Startseite\",\"item\":\"https:\/\/nuevo-renacer.com\/\"},{\"@type\":\"ListItem\",\"position\":2,\"name\":\"Oleg\u00e1rio Ramos\"}]},{\"@type\":\"WebSite\",\"@id\":\"https:\/\/nuevo-renacer.com\/#website\",\"url\":\"https:\/\/nuevo-renacer.com\/\",\"name\":\"Uni\u00f3n Esp\u00edrita\",\"description\":\"Nuevo Renacer\",\"publisher\":{\"@id\":\"https:\/\/nuevo-renacer.com\/#organization\"},\"potentialAction\":[{\"@type\":\"SearchAction\",\"target\":{\"@type\":\"EntryPoint\",\"urlTemplate\":\"https:\/\/nuevo-renacer.com\/?s={search_term_string}\"},\"query-input\":{\"@type\":\"PropertyValueSpecification\",\"valueRequired\":true,\"valueName\":\"search_term_string\"}}],\"inLanguage\":\"it-IT\"},{\"@type\":\"Organization\",\"@id\":\"https:\/\/nuevo-renacer.com\/#organization\",\"name\":\"UFEC\",\"url\":\"https:\/\/nuevo-renacer.com\/\",\"logo\":{\"@type\":\"ImageObject\",\"inLanguage\":\"it-IT\",\"@id\":\"https:\/\/nuevo-renacer.com\/#\/schema\/logo\/image\/\",\"url\":\"https:\/\/nuevo-renacer.com\/wp-content\/uploads\/2024\/05\/cropped-LOGO-TERMINADO1-3-3.png\",\"contentUrl\":\"https:\/\/nuevo-renacer.com\/wp-content\/uploads\/2024\/05\/cropped-LOGO-TERMINADO1-3-3.png\",\"width\":512,\"height\":512,\"caption\":\"UFEC\"},\"image\":{\"@id\":\"https:\/\/nuevo-renacer.com\/#\/schema\/logo\/image\/\"},\"sameAs\":[\"https:\/\/www.facebook.com\/groups\/3431398063740829\"]}]}<\/script>\n<!-- \/ Yoast SEO Premium plugin. -->","yoast_head_json":{"title":"Oleg\u00e1rio Ramos - Uni\u00f3n Esp\u00edrita","robots":{"index":"index","follow":"follow","max-snippet":"max-snippet:-1","max-image-preview":"max-image-preview:large","max-video-preview":"max-video-preview:-1"},"canonical":"https:\/\/nuevo-renacer.com\/it\/olegario-ramos\/","og_locale":"it_IT","og_type":"article","og_title":"Oleg\u00e1rio Ramos","og_description":"Oleg\u00e1rio Ramos Oleg\u00e1rio Ramos lleg\u00f3 a Gar\u00e7a, en el estado de S\u00e3o Paulo, junto con su familia alrededor de 1934. Hijo de esclavos, se hab\u00eda beneficiado de la Ley del Vientre Libre y fue criado por un sacerdote de Rio Claro, con quien aprendi\u00f3 las primeras nociones de espiritismo. El sacerdote hab\u00eda percibido algo en [&hellip;]","og_url":"https:\/\/nuevo-renacer.com\/it\/olegario-ramos\/","og_site_name":"Uni\u00f3n Esp\u00edrita","article_publisher":"https:\/\/www.facebook.com\/groups\/3431398063740829","article_modified_time":"2026-04-20T17:30:34+00:00","og_image":[{"width":1024,"height":1071,"url":"https:\/\/nuevo-renacer.com\/wp-content\/uploads\/2026\/04\/Olegario-Ramos.jpg","type":"image\/jpeg"}],"twitter_card":"summary_large_image","twitter_misc":{"Tempo di lettura stimato":"5 minuti"},"schema":{"@context":"https:\/\/schema.org","@graph":[{"@type":"WebPage","@id":"https:\/\/nuevo-renacer.com\/olegario-ramos\/","url":"https:\/\/nuevo-renacer.com\/olegario-ramos\/","name":"Oleg\u00e1rio Ramos - Uni\u00f3n Esp\u00edrita","isPartOf":{"@id":"https:\/\/nuevo-renacer.com\/#website"},"primaryImageOfPage":{"@id":"https:\/\/nuevo-renacer.com\/olegario-ramos\/#primaryimage"},"image":{"@id":"https:\/\/nuevo-renacer.com\/olegario-ramos\/#primaryimage"},"thumbnailUrl":"https:\/\/nuevo-renacer.com\/wp-content\/uploads\/2026\/04\/Olegario-Ramos-979x1024.jpg","datePublished":"2026-04-20T17:29:09+00:00","dateModified":"2026-04-20T17:30:34+00:00","breadcrumb":{"@id":"https:\/\/nuevo-renacer.com\/olegario-ramos\/#breadcrumb"},"inLanguage":"it-IT","potentialAction":[{"@type":"ReadAction","target":["https:\/\/nuevo-renacer.com\/olegario-ramos\/"]}]},{"@type":"ImageObject","inLanguage":"it-IT","@id":"https:\/\/nuevo-renacer.com\/olegario-ramos\/#primaryimage","url":"https:\/\/nuevo-renacer.com\/wp-content\/uploads\/2026\/04\/Olegario-Ramos-979x1024.jpg","contentUrl":"https:\/\/nuevo-renacer.com\/wp-content\/uploads\/2026\/04\/Olegario-Ramos-979x1024.jpg"},{"@type":"BreadcrumbList","@id":"https:\/\/nuevo-renacer.com\/olegario-ramos\/#breadcrumb","itemListElement":[{"@type":"ListItem","position":1,"name":"Startseite","item":"https:\/\/nuevo-renacer.com\/"},{"@type":"ListItem","position":2,"name":"Oleg\u00e1rio Ramos"}]},{"@type":"WebSite","@id":"https:\/\/nuevo-renacer.com\/#website","url":"https:\/\/nuevo-renacer.com\/","name":"Uni\u00f3n Esp\u00edrita","description":"Nuevo Renacer","publisher":{"@id":"https:\/\/nuevo-renacer.com\/#organization"},"potentialAction":[{"@type":"SearchAction","target":{"@type":"EntryPoint","urlTemplate":"https:\/\/nuevo-renacer.com\/?s={search_term_string}"},"query-input":{"@type":"PropertyValueSpecification","valueRequired":true,"valueName":"search_term_string"}}],"inLanguage":"it-IT"},{"@type":"Organization","@id":"https:\/\/nuevo-renacer.com\/#organization","name":"UFEC","url":"https:\/\/nuevo-renacer.com\/","logo":{"@type":"ImageObject","inLanguage":"it-IT","@id":"https:\/\/nuevo-renacer.com\/#\/schema\/logo\/image\/","url":"https:\/\/nuevo-renacer.com\/wp-content\/uploads\/2024\/05\/cropped-LOGO-TERMINADO1-3-3.png","contentUrl":"https:\/\/nuevo-renacer.com\/wp-content\/uploads\/2024\/05\/cropped-LOGO-TERMINADO1-3-3.png","width":512,"height":512,"caption":"UFEC"},"image":{"@id":"https:\/\/nuevo-renacer.com\/#\/schema\/logo\/image\/"},"sameAs":["https:\/\/www.facebook.com\/groups\/3431398063740829"]}]}},"uagb_featured_image_src":{"full":false,"thumbnail":false,"medium":false,"medium_large":false,"large":false,"1536x1536":false,"2048x2048":false,"trp-custom-language-flag":false},"uagb_author_info":{"display_name":"adbv0","author_link":"https:\/\/nuevo-renacer.com\/it\/author\/adbv0\/"},"uagb_comment_info":0,"uagb_excerpt":"Oleg\u00e1rio Ramos Oleg\u00e1rio Ramos lleg\u00f3 a Gar\u00e7a, en el estado de S\u00e3o Paulo, junto con su familia alrededor de 1934. Hijo de esclavos, se hab\u00eda beneficiado de la Ley del Vientre Libre y fue criado por un sacerdote de Rio Claro, con quien aprendi\u00f3 las primeras nociones de espiritismo. El sacerdote hab\u00eda percibido algo en&hellip;","jetpack_sharing_enabled":true,"_links":{"self":[{"href":"https:\/\/nuevo-renacer.com\/it\/wp-json\/wp\/v2\/pages\/8865","targetHints":{"allow":["GET"]}}],"collection":[{"href":"https:\/\/nuevo-renacer.com\/it\/wp-json\/wp\/v2\/pages"}],"about":[{"href":"https:\/\/nuevo-renacer.com\/it\/wp-json\/wp\/v2\/types\/page"}],"author":[{"embeddable":true,"href":"https:\/\/nuevo-renacer.com\/it\/wp-json\/wp\/v2\/users\/1"}],"replies":[{"embeddable":true,"href":"https:\/\/nuevo-renacer.com\/it\/wp-json\/wp\/v2\/comments?post=8865"}],"version-history":[{"count":2,"href":"https:\/\/nuevo-renacer.com\/it\/wp-json\/wp\/v2\/pages\/8865\/revisions"}],"predecessor-version":[{"id":8869,"href":"https:\/\/nuevo-renacer.com\/it\/wp-json\/wp\/v2\/pages\/8865\/revisions\/8869"}],"wp:attachment":[{"href":"https:\/\/nuevo-renacer.com\/it\/wp-json\/wp\/v2\/media?parent=8865"}],"curies":[{"name":"wp","href":"https:\/\/api.w.org\/{rel}","templated":true}]}}