{"id":8858,"date":"2026-04-17T11:17:46","date_gmt":"2026-04-17T11:17:46","guid":{"rendered":"https:\/\/nuevo-renacer.com\/?page_id=8858"},"modified":"2026-04-17T11:38:08","modified_gmt":"2026-04-17T11:38:08","slug":"inacio-ferreira-de-oliveira","status":"publish","type":"page","link":"https:\/\/nuevo-renacer.com\/it\/inacio-ferreira-de-oliveira\/","title":{"rendered":"In\u00e1cio Ferreira de Oliveira"},"content":{"rendered":"<p class=\"has-black-color has-text-color has-link-color has-medium-font-size wp-elements-b1816ef08e1a557bade2a4fc1ccd039f\"><strong>In\u00e1cio Ferreira de Oliveira<\/strong><\/p>\n\n\n\n<div class=\"wp-block-uagb-container uagb-block-06f2dfd1 alignfull uagb-is-root-container\"><div class=\"uagb-container-inner-blocks-wrap\">\n<figure class=\"wp-block-image size-full is-resized\"><img fetchpriority=\"high\" decoding=\"async\" width=\"191\" height=\"264\" src=\"https:\/\/nuevo-renacer.com\/wp-content\/uploads\/2026\/04\/Inacio-Ferreira-de-Oliveira.jpg\" alt=\"\" class=\"wp-image-8859\" style=\"width:234px;height:auto\" srcset=\"https:\/\/nuevo-renacer.com\/wp-content\/uploads\/2026\/04\/Inacio-Ferreira-de-Oliveira.jpg 191w, https:\/\/nuevo-renacer.com\/wp-content\/uploads\/2026\/04\/Inacio-Ferreira-de-Oliveira-9x12.jpg 9w\" sizes=\"(max-width: 191px) 100vw, 191px\" \/><\/figure>\n<\/div><\/div>\n\n\n\n<div class=\"wp-block-uagb-container uagb-block-8ca75e29 alignfull uagb-is-root-container\"><div class=\"uagb-container-inner-blocks-wrap\">\n<p class=\"has-black-color has-text-color has-link-color has-small-font-size wp-elements-2831ec992247cd17d97201409530e9aa\">In\u00e1cio Ferreira de Oliveira nacque a Uberaba il 15 aprile 1904, figlio di Jacinto Ferreira de Oliveira, ex allevatore di bestiame, e di Maria Lucas de Oliveira. Fu sposato con Aparecida Valicenti Ferreira. Laureatosi in medicina con specializzazione in psichiatria presso la Facolt\u00e0 di Medicina dell\u2019Universit\u00e0 del Brasile, a Rio de Janeiro (oggi UFRJ), esercit\u00f2 con dedizione e spirito di servizio il ruolo di Direttore Clinico del Sanatorio Spiritista di Uberaba sin dalla sua inaugurazione nel 1933.<\/p>\n\n\n\n<p class=\"has-black-color has-text-color has-link-color has-small-font-size wp-elements-c4fd26c5b659b07b87652ea47990c8ba\">Per altruismo accett\u00f2 l\u2019incarico, pur dichiarando di non essere spiritista ma materialista. Durante il suo primo anno di lavoro nel sanatorio, In\u00e1cio Ferreira fece ricorso esclusivamente alle risorse della medicina ufficiale per la diagnosi e il trattamento dei disturbi mentali. Si limitava a osservare e studiare le pratiche medianiche di \u201cdisobsessione\u201d svolte dalla principale medium del sanatorio e una delle sue fondatrici, Maria Modesta Cravo, affettuosamente chiamata Dona Modesta.<\/p>\n\n\n\n<p class=\"has-black-color has-text-color has-link-color has-small-font-size wp-elements-3349d616d5b4fe2d1ea4c727fc8f4190\">Dopo un anno di osservazione e ricerca delle attivit\u00e0 medianiche svolte nell\u2019ospedale, il dottor In\u00e1cio rifer\u00ec di essere convinto della teoria spiritista proposta per la spiegazione, diagnosi e trattamento dei disturbi mentali. Dichiar\u00f2 di aderire allo spiritismo e fu probabilmente il primo medico a istituzionalizzare le idee di trattamento della malattia mentale proposte dal medico spiritista dottor Bezerra de Menezes (1831\u20131900).<\/p>\n\n\n\n<p class=\"has-black-color has-text-color has-link-color has-small-font-size wp-elements-a09a036b8ee5c0006c5f8e7161f78945\">Fino alla sua morte, il 27 settembre 1988, cerc\u00f2 di combinare il trattamento psichiatrico convenzionale con la terapia spiritista e le riunioni di disobsessione. Tra i libri che scrisse, sei riguardano direttamente il rapporto tra medicina e spiritismo: Hai ragione (1942), dedicato a confutare le accuse mediche secondo cui lo spiritismo sarebbe un fattore scatenante della follia; Nuove direzioni per la medicina I e II (1945\u20131948), in cui discute e illustra, con numerosi casi clinici, l\u2019approccio spiritista al trattamento della malattia mentale; Spiritismo e medicina (1941), Psichiatria di fronte alla reincarnazione (1940) e Pellegrini della vita (1982). Pur lodando gli sforzi degli psichiatri nel corso degli anni, sottolineava la frustrazione nella ricerca delle cause e l\u2019inefficacia in gran parte dei casi trattati.<\/p>\n\n\n\n<p class=\"has-black-color has-text-color has-link-color has-small-font-size wp-elements-029de2965ff9dca54a320db27cf88829\">Lo spiritismo, insieme ai fattori sociali e biologici, sarebbe uno strumento indispensabile affinch\u00e9 la psichiatria possa compiere un salto qualitativo, aiutandola a comprendere e trattare meglio i disturbi mentali. A coloro che rispondevano con ironia a questa affermazione, Ferreira ricordava che le sue osservazioni erano il risultato di notti e giorni di sacrificio e di lunghe ore di ricerca e studio. Sottolineava che provenivano da un medico consapevole delle proprie responsabilit\u00e0 e che aveva deciso di pubblicarle solo dopo migliaia di prove e risultati. Sosteneva che l\u2019alto tasso di guarigioni ottenute, nonostante le risorse limitate, fosse una delle prove a favore della teoria spiritista.<\/p>\n\n\n\n<p class=\"has-black-color has-text-color has-link-color has-small-font-size wp-elements-e04592999d70f90ac2afbc10460a4aa8\">Tuttavia, l\u2019autore non negava le cause materiali; al contrario, affermava che pi\u00f9 della met\u00e0 dei pazienti inviati al sanatorio come \u201cossessionati\u201d erano in realt\u00e0 affetti da malattie organiche o funzionali di natura medica. Il trattamento medico-spirituale praticato nel sanatorio dal dottor In\u00e1cio Ferreira, cos\u00ec come le sue pubblicazioni, andarono oltre i confini del movimento spiritista brasiliano, raggiungendo la stampa, il grande pubblico e ricercatori di diversi Paesi. Sia il dottor In\u00e1cio Ferreira sia il dottor Bezerra de Menezes riportarono numerosi casi di guarigioni straordinarie ottenute attraverso la terapia spiritista.<\/p>\n\n\n\n<p class=\"has-black-color has-text-color has-link-color has-small-font-size wp-elements-15213162dea43a1577eee42544472281\">Con la collaborazione di Dona Modesta, del generoso filantropo Abdon Alonso y Alonso e dei giovani membri dell\u2019Unione della Giovent\u00f9 Spiritista di Uberaba, il dottor In\u00e1cio Ferreira realizz\u00f2 in soli due anni (1947\u20131949) la sua idea di costruire il \u201cLar Esp\u00edrita\u201d, un\u2019istituzione destinata ad accogliere ed educare ragazze in difficolt\u00e0. Il terreno fu acquistato e donato a tale istituzione dallo stesso dottor In\u00e1cio.<\/p>\n\n\n\n<p class=\"has-black-color has-text-color has-link-color has-small-font-size wp-elements-3c110dfda5284c9fb67dedded33dd6ce\">Alla fine della sua vita ricevette numerosi e meritati riconoscimenti. Nel 1979 l\u2019Associazione Medica del Minas Gerais gli confer\u00ec un riconoscimento per i suoi 50 anni di attivit\u00e0 nella medicina. Nel 1987 la Societ\u00e0 di Medicina e Chirurgia di Uberaba e la Facolt\u00e0 di Medicina del Tri\u00e2ngulo Mineiro lo onorarono per il lavoro svolto nella citt\u00e0. In\u00e1cio contribu\u00ec in modo significativo all\u2019istituzionalizzazione delle pratiche e delle rappresentazioni proposte dallo spiritismo per la diagnosi e il trattamento dei disturbi mentali, diventando anche il principale divulgatore di tali principi sia in Brasile che all\u2019estero.<\/p>\n\n\n\n<p class=\"has-black-color has-text-color has-link-color has-small-font-size wp-elements-e578e0c2883a3fe6459cdd03c62aaefa\">Estratto di un\u2019intervista concessa a Elias Barbosa nel 1970:<\/p>\n\n\n\n<p class=\"has-black-color has-text-color has-link-color has-small-font-size wp-elements-8a02cc4f9a3bf7f6d899d49e7d1832b9\">Come \u00e8 diventato spiritista, dottor In\u00e1cio?<\/p>\n\n\n\n<p class=\"has-black-color has-text-color has-link-color has-small-font-size wp-elements-d77b62c4a53f85fe5da8843f507efc95\">Poich\u00e9 negli anni Trenta diversi medici si rifiutarono di assumersi la responsabilit\u00e0 della gestione del Sanatorio Spiritista di Uberaba \u2014 di fronte alle autorit\u00e0 e alla societ\u00e0 \u2014 per il timore dei possibili danni alle loro cliniche, accettai l\u2019incarico con determinazione e altruismo. Non conoscevo n\u00e9 comprendevo nulla dello spiritismo. Alla vigilia dell\u2019inaugurazione del sanatorio, ricevetti da Maria Modesta Cravo, allora direttrice amministrativa, due libri con una dedica del dottor Bezerra de Menezes: il primo, Il Vangelo secondo lo spiritismo di Allan Kardec, e il secondo, il Codice penale brasiliano, ai quali prestai poca attenzione.<\/p>\n\n\n\n<p class=\"has-black-color has-text-color has-link-color has-small-font-size wp-elements-7610dc863b017d0db9769418a3c23c80\">Solo un anno dopo, dopo numerose osservazioni di straordinari casi di guarigione nel sanatorio \u2014 senza il contributo della mia scienza materialista n\u00e9 della mia terapia \u2014 si risvegli\u00f2 in me la curiosit\u00e0 verso quei due \u201ccodici\u201d, il divino e l\u2019umano. Leggendo il primo, mi imbattei in conoscenze velate dal pensiero materialista che riemersero nel mio ragionamento, come se fossero risvegliate da esperienze di vite precedenti. Esplorai le altre opere spiritiste come se si trattasse di ricordi. Risvegliato dalla lettura e dall\u2019esperienza, cercai di osservare e comprendere pi\u00f9 da vicino le attivit\u00e0 di guarigione e di insegnamento dottrinale, arrendendomi infine alla meraviglia della \u201cTerza Rivelazione\u201d e dedicandomi anima e corpo allo studio, alla sperimentazione e ai risultati che ne derivarono, che poi divulgai attraverso articoli, conferenze e libri.<\/p>\n<\/div><\/div>\n\n\n\n<div class=\"wp-block-uagb-container uagb-block-4673fcc1 alignfull uagb-is-root-container\"><div class=\"uagb-container-inner-blocks-wrap\"><\/div><\/div>\n\n\n\n<div class=\"wp-block-uagb-container uagb-block-2b87fdbf alignfull uagb-is-root-container\"><div class=\"uagb-container-inner-blocks-wrap\"><\/div><\/div>","protected":false},"excerpt":{"rendered":"<p>In\u00e1cio Ferreira de Oliveira In\u00e1cio Ferreira de Oliveira naci\u00f3 en Uberaba el 15 de abril de 1904, hijo de Jacinto Ferreira de Oliveira, antiguo ganadero, y de Maria Lucas de Oliveira. Estuvo casado con Aparecida Valicenti Ferreira. Se gradu\u00f3 como m\u00e9dico psiquiatra en la Facultad de Medicina de la Universidad de Brasil, en R\u00edo de [&hellip;]<\/p>","protected":false},"author":1,"featured_media":0,"parent":0,"menu_order":0,"comment_status":"closed","ping_status":"closed","template":"","meta":{"_uag_custom_page_level_css":"","site-sidebar-layout":"default","site-content-layout":"","ast-site-content-layout":"default","site-content-style":"default","site-sidebar-style":"default","ast-global-header-display":"","ast-banner-title-visibility":"","ast-main-header-display":"","ast-hfb-above-header-display":"","ast-hfb-below-header-display":"","ast-hfb-mobile-header-display":"","site-post-title":"disabled","ast-breadcrumbs-content":"","ast-featured-img":"","footer-sml-layout":"","theme-transparent-header-meta":"","adv-header-id-meta":"","stick-header-meta":"","header-above-stick-meta":"","header-main-stick-meta":"","header-below-stick-meta":"","astra-migrate-meta-layouts":"set","ast-page-background-enabled":"default","ast-page-background-meta":{"desktop":{"background-color":"var(--ast-global-color-4)","background-image":"","background-repeat":"repeat","background-position":"center center","background-size":"auto","background-attachment":"scroll","background-type":"","background-media":"","overlay-type":"","overlay-color":"","overlay-opacity":"","overlay-gradient":""},"tablet":{"background-color":"","background-image":"","background-repeat":"repeat","background-position":"center center","background-size":"auto","background-attachment":"scroll","background-type":"","background-media":"","overlay-type":"","overlay-color":"","overlay-opacity":"","overlay-gradient":""},"mobile":{"background-color":"","background-image":"","background-repeat":"repeat","background-position":"center center","background-size":"auto","background-attachment":"scroll","background-type":"","background-media":"","overlay-type":"","overlay-color":"","overlay-opacity":"","overlay-gradient":""}},"ast-content-background-meta":{"desktop":{"background-color":"var(--ast-global-color-5)","background-image":"","background-repeat":"repeat","background-position":"center center","background-size":"auto","background-attachment":"scroll","background-type":"","background-media":"","overlay-type":"","overlay-color":"","overlay-opacity":"","overlay-gradient":""},"tablet":{"background-color":"var(--ast-global-color-5)","background-image":"","background-repeat":"repeat","background-position":"center center","background-size":"auto","background-attachment":"scroll","background-type":"","background-media":"","overlay-type":"","overlay-color":"","overlay-opacity":"","overlay-gradient":""},"mobile":{"background-color":"var(--ast-global-color-5)","background-image":"","background-repeat":"repeat","background-position":"center center","background-size":"auto","background-attachment":"scroll","background-type":"","background-media":"","overlay-type":"","overlay-color":"","overlay-opacity":"","overlay-gradient":""}},"footnotes":""},"class_list":["post-8858","page","type-page","status-publish","hentry"],"yoast_head":"<!-- This site is optimized with the Yoast SEO Premium plugin v24.2 (Yoast SEO v24.6) - https:\/\/yoast.com\/wordpress\/plugins\/seo\/ -->\n<title>In\u00e1cio Ferreira de Oliveira - Uni\u00f3n Esp\u00edrita<\/title>\n<meta name=\"robots\" content=\"index, follow, max-snippet:-1, max-image-preview:large, max-video-preview:-1\" \/>\n<link rel=\"canonical\" href=\"https:\/\/nuevo-renacer.com\/it\/inacio-ferreira-de-oliveira\/\" \/>\n<meta property=\"og:locale\" content=\"it_IT\" \/>\n<meta property=\"og:type\" content=\"article\" \/>\n<meta property=\"og:title\" content=\"In\u00e1cio Ferreira de Oliveira\" \/>\n<meta property=\"og:description\" content=\"In\u00e1cio Ferreira de Oliveira In\u00e1cio Ferreira de Oliveira naci\u00f3 en Uberaba el 15 de abril de 1904, hijo de Jacinto Ferreira de Oliveira, antiguo ganadero, y de Maria Lucas de Oliveira. Estuvo casado con Aparecida Valicenti Ferreira. Se gradu\u00f3 como m\u00e9dico psiquiatra en la Facultad de Medicina de la Universidad de Brasil, en R\u00edo de [&hellip;]\" \/>\n<meta property=\"og:url\" content=\"https:\/\/nuevo-renacer.com\/it\/inacio-ferreira-de-oliveira\/\" \/>\n<meta property=\"og:site_name\" content=\"Uni\u00f3n Esp\u00edrita\" \/>\n<meta property=\"article:publisher\" content=\"https:\/\/www.facebook.com\/groups\/3431398063740829\" \/>\n<meta property=\"article:modified_time\" content=\"2026-04-17T11:38:08+00:00\" \/>\n<meta property=\"og:image\" content=\"https:\/\/nuevo-renacer.com\/wp-content\/uploads\/2026\/04\/Inacio-Ferreira-de-Oliveira.jpg\" \/>\n\t<meta property=\"og:image:width\" content=\"191\" \/>\n\t<meta property=\"og:image:height\" content=\"264\" \/>\n\t<meta property=\"og:image:type\" content=\"image\/jpeg\" \/>\n<meta name=\"twitter:card\" content=\"summary_large_image\" \/>\n<meta name=\"twitter:label1\" content=\"Tempo di lettura stimato\" \/>\n\t<meta name=\"twitter:data1\" content=\"6 minuti\" \/>\n<script type=\"application\/ld+json\" class=\"yoast-schema-graph\">{\"@context\":\"https:\/\/schema.org\",\"@graph\":[{\"@type\":\"WebPage\",\"@id\":\"https:\/\/nuevo-renacer.com\/inacio-ferreira-de-oliveira\/\",\"url\":\"https:\/\/nuevo-renacer.com\/inacio-ferreira-de-oliveira\/\",\"name\":\"In\u00e1cio Ferreira de Oliveira - Uni\u00f3n Esp\u00edrita\",\"isPartOf\":{\"@id\":\"https:\/\/nuevo-renacer.com\/#website\"},\"primaryImageOfPage\":{\"@id\":\"https:\/\/nuevo-renacer.com\/inacio-ferreira-de-oliveira\/#primaryimage\"},\"image\":{\"@id\":\"https:\/\/nuevo-renacer.com\/inacio-ferreira-de-oliveira\/#primaryimage\"},\"thumbnailUrl\":\"https:\/\/nuevo-renacer.com\/wp-content\/uploads\/2026\/04\/Inacio-Ferreira-de-Oliveira.jpg\",\"datePublished\":\"2026-04-17T11:17:46+00:00\",\"dateModified\":\"2026-04-17T11:38:08+00:00\",\"breadcrumb\":{\"@id\":\"https:\/\/nuevo-renacer.com\/inacio-ferreira-de-oliveira\/#breadcrumb\"},\"inLanguage\":\"it-IT\",\"potentialAction\":[{\"@type\":\"ReadAction\",\"target\":[\"https:\/\/nuevo-renacer.com\/inacio-ferreira-de-oliveira\/\"]}]},{\"@type\":\"ImageObject\",\"inLanguage\":\"it-IT\",\"@id\":\"https:\/\/nuevo-renacer.com\/inacio-ferreira-de-oliveira\/#primaryimage\",\"url\":\"https:\/\/nuevo-renacer.com\/wp-content\/uploads\/2026\/04\/Inacio-Ferreira-de-Oliveira.jpg\",\"contentUrl\":\"https:\/\/nuevo-renacer.com\/wp-content\/uploads\/2026\/04\/Inacio-Ferreira-de-Oliveira.jpg\"},{\"@type\":\"BreadcrumbList\",\"@id\":\"https:\/\/nuevo-renacer.com\/inacio-ferreira-de-oliveira\/#breadcrumb\",\"itemListElement\":[{\"@type\":\"ListItem\",\"position\":1,\"name\":\"Startseite\",\"item\":\"https:\/\/nuevo-renacer.com\/\"},{\"@type\":\"ListItem\",\"position\":2,\"name\":\"In\u00e1cio Ferreira de Oliveira\"}]},{\"@type\":\"WebSite\",\"@id\":\"https:\/\/nuevo-renacer.com\/#website\",\"url\":\"https:\/\/nuevo-renacer.com\/\",\"name\":\"Uni\u00f3n Esp\u00edrita\",\"description\":\"Nuevo Renacer\",\"publisher\":{\"@id\":\"https:\/\/nuevo-renacer.com\/#organization\"},\"potentialAction\":[{\"@type\":\"SearchAction\",\"target\":{\"@type\":\"EntryPoint\",\"urlTemplate\":\"https:\/\/nuevo-renacer.com\/?s={search_term_string}\"},\"query-input\":{\"@type\":\"PropertyValueSpecification\",\"valueRequired\":true,\"valueName\":\"search_term_string\"}}],\"inLanguage\":\"it-IT\"},{\"@type\":\"Organization\",\"@id\":\"https:\/\/nuevo-renacer.com\/#organization\",\"name\":\"UFEC\",\"url\":\"https:\/\/nuevo-renacer.com\/\",\"logo\":{\"@type\":\"ImageObject\",\"inLanguage\":\"it-IT\",\"@id\":\"https:\/\/nuevo-renacer.com\/#\/schema\/logo\/image\/\",\"url\":\"https:\/\/nuevo-renacer.com\/wp-content\/uploads\/2024\/05\/cropped-LOGO-TERMINADO1-3-3.png\",\"contentUrl\":\"https:\/\/nuevo-renacer.com\/wp-content\/uploads\/2024\/05\/cropped-LOGO-TERMINADO1-3-3.png\",\"width\":512,\"height\":512,\"caption\":\"UFEC\"},\"image\":{\"@id\":\"https:\/\/nuevo-renacer.com\/#\/schema\/logo\/image\/\"},\"sameAs\":[\"https:\/\/www.facebook.com\/groups\/3431398063740829\"]}]}<\/script>\n<!-- \/ Yoast SEO Premium plugin. -->","yoast_head_json":{"title":"In\u00e1cio Ferreira de Oliveira - Uni\u00f3n Esp\u00edrita","robots":{"index":"index","follow":"follow","max-snippet":"max-snippet:-1","max-image-preview":"max-image-preview:large","max-video-preview":"max-video-preview:-1"},"canonical":"https:\/\/nuevo-renacer.com\/it\/inacio-ferreira-de-oliveira\/","og_locale":"it_IT","og_type":"article","og_title":"In\u00e1cio Ferreira de Oliveira","og_description":"In\u00e1cio Ferreira de Oliveira In\u00e1cio Ferreira de Oliveira naci\u00f3 en Uberaba el 15 de abril de 1904, hijo de Jacinto Ferreira de Oliveira, antiguo ganadero, y de Maria Lucas de Oliveira. Estuvo casado con Aparecida Valicenti Ferreira. Se gradu\u00f3 como m\u00e9dico psiquiatra en la Facultad de Medicina de la Universidad de Brasil, en R\u00edo de [&hellip;]","og_url":"https:\/\/nuevo-renacer.com\/it\/inacio-ferreira-de-oliveira\/","og_site_name":"Uni\u00f3n Esp\u00edrita","article_publisher":"https:\/\/www.facebook.com\/groups\/3431398063740829","article_modified_time":"2026-04-17T11:38:08+00:00","og_image":[{"width":191,"height":264,"url":"https:\/\/nuevo-renacer.com\/wp-content\/uploads\/2026\/04\/Inacio-Ferreira-de-Oliveira.jpg","type":"image\/jpeg"}],"twitter_card":"summary_large_image","twitter_misc":{"Tempo di lettura stimato":"6 minuti"},"schema":{"@context":"https:\/\/schema.org","@graph":[{"@type":"WebPage","@id":"https:\/\/nuevo-renacer.com\/inacio-ferreira-de-oliveira\/","url":"https:\/\/nuevo-renacer.com\/inacio-ferreira-de-oliveira\/","name":"In\u00e1cio Ferreira de Oliveira - Uni\u00f3n Esp\u00edrita","isPartOf":{"@id":"https:\/\/nuevo-renacer.com\/#website"},"primaryImageOfPage":{"@id":"https:\/\/nuevo-renacer.com\/inacio-ferreira-de-oliveira\/#primaryimage"},"image":{"@id":"https:\/\/nuevo-renacer.com\/inacio-ferreira-de-oliveira\/#primaryimage"},"thumbnailUrl":"https:\/\/nuevo-renacer.com\/wp-content\/uploads\/2026\/04\/Inacio-Ferreira-de-Oliveira.jpg","datePublished":"2026-04-17T11:17:46+00:00","dateModified":"2026-04-17T11:38:08+00:00","breadcrumb":{"@id":"https:\/\/nuevo-renacer.com\/inacio-ferreira-de-oliveira\/#breadcrumb"},"inLanguage":"it-IT","potentialAction":[{"@type":"ReadAction","target":["https:\/\/nuevo-renacer.com\/inacio-ferreira-de-oliveira\/"]}]},{"@type":"ImageObject","inLanguage":"it-IT","@id":"https:\/\/nuevo-renacer.com\/inacio-ferreira-de-oliveira\/#primaryimage","url":"https:\/\/nuevo-renacer.com\/wp-content\/uploads\/2026\/04\/Inacio-Ferreira-de-Oliveira.jpg","contentUrl":"https:\/\/nuevo-renacer.com\/wp-content\/uploads\/2026\/04\/Inacio-Ferreira-de-Oliveira.jpg"},{"@type":"BreadcrumbList","@id":"https:\/\/nuevo-renacer.com\/inacio-ferreira-de-oliveira\/#breadcrumb","itemListElement":[{"@type":"ListItem","position":1,"name":"Startseite","item":"https:\/\/nuevo-renacer.com\/"},{"@type":"ListItem","position":2,"name":"In\u00e1cio Ferreira de Oliveira"}]},{"@type":"WebSite","@id":"https:\/\/nuevo-renacer.com\/#website","url":"https:\/\/nuevo-renacer.com\/","name":"Uni\u00f3n Esp\u00edrita","description":"Nuevo Renacer","publisher":{"@id":"https:\/\/nuevo-renacer.com\/#organization"},"potentialAction":[{"@type":"SearchAction","target":{"@type":"EntryPoint","urlTemplate":"https:\/\/nuevo-renacer.com\/?s={search_term_string}"},"query-input":{"@type":"PropertyValueSpecification","valueRequired":true,"valueName":"search_term_string"}}],"inLanguage":"it-IT"},{"@type":"Organization","@id":"https:\/\/nuevo-renacer.com\/#organization","name":"UFEC","url":"https:\/\/nuevo-renacer.com\/","logo":{"@type":"ImageObject","inLanguage":"it-IT","@id":"https:\/\/nuevo-renacer.com\/#\/schema\/logo\/image\/","url":"https:\/\/nuevo-renacer.com\/wp-content\/uploads\/2024\/05\/cropped-LOGO-TERMINADO1-3-3.png","contentUrl":"https:\/\/nuevo-renacer.com\/wp-content\/uploads\/2024\/05\/cropped-LOGO-TERMINADO1-3-3.png","width":512,"height":512,"caption":"UFEC"},"image":{"@id":"https:\/\/nuevo-renacer.com\/#\/schema\/logo\/image\/"},"sameAs":["https:\/\/www.facebook.com\/groups\/3431398063740829"]}]}},"uagb_featured_image_src":{"full":false,"thumbnail":false,"medium":false,"medium_large":false,"large":false,"1536x1536":false,"2048x2048":false,"trp-custom-language-flag":false},"uagb_author_info":{"display_name":"adbv0","author_link":"https:\/\/nuevo-renacer.com\/it\/author\/adbv0\/"},"uagb_comment_info":0,"uagb_excerpt":"In\u00e1cio Ferreira de Oliveira In\u00e1cio Ferreira de Oliveira naci\u00f3 en Uberaba el 15 de abril de 1904, hijo de Jacinto Ferreira de Oliveira, antiguo ganadero, y de Maria Lucas de Oliveira. Estuvo casado con Aparecida Valicenti Ferreira. Se gradu\u00f3 como m\u00e9dico psiquiatra en la Facultad de Medicina de la Universidad de Brasil, en R\u00edo de&hellip;","jetpack_sharing_enabled":true,"_links":{"self":[{"href":"https:\/\/nuevo-renacer.com\/it\/wp-json\/wp\/v2\/pages\/8858","targetHints":{"allow":["GET"]}}],"collection":[{"href":"https:\/\/nuevo-renacer.com\/it\/wp-json\/wp\/v2\/pages"}],"about":[{"href":"https:\/\/nuevo-renacer.com\/it\/wp-json\/wp\/v2\/types\/page"}],"author":[{"embeddable":true,"href":"https:\/\/nuevo-renacer.com\/it\/wp-json\/wp\/v2\/users\/1"}],"replies":[{"embeddable":true,"href":"https:\/\/nuevo-renacer.com\/it\/wp-json\/wp\/v2\/comments?post=8858"}],"version-history":[{"count":3,"href":"https:\/\/nuevo-renacer.com\/it\/wp-json\/wp\/v2\/pages\/8858\/revisions"}],"predecessor-version":[{"id":8864,"href":"https:\/\/nuevo-renacer.com\/it\/wp-json\/wp\/v2\/pages\/8858\/revisions\/8864"}],"wp:attachment":[{"href":"https:\/\/nuevo-renacer.com\/it\/wp-json\/wp\/v2\/media?parent=8858"}],"curies":[{"name":"wp","href":"https:\/\/api.w.org\/{rel}","templated":true}]}}