{"id":8814,"date":"2026-03-23T13:39:44","date_gmt":"2026-03-23T13:39:44","guid":{"rendered":"https:\/\/nuevo-renacer.com\/?page_id=8814"},"modified":"2026-03-23T13:51:11","modified_gmt":"2026-03-23T13:51:11","slug":"maria-da-conceicao-rocha-e-silva","status":"publish","type":"page","link":"https:\/\/nuevo-renacer.com\/it\/maria-da-conceicao-rocha-e-silva\/","title":{"rendered":"Maria da Concei\u00e7\u00e3o Rocha e Silva"},"content":{"rendered":"<div class=\"wp-block-uagb-container uagb-block-296b7f74 alignfull uagb-is-root-container\"><div class=\"uagb-container-inner-blocks-wrap\">\n<p class=\"has-black-color has-text-color has-link-color has-medium-font-size wp-elements-13d58a427b3c3064340fe6bd709f5f03\"><strong>Maria da Concei\u00e7\u00e3o Rocha e Silva<\/strong><\/p>\n<\/div><\/div>\n\n\n\n<div class=\"wp-block-uagb-container uagb-block-68a41642 alignfull uagb-is-root-container\"><div class=\"uagb-container-inner-blocks-wrap\">\n<figure class=\"wp-block-image size-full is-resized\"><img fetchpriority=\"high\" decoding=\"async\" width=\"249\" height=\"360\" src=\"https:\/\/nuevo-renacer.com\/wp-content\/uploads\/2026\/03\/2.jpg\" alt=\"\" class=\"wp-image-8815\" style=\"width:316px;height:auto\" srcset=\"https:\/\/nuevo-renacer.com\/wp-content\/uploads\/2026\/03\/2.jpg 249w, https:\/\/nuevo-renacer.com\/wp-content\/uploads\/2026\/03\/2-208x300.jpg 208w, https:\/\/nuevo-renacer.com\/wp-content\/uploads\/2026\/03\/2-8x12.jpg 8w\" sizes=\"(max-width: 249px) 100vw, 249px\" \/><\/figure>\n<\/div><\/div>\n\n\n\n<div class=\"wp-block-uagb-container uagb-block-d75d4fa0 alignfull uagb-is-root-container\"><div class=\"uagb-container-inner-blocks-wrap\">\n<p class=\"has-black-color has-text-color has-link-color has-small-font-size wp-elements-912802658f3be9ef74d05bc83df7ddee\">Le nuove generazioni devono conoscere Maria da Concei\u00e7\u00e3o Rocha e Silva, affettuosamente chiamata \u201cNina\u201d. Adott\u00f2 lo pseudonimo Nina Arueira, quest\u2019ultimo essendo il cognome di suo padre. Nacque a Campos dos Goytacazes il 7 gennaio 1916 e mor\u00ec il 18 marzo 1935. Giornalista, scrittrice, leader sindacale e poetessa, la sua morte a 19 anni cambi\u00f2 per sempre la vita del suo fidanzato Cl\u00f3vis Tavares.<\/p>\n\n\n\n<p class=\"has-black-color has-text-color has-link-color has-small-font-size wp-elements-58223512e91e3c5ccc64617d2cf1c1c4\">A cinque anni avrebbe gi\u00e0 letto un libro di Victor Hugo. Nina dettava piccoli poemi che suo padre annotava. Successivamente furono pubblicati sul giornale Rindo con lo pseudonimo di \u201cPrincipessa di Vera Cruz\u201d, figlia di Lino Arueira e di sua moglie Maria Magdalena Rocha e Silva. Sin dall\u2019infanzia si mostr\u00f2 precoce e dotata. Sua nonna la chiamava \u201cPequenina\u201d, e i familiari semplicemente \u201cNina\u201d, pseudonimo che avrebbe adottato nell\u2019adolescenza. Il 15 luglio 1924, all\u2019et\u00e0 di otto anni, fu scelta per accogliere, in una grande celebrazione civica municipale, il primo vescovo della citt\u00e0 di Campos dos Goytacazes, D. Henrique C\u00e9sar Fernandes Mour\u00e3o. Nel 1928, a dodici anni, mor\u00ec suo padre e Nina inizi\u00f2 ad aiutare sua madre nella piccola attivit\u00e0 familiare. Fu un periodo molto difficile, un momento di grande maturazione per la giovane, e le osservazioni che fece sulla societ\u00e0, sui rapporti di lavoro e sull\u2019ipocrisia dominante si rifletteranno nei suoi testi e poemi futuri.<\/p>\n\n\n\n<p class=\"has-black-color has-text-color has-link-color has-small-font-size wp-elements-647266fb4c58e6d76b3889e824640add\"><strong>Nina giovane<\/strong><\/p>\n\n\n\n<p class=\"has-black-color has-text-color has-link-color has-small-font-size wp-elements-98ae48d78f223a923263325574f1e31f\">A quindici anni, Nina entr\u00f2 al Liceo di Humanidades di Campos. Tenne conferenze nel teatro della citt\u00e0, dove la sua fama come articolista e critica si diffuse. Scrisse il manifesto Alla giovent\u00f9 della mia terra. Per le sue idee affront\u00f2 critiche e persecuzioni da parte di altri giornalisti e cittadini. Al liceo conobbe Cl\u00f3vis Tavares e Ad\u00e3o Pereira. Fondarono un giornale studentesco. A sedici anni pubblicava gi\u00e0 articoli in difesa della classe lavoratrice e delle prostitute. A diciotto anni si iscrisse al Partito Comunista e fond\u00f2 l\u2019Alleanza Nazionale Liberatrice a Campos, un fronte di sinistra composto da settori di diverse organizzazioni antifasciste e anti-integraliste. Abbandon\u00f2 il liceo per insoddisfazione nei confronti della metodologia educativa.<\/p>\n\n\n\n<p class=\"has-black-color has-text-color has-link-color has-small-font-size wp-elements-d107f28d063b766f2438c9f9c5d116e0\">Negli anni difficili all\u2019inizio del decennio 1930 in Brasile, e in mezzo a preoccupazioni familiari, si un\u00ec all\u2019Unione della Giovent\u00f9 Comunista insieme ai due amici del giornale studentesco. Per la giovane inizi\u00f2 un periodo di lotta: stanca dei dibattiti scritti, andava davanti alle fabbriche, dove organizzava comizi e fondava sindacati. In quel periodo inizi\u00f2 anche a frequentare la Societ\u00e0 Teosofica, cercando la spiritualit\u00e0 che le mancava nel movimento operaio, e si innamor\u00f2 di Cl\u00f3vis Tavares, il suo compagno costante.<\/p>\n\n\n\n<p class=\"has-black-color has-text-color has-link-color has-small-font-size wp-elements-9c2fb02efe062c54de85f34daa54154a\">Nel 1931 pubblicava gi\u00e0 poesie che dimostravano la sua intelligenza e maturit\u00e0 morale. Scrisse il seguente concetto di Dio: \u201cDio \u00e8 un oceano infinito e noi siamo ciascuno un Mediterraneo nelle insenature della terra\u201d. Molto spiritualizzata, Nina era avanti rispetto al suo tempo. Sognava una societ\u00e0 fraterna e sosteneva idee pi\u00f9 liberali per le donne, affermando l\u2019uguaglianza dei diritti tra uomini e donne. Il 1\u00ba maggio 1934, durante un grande comizio in Pra\u00e7a do Sant\u00edssimo Salvador a Campos, la coppia fu invitata a parlare davanti ai lavoratori. Durante il discorso di Cl\u00f3vis, qualcuno tra la folla diede fuoco alla bandiera nazionale, fatto interpretato dalla polizia presente come un affronto al governo. Nella repressione successiva, Cl\u00f3vis fu arrestato e Nina riusc\u00ec a fuggire. La storia di Campos \u00e8 piena di donne importanti e straordinarie che hanno segnato la loro epoca.<\/p>\n\n\n\n<p class=\"has-black-color has-text-color has-link-color has-small-font-size wp-elements-ea4d0aca0acef69555c8ee2101605c53\">La sua amicizia con Virg\u00edlio de Paula fu fondamentale, poich\u00e9 quando contrasse il tifo fu il caro \u201cnonno Virg\u00edlio\u201d, come lo chiamava lei, a prendersi cura di lei fino alla sua morte, avvenuta prima del matrimonio con Cl\u00f3vis Tavares e prima di compiere vent\u2019anni.<\/p>\n\n\n\n<p class=\"has-black-color has-text-color has-link-color has-small-font-size wp-elements-13d555894f2ffa76e611c7240cf9a09e\">Profondamente colpito dalla morte della fidanzata, Cl\u00f3vis Tavares ricevette la notizia che lo spirito di Nina si era comunicato in una societ\u00e0 spiritista. Questo fatto diede un nuovo senso alla sua vita, e da allora divenne seguace dello spiritismo. Poco dopo, nell\u2019ottobre 1935, fond\u00f2 la Scuola Ges\u00f9 Cristo per bambini, ispirata a una scuola del piano spirituale fondata dallo spirito di Nina Arueira. Nina fu la grande ispiratrice della sua vita e, nella patria spirituale, continua la sua opera educativa sostenendo bambini e giovani.<\/p>\n\n\n\n<p class=\"has-black-color has-text-color has-link-color has-small-font-size wp-elements-2a3b98213ff9ecfb63d329da45bb2c82\">Case spiritiste, gruppi di assistenza, giovent\u00f9 spiritiste e scuole furono create a nome di Nina Arueira, come ad esempio il CIEP Nina Arueira situato nel quartiere Penha a Campos dos Goytacazes. Rendiamo grazie a Dio, perch\u00e9 attraverso gli insegnamenti dello spiritismo e gli esempi di vita come quelli di Nina e Cl\u00f3vis, ci prepariamo giorno dopo giorno a vivere l\u2019immortalit\u00e0 e la giustizia divina.<\/p>\n\n\n\n<p class=\"has-black-color has-text-color has-link-color has-small-font-size wp-elements-b426846bc8de7f5903eab005dd2308af\">Cosa fece Nina per essere immortalata? Dopo la sua morte, il 18 marzo 1935, inizi\u00f2 un processo storico in cui due correnti \u2014 spiritisti e comunisti \u2014 disputarono la sua memoria e le attribuirono caratteristiche mistiche di eroina e martire. Secondo Juliana Carneiro, autrice del libro Il risveglio di Nina Arueira: Dalla disputa della memoria alla costruzione del mito, per i comunisti mor\u00ec come militante combattiva, un riferimento di lotta per mobilitare nuovi attivisti. Per gli spiritisti, invece, Nina non mor\u00ec: si disincarn\u00f2 soltanto. Cess\u00f2 di lottare sul piano terrestre ed evolvette per contribuire all\u2019umanit\u00e0 dal piano spirituale. L\u2019anno successivo, Cl\u00f3vis conobbe Chico Xavier, e questa amicizia fu molto importante per la sua vita come insegnante e scrittore. Tra i medium che psicografarono messaggi dallo spirito di Nina spicca Francisco C\u00e2ndido Xavier.<\/p>\n\n\n\n<p class=\"has-black-color has-text-color has-link-color has-small-font-size wp-elements-680af58f3aa58f607846f404fcacfd04\">\u201cLa donna che riconosce la propria qualit\u00e0 di essere umano; razionale, sensibile, vibrante, con gli stessi diritti alla vita e alla libert\u00e0. \u00c8 la donna che si considera capace di affrontare tutte le lotte\u2026\u201d (messaggio psicografato, Nina Arueira, 29\/04\/1942)<\/p>\n\n\n\n<p class=\"has-black-color has-text-color has-link-color has-small-font-size wp-elements-f3a9838db461eb2c9c6dd51fc09e12c9\">Segue un estratto da una delle poesie pi\u00f9 belle della giovane Nina Arueira:<\/p>\n\n\n\n<p class=\"has-black-color has-text-color has-link-color has-small-font-size wp-elements-3e7fc1a2f2bd419bd7091b2dab0d4791\">\u201cIl mio spirito vibr\u00f2 nel silenzio della materia\u2026<\/p>\n\n\n\n<p class=\"has-black-color has-text-color has-link-color has-small-font-size wp-elements-a485f95648aa42816d4debaba65b43b2\">La mia anima si esalt\u00f2 nella vibrazione della luce\u2026<\/p>\n\n\n\n<p class=\"has-black-color has-text-color has-link-color has-small-font-size wp-elements-831de28d138a3fc3e3716ec5e73827e0\">Vissi sulla terra nell\u2019aspirazione siderale<\/p>\n\n\n\n<p class=\"has-black-color has-text-color has-link-color has-small-font-size wp-elements-bd5a8104bd21031158245e7d4456b5dc\">di toccare con la mia anima la lira di Ges\u00f9\u2026<\/p>\n\n\n\n<p class=\"has-black-color has-text-color has-link-color has-small-font-size wp-elements-6277207c9cd8b6c22e7378711a6ef370\">Della vita non vidi altro che l\u2019ingannevole apparenza,<\/p>\n\n\n\n<p class=\"has-black-color has-text-color has-link-color has-small-font-size wp-elements-d3483bdfb8c35cb0350d9ef26ed5579e\">ricchezza fittizia che non mi sedusse,<\/p>\n\n\n\n<p class=\"has-black-color has-text-color has-link-color has-small-font-size wp-elements-8aa3c855117b10efc0be8330bbd2e6b9\">perch\u00e9 il mio cuore era fatto dell\u2019essenza<\/p>\n\n\n\n<p class=\"has-black-color has-text-color has-link-color has-small-font-size wp-elements-bd89468687912eae9d90cf722e6c8fb8\">che si eleva dal cielo e verso il cielo sal\u00ec.<\/p>\n\n\n\n<p class=\"has-black-color has-text-color has-link-color has-small-font-size wp-elements-f2adde1db0722c8c611affc5541c6630\">Il mondo venne a me pieno di adulazioni\u2026<\/p>\n\n\n\n<p class=\"has-black-color has-text-color has-link-color has-small-font-size wp-elements-a3fa546ace0b294dbee7420b7b8cbcef\">E respinsi il mondo e la sua corte superba\u2026<\/p>\n\n\n\n<p class=\"has-black-color has-text-color has-link-color has-small-font-size wp-elements-9a7bdae3040984e7d51852e48c9ea759\">Non conobbi le tristi ambizioni della vita,<\/p>\n\n\n\n<p class=\"has-black-color has-text-color has-link-color has-small-font-size wp-elements-2a97d0dd6339bbf5a14ead2354fedd94\">ma l\u2019ambizione felice dall\u2019alto\u2026\u201d<\/p>\n<\/div><\/div>\n\n\n\n<div class=\"wp-block-uagb-container uagb-block-820ff0cf alignfull uagb-is-root-container\"><div class=\"uagb-container-inner-blocks-wrap\"><\/div><\/div>\n\n\n\n<div class=\"wp-block-uagb-container uagb-block-d9cd1234 alignfull uagb-is-root-container\"><div class=\"uagb-container-inner-blocks-wrap\"><\/div><\/div>","protected":false},"excerpt":{"rendered":"<p>Maria da Concei\u00e7\u00e3o Rocha e Silva Las nuevas generaciones necesitan conocer a Maria da Concei\u00e7\u00e3o Rocha e Silva, cari\u00f1osamente llamada \u201cNina\u201d. Adopt\u00f3 el seud\u00f3nimo Nina Arueira, siendo este \u00faltimo el apellido de su padre. Naci\u00f3 en Campos dos Goytacazes el 7 de enero de 1916 y falleci\u00f3 el 18 de marzo de 1935. Periodista, escritora, [&hellip;]<\/p>","protected":false},"author":1,"featured_media":0,"parent":0,"menu_order":0,"comment_status":"closed","ping_status":"closed","template":"","meta":{"_uag_custom_page_level_css":"","site-sidebar-layout":"default","site-content-layout":"","ast-site-content-layout":"default","site-content-style":"default","site-sidebar-style":"default","ast-global-header-display":"","ast-banner-title-visibility":"","ast-main-header-display":"","ast-hfb-above-header-display":"","ast-hfb-below-header-display":"","ast-hfb-mobile-header-display":"","site-post-title":"disabled","ast-breadcrumbs-content":"","ast-featured-img":"","footer-sml-layout":"","theme-transparent-header-meta":"","adv-header-id-meta":"","stick-header-meta":"","header-above-stick-meta":"","header-main-stick-meta":"","header-below-stick-meta":"","astra-migrate-meta-layouts":"set","ast-page-background-enabled":"default","ast-page-background-meta":{"desktop":{"background-color":"var(--ast-global-color-4)","background-image":"","background-repeat":"repeat","background-position":"center center","background-size":"auto","background-attachment":"scroll","background-type":"","background-media":"","overlay-type":"","overlay-color":"","overlay-opacity":"","overlay-gradient":""},"tablet":{"background-color":"","background-image":"","background-repeat":"repeat","background-position":"center center","background-size":"auto","background-attachment":"scroll","background-type":"","background-media":"","overlay-type":"","overlay-color":"","overlay-opacity":"","overlay-gradient":""},"mobile":{"background-color":"","background-image":"","background-repeat":"repeat","background-position":"center center","background-size":"auto","background-attachment":"scroll","background-type":"","background-media":"","overlay-type":"","overlay-color":"","overlay-opacity":"","overlay-gradient":""}},"ast-content-background-meta":{"desktop":{"background-color":"var(--ast-global-color-5)","background-image":"","background-repeat":"repeat","background-position":"center center","background-size":"auto","background-attachment":"scroll","background-type":"","background-media":"","overlay-type":"","overlay-color":"","overlay-opacity":"","overlay-gradient":""},"tablet":{"background-color":"var(--ast-global-color-5)","background-image":"","background-repeat":"repeat","background-position":"center center","background-size":"auto","background-attachment":"scroll","background-type":"","background-media":"","overlay-type":"","overlay-color":"","overlay-opacity":"","overlay-gradient":""},"mobile":{"background-color":"var(--ast-global-color-5)","background-image":"","background-repeat":"repeat","background-position":"center center","background-size":"auto","background-attachment":"scroll","background-type":"","background-media":"","overlay-type":"","overlay-color":"","overlay-opacity":"","overlay-gradient":""}},"footnotes":""},"class_list":["post-8814","page","type-page","status-publish","hentry"],"yoast_head":"<!-- This site is optimized with the Yoast SEO Premium plugin v24.2 (Yoast SEO v24.6) - https:\/\/yoast.com\/wordpress\/plugins\/seo\/ -->\n<title>Maria da Concei\u00e7\u00e3o Rocha e Silva - Uni\u00f3n Esp\u00edrita<\/title>\n<meta name=\"robots\" content=\"index, follow, max-snippet:-1, max-image-preview:large, max-video-preview:-1\" \/>\n<link rel=\"canonical\" href=\"https:\/\/nuevo-renacer.com\/it\/maria-da-conceicao-rocha-e-silva\/\" \/>\n<meta property=\"og:locale\" content=\"it_IT\" \/>\n<meta property=\"og:type\" content=\"article\" \/>\n<meta property=\"og:title\" content=\"Maria da Concei\u00e7\u00e3o Rocha e Silva\" \/>\n<meta property=\"og:description\" content=\"Maria da Concei\u00e7\u00e3o Rocha e Silva Las nuevas generaciones necesitan conocer a Maria da Concei\u00e7\u00e3o Rocha e Silva, cari\u00f1osamente llamada \u201cNina\u201d. Adopt\u00f3 el seud\u00f3nimo Nina Arueira, siendo este \u00faltimo el apellido de su padre. Naci\u00f3 en Campos dos Goytacazes el 7 de enero de 1916 y falleci\u00f3 el 18 de marzo de 1935. Periodista, escritora, [&hellip;]\" \/>\n<meta property=\"og:url\" content=\"https:\/\/nuevo-renacer.com\/it\/maria-da-conceicao-rocha-e-silva\/\" \/>\n<meta property=\"og:site_name\" content=\"Uni\u00f3n Esp\u00edrita\" \/>\n<meta property=\"article:publisher\" content=\"https:\/\/www.facebook.com\/groups\/3431398063740829\" \/>\n<meta property=\"article:modified_time\" content=\"2026-03-23T13:51:11+00:00\" \/>\n<meta property=\"og:image\" content=\"https:\/\/nuevo-renacer.com\/wp-content\/uploads\/2026\/03\/2.jpg\" \/>\n\t<meta property=\"og:image:width\" content=\"249\" \/>\n\t<meta property=\"og:image:height\" content=\"360\" \/>\n\t<meta property=\"og:image:type\" content=\"image\/jpeg\" \/>\n<meta name=\"twitter:card\" content=\"summary_large_image\" \/>\n<meta name=\"twitter:label1\" content=\"Tempo di lettura stimato\" \/>\n\t<meta name=\"twitter:data1\" content=\"7 minuti\" \/>\n<script type=\"application\/ld+json\" class=\"yoast-schema-graph\">{\"@context\":\"https:\/\/schema.org\",\"@graph\":[{\"@type\":\"WebPage\",\"@id\":\"https:\/\/nuevo-renacer.com\/maria-da-conceicao-rocha-e-silva\/\",\"url\":\"https:\/\/nuevo-renacer.com\/maria-da-conceicao-rocha-e-silva\/\",\"name\":\"Maria da Concei\u00e7\u00e3o Rocha e Silva - Uni\u00f3n Esp\u00edrita\",\"isPartOf\":{\"@id\":\"https:\/\/nuevo-renacer.com\/#website\"},\"primaryImageOfPage\":{\"@id\":\"https:\/\/nuevo-renacer.com\/maria-da-conceicao-rocha-e-silva\/#primaryimage\"},\"image\":{\"@id\":\"https:\/\/nuevo-renacer.com\/maria-da-conceicao-rocha-e-silva\/#primaryimage\"},\"thumbnailUrl\":\"https:\/\/nuevo-renacer.com\/wp-content\/uploads\/2026\/03\/2.jpg\",\"datePublished\":\"2026-03-23T13:39:44+00:00\",\"dateModified\":\"2026-03-23T13:51:11+00:00\",\"breadcrumb\":{\"@id\":\"https:\/\/nuevo-renacer.com\/maria-da-conceicao-rocha-e-silva\/#breadcrumb\"},\"inLanguage\":\"it-IT\",\"potentialAction\":[{\"@type\":\"ReadAction\",\"target\":[\"https:\/\/nuevo-renacer.com\/maria-da-conceicao-rocha-e-silva\/\"]}]},{\"@type\":\"ImageObject\",\"inLanguage\":\"it-IT\",\"@id\":\"https:\/\/nuevo-renacer.com\/maria-da-conceicao-rocha-e-silva\/#primaryimage\",\"url\":\"https:\/\/nuevo-renacer.com\/wp-content\/uploads\/2026\/03\/2.jpg\",\"contentUrl\":\"https:\/\/nuevo-renacer.com\/wp-content\/uploads\/2026\/03\/2.jpg\"},{\"@type\":\"BreadcrumbList\",\"@id\":\"https:\/\/nuevo-renacer.com\/maria-da-conceicao-rocha-e-silva\/#breadcrumb\",\"itemListElement\":[{\"@type\":\"ListItem\",\"position\":1,\"name\":\"Startseite\",\"item\":\"https:\/\/nuevo-renacer.com\/\"},{\"@type\":\"ListItem\",\"position\":2,\"name\":\"Maria da Concei\u00e7\u00e3o Rocha e Silva\"}]},{\"@type\":\"WebSite\",\"@id\":\"https:\/\/nuevo-renacer.com\/#website\",\"url\":\"https:\/\/nuevo-renacer.com\/\",\"name\":\"Uni\u00f3n Esp\u00edrita\",\"description\":\"Nuevo Renacer\",\"publisher\":{\"@id\":\"https:\/\/nuevo-renacer.com\/#organization\"},\"potentialAction\":[{\"@type\":\"SearchAction\",\"target\":{\"@type\":\"EntryPoint\",\"urlTemplate\":\"https:\/\/nuevo-renacer.com\/?s={search_term_string}\"},\"query-input\":{\"@type\":\"PropertyValueSpecification\",\"valueRequired\":true,\"valueName\":\"search_term_string\"}}],\"inLanguage\":\"it-IT\"},{\"@type\":\"Organization\",\"@id\":\"https:\/\/nuevo-renacer.com\/#organization\",\"name\":\"UFEC\",\"url\":\"https:\/\/nuevo-renacer.com\/\",\"logo\":{\"@type\":\"ImageObject\",\"inLanguage\":\"it-IT\",\"@id\":\"https:\/\/nuevo-renacer.com\/#\/schema\/logo\/image\/\",\"url\":\"https:\/\/nuevo-renacer.com\/wp-content\/uploads\/2024\/05\/cropped-LOGO-TERMINADO1-3-3.png\",\"contentUrl\":\"https:\/\/nuevo-renacer.com\/wp-content\/uploads\/2024\/05\/cropped-LOGO-TERMINADO1-3-3.png\",\"width\":512,\"height\":512,\"caption\":\"UFEC\"},\"image\":{\"@id\":\"https:\/\/nuevo-renacer.com\/#\/schema\/logo\/image\/\"},\"sameAs\":[\"https:\/\/www.facebook.com\/groups\/3431398063740829\"]}]}<\/script>\n<!-- \/ Yoast SEO Premium plugin. -->","yoast_head_json":{"title":"Maria da Concei\u00e7\u00e3o Rocha e Silva - Uni\u00f3n Esp\u00edrita","robots":{"index":"index","follow":"follow","max-snippet":"max-snippet:-1","max-image-preview":"max-image-preview:large","max-video-preview":"max-video-preview:-1"},"canonical":"https:\/\/nuevo-renacer.com\/it\/maria-da-conceicao-rocha-e-silva\/","og_locale":"it_IT","og_type":"article","og_title":"Maria da Concei\u00e7\u00e3o Rocha e Silva","og_description":"Maria da Concei\u00e7\u00e3o Rocha e Silva Las nuevas generaciones necesitan conocer a Maria da Concei\u00e7\u00e3o Rocha e Silva, cari\u00f1osamente llamada \u201cNina\u201d. Adopt\u00f3 el seud\u00f3nimo Nina Arueira, siendo este \u00faltimo el apellido de su padre. Naci\u00f3 en Campos dos Goytacazes el 7 de enero de 1916 y falleci\u00f3 el 18 de marzo de 1935. Periodista, escritora, [&hellip;]","og_url":"https:\/\/nuevo-renacer.com\/it\/maria-da-conceicao-rocha-e-silva\/","og_site_name":"Uni\u00f3n Esp\u00edrita","article_publisher":"https:\/\/www.facebook.com\/groups\/3431398063740829","article_modified_time":"2026-03-23T13:51:11+00:00","og_image":[{"width":249,"height":360,"url":"https:\/\/nuevo-renacer.com\/wp-content\/uploads\/2026\/03\/2.jpg","type":"image\/jpeg"}],"twitter_card":"summary_large_image","twitter_misc":{"Tempo di lettura stimato":"7 minuti"},"schema":{"@context":"https:\/\/schema.org","@graph":[{"@type":"WebPage","@id":"https:\/\/nuevo-renacer.com\/maria-da-conceicao-rocha-e-silva\/","url":"https:\/\/nuevo-renacer.com\/maria-da-conceicao-rocha-e-silva\/","name":"Maria da Concei\u00e7\u00e3o Rocha e Silva - Uni\u00f3n Esp\u00edrita","isPartOf":{"@id":"https:\/\/nuevo-renacer.com\/#website"},"primaryImageOfPage":{"@id":"https:\/\/nuevo-renacer.com\/maria-da-conceicao-rocha-e-silva\/#primaryimage"},"image":{"@id":"https:\/\/nuevo-renacer.com\/maria-da-conceicao-rocha-e-silva\/#primaryimage"},"thumbnailUrl":"https:\/\/nuevo-renacer.com\/wp-content\/uploads\/2026\/03\/2.jpg","datePublished":"2026-03-23T13:39:44+00:00","dateModified":"2026-03-23T13:51:11+00:00","breadcrumb":{"@id":"https:\/\/nuevo-renacer.com\/maria-da-conceicao-rocha-e-silva\/#breadcrumb"},"inLanguage":"it-IT","potentialAction":[{"@type":"ReadAction","target":["https:\/\/nuevo-renacer.com\/maria-da-conceicao-rocha-e-silva\/"]}]},{"@type":"ImageObject","inLanguage":"it-IT","@id":"https:\/\/nuevo-renacer.com\/maria-da-conceicao-rocha-e-silva\/#primaryimage","url":"https:\/\/nuevo-renacer.com\/wp-content\/uploads\/2026\/03\/2.jpg","contentUrl":"https:\/\/nuevo-renacer.com\/wp-content\/uploads\/2026\/03\/2.jpg"},{"@type":"BreadcrumbList","@id":"https:\/\/nuevo-renacer.com\/maria-da-conceicao-rocha-e-silva\/#breadcrumb","itemListElement":[{"@type":"ListItem","position":1,"name":"Startseite","item":"https:\/\/nuevo-renacer.com\/"},{"@type":"ListItem","position":2,"name":"Maria da Concei\u00e7\u00e3o Rocha e Silva"}]},{"@type":"WebSite","@id":"https:\/\/nuevo-renacer.com\/#website","url":"https:\/\/nuevo-renacer.com\/","name":"Uni\u00f3n Esp\u00edrita","description":"Nuevo Renacer","publisher":{"@id":"https:\/\/nuevo-renacer.com\/#organization"},"potentialAction":[{"@type":"SearchAction","target":{"@type":"EntryPoint","urlTemplate":"https:\/\/nuevo-renacer.com\/?s={search_term_string}"},"query-input":{"@type":"PropertyValueSpecification","valueRequired":true,"valueName":"search_term_string"}}],"inLanguage":"it-IT"},{"@type":"Organization","@id":"https:\/\/nuevo-renacer.com\/#organization","name":"UFEC","url":"https:\/\/nuevo-renacer.com\/","logo":{"@type":"ImageObject","inLanguage":"it-IT","@id":"https:\/\/nuevo-renacer.com\/#\/schema\/logo\/image\/","url":"https:\/\/nuevo-renacer.com\/wp-content\/uploads\/2024\/05\/cropped-LOGO-TERMINADO1-3-3.png","contentUrl":"https:\/\/nuevo-renacer.com\/wp-content\/uploads\/2024\/05\/cropped-LOGO-TERMINADO1-3-3.png","width":512,"height":512,"caption":"UFEC"},"image":{"@id":"https:\/\/nuevo-renacer.com\/#\/schema\/logo\/image\/"},"sameAs":["https:\/\/www.facebook.com\/groups\/3431398063740829"]}]}},"uagb_featured_image_src":{"full":false,"thumbnail":false,"medium":false,"medium_large":false,"large":false,"1536x1536":false,"2048x2048":false,"trp-custom-language-flag":false},"uagb_author_info":{"display_name":"adbv0","author_link":"https:\/\/nuevo-renacer.com\/it\/author\/adbv0\/"},"uagb_comment_info":0,"uagb_excerpt":"Maria da Concei\u00e7\u00e3o Rocha e Silva Las nuevas generaciones necesitan conocer a Maria da Concei\u00e7\u00e3o Rocha e Silva, cari\u00f1osamente llamada \u201cNina\u201d. Adopt\u00f3 el seud\u00f3nimo Nina Arueira, siendo este \u00faltimo el apellido de su padre. Naci\u00f3 en Campos dos Goytacazes el 7 de enero de 1916 y falleci\u00f3 el 18 de marzo de 1935. Periodista, escritora,&hellip;","jetpack_sharing_enabled":true,"_links":{"self":[{"href":"https:\/\/nuevo-renacer.com\/it\/wp-json\/wp\/v2\/pages\/8814","targetHints":{"allow":["GET"]}}],"collection":[{"href":"https:\/\/nuevo-renacer.com\/it\/wp-json\/wp\/v2\/pages"}],"about":[{"href":"https:\/\/nuevo-renacer.com\/it\/wp-json\/wp\/v2\/types\/page"}],"author":[{"embeddable":true,"href":"https:\/\/nuevo-renacer.com\/it\/wp-json\/wp\/v2\/users\/1"}],"replies":[{"embeddable":true,"href":"https:\/\/nuevo-renacer.com\/it\/wp-json\/wp\/v2\/comments?post=8814"}],"version-history":[{"count":3,"href":"https:\/\/nuevo-renacer.com\/it\/wp-json\/wp\/v2\/pages\/8814\/revisions"}],"predecessor-version":[{"id":8820,"href":"https:\/\/nuevo-renacer.com\/it\/wp-json\/wp\/v2\/pages\/8814\/revisions\/8820"}],"wp:attachment":[{"href":"https:\/\/nuevo-renacer.com\/it\/wp-json\/wp\/v2\/media?parent=8814"}],"curies":[{"name":"wp","href":"https:\/\/api.w.org\/{rel}","templated":true}]}}