{"id":8790,"date":"2026-02-19T13:58:03","date_gmt":"2026-02-19T13:58:03","guid":{"rendered":"https:\/\/nuevo-renacer.com\/?page_id=8790"},"modified":"2026-02-19T14:02:33","modified_gmt":"2026-02-19T14:02:33","slug":"raymond-auguste-quinsac-monvoisin","status":"publish","type":"page","link":"https:\/\/nuevo-renacer.com\/it\/raymond-auguste-quinsac-monvoisin\/","title":{"rendered":"Raymond Auguste Quinsac Monvoisin"},"content":{"rendered":"<div class=\"wp-block-uagb-container uagb-block-8ccacd85 alignfull uagb-is-root-container\"><div class=\"uagb-container-inner-blocks-wrap\">\n<p class=\"has-black-color has-text-color has-link-color has-medium-font-size wp-elements-cd0bd16a4652a70e5a78a090f21efbb3\"><strong>Raymond Auguste Quinsac Monvoisin<\/strong><\/p>\n<\/div><\/div>\n\n\n\n<div class=\"wp-block-uagb-container uagb-block-03785b68 alignfull uagb-is-root-container\"><div class=\"uagb-container-inner-blocks-wrap\">\n<figure class=\"wp-block-image size-full is-resized\"><img fetchpriority=\"high\" decoding=\"async\" width=\"469\" height=\"535\" src=\"https:\/\/nuevo-renacer.com\/wp-content\/uploads\/2026\/02\/Raymond-Quinsac-Monvoisin.jpg\" alt=\"\" class=\"wp-image-8791\" style=\"aspect-ratio:0.8766416888244299;width:352px;height:auto\" srcset=\"https:\/\/nuevo-renacer.com\/wp-content\/uploads\/2026\/02\/Raymond-Quinsac-Monvoisin.jpg 469w, https:\/\/nuevo-renacer.com\/wp-content\/uploads\/2026\/02\/Raymond-Quinsac-Monvoisin-263x300.jpg 263w, https:\/\/nuevo-renacer.com\/wp-content\/uploads\/2026\/02\/Raymond-Quinsac-Monvoisin-11x12.jpg 11w\" sizes=\"(max-width: 469px) 100vw, 469px\" \/><\/figure>\n<\/div><\/div>\n\n\n\n<div class=\"wp-block-uagb-container uagb-block-118be211 alignfull uagb-is-root-container\"><div class=\"uagb-container-inner-blocks-wrap\">\n<p class=\"has-black-color has-text-color has-link-color has-small-font-size wp-elements-8f8db06decfb284728eef3f58878e5f6\">Raymond Auguste Quinsac Monvoisin nacque il 31 maggio 1790 a Bordeaux, in Francia. Pittore di genere, paesaggi, storia e ritratti, fu uno dei discepoli pi\u00f9 illustri del Barone Gu\u00e9rin presso l\u2019\u00c9cole des Beaux-Arts di Parigi. Pi\u00f9 volte premiato, a 27 anni divenne pensionato del re di Francia a Roma. Al suo ritorno in Francia, si distinse ai Salons e fu premiato due volte con il primo premio. Da questo periodo, che si estese fino al 1842, risalgono le sue serie di ritratti dei re di Francia e dei marescialli del Rinascimento, commissionati dal governo per le gallerie storiche del Palazzo di Versailles.<\/p>\n\n\n\n<p class=\"has-black-color has-text-color has-link-color has-small-font-size wp-elements-e48844140a012d14e03dc506480bdf11\">Nel 1836, Monvoisin \u2013 uomo dal carattere forte \u2013 ebbe un dissidio con il direttore dei musei reali francesi, il Signor de Cailleux. Scosso dall\u2019episodio e da altri problemi personali, lasci\u00f2 la Francia nel maggio 1842. Si rec\u00f2 in Sud America. Monvoisin e Rugendas furono i due artisti pi\u00f9 importanti a visitare il continente americano in quel periodo. Dopo un breve soggiorno a Buenos Aires, arriv\u00f2 in Cile nel gennaio 1843, portando poco pi\u00f9 di dieci pannelli, che furono esposti a marzo dello stesso anno all\u2019Universit\u00e0 di San Felipe. Questa mostra, divenuta un punto di riferimento nella storia dell\u2019arte in Cile, attir\u00f2 l\u2019attenzione di numerose personalit\u00e0 e suscit\u00f2 ammirazione per la maestria e la bellezza delle opere. Monvoisin ricevette almeno un centinaio di commissioni di ritratti, dipingendo praticamente tutta l\u2019aristocrazia cilena dell\u2019epoca. Il governo gli promise la direzione della futura Accademia di Disegno e Pittura del Cile, ma alla fine scelse l\u2019italiano Alexandre Cicarelli.<\/p>\n\n\n\n<p class=\"has-black-color has-text-color has-link-color has-small-font-size wp-elements-68118bc9107dcf271a6639faf71e7b85\">Dopo qualche tempo, Monvoisin visit\u00f2 il Per\u00f9 e il Brasile. Arriv\u00f2 a Rio de Janeiro il 19 ottobre 1847. In una lettera al fratello si lament\u00f2 del caldo e comunic\u00f2 che avrebbe dipinto un ritratto di D. Pedro II, che lo accolse calorosamente. Il dipinto \u2013 che mostra D. Pedro in piedi, in abito imperiale \u2013 \u00e8 considerato il ritratto pi\u00f9 fedele dell\u2019Imperatore brasiliano. In segno di riconoscimento, D. Pedro confer\u00ec all\u2019artista l\u2019insegna di Cavaliere dell\u2019Ordine del Cruzeiro e un pendolo in bronzo. Il quadro \u2013 visibile al Museo Imperiale di Petr\u00f3polis \u2013 appartiene al principe D. Jo\u00e3o d\u2019Orl\u00e9ans e Bragan\u00e7a, pronipote di D. Pedro II. L\u2019Imperatore possedeva inoltre, nella sua pinacoteca del Palazzo di S\u00e3o Crist\u00f3v\u00e3o, un altro quadro di Monvoisin: Giovane Peruviano (o Giovane Araucano). Monvoisin torn\u00f2 in Francia nel 1858, all\u2019apice dello Spiritismo. Divenne spiritista e sostenitore dell\u2019omeopatia. Il primo riferimento a lui appare nella Revue Spirite di maggio 1866. La sezione \u201cConversazioni dall\u2019Oltre\u201d contiene la trascrizione di un\u2019evocazione dello spirito dell\u2019Abate Laverdet, uno dei pastori della Chiesa francese, avvenuta il 5 gennaio 1866. L\u00ec, Kardec informa che \u201cuno degli amici pi\u00f9 intimi dell\u2019abate, il Signor Monvoisin, eminente pittore di storia e fervente spiritista, desiderando ricevere alcune parole dall\u2019aldil\u00e0, ci chiese di evocarlo\u201d.<\/p>\n\n\n\n<p class=\"has-black-color has-text-color has-link-color has-small-font-size wp-elements-1aa081c9fe0182287bd15d3f16ba67f1\">Membro della Soci\u00e9t\u00e9 Parisienne d\u2019\u00c9tudes Spirites, Monvoisin \u00e8 autore anche di un ritratto del Codificatore dello Spiritismo. Una donazione di otto dipinti di questo rinomato pittore stimol\u00f2 in Kardec il desiderio di creare un Museo Spiritista: Ritratto allegorico di Allan Kardec; Ritratto dell\u2019autore (Monvoisin); tre scene spiritiste dalla vita di Giovanna d\u2019Arco (Giovanna alla fonte, Giovanna ferita e Giovanna sul rogo); l\u2019Auto-da-f\u00e9 di Jan Hus; un quadro simbolico delle Tre Rivelazioni; e l\u2019Apparizione di Ges\u00f9 tra gli apostoli dopo la morte corporale. Il pittore mor\u00ec a Boulogne-sur-Seine (Parigi) il 26 marzo 1870. Nell\u2019edizione di maggio dello stesso anno, la Revue Spirite annunci\u00f2 la sua disincarnazione con un ampio articolo, raccontando la sua vita e la sua dedizione allo Spiritismo. Nel testo vengono citate alcune sue frasi, tra cui: \u201cSar\u00f2 il precursore e il padre della pittura spiritista\u201d. Al momento della sua morte, stava lavorando a una serie di ritratti dei precursori dello Spiritismo.<\/p>\n<\/div><\/div>\n\n\n\n<div class=\"wp-block-uagb-container uagb-block-97a80b6a alignfull uagb-is-root-container\"><div class=\"uagb-container-inner-blocks-wrap\"><\/div><\/div>\n\n\n\n<div class=\"wp-block-uagb-container uagb-block-dcd492b0 alignfull uagb-is-root-container\"><div class=\"uagb-container-inner-blocks-wrap\"><\/div><\/div>","protected":false},"excerpt":{"rendered":"<p>Raymond Auguste Quinsac Monvoisin Raymond Auguste Quinsac Monvoisin naci\u00f3 el 31 de mayo de 1790 en Burdeos, Francia. Pintor de escenas de g\u00e9nero, paisajes, historia y retratos, fue uno de los disc\u00edpulos m\u00e1s destacados del Bar\u00f3n Gu\u00e9rin en la Escuela de Bellas Artes de Par\u00eds. Premiado en varias ocasiones, a los 27 a\u00f1os se convirti\u00f3 [&hellip;]<\/p>","protected":false},"author":1,"featured_media":0,"parent":0,"menu_order":0,"comment_status":"closed","ping_status":"closed","template":"","meta":{"_uag_custom_page_level_css":"","site-sidebar-layout":"default","site-content-layout":"","ast-site-content-layout":"default","site-content-style":"default","site-sidebar-style":"default","ast-global-header-display":"","ast-banner-title-visibility":"","ast-main-header-display":"","ast-hfb-above-header-display":"","ast-hfb-below-header-display":"","ast-hfb-mobile-header-display":"","site-post-title":"disabled","ast-breadcrumbs-content":"","ast-featured-img":"","footer-sml-layout":"","theme-transparent-header-meta":"","adv-header-id-meta":"","stick-header-meta":"","header-above-stick-meta":"","header-main-stick-meta":"","header-below-stick-meta":"","astra-migrate-meta-layouts":"set","ast-page-background-enabled":"default","ast-page-background-meta":{"desktop":{"background-color":"var(--ast-global-color-4)","background-image":"","background-repeat":"repeat","background-position":"center center","background-size":"auto","background-attachment":"scroll","background-type":"","background-media":"","overlay-type":"","overlay-color":"","overlay-opacity":"","overlay-gradient":""},"tablet":{"background-color":"","background-image":"","background-repeat":"repeat","background-position":"center center","background-size":"auto","background-attachment":"scroll","background-type":"","background-media":"","overlay-type":"","overlay-color":"","overlay-opacity":"","overlay-gradient":""},"mobile":{"background-color":"","background-image":"","background-repeat":"repeat","background-position":"center center","background-size":"auto","background-attachment":"scroll","background-type":"","background-media":"","overlay-type":"","overlay-color":"","overlay-opacity":"","overlay-gradient":""}},"ast-content-background-meta":{"desktop":{"background-color":"var(--ast-global-color-5)","background-image":"","background-repeat":"repeat","background-position":"center center","background-size":"auto","background-attachment":"scroll","background-type":"","background-media":"","overlay-type":"","overlay-color":"","overlay-opacity":"","overlay-gradient":""},"tablet":{"background-color":"var(--ast-global-color-5)","background-image":"","background-repeat":"repeat","background-position":"center center","background-size":"auto","background-attachment":"scroll","background-type":"","background-media":"","overlay-type":"","overlay-color":"","overlay-opacity":"","overlay-gradient":""},"mobile":{"background-color":"var(--ast-global-color-5)","background-image":"","background-repeat":"repeat","background-position":"center center","background-size":"auto","background-attachment":"scroll","background-type":"","background-media":"","overlay-type":"","overlay-color":"","overlay-opacity":"","overlay-gradient":""}},"footnotes":""},"class_list":["post-8790","page","type-page","status-publish","hentry"],"yoast_head":"<!-- This site is optimized with the Yoast SEO Premium plugin v24.2 (Yoast SEO v24.6) - https:\/\/yoast.com\/wordpress\/plugins\/seo\/ -->\n<title>Raymond Auguste Quinsac Monvoisin - Uni\u00f3n Esp\u00edrita<\/title>\n<meta name=\"robots\" content=\"index, follow, max-snippet:-1, max-image-preview:large, max-video-preview:-1\" \/>\n<link rel=\"canonical\" href=\"https:\/\/nuevo-renacer.com\/it\/raymond-auguste-quinsac-monvoisin\/\" \/>\n<meta property=\"og:locale\" content=\"it_IT\" \/>\n<meta property=\"og:type\" content=\"article\" \/>\n<meta property=\"og:title\" content=\"Raymond Auguste Quinsac Monvoisin\" \/>\n<meta property=\"og:description\" content=\"Raymond Auguste Quinsac Monvoisin Raymond Auguste Quinsac Monvoisin naci\u00f3 el 31 de mayo de 1790 en Burdeos, Francia. Pintor de escenas de g\u00e9nero, paisajes, historia y retratos, fue uno de los disc\u00edpulos m\u00e1s destacados del Bar\u00f3n Gu\u00e9rin en la Escuela de Bellas Artes de Par\u00eds. Premiado en varias ocasiones, a los 27 a\u00f1os se convirti\u00f3 [&hellip;]\" \/>\n<meta property=\"og:url\" content=\"https:\/\/nuevo-renacer.com\/it\/raymond-auguste-quinsac-monvoisin\/\" \/>\n<meta property=\"og:site_name\" content=\"Uni\u00f3n Esp\u00edrita\" \/>\n<meta property=\"article:publisher\" content=\"https:\/\/www.facebook.com\/groups\/3431398063740829\" \/>\n<meta property=\"article:modified_time\" content=\"2026-02-19T14:02:33+00:00\" \/>\n<meta property=\"og:image\" content=\"https:\/\/nuevo-renacer.com\/wp-content\/uploads\/2026\/02\/Raymond-Quinsac-Monvoisin.jpg\" \/>\n\t<meta property=\"og:image:width\" content=\"469\" \/>\n\t<meta property=\"og:image:height\" content=\"535\" \/>\n\t<meta property=\"og:image:type\" content=\"image\/jpeg\" \/>\n<meta name=\"twitter:card\" content=\"summary_large_image\" \/>\n<meta name=\"twitter:label1\" content=\"Tempo di lettura stimato\" \/>\n\t<meta name=\"twitter:data1\" content=\"5 minuti\" \/>\n<script type=\"application\/ld+json\" class=\"yoast-schema-graph\">{\"@context\":\"https:\/\/schema.org\",\"@graph\":[{\"@type\":\"WebPage\",\"@id\":\"https:\/\/nuevo-renacer.com\/raymond-auguste-quinsac-monvoisin\/\",\"url\":\"https:\/\/nuevo-renacer.com\/raymond-auguste-quinsac-monvoisin\/\",\"name\":\"Raymond Auguste Quinsac Monvoisin - Uni\u00f3n Esp\u00edrita\",\"isPartOf\":{\"@id\":\"https:\/\/nuevo-renacer.com\/#website\"},\"primaryImageOfPage\":{\"@id\":\"https:\/\/nuevo-renacer.com\/raymond-auguste-quinsac-monvoisin\/#primaryimage\"},\"image\":{\"@id\":\"https:\/\/nuevo-renacer.com\/raymond-auguste-quinsac-monvoisin\/#primaryimage\"},\"thumbnailUrl\":\"https:\/\/nuevo-renacer.com\/wp-content\/uploads\/2026\/02\/Raymond-Quinsac-Monvoisin.jpg\",\"datePublished\":\"2026-02-19T13:58:03+00:00\",\"dateModified\":\"2026-02-19T14:02:33+00:00\",\"breadcrumb\":{\"@id\":\"https:\/\/nuevo-renacer.com\/raymond-auguste-quinsac-monvoisin\/#breadcrumb\"},\"inLanguage\":\"it-IT\",\"potentialAction\":[{\"@type\":\"ReadAction\",\"target\":[\"https:\/\/nuevo-renacer.com\/raymond-auguste-quinsac-monvoisin\/\"]}]},{\"@type\":\"ImageObject\",\"inLanguage\":\"it-IT\",\"@id\":\"https:\/\/nuevo-renacer.com\/raymond-auguste-quinsac-monvoisin\/#primaryimage\",\"url\":\"https:\/\/nuevo-renacer.com\/wp-content\/uploads\/2026\/02\/Raymond-Quinsac-Monvoisin.jpg\",\"contentUrl\":\"https:\/\/nuevo-renacer.com\/wp-content\/uploads\/2026\/02\/Raymond-Quinsac-Monvoisin.jpg\"},{\"@type\":\"BreadcrumbList\",\"@id\":\"https:\/\/nuevo-renacer.com\/raymond-auguste-quinsac-monvoisin\/#breadcrumb\",\"itemListElement\":[{\"@type\":\"ListItem\",\"position\":1,\"name\":\"Startseite\",\"item\":\"https:\/\/nuevo-renacer.com\/\"},{\"@type\":\"ListItem\",\"position\":2,\"name\":\"Raymond Auguste Quinsac Monvoisin\"}]},{\"@type\":\"WebSite\",\"@id\":\"https:\/\/nuevo-renacer.com\/#website\",\"url\":\"https:\/\/nuevo-renacer.com\/\",\"name\":\"Uni\u00f3n Esp\u00edrita\",\"description\":\"Nuevo Renacer\",\"publisher\":{\"@id\":\"https:\/\/nuevo-renacer.com\/#organization\"},\"potentialAction\":[{\"@type\":\"SearchAction\",\"target\":{\"@type\":\"EntryPoint\",\"urlTemplate\":\"https:\/\/nuevo-renacer.com\/?s={search_term_string}\"},\"query-input\":{\"@type\":\"PropertyValueSpecification\",\"valueRequired\":true,\"valueName\":\"search_term_string\"}}],\"inLanguage\":\"it-IT\"},{\"@type\":\"Organization\",\"@id\":\"https:\/\/nuevo-renacer.com\/#organization\",\"name\":\"UFEC\",\"url\":\"https:\/\/nuevo-renacer.com\/\",\"logo\":{\"@type\":\"ImageObject\",\"inLanguage\":\"it-IT\",\"@id\":\"https:\/\/nuevo-renacer.com\/#\/schema\/logo\/image\/\",\"url\":\"https:\/\/nuevo-renacer.com\/wp-content\/uploads\/2024\/05\/cropped-LOGO-TERMINADO1-3-3.png\",\"contentUrl\":\"https:\/\/nuevo-renacer.com\/wp-content\/uploads\/2024\/05\/cropped-LOGO-TERMINADO1-3-3.png\",\"width\":512,\"height\":512,\"caption\":\"UFEC\"},\"image\":{\"@id\":\"https:\/\/nuevo-renacer.com\/#\/schema\/logo\/image\/\"},\"sameAs\":[\"https:\/\/www.facebook.com\/groups\/3431398063740829\"]}]}<\/script>\n<!-- \/ Yoast SEO Premium plugin. -->","yoast_head_json":{"title":"Raymond Auguste Quinsac Monvoisin - Uni\u00f3n Esp\u00edrita","robots":{"index":"index","follow":"follow","max-snippet":"max-snippet:-1","max-image-preview":"max-image-preview:large","max-video-preview":"max-video-preview:-1"},"canonical":"https:\/\/nuevo-renacer.com\/it\/raymond-auguste-quinsac-monvoisin\/","og_locale":"it_IT","og_type":"article","og_title":"Raymond Auguste Quinsac Monvoisin","og_description":"Raymond Auguste Quinsac Monvoisin Raymond Auguste Quinsac Monvoisin naci\u00f3 el 31 de mayo de 1790 en Burdeos, Francia. Pintor de escenas de g\u00e9nero, paisajes, historia y retratos, fue uno de los disc\u00edpulos m\u00e1s destacados del Bar\u00f3n Gu\u00e9rin en la Escuela de Bellas Artes de Par\u00eds. Premiado en varias ocasiones, a los 27 a\u00f1os se convirti\u00f3 [&hellip;]","og_url":"https:\/\/nuevo-renacer.com\/it\/raymond-auguste-quinsac-monvoisin\/","og_site_name":"Uni\u00f3n Esp\u00edrita","article_publisher":"https:\/\/www.facebook.com\/groups\/3431398063740829","article_modified_time":"2026-02-19T14:02:33+00:00","og_image":[{"width":469,"height":535,"url":"https:\/\/nuevo-renacer.com\/wp-content\/uploads\/2026\/02\/Raymond-Quinsac-Monvoisin.jpg","type":"image\/jpeg"}],"twitter_card":"summary_large_image","twitter_misc":{"Tempo di lettura stimato":"5 minuti"},"schema":{"@context":"https:\/\/schema.org","@graph":[{"@type":"WebPage","@id":"https:\/\/nuevo-renacer.com\/raymond-auguste-quinsac-monvoisin\/","url":"https:\/\/nuevo-renacer.com\/raymond-auguste-quinsac-monvoisin\/","name":"Raymond Auguste Quinsac Monvoisin - Uni\u00f3n Esp\u00edrita","isPartOf":{"@id":"https:\/\/nuevo-renacer.com\/#website"},"primaryImageOfPage":{"@id":"https:\/\/nuevo-renacer.com\/raymond-auguste-quinsac-monvoisin\/#primaryimage"},"image":{"@id":"https:\/\/nuevo-renacer.com\/raymond-auguste-quinsac-monvoisin\/#primaryimage"},"thumbnailUrl":"https:\/\/nuevo-renacer.com\/wp-content\/uploads\/2026\/02\/Raymond-Quinsac-Monvoisin.jpg","datePublished":"2026-02-19T13:58:03+00:00","dateModified":"2026-02-19T14:02:33+00:00","breadcrumb":{"@id":"https:\/\/nuevo-renacer.com\/raymond-auguste-quinsac-monvoisin\/#breadcrumb"},"inLanguage":"it-IT","potentialAction":[{"@type":"ReadAction","target":["https:\/\/nuevo-renacer.com\/raymond-auguste-quinsac-monvoisin\/"]}]},{"@type":"ImageObject","inLanguage":"it-IT","@id":"https:\/\/nuevo-renacer.com\/raymond-auguste-quinsac-monvoisin\/#primaryimage","url":"https:\/\/nuevo-renacer.com\/wp-content\/uploads\/2026\/02\/Raymond-Quinsac-Monvoisin.jpg","contentUrl":"https:\/\/nuevo-renacer.com\/wp-content\/uploads\/2026\/02\/Raymond-Quinsac-Monvoisin.jpg"},{"@type":"BreadcrumbList","@id":"https:\/\/nuevo-renacer.com\/raymond-auguste-quinsac-monvoisin\/#breadcrumb","itemListElement":[{"@type":"ListItem","position":1,"name":"Startseite","item":"https:\/\/nuevo-renacer.com\/"},{"@type":"ListItem","position":2,"name":"Raymond Auguste Quinsac Monvoisin"}]},{"@type":"WebSite","@id":"https:\/\/nuevo-renacer.com\/#website","url":"https:\/\/nuevo-renacer.com\/","name":"Uni\u00f3n Esp\u00edrita","description":"Nuevo Renacer","publisher":{"@id":"https:\/\/nuevo-renacer.com\/#organization"},"potentialAction":[{"@type":"SearchAction","target":{"@type":"EntryPoint","urlTemplate":"https:\/\/nuevo-renacer.com\/?s={search_term_string}"},"query-input":{"@type":"PropertyValueSpecification","valueRequired":true,"valueName":"search_term_string"}}],"inLanguage":"it-IT"},{"@type":"Organization","@id":"https:\/\/nuevo-renacer.com\/#organization","name":"UFEC","url":"https:\/\/nuevo-renacer.com\/","logo":{"@type":"ImageObject","inLanguage":"it-IT","@id":"https:\/\/nuevo-renacer.com\/#\/schema\/logo\/image\/","url":"https:\/\/nuevo-renacer.com\/wp-content\/uploads\/2024\/05\/cropped-LOGO-TERMINADO1-3-3.png","contentUrl":"https:\/\/nuevo-renacer.com\/wp-content\/uploads\/2024\/05\/cropped-LOGO-TERMINADO1-3-3.png","width":512,"height":512,"caption":"UFEC"},"image":{"@id":"https:\/\/nuevo-renacer.com\/#\/schema\/logo\/image\/"},"sameAs":["https:\/\/www.facebook.com\/groups\/3431398063740829"]}]}},"uagb_featured_image_src":{"full":false,"thumbnail":false,"medium":false,"medium_large":false,"large":false,"1536x1536":false,"2048x2048":false,"trp-custom-language-flag":false},"uagb_author_info":{"display_name":"adbv0","author_link":"https:\/\/nuevo-renacer.com\/it\/author\/adbv0\/"},"uagb_comment_info":0,"uagb_excerpt":"Raymond Auguste Quinsac Monvoisin Raymond Auguste Quinsac Monvoisin naci\u00f3 el 31 de mayo de 1790 en Burdeos, Francia. Pintor de escenas de g\u00e9nero, paisajes, historia y retratos, fue uno de los disc\u00edpulos m\u00e1s destacados del Bar\u00f3n Gu\u00e9rin en la Escuela de Bellas Artes de Par\u00eds. Premiado en varias ocasiones, a los 27 a\u00f1os se convirti\u00f3&hellip;","jetpack_sharing_enabled":true,"_links":{"self":[{"href":"https:\/\/nuevo-renacer.com\/it\/wp-json\/wp\/v2\/pages\/8790","targetHints":{"allow":["GET"]}}],"collection":[{"href":"https:\/\/nuevo-renacer.com\/it\/wp-json\/wp\/v2\/pages"}],"about":[{"href":"https:\/\/nuevo-renacer.com\/it\/wp-json\/wp\/v2\/types\/page"}],"author":[{"embeddable":true,"href":"https:\/\/nuevo-renacer.com\/it\/wp-json\/wp\/v2\/users\/1"}],"replies":[{"embeddable":true,"href":"https:\/\/nuevo-renacer.com\/it\/wp-json\/wp\/v2\/comments?post=8790"}],"version-history":[{"count":2,"href":"https:\/\/nuevo-renacer.com\/it\/wp-json\/wp\/v2\/pages\/8790\/revisions"}],"predecessor-version":[{"id":8794,"href":"https:\/\/nuevo-renacer.com\/it\/wp-json\/wp\/v2\/pages\/8790\/revisions\/8794"}],"wp:attachment":[{"href":"https:\/\/nuevo-renacer.com\/it\/wp-json\/wp\/v2\/media?parent=8790"}],"curies":[{"name":"wp","href":"https:\/\/api.w.org\/{rel}","templated":true}]}}