{"id":8767,"date":"2026-01-23T11:46:40","date_gmt":"2026-01-23T11:46:40","guid":{"rendered":"https:\/\/nuevo-renacer.com\/?page_id=8767"},"modified":"2026-01-23T11:48:07","modified_gmt":"2026-01-23T11:48:07","slug":"gaetano-donizetti","status":"publish","type":"page","link":"https:\/\/nuevo-renacer.com\/it\/gaetano-donizetti\/","title":{"rendered":"Gaetano Donizetti"},"content":{"rendered":"<div class=\"wp-block-uagb-container uagb-block-a4c824bc alignfull uagb-is-root-container\"><div class=\"uagb-container-inner-blocks-wrap\">\n<p class=\"has-black-color has-text-color has-link-color has-medium-font-size wp-elements-2721ce93325a53e9c1c8a57c7c732ac1\"><strong>Gaetano Donizetti<\/strong><\/p>\n<\/div><\/div>\n\n\n\n<div class=\"wp-block-uagb-container uagb-block-57a0b36f alignfull uagb-is-root-container\"><div class=\"uagb-container-inner-blocks-wrap\">\n<figure class=\"wp-block-image size-full is-resized\"><img fetchpriority=\"high\" decoding=\"async\" width=\"640\" height=\"663\" src=\"https:\/\/nuevo-renacer.com\/wp-content\/uploads\/2026\/01\/Gaetano_Donizetti.jpg\" alt=\"\" class=\"wp-image-8768\" style=\"width:304px;height:auto\" srcset=\"https:\/\/nuevo-renacer.com\/wp-content\/uploads\/2026\/01\/Gaetano_Donizetti.jpg 640w, https:\/\/nuevo-renacer.com\/wp-content\/uploads\/2026\/01\/Gaetano_Donizetti-290x300.jpg 290w, https:\/\/nuevo-renacer.com\/wp-content\/uploads\/2026\/01\/Gaetano_Donizetti-12x12.jpg 12w\" sizes=\"(max-width: 640px) 100vw, 640px\" \/><\/figure>\n<\/div><\/div>\n\n\n\n<div class=\"wp-block-uagb-container uagb-block-2273ec1b alignfull uagb-is-root-container\"><div class=\"uagb-container-inner-blocks-wrap\">\n<p class=\"has-black-color has-text-color has-link-color has-small-font-size wp-elements-114afe3dcbfc40482b2d3ace7f278f22\">Gaetano Donizetti Chi ha familiarit\u00e0 con la Dottrina Spiritista codificata da Allan Kardec non si stupisce affatto se qualcuno afferma che gli Spiriti, quando ritornano sulla Terra in nuovi corpi somatici, portano con s\u00e9, una volta raggiunto un certo grado evolutivo, compiti da svolgere in campo morale, religioso, letterario, artistico e scientifico. Gaetano Donizetti, ad esempio, ha scelto la missione di diffondere la musica, ma una musica che impressionasse e sensibilizzasse le creature, in modo da dominarne l'intelletto e soprattutto i sentimenti. Oggi non si ignora che la musica, come ha gi\u00e0 osservato la scienza medica, esercita in molti casi funzioni terapeutiche. Essa influenza anche in modo efficace l'aumento della produzione lavorativa. Donizetti, quindi, ha portato la medicina sonora di cui certi popoli avevano bisogno, medicina che viene ancora utilizzata con generale gradimento e reale beneficio. Quando raggiunse l'et\u00e0 di decidere quale carriera intraprendere, gli fu detto di scegliere: il Foro, secondo il desiderio paterno; l'Architettura, in virt\u00f9 della sua straordinaria inclinazione per il disegno, o l'arte musicale, alla quale era chiamato da una voce interiore, voce della sua Guida spirituale, voce del destino, come espresse uno dei suoi biografi.<\/p>\n\n\n\n<p class=\"has-black-color has-text-color has-link-color has-small-font-size wp-elements-0a2ad10a1900e6f49c649e1ca8d59110\">Nonostante la sua grande ammirazione per la scienza di Vitruvio e nonostante i suoi genitori desiderassero vederlo indossare la toga, il destino, quel destino ancora cos\u00ec poco compreso ai nostri giorni, trionf\u00f2 e Gaetano Donizetti si impose al mondo come compositore musicale! Aveva 17 anni e gi\u00e0 scriveva sinfonie, quartetti per violini, cantate e musica sacra, con la facilit\u00e0 che ha sempre caratterizzato il suo talento. Al ritorno nella citt\u00e0 natale, dopo alcuni anni di studi all'estero, Donizetti fu sorpreso dall'insistenza paterna affinch\u00e9 abbandonasse l'intenzione di scrivere per il teatro, per dedicarsi invece all'insegnamento, pi\u00f9 redditizio. La sua famiglia era povera e, naturalmente, come insegnante, sarebbe stato pi\u00f9 facile per lui guadagnare denaro per il proprio sostentamento e per aiutare le spese domestiche. Donizetti, anima vibrante, non poteva in alcun modo rimanere legato all'insegnamento; la sua immaginazione e il suo pensiero volavano molto al di sopra delle cose di routine e, per evitare di diventare insegnante, si arruol\u00f2 come soldato, poich\u00e9 cos\u00ec, durante i momenti di ozio della vita in caserma, avrebbe potuto dedicarsi pi\u00f9 facilmente alla sua passione preferita.<\/p>\n\n\n\n<p class=\"has-black-color has-text-color has-link-color has-small-font-size wp-elements-a61998cf55cdc53605d72d80ec023438\">Si dice, con una certa dose di verit\u00e0, che Dio scrive dritto per linee storte. Con Donizetti \u00e8 successo proprio questo. Nei momenti di pausa, che erano molti, scrisse \u00abEnrico, Conte di Borgogna\u00bb, la sua prima opera, e poi \u00abIl Falegname di Livonia\u00bb. Grazie al successo ottenuto dall'opera \u00abIl Falegname di Livonia\u00bb, ebbe la fortuna di incontrare persone di grande influenza che riuscirono a far esonerare Donizetti dal servizio militare e, con il loro aiuto, inizi\u00f2 subito una grande attivit\u00e0 musicale. La sua capacit\u00e0 di improvvisazione era sorprendente; non pensava mai a ci\u00f2 che avrebbe scritto, si sedeva e si abbandonava completamente alla dea ispiratrice. La sua funzione, quindi, era quasi meccanica; si limitava, come eccellente apparato medianico che era, insieme alle conoscenze musicali che allora possedeva, si limitava, ripetiamo, a riprodurre il pi\u00f9 fedelmente possibile le dolci e meravigliose orchestrazioni, le cui magnifiche sonorit\u00e0 sentiva mirabilmente dentro di s\u00e9.<\/p>\n\n\n\n<p class=\"has-black-color has-text-color has-link-color has-small-font-size wp-elements-8d560174bc1a02570d710261750845e1\">Diversi erano, senza dubbio, gli autori spirituali di queste musiche, da lui presentate medianicamente, e per questo erano vari i generi delle sue composizioni, come, ad esempio, il \u00abSeptuor\u00bb e la scena delle tombe di \u00abLucia di Lammermoor\u00bb, l'atto 49 della \u00abFavorita\u00bb sono pagine di intensa e palpitante emozione e, ascoltandole, i nostri occhi si riempiono di lacrime. Le partiture di \u00abDon Pasquale\u00bb e \u00abElixir d'Amore\u00bb, invece, ci trasportano alla pi\u00f9 franca e comunicativa allegria. Donizetti non era quindi un compositore che obbediva a una scuola. La sua scuola, se cos\u00ec possiamo esprimerci, era, come abbiamo gi\u00e0 detto, quella della pura e semplice ispirazione. In queste condizioni, era destinato a trasmetterci pagine che sono magnifici esempi di vigore e indiscutibile bellezza, come \u00abElisabeth de Kenilworth\u00bb, \u00abEsula de Roma\u00bb, \u00abLinda de Chamounix\u00bb, \u00abLucr\u00e9cia Borgia\u00bb e altre quasi prive di valore intrinseco, quando, costretto dalle circostanze, componeva le sue partiture senza alcuna ispirazione superiore. Il fatto, tuttavia, come ha detto un critico musicale, \u00e8 che Donizetti, dopo Rossini, \u00e8 stato il compositore pi\u00f9 applaudito al mondo e quello che meglio ha saputo consolare la musica europea, strappandola da quel doloroso silenzio in cui il grande Rossini l'aveva lasciata immersa dal 1829, dopo la presentazione della sua geniale opera \u00abGuglielmo Tell\u00bb.<\/p>\n<\/div><\/div>\n\n\n\n<div class=\"wp-block-uagb-container uagb-block-25d41728 alignfull uagb-is-root-container\"><div class=\"uagb-container-inner-blocks-wrap\"><\/div><\/div>\n\n\n\n<div class=\"wp-block-uagb-container uagb-block-4b4d622a alignfull uagb-is-root-container\"><div class=\"uagb-container-inner-blocks-wrap\"><\/div><\/div>","protected":false},"excerpt":{"rendered":"<p>Gaetano Donizetti Quien ya se ha familiarizado con la Doctrina Esp\u00edrita codificada por Allan Kardec no se sorprende si alguien afirma que los Esp\u00edritus, al regresar a la Tierra en nuevos cuerpos, una vez alcanzado cierto grado evolutivo, traen consigo tareas que cumplir en los campos moral, religioso, literario, art\u00edstico y cient\u00edfico. Gaetano Donizetti, por [&hellip;]<\/p>","protected":false},"author":1,"featured_media":0,"parent":0,"menu_order":0,"comment_status":"closed","ping_status":"closed","template":"","meta":{"_uag_custom_page_level_css":"","site-sidebar-layout":"default","site-content-layout":"","ast-site-content-layout":"default","site-content-style":"default","site-sidebar-style":"default","ast-global-header-display":"","ast-banner-title-visibility":"","ast-main-header-display":"","ast-hfb-above-header-display":"","ast-hfb-below-header-display":"","ast-hfb-mobile-header-display":"","site-post-title":"disabled","ast-breadcrumbs-content":"","ast-featured-img":"","footer-sml-layout":"","theme-transparent-header-meta":"","adv-header-id-meta":"","stick-header-meta":"","header-above-stick-meta":"","header-main-stick-meta":"","header-below-stick-meta":"","astra-migrate-meta-layouts":"set","ast-page-background-enabled":"default","ast-page-background-meta":{"desktop":{"background-color":"var(--ast-global-color-4)","background-image":"","background-repeat":"repeat","background-position":"center center","background-size":"auto","background-attachment":"scroll","background-type":"","background-media":"","overlay-type":"","overlay-color":"","overlay-opacity":"","overlay-gradient":""},"tablet":{"background-color":"","background-image":"","background-repeat":"repeat","background-position":"center center","background-size":"auto","background-attachment":"scroll","background-type":"","background-media":"","overlay-type":"","overlay-color":"","overlay-opacity":"","overlay-gradient":""},"mobile":{"background-color":"","background-image":"","background-repeat":"repeat","background-position":"center center","background-size":"auto","background-attachment":"scroll","background-type":"","background-media":"","overlay-type":"","overlay-color":"","overlay-opacity":"","overlay-gradient":""}},"ast-content-background-meta":{"desktop":{"background-color":"var(--ast-global-color-5)","background-image":"","background-repeat":"repeat","background-position":"center center","background-size":"auto","background-attachment":"scroll","background-type":"","background-media":"","overlay-type":"","overlay-color":"","overlay-opacity":"","overlay-gradient":""},"tablet":{"background-color":"var(--ast-global-color-5)","background-image":"","background-repeat":"repeat","background-position":"center center","background-size":"auto","background-attachment":"scroll","background-type":"","background-media":"","overlay-type":"","overlay-color":"","overlay-opacity":"","overlay-gradient":""},"mobile":{"background-color":"var(--ast-global-color-5)","background-image":"","background-repeat":"repeat","background-position":"center center","background-size":"auto","background-attachment":"scroll","background-type":"","background-media":"","overlay-type":"","overlay-color":"","overlay-opacity":"","overlay-gradient":""}},"footnotes":""},"class_list":["post-8767","page","type-page","status-publish","hentry"],"yoast_head":"<!-- This site is optimized with the Yoast SEO Premium plugin v24.2 (Yoast SEO v24.6) - https:\/\/yoast.com\/wordpress\/plugins\/seo\/ -->\n<title>Gaetano Donizetti - Uni\u00f3n Esp\u00edrita<\/title>\n<meta name=\"robots\" content=\"index, follow, max-snippet:-1, max-image-preview:large, max-video-preview:-1\" \/>\n<link rel=\"canonical\" href=\"https:\/\/nuevo-renacer.com\/it\/gaetano-donizetti\/\" \/>\n<meta property=\"og:locale\" content=\"it_IT\" \/>\n<meta property=\"og:type\" content=\"article\" \/>\n<meta property=\"og:title\" content=\"Gaetano Donizetti\" \/>\n<meta property=\"og:description\" content=\"Gaetano Donizetti Quien ya se ha familiarizado con la Doctrina Esp\u00edrita codificada por Allan Kardec no se sorprende si alguien afirma que los Esp\u00edritus, al regresar a la Tierra en nuevos cuerpos, una vez alcanzado cierto grado evolutivo, traen consigo tareas que cumplir en los campos moral, religioso, literario, art\u00edstico y cient\u00edfico. Gaetano Donizetti, por [&hellip;]\" \/>\n<meta property=\"og:url\" content=\"https:\/\/nuevo-renacer.com\/it\/gaetano-donizetti\/\" \/>\n<meta property=\"og:site_name\" content=\"Uni\u00f3n Esp\u00edrita\" \/>\n<meta property=\"article:publisher\" content=\"https:\/\/www.facebook.com\/groups\/3431398063740829\" \/>\n<meta property=\"article:modified_time\" content=\"2026-01-23T11:48:07+00:00\" \/>\n<meta property=\"og:image\" content=\"https:\/\/nuevo-renacer.com\/wp-content\/uploads\/2026\/01\/Gaetano_Donizetti.jpg\" \/>\n\t<meta property=\"og:image:width\" content=\"640\" \/>\n\t<meta property=\"og:image:height\" content=\"663\" \/>\n\t<meta property=\"og:image:type\" content=\"image\/jpeg\" \/>\n<meta name=\"twitter:card\" content=\"summary_large_image\" \/>\n<meta name=\"twitter:label1\" content=\"Tempo di lettura stimato\" \/>\n\t<meta name=\"twitter:data1\" content=\"5 minuti\" \/>\n<script type=\"application\/ld+json\" class=\"yoast-schema-graph\">{\"@context\":\"https:\/\/schema.org\",\"@graph\":[{\"@type\":\"WebPage\",\"@id\":\"https:\/\/nuevo-renacer.com\/gaetano-donizetti\/\",\"url\":\"https:\/\/nuevo-renacer.com\/gaetano-donizetti\/\",\"name\":\"Gaetano Donizetti - Uni\u00f3n Esp\u00edrita\",\"isPartOf\":{\"@id\":\"https:\/\/nuevo-renacer.com\/#website\"},\"primaryImageOfPage\":{\"@id\":\"https:\/\/nuevo-renacer.com\/gaetano-donizetti\/#primaryimage\"},\"image\":{\"@id\":\"https:\/\/nuevo-renacer.com\/gaetano-donizetti\/#primaryimage\"},\"thumbnailUrl\":\"https:\/\/nuevo-renacer.com\/wp-content\/uploads\/2026\/01\/Gaetano_Donizetti.jpg\",\"datePublished\":\"2026-01-23T11:46:40+00:00\",\"dateModified\":\"2026-01-23T11:48:07+00:00\",\"breadcrumb\":{\"@id\":\"https:\/\/nuevo-renacer.com\/gaetano-donizetti\/#breadcrumb\"},\"inLanguage\":\"it-IT\",\"potentialAction\":[{\"@type\":\"ReadAction\",\"target\":[\"https:\/\/nuevo-renacer.com\/gaetano-donizetti\/\"]}]},{\"@type\":\"ImageObject\",\"inLanguage\":\"it-IT\",\"@id\":\"https:\/\/nuevo-renacer.com\/gaetano-donizetti\/#primaryimage\",\"url\":\"https:\/\/nuevo-renacer.com\/wp-content\/uploads\/2026\/01\/Gaetano_Donizetti.jpg\",\"contentUrl\":\"https:\/\/nuevo-renacer.com\/wp-content\/uploads\/2026\/01\/Gaetano_Donizetti.jpg\"},{\"@type\":\"BreadcrumbList\",\"@id\":\"https:\/\/nuevo-renacer.com\/gaetano-donizetti\/#breadcrumb\",\"itemListElement\":[{\"@type\":\"ListItem\",\"position\":1,\"name\":\"Startseite\",\"item\":\"https:\/\/nuevo-renacer.com\/\"},{\"@type\":\"ListItem\",\"position\":2,\"name\":\"Gaetano Donizetti\"}]},{\"@type\":\"WebSite\",\"@id\":\"https:\/\/nuevo-renacer.com\/#website\",\"url\":\"https:\/\/nuevo-renacer.com\/\",\"name\":\"Uni\u00f3n Esp\u00edrita\",\"description\":\"Nuevo Renacer\",\"publisher\":{\"@id\":\"https:\/\/nuevo-renacer.com\/#organization\"},\"potentialAction\":[{\"@type\":\"SearchAction\",\"target\":{\"@type\":\"EntryPoint\",\"urlTemplate\":\"https:\/\/nuevo-renacer.com\/?s={search_term_string}\"},\"query-input\":{\"@type\":\"PropertyValueSpecification\",\"valueRequired\":true,\"valueName\":\"search_term_string\"}}],\"inLanguage\":\"it-IT\"},{\"@type\":\"Organization\",\"@id\":\"https:\/\/nuevo-renacer.com\/#organization\",\"name\":\"UFEC\",\"url\":\"https:\/\/nuevo-renacer.com\/\",\"logo\":{\"@type\":\"ImageObject\",\"inLanguage\":\"it-IT\",\"@id\":\"https:\/\/nuevo-renacer.com\/#\/schema\/logo\/image\/\",\"url\":\"https:\/\/nuevo-renacer.com\/wp-content\/uploads\/2024\/05\/cropped-LOGO-TERMINADO1-3-3.png\",\"contentUrl\":\"https:\/\/nuevo-renacer.com\/wp-content\/uploads\/2024\/05\/cropped-LOGO-TERMINADO1-3-3.png\",\"width\":512,\"height\":512,\"caption\":\"UFEC\"},\"image\":{\"@id\":\"https:\/\/nuevo-renacer.com\/#\/schema\/logo\/image\/\"},\"sameAs\":[\"https:\/\/www.facebook.com\/groups\/3431398063740829\"]}]}<\/script>\n<!-- \/ Yoast SEO Premium plugin. -->","yoast_head_json":{"title":"Gaetano Donizetti - Uni\u00f3n Esp\u00edrita","robots":{"index":"index","follow":"follow","max-snippet":"max-snippet:-1","max-image-preview":"max-image-preview:large","max-video-preview":"max-video-preview:-1"},"canonical":"https:\/\/nuevo-renacer.com\/it\/gaetano-donizetti\/","og_locale":"it_IT","og_type":"article","og_title":"Gaetano Donizetti","og_description":"Gaetano Donizetti Quien ya se ha familiarizado con la Doctrina Esp\u00edrita codificada por Allan Kardec no se sorprende si alguien afirma que los Esp\u00edritus, al regresar a la Tierra en nuevos cuerpos, una vez alcanzado cierto grado evolutivo, traen consigo tareas que cumplir en los campos moral, religioso, literario, art\u00edstico y cient\u00edfico. Gaetano Donizetti, por [&hellip;]","og_url":"https:\/\/nuevo-renacer.com\/it\/gaetano-donizetti\/","og_site_name":"Uni\u00f3n Esp\u00edrita","article_publisher":"https:\/\/www.facebook.com\/groups\/3431398063740829","article_modified_time":"2026-01-23T11:48:07+00:00","og_image":[{"width":640,"height":663,"url":"https:\/\/nuevo-renacer.com\/wp-content\/uploads\/2026\/01\/Gaetano_Donizetti.jpg","type":"image\/jpeg"}],"twitter_card":"summary_large_image","twitter_misc":{"Tempo di lettura stimato":"5 minuti"},"schema":{"@context":"https:\/\/schema.org","@graph":[{"@type":"WebPage","@id":"https:\/\/nuevo-renacer.com\/gaetano-donizetti\/","url":"https:\/\/nuevo-renacer.com\/gaetano-donizetti\/","name":"Gaetano Donizetti - Uni\u00f3n Esp\u00edrita","isPartOf":{"@id":"https:\/\/nuevo-renacer.com\/#website"},"primaryImageOfPage":{"@id":"https:\/\/nuevo-renacer.com\/gaetano-donizetti\/#primaryimage"},"image":{"@id":"https:\/\/nuevo-renacer.com\/gaetano-donizetti\/#primaryimage"},"thumbnailUrl":"https:\/\/nuevo-renacer.com\/wp-content\/uploads\/2026\/01\/Gaetano_Donizetti.jpg","datePublished":"2026-01-23T11:46:40+00:00","dateModified":"2026-01-23T11:48:07+00:00","breadcrumb":{"@id":"https:\/\/nuevo-renacer.com\/gaetano-donizetti\/#breadcrumb"},"inLanguage":"it-IT","potentialAction":[{"@type":"ReadAction","target":["https:\/\/nuevo-renacer.com\/gaetano-donizetti\/"]}]},{"@type":"ImageObject","inLanguage":"it-IT","@id":"https:\/\/nuevo-renacer.com\/gaetano-donizetti\/#primaryimage","url":"https:\/\/nuevo-renacer.com\/wp-content\/uploads\/2026\/01\/Gaetano_Donizetti.jpg","contentUrl":"https:\/\/nuevo-renacer.com\/wp-content\/uploads\/2026\/01\/Gaetano_Donizetti.jpg"},{"@type":"BreadcrumbList","@id":"https:\/\/nuevo-renacer.com\/gaetano-donizetti\/#breadcrumb","itemListElement":[{"@type":"ListItem","position":1,"name":"Startseite","item":"https:\/\/nuevo-renacer.com\/"},{"@type":"ListItem","position":2,"name":"Gaetano Donizetti"}]},{"@type":"WebSite","@id":"https:\/\/nuevo-renacer.com\/#website","url":"https:\/\/nuevo-renacer.com\/","name":"Uni\u00f3n Esp\u00edrita","description":"Nuevo Renacer","publisher":{"@id":"https:\/\/nuevo-renacer.com\/#organization"},"potentialAction":[{"@type":"SearchAction","target":{"@type":"EntryPoint","urlTemplate":"https:\/\/nuevo-renacer.com\/?s={search_term_string}"},"query-input":{"@type":"PropertyValueSpecification","valueRequired":true,"valueName":"search_term_string"}}],"inLanguage":"it-IT"},{"@type":"Organization","@id":"https:\/\/nuevo-renacer.com\/#organization","name":"UFEC","url":"https:\/\/nuevo-renacer.com\/","logo":{"@type":"ImageObject","inLanguage":"it-IT","@id":"https:\/\/nuevo-renacer.com\/#\/schema\/logo\/image\/","url":"https:\/\/nuevo-renacer.com\/wp-content\/uploads\/2024\/05\/cropped-LOGO-TERMINADO1-3-3.png","contentUrl":"https:\/\/nuevo-renacer.com\/wp-content\/uploads\/2024\/05\/cropped-LOGO-TERMINADO1-3-3.png","width":512,"height":512,"caption":"UFEC"},"image":{"@id":"https:\/\/nuevo-renacer.com\/#\/schema\/logo\/image\/"},"sameAs":["https:\/\/www.facebook.com\/groups\/3431398063740829"]}]}},"uagb_featured_image_src":{"full":false,"thumbnail":false,"medium":false,"medium_large":false,"large":false,"1536x1536":false,"2048x2048":false,"trp-custom-language-flag":false},"uagb_author_info":{"display_name":"adbv0","author_link":"https:\/\/nuevo-renacer.com\/it\/author\/adbv0\/"},"uagb_comment_info":0,"uagb_excerpt":"Gaetano Donizetti Quien ya se ha familiarizado con la Doctrina Esp\u00edrita codificada por Allan Kardec no se sorprende si alguien afirma que los Esp\u00edritus, al regresar a la Tierra en nuevos cuerpos, una vez alcanzado cierto grado evolutivo, traen consigo tareas que cumplir en los campos moral, religioso, literario, art\u00edstico y cient\u00edfico. Gaetano Donizetti, por&hellip;","jetpack_sharing_enabled":true,"_links":{"self":[{"href":"https:\/\/nuevo-renacer.com\/it\/wp-json\/wp\/v2\/pages\/8767","targetHints":{"allow":["GET"]}}],"collection":[{"href":"https:\/\/nuevo-renacer.com\/it\/wp-json\/wp\/v2\/pages"}],"about":[{"href":"https:\/\/nuevo-renacer.com\/it\/wp-json\/wp\/v2\/types\/page"}],"author":[{"embeddable":true,"href":"https:\/\/nuevo-renacer.com\/it\/wp-json\/wp\/v2\/users\/1"}],"replies":[{"embeddable":true,"href":"https:\/\/nuevo-renacer.com\/it\/wp-json\/wp\/v2\/comments?post=8767"}],"version-history":[{"count":1,"href":"https:\/\/nuevo-renacer.com\/it\/wp-json\/wp\/v2\/pages\/8767\/revisions"}],"predecessor-version":[{"id":8769,"href":"https:\/\/nuevo-renacer.com\/it\/wp-json\/wp\/v2\/pages\/8767\/revisions\/8769"}],"wp:attachment":[{"href":"https:\/\/nuevo-renacer.com\/it\/wp-json\/wp\/v2\/media?parent=8767"}],"curies":[{"name":"wp","href":"https:\/\/api.w.org\/{rel}","templated":true}]}}