{"id":8737,"date":"2025-12-11T10:57:21","date_gmt":"2025-12-11T10:57:21","guid":{"rendered":"https:\/\/nuevo-renacer.com\/?page_id=8737"},"modified":"2025-12-11T10:57:24","modified_gmt":"2025-12-11T10:57:24","slug":"huracan-melissa-derriba-pared-recientemente-restaurada-en-la-sociedad-de-estudio-psicologico-amor-a-la-moral","status":"publish","type":"page","link":"https:\/\/nuevo-renacer.com\/it\/huracan-melissa-derriba-pared-recientemente-restaurada-en-la-sociedad-de-estudio-psicologico-amor-a-la-moral\/","title":{"rendered":"Hurac\u00e1n Melissa Derriba Pared Recientemente Restaurada en la Sociedad de estudio Psicologico \u00abAmor a la Moral\u00bb"},"content":{"rendered":"<div class=\"wp-block-uagb-container uagb-block-896b6a6d alignfull uagb-is-root-container\"><div class=\"uagb-container-inner-blocks-wrap\">\n<p class=\"has-black-color has-text-color has-link-color has-medium-font-size wp-elements-a2082b08e067cd268f158c6151362751\"><strong>Hurac\u00e1n Melissa Derriba Pared Recientemente Restaurada en la Sociedad de estudio Psicologico \u00abAmor a la Moral\u00bb<\/strong><\/p>\n<\/div><\/div>\n\n\n\n<div class=\"wp-block-uagb-container uagb-block-63cfdbdc alignfull uagb-is-root-container\"><div class=\"uagb-container-inner-blocks-wrap\">\n<figure class=\"wp-block-gallery has-nested-images columns-default is-cropped wp-block-gallery-1 is-layout-flex wp-block-gallery-is-layout-flex\">\n<figure class=\"wp-block-image size-large\"><img fetchpriority=\"high\" decoding=\"async\" width=\"768\" height=\"1024\" data-id=\"8740\" src=\"https:\/\/nuevo-renacer.com\/wp-content\/uploads\/2025\/12\/Huracan-Melissa-Derriba-Pared-Recientemente-Restaurada-en-la-Sociedad-de-estudio-Psicologico-Amor-a-la-Moral2-768x1024.jpg\" alt=\"\" class=\"wp-image-8740\" srcset=\"https:\/\/nuevo-renacer.com\/wp-content\/uploads\/2025\/12\/Huracan-Melissa-Derriba-Pared-Recientemente-Restaurada-en-la-Sociedad-de-estudio-Psicologico-Amor-a-la-Moral2-768x1024.jpg 768w, https:\/\/nuevo-renacer.com\/wp-content\/uploads\/2025\/12\/Huracan-Melissa-Derriba-Pared-Recientemente-Restaurada-en-la-Sociedad-de-estudio-Psicologico-Amor-a-la-Moral2-225x300.jpg 225w, https:\/\/nuevo-renacer.com\/wp-content\/uploads\/2025\/12\/Huracan-Melissa-Derriba-Pared-Recientemente-Restaurada-en-la-Sociedad-de-estudio-Psicologico-Amor-a-la-Moral2-9x12.jpg 9w, https:\/\/nuevo-renacer.com\/wp-content\/uploads\/2025\/12\/Huracan-Melissa-Derriba-Pared-Recientemente-Restaurada-en-la-Sociedad-de-estudio-Psicologico-Amor-a-la-Moral2.jpg 810w\" sizes=\"(max-width: 768px) 100vw, 768px\" \/><\/figure>\n\n\n\n<figure class=\"wp-block-image size-large\"><img decoding=\"async\" width=\"765\" height=\"1020\" data-id=\"8739\" src=\"https:\/\/nuevo-renacer.com\/wp-content\/uploads\/2025\/12\/Huracan-Melissa-Derriba-Pared-Recientemente-Restaurada-en-la-Sociedad-de-estudio-Psicologico-Amor-a-la-Moral-1.jpeg\" alt=\"\" class=\"wp-image-8739\" srcset=\"https:\/\/nuevo-renacer.com\/wp-content\/uploads\/2025\/12\/Huracan-Melissa-Derriba-Pared-Recientemente-Restaurada-en-la-Sociedad-de-estudio-Psicologico-Amor-a-la-Moral-1.jpeg 765w, https:\/\/nuevo-renacer.com\/wp-content\/uploads\/2025\/12\/Huracan-Melissa-Derriba-Pared-Recientemente-Restaurada-en-la-Sociedad-de-estudio-Psicologico-Amor-a-la-Moral-1-225x300.jpeg 225w, https:\/\/nuevo-renacer.com\/wp-content\/uploads\/2025\/12\/Huracan-Melissa-Derriba-Pared-Recientemente-Restaurada-en-la-Sociedad-de-estudio-Psicologico-Amor-a-la-Moral-1-9x12.jpeg 9w\" sizes=\"(max-width: 765px) 100vw, 765px\" \/><\/figure>\n<\/figure>\n<\/div><\/div>\n\n\n\n<div class=\"wp-block-uagb-container uagb-block-bfc655ce alignfull uagb-is-root-container\"><div class=\"uagb-container-inner-blocks-wrap\">\n<p class=\"has-black-color has-text-color has-link-color has-small-font-size wp-elements-cc28c545f1134bc8850c265b648f2ffd\">En el Centro de Estudios Psicol\u00f3gicos Amor a la Moral vivimos, hace apenas unos meses, un momento de profunda alegr\u00eda: la restauraci\u00f3n de la pared frontal, s\u00edmbolo material del esfuerzo colectivo, de la constancia y del amor puesto en la reconstrucci\u00f3n de nuestro espacio espiritual. Aquella obra, terminada en agosto, fue celebrada por todos como un signo de renovaci\u00f3n y esperanza. Sin embargo, la vida \u2014y los designios superiores que la gobiernan\u2014 tienen su propio ritmo y sus propias pedagog\u00edas. El hurac\u00e1n Melissa, en su paso implacable, destruy\u00f3 por completo la pared reci\u00e9n restaurada. La misma estructura que con tanto cari\u00f1o levantamos cay\u00f3 bajo la fuerza del viento, dej\u00e1ndonos un espacio vac\u00edo donde antes hab\u00eda un s\u00edmbolo de logro. Ante este hecho, muchos sentir\u00edan frustraci\u00f3n o desconsuelo. Pero para quienes seguimos la luz de la doctrina esp\u00edrita, los sucesos no se contemplan \u00fanicamente desde la materia, sino desde su dimensi\u00f3n espiritual.<\/p>\n\n\n\n<p class=\"has-black-color has-text-color has-link-color has-small-font-size wp-elements-33054a4c32df7ca1af89be55bb1103d3\"><strong>Una nueva prueba, una nueva oportunidad<\/strong><\/p>\n\n\n\n<p class=\"has-black-color has-text-color has-link-color has-small-font-size wp-elements-826ad34f2964e5fc78c8e627c9820410\">Allan Kardec nos ense\u00f1a que las pruebas son instrumentos necesarios para nuestro progreso. Ninguna dificultad ocurre sin prop\u00f3sito, y ning\u00fan acontecimiento es verdaderamente una p\u00e9rdida cuando comprendemos su ense\u00f1anza moral.<\/p>\n\n\n\n<p class=\"has-black-color has-text-color has-link-color has-small-font-size wp-elements-4699cf12210da490dafb01114072df86\">La destrucci\u00f3n de la pared fue, sin duda, un golpe inesperado. Pero tambi\u00e9n nos invita a reflexionar:<\/p>\n\n\n\n<div class=\"wp-block-group is-layout-constrained wp-block-group-is-layout-constrained\">\n<p class=\"has-black-color has-text-color has-link-color has-small-font-size wp-elements-367e6dd92280bb72605e5d796e7db39a\">\u00bfQu\u00e9 nos ense\u00f1a la impermanencia de lo material?<\/p>\n\n\n\n<p class=\"has-black-color has-text-color has-link-color has-small-font-size wp-elements-832754ebdf2c9341fad46d41d103b17e\">Que toda obra f\u00edsica es transitoria, pero la fuerza moral que la inspira perdura.<\/p>\n\n\n\n<p class=\"has-black-color has-text-color has-link-color has-small-font-size wp-elements-12b2524f530f60f94dcd12f463e07ca8\">\u00bfQu\u00e9 valor tiene el esfuerzo colectivo cuando enfrenta la adversidad?<\/p>\n\n\n\n<p class=\"has-black-color has-text-color has-link-color has-small-font-size wp-elements-35a89af3b20d6f08260827329bbcc194\">Que la uni\u00f3n de corazones es m\u00e1s s\u00f3lida que cualquier ladrillo.<\/p>\n\n\n\n<p class=\"has-black-color has-text-color has-link-color has-small-font-size wp-elements-17a7f38563f20bc1ad673becf80c87fe\">\u00bfQu\u00e9 representa esta prueba para nuestra comunidad?<\/p>\n<\/div>\n<\/div><\/div>\n\n\n\n<div class=\"wp-block-uagb-container uagb-block-111a9602 alignfull uagb-is-root-container\"><div class=\"uagb-container-inner-blocks-wrap\">\n<p class=\"has-black-color has-text-color has-link-color has-small-font-size wp-elements-a5b724030edbc97ac0b4630822b35db3\">Una oportunidad para reafirmar nuestra fe activa, aquella que no se limita a palabras, sino que se manifiesta en el trabajo, en la resiliencia y en la solidaridad.<\/p>\n\n\n\n<p class=\"has-black-color has-text-color has-link-color has-small-font-size wp-elements-7bf63ed8efec4a60c3eebec4e11822b5\"><strong>Reconstruir desde adentro hacia afuera<\/strong><\/p>\n\n\n\n<p class=\"has-black-color has-text-color has-link-color has-small-font-size wp-elements-ee9d4f2c96343066c58a7b3095e8b34f\">El hurac\u00e1n derrib\u00f3 una pared, pero no nuestra determinaci\u00f3n. La estructura f\u00edsica cay\u00f3, pero la espiritual se fortaleci\u00f3. A veces, lo que vemos como p\u00e9rdida es, en realidad, un llamado a construir de nuevo con m\u00e1s conciencia, m\u00e1s amor y m\u00e1s uni\u00f3n. El Centro Amor a la Moral naci\u00f3 para cultivar valores, para fortalecer la voluntad y para ofrecer consuelo a quien busca luz en medio de la dificultad. Hoy, la vida nos invita a aplicar nuestras propias ense\u00f1anzas: a no desanimarnos, a comprender que la verdadera obra esp\u00edrita es interior, y que toda reconstrucci\u00f3n externa empieza por la elevaci\u00f3n del alma.<\/p>\n\n\n\n<p class=\"has-black-color has-text-color has-link-color has-small-font-size wp-elements-5b6c52dfa4f8f96748e70a1e8df6ef00\"><strong>La esperanza como cimiento<\/strong><\/p>\n\n\n\n<p class=\"has-black-color has-text-color has-link-color has-small-font-size wp-elements-fc1d21f471447e6323dee648dfd6cdf5\">As\u00ed como la naturaleza puede derribar muros, tambi\u00e9n la fe puede erigirlos nuevamente. Con serenidad, con confianza en la Providencia Divina y con trabajo perseverante, volveremos a levantar esta pared \u2014y con ella, un nuevo cap\u00edtulo en nuestra historia comunitaria.<\/p>\n\n\n\n<p class=\"has-black-color has-text-color has-link-color has-small-font-size wp-elements-99ba317e9392f2627c20a79fa48a6e2a\">Porque en Amor a la Moral, cada prueba es una clase, cada dificultad un maestro, y cada reconstrucci\u00f3n un acto de amor.<\/p>\n<\/div><\/div>\n\n\n\n<div class=\"wp-block-uagb-container uagb-block-e47eebf3 alignfull uagb-is-root-container\"><div class=\"uagb-container-inner-blocks-wrap\"><\/div><\/div>\n\n\n\n<div class=\"wp-block-uagb-container uagb-block-acb477d2 alignfull uagb-is-root-container\"><div class=\"uagb-container-inner-blocks-wrap\"><\/div><\/div>","protected":false},"excerpt":{"rendered":"<p>Hurac\u00e1n Melissa Derriba Pared Recientemente Restaurada en la Sociedad de estudio Psicologico \u00abAmor a la Moral\u00bb En el Centro de Estudios Psicol\u00f3gicos Amor a la Moral vivimos, hace apenas unos meses, un momento de profunda alegr\u00eda: la restauraci\u00f3n de la pared frontal, s\u00edmbolo material del esfuerzo colectivo, de la constancia y del amor puesto en [&hellip;]<\/p>","protected":false},"author":1,"featured_media":0,"parent":0,"menu_order":0,"comment_status":"closed","ping_status":"closed","template":"","meta":{"_uag_custom_page_level_css":"","site-sidebar-layout":"default","site-content-layout":"","ast-site-content-layout":"default","site-content-style":"default","site-sidebar-style":"default","ast-global-header-display":"","ast-banner-title-visibility":"","ast-main-header-display":"","ast-hfb-above-header-display":"","ast-hfb-below-header-display":"","ast-hfb-mobile-header-display":"","site-post-title":"disabled","ast-breadcrumbs-content":"","ast-featured-img":"","footer-sml-layout":"","theme-transparent-header-meta":"","adv-header-id-meta":"","stick-header-meta":"","header-above-stick-meta":"","header-main-stick-meta":"","header-below-stick-meta":"","astra-migrate-meta-layouts":"set","ast-page-background-enabled":"default","ast-page-background-meta":{"desktop":{"background-color":"var(--ast-global-color-4)","background-image":"","background-repeat":"repeat","background-position":"center center","background-size":"auto","background-attachment":"scroll","background-type":"","background-media":"","overlay-type":"","overlay-color":"","overlay-opacity":"","overlay-gradient":""},"tablet":{"background-color":"","background-image":"","background-repeat":"repeat","background-position":"center center","background-size":"auto","background-attachment":"scroll","background-type":"","background-media":"","overlay-type":"","overlay-color":"","overlay-opacity":"","overlay-gradient":""},"mobile":{"background-color":"","background-image":"","background-repeat":"repeat","background-position":"center center","background-size":"auto","background-attachment":"scroll","background-type":"","background-media":"","overlay-type":"","overlay-color":"","overlay-opacity":"","overlay-gradient":""}},"ast-content-background-meta":{"desktop":{"background-color":"var(--ast-global-color-5)","background-image":"","background-repeat":"repeat","background-position":"center center","background-size":"auto","background-attachment":"scroll","background-type":"","background-media":"","overlay-type":"","overlay-color":"","overlay-opacity":"","overlay-gradient":""},"tablet":{"background-color":"var(--ast-global-color-5)","background-image":"","background-repeat":"repeat","background-position":"center center","background-size":"auto","background-attachment":"scroll","background-type":"","background-media":"","overlay-type":"","overlay-color":"","overlay-opacity":"","overlay-gradient":""},"mobile":{"background-color":"var(--ast-global-color-5)","background-image":"","background-repeat":"repeat","background-position":"center center","background-size":"auto","background-attachment":"scroll","background-type":"","background-media":"","overlay-type":"","overlay-color":"","overlay-opacity":"","overlay-gradient":""}},"footnotes":""},"class_list":["post-8737","page","type-page","status-publish","hentry"],"yoast_head":"<!-- This site is optimized with the Yoast SEO Premium plugin v24.2 (Yoast SEO v24.6) - https:\/\/yoast.com\/wordpress\/plugins\/seo\/ -->\n<title>Hurac\u00e1n Melissa Derriba Pared Recientemente Restaurada en la Sociedad de estudio Psicologico \u00abAmor a la Moral\u00bb - Uni\u00f3n Esp\u00edrita<\/title>\n<meta name=\"robots\" content=\"index, follow, max-snippet:-1, max-image-preview:large, max-video-preview:-1\" \/>\n<link rel=\"canonical\" href=\"https:\/\/nuevo-renacer.com\/it\/huracan-melissa-derriba-pared-recientemente-restaurada-en-la-sociedad-de-estudio-psicologico-amor-a-la-moral\/\" \/>\n<meta property=\"og:locale\" content=\"it_IT\" \/>\n<meta property=\"og:type\" content=\"article\" \/>\n<meta property=\"og:title\" content=\"Hurac\u00e1n Melissa Derriba Pared Recientemente Restaurada en la Sociedad de estudio Psicologico \u00abAmor a la Moral\u00bb\" \/>\n<meta property=\"og:description\" content=\"Hurac\u00e1n Melissa Derriba Pared Recientemente Restaurada en la Sociedad de estudio Psicologico \u00abAmor a la Moral\u00bb En el Centro de Estudios Psicol\u00f3gicos Amor a la Moral vivimos, hace apenas unos meses, un momento de profunda alegr\u00eda: la restauraci\u00f3n de la pared frontal, s\u00edmbolo material del esfuerzo colectivo, de la constancia y del amor puesto en [&hellip;]\" \/>\n<meta property=\"og:url\" content=\"https:\/\/nuevo-renacer.com\/it\/huracan-melissa-derriba-pared-recientemente-restaurada-en-la-sociedad-de-estudio-psicologico-amor-a-la-moral\/\" \/>\n<meta property=\"og:site_name\" content=\"Uni\u00f3n Esp\u00edrita\" \/>\n<meta property=\"article:publisher\" content=\"https:\/\/www.facebook.com\/groups\/3431398063740829\" \/>\n<meta property=\"article:modified_time\" content=\"2025-12-11T10:57:24+00:00\" \/>\n<meta property=\"og:image\" content=\"https:\/\/nuevo-renacer.com\/wp-content\/uploads\/2025\/12\/Huracan-Melissa-Derriba-Pared-Recientemente-Restaurada-en-la-Sociedad-de-estudio-Psicologico-Amor-a-la-Moral2.jpg\" \/>\n\t<meta property=\"og:image:width\" content=\"810\" \/>\n\t<meta property=\"og:image:height\" content=\"1080\" \/>\n\t<meta property=\"og:image:type\" content=\"image\/jpeg\" \/>\n<meta name=\"twitter:card\" content=\"summary_large_image\" \/>\n<meta name=\"twitter:label1\" content=\"Tempo di lettura stimato\" \/>\n\t<meta name=\"twitter:data1\" content=\"4 minuti\" \/>\n<script type=\"application\/ld+json\" class=\"yoast-schema-graph\">{\"@context\":\"https:\/\/schema.org\",\"@graph\":[{\"@type\":\"WebPage\",\"@id\":\"https:\/\/nuevo-renacer.com\/huracan-melissa-derriba-pared-recientemente-restaurada-en-la-sociedad-de-estudio-psicologico-amor-a-la-moral\/\",\"url\":\"https:\/\/nuevo-renacer.com\/huracan-melissa-derriba-pared-recientemente-restaurada-en-la-sociedad-de-estudio-psicologico-amor-a-la-moral\/\",\"name\":\"Hurac\u00e1n Melissa Derriba Pared Recientemente Restaurada en la Sociedad de estudio Psicologico \u00abAmor a la Moral\u00bb - Uni\u00f3n Esp\u00edrita\",\"isPartOf\":{\"@id\":\"https:\/\/nuevo-renacer.com\/#website\"},\"primaryImageOfPage\":{\"@id\":\"https:\/\/nuevo-renacer.com\/huracan-melissa-derriba-pared-recientemente-restaurada-en-la-sociedad-de-estudio-psicologico-amor-a-la-moral\/#primaryimage\"},\"image\":{\"@id\":\"https:\/\/nuevo-renacer.com\/huracan-melissa-derriba-pared-recientemente-restaurada-en-la-sociedad-de-estudio-psicologico-amor-a-la-moral\/#primaryimage\"},\"thumbnailUrl\":\"https:\/\/nuevo-renacer.com\/wp-content\/uploads\/2025\/12\/Huracan-Melissa-Derriba-Pared-Recientemente-Restaurada-en-la-Sociedad-de-estudio-Psicologico-Amor-a-la-Moral2-768x1024.jpg\",\"datePublished\":\"2025-12-11T10:57:21+00:00\",\"dateModified\":\"2025-12-11T10:57:24+00:00\",\"breadcrumb\":{\"@id\":\"https:\/\/nuevo-renacer.com\/huracan-melissa-derriba-pared-recientemente-restaurada-en-la-sociedad-de-estudio-psicologico-amor-a-la-moral\/#breadcrumb\"},\"inLanguage\":\"it-IT\",\"potentialAction\":[{\"@type\":\"ReadAction\",\"target\":[\"https:\/\/nuevo-renacer.com\/huracan-melissa-derriba-pared-recientemente-restaurada-en-la-sociedad-de-estudio-psicologico-amor-a-la-moral\/\"]}]},{\"@type\":\"ImageObject\",\"inLanguage\":\"it-IT\",\"@id\":\"https:\/\/nuevo-renacer.com\/huracan-melissa-derriba-pared-recientemente-restaurada-en-la-sociedad-de-estudio-psicologico-amor-a-la-moral\/#primaryimage\",\"url\":\"https:\/\/nuevo-renacer.com\/wp-content\/uploads\/2025\/12\/Huracan-Melissa-Derriba-Pared-Recientemente-Restaurada-en-la-Sociedad-de-estudio-Psicologico-Amor-a-la-Moral2-768x1024.jpg\",\"contentUrl\":\"https:\/\/nuevo-renacer.com\/wp-content\/uploads\/2025\/12\/Huracan-Melissa-Derriba-Pared-Recientemente-Restaurada-en-la-Sociedad-de-estudio-Psicologico-Amor-a-la-Moral2-768x1024.jpg\"},{\"@type\":\"BreadcrumbList\",\"@id\":\"https:\/\/nuevo-renacer.com\/huracan-melissa-derriba-pared-recientemente-restaurada-en-la-sociedad-de-estudio-psicologico-amor-a-la-moral\/#breadcrumb\",\"itemListElement\":[{\"@type\":\"ListItem\",\"position\":1,\"name\":\"Startseite\",\"item\":\"https:\/\/nuevo-renacer.com\/\"},{\"@type\":\"ListItem\",\"position\":2,\"name\":\"Hurac\u00e1n Melissa Derriba Pared Recientemente Restaurada en la Sociedad de estudio Psicologico \u00abAmor a la Moral\u00bb\"}]},{\"@type\":\"WebSite\",\"@id\":\"https:\/\/nuevo-renacer.com\/#website\",\"url\":\"https:\/\/nuevo-renacer.com\/\",\"name\":\"Uni\u00f3n Esp\u00edrita\",\"description\":\"Nuevo Renacer\",\"publisher\":{\"@id\":\"https:\/\/nuevo-renacer.com\/#organization\"},\"potentialAction\":[{\"@type\":\"SearchAction\",\"target\":{\"@type\":\"EntryPoint\",\"urlTemplate\":\"https:\/\/nuevo-renacer.com\/?s={search_term_string}\"},\"query-input\":{\"@type\":\"PropertyValueSpecification\",\"valueRequired\":true,\"valueName\":\"search_term_string\"}}],\"inLanguage\":\"it-IT\"},{\"@type\":\"Organization\",\"@id\":\"https:\/\/nuevo-renacer.com\/#organization\",\"name\":\"UFEC\",\"url\":\"https:\/\/nuevo-renacer.com\/\",\"logo\":{\"@type\":\"ImageObject\",\"inLanguage\":\"it-IT\",\"@id\":\"https:\/\/nuevo-renacer.com\/#\/schema\/logo\/image\/\",\"url\":\"https:\/\/nuevo-renacer.com\/wp-content\/uploads\/2024\/05\/cropped-LOGO-TERMINADO1-3-3.png\",\"contentUrl\":\"https:\/\/nuevo-renacer.com\/wp-content\/uploads\/2024\/05\/cropped-LOGO-TERMINADO1-3-3.png\",\"width\":512,\"height\":512,\"caption\":\"UFEC\"},\"image\":{\"@id\":\"https:\/\/nuevo-renacer.com\/#\/schema\/logo\/image\/\"},\"sameAs\":[\"https:\/\/www.facebook.com\/groups\/3431398063740829\"]}]}<\/script>\n<!-- \/ Yoast SEO Premium plugin. -->","yoast_head_json":{"title":"Hurac\u00e1n Melissa Derriba Pared Recientemente Restaurada en la Sociedad de estudio Psicologico \u00abAmor a la Moral\u00bb - Uni\u00f3n Esp\u00edrita","robots":{"index":"index","follow":"follow","max-snippet":"max-snippet:-1","max-image-preview":"max-image-preview:large","max-video-preview":"max-video-preview:-1"},"canonical":"https:\/\/nuevo-renacer.com\/it\/huracan-melissa-derriba-pared-recientemente-restaurada-en-la-sociedad-de-estudio-psicologico-amor-a-la-moral\/","og_locale":"it_IT","og_type":"article","og_title":"Hurac\u00e1n Melissa Derriba Pared Recientemente Restaurada en la Sociedad de estudio Psicologico \u00abAmor a la Moral\u00bb","og_description":"Hurac\u00e1n Melissa Derriba Pared Recientemente Restaurada en la Sociedad de estudio Psicologico \u00abAmor a la Moral\u00bb En el Centro de Estudios Psicol\u00f3gicos Amor a la Moral vivimos, hace apenas unos meses, un momento de profunda alegr\u00eda: la restauraci\u00f3n de la pared frontal, s\u00edmbolo material del esfuerzo colectivo, de la constancia y del amor puesto en [&hellip;]","og_url":"https:\/\/nuevo-renacer.com\/it\/huracan-melissa-derriba-pared-recientemente-restaurada-en-la-sociedad-de-estudio-psicologico-amor-a-la-moral\/","og_site_name":"Uni\u00f3n Esp\u00edrita","article_publisher":"https:\/\/www.facebook.com\/groups\/3431398063740829","article_modified_time":"2025-12-11T10:57:24+00:00","og_image":[{"width":810,"height":1080,"url":"https:\/\/nuevo-renacer.com\/wp-content\/uploads\/2025\/12\/Huracan-Melissa-Derriba-Pared-Recientemente-Restaurada-en-la-Sociedad-de-estudio-Psicologico-Amor-a-la-Moral2.jpg","type":"image\/jpeg"}],"twitter_card":"summary_large_image","twitter_misc":{"Tempo di lettura stimato":"4 minuti"},"schema":{"@context":"https:\/\/schema.org","@graph":[{"@type":"WebPage","@id":"https:\/\/nuevo-renacer.com\/huracan-melissa-derriba-pared-recientemente-restaurada-en-la-sociedad-de-estudio-psicologico-amor-a-la-moral\/","url":"https:\/\/nuevo-renacer.com\/huracan-melissa-derriba-pared-recientemente-restaurada-en-la-sociedad-de-estudio-psicologico-amor-a-la-moral\/","name":"Hurac\u00e1n Melissa Derriba Pared Recientemente Restaurada en la Sociedad de estudio Psicologico \u00abAmor a la Moral\u00bb - Uni\u00f3n Esp\u00edrita","isPartOf":{"@id":"https:\/\/nuevo-renacer.com\/#website"},"primaryImageOfPage":{"@id":"https:\/\/nuevo-renacer.com\/huracan-melissa-derriba-pared-recientemente-restaurada-en-la-sociedad-de-estudio-psicologico-amor-a-la-moral\/#primaryimage"},"image":{"@id":"https:\/\/nuevo-renacer.com\/huracan-melissa-derriba-pared-recientemente-restaurada-en-la-sociedad-de-estudio-psicologico-amor-a-la-moral\/#primaryimage"},"thumbnailUrl":"https:\/\/nuevo-renacer.com\/wp-content\/uploads\/2025\/12\/Huracan-Melissa-Derriba-Pared-Recientemente-Restaurada-en-la-Sociedad-de-estudio-Psicologico-Amor-a-la-Moral2-768x1024.jpg","datePublished":"2025-12-11T10:57:21+00:00","dateModified":"2025-12-11T10:57:24+00:00","breadcrumb":{"@id":"https:\/\/nuevo-renacer.com\/huracan-melissa-derriba-pared-recientemente-restaurada-en-la-sociedad-de-estudio-psicologico-amor-a-la-moral\/#breadcrumb"},"inLanguage":"it-IT","potentialAction":[{"@type":"ReadAction","target":["https:\/\/nuevo-renacer.com\/huracan-melissa-derriba-pared-recientemente-restaurada-en-la-sociedad-de-estudio-psicologico-amor-a-la-moral\/"]}]},{"@type":"ImageObject","inLanguage":"it-IT","@id":"https:\/\/nuevo-renacer.com\/huracan-melissa-derriba-pared-recientemente-restaurada-en-la-sociedad-de-estudio-psicologico-amor-a-la-moral\/#primaryimage","url":"https:\/\/nuevo-renacer.com\/wp-content\/uploads\/2025\/12\/Huracan-Melissa-Derriba-Pared-Recientemente-Restaurada-en-la-Sociedad-de-estudio-Psicologico-Amor-a-la-Moral2-768x1024.jpg","contentUrl":"https:\/\/nuevo-renacer.com\/wp-content\/uploads\/2025\/12\/Huracan-Melissa-Derriba-Pared-Recientemente-Restaurada-en-la-Sociedad-de-estudio-Psicologico-Amor-a-la-Moral2-768x1024.jpg"},{"@type":"BreadcrumbList","@id":"https:\/\/nuevo-renacer.com\/huracan-melissa-derriba-pared-recientemente-restaurada-en-la-sociedad-de-estudio-psicologico-amor-a-la-moral\/#breadcrumb","itemListElement":[{"@type":"ListItem","position":1,"name":"Startseite","item":"https:\/\/nuevo-renacer.com\/"},{"@type":"ListItem","position":2,"name":"Hurac\u00e1n Melissa Derriba Pared Recientemente Restaurada en la Sociedad de estudio Psicologico \u00abAmor a la Moral\u00bb"}]},{"@type":"WebSite","@id":"https:\/\/nuevo-renacer.com\/#website","url":"https:\/\/nuevo-renacer.com\/","name":"Uni\u00f3n Esp\u00edrita","description":"Nuevo Renacer","publisher":{"@id":"https:\/\/nuevo-renacer.com\/#organization"},"potentialAction":[{"@type":"SearchAction","target":{"@type":"EntryPoint","urlTemplate":"https:\/\/nuevo-renacer.com\/?s={search_term_string}"},"query-input":{"@type":"PropertyValueSpecification","valueRequired":true,"valueName":"search_term_string"}}],"inLanguage":"it-IT"},{"@type":"Organization","@id":"https:\/\/nuevo-renacer.com\/#organization","name":"UFEC","url":"https:\/\/nuevo-renacer.com\/","logo":{"@type":"ImageObject","inLanguage":"it-IT","@id":"https:\/\/nuevo-renacer.com\/#\/schema\/logo\/image\/","url":"https:\/\/nuevo-renacer.com\/wp-content\/uploads\/2024\/05\/cropped-LOGO-TERMINADO1-3-3.png","contentUrl":"https:\/\/nuevo-renacer.com\/wp-content\/uploads\/2024\/05\/cropped-LOGO-TERMINADO1-3-3.png","width":512,"height":512,"caption":"UFEC"},"image":{"@id":"https:\/\/nuevo-renacer.com\/#\/schema\/logo\/image\/"},"sameAs":["https:\/\/www.facebook.com\/groups\/3431398063740829"]}]}},"uagb_featured_image_src":{"full":false,"thumbnail":false,"medium":false,"medium_large":false,"large":false,"1536x1536":false,"2048x2048":false,"trp-custom-language-flag":false},"uagb_author_info":{"display_name":"adbv0","author_link":"https:\/\/nuevo-renacer.com\/it\/author\/adbv0\/"},"uagb_comment_info":0,"uagb_excerpt":"Hurac\u00e1n Melissa Derriba Pared Recientemente Restaurada en la Sociedad de estudio Psicologico \u00abAmor a la Moral\u00bb En el Centro de Estudios Psicol\u00f3gicos Amor a la Moral vivimos, hace apenas unos meses, un momento de profunda alegr\u00eda: la restauraci\u00f3n de la pared frontal, s\u00edmbolo material del esfuerzo colectivo, de la constancia y del amor puesto en&hellip;","jetpack_sharing_enabled":true,"_links":{"self":[{"href":"https:\/\/nuevo-renacer.com\/it\/wp-json\/wp\/v2\/pages\/8737","targetHints":{"allow":["GET"]}}],"collection":[{"href":"https:\/\/nuevo-renacer.com\/it\/wp-json\/wp\/v2\/pages"}],"about":[{"href":"https:\/\/nuevo-renacer.com\/it\/wp-json\/wp\/v2\/types\/page"}],"author":[{"embeddable":true,"href":"https:\/\/nuevo-renacer.com\/it\/wp-json\/wp\/v2\/users\/1"}],"replies":[{"embeddable":true,"href":"https:\/\/nuevo-renacer.com\/it\/wp-json\/wp\/v2\/comments?post=8737"}],"version-history":[{"count":1,"href":"https:\/\/nuevo-renacer.com\/it\/wp-json\/wp\/v2\/pages\/8737\/revisions"}],"predecessor-version":[{"id":8741,"href":"https:\/\/nuevo-renacer.com\/it\/wp-json\/wp\/v2\/pages\/8737\/revisions\/8741"}],"wp:attachment":[{"href":"https:\/\/nuevo-renacer.com\/it\/wp-json\/wp\/v2\/media?parent=8737"}],"curies":[{"name":"wp","href":"https:\/\/api.w.org\/{rel}","templated":true}]}}