{"id":8725,"date":"2025-11-28T10:24:40","date_gmt":"2025-11-28T10:24:40","guid":{"rendered":"https:\/\/nuevo-renacer.com\/?page_id=8725"},"modified":"2025-11-28T10:35:39","modified_gmt":"2025-11-28T10:35:39","slug":"anna-rebello-prado","status":"publish","type":"page","link":"https:\/\/nuevo-renacer.com\/it\/anna-rebello-prado\/","title":{"rendered":"Anna Rebello Prado"},"content":{"rendered":"<div class=\"wp-block-uagb-container uagb-block-c553200f alignfull uagb-is-root-container\"><div class=\"uagb-container-inner-blocks-wrap\">\n<p class=\"has-black-color has-text-color has-link-color has-medium-font-size wp-elements-27d2bc1c421d9f4ebdacdf3fe5d75704\"><strong>Anna Rebello Prado<\/strong><\/p>\n<\/div><\/div>\n\n\n\n<div class=\"wp-block-uagb-container uagb-block-cb1172d5 alignfull uagb-is-root-container\"><div class=\"uagb-container-inner-blocks-wrap\">\n<figure class=\"wp-block-image size-full is-resized\"><img fetchpriority=\"high\" decoding=\"async\" width=\"300\" height=\"399\" src=\"https:\/\/nuevo-renacer.com\/wp-content\/uploads\/2025\/11\/Anna-Prado.jpg\" alt=\"\" class=\"wp-image-8726\" style=\"width:232px;height:auto\" srcset=\"https:\/\/nuevo-renacer.com\/wp-content\/uploads\/2025\/11\/Anna-Prado.jpg 300w, https:\/\/nuevo-renacer.com\/wp-content\/uploads\/2025\/11\/Anna-Prado-226x300.jpg 226w, https:\/\/nuevo-renacer.com\/wp-content\/uploads\/2025\/11\/Anna-Prado-9x12.jpg 9w\" sizes=\"(max-width: 300px) 100vw, 300px\" \/><\/figure>\n<\/div><\/div>\n\n\n\n<div class=\"wp-block-uagb-container uagb-block-53091c46 alignfull uagb-is-root-container\"><div class=\"uagb-container-inner-blocks-wrap\">\n<p class=\"has-black-color has-text-color has-link-color has-small-font-size wp-elements-7605741ff5c154759b9790dc197511b7\">Anna Rebello Prado nacque intorno al 1883 a Parintins, Amazonas, un'isola fluviale situata sulla riva destra del Basso Amazonas, scoperta nel 1749 dal navigatore ed esploratore portoghese Jos\u00e9 Gon\u00e7alves da Fonseca. La famiglia Rebello partecip\u00f2 attivamente a diverse associazioni spiritiste nella capitale dell'Amazzonia. Gli zii materni di Anna, Emiliano e Jovita, funzionari del servizio pubblico federale, si dedicarono alla diffusione dello spiritismo.<\/p>\n\n\n\n<p class=\"has-black-color has-text-color has-link-color has-small-font-size wp-elements-02884d4301348aa86e878dc84c0cc66a\">Emiliano partecip\u00f2 alla fondazione della Federazione Spiritista dell'Amazzonia. Anche la madre di Anna, Ermelinda de Carvalho Rebello, fece parte delle file del movimento spiritista amazzonico. Quindi, sebbene Anna professasse il cattolicesimo, possiamo concludere che fosse cresciuta circondata dalle luci meridiane dello spiritismo, il che sicuramente le favor\u00ec una solida ed elevata formazione morale e spirituale.<\/p>\n\n\n\n<p class=\"has-black-color has-text-color has-link-color has-small-font-size wp-elements-4817944b6b644225f9b3de9dbb890292\">Non ci sono documenti sulla sua infanzia e adolescenza, che deve aver trascorso nella sua citt\u00e0 natale, dove si spos\u00f2 il 9 giugno 1901 con Eur\u00edpedes de Albuquerque Prado, originario del Cear\u00e1. Eur\u00edpedes si \u00e8 sempre interessato alle questioni relative all'immortalit\u00e0 dell'anima. Commerciante, giornalista, insegnante e uomo pubblico, ricopr\u00ec la carica di Sovrintendente Municipale di Parintins (attuale carica di sindaco), conobbe la Dottrina Spiritista attraverso il libro Il cielo e l'inferno e si dedic\u00f2 alle attivit\u00e0 spiritiste nella sua citt\u00e0.<\/p>\n\n\n\n<div class=\"wp-block-uagb-container uagb-block-fcca011e\">\n<div class=\"wp-block-media-text is-stacked-on-mobile\"><figure class=\"wp-block-media-text__media\"><img decoding=\"async\" width=\"263\" height=\"224\" src=\"https:\/\/nuevo-renacer.com\/wp-content\/uploads\/2025\/11\/1-2.jpg\" alt=\"\" class=\"wp-image-8732 size-full\" srcset=\"https:\/\/nuevo-renacer.com\/wp-content\/uploads\/2025\/11\/1-2.jpg 263w, https:\/\/nuevo-renacer.com\/wp-content\/uploads\/2025\/11\/1-2-14x12.jpg 14w\" sizes=\"(max-width: 263px) 100vw, 263px\" \/><\/figure><div class=\"wp-block-media-text__content\">\n<p class=\"has-black-color has-text-color has-link-color has-small-font-size wp-elements-89ec6a125ca43a8aaa3f2c9e040c3379\">Esempio della scrittura diretta di Prado.<\/p>\n<\/div><\/div>\n<\/div>\n\n\n\n<p class=\"has-black-color has-text-color has-link-color has-small-font-size wp-elements-85663375d5bdee3f606cd58e31ed5e62\">Pi\u00f9 tardi, la coppia, con i figli Eur\u00eddice, Erat\u00f3sthenes, Antonina e Dinam\u00e9rico, si trasfer\u00ec nella capitale dello Stato del Par\u00e1. Conoscendo teoricamente i fenomeni delle tavole rotanti e non trovando adesione alle esperienze nell'ambiente spiritista di Bel\u00e9m, Eur\u00edpedes decise di realizzarle nella propria casa. Anna, riluttante, non partecip\u00f2 alle prime riunioni, organizzate dal marito e dai due figli pi\u00f9 grandi, adducendo sempre come scusa le faccende domestiche o la sua incredulit\u00e0.<\/p>\n\n\n\n<p class=\"has-black-color has-text-color has-link-color has-small-font-size wp-elements-037f03de4ac64dca8e2a8cfc19c859b4\">Finalmente, in un pomeriggio di domenica, colta di sorpresa, non pot\u00e9 sottrarsi e partecip\u00f2 alla riunione. I primi fenomeni registrati furono intorno al tavolo, che present\u00f2 scricchiolii e violenti scossoni. Poi fu la volta della tiptologia, del lancio di oggetti a terra, del trasporto di un fiore dal giardino al tavolo di casa. Seguirono materializzazioni nella piena oscurit\u00e0, percepibili solo al tatto, (...); gradualmente, dalla piena oscurit\u00e0, si pass\u00f2 a una luce molto tenue e a materializzazioni di arti sparsi - un braccio, mani, ecc. - fino alla comparsa di figure perfette e al loro riconoscimento da parte dei parenti.<\/p>\n\n\n\n<p class=\"has-black-color has-text-color has-link-color has-small-font-size wp-elements-f586aa081b96f72a0e7c803c834ee6f7\">Le facolt\u00e0 medianiche di Anna ebbero un rapido sviluppo. Dall'interno della casa raggiunsero il dominio pubblico, superarono i confini dello stato del Par\u00e1 e, poco dopo, anche i confini del paese e del continente americano, essendo riportate dalla stampa in Francia e Germania. Lei sub\u00ec ogni sorta di tribolazioni. Il pregiudizio dell'epoca la diffam\u00f2, la perseguit\u00f2, attaccandola in vari modi. Fu accusata pubblicamente di essere una comica e fu sottoposta a prove dure, come quella di essere rinchiusa in una gabbia di ferro durante il trance, per dimostrare la veridicit\u00e0 dei fenomeni che provocava: tiptologia, colpi e rumori, levitazione di oggetti, scrittura diretta, sonnambulismo, trasporto, dispiegamento, smaterializzazione, apparizione di luci spirituali, psicofonia, udito.<\/p>\n\n\n\n<p class=\"has-black-color has-text-color has-link-color has-small-font-size wp-elements-a7b9a90cd590d7e3d5b86c6c53cd5a26\">Tutto \u00e8 stato ampiamente documentato, con verbali e foto. Mentre si trovava a Bel\u00e9m, in stato sonnambulo, ha visitato la famiglia e i parenti a Parintins, rivelando fatti inquietanti vissuti l\u00ec, tutti confermati in successive missive dagli stessi visitati. Le materializzazioni, va notato, erano di pi\u00f9 di uno Spirito, allo stesso tempo. Una volta, con un fastidioso ascesso in bocca, la medium stessa \u00e8 stata operata, in trance, dallo spirito materializzato di un medico. In una delle sedute, il 27 ottobre 1922, si materializza lo spirito di Maria Alva, che porta una sciarpa che, sotto gli occhi di tutti, si trasforma in un cesto di vimini e poi in un vassoio pieno di fiori.<\/p>\n\n\n\n<p class=\"has-black-color has-text-color has-link-color has-small-font-size wp-elements-10415d6e14efb71c2a6fd5620272d616\">Otro fen\u00f3meno extraordinario fue el registrado como el de las flores secas. El 25 de enero de 1920, el coronel Simpl\u00edcio Costa hab\u00eda entregado al esp\u00edritu materializado Jo\u00e3o algunas flores, que le fueron devueltas secas por el mismo esp\u00edritu en otra sesi\u00f3n, catorce meses despu\u00e9s. Jo\u00e3o, cabe decir, era el esp\u00edritu orientador de la producci\u00f3n medi\u00famnica de Anna Prado. Se trataba de su t\u00edo materno, Felismino Olympio de Carvalho Rebello. Consciente de la interesante fenomenolog\u00eda producida por la m\u00e9dium Francisca Jatahy, la psicograf\u00eda cut\u00e1nea, Anna Prado pidi\u00f3 al esp\u00edritu Jo\u00e3o que intentara una experiencia id\u00e9ntica.<\/p>\n\n\n\n<p class=\"has-black-color has-text-color has-link-color has-small-font-size wp-elements-1f11fb998d8690f97f68404e045e68d8\">Lui non si fece pregare. Scrisse sulle braccia della medium: Deus e Jo\u00e3o (Dio e Jo\u00e3o), fatto che fu pubblicato sulla rivista Reformador, della Federazione Spiritista Brasiliana - FEB, il 1\u00b0 novembre 1921. Inoltre, in una seduta di trenta minuti, provoc\u00f2 la germinazione di semi di eucalipto provenienti da Rio de Janeiro. Durante lo svolgimento del suo compito medianico, Anna Prado ha offerto numerose prove della veridicit\u00e0 dei fenomeni:<\/p>\n\n\n\n<p class=\"has-black-color has-text-color has-link-color has-small-font-size wp-elements-a2d0f73723de60ddccde6ce23deb377d\">Annita (una ragazzina di tredici anni), ogni volta che si materializzava, era solita produrre bellissimi fiori in paraffina; Jo\u00e3o, materializzatosi, realizz\u00f2 diversi calchi dei suoi piedi e delle sue mani in paraffina, compreso un calco della sua mano con le dita chiuse; Rachel Figner, le cui materializzazioni raggiunsero un altissimo livello di perfezione, realizz\u00f2 notevoli lavori in paraffina. Anna Prado, dopo cinque anni di intensa produzione medianica, torn\u00f2 trionfante alla vita spirituale. Sub\u00ec un incidente nella sua casa con una stufa ad alcool. Il decesso, registrato il 23 aprile 1923, fu causato da un collasso consecutivo a un'estesa ustione del corpo, con particolare risalto delle parti addominali.<\/p>\n\n\n\n<div class=\"wp-block-uagb-container uagb-block-3ce682eb\">\n<div class=\"wp-block-media-text is-stacked-on-mobile\"><figure class=\"wp-block-media-text__media\"><img decoding=\"async\" width=\"263\" height=\"420\" src=\"https:\/\/nuevo-renacer.com\/wp-content\/uploads\/2025\/11\/2.jpg\" alt=\"\" class=\"wp-image-8734 size-full\" srcset=\"https:\/\/nuevo-renacer.com\/wp-content\/uploads\/2025\/11\/2.jpg 263w, https:\/\/nuevo-renacer.com\/wp-content\/uploads\/2025\/11\/2-188x300.jpg 188w, https:\/\/nuevo-renacer.com\/wp-content\/uploads\/2025\/11\/2-8x12.jpg 8w\" sizes=\"(max-width: 263px) 100vw, 263px\" \/><\/figure><div class=\"wp-block-media-text__content\">\n<p class=\"has-black-color has-text-color has-link-color has-small-font-size wp-elements-4e04c8456789338ead36b82ff1f3e923\">Oggetti materializzati in gesso che sono stati catturati in stampi di cera paraffinica: una mano, un fiore e fazzoletti dei modelli che, secondo quanto si dice, sono stati annodati da Jo\u00e3o.<\/p>\n<\/div><\/div>\n<\/div>\n\n\n\n<p class=\"has-black-color has-text-color has-link-color has-small-font-size wp-elements-1828e80961102d5a7d3ba0f6f7219a7e\">La sua morte fu ampiamente riportata dai giornali spiritisti brasiliani e dalla Revue Spirite. Aveva solo trentanove anni. Francisco C\u00e2ndido Xavier la cit\u00f2 nel programma Pinga-Fogo, della TV Tupi\/SP, il 28 luglio 1971, come responsabile dei fenomeni di materializzazione pi\u00f9 autentici. E, pi\u00f9 di tre decenni dopo la sua morte, \u00e8 tornata attraverso la penna del medium di Minas Gerais (24.2.1955), portando un interessante messaggio intitolato Osservazione opportuna, pubblicato nel libro Istruzioni psicofoniche (ed. FEB).<\/p>\n<\/div><\/div>\n\n\n\n<div class=\"wp-block-uagb-container uagb-block-e057f6ff alignfull uagb-is-root-container\"><div class=\"uagb-container-inner-blocks-wrap\"><\/div><\/div>\n\n\n\n<div class=\"wp-block-uagb-container uagb-block-0c34aff3 alignfull uagb-is-root-container\"><div class=\"uagb-container-inner-blocks-wrap\"><\/div><\/div>","protected":false},"excerpt":{"rendered":"<p>Anna Rebello Prado Anna Rebello Prado naci\u00f3 alrededor del a\u00f1o 1883 en Parintins, Amazonas, una isla fluvial situada en la margen derecha del Bajo Amazonas, descubierta en 1749 por el navegante y explorador portugu\u00e9s Jos\u00e9 Gon\u00e7alves da Fonseca. La familia Rebello particip\u00f3 activamente en varias asociaciones espiritistas de la capital amaz\u00f3nica. Los t\u00edos maternos de [&hellip;]<\/p>","protected":false},"author":1,"featured_media":0,"parent":0,"menu_order":0,"comment_status":"closed","ping_status":"closed","template":"","meta":{"_uag_custom_page_level_css":"","site-sidebar-layout":"default","site-content-layout":"","ast-site-content-layout":"default","site-content-style":"default","site-sidebar-style":"default","ast-global-header-display":"","ast-banner-title-visibility":"","ast-main-header-display":"","ast-hfb-above-header-display":"","ast-hfb-below-header-display":"","ast-hfb-mobile-header-display":"","site-post-title":"disabled","ast-breadcrumbs-content":"","ast-featured-img":"","footer-sml-layout":"","theme-transparent-header-meta":"","adv-header-id-meta":"","stick-header-meta":"","header-above-stick-meta":"","header-main-stick-meta":"","header-below-stick-meta":"","astra-migrate-meta-layouts":"set","ast-page-background-enabled":"default","ast-page-background-meta":{"desktop":{"background-color":"var(--ast-global-color-4)","background-image":"","background-repeat":"repeat","background-position":"center center","background-size":"auto","background-attachment":"scroll","background-type":"","background-media":"","overlay-type":"","overlay-color":"","overlay-opacity":"","overlay-gradient":""},"tablet":{"background-color":"","background-image":"","background-repeat":"repeat","background-position":"center center","background-size":"auto","background-attachment":"scroll","background-type":"","background-media":"","overlay-type":"","overlay-color":"","overlay-opacity":"","overlay-gradient":""},"mobile":{"background-color":"","background-image":"","background-repeat":"repeat","background-position":"center center","background-size":"auto","background-attachment":"scroll","background-type":"","background-media":"","overlay-type":"","overlay-color":"","overlay-opacity":"","overlay-gradient":""}},"ast-content-background-meta":{"desktop":{"background-color":"var(--ast-global-color-5)","background-image":"","background-repeat":"repeat","background-position":"center center","background-size":"auto","background-attachment":"scroll","background-type":"","background-media":"","overlay-type":"","overlay-color":"","overlay-opacity":"","overlay-gradient":""},"tablet":{"background-color":"var(--ast-global-color-5)","background-image":"","background-repeat":"repeat","background-position":"center center","background-size":"auto","background-attachment":"scroll","background-type":"","background-media":"","overlay-type":"","overlay-color":"","overlay-opacity":"","overlay-gradient":""},"mobile":{"background-color":"var(--ast-global-color-5)","background-image":"","background-repeat":"repeat","background-position":"center center","background-size":"auto","background-attachment":"scroll","background-type":"","background-media":"","overlay-type":"","overlay-color":"","overlay-opacity":"","overlay-gradient":""}},"footnotes":""},"class_list":["post-8725","page","type-page","status-publish","hentry"],"yoast_head":"<!-- This site is optimized with the Yoast SEO Premium plugin v24.2 (Yoast SEO v24.6) - https:\/\/yoast.com\/wordpress\/plugins\/seo\/ -->\n<title>Anna Rebello Prado - Uni\u00f3n Esp\u00edrita<\/title>\n<meta name=\"robots\" content=\"index, follow, max-snippet:-1, max-image-preview:large, max-video-preview:-1\" \/>\n<link rel=\"canonical\" href=\"https:\/\/nuevo-renacer.com\/it\/anna-rebello-prado\/\" \/>\n<meta property=\"og:locale\" content=\"it_IT\" \/>\n<meta property=\"og:type\" content=\"article\" \/>\n<meta property=\"og:title\" content=\"Anna Rebello Prado\" \/>\n<meta property=\"og:description\" content=\"Anna Rebello Prado Anna Rebello Prado naci\u00f3 alrededor del a\u00f1o 1883 en Parintins, Amazonas, una isla fluvial situada en la margen derecha del Bajo Amazonas, descubierta en 1749 por el navegante y explorador portugu\u00e9s Jos\u00e9 Gon\u00e7alves da Fonseca. La familia Rebello particip\u00f3 activamente en varias asociaciones espiritistas de la capital amaz\u00f3nica. Los t\u00edos maternos de [&hellip;]\" \/>\n<meta property=\"og:url\" content=\"https:\/\/nuevo-renacer.com\/it\/anna-rebello-prado\/\" \/>\n<meta property=\"og:site_name\" content=\"Uni\u00f3n Esp\u00edrita\" \/>\n<meta property=\"article:publisher\" content=\"https:\/\/www.facebook.com\/groups\/3431398063740829\" \/>\n<meta property=\"article:modified_time\" content=\"2025-11-28T10:35:39+00:00\" \/>\n<meta property=\"og:image\" content=\"https:\/\/nuevo-renacer.com\/wp-content\/uploads\/2025\/11\/Anna-Prado.jpg\" \/>\n\t<meta property=\"og:image:width\" content=\"300\" \/>\n\t<meta property=\"og:image:height\" content=\"399\" \/>\n\t<meta property=\"og:image:type\" content=\"image\/jpeg\" \/>\n<meta name=\"twitter:card\" content=\"summary_large_image\" \/>\n<meta name=\"twitter:label1\" content=\"Tempo di lettura stimato\" \/>\n\t<meta name=\"twitter:data1\" content=\"7 minuti\" \/>\n<script type=\"application\/ld+json\" class=\"yoast-schema-graph\">{\"@context\":\"https:\/\/schema.org\",\"@graph\":[{\"@type\":\"WebPage\",\"@id\":\"https:\/\/nuevo-renacer.com\/anna-rebello-prado\/\",\"url\":\"https:\/\/nuevo-renacer.com\/anna-rebello-prado\/\",\"name\":\"Anna Rebello Prado - Uni\u00f3n Esp\u00edrita\",\"isPartOf\":{\"@id\":\"https:\/\/nuevo-renacer.com\/#website\"},\"primaryImageOfPage\":{\"@id\":\"https:\/\/nuevo-renacer.com\/anna-rebello-prado\/#primaryimage\"},\"image\":{\"@id\":\"https:\/\/nuevo-renacer.com\/anna-rebello-prado\/#primaryimage\"},\"thumbnailUrl\":\"https:\/\/nuevo-renacer.com\/wp-content\/uploads\/2025\/11\/Anna-Prado.jpg\",\"datePublished\":\"2025-11-28T10:24:40+00:00\",\"dateModified\":\"2025-11-28T10:35:39+00:00\",\"breadcrumb\":{\"@id\":\"https:\/\/nuevo-renacer.com\/anna-rebello-prado\/#breadcrumb\"},\"inLanguage\":\"it-IT\",\"potentialAction\":[{\"@type\":\"ReadAction\",\"target\":[\"https:\/\/nuevo-renacer.com\/anna-rebello-prado\/\"]}]},{\"@type\":\"ImageObject\",\"inLanguage\":\"it-IT\",\"@id\":\"https:\/\/nuevo-renacer.com\/anna-rebello-prado\/#primaryimage\",\"url\":\"https:\/\/nuevo-renacer.com\/wp-content\/uploads\/2025\/11\/Anna-Prado.jpg\",\"contentUrl\":\"https:\/\/nuevo-renacer.com\/wp-content\/uploads\/2025\/11\/Anna-Prado.jpg\"},{\"@type\":\"BreadcrumbList\",\"@id\":\"https:\/\/nuevo-renacer.com\/anna-rebello-prado\/#breadcrumb\",\"itemListElement\":[{\"@type\":\"ListItem\",\"position\":1,\"name\":\"Startseite\",\"item\":\"https:\/\/nuevo-renacer.com\/\"},{\"@type\":\"ListItem\",\"position\":2,\"name\":\"Anna Rebello Prado\"}]},{\"@type\":\"WebSite\",\"@id\":\"https:\/\/nuevo-renacer.com\/#website\",\"url\":\"https:\/\/nuevo-renacer.com\/\",\"name\":\"Uni\u00f3n Esp\u00edrita\",\"description\":\"Nuevo Renacer\",\"publisher\":{\"@id\":\"https:\/\/nuevo-renacer.com\/#organization\"},\"potentialAction\":[{\"@type\":\"SearchAction\",\"target\":{\"@type\":\"EntryPoint\",\"urlTemplate\":\"https:\/\/nuevo-renacer.com\/?s={search_term_string}\"},\"query-input\":{\"@type\":\"PropertyValueSpecification\",\"valueRequired\":true,\"valueName\":\"search_term_string\"}}],\"inLanguage\":\"it-IT\"},{\"@type\":\"Organization\",\"@id\":\"https:\/\/nuevo-renacer.com\/#organization\",\"name\":\"UFEC\",\"url\":\"https:\/\/nuevo-renacer.com\/\",\"logo\":{\"@type\":\"ImageObject\",\"inLanguage\":\"it-IT\",\"@id\":\"https:\/\/nuevo-renacer.com\/#\/schema\/logo\/image\/\",\"url\":\"https:\/\/nuevo-renacer.com\/wp-content\/uploads\/2024\/05\/cropped-LOGO-TERMINADO1-3-3.png\",\"contentUrl\":\"https:\/\/nuevo-renacer.com\/wp-content\/uploads\/2024\/05\/cropped-LOGO-TERMINADO1-3-3.png\",\"width\":512,\"height\":512,\"caption\":\"UFEC\"},\"image\":{\"@id\":\"https:\/\/nuevo-renacer.com\/#\/schema\/logo\/image\/\"},\"sameAs\":[\"https:\/\/www.facebook.com\/groups\/3431398063740829\"]}]}<\/script>\n<!-- \/ Yoast SEO Premium plugin. -->","yoast_head_json":{"title":"Anna Rebello Prado - Uni\u00f3n Esp\u00edrita","robots":{"index":"index","follow":"follow","max-snippet":"max-snippet:-1","max-image-preview":"max-image-preview:large","max-video-preview":"max-video-preview:-1"},"canonical":"https:\/\/nuevo-renacer.com\/it\/anna-rebello-prado\/","og_locale":"it_IT","og_type":"article","og_title":"Anna Rebello Prado","og_description":"Anna Rebello Prado Anna Rebello Prado naci\u00f3 alrededor del a\u00f1o 1883 en Parintins, Amazonas, una isla fluvial situada en la margen derecha del Bajo Amazonas, descubierta en 1749 por el navegante y explorador portugu\u00e9s Jos\u00e9 Gon\u00e7alves da Fonseca. La familia Rebello particip\u00f3 activamente en varias asociaciones espiritistas de la capital amaz\u00f3nica. Los t\u00edos maternos de [&hellip;]","og_url":"https:\/\/nuevo-renacer.com\/it\/anna-rebello-prado\/","og_site_name":"Uni\u00f3n Esp\u00edrita","article_publisher":"https:\/\/www.facebook.com\/groups\/3431398063740829","article_modified_time":"2025-11-28T10:35:39+00:00","og_image":[{"width":300,"height":399,"url":"https:\/\/nuevo-renacer.com\/wp-content\/uploads\/2025\/11\/Anna-Prado.jpg","type":"image\/jpeg"}],"twitter_card":"summary_large_image","twitter_misc":{"Tempo di lettura stimato":"7 minuti"},"schema":{"@context":"https:\/\/schema.org","@graph":[{"@type":"WebPage","@id":"https:\/\/nuevo-renacer.com\/anna-rebello-prado\/","url":"https:\/\/nuevo-renacer.com\/anna-rebello-prado\/","name":"Anna Rebello Prado - Uni\u00f3n Esp\u00edrita","isPartOf":{"@id":"https:\/\/nuevo-renacer.com\/#website"},"primaryImageOfPage":{"@id":"https:\/\/nuevo-renacer.com\/anna-rebello-prado\/#primaryimage"},"image":{"@id":"https:\/\/nuevo-renacer.com\/anna-rebello-prado\/#primaryimage"},"thumbnailUrl":"https:\/\/nuevo-renacer.com\/wp-content\/uploads\/2025\/11\/Anna-Prado.jpg","datePublished":"2025-11-28T10:24:40+00:00","dateModified":"2025-11-28T10:35:39+00:00","breadcrumb":{"@id":"https:\/\/nuevo-renacer.com\/anna-rebello-prado\/#breadcrumb"},"inLanguage":"it-IT","potentialAction":[{"@type":"ReadAction","target":["https:\/\/nuevo-renacer.com\/anna-rebello-prado\/"]}]},{"@type":"ImageObject","inLanguage":"it-IT","@id":"https:\/\/nuevo-renacer.com\/anna-rebello-prado\/#primaryimage","url":"https:\/\/nuevo-renacer.com\/wp-content\/uploads\/2025\/11\/Anna-Prado.jpg","contentUrl":"https:\/\/nuevo-renacer.com\/wp-content\/uploads\/2025\/11\/Anna-Prado.jpg"},{"@type":"BreadcrumbList","@id":"https:\/\/nuevo-renacer.com\/anna-rebello-prado\/#breadcrumb","itemListElement":[{"@type":"ListItem","position":1,"name":"Startseite","item":"https:\/\/nuevo-renacer.com\/"},{"@type":"ListItem","position":2,"name":"Anna Rebello Prado"}]},{"@type":"WebSite","@id":"https:\/\/nuevo-renacer.com\/#website","url":"https:\/\/nuevo-renacer.com\/","name":"Uni\u00f3n Esp\u00edrita","description":"Nuevo Renacer","publisher":{"@id":"https:\/\/nuevo-renacer.com\/#organization"},"potentialAction":[{"@type":"SearchAction","target":{"@type":"EntryPoint","urlTemplate":"https:\/\/nuevo-renacer.com\/?s={search_term_string}"},"query-input":{"@type":"PropertyValueSpecification","valueRequired":true,"valueName":"search_term_string"}}],"inLanguage":"it-IT"},{"@type":"Organization","@id":"https:\/\/nuevo-renacer.com\/#organization","name":"UFEC","url":"https:\/\/nuevo-renacer.com\/","logo":{"@type":"ImageObject","inLanguage":"it-IT","@id":"https:\/\/nuevo-renacer.com\/#\/schema\/logo\/image\/","url":"https:\/\/nuevo-renacer.com\/wp-content\/uploads\/2024\/05\/cropped-LOGO-TERMINADO1-3-3.png","contentUrl":"https:\/\/nuevo-renacer.com\/wp-content\/uploads\/2024\/05\/cropped-LOGO-TERMINADO1-3-3.png","width":512,"height":512,"caption":"UFEC"},"image":{"@id":"https:\/\/nuevo-renacer.com\/#\/schema\/logo\/image\/"},"sameAs":["https:\/\/www.facebook.com\/groups\/3431398063740829"]}]}},"uagb_featured_image_src":{"full":false,"thumbnail":false,"medium":false,"medium_large":false,"large":false,"1536x1536":false,"2048x2048":false,"trp-custom-language-flag":false},"uagb_author_info":{"display_name":"adbv0","author_link":"https:\/\/nuevo-renacer.com\/it\/author\/adbv0\/"},"uagb_comment_info":0,"uagb_excerpt":"Anna Rebello Prado Anna Rebello Prado naci\u00f3 alrededor del a\u00f1o 1883 en Parintins, Amazonas, una isla fluvial situada en la margen derecha del Bajo Amazonas, descubierta en 1749 por el navegante y explorador portugu\u00e9s Jos\u00e9 Gon\u00e7alves da Fonseca. La familia Rebello particip\u00f3 activamente en varias asociaciones espiritistas de la capital amaz\u00f3nica. Los t\u00edos maternos de&hellip;","jetpack_sharing_enabled":true,"_links":{"self":[{"href":"https:\/\/nuevo-renacer.com\/it\/wp-json\/wp\/v2\/pages\/8725","targetHints":{"allow":["GET"]}}],"collection":[{"href":"https:\/\/nuevo-renacer.com\/it\/wp-json\/wp\/v2\/pages"}],"about":[{"href":"https:\/\/nuevo-renacer.com\/it\/wp-json\/wp\/v2\/types\/page"}],"author":[{"embeddable":true,"href":"https:\/\/nuevo-renacer.com\/it\/wp-json\/wp\/v2\/users\/1"}],"replies":[{"embeddable":true,"href":"https:\/\/nuevo-renacer.com\/it\/wp-json\/wp\/v2\/comments?post=8725"}],"version-history":[{"count":3,"href":"https:\/\/nuevo-renacer.com\/it\/wp-json\/wp\/v2\/pages\/8725\/revisions"}],"predecessor-version":[{"id":8735,"href":"https:\/\/nuevo-renacer.com\/it\/wp-json\/wp\/v2\/pages\/8725\/revisions\/8735"}],"wp:attachment":[{"href":"https:\/\/nuevo-renacer.com\/it\/wp-json\/wp\/v2\/media?parent=8725"}],"curies":[{"name":"wp","href":"https:\/\/api.w.org\/{rel}","templated":true}]}}