{"id":8606,"date":"2025-11-03T11:42:32","date_gmt":"2025-11-03T11:42:32","guid":{"rendered":"https:\/\/nuevo-renacer.com\/?page_id=8606"},"modified":"2025-11-03T11:42:52","modified_gmt":"2025-11-03T11:42:52","slug":"clelia-soares-da-rocha","status":"publish","type":"page","link":"https:\/\/nuevo-renacer.com\/it\/clelia-soares-da-rocha\/","title":{"rendered":"Cl\u00e9lia Soares da Rocha"},"content":{"rendered":"<div class=\"wp-block-uagb-container uagb-block-2ef46de7 alignfull uagb-is-root-container\"><div class=\"uagb-container-inner-blocks-wrap\">\n<p class=\"has-black-color has-text-color has-link-color has-medium-font-size wp-elements-4505f72322894b05cdad17c022a1bd1b\"><strong>Cl\u00e9lia Soares da Rocha<\/strong><\/p>\n<\/div><\/div>\n\n\n\n<div class=\"wp-block-uagb-container uagb-block-656d411d alignfull uagb-is-root-container\"><div class=\"uagb-container-inner-blocks-wrap\">\n<figure class=\"wp-block-image size-full is-resized\"><img fetchpriority=\"high\" decoding=\"async\" width=\"1000\" height=\"779\" src=\"https:\/\/nuevo-renacer.com\/wp-content\/uploads\/2025\/11\/Clelia-Soares-da-Rocha.jpg\" alt=\"\" class=\"wp-image-8607\" style=\"width:275px;height:auto\" srcset=\"https:\/\/nuevo-renacer.com\/wp-content\/uploads\/2025\/11\/Clelia-Soares-da-Rocha.jpg 1000w, https:\/\/nuevo-renacer.com\/wp-content\/uploads\/2025\/11\/Clelia-Soares-da-Rocha-300x234.jpg 300w, https:\/\/nuevo-renacer.com\/wp-content\/uploads\/2025\/11\/Clelia-Soares-da-Rocha-768x598.jpg 768w, https:\/\/nuevo-renacer.com\/wp-content\/uploads\/2025\/11\/Clelia-Soares-da-Rocha-15x12.jpg 15w\" sizes=\"(max-width: 1000px) 100vw, 1000px\" \/><\/figure>\n<\/div><\/div>\n\n\n\n<div class=\"wp-block-uagb-container uagb-block-e149af88 alignfull uagb-is-root-container\"><div class=\"uagb-container-inner-blocks-wrap\">\n<p class=\"has-black-color has-text-color has-link-color has-small-font-size wp-elements-5fbb062c542ebeeebb658cd62c4818f2\">Cl\u00e9lia Soares da Rocha nacque nella citt\u00e0 di Barra Mansa, nello Stato di Rio de Janeiro, il 18 ottobre 1886 e mor\u00ec all'et\u00e0 di 50 anni, il 16 febbraio 1936. Ha studiato come interna al Col\u00e9gio Bom Conselho, nella citt\u00e0 di Taubat\u00e9, completando la sua formazione nella citt\u00e0 di Piracicaba, dove ha conseguito il diploma di maestra elementare. Ha insegnato per diversi anni al Col\u00e9gio das Freiras, nella citt\u00e0 di S\u00e3o Carlos. Proveniente da una famiglia tradizionalmente cattolica, Cl\u00e9lia Rocha manifest\u00f2 presto repulsione per i dogmi della religione dei suoi genitori, fin dalla sua prima infanzia, il che le valse severe punizioni nel collegio interno, dove cominci\u00f2 ad essere considerata una bambina ribelle.<\/p>\n\n\n\n<p class=\"has-black-color has-text-color has-link-color has-small-font-size wp-elements-4f6d62b28cde6099ea85bed3cb9ba124\">A Piracicaba, quando era ancora studentessa, conobbe un giovane medico, con cui decise di sposarsi. Tuttavia, il ragazzo mor\u00ec improvvisamente, frustrando tutti i suoi sogni di ragazza, che non pens\u00f2 mai pi\u00f9 al matrimonio, dedicando tutta la sua vita all'insegnamento e all'assistenza dei bambini orfani e bisognosi. Un giorno decise di aprire un istituto scolastico nella citt\u00e0 di Dourados, per l'alfabetizzazione degli adulti che non potevano frequentare le lezioni durante il giorno, mantenendolo per qualche tempo e fornendo gratuitamente il materiale didattico a tutti coloro che non potevano acquistarlo.<\/p>\n\n\n\n<p class=\"has-black-color has-text-color has-link-color has-small-font-size wp-elements-b69d78b9429a5f7e2a58aec7764ccfe0\">In quel periodo la grande missionaria An\u00e1lia Franco fece visita alla citt\u00e0 e, vedendo l'indicibile sacrificio che la giovane insegnante stava compiendo, la invit\u00f2 a far parte della sua \u00e9quipe di lavoro, offrendosi di aiutarla in tutto ci\u00f2 che le era possibile. Da quel momento in poi, divennero grandi amiche e collaboratrici. Fondarono un asilo nido per le madri povere della zona e un rifugio per gli orfani. An\u00e1lia Franco riponeva una fiducia incondizionata nel lavoro di Cl\u00e9lia Rocha. In una delle sue lettere arriv\u00f2 persino ad affermare: \u201cTu sei la direttrice che ha assimilato maggiormente i nostri ideali e hai prodotto molto. Se tutte le altre collaboratrici facessero come te, realizzeremmo molto\u201d.<\/p>\n\n\n\n<p class=\"has-black-color has-text-color has-link-color has-small-font-size wp-elements-91e785da3a67ff7dc6502461f03d70c3\">Alla fine del 1918, An\u00e1lia Franco fond\u00f2 un asilo nella citt\u00e0 di Uberaba, nel Minas Gerais, e invit\u00f2 Cl\u00e9lia Rocha a diventarne la direttrice. Poco dopo, il 13 gennaio 1919, An\u00e1lia mor\u00ec a San Paolo, senza poter concretizzare la sua opera. Cl\u00e9lia, fedele alla sua memoria e rispettando la sua ultima volont\u00e0, decise di trasferirsi a Uberaba con tutte le sue allieve, fondando in seguito in quella citt\u00e0 un collegio con 18 pensionanti, per mantenere le sue 72 allieve interne. Di fronte alla sua opera assistenziale, chiese pi\u00f9 volte sovvenzioni comunali, statali e federali, senza mai ottenere riscontro alle sue richieste, poich\u00e9, essendo spiritista, fu oggetto di intense persecuzioni da parte dei sacerdoti locali. Come An\u00e1lia Franco, organizz\u00f2 un gruppo letterario-artistico e musicale con le sue allieve e si rec\u00f2 nelle citt\u00e0 dell'interno degli Stati di San Paolo e Minas Gerais, riuscendo a ottenere i mezzi di sussistenza per mantenere la sua istituzione, con un certo successo. Fedele alla memoria di An\u00e1lia Franco, fece di tutto affinch\u00e9 gli ideali da lei sostenuti fossero mantenuti nella loro pienezza, comportandosi sempre con vero spirito di abnegazione e sacrificio, dimostrando costantemente la sua grandezza spirituale.<\/p>\n\n\n\n<p class=\"has-black-color has-text-color has-link-color has-small-font-size wp-elements-e066e9619e5a2653fe3556f9aabd6d3f\">Fond\u00f2 con le sue allieve di et\u00e0 superiore ai 16 anni la Lega Femminile Operaia del Bene, con l'obiettivo di formare nuove squadre di collaboratrici che potessero in seguito continuare la sua grande opera di assistenza. Nel 1924 si trasfer\u00ec nella citt\u00e0 di S\u00e3o Manoel, nello Stato di San Paolo, dove conobbe Amando Sim\u00f5es, ricco agricoltore della regione, spirito ben formato e cuore generoso che, conoscendo le sue grandi difficolt\u00e0 e il suo stoico coraggio, decise di aiutarla, donandole un edificio e parte del suo terreno affinch\u00e9 Cl\u00e9lia potesse installarvi il suo istituto scolastico. Grazie al prestigio di questo generoso confratello, pot\u00e9 contare subito sul sostegno di parte della popolazione e sulla simpatia del Consiglio comunale, potendo cos\u00ec ampliare la sua opera benefica. Accolse nella \u201cCasa di An\u00e1lia Franco\u201d decine di bambini orfani e l\u00ec celebr\u00f2 numerosi matrimoni delle sue ex allieve, affidando loro il compito di casalinghe, reintegrate nella societ\u00e0, per servire come mogli e madri.<\/p>\n\n\n\n<p class=\"has-black-color has-text-color has-link-color has-small-font-size wp-elements-4f0a2e96f33e8216a9f327f586456d67\">Nel 1930, nel periodo natalizio, fond\u00f2 l'\u201cAsilo Ber\u00e7o de Ouro\u201d, destinato ad accogliere i bambini piccoli, mantenendolo con tutto l'affetto della sua anima. Era una fervente spiritista e si interessava molto alle questioni dottrinali. An\u00e1lia era letterata, giornalista, poetessa, scrittrice, drammaturga, musicista e insegnante di lingue. Ha scritto diverse opere teatrali; drammi, commedie e sondaggi di sua autore sono stati messi in scena con grande successo dal Gruppo Teatrale. Ha presentato anche molte poesie e composizioni musicali. Eccellente insegnante di lavori manuali, teneva lezioni di fiori artificiali, pittura, ricamo, arte culinaria e musica, preparando le sue figlie adottive a diventare abili casalinghe del futuro.<\/p>\n\n\n\n<p class=\"has-black-color has-text-color has-link-color has-small-font-size wp-elements-2531c1f202267ace5a5492c69ebec8ac\">In privato era chiamata \u201cMamma Lili\u201d da tutte le sue figlie adottive. Ha dato il proprio nome a molte di loro, quando sono state abbandonate all'asilo \u201cCreche Ber\u00e7o de Ouro\u201d e i parenti non si sono fatti vivi. Dovendo regolarizzare i loro documenti anagrafici, non ha mai esitato a registrarle con il proprio nome. Fond\u00f2 il giornale letterario \u201cL\u00edrio Branco\u201d e il \u201cMensageiro do \u00d3rf\u00e3o\u201d, oggi \u201cMensageiro do Lar\u201d, organo di divulgazione dello Spiritismo, che continua ad essere pubblicato nelle tipografie del Lar An\u00e1lia Franco, nella citt\u00e0 di S. Manoel. Cl\u00e9lia Rocha fu quindi una missionaria nel vero senso della parola, appartenente alla schiera di valorose donne spiritiste dello stesso livello di An\u00e1lia Franco, Ol\u00edmpia Bel\u00e9m, Aura Celeste, Eur\u00eddice Panar, Abigair Lima e tante altre.<\/p>\n<\/div><\/div>\n\n\n\n<div class=\"wp-block-uagb-container uagb-block-2e183146 alignfull uagb-is-root-container\"><div class=\"uagb-container-inner-blocks-wrap\"><\/div><\/div>\n\n\n\n<div class=\"wp-block-uagb-container uagb-block-5535922e alignfull uagb-is-root-container\"><div class=\"uagb-container-inner-blocks-wrap\"><\/div><\/div>","protected":false},"excerpt":{"rendered":"<p>Cl\u00e9lia Soares da Rocha Cl\u00e9lia Rocha naci\u00f3 en la ciudad de Barra Mansa, estado de R\u00edo de Janeiro, el 18 de octubre de 1886 y falleci\u00f3, a los 50 a\u00f1os de edad, el 16 de febrero de 1936. Fue educada como interna en el Colegio Bom Conselho, en la ciudad de Taubat\u00e9, y complet\u00f3 su [&hellip;]<\/p>","protected":false},"author":1,"featured_media":0,"parent":0,"menu_order":0,"comment_status":"closed","ping_status":"closed","template":"","meta":{"_uag_custom_page_level_css":"","site-sidebar-layout":"default","site-content-layout":"","ast-site-content-layout":"default","site-content-style":"default","site-sidebar-style":"default","ast-global-header-display":"","ast-banner-title-visibility":"","ast-main-header-display":"","ast-hfb-above-header-display":"","ast-hfb-below-header-display":"","ast-hfb-mobile-header-display":"","site-post-title":"disabled","ast-breadcrumbs-content":"","ast-featured-img":"","footer-sml-layout":"","theme-transparent-header-meta":"","adv-header-id-meta":"","stick-header-meta":"","header-above-stick-meta":"","header-main-stick-meta":"","header-below-stick-meta":"","astra-migrate-meta-layouts":"set","ast-page-background-enabled":"default","ast-page-background-meta":{"desktop":{"background-color":"var(--ast-global-color-4)","background-image":"","background-repeat":"repeat","background-position":"center center","background-size":"auto","background-attachment":"scroll","background-type":"","background-media":"","overlay-type":"","overlay-color":"","overlay-opacity":"","overlay-gradient":""},"tablet":{"background-color":"","background-image":"","background-repeat":"repeat","background-position":"center center","background-size":"auto","background-attachment":"scroll","background-type":"","background-media":"","overlay-type":"","overlay-color":"","overlay-opacity":"","overlay-gradient":""},"mobile":{"background-color":"","background-image":"","background-repeat":"repeat","background-position":"center center","background-size":"auto","background-attachment":"scroll","background-type":"","background-media":"","overlay-type":"","overlay-color":"","overlay-opacity":"","overlay-gradient":""}},"ast-content-background-meta":{"desktop":{"background-color":"var(--ast-global-color-5)","background-image":"","background-repeat":"repeat","background-position":"center center","background-size":"auto","background-attachment":"scroll","background-type":"","background-media":"","overlay-type":"","overlay-color":"","overlay-opacity":"","overlay-gradient":""},"tablet":{"background-color":"var(--ast-global-color-5)","background-image":"","background-repeat":"repeat","background-position":"center center","background-size":"auto","background-attachment":"scroll","background-type":"","background-media":"","overlay-type":"","overlay-color":"","overlay-opacity":"","overlay-gradient":""},"mobile":{"background-color":"var(--ast-global-color-5)","background-image":"","background-repeat":"repeat","background-position":"center center","background-size":"auto","background-attachment":"scroll","background-type":"","background-media":"","overlay-type":"","overlay-color":"","overlay-opacity":"","overlay-gradient":""}},"footnotes":""},"class_list":["post-8606","page","type-page","status-publish","hentry"],"yoast_head":"<!-- This site is optimized with the Yoast SEO Premium plugin v24.2 (Yoast SEO v24.6) - https:\/\/yoast.com\/wordpress\/plugins\/seo\/ -->\n<title>Cl\u00e9lia Soares da Rocha - Uni\u00f3n Esp\u00edrita<\/title>\n<meta name=\"robots\" content=\"index, follow, max-snippet:-1, max-image-preview:large, max-video-preview:-1\" \/>\n<link rel=\"canonical\" href=\"https:\/\/nuevo-renacer.com\/it\/clelia-soares-da-rocha\/\" \/>\n<meta property=\"og:locale\" content=\"it_IT\" \/>\n<meta property=\"og:type\" content=\"article\" \/>\n<meta property=\"og:title\" content=\"Cl\u00e9lia Soares da Rocha\" \/>\n<meta property=\"og:description\" content=\"Cl\u00e9lia Soares da Rocha Cl\u00e9lia Rocha naci\u00f3 en la ciudad de Barra Mansa, estado de R\u00edo de Janeiro, el 18 de octubre de 1886 y falleci\u00f3, a los 50 a\u00f1os de edad, el 16 de febrero de 1936. Fue educada como interna en el Colegio Bom Conselho, en la ciudad de Taubat\u00e9, y complet\u00f3 su [&hellip;]\" \/>\n<meta property=\"og:url\" content=\"https:\/\/nuevo-renacer.com\/it\/clelia-soares-da-rocha\/\" \/>\n<meta property=\"og:site_name\" content=\"Uni\u00f3n Esp\u00edrita\" \/>\n<meta property=\"article:publisher\" content=\"https:\/\/www.facebook.com\/groups\/3431398063740829\" \/>\n<meta property=\"article:modified_time\" content=\"2025-11-03T11:42:52+00:00\" \/>\n<meta property=\"og:image\" content=\"https:\/\/nuevo-renacer.com\/wp-content\/uploads\/2025\/11\/Clelia-Soares-da-Rocha.jpg\" \/>\n\t<meta property=\"og:image:width\" content=\"1000\" \/>\n\t<meta property=\"og:image:height\" content=\"779\" \/>\n\t<meta property=\"og:image:type\" content=\"image\/jpeg\" \/>\n<meta name=\"twitter:card\" content=\"summary_large_image\" \/>\n<meta name=\"twitter:label1\" content=\"Tempo di lettura stimato\" \/>\n\t<meta name=\"twitter:data1\" content=\"6 minuti\" \/>\n<script type=\"application\/ld+json\" class=\"yoast-schema-graph\">{\"@context\":\"https:\/\/schema.org\",\"@graph\":[{\"@type\":\"WebPage\",\"@id\":\"https:\/\/nuevo-renacer.com\/clelia-soares-da-rocha\/\",\"url\":\"https:\/\/nuevo-renacer.com\/clelia-soares-da-rocha\/\",\"name\":\"Cl\u00e9lia Soares da Rocha - Uni\u00f3n Esp\u00edrita\",\"isPartOf\":{\"@id\":\"https:\/\/nuevo-renacer.com\/#website\"},\"primaryImageOfPage\":{\"@id\":\"https:\/\/nuevo-renacer.com\/clelia-soares-da-rocha\/#primaryimage\"},\"image\":{\"@id\":\"https:\/\/nuevo-renacer.com\/clelia-soares-da-rocha\/#primaryimage\"},\"thumbnailUrl\":\"https:\/\/nuevo-renacer.com\/wp-content\/uploads\/2025\/11\/Clelia-Soares-da-Rocha.jpg\",\"datePublished\":\"2025-11-03T11:42:32+00:00\",\"dateModified\":\"2025-11-03T11:42:52+00:00\",\"breadcrumb\":{\"@id\":\"https:\/\/nuevo-renacer.com\/clelia-soares-da-rocha\/#breadcrumb\"},\"inLanguage\":\"it-IT\",\"potentialAction\":[{\"@type\":\"ReadAction\",\"target\":[\"https:\/\/nuevo-renacer.com\/clelia-soares-da-rocha\/\"]}]},{\"@type\":\"ImageObject\",\"inLanguage\":\"it-IT\",\"@id\":\"https:\/\/nuevo-renacer.com\/clelia-soares-da-rocha\/#primaryimage\",\"url\":\"https:\/\/nuevo-renacer.com\/wp-content\/uploads\/2025\/11\/Clelia-Soares-da-Rocha.jpg\",\"contentUrl\":\"https:\/\/nuevo-renacer.com\/wp-content\/uploads\/2025\/11\/Clelia-Soares-da-Rocha.jpg\"},{\"@type\":\"BreadcrumbList\",\"@id\":\"https:\/\/nuevo-renacer.com\/clelia-soares-da-rocha\/#breadcrumb\",\"itemListElement\":[{\"@type\":\"ListItem\",\"position\":1,\"name\":\"Startseite\",\"item\":\"https:\/\/nuevo-renacer.com\/\"},{\"@type\":\"ListItem\",\"position\":2,\"name\":\"Cl\u00e9lia Soares da Rocha\"}]},{\"@type\":\"WebSite\",\"@id\":\"https:\/\/nuevo-renacer.com\/#website\",\"url\":\"https:\/\/nuevo-renacer.com\/\",\"name\":\"Uni\u00f3n Esp\u00edrita\",\"description\":\"Nuevo Renacer\",\"publisher\":{\"@id\":\"https:\/\/nuevo-renacer.com\/#organization\"},\"potentialAction\":[{\"@type\":\"SearchAction\",\"target\":{\"@type\":\"EntryPoint\",\"urlTemplate\":\"https:\/\/nuevo-renacer.com\/?s={search_term_string}\"},\"query-input\":{\"@type\":\"PropertyValueSpecification\",\"valueRequired\":true,\"valueName\":\"search_term_string\"}}],\"inLanguage\":\"it-IT\"},{\"@type\":\"Organization\",\"@id\":\"https:\/\/nuevo-renacer.com\/#organization\",\"name\":\"UFEC\",\"url\":\"https:\/\/nuevo-renacer.com\/\",\"logo\":{\"@type\":\"ImageObject\",\"inLanguage\":\"it-IT\",\"@id\":\"https:\/\/nuevo-renacer.com\/#\/schema\/logo\/image\/\",\"url\":\"https:\/\/nuevo-renacer.com\/wp-content\/uploads\/2024\/05\/cropped-LOGO-TERMINADO1-3-3.png\",\"contentUrl\":\"https:\/\/nuevo-renacer.com\/wp-content\/uploads\/2024\/05\/cropped-LOGO-TERMINADO1-3-3.png\",\"width\":512,\"height\":512,\"caption\":\"UFEC\"},\"image\":{\"@id\":\"https:\/\/nuevo-renacer.com\/#\/schema\/logo\/image\/\"},\"sameAs\":[\"https:\/\/www.facebook.com\/groups\/3431398063740829\"]}]}<\/script>\n<!-- \/ Yoast SEO Premium plugin. -->","yoast_head_json":{"title":"Cl\u00e9lia Soares da Rocha - Uni\u00f3n Esp\u00edrita","robots":{"index":"index","follow":"follow","max-snippet":"max-snippet:-1","max-image-preview":"max-image-preview:large","max-video-preview":"max-video-preview:-1"},"canonical":"https:\/\/nuevo-renacer.com\/it\/clelia-soares-da-rocha\/","og_locale":"it_IT","og_type":"article","og_title":"Cl\u00e9lia Soares da Rocha","og_description":"Cl\u00e9lia Soares da Rocha Cl\u00e9lia Rocha naci\u00f3 en la ciudad de Barra Mansa, estado de R\u00edo de Janeiro, el 18 de octubre de 1886 y falleci\u00f3, a los 50 a\u00f1os de edad, el 16 de febrero de 1936. Fue educada como interna en el Colegio Bom Conselho, en la ciudad de Taubat\u00e9, y complet\u00f3 su [&hellip;]","og_url":"https:\/\/nuevo-renacer.com\/it\/clelia-soares-da-rocha\/","og_site_name":"Uni\u00f3n Esp\u00edrita","article_publisher":"https:\/\/www.facebook.com\/groups\/3431398063740829","article_modified_time":"2025-11-03T11:42:52+00:00","og_image":[{"width":1000,"height":779,"url":"https:\/\/nuevo-renacer.com\/wp-content\/uploads\/2025\/11\/Clelia-Soares-da-Rocha.jpg","type":"image\/jpeg"}],"twitter_card":"summary_large_image","twitter_misc":{"Tempo di lettura stimato":"6 minuti"},"schema":{"@context":"https:\/\/schema.org","@graph":[{"@type":"WebPage","@id":"https:\/\/nuevo-renacer.com\/clelia-soares-da-rocha\/","url":"https:\/\/nuevo-renacer.com\/clelia-soares-da-rocha\/","name":"Cl\u00e9lia Soares da Rocha - Uni\u00f3n Esp\u00edrita","isPartOf":{"@id":"https:\/\/nuevo-renacer.com\/#website"},"primaryImageOfPage":{"@id":"https:\/\/nuevo-renacer.com\/clelia-soares-da-rocha\/#primaryimage"},"image":{"@id":"https:\/\/nuevo-renacer.com\/clelia-soares-da-rocha\/#primaryimage"},"thumbnailUrl":"https:\/\/nuevo-renacer.com\/wp-content\/uploads\/2025\/11\/Clelia-Soares-da-Rocha.jpg","datePublished":"2025-11-03T11:42:32+00:00","dateModified":"2025-11-03T11:42:52+00:00","breadcrumb":{"@id":"https:\/\/nuevo-renacer.com\/clelia-soares-da-rocha\/#breadcrumb"},"inLanguage":"it-IT","potentialAction":[{"@type":"ReadAction","target":["https:\/\/nuevo-renacer.com\/clelia-soares-da-rocha\/"]}]},{"@type":"ImageObject","inLanguage":"it-IT","@id":"https:\/\/nuevo-renacer.com\/clelia-soares-da-rocha\/#primaryimage","url":"https:\/\/nuevo-renacer.com\/wp-content\/uploads\/2025\/11\/Clelia-Soares-da-Rocha.jpg","contentUrl":"https:\/\/nuevo-renacer.com\/wp-content\/uploads\/2025\/11\/Clelia-Soares-da-Rocha.jpg"},{"@type":"BreadcrumbList","@id":"https:\/\/nuevo-renacer.com\/clelia-soares-da-rocha\/#breadcrumb","itemListElement":[{"@type":"ListItem","position":1,"name":"Startseite","item":"https:\/\/nuevo-renacer.com\/"},{"@type":"ListItem","position":2,"name":"Cl\u00e9lia Soares da Rocha"}]},{"@type":"WebSite","@id":"https:\/\/nuevo-renacer.com\/#website","url":"https:\/\/nuevo-renacer.com\/","name":"Uni\u00f3n Esp\u00edrita","description":"Nuevo Renacer","publisher":{"@id":"https:\/\/nuevo-renacer.com\/#organization"},"potentialAction":[{"@type":"SearchAction","target":{"@type":"EntryPoint","urlTemplate":"https:\/\/nuevo-renacer.com\/?s={search_term_string}"},"query-input":{"@type":"PropertyValueSpecification","valueRequired":true,"valueName":"search_term_string"}}],"inLanguage":"it-IT"},{"@type":"Organization","@id":"https:\/\/nuevo-renacer.com\/#organization","name":"UFEC","url":"https:\/\/nuevo-renacer.com\/","logo":{"@type":"ImageObject","inLanguage":"it-IT","@id":"https:\/\/nuevo-renacer.com\/#\/schema\/logo\/image\/","url":"https:\/\/nuevo-renacer.com\/wp-content\/uploads\/2024\/05\/cropped-LOGO-TERMINADO1-3-3.png","contentUrl":"https:\/\/nuevo-renacer.com\/wp-content\/uploads\/2024\/05\/cropped-LOGO-TERMINADO1-3-3.png","width":512,"height":512,"caption":"UFEC"},"image":{"@id":"https:\/\/nuevo-renacer.com\/#\/schema\/logo\/image\/"},"sameAs":["https:\/\/www.facebook.com\/groups\/3431398063740829"]}]}},"uagb_featured_image_src":{"full":false,"thumbnail":false,"medium":false,"medium_large":false,"large":false,"1536x1536":false,"2048x2048":false,"trp-custom-language-flag":false},"uagb_author_info":{"display_name":"adbv0","author_link":"https:\/\/nuevo-renacer.com\/it\/author\/adbv0\/"},"uagb_comment_info":0,"uagb_excerpt":"Cl\u00e9lia Soares da Rocha Cl\u00e9lia Rocha naci\u00f3 en la ciudad de Barra Mansa, estado de R\u00edo de Janeiro, el 18 de octubre de 1886 y falleci\u00f3, a los 50 a\u00f1os de edad, el 16 de febrero de 1936. Fue educada como interna en el Colegio Bom Conselho, en la ciudad de Taubat\u00e9, y complet\u00f3 su&hellip;","jetpack_sharing_enabled":true,"_links":{"self":[{"href":"https:\/\/nuevo-renacer.com\/it\/wp-json\/wp\/v2\/pages\/8606","targetHints":{"allow":["GET"]}}],"collection":[{"href":"https:\/\/nuevo-renacer.com\/it\/wp-json\/wp\/v2\/pages"}],"about":[{"href":"https:\/\/nuevo-renacer.com\/it\/wp-json\/wp\/v2\/types\/page"}],"author":[{"embeddable":true,"href":"https:\/\/nuevo-renacer.com\/it\/wp-json\/wp\/v2\/users\/1"}],"replies":[{"embeddable":true,"href":"https:\/\/nuevo-renacer.com\/it\/wp-json\/wp\/v2\/comments?post=8606"}],"version-history":[{"count":1,"href":"https:\/\/nuevo-renacer.com\/it\/wp-json\/wp\/v2\/pages\/8606\/revisions"}],"predecessor-version":[{"id":8608,"href":"https:\/\/nuevo-renacer.com\/it\/wp-json\/wp\/v2\/pages\/8606\/revisions\/8608"}],"wp:attachment":[{"href":"https:\/\/nuevo-renacer.com\/it\/wp-json\/wp\/v2\/media?parent=8606"}],"curies":[{"name":"wp","href":"https:\/\/api.w.org\/{rel}","templated":true}]}}