{"id":8552,"date":"2025-10-20T07:49:29","date_gmt":"2025-10-20T07:49:29","guid":{"rendered":"https:\/\/nuevo-renacer.com\/?page_id=8552"},"modified":"2025-10-20T07:49:32","modified_gmt":"2025-10-20T07:49:32","slug":"cecilia-rocha","status":"publish","type":"page","link":"https:\/\/nuevo-renacer.com\/it\/cecilia-rocha\/","title":{"rendered":"Cec\u00edlia Rocha"},"content":{"rendered":"<div class=\"wp-block-uagb-container uagb-block-a694dc2f alignfull uagb-is-root-container\"><div class=\"uagb-container-inner-blocks-wrap\">\n<p class=\"has-black-color has-text-color has-link-color has-medium-font-size wp-elements-9b37d3e6dda65e1e01bab9359cb89df2\"><strong>Cec\u00edlia Rocha<\/strong><\/p>\n<\/div><\/div>\n\n\n\n<div class=\"wp-block-uagb-container uagb-block-c72b40ec alignfull uagb-is-root-container\"><div class=\"uagb-container-inner-blocks-wrap\">\n<figure class=\"wp-block-image size-full is-resized\"><img fetchpriority=\"high\" decoding=\"async\" width=\"417\" height=\"400\" src=\"https:\/\/nuevo-renacer.com\/wp-content\/uploads\/2025\/10\/Cecilia-Rocha.webp\" alt=\"\" class=\"wp-image-8553\" style=\"width:289px;height:auto\" srcset=\"https:\/\/nuevo-renacer.com\/wp-content\/uploads\/2025\/10\/Cecilia-Rocha.webp 417w, https:\/\/nuevo-renacer.com\/wp-content\/uploads\/2025\/10\/Cecilia-Rocha-300x288.webp 300w, https:\/\/nuevo-renacer.com\/wp-content\/uploads\/2025\/10\/Cecilia-Rocha-13x12.webp 13w\" sizes=\"(max-width: 417px) 100vw, 417px\" \/><\/figure>\n<\/div><\/div>\n\n\n\n<div class=\"wp-block-uagb-container uagb-block-42fb5c57 alignfull uagb-is-root-container\"><div class=\"uagb-container-inner-blocks-wrap\">\n<p class=\"has-black-color has-text-color has-link-color has-small-font-size wp-elements-dbfaeec9369815d4e7aed57f200b4b75\">Cec\u00edlia Rocha \u00e8 nato a Porto Alegre (Rio Grande do Sul), il 21 maggio 1919, un anno dopo l&#039;armistizio della Prima Guerra Mondiale, con una missione di luce. Figlia di Jos\u00e9 Rocha e Carmem Rocha. Egli, estrazione di Sete Lagoas e lei, rio grande do sul citt\u00e0 di Jaguar\u00e3o. Suo padre era un commerciante. Sua madre era dedicato alle faccende di casa. Egli era il primogenito di cinque fratelli: Ot\u00e1vio, Alberto, Mario e Fernando. Ha trascorso la sua infanzia in Brasile Avenue, nel quartiere di S\u00e3o Geraldo, Porto Alegre. Dopo aver completato la scuola primaria, ha studiato istruzione secondaria presso l&#039;Istituto di Istruzione Generale Flores da Cunha, a Porto Alegre, dove ha terminato il corso di formazione nel 1938, definendo cos\u00ec la sua brillante futuro nel campo dell&#039;educazione dei bambini e dei giovani.<\/p>\n\n\n\n<p class=\"has-black-color has-text-color has-link-color has-small-font-size wp-elements-5ffcf282911011d96ed9f9a6197efa69\">&nbsp;Allora, avete preso il corso di Metodi e Tecniche Pedagogiche, e ha tenuto diverse pratiche nelle scuole pubbliche della sua citt\u00e0 natale, in cerca di ulteriore formazione nel campo dell&#039;insegnamento. Nel 1940, fu nominato professore di pubblico di Rio Grande do Sul, inizialmente all&#039;interno dello stato. Cec\u00edlia stampato nelle scuole, che ha diretto il lavoro amministrativo e di insegnamento che si sono distinti per la loro organizzazione e il progresso. Ha incoraggiato la comunit\u00e0 scolastica, per l&#039;integrazione con le famiglie e con le altre istituzioni della localit\u00e0 in cui si trova, attraverso la promozione culturale e civile attivit\u00e0 di grande importanza per tutti. La sua prestazione \u00e8 stata caratterizzata da un dialogo aperto con gli studenti, i docenti e le famiglie, cercando di preservare e mettere in pratica i valori morali. In questo modo, poteva sempre contare sull&#039;impegno di tutti i suoi progetti. Lo spazio fisico delle scuole, sotto la direzione di Cec\u00edlia subito continue trasformazioni, dal momento che lei non era stata risparmiando sforzi per migliorare le strutture della scuola, tra i banchi di scuola per l&#039;orto e il frutteto.<\/p>\n\n\n\n<p class=\"has-black-color has-text-color has-link-color has-small-font-size wp-elements-bed6d1deda8593ddfa183de602802704\">Per fare questo, che coinvolge insegnanti, genitori e la comunit\u00e0, al fine di aiutare in questa impresa, in cui i beneficiari sono stati gli studenti, che sono andati ad avere una scuola di spazio pulito e piacevole, pur essendo una scuola pubblica. Le sue prestazioni dinamiche nelle scuole pubbliche dello stato dell&#039;interno dello stato di Rio Grande do Sul dur\u00f2 fino al 1947, quando fu trasferito a Porto Alegre per dare lezioni. Nel 1957, quando era gi\u00e0 integrato nel Movimento Spiritico, ha Ga\u00facho come evangelizzatrice, la giovane insegnante \u00e8 stato invitato ad assumere la direzione del privato, scuola elementare presso l&#039;Istituto Spiritica Amico tedesco. La scuola \u00e8 l&#039;insegnamento fondamentale carattere di cura, dedicato per l&#039;alfabetizzazione dei bambini manca, con gli insegnanti assegnati dal ministero della pubblica Istruzione dello Stato. Nel 1958, ha partecipato a una borsa di studio di giovani spiritualisti nel nord e nord-est, tenutosi a Teresina, stato del Piau\u00ed. A nome di Rio Grande do Sul, ha presentato le sue esperienze con la sorella-in-law, la professoressa Dina Rocha, nella terra dei gauchos. In tale occasione, ha parlato per la prima volta con Divaldo Pereira Franco, che la invita a conoscere il Palazzo di Strada e di guida per la scuola che non c&#039;era. Cec\u00edlia accettato l&#039;invito e, nel 1960, si \u00e8 spostato da marzo a dicembre nel Palazzo della Strada, dove ha servito come direttore della Scuola Elementare di Lavoro Socioeducativa de Divaldo Pereira Franco, a Salvador, Bahia.<\/p>\n\n\n\n<p class=\"has-black-color has-text-color has-link-color has-small-font-size wp-elements-c35b366e10a0402e38bac6909e6c538b\">Durante quel periodo, ha agito come un vero missionario di istruzione spiritica, con dedizione e abnegazione, in favore di un ideale. La tua gioia e la competenza appello a tutti, contribuendo pedagogicamente per migliorare l&#039;educazione dei bambini, i detenuti della Casa, insegnando loro il canto, il teatro, coro, e, soprattutto, la disciplina, sempre basato sulla Codifica Spiritica. Secondo Divaldo, quando ha incontrato Cec\u00edlia Rocha, ha avuto l&#039;occasione di contatto con lo Spirito Francisco Spinelli, che ha accompagnato il suo, inspir\u00e1ndola nello sviluppo delle attivit\u00e0 per le quali aveva dedicato la sua bella esistenza. Il nobile mentore ha detto che era una persona impegnata per il lavoro missionario di illuminare le coscienze per i bambini e i giovani, per la luce splendente di Spiritualismo. Medio di bahia, \u00e8 stato molto impressionato con la semplicit\u00e0 e la devozione del loro caro amico, il reset dal momento che i legami di affetto e di rispetto, rendendosi conto della grande importanza del loro ministero, la seriet\u00e0 con cui ha esercitato, e la sua relazione profonda con il venerabile enti che gestiscono il movimento spiritualista in Brasile. Invito, Cecilia viaggiato per diversi comuni nell&#039;entroterra di Bahia, per la divulgazione dell&#039;opera di evangelizzazione e di dare lezioni. Quando ha finito l&#039;anno scolastico, \u00e8 tornato a Porto Alegre.<\/p>\n\n\n\n<p class=\"has-black-color has-text-color has-link-color has-small-font-size wp-elements-684efea74e843641226ca93b895bbf8e\">Sempre trovato un grande sostegno in Divaldo per lo svolgimento dei suoi compiti. Sono tenuti in costante contatto e ha approfittato del suo viaggio per divulgare l&#039;importanza del lavoro di preparazione di evangelisti che lei e il suo team ha fatto. Il capitano di bahia cercato di fornire un supporto strategico per lo spostamento di Cec\u00edlia, in termini di alloggio nelle case dei vostri fratelli e sorelle noto, in vari stati del Brasile, che lei era, insieme con il suo team, per eseguire il suo compito. In questo modo, hanno ricevuto tutto l&#039;amore e il supporto per l&#039;implementazione del Corso di preparazione di Evangelisti, che \u00e8 stato il compito principale in quel momento. Inoltre, Cecilia e Dina Rocha, di essere educatori copie, \u00e8 diventato pionieri di questa attivit\u00e0, anche se gli altri stavano gi\u00e0 facendo bene. Hanno portato la psicologia infantile e pedagogia contemporanea (dell&#039;epoca), la creazione di testi, storie, canzoni in cui sono stati introdotti gli insegnamenti di Spiritismo, perfettamente adattato all&#039;interesse delle generazioni a cui sono stati destinati.<\/p>\n\n\n\n<p class=\"has-black-color has-text-color has-link-color has-small-font-size wp-elements-087b82146dda32d30220da10a4c4e6b3\">&nbsp;Durante il decennio degli anni 70, Cec\u00edlia lavorato nella direzione di istituzioni come l&#039;Associazione Educativa del Mahatma Gandhi, a Porto Alegre, e la Scuola Elementare Casa dei Piccoli di Ges\u00f9, rispondendo ai bambini bisognosi e classi speciali per studenti con disabilit\u00e0 mentale. In quell&#039;occasione, si \u00e8 laureata con lode nella Facolt\u00e0 di scienze dell&#039;Educazione di Porto Alegre, e, infine, nel 1976 la laurea in educazione con specializzazione in Amministrazione Scolastica. Nel 1980, Cec\u00edlia Rocha spostato dalla Federazione Integrato do Rio Grande do Sul (FERGS) alla Federazione Integrato Brasiliana (FEB), a Brasilia, come l&#039;indimenticabile presidente Francisco Thiesen bisogno di qualcuno con una vasta conoscenza della dottrina e di esperienza con i bambini e i giovani, con l&#039;obiettivo di espandere il programma del Dipartimento dei Bambini e dei Giovani (DIJ) del Consiglio Federale Nazionale. Nessuno meglio di amato educatore gaucha aveva tutte queste qualit\u00e0.<\/p>\n\n\n\n<p class=\"has-black-color has-text-color has-link-color has-small-font-size wp-elements-ca1fe01e43e1671bb912e24a4cabc587\">Con la vera sapienza, Cec\u00edlia non rifuggire dalle sue radici di nascita e dottrinale, ma lei era in grado di costruire un ponte di collegamento, che \u00e8 rimasta forte, di adempiere ai suoi impegni, cos\u00ec elegante e felice, senza pregiudizi di alcun tipo. Dal 1983, Cec\u00edlia aumentato le sue prestazioni nel settore dell&#039;istruzione della Federazione russa Integrato Brasileira. Oltre al coordinamento di tutte le DIJ, \u00e8 salito sul PALCO (lo Studio della Sistematica, la Dottrina Spiritica), il Medianidad e Profondo Studio della Dottrina Spiritica. Ha anche continuato a guidare lo sviluppo del notebook che supportano didattico-pedagogico attivit\u00e0. Cec\u00edlia agito nell&#039;area dell&#039;Evangelizzazione delle nuove generazioni a partire dal 1951, alla ricerca di sempre, con le varie squadre con cui ha lavorato, per aggiornare le metodologie e le strategie, salvaguardando il contenuto evangelico-spiritista che \u00e8 la linea che il padrone di attivit\u00e0. Tra le molte qualit\u00e0 del suo carattere, si distingue per la loro fedelt\u00e0 al Spiritualismo, di cui sopra, gli interessi personali e di affetti umani. La sua sincerit\u00e0, fatta di fedelt\u00e0 e di amore per la Causa, \u00e8 stato uno dei bei valori del loro comportamento. Le sue dimissioni alla famiglia, agli affetti, ai servizi, viaggiando da una parte all&#039;altra, in Brasile e all&#039;estero, nei giorni scorsi, molto difficile e giudicante, diversi da quelli di oggi, racconta la grandezza di Spirito che essa \u00e8. La bont\u00e0, la gentilezza, l&#039;affetto verso tutti, sono altri i valori che egli possedeva.<\/p>\n\n\n\n<p class=\"has-black-color has-text-color has-link-color has-small-font-size wp-elements-aafdbb8efcaa9f3e8284c6acd4a04ae3\">Dal momento che mi sono allenato come un insegnante, Cec\u00edlia \u00e8 stata dedicata ad esaminare la vita e l&#039;opera del grande educatori dell&#039;umanit\u00e0, guardando una base teorica e di ispirazione per la pratica di insegnamento. Per lei, Girolamo Braga, un discepolo di Jan Huss, \u00e8 sempre stata una fonte di profonda riflessione sulla questione della selezione e l&#039;importanza dei contenuti da insegnare ai bambini e ai giovani. Che era una delle loro preoccupazioni costanti come educatore: che cosa insegnare, cosa offrire allo studente, lo spirito immortale che passa attraverso l&#039;incarnazione. Jon Amos Comeniuns \u00e8 stato uno dei preferiti insegnanti di Cecilia perch\u00e9 ha trovato un sacco di risposte e consigli su come sviluppare il contenuto selezionato, aiutandoli a riflettere su ci\u00f2 che la metodologia pi\u00f9 appropriata per stimolare davvero l&#039;interesse degli studenti, quale sarebbe il pi\u00f9 significativo per l&#039;uso che davvero sarebbe svegliarsi la potenzialit\u00e0 latenti all&#039;interno di ciascuno studente.<\/p>\n\n\n\n<p class=\"has-black-color has-text-color has-link-color has-small-font-size wp-elements-3a0765f381fab2e7a1cd9b935d4e60b9\">Cec\u00edlia anche cercato l&#039;ispirazione e l&#039;orientamento degli ideali di Jean Jacques Rousseau, il pedagogica proposta di Pestalozzi, comprovadas per la sua applicazione pratica, in Federico Froebel e la sua didattica-oriented prima infanzia, cos\u00ec come Maria Montessori, tra gli altri. \u00c8 rimasto sempre attenta alle nuove teorie sull&#039;insegnamento e l&#039;apprendimento, analizzando con molta discrezione le novit\u00e0 che sono emerse nel XX e XXI secolo in Pedagogia, proponendo discussioni con gruppi di lavoro coordinati, cercando di assorbire ci\u00f2 che \u00e8 utile e buono e arricchire il lavoro pedagogico proposto dal FEB. Torn\u00f2 al mondo spirituale nelle prime ore del 5 novembre 2012, nel Centro di Trattamento Intensivo dell&#039;Ospedale Santa Marta, nel Distretto Federale, all&#039;et\u00e0 di 93 anni.<\/p>\n<\/div><\/div>\n\n\n\n<div class=\"wp-block-uagb-container uagb-block-254f4b91 alignfull uagb-is-root-container\"><div class=\"uagb-container-inner-blocks-wrap\"><\/div><\/div>\n\n\n\n<div class=\"wp-block-uagb-container uagb-block-2f055952 alignfull uagb-is-root-container\"><div class=\"uagb-container-inner-blocks-wrap\"><\/div><\/div>","protected":false},"excerpt":{"rendered":"<p>Cec\u00edlia Rocha Cec\u00edlia Rocha naci\u00f3 en Porto Alegre (Rio Grande do Sul) el 21 de mayo de 1919, un a\u00f1o despu\u00e9s del armisticio de la Primera Guerra Mundial, con una misi\u00f3n de luz. Hija de Jos\u00e9 Rocha y Carmem Rocha. \u00c9l, minero de Sete Lagoas y ella, gaucha de la ciudad de Jaguar\u00e3o. Su padre [&hellip;]<\/p>","protected":false},"author":1,"featured_media":0,"parent":0,"menu_order":0,"comment_status":"closed","ping_status":"closed","template":"","meta":{"_uag_custom_page_level_css":"","site-sidebar-layout":"default","site-content-layout":"","ast-site-content-layout":"default","site-content-style":"default","site-sidebar-style":"default","ast-global-header-display":"","ast-banner-title-visibility":"","ast-main-header-display":"","ast-hfb-above-header-display":"","ast-hfb-below-header-display":"","ast-hfb-mobile-header-display":"","site-post-title":"disabled","ast-breadcrumbs-content":"","ast-featured-img":"","footer-sml-layout":"","theme-transparent-header-meta":"","adv-header-id-meta":"","stick-header-meta":"","header-above-stick-meta":"","header-main-stick-meta":"","header-below-stick-meta":"","astra-migrate-meta-layouts":"set","ast-page-background-enabled":"default","ast-page-background-meta":{"desktop":{"background-color":"var(--ast-global-color-4)","background-image":"","background-repeat":"repeat","background-position":"center center","background-size":"auto","background-attachment":"scroll","background-type":"","background-media":"","overlay-type":"","overlay-color":"","overlay-opacity":"","overlay-gradient":""},"tablet":{"background-color":"","background-image":"","background-repeat":"repeat","background-position":"center center","background-size":"auto","background-attachment":"scroll","background-type":"","background-media":"","overlay-type":"","overlay-color":"","overlay-opacity":"","overlay-gradient":""},"mobile":{"background-color":"","background-image":"","background-repeat":"repeat","background-position":"center center","background-size":"auto","background-attachment":"scroll","background-type":"","background-media":"","overlay-type":"","overlay-color":"","overlay-opacity":"","overlay-gradient":""}},"ast-content-background-meta":{"desktop":{"background-color":"var(--ast-global-color-5)","background-image":"","background-repeat":"repeat","background-position":"center center","background-size":"auto","background-attachment":"scroll","background-type":"","background-media":"","overlay-type":"","overlay-color":"","overlay-opacity":"","overlay-gradient":""},"tablet":{"background-color":"var(--ast-global-color-5)","background-image":"","background-repeat":"repeat","background-position":"center center","background-size":"auto","background-attachment":"scroll","background-type":"","background-media":"","overlay-type":"","overlay-color":"","overlay-opacity":"","overlay-gradient":""},"mobile":{"background-color":"var(--ast-global-color-5)","background-image":"","background-repeat":"repeat","background-position":"center center","background-size":"auto","background-attachment":"scroll","background-type":"","background-media":"","overlay-type":"","overlay-color":"","overlay-opacity":"","overlay-gradient":""}},"footnotes":""},"class_list":["post-8552","page","type-page","status-publish","hentry"],"yoast_head":"<!-- This site is optimized with the Yoast SEO Premium plugin v24.2 (Yoast SEO v24.6) - https:\/\/yoast.com\/wordpress\/plugins\/seo\/ -->\n<title>Cec\u00edlia Rocha - Uni\u00f3n Esp\u00edrita<\/title>\n<meta name=\"robots\" content=\"index, follow, max-snippet:-1, max-image-preview:large, max-video-preview:-1\" \/>\n<link rel=\"canonical\" href=\"https:\/\/nuevo-renacer.com\/it\/cecilia-rocha\/\" \/>\n<meta property=\"og:locale\" content=\"it_IT\" \/>\n<meta property=\"og:type\" content=\"article\" \/>\n<meta property=\"og:title\" content=\"Cec\u00edlia Rocha\" \/>\n<meta property=\"og:description\" content=\"Cec\u00edlia Rocha Cec\u00edlia Rocha naci\u00f3 en Porto Alegre (Rio Grande do Sul) el 21 de mayo de 1919, un a\u00f1o despu\u00e9s del armisticio de la Primera Guerra Mundial, con una misi\u00f3n de luz. Hija de Jos\u00e9 Rocha y Carmem Rocha. \u00c9l, minero de Sete Lagoas y ella, gaucha de la ciudad de Jaguar\u00e3o. Su padre [&hellip;]\" \/>\n<meta property=\"og:url\" content=\"https:\/\/nuevo-renacer.com\/it\/cecilia-rocha\/\" \/>\n<meta property=\"og:site_name\" content=\"Uni\u00f3n Esp\u00edrita\" \/>\n<meta property=\"article:publisher\" content=\"https:\/\/www.facebook.com\/groups\/3431398063740829\" \/>\n<meta property=\"article:modified_time\" content=\"2025-10-20T07:49:32+00:00\" \/>\n<meta property=\"og:image\" content=\"https:\/\/nuevo-renacer.com\/wp-content\/uploads\/2025\/10\/Cecilia-Rocha.webp\" \/>\n\t<meta property=\"og:image:width\" content=\"417\" \/>\n\t<meta property=\"og:image:height\" content=\"400\" \/>\n\t<meta property=\"og:image:type\" content=\"image\/webp\" \/>\n<meta name=\"twitter:card\" content=\"summary_large_image\" \/>\n<meta name=\"twitter:label1\" content=\"Tempo di lettura stimato\" \/>\n\t<meta name=\"twitter:data1\" content=\"10 minuti\" \/>\n<script type=\"application\/ld+json\" class=\"yoast-schema-graph\">{\"@context\":\"https:\/\/schema.org\",\"@graph\":[{\"@type\":\"WebPage\",\"@id\":\"https:\/\/nuevo-renacer.com\/cecilia-rocha\/\",\"url\":\"https:\/\/nuevo-renacer.com\/cecilia-rocha\/\",\"name\":\"Cec\u00edlia Rocha - Uni\u00f3n Esp\u00edrita\",\"isPartOf\":{\"@id\":\"https:\/\/nuevo-renacer.com\/#website\"},\"primaryImageOfPage\":{\"@id\":\"https:\/\/nuevo-renacer.com\/cecilia-rocha\/#primaryimage\"},\"image\":{\"@id\":\"https:\/\/nuevo-renacer.com\/cecilia-rocha\/#primaryimage\"},\"thumbnailUrl\":\"https:\/\/nuevo-renacer.com\/wp-content\/uploads\/2025\/10\/Cecilia-Rocha.webp\",\"datePublished\":\"2025-10-20T07:49:29+00:00\",\"dateModified\":\"2025-10-20T07:49:32+00:00\",\"breadcrumb\":{\"@id\":\"https:\/\/nuevo-renacer.com\/cecilia-rocha\/#breadcrumb\"},\"inLanguage\":\"it-IT\",\"potentialAction\":[{\"@type\":\"ReadAction\",\"target\":[\"https:\/\/nuevo-renacer.com\/cecilia-rocha\/\"]}]},{\"@type\":\"ImageObject\",\"inLanguage\":\"it-IT\",\"@id\":\"https:\/\/nuevo-renacer.com\/cecilia-rocha\/#primaryimage\",\"url\":\"https:\/\/nuevo-renacer.com\/wp-content\/uploads\/2025\/10\/Cecilia-Rocha.webp\",\"contentUrl\":\"https:\/\/nuevo-renacer.com\/wp-content\/uploads\/2025\/10\/Cecilia-Rocha.webp\"},{\"@type\":\"BreadcrumbList\",\"@id\":\"https:\/\/nuevo-renacer.com\/cecilia-rocha\/#breadcrumb\",\"itemListElement\":[{\"@type\":\"ListItem\",\"position\":1,\"name\":\"Startseite\",\"item\":\"https:\/\/nuevo-renacer.com\/\"},{\"@type\":\"ListItem\",\"position\":2,\"name\":\"Cec\u00edlia Rocha\"}]},{\"@type\":\"WebSite\",\"@id\":\"https:\/\/nuevo-renacer.com\/#website\",\"url\":\"https:\/\/nuevo-renacer.com\/\",\"name\":\"Uni\u00f3n Esp\u00edrita\",\"description\":\"Nuevo Renacer\",\"publisher\":{\"@id\":\"https:\/\/nuevo-renacer.com\/#organization\"},\"potentialAction\":[{\"@type\":\"SearchAction\",\"target\":{\"@type\":\"EntryPoint\",\"urlTemplate\":\"https:\/\/nuevo-renacer.com\/?s={search_term_string}\"},\"query-input\":{\"@type\":\"PropertyValueSpecification\",\"valueRequired\":true,\"valueName\":\"search_term_string\"}}],\"inLanguage\":\"it-IT\"},{\"@type\":\"Organization\",\"@id\":\"https:\/\/nuevo-renacer.com\/#organization\",\"name\":\"UFEC\",\"url\":\"https:\/\/nuevo-renacer.com\/\",\"logo\":{\"@type\":\"ImageObject\",\"inLanguage\":\"it-IT\",\"@id\":\"https:\/\/nuevo-renacer.com\/#\/schema\/logo\/image\/\",\"url\":\"https:\/\/nuevo-renacer.com\/wp-content\/uploads\/2024\/05\/cropped-LOGO-TERMINADO1-3-3.png\",\"contentUrl\":\"https:\/\/nuevo-renacer.com\/wp-content\/uploads\/2024\/05\/cropped-LOGO-TERMINADO1-3-3.png\",\"width\":512,\"height\":512,\"caption\":\"UFEC\"},\"image\":{\"@id\":\"https:\/\/nuevo-renacer.com\/#\/schema\/logo\/image\/\"},\"sameAs\":[\"https:\/\/www.facebook.com\/groups\/3431398063740829\"]}]}<\/script>\n<!-- \/ Yoast SEO Premium plugin. -->","yoast_head_json":{"title":"Cec\u00edlia Rocha - Uni\u00f3n Esp\u00edrita","robots":{"index":"index","follow":"follow","max-snippet":"max-snippet:-1","max-image-preview":"max-image-preview:large","max-video-preview":"max-video-preview:-1"},"canonical":"https:\/\/nuevo-renacer.com\/it\/cecilia-rocha\/","og_locale":"it_IT","og_type":"article","og_title":"Cec\u00edlia Rocha","og_description":"Cec\u00edlia Rocha Cec\u00edlia Rocha naci\u00f3 en Porto Alegre (Rio Grande do Sul) el 21 de mayo de 1919, un a\u00f1o despu\u00e9s del armisticio de la Primera Guerra Mundial, con una misi\u00f3n de luz. Hija de Jos\u00e9 Rocha y Carmem Rocha. \u00c9l, minero de Sete Lagoas y ella, gaucha de la ciudad de Jaguar\u00e3o. Su padre [&hellip;]","og_url":"https:\/\/nuevo-renacer.com\/it\/cecilia-rocha\/","og_site_name":"Uni\u00f3n Esp\u00edrita","article_publisher":"https:\/\/www.facebook.com\/groups\/3431398063740829","article_modified_time":"2025-10-20T07:49:32+00:00","og_image":[{"width":417,"height":400,"url":"https:\/\/nuevo-renacer.com\/wp-content\/uploads\/2025\/10\/Cecilia-Rocha.webp","type":"image\/webp"}],"twitter_card":"summary_large_image","twitter_misc":{"Tempo di lettura stimato":"10 minuti"},"schema":{"@context":"https:\/\/schema.org","@graph":[{"@type":"WebPage","@id":"https:\/\/nuevo-renacer.com\/cecilia-rocha\/","url":"https:\/\/nuevo-renacer.com\/cecilia-rocha\/","name":"Cec\u00edlia Rocha - Uni\u00f3n Esp\u00edrita","isPartOf":{"@id":"https:\/\/nuevo-renacer.com\/#website"},"primaryImageOfPage":{"@id":"https:\/\/nuevo-renacer.com\/cecilia-rocha\/#primaryimage"},"image":{"@id":"https:\/\/nuevo-renacer.com\/cecilia-rocha\/#primaryimage"},"thumbnailUrl":"https:\/\/nuevo-renacer.com\/wp-content\/uploads\/2025\/10\/Cecilia-Rocha.webp","datePublished":"2025-10-20T07:49:29+00:00","dateModified":"2025-10-20T07:49:32+00:00","breadcrumb":{"@id":"https:\/\/nuevo-renacer.com\/cecilia-rocha\/#breadcrumb"},"inLanguage":"it-IT","potentialAction":[{"@type":"ReadAction","target":["https:\/\/nuevo-renacer.com\/cecilia-rocha\/"]}]},{"@type":"ImageObject","inLanguage":"it-IT","@id":"https:\/\/nuevo-renacer.com\/cecilia-rocha\/#primaryimage","url":"https:\/\/nuevo-renacer.com\/wp-content\/uploads\/2025\/10\/Cecilia-Rocha.webp","contentUrl":"https:\/\/nuevo-renacer.com\/wp-content\/uploads\/2025\/10\/Cecilia-Rocha.webp"},{"@type":"BreadcrumbList","@id":"https:\/\/nuevo-renacer.com\/cecilia-rocha\/#breadcrumb","itemListElement":[{"@type":"ListItem","position":1,"name":"Startseite","item":"https:\/\/nuevo-renacer.com\/"},{"@type":"ListItem","position":2,"name":"Cec\u00edlia Rocha"}]},{"@type":"WebSite","@id":"https:\/\/nuevo-renacer.com\/#website","url":"https:\/\/nuevo-renacer.com\/","name":"Uni\u00f3n Esp\u00edrita","description":"Nuevo Renacer","publisher":{"@id":"https:\/\/nuevo-renacer.com\/#organization"},"potentialAction":[{"@type":"SearchAction","target":{"@type":"EntryPoint","urlTemplate":"https:\/\/nuevo-renacer.com\/?s={search_term_string}"},"query-input":{"@type":"PropertyValueSpecification","valueRequired":true,"valueName":"search_term_string"}}],"inLanguage":"it-IT"},{"@type":"Organization","@id":"https:\/\/nuevo-renacer.com\/#organization","name":"UFEC","url":"https:\/\/nuevo-renacer.com\/","logo":{"@type":"ImageObject","inLanguage":"it-IT","@id":"https:\/\/nuevo-renacer.com\/#\/schema\/logo\/image\/","url":"https:\/\/nuevo-renacer.com\/wp-content\/uploads\/2024\/05\/cropped-LOGO-TERMINADO1-3-3.png","contentUrl":"https:\/\/nuevo-renacer.com\/wp-content\/uploads\/2024\/05\/cropped-LOGO-TERMINADO1-3-3.png","width":512,"height":512,"caption":"UFEC"},"image":{"@id":"https:\/\/nuevo-renacer.com\/#\/schema\/logo\/image\/"},"sameAs":["https:\/\/www.facebook.com\/groups\/3431398063740829"]}]}},"uagb_featured_image_src":{"full":false,"thumbnail":false,"medium":false,"medium_large":false,"large":false,"1536x1536":false,"2048x2048":false,"trp-custom-language-flag":false},"uagb_author_info":{"display_name":"adbv0","author_link":"https:\/\/nuevo-renacer.com\/it\/author\/adbv0\/"},"uagb_comment_info":0,"uagb_excerpt":"Cec\u00edlia Rocha Cec\u00edlia Rocha naci\u00f3 en Porto Alegre (Rio Grande do Sul) el 21 de mayo de 1919, un a\u00f1o despu\u00e9s del armisticio de la Primera Guerra Mundial, con una misi\u00f3n de luz. Hija de Jos\u00e9 Rocha y Carmem Rocha. \u00c9l, minero de Sete Lagoas y ella, gaucha de la ciudad de Jaguar\u00e3o. Su padre&hellip;","jetpack_sharing_enabled":true,"_links":{"self":[{"href":"https:\/\/nuevo-renacer.com\/it\/wp-json\/wp\/v2\/pages\/8552","targetHints":{"allow":["GET"]}}],"collection":[{"href":"https:\/\/nuevo-renacer.com\/it\/wp-json\/wp\/v2\/pages"}],"about":[{"href":"https:\/\/nuevo-renacer.com\/it\/wp-json\/wp\/v2\/types\/page"}],"author":[{"embeddable":true,"href":"https:\/\/nuevo-renacer.com\/it\/wp-json\/wp\/v2\/users\/1"}],"replies":[{"embeddable":true,"href":"https:\/\/nuevo-renacer.com\/it\/wp-json\/wp\/v2\/comments?post=8552"}],"version-history":[{"count":1,"href":"https:\/\/nuevo-renacer.com\/it\/wp-json\/wp\/v2\/pages\/8552\/revisions"}],"predecessor-version":[{"id":8554,"href":"https:\/\/nuevo-renacer.com\/it\/wp-json\/wp\/v2\/pages\/8552\/revisions\/8554"}],"wp:attachment":[{"href":"https:\/\/nuevo-renacer.com\/it\/wp-json\/wp\/v2\/media?parent=8552"}],"curies":[{"name":"wp","href":"https:\/\/api.w.org\/{rel}","templated":true}]}}