{"id":8510,"date":"2025-09-10T10:44:34","date_gmt":"2025-09-10T10:44:34","guid":{"rendered":"https:\/\/nuevo-renacer.com\/?page_id=8510"},"modified":"2025-09-10T11:05:27","modified_gmt":"2025-09-10T11:05:27","slug":"osorio-de-moraes","status":"publish","type":"page","link":"https:\/\/nuevo-renacer.com\/it\/osorio-de-moraes\/","title":{"rendered":"Osorio de Moraes"},"content":{"rendered":"<div class=\"wp-block-uagb-container uagb-block-ba7e5446 alignfull uagb-is-root-container\"><div class=\"uagb-container-inner-blocks-wrap\">\n<p class=\"has-black-color has-text-color has-link-color has-medium-font-size wp-elements-9938e467d7ff94a3f92fb72cde501295\"><strong>Osorio de Moraes<\/strong><\/p>\n<\/div><\/div>\n\n\n\n<div class=\"wp-block-uagb-container uagb-block-920566c7 alignfull uagb-is-root-container\"><div class=\"uagb-container-inner-blocks-wrap\">\n<figure class=\"wp-block-image alignleft size-full is-resized\"><img fetchpriority=\"high\" decoding=\"async\" width=\"500\" height=\"474\" src=\"https:\/\/nuevo-renacer.com\/wp-content\/uploads\/2025\/09\/Osorio-de-Moraes-1.jpg\" alt=\"\" class=\"wp-image-8514\" style=\"width:273px;height:auto\" srcset=\"https:\/\/nuevo-renacer.com\/wp-content\/uploads\/2025\/09\/Osorio-de-Moraes-1.jpg 500w, https:\/\/nuevo-renacer.com\/wp-content\/uploads\/2025\/09\/Osorio-de-Moraes-1-300x284.jpg 300w, https:\/\/nuevo-renacer.com\/wp-content\/uploads\/2025\/09\/Osorio-de-Moraes-1-13x12.jpg 13w\" sizes=\"(max-width: 500px) 100vw, 500px\" \/><\/figure>\n<\/div><\/div>\n\n\n\n<div class=\"wp-block-uagb-container uagb-block-d0492018 alignfull uagb-is-root-container\"><div class=\"uagb-container-inner-blocks-wrap\">\n<p class=\"has-black-color has-text-color has-link-color has-small-font-size wp-elements-6dd212a2a14d561552e7c1761748f952\">Osorio de Moraes \u00e8 nato nella piccola citt\u00e0 mineraria di Bagagem (attualmente Estrela do Sul), il 21 dicembre, 1886. Il figlio pi\u00f9 giovane di Irineu Osorio de Moraes e Ana Virg\u00ednia de Moraes, era orfano di padre, con solo un anno di et\u00e0. La tragica morte di suo padre, un mercante itinerante, che si \u00e8 verificato nello stato del Mato Grosso, ha lasciato la famiglia senza risorse. L&#039;aiuto \u00e8 stato fornito dalla nonna materna, che la prese nella sua casa di sua figlia di una vedova e i suoi tre nipoti: Felisminda, Elias e Osorio. I bambini sono stati affidati ad una tata Giovanna, nata da una madre schiava, estremamente dedicato, e che divenne per loro &#034;la madre nera cari&#034;. Una mattina, rivela di Osorio nel libretto autobiografico Frammenti di un&#039;Anima, Joana rose, dicendo: &#034;L&#039;anima di Irineu esso mi \u00e8 apparso questa notte. L&#039;ho visto per come la vedo io si.&#034; (...) \u00c8 venuto da me e mi disse: &#034;Giovanna, mi aiutano a crescere i miei figli...&#034;.<\/p>\n\n\n\n<p class=\"has-black-color has-text-color has-link-color has-small-font-size wp-elements-12342e17e9d09f564d35b1ed95103eb7\">Os\u00f3rio finito la scuola primaria nella scuola pubblica. All&#039;et\u00e0 di 15 anni, dopo aver preso lezioni private di portoghese e matematica, divenne insegnante dei figli del proprietario del pi\u00f9 importante della regione, esercizio dopo, nella stessa professione in un altro podere. Qualche tempo dopo, il Signor Placido de Paiva, che ha dovuto lasciare la citt\u00e0 per pi\u00f9 di due settimane, lo ha invitato pi\u00f9 volte ad assumere la gestione della vostra casa d&#039;affari. Il compito di chi ha rotto con rara efficienza, durata pi\u00f9 di quattro mesi, che ha portato il giovane Os\u00f3rio per scoprire la sua innata vocazione per il commercio. Ha lavorato come impiegato contabile presso altre case, commerciale, diventando un partner di uno di loro, all&#039;et\u00e0 di 17 anni. Era l&#039;azienda &#034;Santi &amp; Moraes&#034;, che \u00e8 stato sciolto due anni dopo, con buone prestazioni diviso tra i due partner.<\/p>\n\n\n\n<p class=\"has-black-color has-text-color has-link-color has-small-font-size wp-elements-f633b9fdb52f99411689234a815f9eac\">Nel 1908, all&#039;et\u00e0 di 22 anni, grazie al prestigio acquisito dalla sua rettitudine del carattere, \u00e8 stato eletto consigliere comunale nel suo paese. Sposato, 5 giugno 1911, con Maria Lu\u00edza de Santana, ha chiesto al padre Marcelo, vicario di Estrela do Sul, che dispensara della confessione, il sacerdote concordato, dopo aver ascoltato le loro argomentazioni. Quello stesso anno si trasferisce a Coromandel, dove, in collaborazione con suo padre-in-law, divenne parte del trading house di questo in una farmacia, dove hanno fondato l&#039;azienda &#034;Os\u00f3rio &amp; Cia.&#034;, l&#039;espansione ha portato alla creazione di cinque filiali nelle citt\u00e0 e nelle citt\u00e0 limitrofe.<\/p>\n\n\n\n<p class=\"has-black-color has-text-color has-link-color has-small-font-size wp-elements-9baeb6f0cc40dcc12bbcc1689d283bbf\">La carriera politica che aveva iniziato nella sua citt\u00e0 natale, ha proseguito nel Coromandel, allora distretto Patroc\u00ednio, dove nel 1920 fu eletto consigliere comunale, e venne ad occupare la presidenza della Municipale Camera, due anni pi\u00f9 tardi. Durante il suo mandato, \u00e8 riuscito a sollevare Coromandel per la categoria comune. Leader nato, dinamico e intraprendente, ha promosso la creazione di scuole e la costruzione del carcere, la centrale idroelettrica e l&#039;edificio del Consiglio del comune di nuova emancipata. Anche con la sua iniziativa costruita la strada di collegamento tra Coromandel con il Monte Carmelo. La scuola ha costruito nel Coromandel \u00e8 andato a portare il suo nome, al solo tributo di riconoscenza da parte della popolazione della citt\u00e0. Quello stesso anno, 1922, ha portato la prima automobile a regione e stato, su invito del suo amico e amico Joaquim Henriques Cardoso, la societ\u00e0 &#034;Cardoso &amp; Moraes&#034;, dedicata ai prodotti farmaceutici, che, nel 1929, dopo le dimissioni del suo compagno, che aveva comprato una fattoria di caff\u00e8 e voleva una laurea in Medicina, ha continuato a essere interamente nelle vostre mani, con il nome di &#034;Laborat\u00f3rio Osorio de Moraes&#034;.<\/p>\n\n\n\n<p class=\"has-black-color has-text-color has-link-color has-small-font-size wp-elements-f79f1c59996eb48238dad735ee4680ba\">Per aver partecipato attivamente alla Rivoluzione del 1930, il governatore Oleg\u00e1rio Maciel ha convinto ad accettare, anche se a malincuore, per la nomina alla carica di sindaco di Coromandel. Il 21 novembre 1932, preoccupati per l&#039;educazione dei loro figli, e data la necessit\u00e0 di espandere il business della piccola e promettente industria farmaceutica, ha deciso di trasferirsi a Belo Horizonte, lasciando definitivamente la vita politica. Nel capitale di Minas Gerais, acquisisce la propriet\u00e0 sulla strada Muria\u00e9, 92, dove ha avviato l&#039;attivit\u00e0 industriale e la propria residenza.<\/p>\n\n\n\n<p class=\"has-black-color has-text-color has-link-color has-medium-font-size wp-elements-c6b9ffe31b3748ead5b13a0f07990afc\"><strong>Il contatto con lo Spiritismo<\/strong><\/p>\n\n\n\n<p class=\"has-black-color has-text-color has-link-color has-small-font-size wp-elements-2888b32af7e1e5385dfed2382d025c58\">Nel pomeriggio del 4 aprile 1936, si verificano fenomeni medi\u00famnicos di insolito nel vostro residence. Cubi, mattoni e vari oggetti sono stati gettati in un interno di una casa, causando il panico a sua moglie e i loro dieci figli: Stela, M\u00e1rio, Irineu, P\u00e9rola, Walda, Vanda, Osorio, Roberto, Elena e Gl\u00e1ucia, come riportato per evidenziare la sera poi Di\u00e1rio da Tarde.<\/p>\n\n\n\n<p class=\"has-black-color has-text-color has-link-color has-small-font-size wp-elements-dab365ca98a0c69d30f4dbc314e386b4\">Il giorno successivo, domenica, a 1 ora, Osorio, che era gi\u00e0 un sostenitore di spiritualismo, \u00e8 indirizzato all&#039;Unione Spiritica Mineira, in cerca di aiuto. Di essere ricevuti da il presidente Rodrigo Agnelo Antunes, che, accompagnato da alcuni amici, tra di loro, il medium veggente Geraldo Ben\u00edcio Rocha, celebrata lo stesso giorno un incontro presso la residenza di Os\u00f3rio, dove \u00e8 chiarito che i fenomeni sono prodotti con l&#039;intermediazione della ragazza Cenira, 10 anni, benvenuto in quella casa. Fenomeni di trasporto cessato con il ritiro di Cenira a casa di Laudemiro Alves Ferreira e, successivamente, per la Geraldo Rocha, Oscar Coelho dos Santos e altri spiritualisti, infine trasportato da Leopoldo Machado a Nova Igua\u00e7u, dove si \u00e8 sottoposta a un trattamento di desobsesi\u00f3n.<\/p>\n\n\n\n<p class=\"has-black-color has-text-color has-link-color has-small-font-size wp-elements-36470552500b46a093dff09406a3a18d\">Dopo questo &#034;risveglio&#034;, di Osorio acquistato tutti i libri di Allan Kardec per il loro studio. A frequentare assiduamente l&#039;Unione Spiritica Mineira, ha cominciato a dissipare i vostri dubbi, raccogliendo la saggezza del professore C\u00edcero Pereira profondi insegnamenti del Vangelo di Ges\u00f9. E &#039; stato anche nell&#039;Unione Spiritica Mineira, quindi, situato in strada di Curitiba, 626, dove ha incontrato Alencar Braga, Leonardo Baumgratz, Rubens Romanelli, Noraldino de Mello Castro, Oscar Coelho dos Santos, Francisco C\u00e2ndido Xavier, Luiz Ziviani, Salvatore Schembri e altri amici. All&#039;inizio del 1937, ha cercato di riunire i partner per creare un supporto istituzione per i bambini meno fortunati.<\/p>\n\n\n\n<p class=\"has-black-color has-text-color has-link-color has-small-font-size wp-elements-774b874e9122220228ad01896d63a54d\">Era l &#039; &#034;embrione&#034; del Mantello di Ges\u00f9, che \u00e8 stato ufficialmente creato il 25 luglio 1937, e la cui sede \u00e8 stata inaugurata il 31 marzo 1946. Osorio de Moraes, che nella fondazione dell&#039;assemblea \u00e8 stato eletto il secondo tesoriere, \u00e8 stato eletto all&#039;unanimit\u00e0, il seguente comando, grazie alla loro simpatia, bravura, competenza e spirito di leadership, ad occupare la carica di presidente, che avrebbe premuto per 30 anni successivi nuove elezioni. Per dedicato &#034;anima e corpo&#034; al Riparo di Ges\u00f9, il &#034;pap\u00e0 di Osorio&#034;, come chiamano i bambini al riparo l\u00ec, ha affidato la gestione del laboratorio farmaceutico vostri bambini M\u00e1rio e Irineu. Scrive nell&#039;opuscolo citato: &#034;Nella mia vita ho avuto due fasi, in cui mi sono dedicato anima e corpo a questioni di interesse pubblico: la prima, come un politico in Coromandel, dove ho vissuto per 21 anni, obsesion\u00e1ndome dagli affari di quel paese; nella seconda, con il Mantello di Ges\u00f9, ci \u00e8 venuto anche a me la stessa passione, il donarmi completamente a i misteri dell&#039;istituzione, (...) avvolto in una dolce estasi di fascino e tenerezza per i bambini&#034;.<\/p>\n\n\n\n<p class=\"has-black-color has-text-color has-link-color has-small-font-size wp-elements-281dc82a256978df925eb61a8b6d1495\">Dopo 52 anni di vita coniugale, in cui \u00e8 stato messo in evidenza i suoi punti di forza come marito e padre esemplare, la sua compagna Maria Lu\u00edza deceduto il 3 settembre 1963. In grado di sopportare la solitudine, che ha contratto un nuovo matrimonio, il 7 maggio 1966, con il Leonide Urbano Conde, una persona meravigliosa che si prese cura di lui fino alla sua morte. All&#039;et\u00e0 di 94 anni, Osorio de Morais \u00e8 morto a Belo Horizonte il 24 gennaio 1980, a coronamento dell&#039;esperienza reencarnatoria di questa vera cristiana, segnata dall&#039;amore per la famiglia e la devozione verso il prossimo.<\/p>\n<\/div><\/div>\n\n\n\n<div class=\"wp-block-uagb-container uagb-block-82a5ab20 alignfull uagb-is-root-container\"><div class=\"uagb-container-inner-blocks-wrap\"><\/div><\/div>\n\n\n\n<div class=\"wp-block-uagb-container uagb-block-d6ecd658 alignfull uagb-is-root-container\"><div class=\"uagb-container-inner-blocks-wrap\"><\/div><\/div>","protected":false},"excerpt":{"rendered":"<p>Os\u00f3rio de Moraes Os\u00f3rio de Moraes naci\u00f3 en la peque\u00f1a ciudad minera de Bagagem (actualmente Estrela do Sul) el 21 de diciembre de 1886. Hijo menor de Irineu Os\u00f3rio de Moraes y Ana Virg\u00ednia de Moraes, qued\u00f3 hu\u00e9rfano de padre con solo un a\u00f1o de edad. La tr\u00e1gica muerte de su padre, un comerciante ambulante, [&hellip;]<\/p>","protected":false},"author":1,"featured_media":0,"parent":0,"menu_order":0,"comment_status":"closed","ping_status":"closed","template":"","meta":{"_uag_custom_page_level_css":"","site-sidebar-layout":"default","site-content-layout":"","ast-site-content-layout":"default","site-content-style":"default","site-sidebar-style":"default","ast-global-header-display":"","ast-banner-title-visibility":"","ast-main-header-display":"","ast-hfb-above-header-display":"","ast-hfb-below-header-display":"","ast-hfb-mobile-header-display":"","site-post-title":"disabled","ast-breadcrumbs-content":"","ast-featured-img":"","footer-sml-layout":"","theme-transparent-header-meta":"","adv-header-id-meta":"","stick-header-meta":"","header-above-stick-meta":"","header-main-stick-meta":"","header-below-stick-meta":"","astra-migrate-meta-layouts":"set","ast-page-background-enabled":"default","ast-page-background-meta":{"desktop":{"background-color":"var(--ast-global-color-4)","background-image":"","background-repeat":"repeat","background-position":"center center","background-size":"auto","background-attachment":"scroll","background-type":"","background-media":"","overlay-type":"","overlay-color":"","overlay-opacity":"","overlay-gradient":""},"tablet":{"background-color":"","background-image":"","background-repeat":"repeat","background-position":"center center","background-size":"auto","background-attachment":"scroll","background-type":"","background-media":"","overlay-type":"","overlay-color":"","overlay-opacity":"","overlay-gradient":""},"mobile":{"background-color":"","background-image":"","background-repeat":"repeat","background-position":"center center","background-size":"auto","background-attachment":"scroll","background-type":"","background-media":"","overlay-type":"","overlay-color":"","overlay-opacity":"","overlay-gradient":""}},"ast-content-background-meta":{"desktop":{"background-color":"var(--ast-global-color-5)","background-image":"","background-repeat":"repeat","background-position":"center center","background-size":"auto","background-attachment":"scroll","background-type":"","background-media":"","overlay-type":"","overlay-color":"","overlay-opacity":"","overlay-gradient":""},"tablet":{"background-color":"var(--ast-global-color-5)","background-image":"","background-repeat":"repeat","background-position":"center center","background-size":"auto","background-attachment":"scroll","background-type":"","background-media":"","overlay-type":"","overlay-color":"","overlay-opacity":"","overlay-gradient":""},"mobile":{"background-color":"var(--ast-global-color-5)","background-image":"","background-repeat":"repeat","background-position":"center center","background-size":"auto","background-attachment":"scroll","background-type":"","background-media":"","overlay-type":"","overlay-color":"","overlay-opacity":"","overlay-gradient":""}},"footnotes":""},"class_list":["post-8510","page","type-page","status-publish","hentry"],"yoast_head":"<!-- This site is optimized with the Yoast SEO Premium plugin v24.2 (Yoast SEO v24.6) - https:\/\/yoast.com\/wordpress\/plugins\/seo\/ -->\n<title>Os\u00f3rio de Moraes - Uni\u00f3n Esp\u00edrita<\/title>\n<meta name=\"robots\" content=\"index, follow, max-snippet:-1, max-image-preview:large, max-video-preview:-1\" \/>\n<link rel=\"canonical\" href=\"https:\/\/nuevo-renacer.com\/it\/osorio-de-moraes\/\" \/>\n<meta property=\"og:locale\" content=\"it_IT\" \/>\n<meta property=\"og:type\" content=\"article\" \/>\n<meta property=\"og:title\" content=\"Os\u00f3rio de Moraes\" \/>\n<meta property=\"og:description\" content=\"Os\u00f3rio de Moraes Os\u00f3rio de Moraes naci\u00f3 en la peque\u00f1a ciudad minera de Bagagem (actualmente Estrela do Sul) el 21 de diciembre de 1886. Hijo menor de Irineu Os\u00f3rio de Moraes y Ana Virg\u00ednia de Moraes, qued\u00f3 hu\u00e9rfano de padre con solo un a\u00f1o de edad. La tr\u00e1gica muerte de su padre, un comerciante ambulante, [&hellip;]\" \/>\n<meta property=\"og:url\" content=\"https:\/\/nuevo-renacer.com\/it\/osorio-de-moraes\/\" \/>\n<meta property=\"og:site_name\" content=\"Uni\u00f3n Esp\u00edrita\" \/>\n<meta property=\"article:publisher\" content=\"https:\/\/www.facebook.com\/groups\/3431398063740829\" \/>\n<meta property=\"article:modified_time\" content=\"2025-09-10T11:05:27+00:00\" \/>\n<meta property=\"og:image\" content=\"https:\/\/nuevo-renacer.com\/wp-content\/uploads\/2025\/09\/Osorio-de-Moraes-1.jpg\" \/>\n\t<meta property=\"og:image:width\" content=\"500\" \/>\n\t<meta property=\"og:image:height\" content=\"474\" \/>\n\t<meta property=\"og:image:type\" content=\"image\/jpeg\" \/>\n<meta name=\"twitter:card\" content=\"summary_large_image\" \/>\n<meta name=\"twitter:label1\" content=\"Tempo di lettura stimato\" \/>\n\t<meta name=\"twitter:data1\" content=\"8 minuti\" \/>\n<script type=\"application\/ld+json\" class=\"yoast-schema-graph\">{\"@context\":\"https:\/\/schema.org\",\"@graph\":[{\"@type\":\"WebPage\",\"@id\":\"https:\/\/nuevo-renacer.com\/osorio-de-moraes\/\",\"url\":\"https:\/\/nuevo-renacer.com\/osorio-de-moraes\/\",\"name\":\"Os\u00f3rio de Moraes - Uni\u00f3n Esp\u00edrita\",\"isPartOf\":{\"@id\":\"https:\/\/nuevo-renacer.com\/#website\"},\"primaryImageOfPage\":{\"@id\":\"https:\/\/nuevo-renacer.com\/osorio-de-moraes\/#primaryimage\"},\"image\":{\"@id\":\"https:\/\/nuevo-renacer.com\/osorio-de-moraes\/#primaryimage\"},\"thumbnailUrl\":\"https:\/\/nuevo-renacer.com\/wp-content\/uploads\/2025\/09\/Osorio-de-Moraes-1.jpg\",\"datePublished\":\"2025-09-10T10:44:34+00:00\",\"dateModified\":\"2025-09-10T11:05:27+00:00\",\"breadcrumb\":{\"@id\":\"https:\/\/nuevo-renacer.com\/osorio-de-moraes\/#breadcrumb\"},\"inLanguage\":\"it-IT\",\"potentialAction\":[{\"@type\":\"ReadAction\",\"target\":[\"https:\/\/nuevo-renacer.com\/osorio-de-moraes\/\"]}]},{\"@type\":\"ImageObject\",\"inLanguage\":\"it-IT\",\"@id\":\"https:\/\/nuevo-renacer.com\/osorio-de-moraes\/#primaryimage\",\"url\":\"https:\/\/nuevo-renacer.com\/wp-content\/uploads\/2025\/09\/Osorio-de-Moraes-1.jpg\",\"contentUrl\":\"https:\/\/nuevo-renacer.com\/wp-content\/uploads\/2025\/09\/Osorio-de-Moraes-1.jpg\"},{\"@type\":\"BreadcrumbList\",\"@id\":\"https:\/\/nuevo-renacer.com\/osorio-de-moraes\/#breadcrumb\",\"itemListElement\":[{\"@type\":\"ListItem\",\"position\":1,\"name\":\"Startseite\",\"item\":\"https:\/\/nuevo-renacer.com\/\"},{\"@type\":\"ListItem\",\"position\":2,\"name\":\"Os\u00f3rio de Moraes\"}]},{\"@type\":\"WebSite\",\"@id\":\"https:\/\/nuevo-renacer.com\/#website\",\"url\":\"https:\/\/nuevo-renacer.com\/\",\"name\":\"Uni\u00f3n Esp\u00edrita\",\"description\":\"Nuevo Renacer\",\"publisher\":{\"@id\":\"https:\/\/nuevo-renacer.com\/#organization\"},\"potentialAction\":[{\"@type\":\"SearchAction\",\"target\":{\"@type\":\"EntryPoint\",\"urlTemplate\":\"https:\/\/nuevo-renacer.com\/?s={search_term_string}\"},\"query-input\":{\"@type\":\"PropertyValueSpecification\",\"valueRequired\":true,\"valueName\":\"search_term_string\"}}],\"inLanguage\":\"it-IT\"},{\"@type\":\"Organization\",\"@id\":\"https:\/\/nuevo-renacer.com\/#organization\",\"name\":\"UFEC\",\"url\":\"https:\/\/nuevo-renacer.com\/\",\"logo\":{\"@type\":\"ImageObject\",\"inLanguage\":\"it-IT\",\"@id\":\"https:\/\/nuevo-renacer.com\/#\/schema\/logo\/image\/\",\"url\":\"https:\/\/nuevo-renacer.com\/wp-content\/uploads\/2024\/05\/cropped-LOGO-TERMINADO1-3-3.png\",\"contentUrl\":\"https:\/\/nuevo-renacer.com\/wp-content\/uploads\/2024\/05\/cropped-LOGO-TERMINADO1-3-3.png\",\"width\":512,\"height\":512,\"caption\":\"UFEC\"},\"image\":{\"@id\":\"https:\/\/nuevo-renacer.com\/#\/schema\/logo\/image\/\"},\"sameAs\":[\"https:\/\/www.facebook.com\/groups\/3431398063740829\"]}]}<\/script>\n<!-- \/ Yoast SEO Premium plugin. -->","yoast_head_json":{"title":"Os\u00f3rio de Moraes - Uni\u00f3n Esp\u00edrita","robots":{"index":"index","follow":"follow","max-snippet":"max-snippet:-1","max-image-preview":"max-image-preview:large","max-video-preview":"max-video-preview:-1"},"canonical":"https:\/\/nuevo-renacer.com\/it\/osorio-de-moraes\/","og_locale":"it_IT","og_type":"article","og_title":"Os\u00f3rio de Moraes","og_description":"Os\u00f3rio de Moraes Os\u00f3rio de Moraes naci\u00f3 en la peque\u00f1a ciudad minera de Bagagem (actualmente Estrela do Sul) el 21 de diciembre de 1886. Hijo menor de Irineu Os\u00f3rio de Moraes y Ana Virg\u00ednia de Moraes, qued\u00f3 hu\u00e9rfano de padre con solo un a\u00f1o de edad. La tr\u00e1gica muerte de su padre, un comerciante ambulante, [&hellip;]","og_url":"https:\/\/nuevo-renacer.com\/it\/osorio-de-moraes\/","og_site_name":"Uni\u00f3n Esp\u00edrita","article_publisher":"https:\/\/www.facebook.com\/groups\/3431398063740829","article_modified_time":"2025-09-10T11:05:27+00:00","og_image":[{"width":500,"height":474,"url":"https:\/\/nuevo-renacer.com\/wp-content\/uploads\/2025\/09\/Osorio-de-Moraes-1.jpg","type":"image\/jpeg"}],"twitter_card":"summary_large_image","twitter_misc":{"Tempo di lettura stimato":"8 minuti"},"schema":{"@context":"https:\/\/schema.org","@graph":[{"@type":"WebPage","@id":"https:\/\/nuevo-renacer.com\/osorio-de-moraes\/","url":"https:\/\/nuevo-renacer.com\/osorio-de-moraes\/","name":"Os\u00f3rio de Moraes - Uni\u00f3n Esp\u00edrita","isPartOf":{"@id":"https:\/\/nuevo-renacer.com\/#website"},"primaryImageOfPage":{"@id":"https:\/\/nuevo-renacer.com\/osorio-de-moraes\/#primaryimage"},"image":{"@id":"https:\/\/nuevo-renacer.com\/osorio-de-moraes\/#primaryimage"},"thumbnailUrl":"https:\/\/nuevo-renacer.com\/wp-content\/uploads\/2025\/09\/Osorio-de-Moraes-1.jpg","datePublished":"2025-09-10T10:44:34+00:00","dateModified":"2025-09-10T11:05:27+00:00","breadcrumb":{"@id":"https:\/\/nuevo-renacer.com\/osorio-de-moraes\/#breadcrumb"},"inLanguage":"it-IT","potentialAction":[{"@type":"ReadAction","target":["https:\/\/nuevo-renacer.com\/osorio-de-moraes\/"]}]},{"@type":"ImageObject","inLanguage":"it-IT","@id":"https:\/\/nuevo-renacer.com\/osorio-de-moraes\/#primaryimage","url":"https:\/\/nuevo-renacer.com\/wp-content\/uploads\/2025\/09\/Osorio-de-Moraes-1.jpg","contentUrl":"https:\/\/nuevo-renacer.com\/wp-content\/uploads\/2025\/09\/Osorio-de-Moraes-1.jpg"},{"@type":"BreadcrumbList","@id":"https:\/\/nuevo-renacer.com\/osorio-de-moraes\/#breadcrumb","itemListElement":[{"@type":"ListItem","position":1,"name":"Startseite","item":"https:\/\/nuevo-renacer.com\/"},{"@type":"ListItem","position":2,"name":"Os\u00f3rio de Moraes"}]},{"@type":"WebSite","@id":"https:\/\/nuevo-renacer.com\/#website","url":"https:\/\/nuevo-renacer.com\/","name":"Uni\u00f3n Esp\u00edrita","description":"Nuevo Renacer","publisher":{"@id":"https:\/\/nuevo-renacer.com\/#organization"},"potentialAction":[{"@type":"SearchAction","target":{"@type":"EntryPoint","urlTemplate":"https:\/\/nuevo-renacer.com\/?s={search_term_string}"},"query-input":{"@type":"PropertyValueSpecification","valueRequired":true,"valueName":"search_term_string"}}],"inLanguage":"it-IT"},{"@type":"Organization","@id":"https:\/\/nuevo-renacer.com\/#organization","name":"UFEC","url":"https:\/\/nuevo-renacer.com\/","logo":{"@type":"ImageObject","inLanguage":"it-IT","@id":"https:\/\/nuevo-renacer.com\/#\/schema\/logo\/image\/","url":"https:\/\/nuevo-renacer.com\/wp-content\/uploads\/2024\/05\/cropped-LOGO-TERMINADO1-3-3.png","contentUrl":"https:\/\/nuevo-renacer.com\/wp-content\/uploads\/2024\/05\/cropped-LOGO-TERMINADO1-3-3.png","width":512,"height":512,"caption":"UFEC"},"image":{"@id":"https:\/\/nuevo-renacer.com\/#\/schema\/logo\/image\/"},"sameAs":["https:\/\/www.facebook.com\/groups\/3431398063740829"]}]}},"uagb_featured_image_src":{"full":false,"thumbnail":false,"medium":false,"medium_large":false,"large":false,"1536x1536":false,"2048x2048":false,"trp-custom-language-flag":false},"uagb_author_info":{"display_name":"adbv0","author_link":"https:\/\/nuevo-renacer.com\/it\/author\/adbv0\/"},"uagb_comment_info":0,"uagb_excerpt":"Os\u00f3rio de Moraes Os\u00f3rio de Moraes naci\u00f3 en la peque\u00f1a ciudad minera de Bagagem (actualmente Estrela do Sul) el 21 de diciembre de 1886. Hijo menor de Irineu Os\u00f3rio de Moraes y Ana Virg\u00ednia de Moraes, qued\u00f3 hu\u00e9rfano de padre con solo un a\u00f1o de edad. La tr\u00e1gica muerte de su padre, un comerciante ambulante,&hellip;","jetpack_sharing_enabled":true,"_links":{"self":[{"href":"https:\/\/nuevo-renacer.com\/it\/wp-json\/wp\/v2\/pages\/8510","targetHints":{"allow":["GET"]}}],"collection":[{"href":"https:\/\/nuevo-renacer.com\/it\/wp-json\/wp\/v2\/pages"}],"about":[{"href":"https:\/\/nuevo-renacer.com\/it\/wp-json\/wp\/v2\/types\/page"}],"author":[{"embeddable":true,"href":"https:\/\/nuevo-renacer.com\/it\/wp-json\/wp\/v2\/users\/1"}],"replies":[{"embeddable":true,"href":"https:\/\/nuevo-renacer.com\/it\/wp-json\/wp\/v2\/comments?post=8510"}],"version-history":[{"count":2,"href":"https:\/\/nuevo-renacer.com\/it\/wp-json\/wp\/v2\/pages\/8510\/revisions"}],"predecessor-version":[{"id":8515,"href":"https:\/\/nuevo-renacer.com\/it\/wp-json\/wp\/v2\/pages\/8510\/revisions\/8515"}],"wp:attachment":[{"href":"https:\/\/nuevo-renacer.com\/it\/wp-json\/wp\/v2\/media?parent=8510"}],"curies":[{"name":"wp","href":"https:\/\/api.w.org\/{rel}","templated":true}]}}