{"id":8494,"date":"2025-09-03T11:31:56","date_gmt":"2025-09-03T11:31:56","guid":{"rendered":"https:\/\/nuevo-renacer.com\/?page_id=8494"},"modified":"2026-04-20T18:24:12","modified_gmt":"2026-04-20T18:24:12","slug":"angel-aguarod","status":"publish","type":"page","link":"https:\/\/nuevo-renacer.com\/it\/angel-aguarod\/","title":{"rendered":"Angel Aguarod"},"content":{"rendered":"<div class=\"wp-block-uagb-container uagb-block-26ee4975 alignfull uagb-is-root-container\"><div class=\"uagb-container-inner-blocks-wrap\">\n<p class=\"has-black-color has-text-color has-link-color has-medium-font-size wp-elements-2db2767166dbb4b6a8b68aff4bed48e2\"><strong>Angel Aguarod<\/strong><\/p>\n<\/div><\/div>\n\n\n\n<div class=\"wp-block-uagb-container uagb-block-a7995ffe alignfull uagb-is-root-container\"><div class=\"uagb-container-inner-blocks-wrap\">\n<figure class=\"wp-block-image alignleft size-full\"><img fetchpriority=\"high\" decoding=\"async\" width=\"192\" height=\"269\" src=\"https:\/\/nuevo-renacer.com\/wp-content\/uploads\/2026\/04\/Angel-Aguarod.jpg\" alt=\"\" class=\"wp-image-8871\" srcset=\"https:\/\/nuevo-renacer.com\/wp-content\/uploads\/2026\/04\/Angel-Aguarod.jpg 192w, https:\/\/nuevo-renacer.com\/wp-content\/uploads\/2026\/04\/Angel-Aguarod-9x12.jpg 9w\" sizes=\"(max-width: 192px) 100vw, 192px\" \/><\/figure>\n<\/div><\/div>\n\n\n\n<div class=\"wp-block-uagb-container uagb-block-a049139d alignfull uagb-is-root-container\"><div class=\"uagb-container-inner-blocks-wrap\">\n<p class=\"has-black-color has-text-color has-link-color has-small-font-size wp-elements-9ff07b844be691be262a6af5387d2822\">\u00c1ngel Aguarod nacque il 2 ottobre 1860 in una famiglia modesta nel villaggio di Ayerbe, nella provincia di Huesca, nel nord della Spagna, figlio di Don Juan Aguarod e Do\u00f1a Juana Torrero. Cresciuto in una famiglia cattolica, ricevette naturalmente un'educazione cattolica da suo zio materno, Don Pablo Torrero, sacerdote e parroco nel villaggio di Novales, nella stessa provincia di Huesca. Aveva undici anni quando lasci\u00f2 la sua provincia natale per stabilirsi nella popolosa e vivace Barcellona. In questa citt\u00e0 si svilupp\u00f2 il suo spirito progressista. Nella vivace capitale catalana si emancip\u00f2 dalla tutela cattolica. Le idee di libert\u00e0, uguaglianza e fratellanza penetrarono nella sua anima e ne presero possesso.<\/p>\n\n\n\n<p class=\"has-black-color has-text-color has-link-color has-small-font-size wp-elements-1efa8d11a636c74bde03468e0bb51d3f\">Provenendo da una famiglia modesta, dovette muovere i primi passi nella vita materiale in mezzo alla classe operaia. Come lavoratore, ader\u00ec al sindacato della sua classe e all'et\u00e0 di 17 anni era gi\u00e0 segretario generale e delegato del \u201cCentro Federativo de las Sociedades Obreras\u201d (Federazione delle societ\u00e0 operaie) di Barcellona. In quel periodo, nel 1877, nella capitale della Catalogna Dom Antonio Tudury y Pons diede vita a un movimento per l'istruzione laica, al quale egli ader\u00ec con entusiasmo e fond\u00f2 egli stesso una scuola, che diresse e mantenne fino al 1905, quando si stabil\u00ec in Argentina.<\/p>\n\n\n\n<p class=\"has-black-color has-text-color has-link-color has-small-font-size wp-elements-b6c7441027dc8659f5af81be44f7c58d\">Per dirigere e amministrare questa scuola, che prese il nome di S\u00f3crates, studi\u00f2 alla Escuela Normal de Barcelona e frequent\u00f2 corsi serali, poich\u00e9 durante il giorno doveva guadagnarsi da vivere per s\u00e9 e per la sua famiglia. Nel 1880 la sua mente inquieta inizi\u00f2 a interessarsi alla dottrina spiritista, alla quale si dedic\u00f2 completamente. Fece i suoi primi passi nel campo dello spiritismo presso \u201cLa Cosmopolita\u201d, una societ\u00e0 composta da elementi genuinamente razionalisti con tendenze liberali e universalistiche. Ben presto pass\u00f2 al \u201cCentro Barcelon\u00e9s de Estudios Psicol\u00f3gicos\u201d (Centro di Barcellona per gli studi psicologici), di cui fu uno dei fondatori, cos\u00ec come alla \u201cUni\u00f3n Espiritista Kardeciana\u201d (Unione Spiritista Kardeciana) e ai centri \u2018S\u00f3crates\u2019 e \u201cAmor y Ciencia\u201d (Socrate e Amore e Scienza), di cui fu presidente per diversi mandati con risultati eccellenti.<\/p>\n\n\n\n<p class=\"has-black-color has-text-color has-link-color has-small-font-size wp-elements-0dedf99412b3298f72eccd69e9f4fe25\">Si pu\u00f2 dire che fino al 1905, quando si trasfer\u00ec in Argentina, non ci fu evento festivo per la diffusione dello spiritismo in Spagna a cui non partecip\u00f2, in molti casi insieme ad Amalia Domingo Soler, Bel\u00e9n Serraga de Ferrero, il visconte Antonio Torres Solanot, il dottor Manuel Sanz Benito, Miguel Vives, Quint\u00edn L\u00f3pez G\u00f3mez, Fabi\u00e1n Palasi e molti altri pionieri del movimento spiritista spagnolo. Nel 1905 si stabil\u00ec nella Repubblica Argentina e poco dopo inizi\u00f2 a lavorare presso \u201cConstancia\u201d e \u201cLa Fraternidad\u201d. Poco dopo fond\u00f2 il \u201cCentro Amor y Ciencia\u201d (Centro per l'Amore e la Scienza) e la \u201cLiga Espiritista Kardeciana de Propaganda\u201d (Lega Spiritista Kardeciana di Propaganda), istituzioni di cui assunse la presidenza, e diresse anche la scuola domenicale che operava nel Centro Amor y Ciencia. Diresse anche la rivista originale El Espiritismo (Lo Spiritismo), che fond\u00f2 come organo ufficiale della Lega. Era uno degli oratori pi\u00f9 brillanti del gruppo organizzato da Constancia e si alternava sul palco con Cosme Mari\u00f1o, il dottor Ov\u00eddio Rebaudi, Francisco Durand e alcuni altri luminari dell'arte oratoria. Viaggi\u00f2 pi\u00f9 volte nell'entroterra argentino, tenendo conferenze e contribuendo alla fondazione di centri e societ\u00e0 spiritiche. Torn\u00f2 in Spagna e poco dopo si rec\u00f2 in Uruguay, dove rimase alcuni mesi, per poi stabilirsi in Paraguay, dove si dedic\u00f2 attivamente al lavoro di propaganda. L\u00ec, per\u00f2, il suo spirito sub\u00ec un duro colpo a causa della tragica morte del suo amato nipote, deceduto in un incidente stradale.<\/p>\n\n\n\n<p class=\"has-black-color has-text-color has-link-color has-small-font-size wp-elements-460640a777b0a3b761acca3a7dfc5e32\">Dopo un breve ritorno in patria, nel 1915 torn\u00f2 in Sudamerica, dove decise di stabilirsi a Porto Alegre. Una volta l\u00ec, si un\u00ec alla vita attiva dello spiritismo brasiliano, si impegn\u00f2 in varie societ\u00e0 e collabor\u00f2 alla rivista \u201cEternidade\u201d, organo delle societ\u00e0 \u201cDias da Cruz\u201d e \u201cAllan Kardec\u201d, di cui in seguito assunse la direzione fino alla sua ultima pubblicazione. Su questa rivista avvi\u00f2 un'intensa campagna per l'unione degli spiritisti del Rio Grande, che si concluse con successo con la fondazione della Federazione Spiritista del Rio Grande do Sul il 17 febbraio 1921, di cui fu presidente fino al 1927. Durante il suo mandato e anche dopo, intraprese numerosi viaggi di propaganda che portarono alla fondazione di nuove societ\u00e0 e centri di studio nell'entroterra. Nel 1921 fond\u00f2 a Porto Alegre il gruppo \u201cPaz\u201d e nel 1922 la societ\u00e0 \u201cPaz y Amor\u201d, di cui fu eletto presidente, carica che mantenne fino alla sua morte. Aguarod non fu attivo solo nel campo dello spiritismo, al quale dedic\u00f2 sempre il suo massimo entusiasmo, come membro dell'associazione.<\/p>\n\n\n\n<p class=\"has-black-color has-text-color has-link-color has-small-font-size wp-elements-f45ecefe64c43c20de46e98dad88c82c\">Il suo lavoro come pubblicista spiritista fu enorme. Fond\u00f2 e diresse giornali e riviste come \u201cEl Espiritismo\u201d dal 1905 al 1912 a Buenos Aires, \u201cNueva Era\u201d a Barcellona, \u201cLa Uni\u00f3n Espiritista\u201d, sempre a Barcellona, \u2018Fraternidad\u2019 ad Alcoy (Alicante) e \u201cLa Antorcha del Progreso\u201d a Badalona, \u201cEternidad\u201d e \u201cBolet\u00edn de la Federaci\u00f3n Espiritista de Rio Grande do Sul\u201d e collabor\u00f2 a molti altri, tra cui \u201cLuz y Uni\u00f3n\u201d, \u201cLa Luz del Porvenir\u201d a Barcellona, \u2018Constancia\u2019 e \u201cLa Fraternidad\u201d a Buenos Aires; \u201cReformador\u201d a Rio de Janeiro; \u201cEl Espiritismo\u201d e \u201cLuz y Vida\u201d, sempre di Buenos Aires; \u201cRosendo\u201d di Cuba, oltre a innumerevoli articoli che altre pubblicazioni europee e americane gli avevano richiesto e che lui inviava volentieri, senza mai ricevere alcun compenso per il suo lavoro, nonostante avesse guadagnato per tutta la vita il suo modesto sostentamento con lavori onesti e occupazioni, a volte come operaio, a volte come educatore. Chi avrebbe mai pensato, viste le sue numerose attivit\u00e0, che oltre ai suoi molteplici impegni quotidiani gli sarebbe rimasto del tempo per altri lavori? Eppure trov\u00f2 ancora il tempo di scrivere alcune opere per diffondere e far conoscere lo spiritismo, come \u201cLos Mensajes de Abuelo Pablo\u201d (I messaggi del nonno Pablo), \u201cOrientado hacia las Cambres\u201d (Orientato verso le camere), \u201cDel Maestro al Disc\u00edpulo\u201d (Dal maestro al discepolo), \u201cConfidencias Espirituales\u201d (Confidenze spirituali), \u201cGrandes y Peque\u00f1os Problemas a la Luz de la Nueva Revelaci\u00f3n\u201d (Grandi e piccoli problemi alla luce della nuova rivelazione) (in spagnolo), pubblicato in traduzione portoghese (1932) dalla FEB (Federazione Spiritista Brasiliana), \u201cVozes de Al\u00e9m-T\u00famulo\u201d (Voci dall'aldil\u00e0) (in portoghese), \u201cLa Verdad a los Nin\u00f5s\u201d (La verit\u00e0 ai bambini), opere alle quali attribuiva origine spirituale, poich\u00e9 Aguarod credeva di possedere una medianit\u00e0 intuitiva attraverso la quale gli erano state dettate. L'importante opera \u201cEl Serm\u00f3n de la Monta\u00f1a\u201d (Il discorso della montagna) rimase inedita.<\/p>\n\n\n\n<p class=\"has-black-color has-text-color has-link-color has-small-font-size wp-elements-e4f2bc798e3b7d02f8986ce03a0852db\">Il 13 novembre 1932, l'instancabile combattente per il movimento spiritista mor\u00ec all'et\u00e0 di 72 anni a Porto Alegre.<\/p>\n<\/div><\/div>\n\n\n\n<div class=\"wp-block-uagb-container uagb-block-d07b96c6 alignfull uagb-is-root-container\"><div class=\"uagb-container-inner-blocks-wrap\"><\/div><\/div>\n\n\n\n<div class=\"wp-block-uagb-container uagb-block-8b9751cf alignfull uagb-is-root-container\"><div class=\"uagb-container-inner-blocks-wrap\"><\/div><\/div>","protected":false},"excerpt":{"rendered":"<p>Angel Aguarod \u00c1ngel Aguarod vino al mundo en un humilde hogar, en el pueblo de Ayerbe, provincia de Huesca, al norte de Espa\u00f1a, el 2 de octubre de 1860, siendo sus padres Don Juan Aguarod y Do\u00f1a Juana Torrero. Nacido en un hogar cat\u00f3lico, su primera educaci\u00f3n fue, naturalmente, cat\u00f3lica, a cargo de su t\u00edo [&hellip;]<\/p>","protected":false},"author":1,"featured_media":0,"parent":0,"menu_order":0,"comment_status":"closed","ping_status":"closed","template":"","meta":{"_uag_custom_page_level_css":"","site-sidebar-layout":"default","site-content-layout":"","ast-site-content-layout":"default","site-content-style":"default","site-sidebar-style":"default","ast-global-header-display":"","ast-banner-title-visibility":"","ast-main-header-display":"","ast-hfb-above-header-display":"","ast-hfb-below-header-display":"","ast-hfb-mobile-header-display":"","site-post-title":"disabled","ast-breadcrumbs-content":"","ast-featured-img":"","footer-sml-layout":"","theme-transparent-header-meta":"","adv-header-id-meta":"","stick-header-meta":"","header-above-stick-meta":"","header-main-stick-meta":"","header-below-stick-meta":"","astra-migrate-meta-layouts":"set","ast-page-background-enabled":"default","ast-page-background-meta":{"desktop":{"background-color":"var(--ast-global-color-4)","background-image":"","background-repeat":"repeat","background-position":"center center","background-size":"auto","background-attachment":"scroll","background-type":"","background-media":"","overlay-type":"","overlay-color":"","overlay-opacity":"","overlay-gradient":""},"tablet":{"background-color":"","background-image":"","background-repeat":"repeat","background-position":"center center","background-size":"auto","background-attachment":"scroll","background-type":"","background-media":"","overlay-type":"","overlay-color":"","overlay-opacity":"","overlay-gradient":""},"mobile":{"background-color":"","background-image":"","background-repeat":"repeat","background-position":"center center","background-size":"auto","background-attachment":"scroll","background-type":"","background-media":"","overlay-type":"","overlay-color":"","overlay-opacity":"","overlay-gradient":""}},"ast-content-background-meta":{"desktop":{"background-color":"var(--ast-global-color-5)","background-image":"","background-repeat":"repeat","background-position":"center center","background-size":"auto","background-attachment":"scroll","background-type":"","background-media":"","overlay-type":"","overlay-color":"","overlay-opacity":"","overlay-gradient":""},"tablet":{"background-color":"var(--ast-global-color-5)","background-image":"","background-repeat":"repeat","background-position":"center center","background-size":"auto","background-attachment":"scroll","background-type":"","background-media":"","overlay-type":"","overlay-color":"","overlay-opacity":"","overlay-gradient":""},"mobile":{"background-color":"var(--ast-global-color-5)","background-image":"","background-repeat":"repeat","background-position":"center center","background-size":"auto","background-attachment":"scroll","background-type":"","background-media":"","overlay-type":"","overlay-color":"","overlay-opacity":"","overlay-gradient":""}},"footnotes":""},"class_list":["post-8494","page","type-page","status-publish","hentry"],"yoast_head":"<!-- This site is optimized with the Yoast SEO Premium plugin v24.2 (Yoast SEO v24.6) - https:\/\/yoast.com\/wordpress\/plugins\/seo\/ -->\n<title>Angel Aguarod - Uni\u00f3n Esp\u00edrita<\/title>\n<meta name=\"robots\" content=\"index, follow, max-snippet:-1, max-image-preview:large, max-video-preview:-1\" \/>\n<link rel=\"canonical\" href=\"https:\/\/nuevo-renacer.com\/it\/angel-aguarod\/\" \/>\n<meta property=\"og:locale\" content=\"it_IT\" \/>\n<meta property=\"og:type\" content=\"article\" \/>\n<meta property=\"og:title\" content=\"Angel Aguarod\" \/>\n<meta property=\"og:description\" content=\"Angel Aguarod \u00c1ngel Aguarod vino al mundo en un humilde hogar, en el pueblo de Ayerbe, provincia de Huesca, al norte de Espa\u00f1a, el 2 de octubre de 1860, siendo sus padres Don Juan Aguarod y Do\u00f1a Juana Torrero. Nacido en un hogar cat\u00f3lico, su primera educaci\u00f3n fue, naturalmente, cat\u00f3lica, a cargo de su t\u00edo [&hellip;]\" \/>\n<meta property=\"og:url\" content=\"https:\/\/nuevo-renacer.com\/it\/angel-aguarod\/\" \/>\n<meta property=\"og:site_name\" content=\"Uni\u00f3n Esp\u00edrita\" \/>\n<meta property=\"article:publisher\" content=\"https:\/\/www.facebook.com\/groups\/3431398063740829\" \/>\n<meta property=\"article:modified_time\" content=\"2026-04-20T18:24:12+00:00\" \/>\n<meta property=\"og:image\" content=\"https:\/\/nuevo-renacer.com\/wp-content\/uploads\/2026\/04\/Angel-Aguarod.jpg\" \/>\n\t<meta property=\"og:image:width\" content=\"192\" \/>\n\t<meta property=\"og:image:height\" content=\"269\" \/>\n\t<meta property=\"og:image:type\" content=\"image\/jpeg\" \/>\n<meta name=\"twitter:card\" content=\"summary_large_image\" \/>\n<meta name=\"twitter:label1\" content=\"Tempo di lettura stimato\" \/>\n\t<meta name=\"twitter:data1\" content=\"7 minuti\" \/>\n<script type=\"application\/ld+json\" class=\"yoast-schema-graph\">{\"@context\":\"https:\/\/schema.org\",\"@graph\":[{\"@type\":\"WebPage\",\"@id\":\"https:\/\/nuevo-renacer.com\/angel-aguarod\/\",\"url\":\"https:\/\/nuevo-renacer.com\/angel-aguarod\/\",\"name\":\"Angel Aguarod - Uni\u00f3n Esp\u00edrita\",\"isPartOf\":{\"@id\":\"https:\/\/nuevo-renacer.com\/#website\"},\"primaryImageOfPage\":{\"@id\":\"https:\/\/nuevo-renacer.com\/angel-aguarod\/#primaryimage\"},\"image\":{\"@id\":\"https:\/\/nuevo-renacer.com\/angel-aguarod\/#primaryimage\"},\"thumbnailUrl\":\"https:\/\/nuevo-renacer.com\/wp-content\/uploads\/2026\/04\/Angel-Aguarod.jpg\",\"datePublished\":\"2025-09-03T11:31:56+00:00\",\"dateModified\":\"2026-04-20T18:24:12+00:00\",\"breadcrumb\":{\"@id\":\"https:\/\/nuevo-renacer.com\/angel-aguarod\/#breadcrumb\"},\"inLanguage\":\"it-IT\",\"potentialAction\":[{\"@type\":\"ReadAction\",\"target\":[\"https:\/\/nuevo-renacer.com\/angel-aguarod\/\"]}]},{\"@type\":\"ImageObject\",\"inLanguage\":\"it-IT\",\"@id\":\"https:\/\/nuevo-renacer.com\/angel-aguarod\/#primaryimage\",\"url\":\"https:\/\/nuevo-renacer.com\/wp-content\/uploads\/2026\/04\/Angel-Aguarod.jpg\",\"contentUrl\":\"https:\/\/nuevo-renacer.com\/wp-content\/uploads\/2026\/04\/Angel-Aguarod.jpg\"},{\"@type\":\"BreadcrumbList\",\"@id\":\"https:\/\/nuevo-renacer.com\/angel-aguarod\/#breadcrumb\",\"itemListElement\":[{\"@type\":\"ListItem\",\"position\":1,\"name\":\"Startseite\",\"item\":\"https:\/\/nuevo-renacer.com\/\"},{\"@type\":\"ListItem\",\"position\":2,\"name\":\"Angel Aguarod\"}]},{\"@type\":\"WebSite\",\"@id\":\"https:\/\/nuevo-renacer.com\/#website\",\"url\":\"https:\/\/nuevo-renacer.com\/\",\"name\":\"Uni\u00f3n Esp\u00edrita\",\"description\":\"Nuevo Renacer\",\"publisher\":{\"@id\":\"https:\/\/nuevo-renacer.com\/#organization\"},\"potentialAction\":[{\"@type\":\"SearchAction\",\"target\":{\"@type\":\"EntryPoint\",\"urlTemplate\":\"https:\/\/nuevo-renacer.com\/?s={search_term_string}\"},\"query-input\":{\"@type\":\"PropertyValueSpecification\",\"valueRequired\":true,\"valueName\":\"search_term_string\"}}],\"inLanguage\":\"it-IT\"},{\"@type\":\"Organization\",\"@id\":\"https:\/\/nuevo-renacer.com\/#organization\",\"name\":\"UFEC\",\"url\":\"https:\/\/nuevo-renacer.com\/\",\"logo\":{\"@type\":\"ImageObject\",\"inLanguage\":\"it-IT\",\"@id\":\"https:\/\/nuevo-renacer.com\/#\/schema\/logo\/image\/\",\"url\":\"https:\/\/nuevo-renacer.com\/wp-content\/uploads\/2024\/05\/cropped-LOGO-TERMINADO1-3-3.png\",\"contentUrl\":\"https:\/\/nuevo-renacer.com\/wp-content\/uploads\/2024\/05\/cropped-LOGO-TERMINADO1-3-3.png\",\"width\":512,\"height\":512,\"caption\":\"UFEC\"},\"image\":{\"@id\":\"https:\/\/nuevo-renacer.com\/#\/schema\/logo\/image\/\"},\"sameAs\":[\"https:\/\/www.facebook.com\/groups\/3431398063740829\"]}]}<\/script>\n<!-- \/ Yoast SEO Premium plugin. -->","yoast_head_json":{"title":"Angel Aguarod - Uni\u00f3n Esp\u00edrita","robots":{"index":"index","follow":"follow","max-snippet":"max-snippet:-1","max-image-preview":"max-image-preview:large","max-video-preview":"max-video-preview:-1"},"canonical":"https:\/\/nuevo-renacer.com\/it\/angel-aguarod\/","og_locale":"it_IT","og_type":"article","og_title":"Angel Aguarod","og_description":"Angel Aguarod \u00c1ngel Aguarod vino al mundo en un humilde hogar, en el pueblo de Ayerbe, provincia de Huesca, al norte de Espa\u00f1a, el 2 de octubre de 1860, siendo sus padres Don Juan Aguarod y Do\u00f1a Juana Torrero. Nacido en un hogar cat\u00f3lico, su primera educaci\u00f3n fue, naturalmente, cat\u00f3lica, a cargo de su t\u00edo [&hellip;]","og_url":"https:\/\/nuevo-renacer.com\/it\/angel-aguarod\/","og_site_name":"Uni\u00f3n Esp\u00edrita","article_publisher":"https:\/\/www.facebook.com\/groups\/3431398063740829","article_modified_time":"2026-04-20T18:24:12+00:00","og_image":[{"width":192,"height":269,"url":"https:\/\/nuevo-renacer.com\/wp-content\/uploads\/2026\/04\/Angel-Aguarod.jpg","type":"image\/jpeg"}],"twitter_card":"summary_large_image","twitter_misc":{"Tempo di lettura stimato":"7 minuti"},"schema":{"@context":"https:\/\/schema.org","@graph":[{"@type":"WebPage","@id":"https:\/\/nuevo-renacer.com\/angel-aguarod\/","url":"https:\/\/nuevo-renacer.com\/angel-aguarod\/","name":"Angel Aguarod - Uni\u00f3n Esp\u00edrita","isPartOf":{"@id":"https:\/\/nuevo-renacer.com\/#website"},"primaryImageOfPage":{"@id":"https:\/\/nuevo-renacer.com\/angel-aguarod\/#primaryimage"},"image":{"@id":"https:\/\/nuevo-renacer.com\/angel-aguarod\/#primaryimage"},"thumbnailUrl":"https:\/\/nuevo-renacer.com\/wp-content\/uploads\/2026\/04\/Angel-Aguarod.jpg","datePublished":"2025-09-03T11:31:56+00:00","dateModified":"2026-04-20T18:24:12+00:00","breadcrumb":{"@id":"https:\/\/nuevo-renacer.com\/angel-aguarod\/#breadcrumb"},"inLanguage":"it-IT","potentialAction":[{"@type":"ReadAction","target":["https:\/\/nuevo-renacer.com\/angel-aguarod\/"]}]},{"@type":"ImageObject","inLanguage":"it-IT","@id":"https:\/\/nuevo-renacer.com\/angel-aguarod\/#primaryimage","url":"https:\/\/nuevo-renacer.com\/wp-content\/uploads\/2026\/04\/Angel-Aguarod.jpg","contentUrl":"https:\/\/nuevo-renacer.com\/wp-content\/uploads\/2026\/04\/Angel-Aguarod.jpg"},{"@type":"BreadcrumbList","@id":"https:\/\/nuevo-renacer.com\/angel-aguarod\/#breadcrumb","itemListElement":[{"@type":"ListItem","position":1,"name":"Startseite","item":"https:\/\/nuevo-renacer.com\/"},{"@type":"ListItem","position":2,"name":"Angel Aguarod"}]},{"@type":"WebSite","@id":"https:\/\/nuevo-renacer.com\/#website","url":"https:\/\/nuevo-renacer.com\/","name":"Uni\u00f3n Esp\u00edrita","description":"Nuevo Renacer","publisher":{"@id":"https:\/\/nuevo-renacer.com\/#organization"},"potentialAction":[{"@type":"SearchAction","target":{"@type":"EntryPoint","urlTemplate":"https:\/\/nuevo-renacer.com\/?s={search_term_string}"},"query-input":{"@type":"PropertyValueSpecification","valueRequired":true,"valueName":"search_term_string"}}],"inLanguage":"it-IT"},{"@type":"Organization","@id":"https:\/\/nuevo-renacer.com\/#organization","name":"UFEC","url":"https:\/\/nuevo-renacer.com\/","logo":{"@type":"ImageObject","inLanguage":"it-IT","@id":"https:\/\/nuevo-renacer.com\/#\/schema\/logo\/image\/","url":"https:\/\/nuevo-renacer.com\/wp-content\/uploads\/2024\/05\/cropped-LOGO-TERMINADO1-3-3.png","contentUrl":"https:\/\/nuevo-renacer.com\/wp-content\/uploads\/2024\/05\/cropped-LOGO-TERMINADO1-3-3.png","width":512,"height":512,"caption":"UFEC"},"image":{"@id":"https:\/\/nuevo-renacer.com\/#\/schema\/logo\/image\/"},"sameAs":["https:\/\/www.facebook.com\/groups\/3431398063740829"]}]}},"uagb_featured_image_src":{"full":false,"thumbnail":false,"medium":false,"medium_large":false,"large":false,"1536x1536":false,"2048x2048":false,"trp-custom-language-flag":false},"uagb_author_info":{"display_name":"adbv0","author_link":"https:\/\/nuevo-renacer.com\/it\/author\/adbv0\/"},"uagb_comment_info":0,"uagb_excerpt":"Angel Aguarod \u00c1ngel Aguarod vino al mundo en un humilde hogar, en el pueblo de Ayerbe, provincia de Huesca, al norte de Espa\u00f1a, el 2 de octubre de 1860, siendo sus padres Don Juan Aguarod y Do\u00f1a Juana Torrero. Nacido en un hogar cat\u00f3lico, su primera educaci\u00f3n fue, naturalmente, cat\u00f3lica, a cargo de su t\u00edo&hellip;","jetpack_sharing_enabled":true,"_links":{"self":[{"href":"https:\/\/nuevo-renacer.com\/it\/wp-json\/wp\/v2\/pages\/8494","targetHints":{"allow":["GET"]}}],"collection":[{"href":"https:\/\/nuevo-renacer.com\/it\/wp-json\/wp\/v2\/pages"}],"about":[{"href":"https:\/\/nuevo-renacer.com\/it\/wp-json\/wp\/v2\/types\/page"}],"author":[{"embeddable":true,"href":"https:\/\/nuevo-renacer.com\/it\/wp-json\/wp\/v2\/users\/1"}],"replies":[{"embeddable":true,"href":"https:\/\/nuevo-renacer.com\/it\/wp-json\/wp\/v2\/comments?post=8494"}],"version-history":[{"count":4,"href":"https:\/\/nuevo-renacer.com\/it\/wp-json\/wp\/v2\/pages\/8494\/revisions"}],"predecessor-version":[{"id":8872,"href":"https:\/\/nuevo-renacer.com\/it\/wp-json\/wp\/v2\/pages\/8494\/revisions\/8872"}],"wp:attachment":[{"href":"https:\/\/nuevo-renacer.com\/it\/wp-json\/wp\/v2\/media?parent=8494"}],"curies":[{"name":"wp","href":"https:\/\/api.w.org\/{rel}","templated":true}]}}