{"id":8489,"date":"2025-09-03T10:50:58","date_gmt":"2025-09-03T10:50:58","guid":{"rendered":"https:\/\/nuevo-renacer.com\/?page_id=8489"},"modified":"2025-09-03T10:53:45","modified_gmt":"2025-09-03T10:53:45","slug":"maya-storms","status":"publish","type":"page","link":"https:\/\/nuevo-renacer.com\/it\/maya-storms\/","title":{"rendered":"Maya Storms"},"content":{"rendered":"<div class=\"wp-block-uagb-container uagb-block-ae12c14a alignfull uagb-is-root-container\"><div class=\"uagb-container-inner-blocks-wrap\">\n<p class=\"has-black-color has-text-color has-link-color has-medium-font-size wp-elements-46ba465ed0836e09f4ac7cde72aff7fa\"><strong>Maya Storms<\/strong><\/p>\n<\/div><\/div>\n\n\n\n<div class=\"wp-block-uagb-container uagb-block-0564c413 alignfull uagb-is-root-container\"><div class=\"uagb-container-inner-blocks-wrap\">\n<figure class=\"wp-block-image alignleft size-full\"><img fetchpriority=\"high\" decoding=\"async\" width=\"240\" height=\"315\" src=\"https:\/\/nuevo-renacer.com\/wp-content\/uploads\/2025\/09\/Maya-Storms.jpeg\" alt=\"\" class=\"wp-image-8490\" srcset=\"https:\/\/nuevo-renacer.com\/wp-content\/uploads\/2025\/09\/Maya-Storms.jpeg 240w, https:\/\/nuevo-renacer.com\/wp-content\/uploads\/2025\/09\/Maya-Storms-229x300.jpeg 229w, https:\/\/nuevo-renacer.com\/wp-content\/uploads\/2025\/09\/Maya-Storms-9x12.jpeg 9w\" sizes=\"(max-width: 240px) 100vw, 240px\" \/><\/figure>\n<\/div><\/div>\n\n\n\n<div class=\"wp-block-uagb-container uagb-block-70114b99 alignfull uagb-is-root-container\"><div class=\"uagb-container-inner-blocks-wrap\">\n<p class=\"has-text-align-left has-black-color has-text-color has-link-color has-small-font-size wp-elements-93d8b03cf14ca249d716492ff6a1489e\">Maya Storms \u00e8 nata il 9 ottobre a Dordrecht (Paesi Bassi) ed \u00e8 cresciuta all'Aia. Durante la guerra ha fatto parte della resistenza e in seguito ha vissuto alcuni anni in Indonesia. In quel periodo Maya \u00e8 sfuggita pi\u00f9 volte alla morte per un soffio. Da bambina aveva visioni delle sue vite precedenti e della sua \u201cvera casa\u201d. Nel 1974, un essere di luce le chiese inaspettatamente di servire Dio. Da allora Maya ha lavorato come medium e guaritrice nei Paesi Bassi, in Germania, Italia e Svizzera, dove \u00e8 conosciuta da molte persone come un \u201callegro concentrato di energia\u201d. Il lavoro di Maya Storms era rivolto in particolare al livello dell'anima di una persona. Era in grado di aumentare direttamente la luce nell'anima di una persona e aiutava le persone ad accrescere la propria luce attraverso il perdono nell'amore. In questo modo, le persone sperimentavano anche una maggiore pace interiore. Maya era in grado di percepire le immagini essenziali di una persona dalla sua vita passata. Maya Storms ha aperto alle persone porte e vie verso Dio, anche trasmettendo \u201cLa Conoscenza\u201d una volta al mese a un piccolo gruppo di persone. Con il suo libro \u201cDas letzte Siegel\u201d (L'ultimo sigillo) ha offerto a molte persone una visione profonda del proprio percorso, ma anche del mondo spirituale. Maya Storms ha lasciato il corpo il 22 febbraio 2016.<\/p>\n<\/div><\/div>\n\n\n\n<div class=\"wp-block-uagb-container uagb-block-9a641f18 alignfull uagb-is-root-container\"><div class=\"uagb-container-inner-blocks-wrap\"><\/div><\/div>\n\n\n\n<div class=\"wp-block-uagb-container uagb-block-8ab89231 alignfull uagb-is-root-container\"><div class=\"uagb-container-inner-blocks-wrap\"><\/div><\/div>","protected":false},"excerpt":{"rendered":"<p>Maya Storms Maya Storms naci\u00f3 el 9 de octubre de 1924 en Dordrecht (Pa\u00edses Bajos) y creci\u00f3 en La Haya. Durante la guerra form\u00f3 parte de la resistencia y despu\u00e9s vivi\u00f3 varios a\u00f1os en Indonesia. Durante ese tiempo, Maya escap\u00f3 varias veces por poco de la muerte. De ni\u00f1a ten\u00eda visiones de sus vidas anteriores [&hellip;]<\/p>","protected":false},"author":1,"featured_media":0,"parent":0,"menu_order":0,"comment_status":"closed","ping_status":"closed","template":"","meta":{"_uag_custom_page_level_css":"","site-sidebar-layout":"default","site-content-layout":"","ast-site-content-layout":"default","site-content-style":"default","site-sidebar-style":"default","ast-global-header-display":"","ast-banner-title-visibility":"","ast-main-header-display":"","ast-hfb-above-header-display":"","ast-hfb-below-header-display":"","ast-hfb-mobile-header-display":"","site-post-title":"disabled","ast-breadcrumbs-content":"","ast-featured-img":"","footer-sml-layout":"","theme-transparent-header-meta":"","adv-header-id-meta":"","stick-header-meta":"","header-above-stick-meta":"","header-main-stick-meta":"","header-below-stick-meta":"","astra-migrate-meta-layouts":"set","ast-page-background-enabled":"default","ast-page-background-meta":{"desktop":{"background-color":"var(--ast-global-color-4)","background-image":"","background-repeat":"repeat","background-position":"center center","background-size":"auto","background-attachment":"scroll","background-type":"","background-media":"","overlay-type":"","overlay-color":"","overlay-opacity":"","overlay-gradient":""},"tablet":{"background-color":"","background-image":"","background-repeat":"repeat","background-position":"center center","background-size":"auto","background-attachment":"scroll","background-type":"","background-media":"","overlay-type":"","overlay-color":"","overlay-opacity":"","overlay-gradient":""},"mobile":{"background-color":"","background-image":"","background-repeat":"repeat","background-position":"center center","background-size":"auto","background-attachment":"scroll","background-type":"","background-media":"","overlay-type":"","overlay-color":"","overlay-opacity":"","overlay-gradient":""}},"ast-content-background-meta":{"desktop":{"background-color":"var(--ast-global-color-5)","background-image":"","background-repeat":"repeat","background-position":"center center","background-size":"auto","background-attachment":"scroll","background-type":"","background-media":"","overlay-type":"","overlay-color":"","overlay-opacity":"","overlay-gradient":""},"tablet":{"background-color":"var(--ast-global-color-5)","background-image":"","background-repeat":"repeat","background-position":"center center","background-size":"auto","background-attachment":"scroll","background-type":"","background-media":"","overlay-type":"","overlay-color":"","overlay-opacity":"","overlay-gradient":""},"mobile":{"background-color":"var(--ast-global-color-5)","background-image":"","background-repeat":"repeat","background-position":"center center","background-size":"auto","background-attachment":"scroll","background-type":"","background-media":"","overlay-type":"","overlay-color":"","overlay-opacity":"","overlay-gradient":""}},"footnotes":""},"class_list":["post-8489","page","type-page","status-publish","hentry"],"yoast_head":"<!-- This site is optimized with the Yoast SEO Premium plugin v24.2 (Yoast SEO v24.6) - https:\/\/yoast.com\/wordpress\/plugins\/seo\/ -->\n<title>Maya Storms - Uni\u00f3n Esp\u00edrita<\/title>\n<meta name=\"robots\" content=\"index, follow, max-snippet:-1, max-image-preview:large, max-video-preview:-1\" \/>\n<link rel=\"canonical\" href=\"https:\/\/nuevo-renacer.com\/it\/maya-storms\/\" \/>\n<meta property=\"og:locale\" content=\"it_IT\" \/>\n<meta property=\"og:type\" content=\"article\" \/>\n<meta property=\"og:title\" content=\"Maya Storms\" \/>\n<meta property=\"og:description\" content=\"Maya Storms Maya Storms naci\u00f3 el 9 de octubre de 1924 en Dordrecht (Pa\u00edses Bajos) y creci\u00f3 en La Haya. Durante la guerra form\u00f3 parte de la resistencia y despu\u00e9s vivi\u00f3 varios a\u00f1os en Indonesia. Durante ese tiempo, Maya escap\u00f3 varias veces por poco de la muerte. De ni\u00f1a ten\u00eda visiones de sus vidas anteriores [&hellip;]\" \/>\n<meta property=\"og:url\" content=\"https:\/\/nuevo-renacer.com\/it\/maya-storms\/\" \/>\n<meta property=\"og:site_name\" content=\"Uni\u00f3n Esp\u00edrita\" \/>\n<meta property=\"article:publisher\" content=\"https:\/\/www.facebook.com\/groups\/3431398063740829\" \/>\n<meta property=\"article:modified_time\" content=\"2025-09-03T10:53:45+00:00\" \/>\n<meta property=\"og:image\" content=\"https:\/\/nuevo-renacer.com\/wp-content\/uploads\/2025\/09\/Maya-Storms.jpeg\" \/>\n\t<meta property=\"og:image:width\" content=\"240\" \/>\n\t<meta property=\"og:image:height\" content=\"315\" \/>\n\t<meta property=\"og:image:type\" content=\"image\/jpeg\" \/>\n<meta name=\"twitter:card\" content=\"summary_large_image\" \/>\n<meta name=\"twitter:label1\" content=\"Tempo di lettura stimato\" \/>\n\t<meta name=\"twitter:data1\" content=\"2 minuti\" \/>\n<script type=\"application\/ld+json\" class=\"yoast-schema-graph\">{\"@context\":\"https:\/\/schema.org\",\"@graph\":[{\"@type\":\"WebPage\",\"@id\":\"https:\/\/nuevo-renacer.com\/maya-storms\/\",\"url\":\"https:\/\/nuevo-renacer.com\/maya-storms\/\",\"name\":\"Maya Storms - Uni\u00f3n Esp\u00edrita\",\"isPartOf\":{\"@id\":\"https:\/\/nuevo-renacer.com\/#website\"},\"primaryImageOfPage\":{\"@id\":\"https:\/\/nuevo-renacer.com\/maya-storms\/#primaryimage\"},\"image\":{\"@id\":\"https:\/\/nuevo-renacer.com\/maya-storms\/#primaryimage\"},\"thumbnailUrl\":\"https:\/\/nuevo-renacer.com\/wp-content\/uploads\/2025\/09\/Maya-Storms.jpeg\",\"datePublished\":\"2025-09-03T10:50:58+00:00\",\"dateModified\":\"2025-09-03T10:53:45+00:00\",\"breadcrumb\":{\"@id\":\"https:\/\/nuevo-renacer.com\/maya-storms\/#breadcrumb\"},\"inLanguage\":\"it-IT\",\"potentialAction\":[{\"@type\":\"ReadAction\",\"target\":[\"https:\/\/nuevo-renacer.com\/maya-storms\/\"]}]},{\"@type\":\"ImageObject\",\"inLanguage\":\"it-IT\",\"@id\":\"https:\/\/nuevo-renacer.com\/maya-storms\/#primaryimage\",\"url\":\"https:\/\/nuevo-renacer.com\/wp-content\/uploads\/2025\/09\/Maya-Storms.jpeg\",\"contentUrl\":\"https:\/\/nuevo-renacer.com\/wp-content\/uploads\/2025\/09\/Maya-Storms.jpeg\"},{\"@type\":\"BreadcrumbList\",\"@id\":\"https:\/\/nuevo-renacer.com\/maya-storms\/#breadcrumb\",\"itemListElement\":[{\"@type\":\"ListItem\",\"position\":1,\"name\":\"Startseite\",\"item\":\"https:\/\/nuevo-renacer.com\/\"},{\"@type\":\"ListItem\",\"position\":2,\"name\":\"Maya Storms\"}]},{\"@type\":\"WebSite\",\"@id\":\"https:\/\/nuevo-renacer.com\/#website\",\"url\":\"https:\/\/nuevo-renacer.com\/\",\"name\":\"Uni\u00f3n Esp\u00edrita\",\"description\":\"Nuevo Renacer\",\"publisher\":{\"@id\":\"https:\/\/nuevo-renacer.com\/#organization\"},\"potentialAction\":[{\"@type\":\"SearchAction\",\"target\":{\"@type\":\"EntryPoint\",\"urlTemplate\":\"https:\/\/nuevo-renacer.com\/?s={search_term_string}\"},\"query-input\":{\"@type\":\"PropertyValueSpecification\",\"valueRequired\":true,\"valueName\":\"search_term_string\"}}],\"inLanguage\":\"it-IT\"},{\"@type\":\"Organization\",\"@id\":\"https:\/\/nuevo-renacer.com\/#organization\",\"name\":\"UFEC\",\"url\":\"https:\/\/nuevo-renacer.com\/\",\"logo\":{\"@type\":\"ImageObject\",\"inLanguage\":\"it-IT\",\"@id\":\"https:\/\/nuevo-renacer.com\/#\/schema\/logo\/image\/\",\"url\":\"https:\/\/nuevo-renacer.com\/wp-content\/uploads\/2024\/05\/cropped-LOGO-TERMINADO1-3-3.png\",\"contentUrl\":\"https:\/\/nuevo-renacer.com\/wp-content\/uploads\/2024\/05\/cropped-LOGO-TERMINADO1-3-3.png\",\"width\":512,\"height\":512,\"caption\":\"UFEC\"},\"image\":{\"@id\":\"https:\/\/nuevo-renacer.com\/#\/schema\/logo\/image\/\"},\"sameAs\":[\"https:\/\/www.facebook.com\/groups\/3431398063740829\"]}]}<\/script>\n<!-- \/ Yoast SEO Premium plugin. -->","yoast_head_json":{"title":"Maya Storms - Uni\u00f3n Esp\u00edrita","robots":{"index":"index","follow":"follow","max-snippet":"max-snippet:-1","max-image-preview":"max-image-preview:large","max-video-preview":"max-video-preview:-1"},"canonical":"https:\/\/nuevo-renacer.com\/it\/maya-storms\/","og_locale":"it_IT","og_type":"article","og_title":"Maya Storms","og_description":"Maya Storms Maya Storms naci\u00f3 el 9 de octubre de 1924 en Dordrecht (Pa\u00edses Bajos) y creci\u00f3 en La Haya. Durante la guerra form\u00f3 parte de la resistencia y despu\u00e9s vivi\u00f3 varios a\u00f1os en Indonesia. Durante ese tiempo, Maya escap\u00f3 varias veces por poco de la muerte. De ni\u00f1a ten\u00eda visiones de sus vidas anteriores [&hellip;]","og_url":"https:\/\/nuevo-renacer.com\/it\/maya-storms\/","og_site_name":"Uni\u00f3n Esp\u00edrita","article_publisher":"https:\/\/www.facebook.com\/groups\/3431398063740829","article_modified_time":"2025-09-03T10:53:45+00:00","og_image":[{"width":240,"height":315,"url":"https:\/\/nuevo-renacer.com\/wp-content\/uploads\/2025\/09\/Maya-Storms.jpeg","type":"image\/jpeg"}],"twitter_card":"summary_large_image","twitter_misc":{"Tempo di lettura stimato":"2 minuti"},"schema":{"@context":"https:\/\/schema.org","@graph":[{"@type":"WebPage","@id":"https:\/\/nuevo-renacer.com\/maya-storms\/","url":"https:\/\/nuevo-renacer.com\/maya-storms\/","name":"Maya Storms - Uni\u00f3n Esp\u00edrita","isPartOf":{"@id":"https:\/\/nuevo-renacer.com\/#website"},"primaryImageOfPage":{"@id":"https:\/\/nuevo-renacer.com\/maya-storms\/#primaryimage"},"image":{"@id":"https:\/\/nuevo-renacer.com\/maya-storms\/#primaryimage"},"thumbnailUrl":"https:\/\/nuevo-renacer.com\/wp-content\/uploads\/2025\/09\/Maya-Storms.jpeg","datePublished":"2025-09-03T10:50:58+00:00","dateModified":"2025-09-03T10:53:45+00:00","breadcrumb":{"@id":"https:\/\/nuevo-renacer.com\/maya-storms\/#breadcrumb"},"inLanguage":"it-IT","potentialAction":[{"@type":"ReadAction","target":["https:\/\/nuevo-renacer.com\/maya-storms\/"]}]},{"@type":"ImageObject","inLanguage":"it-IT","@id":"https:\/\/nuevo-renacer.com\/maya-storms\/#primaryimage","url":"https:\/\/nuevo-renacer.com\/wp-content\/uploads\/2025\/09\/Maya-Storms.jpeg","contentUrl":"https:\/\/nuevo-renacer.com\/wp-content\/uploads\/2025\/09\/Maya-Storms.jpeg"},{"@type":"BreadcrumbList","@id":"https:\/\/nuevo-renacer.com\/maya-storms\/#breadcrumb","itemListElement":[{"@type":"ListItem","position":1,"name":"Startseite","item":"https:\/\/nuevo-renacer.com\/"},{"@type":"ListItem","position":2,"name":"Maya Storms"}]},{"@type":"WebSite","@id":"https:\/\/nuevo-renacer.com\/#website","url":"https:\/\/nuevo-renacer.com\/","name":"Uni\u00f3n Esp\u00edrita","description":"Nuevo Renacer","publisher":{"@id":"https:\/\/nuevo-renacer.com\/#organization"},"potentialAction":[{"@type":"SearchAction","target":{"@type":"EntryPoint","urlTemplate":"https:\/\/nuevo-renacer.com\/?s={search_term_string}"},"query-input":{"@type":"PropertyValueSpecification","valueRequired":true,"valueName":"search_term_string"}}],"inLanguage":"it-IT"},{"@type":"Organization","@id":"https:\/\/nuevo-renacer.com\/#organization","name":"UFEC","url":"https:\/\/nuevo-renacer.com\/","logo":{"@type":"ImageObject","inLanguage":"it-IT","@id":"https:\/\/nuevo-renacer.com\/#\/schema\/logo\/image\/","url":"https:\/\/nuevo-renacer.com\/wp-content\/uploads\/2024\/05\/cropped-LOGO-TERMINADO1-3-3.png","contentUrl":"https:\/\/nuevo-renacer.com\/wp-content\/uploads\/2024\/05\/cropped-LOGO-TERMINADO1-3-3.png","width":512,"height":512,"caption":"UFEC"},"image":{"@id":"https:\/\/nuevo-renacer.com\/#\/schema\/logo\/image\/"},"sameAs":["https:\/\/www.facebook.com\/groups\/3431398063740829"]}]}},"uagb_featured_image_src":{"full":false,"thumbnail":false,"medium":false,"medium_large":false,"large":false,"1536x1536":false,"2048x2048":false,"trp-custom-language-flag":false},"uagb_author_info":{"display_name":"adbv0","author_link":"https:\/\/nuevo-renacer.com\/it\/author\/adbv0\/"},"uagb_comment_info":0,"uagb_excerpt":"Maya Storms Maya Storms naci\u00f3 el 9 de octubre de 1924 en Dordrecht (Pa\u00edses Bajos) y creci\u00f3 en La Haya. Durante la guerra form\u00f3 parte de la resistencia y despu\u00e9s vivi\u00f3 varios a\u00f1os en Indonesia. Durante ese tiempo, Maya escap\u00f3 varias veces por poco de la muerte. De ni\u00f1a ten\u00eda visiones de sus vidas anteriores&hellip;","jetpack_sharing_enabled":true,"_links":{"self":[{"href":"https:\/\/nuevo-renacer.com\/it\/wp-json\/wp\/v2\/pages\/8489","targetHints":{"allow":["GET"]}}],"collection":[{"href":"https:\/\/nuevo-renacer.com\/it\/wp-json\/wp\/v2\/pages"}],"about":[{"href":"https:\/\/nuevo-renacer.com\/it\/wp-json\/wp\/v2\/types\/page"}],"author":[{"embeddable":true,"href":"https:\/\/nuevo-renacer.com\/it\/wp-json\/wp\/v2\/users\/1"}],"replies":[{"embeddable":true,"href":"https:\/\/nuevo-renacer.com\/it\/wp-json\/wp\/v2\/comments?post=8489"}],"version-history":[{"count":2,"href":"https:\/\/nuevo-renacer.com\/it\/wp-json\/wp\/v2\/pages\/8489\/revisions"}],"predecessor-version":[{"id":8493,"href":"https:\/\/nuevo-renacer.com\/it\/wp-json\/wp\/v2\/pages\/8489\/revisions\/8493"}],"wp:attachment":[{"href":"https:\/\/nuevo-renacer.com\/it\/wp-json\/wp\/v2\/media?parent=8489"}],"curies":[{"name":"wp","href":"https:\/\/api.w.org\/{rel}","templated":true}]}}