{"id":8454,"date":"2025-08-25T13:24:06","date_gmt":"2025-08-25T13:24:06","guid":{"rendered":"https:\/\/nuevo-renacer.com\/?page_id=8454"},"modified":"2025-08-26T13:07:11","modified_gmt":"2025-08-26T13:07:11","slug":"novedades-reconstruccion-desde-el-alma","status":"publish","type":"page","link":"https:\/\/nuevo-renacer.com\/it\/novedades-reconstruccion-desde-el-alma\/","title":{"rendered":"Reconstrucci\u00f3n desde el alma"},"content":{"rendered":"<div class=\"wp-block-uagb-container uagb-block-cb258333 alignfull uagb-is-root-container\"><div class=\"uagb-container-inner-blocks-wrap\">\n<p class=\"has-black-color has-text-color has-link-color has-medium-font-size wp-elements-da968ad1bb916020311a9c8507334470\"><strong>Ricostruzione dall'anima: la Societ\u00e0 di studi psicologici \u00abAmor a la Moral\u00bb continua a vivere<\/strong><\/p>\n<\/div><\/div>\n\n\n\n<div class=\"wp-block-uagb-container uagb-block-ab482a73 alignwide uagb-is-root-container\">\n<figure class=\"wp-block-image size-large\"><img fetchpriority=\"high\" decoding=\"async\" width=\"1024\" height=\"819\" src=\"https:\/\/nuevo-renacer.com\/wp-content\/uploads\/2025\/08\/Amor-a-la-Moral-2-1024x819.jpeg\" alt=\"\" class=\"wp-image-8459\" srcset=\"https:\/\/nuevo-renacer.com\/wp-content\/uploads\/2025\/08\/Amor-a-la-Moral-2-1024x819.jpeg 1024w, https:\/\/nuevo-renacer.com\/wp-content\/uploads\/2025\/08\/Amor-a-la-Moral-2-300x240.jpeg 300w, https:\/\/nuevo-renacer.com\/wp-content\/uploads\/2025\/08\/Amor-a-la-Moral-2-768x614.jpeg 768w, https:\/\/nuevo-renacer.com\/wp-content\/uploads\/2025\/08\/Amor-a-la-Moral-2-1536x1229.jpeg 1536w, https:\/\/nuevo-renacer.com\/wp-content\/uploads\/2025\/08\/Amor-a-la-Moral-2-15x12.jpeg 15w, https:\/\/nuevo-renacer.com\/wp-content\/uploads\/2025\/08\/Amor-a-la-Moral-2.jpeg 1600w\" sizes=\"(max-width: 1024px) 100vw, 1024px\" \/><\/figure>\n<\/div>\n\n\n\n<div class=\"wp-block-uagb-container uagb-block-09a30c31 alignfull uagb-is-root-container\"><div class=\"uagb-container-inner-blocks-wrap\">\n<p class=\"has-black-color has-text-color has-link-color has-small-font-size wp-elements-3c08b770591e80881a4eb072548d9d32\">Quello che ha colpito Santiago de Cuba nel 2012 \u00e8 stato pi\u00f9 di una semplice tempesta. L'uragano Sandy ha lasciato dietro di s\u00e9 macerie, dolore e una profonda ferita, anche nel cuore della comunit\u00e0 spiritista. Il centro \u201cAmor a la Moral\u201d, un luogo di conforto, apprendimento e speranza, \u00e8 stato devastato fino alle fondamenta. Le scorte di aiuti che erano rimaste sono scomparse nel caos dell'emergenza: saccheggiate, depredate. Sono rimasti solo alcuni banchi... e l'immagine di Allan Kardec. Era come se lo spirito stesso avesse montato la guardia.<\/p>\n\n\n\n<p class=\"has-black-color has-text-color has-link-color has-small-font-size wp-elements-c0e5f35d3d30c235f2a6a36e4f64f44d\">Gli anni passarono. L'ingresso del centro rimase aperto, non come un invito, ma come un muto testimone della perdita, come un monumento alla vulnerabilit\u00e0. Ma la fede delle persone rimase. Silenziosa, persistente, incrollabile. Nelle conversazioni, nelle preghiere, nel ricordo di ci\u00f2 che era e di ci\u00f2 che torner\u00e0 ad essere.<\/p>\n\n\n\n<p class=\"has-black-color has-text-color has-link-color has-small-font-size wp-elements-9e03d9338c01365f0a50b57c572dac14\">Al centro di tutta questa speranza, di questo lavoro silenzioso e di questa perseveranza c'era una donna: Ivony Recasen Fajardo insieme ai membri di \u201cAmor a la Moral\u201d. Instancabilmente, ha lottato per questo momento in nome del mondo spirituale. Con dedizione, coraggio e profonda fiducia negli insegnamenti dello spiritismo, ha lavorato - contro le avversit\u00e0 del tempo e spesso in silenzio - per realizzare questo nuovo inizio. \u00c8 stata allo stesso tempo la voce, il cuore e la mano, spinta dalla fede che \u201cAmor a la Moral\u201d potesse rinascere.<\/p>\n\n\n\n<p class=\"has-black-color has-text-color has-link-color has-small-font-size wp-elements-cf09e88f98062ba7103b918e9a178d5b\">Ora, nell'agosto del 2025, l'ingresso \u00e8 stato finalmente richiuso. Una porta che pu\u00f2 essere richiusa, cos\u00ec semplice eppure cos\u00ec significativa. \u00c8 pi\u00f9 di un progresso nella costruzione. \u00c8 un segnale: siamo ancora qui. Non ci arrendiamo. Crediamo nella ricostruzione, non solo con le pietre, ma con lo spirito e il cuore.<\/p>\n\n\n\n<p class=\"has-black-color has-text-color has-link-color has-small-font-size wp-elements-a956547f1f6b81e4ec379c8e96dcbe79\">Per \u00abAmor a la Moral\u00bb, questo momento \u00e8 un simbolo del ritorno alla dignit\u00e0, alla pace, all'ordine interiore. E per il movimento spiritista di Santiago de Cuba \u00e8 un grande trionfo. In mezzo alle difficolt\u00e0 economiche e alle sfide sociali, il centro dimostra che la fede e la comunit\u00e0 possono resistere anche dopo le battute d'arresto pi\u00f9 dure. Che questo nuovo inizio sia una luce, non solo per i membri di \u201cAmor a la Moral\u201d, ma per tutti coloro che credono nel potere dell'amore e dello spirito.<\/p>\n\n\n\n<p class=\"has-black-color has-text-color has-link-color has-small-font-size wp-elements-f9568083f4f07008526ab66b50730fed\">Questo sviluppo ci riempie di grande gioia spirituale e rafforza il nostro impegno nella diffusione degli insegnamenti spiritici.<\/p>\n\n\n\n<p class=\"has-black-color has-text-color has-link-color has-small-font-size wp-elements-ad2fe4e7749f46f18c6344b59e2a94e3\">Yaimary Silvera Batista<br>Jos\u00e9 Fernando Labrada Silvera<br>Rigoberto Vecino S\u00e1nchez<\/p>\n\n\n\n<p class=\"has-black-color has-text-color has-link-color has-small-font-size wp-elements-58eaa3879bda06ba2cd5a60dd92c9a4a\"><em>Dirigente dell'Unione Spiritista \u2013 Nuevo Renacer<\/em><\/p>\n<\/div><\/div>\n\n\n\n<div class=\"wp-block-uagb-container uagb-block-fe5559ee alignfull uagb-is-root-container\"><div class=\"uagb-container-inner-blocks-wrap\"><\/div><\/div>\n\n\n\n<div class=\"wp-block-uagb-container uagb-block-ab210ecc alignfull uagb-is-root-container\"><div class=\"uagb-container-inner-blocks-wrap\"><\/div><\/div>","protected":false},"excerpt":{"rendered":"<p>Reconstrucci\u00f3n desde el alma: Sociedad de estudio Psicologico \u00abAmor a la Moral\u00bb sigue vivo Lo que azot\u00f3 Santiago de Cuba en 2012 fue m\u00e1s que una simple tormenta. El hurac\u00e1n Sandy dej\u00f3 tras de s\u00ed escombros, dolor y una profunda herida, tambi\u00e9n en el coraz\u00f3n de la comunidad espiritista. El centro \u00abAmor a la Moral\u00bb, [&hellip;]<\/p>","protected":false},"author":1,"featured_media":8457,"parent":0,"menu_order":0,"comment_status":"closed","ping_status":"closed","template":"","meta":{"_uag_custom_page_level_css":"","site-sidebar-layout":"default","site-content-layout":"","ast-site-content-layout":"default","site-content-style":"default","site-sidebar-style":"default","ast-global-header-display":"","ast-banner-title-visibility":"","ast-main-header-display":"","ast-hfb-above-header-display":"","ast-hfb-below-header-display":"","ast-hfb-mobile-header-display":"","site-post-title":"disabled","ast-breadcrumbs-content":"","ast-featured-img":"","footer-sml-layout":"","theme-transparent-header-meta":"","adv-header-id-meta":"","stick-header-meta":"","header-above-stick-meta":"","header-main-stick-meta":"","header-below-stick-meta":"","astra-migrate-meta-layouts":"set","ast-page-background-enabled":"default","ast-page-background-meta":{"desktop":{"background-color":"var(--ast-global-color-4)","background-image":"","background-repeat":"repeat","background-position":"center center","background-size":"auto","background-attachment":"scroll","background-type":"","background-media":"","overlay-type":"","overlay-color":"","overlay-opacity":"","overlay-gradient":""},"tablet":{"background-color":"","background-image":"","background-repeat":"repeat","background-position":"center center","background-size":"auto","background-attachment":"scroll","background-type":"","background-media":"","overlay-type":"","overlay-color":"","overlay-opacity":"","overlay-gradient":""},"mobile":{"background-color":"","background-image":"","background-repeat":"repeat","background-position":"center center","background-size":"auto","background-attachment":"scroll","background-type":"","background-media":"","overlay-type":"","overlay-color":"","overlay-opacity":"","overlay-gradient":""}},"ast-content-background-meta":{"desktop":{"background-color":"var(--ast-global-color-5)","background-image":"","background-repeat":"repeat","background-position":"center center","background-size":"auto","background-attachment":"scroll","background-type":"","background-media":"","overlay-type":"","overlay-color":"","overlay-opacity":"","overlay-gradient":""},"tablet":{"background-color":"var(--ast-global-color-5)","background-image":"","background-repeat":"repeat","background-position":"center center","background-size":"auto","background-attachment":"scroll","background-type":"","background-media":"","overlay-type":"","overlay-color":"","overlay-opacity":"","overlay-gradient":""},"mobile":{"background-color":"var(--ast-global-color-5)","background-image":"","background-repeat":"repeat","background-position":"center center","background-size":"auto","background-attachment":"scroll","background-type":"","background-media":"","overlay-type":"","overlay-color":"","overlay-opacity":"","overlay-gradient":""}},"footnotes":""},"class_list":["post-8454","page","type-page","status-publish","has-post-thumbnail","hentry"],"yoast_head":"<!-- This site is optimized with the Yoast SEO Premium plugin v24.2 (Yoast SEO v24.6) - https:\/\/yoast.com\/wordpress\/plugins\/seo\/ -->\n<title>Reconstrucci\u00f3n desde el alma - Uni\u00f3n Esp\u00edrita<\/title>\n<meta name=\"robots\" content=\"index, follow, max-snippet:-1, max-image-preview:large, max-video-preview:-1\" \/>\n<link rel=\"canonical\" href=\"https:\/\/nuevo-renacer.com\/it\/novedades-reconstruccion-desde-el-alma\/\" \/>\n<meta property=\"og:locale\" content=\"it_IT\" \/>\n<meta property=\"og:type\" content=\"article\" \/>\n<meta property=\"og:title\" content=\"Reconstrucci\u00f3n desde el alma\" \/>\n<meta property=\"og:description\" content=\"Reconstrucci\u00f3n desde el alma: Sociedad de estudio Psicologico \u00abAmor a la Moral\u00bb sigue vivo Lo que azot\u00f3 Santiago de Cuba en 2012 fue m\u00e1s que una simple tormenta. El hurac\u00e1n Sandy dej\u00f3 tras de s\u00ed escombros, dolor y una profunda herida, tambi\u00e9n en el coraz\u00f3n de la comunidad espiritista. El centro \u00abAmor a la Moral\u00bb, [&hellip;]\" \/>\n<meta property=\"og:url\" content=\"https:\/\/nuevo-renacer.com\/it\/novedades-reconstruccion-desde-el-alma\/\" \/>\n<meta property=\"og:site_name\" content=\"Uni\u00f3n Esp\u00edrita\" \/>\n<meta property=\"article:publisher\" content=\"https:\/\/www.facebook.com\/groups\/3431398063740829\" \/>\n<meta property=\"article:modified_time\" content=\"2025-08-26T13:07:11+00:00\" \/>\n<meta property=\"og:image\" content=\"https:\/\/nuevo-renacer.com\/wp-content\/uploads\/2025\/08\/Amor-a-la-Moral-1.jpeg\" \/>\n\t<meta property=\"og:image:width\" content=\"1600\" \/>\n\t<meta property=\"og:image:height\" content=\"1280\" \/>\n\t<meta property=\"og:image:type\" content=\"image\/jpeg\" \/>\n<meta name=\"twitter:card\" content=\"summary_large_image\" \/>\n<meta name=\"twitter:label1\" content=\"Tempo di lettura stimato\" \/>\n\t<meta name=\"twitter:data1\" content=\"3 minuti\" \/>\n<script type=\"application\/ld+json\" class=\"yoast-schema-graph\">{\"@context\":\"https:\/\/schema.org\",\"@graph\":[{\"@type\":\"WebPage\",\"@id\":\"https:\/\/nuevo-renacer.com\/novedades-reconstruccion-desde-el-alma\/\",\"url\":\"https:\/\/nuevo-renacer.com\/novedades-reconstruccion-desde-el-alma\/\",\"name\":\"Reconstrucci\u00f3n desde el alma - Uni\u00f3n Esp\u00edrita\",\"isPartOf\":{\"@id\":\"https:\/\/nuevo-renacer.com\/#website\"},\"primaryImageOfPage\":{\"@id\":\"https:\/\/nuevo-renacer.com\/novedades-reconstruccion-desde-el-alma\/#primaryimage\"},\"image\":{\"@id\":\"https:\/\/nuevo-renacer.com\/novedades-reconstruccion-desde-el-alma\/#primaryimage\"},\"thumbnailUrl\":\"https:\/\/nuevo-renacer.com\/wp-content\/uploads\/2025\/08\/Amor-a-la-Moral-1.jpeg\",\"datePublished\":\"2025-08-25T13:24:06+00:00\",\"dateModified\":\"2025-08-26T13:07:11+00:00\",\"breadcrumb\":{\"@id\":\"https:\/\/nuevo-renacer.com\/novedades-reconstruccion-desde-el-alma\/#breadcrumb\"},\"inLanguage\":\"it-IT\",\"potentialAction\":[{\"@type\":\"ReadAction\",\"target\":[\"https:\/\/nuevo-renacer.com\/novedades-reconstruccion-desde-el-alma\/\"]}]},{\"@type\":\"ImageObject\",\"inLanguage\":\"it-IT\",\"@id\":\"https:\/\/nuevo-renacer.com\/novedades-reconstruccion-desde-el-alma\/#primaryimage\",\"url\":\"https:\/\/nuevo-renacer.com\/wp-content\/uploads\/2025\/08\/Amor-a-la-Moral-1.jpeg\",\"contentUrl\":\"https:\/\/nuevo-renacer.com\/wp-content\/uploads\/2025\/08\/Amor-a-la-Moral-1.jpeg\",\"width\":1600,\"height\":1280},{\"@type\":\"BreadcrumbList\",\"@id\":\"https:\/\/nuevo-renacer.com\/novedades-reconstruccion-desde-el-alma\/#breadcrumb\",\"itemListElement\":[{\"@type\":\"ListItem\",\"position\":1,\"name\":\"Startseite\",\"item\":\"https:\/\/nuevo-renacer.com\/\"},{\"@type\":\"ListItem\",\"position\":2,\"name\":\"Reconstrucci\u00f3n desde el alma\"}]},{\"@type\":\"WebSite\",\"@id\":\"https:\/\/nuevo-renacer.com\/#website\",\"url\":\"https:\/\/nuevo-renacer.com\/\",\"name\":\"Uni\u00f3n Esp\u00edrita\",\"description\":\"Nuevo Renacer\",\"publisher\":{\"@id\":\"https:\/\/nuevo-renacer.com\/#organization\"},\"potentialAction\":[{\"@type\":\"SearchAction\",\"target\":{\"@type\":\"EntryPoint\",\"urlTemplate\":\"https:\/\/nuevo-renacer.com\/?s={search_term_string}\"},\"query-input\":{\"@type\":\"PropertyValueSpecification\",\"valueRequired\":true,\"valueName\":\"search_term_string\"}}],\"inLanguage\":\"it-IT\"},{\"@type\":\"Organization\",\"@id\":\"https:\/\/nuevo-renacer.com\/#organization\",\"name\":\"UFEC\",\"url\":\"https:\/\/nuevo-renacer.com\/\",\"logo\":{\"@type\":\"ImageObject\",\"inLanguage\":\"it-IT\",\"@id\":\"https:\/\/nuevo-renacer.com\/#\/schema\/logo\/image\/\",\"url\":\"https:\/\/nuevo-renacer.com\/wp-content\/uploads\/2024\/05\/cropped-LOGO-TERMINADO1-3-3.png\",\"contentUrl\":\"https:\/\/nuevo-renacer.com\/wp-content\/uploads\/2024\/05\/cropped-LOGO-TERMINADO1-3-3.png\",\"width\":512,\"height\":512,\"caption\":\"UFEC\"},\"image\":{\"@id\":\"https:\/\/nuevo-renacer.com\/#\/schema\/logo\/image\/\"},\"sameAs\":[\"https:\/\/www.facebook.com\/groups\/3431398063740829\"]}]}<\/script>\n<!-- \/ Yoast SEO Premium plugin. -->","yoast_head_json":{"title":"Reconstrucci\u00f3n desde el alma - Uni\u00f3n Esp\u00edrita","robots":{"index":"index","follow":"follow","max-snippet":"max-snippet:-1","max-image-preview":"max-image-preview:large","max-video-preview":"max-video-preview:-1"},"canonical":"https:\/\/nuevo-renacer.com\/it\/novedades-reconstruccion-desde-el-alma\/","og_locale":"it_IT","og_type":"article","og_title":"Reconstrucci\u00f3n desde el alma","og_description":"Reconstrucci\u00f3n desde el alma: Sociedad de estudio Psicologico \u00abAmor a la Moral\u00bb sigue vivo Lo que azot\u00f3 Santiago de Cuba en 2012 fue m\u00e1s que una simple tormenta. El hurac\u00e1n Sandy dej\u00f3 tras de s\u00ed escombros, dolor y una profunda herida, tambi\u00e9n en el coraz\u00f3n de la comunidad espiritista. El centro \u00abAmor a la Moral\u00bb, [&hellip;]","og_url":"https:\/\/nuevo-renacer.com\/it\/novedades-reconstruccion-desde-el-alma\/","og_site_name":"Uni\u00f3n Esp\u00edrita","article_publisher":"https:\/\/www.facebook.com\/groups\/3431398063740829","article_modified_time":"2025-08-26T13:07:11+00:00","og_image":[{"width":1600,"height":1280,"url":"https:\/\/nuevo-renacer.com\/wp-content\/uploads\/2025\/08\/Amor-a-la-Moral-1.jpeg","type":"image\/jpeg"}],"twitter_card":"summary_large_image","twitter_misc":{"Tempo di lettura stimato":"3 minuti"},"schema":{"@context":"https:\/\/schema.org","@graph":[{"@type":"WebPage","@id":"https:\/\/nuevo-renacer.com\/novedades-reconstruccion-desde-el-alma\/","url":"https:\/\/nuevo-renacer.com\/novedades-reconstruccion-desde-el-alma\/","name":"Reconstrucci\u00f3n desde el alma - Uni\u00f3n Esp\u00edrita","isPartOf":{"@id":"https:\/\/nuevo-renacer.com\/#website"},"primaryImageOfPage":{"@id":"https:\/\/nuevo-renacer.com\/novedades-reconstruccion-desde-el-alma\/#primaryimage"},"image":{"@id":"https:\/\/nuevo-renacer.com\/novedades-reconstruccion-desde-el-alma\/#primaryimage"},"thumbnailUrl":"https:\/\/nuevo-renacer.com\/wp-content\/uploads\/2025\/08\/Amor-a-la-Moral-1.jpeg","datePublished":"2025-08-25T13:24:06+00:00","dateModified":"2025-08-26T13:07:11+00:00","breadcrumb":{"@id":"https:\/\/nuevo-renacer.com\/novedades-reconstruccion-desde-el-alma\/#breadcrumb"},"inLanguage":"it-IT","potentialAction":[{"@type":"ReadAction","target":["https:\/\/nuevo-renacer.com\/novedades-reconstruccion-desde-el-alma\/"]}]},{"@type":"ImageObject","inLanguage":"it-IT","@id":"https:\/\/nuevo-renacer.com\/novedades-reconstruccion-desde-el-alma\/#primaryimage","url":"https:\/\/nuevo-renacer.com\/wp-content\/uploads\/2025\/08\/Amor-a-la-Moral-1.jpeg","contentUrl":"https:\/\/nuevo-renacer.com\/wp-content\/uploads\/2025\/08\/Amor-a-la-Moral-1.jpeg","width":1600,"height":1280},{"@type":"BreadcrumbList","@id":"https:\/\/nuevo-renacer.com\/novedades-reconstruccion-desde-el-alma\/#breadcrumb","itemListElement":[{"@type":"ListItem","position":1,"name":"Startseite","item":"https:\/\/nuevo-renacer.com\/"},{"@type":"ListItem","position":2,"name":"Reconstrucci\u00f3n desde el alma"}]},{"@type":"WebSite","@id":"https:\/\/nuevo-renacer.com\/#website","url":"https:\/\/nuevo-renacer.com\/","name":"Uni\u00f3n Esp\u00edrita","description":"Nuevo Renacer","publisher":{"@id":"https:\/\/nuevo-renacer.com\/#organization"},"potentialAction":[{"@type":"SearchAction","target":{"@type":"EntryPoint","urlTemplate":"https:\/\/nuevo-renacer.com\/?s={search_term_string}"},"query-input":{"@type":"PropertyValueSpecification","valueRequired":true,"valueName":"search_term_string"}}],"inLanguage":"it-IT"},{"@type":"Organization","@id":"https:\/\/nuevo-renacer.com\/#organization","name":"UFEC","url":"https:\/\/nuevo-renacer.com\/","logo":{"@type":"ImageObject","inLanguage":"it-IT","@id":"https:\/\/nuevo-renacer.com\/#\/schema\/logo\/image\/","url":"https:\/\/nuevo-renacer.com\/wp-content\/uploads\/2024\/05\/cropped-LOGO-TERMINADO1-3-3.png","contentUrl":"https:\/\/nuevo-renacer.com\/wp-content\/uploads\/2024\/05\/cropped-LOGO-TERMINADO1-3-3.png","width":512,"height":512,"caption":"UFEC"},"image":{"@id":"https:\/\/nuevo-renacer.com\/#\/schema\/logo\/image\/"},"sameAs":["https:\/\/www.facebook.com\/groups\/3431398063740829"]}]}},"uagb_featured_image_src":{"full":["https:\/\/nuevo-renacer.com\/wp-content\/uploads\/2025\/08\/Amor-a-la-Moral-1.jpeg",1600,1280,false],"thumbnail":["https:\/\/nuevo-renacer.com\/wp-content\/uploads\/2025\/08\/Amor-a-la-Moral-1-150x150.jpeg",150,150,true],"medium":["https:\/\/nuevo-renacer.com\/wp-content\/uploads\/2025\/08\/Amor-a-la-Moral-1-300x240.jpeg",300,240,true],"medium_large":["https:\/\/nuevo-renacer.com\/wp-content\/uploads\/2025\/08\/Amor-a-la-Moral-1-768x614.jpeg",768,614,true],"large":["https:\/\/nuevo-renacer.com\/wp-content\/uploads\/2025\/08\/Amor-a-la-Moral-1-1024x819.jpeg",1024,819,true],"1536x1536":["https:\/\/nuevo-renacer.com\/wp-content\/uploads\/2025\/08\/Amor-a-la-Moral-1-1536x1229.jpeg",1536,1229,true],"2048x2048":["https:\/\/nuevo-renacer.com\/wp-content\/uploads\/2025\/08\/Amor-a-la-Moral-1.jpeg",1600,1280,false],"trp-custom-language-flag":["https:\/\/nuevo-renacer.com\/wp-content\/uploads\/2025\/08\/Amor-a-la-Moral-1-15x12.jpeg",15,12,true]},"uagb_author_info":{"display_name":"adbv0","author_link":"https:\/\/nuevo-renacer.com\/it\/author\/adbv0\/"},"uagb_comment_info":0,"uagb_excerpt":"Reconstrucci\u00f3n desde el alma: Sociedad de estudio Psicologico \u00abAmor a la Moral\u00bb sigue vivo Lo que azot\u00f3 Santiago de Cuba en 2012 fue m\u00e1s que una simple tormenta. El hurac\u00e1n Sandy dej\u00f3 tras de s\u00ed escombros, dolor y una profunda herida, tambi\u00e9n en el coraz\u00f3n de la comunidad espiritista. El centro \u00abAmor a la Moral\u00bb,&hellip;","jetpack_sharing_enabled":true,"_links":{"self":[{"href":"https:\/\/nuevo-renacer.com\/it\/wp-json\/wp\/v2\/pages\/8454","targetHints":{"allow":["GET"]}}],"collection":[{"href":"https:\/\/nuevo-renacer.com\/it\/wp-json\/wp\/v2\/pages"}],"about":[{"href":"https:\/\/nuevo-renacer.com\/it\/wp-json\/wp\/v2\/types\/page"}],"author":[{"embeddable":true,"href":"https:\/\/nuevo-renacer.com\/it\/wp-json\/wp\/v2\/users\/1"}],"replies":[{"embeddable":true,"href":"https:\/\/nuevo-renacer.com\/it\/wp-json\/wp\/v2\/comments?post=8454"}],"version-history":[{"count":3,"href":"https:\/\/nuevo-renacer.com\/it\/wp-json\/wp\/v2\/pages\/8454\/revisions"}],"predecessor-version":[{"id":8471,"href":"https:\/\/nuevo-renacer.com\/it\/wp-json\/wp\/v2\/pages\/8454\/revisions\/8471"}],"wp:featuredmedia":[{"embeddable":true,"href":"https:\/\/nuevo-renacer.com\/it\/wp-json\/wp\/v2\/media\/8457"}],"wp:attachment":[{"href":"https:\/\/nuevo-renacer.com\/it\/wp-json\/wp\/v2\/media?parent=8454"}],"curies":[{"name":"wp","href":"https:\/\/api.w.org\/{rel}","templated":true}]}}