{"id":8427,"date":"2025-08-01T09:56:30","date_gmt":"2025-08-01T09:56:30","guid":{"rendered":"https:\/\/nuevo-renacer.com\/?page_id=8427"},"modified":"2025-08-01T09:56:32","modified_gmt":"2025-08-01T09:56:32","slug":"jacques-aboab","status":"publish","type":"page","link":"https:\/\/nuevo-renacer.com\/it\/jacques-aboab\/","title":{"rendered":"Jacques Aboab"},"content":{"rendered":"<div class=\"wp-block-uagb-container uagb-block-a2b3edc4 alignfull uagb-is-root-container\"><div class=\"uagb-container-inner-blocks-wrap\">\n<p class=\"has-black-color has-text-color has-link-color has-medium-font-size wp-elements-491d1cb0a24fa90296934dc56bda00c9\"><strong>Jacques Aboab<\/strong><\/p>\n<\/div><\/div>\n\n\n\n<div class=\"wp-block-uagb-container uagb-block-0da73699 alignfull uagb-is-root-container\"><div class=\"uagb-container-inner-blocks-wrap\">\n<figure class=\"wp-block-image size-full\"><img fetchpriority=\"high\" decoding=\"async\" width=\"211\" height=\"304\" src=\"https:\/\/nuevo-renacer.com\/wp-content\/uploads\/2025\/08\/Jacques-Aboab.jpg\" alt=\"\" class=\"wp-image-8428\" srcset=\"https:\/\/nuevo-renacer.com\/wp-content\/uploads\/2025\/08\/Jacques-Aboab.jpg 211w, https:\/\/nuevo-renacer.com\/wp-content\/uploads\/2025\/08\/Jacques-Aboab-208x300.jpg 208w, https:\/\/nuevo-renacer.com\/wp-content\/uploads\/2025\/08\/Jacques-Aboab-8x12.jpg 8w\" sizes=\"(max-width: 211px) 100vw, 211px\" \/><\/figure>\n<\/div><\/div>\n\n\n\n<div class=\"wp-block-uagb-container uagb-block-ae42fcae alignfull uagb-is-root-container\"><div class=\"uagb-container-inner-blocks-wrap\">\n<p class=\"has-black-color has-text-color has-link-color has-small-font-size wp-elements-49eef67ee59c009904d351250b6a3fca\">Naci\u00f3 en Constantinopla, actual Estambul, capital de Turqu\u00eda, el 15 de abril de 1889. Jud\u00edo de nacimiento, pas\u00f3 su infancia en Argelia, al norte de \u00c1frica. En su adolescencia se traslad\u00f3 a Francia, donde se dedic\u00f3 al oficio de vendedor ambulante, recorriendo todo el pa\u00eds, desde Breta\u00f1a hasta el Midi y desde el Atl\u00e1ntico hasta Lorena, gan\u00e1ndose la vida con esfuerzo en esta laboriosa tarea. Todav\u00eda como vendedor ambulante, recorri\u00f3 varios pa\u00edses de Europa y Oriente Pr\u00f3ximo, principalmente Grecia y Egipto. Posteriormente viaj\u00f3 a Sudam\u00e9rica, visitando varios pa\u00edses.<\/p>\n\n\n\n<p class=\"has-black-color has-text-color has-link-color has-small-font-size wp-elements-b1348f6e5aebf44bb32dd336d9682987\">Finalmente se estableci\u00f3 definitivamente en Brasil, que, con su esp\u00edritu n\u00f3mada, recorri\u00f3 por completo, repitiendo aqu\u00ed su experiencia en Francia, en la constante lucha por la supervivencia. Con su ba\u00fal de menudillos, iba de puerta en puerta. En esos viajes conoci\u00f3 la excelencia de la Doctrina Espiritista, en Recife-PE. Por invitaci\u00f3n de unos amigos, visit\u00f3 la \u00abCasa de los Esp\u00edritas de Pernambuco\u00bb, su primer contacto con la Doctrina, convirti\u00e9ndose en un sincero y ferviente seguidor. A pesar de ser jud\u00edo, acept\u00f3 a Jesucristo con todo su coraz\u00f3n, reconociendo en \u00c9l al Profeta Mayor, la m\u00e1xima expresi\u00f3n de toda la Humanidad. Tras mudarse a R\u00edo de Janeiro, RJ, frecuent\u00f3 los Centros Esp\u00edritas, llevando su palabra y su fe inquebrantable en las promesas de Jes\u00fas, a quien amaba con toda su alma. Unos a\u00f1os m\u00e1s tarde, fund\u00f3 el Grupo Esp\u00edrita Andr\u00e9 Luiz.<\/p>\n\n\n\n<p class=\"has-black-color has-text-color has-link-color has-small-font-size wp-elements-ee1911ca7e44ce2b293c655792898752\">Pronto comenz\u00f3 a ser solicitado como orador en Semanas Espiritistas, confraternizaciones y otros eventos. Viaj\u00f3 por varios estados de Brasil llevando su palabra evangelizada. Dondequiera que se organizara una Semana Espiritista, all\u00ed estaba Jacques, como un p\u00e1jaro cantor, con su ternura, su amor y su sincero deseo de evangelizar a las masas. Como espiritista, dej\u00f3 una enorme hoja de servicios prestados. Fund\u00f3 varias instituciones, trabaj\u00f3 y cooper\u00f3 eficientemente, con la absoluta certeza de la inmortalidad del alma, dando todo de s\u00ed. Destac\u00f3 mucho en la tarea de predicador, por su manera d\u00f3cil e interpretativa de los textos y par\u00e1bolas evang\u00e9licas, vivi\u00e9ndolos con un sentimiento sin igual, captando la atenci\u00f3n de la asistencia que acud\u00eda en masa para escucharlo. El m\u00e9dium Peixotinho trabaj\u00f3 durante varios a\u00f1os a su lado, en el Grupo Esp\u00edrita Andr\u00e9 Luiz, con su mediumnidad de efectos f\u00edsicos, produciendo materializaciones y curaciones. Fue director de la Maternidad Casa da M\u00e3e Pobre, respetable instituci\u00f3n que mereci\u00f3 todo su trabajo y dedicaci\u00f3n.<\/p>\n\n\n\n<p class=\"has-black-color has-text-color has-link-color has-small-font-size wp-elements-44c4b0903b5a8962f3076522e5f5ed8a\">Esp\u00edritu liberal, pionero desde el primer momento, vivi\u00f3 plenamente convencido de que solo el amor construye para la vida. Todos vibraban ante la mansedumbre y serenidad de su verbo, enmarcado en expresiones saludables. Dotado de liderazgo, sus actos estaban en consonancia con las ense\u00f1anzas que predicaba. Muchos lo llamaban pap\u00e1 Jacques, tal era el respeto y la admiraci\u00f3n que su figura infund\u00eda en el alma de sus correligionarios, especialmente en la juventud, por la que era muy querido y estimado. Falleci\u00f3 en R\u00edo de Janeiro el 5 de febrero de 1969.<\/p>\n<\/div><\/div>\n\n\n\n<div class=\"wp-block-uagb-container uagb-block-46460958 alignfull uagb-is-root-container\"><div class=\"uagb-container-inner-blocks-wrap\"><\/div><\/div>\n\n\n\n<div class=\"wp-block-uagb-container uagb-block-2973cb47 alignfull uagb-is-root-container\"><div class=\"uagb-container-inner-blocks-wrap\"><\/div><\/div>","protected":false},"excerpt":{"rendered":"<p>Jacques Aboab Naci\u00f3 en Constantinopla, actual Estambul, capital de Turqu\u00eda, el 15 de abril de 1889. Jud\u00edo de nacimiento, pas\u00f3 su infancia en Argelia, al norte de \u00c1frica. En su adolescencia se traslad\u00f3 a Francia, donde se dedic\u00f3 al oficio de vendedor ambulante, recorriendo todo el pa\u00eds, desde Breta\u00f1a hasta el Midi y desde el [&hellip;]<\/p>","protected":false},"author":1,"featured_media":0,"parent":0,"menu_order":0,"comment_status":"closed","ping_status":"closed","template":"","meta":{"_uag_custom_page_level_css":"","site-sidebar-layout":"default","site-content-layout":"","ast-site-content-layout":"default","site-content-style":"default","site-sidebar-style":"default","ast-global-header-display":"","ast-banner-title-visibility":"","ast-main-header-display":"","ast-hfb-above-header-display":"","ast-hfb-below-header-display":"","ast-hfb-mobile-header-display":"","site-post-title":"disabled","ast-breadcrumbs-content":"","ast-featured-img":"","footer-sml-layout":"","theme-transparent-header-meta":"","adv-header-id-meta":"","stick-header-meta":"","header-above-stick-meta":"","header-main-stick-meta":"","header-below-stick-meta":"","astra-migrate-meta-layouts":"set","ast-page-background-enabled":"default","ast-page-background-meta":{"desktop":{"background-color":"var(--ast-global-color-4)","background-image":"","background-repeat":"repeat","background-position":"center center","background-size":"auto","background-attachment":"scroll","background-type":"","background-media":"","overlay-type":"","overlay-color":"","overlay-opacity":"","overlay-gradient":""},"tablet":{"background-color":"","background-image":"","background-repeat":"repeat","background-position":"center center","background-size":"auto","background-attachment":"scroll","background-type":"","background-media":"","overlay-type":"","overlay-color":"","overlay-opacity":"","overlay-gradient":""},"mobile":{"background-color":"","background-image":"","background-repeat":"repeat","background-position":"center center","background-size":"auto","background-attachment":"scroll","background-type":"","background-media":"","overlay-type":"","overlay-color":"","overlay-opacity":"","overlay-gradient":""}},"ast-content-background-meta":{"desktop":{"background-color":"var(--ast-global-color-5)","background-image":"","background-repeat":"repeat","background-position":"center center","background-size":"auto","background-attachment":"scroll","background-type":"","background-media":"","overlay-type":"","overlay-color":"","overlay-opacity":"","overlay-gradient":""},"tablet":{"background-color":"var(--ast-global-color-5)","background-image":"","background-repeat":"repeat","background-position":"center center","background-size":"auto","background-attachment":"scroll","background-type":"","background-media":"","overlay-type":"","overlay-color":"","overlay-opacity":"","overlay-gradient":""},"mobile":{"background-color":"var(--ast-global-color-5)","background-image":"","background-repeat":"repeat","background-position":"center center","background-size":"auto","background-attachment":"scroll","background-type":"","background-media":"","overlay-type":"","overlay-color":"","overlay-opacity":"","overlay-gradient":""}},"footnotes":""},"class_list":["post-8427","page","type-page","status-publish","hentry"],"yoast_head":"<!-- This site is optimized with the Yoast SEO Premium plugin v24.2 (Yoast SEO v24.6) - https:\/\/yoast.com\/wordpress\/plugins\/seo\/ -->\n<title>Jacques Aboab - Uni\u00f3n Esp\u00edrita<\/title>\n<meta name=\"robots\" content=\"index, follow, max-snippet:-1, max-image-preview:large, max-video-preview:-1\" \/>\n<link rel=\"canonical\" href=\"https:\/\/nuevo-renacer.com\/it\/jacques-aboab\/\" \/>\n<meta property=\"og:locale\" content=\"it_IT\" \/>\n<meta property=\"og:type\" content=\"article\" \/>\n<meta property=\"og:title\" content=\"Jacques Aboab\" \/>\n<meta property=\"og:description\" content=\"Jacques Aboab Naci\u00f3 en Constantinopla, actual Estambul, capital de Turqu\u00eda, el 15 de abril de 1889. Jud\u00edo de nacimiento, pas\u00f3 su infancia en Argelia, al norte de \u00c1frica. En su adolescencia se traslad\u00f3 a Francia, donde se dedic\u00f3 al oficio de vendedor ambulante, recorriendo todo el pa\u00eds, desde Breta\u00f1a hasta el Midi y desde el [&hellip;]\" \/>\n<meta property=\"og:url\" content=\"https:\/\/nuevo-renacer.com\/it\/jacques-aboab\/\" \/>\n<meta property=\"og:site_name\" content=\"Uni\u00f3n Esp\u00edrita\" \/>\n<meta property=\"article:publisher\" content=\"https:\/\/www.facebook.com\/groups\/3431398063740829\" \/>\n<meta property=\"article:modified_time\" content=\"2025-08-01T09:56:32+00:00\" \/>\n<meta property=\"og:image\" content=\"https:\/\/nuevo-renacer.com\/wp-content\/uploads\/2025\/08\/Jacques-Aboab.jpg\" \/>\n\t<meta property=\"og:image:width\" content=\"211\" \/>\n\t<meta property=\"og:image:height\" content=\"304\" \/>\n\t<meta property=\"og:image:type\" content=\"image\/jpeg\" \/>\n<meta name=\"twitter:card\" content=\"summary_large_image\" \/>\n<meta name=\"twitter:label1\" content=\"Tempo di lettura stimato\" \/>\n\t<meta name=\"twitter:data1\" content=\"3 minuti\" \/>\n<script type=\"application\/ld+json\" class=\"yoast-schema-graph\">{\"@context\":\"https:\/\/schema.org\",\"@graph\":[{\"@type\":\"WebPage\",\"@id\":\"https:\/\/nuevo-renacer.com\/jacques-aboab\/\",\"url\":\"https:\/\/nuevo-renacer.com\/jacques-aboab\/\",\"name\":\"Jacques Aboab - Uni\u00f3n Esp\u00edrita\",\"isPartOf\":{\"@id\":\"https:\/\/nuevo-renacer.com\/#website\"},\"primaryImageOfPage\":{\"@id\":\"https:\/\/nuevo-renacer.com\/jacques-aboab\/#primaryimage\"},\"image\":{\"@id\":\"https:\/\/nuevo-renacer.com\/jacques-aboab\/#primaryimage\"},\"thumbnailUrl\":\"https:\/\/nuevo-renacer.com\/wp-content\/uploads\/2025\/08\/Jacques-Aboab.jpg\",\"datePublished\":\"2025-08-01T09:56:30+00:00\",\"dateModified\":\"2025-08-01T09:56:32+00:00\",\"breadcrumb\":{\"@id\":\"https:\/\/nuevo-renacer.com\/jacques-aboab\/#breadcrumb\"},\"inLanguage\":\"it-IT\",\"potentialAction\":[{\"@type\":\"ReadAction\",\"target\":[\"https:\/\/nuevo-renacer.com\/jacques-aboab\/\"]}]},{\"@type\":\"ImageObject\",\"inLanguage\":\"it-IT\",\"@id\":\"https:\/\/nuevo-renacer.com\/jacques-aboab\/#primaryimage\",\"url\":\"https:\/\/nuevo-renacer.com\/wp-content\/uploads\/2025\/08\/Jacques-Aboab.jpg\",\"contentUrl\":\"https:\/\/nuevo-renacer.com\/wp-content\/uploads\/2025\/08\/Jacques-Aboab.jpg\"},{\"@type\":\"BreadcrumbList\",\"@id\":\"https:\/\/nuevo-renacer.com\/jacques-aboab\/#breadcrumb\",\"itemListElement\":[{\"@type\":\"ListItem\",\"position\":1,\"name\":\"Startseite\",\"item\":\"https:\/\/nuevo-renacer.com\/\"},{\"@type\":\"ListItem\",\"position\":2,\"name\":\"Jacques Aboab\"}]},{\"@type\":\"WebSite\",\"@id\":\"https:\/\/nuevo-renacer.com\/#website\",\"url\":\"https:\/\/nuevo-renacer.com\/\",\"name\":\"Uni\u00f3n Esp\u00edrita\",\"description\":\"Nuevo Renacer\",\"publisher\":{\"@id\":\"https:\/\/nuevo-renacer.com\/#organization\"},\"potentialAction\":[{\"@type\":\"SearchAction\",\"target\":{\"@type\":\"EntryPoint\",\"urlTemplate\":\"https:\/\/nuevo-renacer.com\/?s={search_term_string}\"},\"query-input\":{\"@type\":\"PropertyValueSpecification\",\"valueRequired\":true,\"valueName\":\"search_term_string\"}}],\"inLanguage\":\"it-IT\"},{\"@type\":\"Organization\",\"@id\":\"https:\/\/nuevo-renacer.com\/#organization\",\"name\":\"UFEC\",\"url\":\"https:\/\/nuevo-renacer.com\/\",\"logo\":{\"@type\":\"ImageObject\",\"inLanguage\":\"it-IT\",\"@id\":\"https:\/\/nuevo-renacer.com\/#\/schema\/logo\/image\/\",\"url\":\"https:\/\/nuevo-renacer.com\/wp-content\/uploads\/2024\/05\/cropped-LOGO-TERMINADO1-3-3.png\",\"contentUrl\":\"https:\/\/nuevo-renacer.com\/wp-content\/uploads\/2024\/05\/cropped-LOGO-TERMINADO1-3-3.png\",\"width\":512,\"height\":512,\"caption\":\"UFEC\"},\"image\":{\"@id\":\"https:\/\/nuevo-renacer.com\/#\/schema\/logo\/image\/\"},\"sameAs\":[\"https:\/\/www.facebook.com\/groups\/3431398063740829\"]}]}<\/script>\n<!-- \/ Yoast SEO Premium plugin. -->","yoast_head_json":{"title":"Jacques Aboab - Uni\u00f3n Esp\u00edrita","robots":{"index":"index","follow":"follow","max-snippet":"max-snippet:-1","max-image-preview":"max-image-preview:large","max-video-preview":"max-video-preview:-1"},"canonical":"https:\/\/nuevo-renacer.com\/it\/jacques-aboab\/","og_locale":"it_IT","og_type":"article","og_title":"Jacques Aboab","og_description":"Jacques Aboab Naci\u00f3 en Constantinopla, actual Estambul, capital de Turqu\u00eda, el 15 de abril de 1889. Jud\u00edo de nacimiento, pas\u00f3 su infancia en Argelia, al norte de \u00c1frica. En su adolescencia se traslad\u00f3 a Francia, donde se dedic\u00f3 al oficio de vendedor ambulante, recorriendo todo el pa\u00eds, desde Breta\u00f1a hasta el Midi y desde el [&hellip;]","og_url":"https:\/\/nuevo-renacer.com\/it\/jacques-aboab\/","og_site_name":"Uni\u00f3n Esp\u00edrita","article_publisher":"https:\/\/www.facebook.com\/groups\/3431398063740829","article_modified_time":"2025-08-01T09:56:32+00:00","og_image":[{"width":211,"height":304,"url":"https:\/\/nuevo-renacer.com\/wp-content\/uploads\/2025\/08\/Jacques-Aboab.jpg","type":"image\/jpeg"}],"twitter_card":"summary_large_image","twitter_misc":{"Tempo di lettura stimato":"3 minuti"},"schema":{"@context":"https:\/\/schema.org","@graph":[{"@type":"WebPage","@id":"https:\/\/nuevo-renacer.com\/jacques-aboab\/","url":"https:\/\/nuevo-renacer.com\/jacques-aboab\/","name":"Jacques Aboab - Uni\u00f3n Esp\u00edrita","isPartOf":{"@id":"https:\/\/nuevo-renacer.com\/#website"},"primaryImageOfPage":{"@id":"https:\/\/nuevo-renacer.com\/jacques-aboab\/#primaryimage"},"image":{"@id":"https:\/\/nuevo-renacer.com\/jacques-aboab\/#primaryimage"},"thumbnailUrl":"https:\/\/nuevo-renacer.com\/wp-content\/uploads\/2025\/08\/Jacques-Aboab.jpg","datePublished":"2025-08-01T09:56:30+00:00","dateModified":"2025-08-01T09:56:32+00:00","breadcrumb":{"@id":"https:\/\/nuevo-renacer.com\/jacques-aboab\/#breadcrumb"},"inLanguage":"it-IT","potentialAction":[{"@type":"ReadAction","target":["https:\/\/nuevo-renacer.com\/jacques-aboab\/"]}]},{"@type":"ImageObject","inLanguage":"it-IT","@id":"https:\/\/nuevo-renacer.com\/jacques-aboab\/#primaryimage","url":"https:\/\/nuevo-renacer.com\/wp-content\/uploads\/2025\/08\/Jacques-Aboab.jpg","contentUrl":"https:\/\/nuevo-renacer.com\/wp-content\/uploads\/2025\/08\/Jacques-Aboab.jpg"},{"@type":"BreadcrumbList","@id":"https:\/\/nuevo-renacer.com\/jacques-aboab\/#breadcrumb","itemListElement":[{"@type":"ListItem","position":1,"name":"Startseite","item":"https:\/\/nuevo-renacer.com\/"},{"@type":"ListItem","position":2,"name":"Jacques Aboab"}]},{"@type":"WebSite","@id":"https:\/\/nuevo-renacer.com\/#website","url":"https:\/\/nuevo-renacer.com\/","name":"Uni\u00f3n Esp\u00edrita","description":"Nuevo Renacer","publisher":{"@id":"https:\/\/nuevo-renacer.com\/#organization"},"potentialAction":[{"@type":"SearchAction","target":{"@type":"EntryPoint","urlTemplate":"https:\/\/nuevo-renacer.com\/?s={search_term_string}"},"query-input":{"@type":"PropertyValueSpecification","valueRequired":true,"valueName":"search_term_string"}}],"inLanguage":"it-IT"},{"@type":"Organization","@id":"https:\/\/nuevo-renacer.com\/#organization","name":"UFEC","url":"https:\/\/nuevo-renacer.com\/","logo":{"@type":"ImageObject","inLanguage":"it-IT","@id":"https:\/\/nuevo-renacer.com\/#\/schema\/logo\/image\/","url":"https:\/\/nuevo-renacer.com\/wp-content\/uploads\/2024\/05\/cropped-LOGO-TERMINADO1-3-3.png","contentUrl":"https:\/\/nuevo-renacer.com\/wp-content\/uploads\/2024\/05\/cropped-LOGO-TERMINADO1-3-3.png","width":512,"height":512,"caption":"UFEC"},"image":{"@id":"https:\/\/nuevo-renacer.com\/#\/schema\/logo\/image\/"},"sameAs":["https:\/\/www.facebook.com\/groups\/3431398063740829"]}]}},"uagb_featured_image_src":{"full":false,"thumbnail":false,"medium":false,"medium_large":false,"large":false,"1536x1536":false,"2048x2048":false,"trp-custom-language-flag":false},"uagb_author_info":{"display_name":"adbv0","author_link":"https:\/\/nuevo-renacer.com\/it\/author\/adbv0\/"},"uagb_comment_info":0,"uagb_excerpt":"Jacques Aboab Naci\u00f3 en Constantinopla, actual Estambul, capital de Turqu\u00eda, el 15 de abril de 1889. Jud\u00edo de nacimiento, pas\u00f3 su infancia en Argelia, al norte de \u00c1frica. En su adolescencia se traslad\u00f3 a Francia, donde se dedic\u00f3 al oficio de vendedor ambulante, recorriendo todo el pa\u00eds, desde Breta\u00f1a hasta el Midi y desde el&hellip;","jetpack_sharing_enabled":true,"_links":{"self":[{"href":"https:\/\/nuevo-renacer.com\/it\/wp-json\/wp\/v2\/pages\/8427","targetHints":{"allow":["GET"]}}],"collection":[{"href":"https:\/\/nuevo-renacer.com\/it\/wp-json\/wp\/v2\/pages"}],"about":[{"href":"https:\/\/nuevo-renacer.com\/it\/wp-json\/wp\/v2\/types\/page"}],"author":[{"embeddable":true,"href":"https:\/\/nuevo-renacer.com\/it\/wp-json\/wp\/v2\/users\/1"}],"replies":[{"embeddable":true,"href":"https:\/\/nuevo-renacer.com\/it\/wp-json\/wp\/v2\/comments?post=8427"}],"version-history":[{"count":1,"href":"https:\/\/nuevo-renacer.com\/it\/wp-json\/wp\/v2\/pages\/8427\/revisions"}],"predecessor-version":[{"id":8429,"href":"https:\/\/nuevo-renacer.com\/it\/wp-json\/wp\/v2\/pages\/8427\/revisions\/8429"}],"wp:attachment":[{"href":"https:\/\/nuevo-renacer.com\/it\/wp-json\/wp\/v2\/media?parent=8427"}],"curies":[{"name":"wp","href":"https:\/\/api.w.org\/{rel}","templated":true}]}}