{"id":8421,"date":"2025-07-18T12:59:12","date_gmt":"2025-07-18T12:59:12","guid":{"rendered":"https:\/\/nuevo-renacer.com\/?page_id=8421"},"modified":"2025-07-18T12:59:16","modified_gmt":"2025-07-18T12:59:16","slug":"jean-meyer","status":"publish","type":"page","link":"https:\/\/nuevo-renacer.com\/it\/jean-meyer\/","title":{"rendered":"Jean Meyer"},"content":{"rendered":"<div class=\"wp-block-uagb-container uagb-block-c6b8849f alignfull uagb-is-root-container\"><div class=\"uagb-container-inner-blocks-wrap\">\n<p class=\"has-black-color has-text-color has-link-color has-medium-font-size wp-elements-3e3f041f6d5563d9f24fd4504ce64006\"><strong>Jean Meyer<\/strong><\/p>\n<\/div><\/div>\n\n\n\n<div class=\"wp-block-uagb-container uagb-block-9a523b8d alignfull uagb-is-root-container\"><div class=\"uagb-container-inner-blocks-wrap\">\n<figure class=\"wp-block-image size-full is-resized\"><img fetchpriority=\"high\" decoding=\"async\" width=\"1000\" height=\"779\" src=\"https:\/\/nuevo-renacer.com\/wp-content\/uploads\/2025\/07\/Jean-Meyer.jpg\" alt=\"\" class=\"wp-image-8422\" style=\"width:309px;height:auto\" srcset=\"https:\/\/nuevo-renacer.com\/wp-content\/uploads\/2025\/07\/Jean-Meyer.jpg 1000w, https:\/\/nuevo-renacer.com\/wp-content\/uploads\/2025\/07\/Jean-Meyer-300x234.jpg 300w, https:\/\/nuevo-renacer.com\/wp-content\/uploads\/2025\/07\/Jean-Meyer-768x598.jpg 768w, https:\/\/nuevo-renacer.com\/wp-content\/uploads\/2025\/07\/Jean-Meyer-15x12.jpg 15w\" sizes=\"(max-width: 1000px) 100vw, 1000px\" \/><\/figure>\n<\/div><\/div>\n\n\n\n<div class=\"wp-block-uagb-container uagb-block-b68fa6cb alignfull uagb-is-root-container\"><div class=\"uagb-container-inner-blocks-wrap\">\n<p class=\"has-black-color has-text-color has-link-color has-small-font-size wp-elements-ac761262e09f7acf5d4c361a0739b047\">Nacido en Riken (Suiza) el 8 de julio de 1855 y fallecido en B\u00e9ziers (Francia) el 13 de abril de 1931. Jean Meyer, escritor, cient\u00edfico, fil\u00e1ntropo y fil\u00f3sofo suizo, fue una de las figuras espiritistas m\u00e1s destacadas de principios del siglo XX. Convertido al espiritismo tras leer las obras de Allan Kardec y L\u00e9on Denis, se dedic\u00f3 en cuerpo y alma a la grandiosa tarea de difundir la Doctrina de los Esp\u00edritus. Poseedor de una considerable fortuna material, la puso al servicio del espiritismo, dedic\u00e1ndose con denuedo y verdadero amor a la tarea de difundir sus postulados fundamentales.<\/p>\n\n\n\n<p class=\"has-black-color has-text-color has-link-color has-small-font-size wp-elements-b157fecb147eb319681eceda32c002be\">Gracias a su contribuci\u00f3n financiera y apoyo moral, se fund\u00f3 en Par\u00eds, donde se hab\u00eda trasladado en plena juventud, el \u00abInstituto Internacional de Metaps\u00edquica\u00bb, cuyo primer presidente fue el Dr. Roque Santol\u00edquido, notable profesor, diputado y ministro de Salud P\u00fablica y consejero gubernamental en Italia. La vicepresidencia de esta nueva instituci\u00f3n la ocup\u00f3 el no menos famoso Dr. Gustavo Geley. Por sus relevantes trabajos, este instituto fue considerado de \u00abutilidad p\u00fablica\u00bb por el gobierno franc\u00e9s. En el momento de su desencarnaci\u00f3n, Jean Meyer era director propietario de la \u00abRevue Spirite\u00bb, fundada por Allan Kardec, ejerciendo su direcci\u00f3n entre los a\u00f1os 1916 y 1931. En 1917, en su propia residencia, Vila Valrose, en Par\u00eds, se fund\u00f3 la \u00abUni\u00f3n Espiritista Francesa\u00bb, teniendo como principales compa\u00f1eros a Gabriel Delanne y L\u00e9on Denis. Tambi\u00e9n fue vicepresidente de la \u00abCasa de los Espiritistas\u00bb, de la misma ciudad; miembro destacado de la \u00abSociedad de Estudios Metaps\u00edquicos\u00bb y del \u00abInstituto Internacional de Metaps\u00edquica\u00bb, vicepresidente del \u00abCongreso Espiritista Internacional de La Haya\u00bb, vicepresidente de la \u00abFederaci\u00f3n Espiritista Internacional\u00bb, cuando ten\u00eda su sede en Par\u00eds, adem\u00e1s de haber sido miembro de numerosas entidades cient\u00edficas de Francia y otros pa\u00edses.<\/p>\n\n\n\n<p class=\"has-black-color has-text-color has-link-color has-small-font-size wp-elements-e86633fa96752bd0ed9291fe7e0eba6b\">Jean Meyer se dedic\u00f3 decididamente al estudio de los aspectos filos\u00f3ficos y cient\u00edficos de la Doctrina Esp\u00edrita, sin descuidar la parte filantr\u00f3pica, apoyando financieramente a varias instituciones asistenciales, entre ellas una obra construida en Lyon por las se\u00f1oras Stephen y Dayt. El gran cosechador gast\u00f3 una parte considerable de su fortuna en la difusi\u00f3n del espiritismo a trav\u00e9s de las \u00abEdiciones Meyer\u00bb y en el sostenimiento de instituciones doctrinales, entre las que destaca la \u00abUni\u00f3n Espiritista Francesa\u00bb. Inici\u00f3 numerosos estudios con el Dr. Gustavo Geley* en el \u00abInstituto Internacional de Metaps\u00edquica\u00bb, ya que era un investigador persistente de los fen\u00f3menos espiritistas, hasta el punto de merecer de L\u00e9on Chevreuil, uno de los presidentes de la \u00abUni\u00f3n Espiritista Francesa\u00bb, la afirmaci\u00f3n de que \u00absin Meyer, la metaps\u00edquica no existir\u00eda\u00bb.<\/p>\n\n\n\n<p class=\"has-black-color has-text-color has-link-color has-small-font-size wp-elements-c8bf3913762f0661711e1cdb3d3b69f7\">Como vicepresidente de la Comisi\u00f3n Ejecutiva del \u00abCongreso Espiritista Internacional\u00bb, celebrado en Par\u00eds del 6 al 13 de septiembre de 1925, Meyer trabaj\u00f3 con ah\u00ednco, destacando de manera impresionante sus conocimientos cient\u00edficos. En el Congreso Espiritista de Londres, celebrado en 1928, en el que particip\u00f3 junto a \u00abSir\u00bb Arthur Conan Doyle, quien lo apreciaba mucho, pronunci\u00f3 las siguientes palabras: \u00abEs mediante la uni\u00f3n de la ciencia con el espiritismo, con esa fe racional que nos da, ayud\u00e1ndonos unos a otros, que llegaremos a una comprensi\u00f3n cada vez m\u00e1s justa y siempre m\u00e1s elevada de la obra de Dios\u00bb. Podemos afirmar sin dudar que Jean Meyer fue uno de los continuadores m\u00e1s leg\u00edtimos de la obra de Allan Kardec, incluso por el mantenimiento de las tiradas de la \u00abRevue Spirite\u00bb durante unos 15 a\u00f1os y por la realizaci\u00f3n de una intensa divulgaci\u00f3n de los postulados espiritistas, en una \u00e9poca en la que la nueva doctrina revelada comenzaba a aclarar los sombr\u00edos horizontes del mundo con el esplendor de su luz. Jean Meyer no fue un hombre que enterr\u00f3 su talento, seg\u00fan la sabia frase de los Evangelios. Se convenci\u00f3 de que la fortuna material debe ponerse al servicio de causas nobles, por lo que no dud\u00f3 en poner ese legado transitorio, que hab\u00eda recibido de los Cielos, al servicio del espiritismo y de los menos favorecidos por los bienes terrenales, pero tambi\u00e9n puso su inteligencia, su fe inquebrantable y todas las fuerzas de que dispon\u00eda para que esa misma causa triunfara.<\/p>\n<\/div><\/div>\n\n\n\n<div class=\"wp-block-uagb-container uagb-block-8f91b0af alignfull uagb-is-root-container\"><div class=\"uagb-container-inner-blocks-wrap\"><\/div><\/div>\n\n\n\n<div class=\"wp-block-uagb-container uagb-block-6f6fe01c alignfull uagb-is-root-container\"><div class=\"uagb-container-inner-blocks-wrap\"><\/div><\/div>","protected":false},"excerpt":{"rendered":"<p>Jean Meyer Nacido en Riken (Suiza) el 8 de julio de 1855 y fallecido en B\u00e9ziers (Francia) el 13 de abril de 1931. Jean Meyer, escritor, cient\u00edfico, fil\u00e1ntropo y fil\u00f3sofo suizo, fue una de las figuras espiritistas m\u00e1s destacadas de principios del siglo XX. Convertido al espiritismo tras leer las obras de Allan Kardec y [&hellip;]<\/p>","protected":false},"author":1,"featured_media":0,"parent":0,"menu_order":0,"comment_status":"closed","ping_status":"closed","template":"","meta":{"_uag_custom_page_level_css":"","site-sidebar-layout":"default","site-content-layout":"","ast-site-content-layout":"default","site-content-style":"default","site-sidebar-style":"default","ast-global-header-display":"","ast-banner-title-visibility":"","ast-main-header-display":"","ast-hfb-above-header-display":"","ast-hfb-below-header-display":"","ast-hfb-mobile-header-display":"","site-post-title":"disabled","ast-breadcrumbs-content":"","ast-featured-img":"","footer-sml-layout":"","theme-transparent-header-meta":"","adv-header-id-meta":"","stick-header-meta":"","header-above-stick-meta":"","header-main-stick-meta":"","header-below-stick-meta":"","astra-migrate-meta-layouts":"set","ast-page-background-enabled":"default","ast-page-background-meta":{"desktop":{"background-color":"var(--ast-global-color-4)","background-image":"","background-repeat":"repeat","background-position":"center center","background-size":"auto","background-attachment":"scroll","background-type":"","background-media":"","overlay-type":"","overlay-color":"","overlay-opacity":"","overlay-gradient":""},"tablet":{"background-color":"","background-image":"","background-repeat":"repeat","background-position":"center center","background-size":"auto","background-attachment":"scroll","background-type":"","background-media":"","overlay-type":"","overlay-color":"","overlay-opacity":"","overlay-gradient":""},"mobile":{"background-color":"","background-image":"","background-repeat":"repeat","background-position":"center center","background-size":"auto","background-attachment":"scroll","background-type":"","background-media":"","overlay-type":"","overlay-color":"","overlay-opacity":"","overlay-gradient":""}},"ast-content-background-meta":{"desktop":{"background-color":"var(--ast-global-color-5)","background-image":"","background-repeat":"repeat","background-position":"center center","background-size":"auto","background-attachment":"scroll","background-type":"","background-media":"","overlay-type":"","overlay-color":"","overlay-opacity":"","overlay-gradient":""},"tablet":{"background-color":"var(--ast-global-color-5)","background-image":"","background-repeat":"repeat","background-position":"center center","background-size":"auto","background-attachment":"scroll","background-type":"","background-media":"","overlay-type":"","overlay-color":"","overlay-opacity":"","overlay-gradient":""},"mobile":{"background-color":"var(--ast-global-color-5)","background-image":"","background-repeat":"repeat","background-position":"center center","background-size":"auto","background-attachment":"scroll","background-type":"","background-media":"","overlay-type":"","overlay-color":"","overlay-opacity":"","overlay-gradient":""}},"footnotes":""},"class_list":["post-8421","page","type-page","status-publish","hentry"],"yoast_head":"<!-- This site is optimized with the Yoast SEO Premium plugin v24.2 (Yoast SEO v24.6) - https:\/\/yoast.com\/wordpress\/plugins\/seo\/ -->\n<title>Jean Meyer - Uni\u00f3n Esp\u00edrita<\/title>\n<meta name=\"robots\" content=\"index, follow, max-snippet:-1, max-image-preview:large, max-video-preview:-1\" \/>\n<link rel=\"canonical\" href=\"https:\/\/nuevo-renacer.com\/it\/jean-meyer\/\" \/>\n<meta property=\"og:locale\" content=\"it_IT\" \/>\n<meta property=\"og:type\" content=\"article\" \/>\n<meta property=\"og:title\" content=\"Jean Meyer\" \/>\n<meta property=\"og:description\" content=\"Jean Meyer Nacido en Riken (Suiza) el 8 de julio de 1855 y fallecido en B\u00e9ziers (Francia) el 13 de abril de 1931. Jean Meyer, escritor, cient\u00edfico, fil\u00e1ntropo y fil\u00f3sofo suizo, fue una de las figuras espiritistas m\u00e1s destacadas de principios del siglo XX. Convertido al espiritismo tras leer las obras de Allan Kardec y [&hellip;]\" \/>\n<meta property=\"og:url\" content=\"https:\/\/nuevo-renacer.com\/it\/jean-meyer\/\" \/>\n<meta property=\"og:site_name\" content=\"Uni\u00f3n Esp\u00edrita\" \/>\n<meta property=\"article:publisher\" content=\"https:\/\/www.facebook.com\/groups\/3431398063740829\" \/>\n<meta property=\"article:modified_time\" content=\"2025-07-18T12:59:16+00:00\" \/>\n<meta property=\"og:image\" content=\"https:\/\/nuevo-renacer.com\/wp-content\/uploads\/2025\/07\/Jean-Meyer.jpg\" \/>\n\t<meta property=\"og:image:width\" content=\"1000\" \/>\n\t<meta property=\"og:image:height\" content=\"779\" \/>\n\t<meta property=\"og:image:type\" content=\"image\/jpeg\" \/>\n<meta name=\"twitter:card\" content=\"summary_large_image\" \/>\n<meta name=\"twitter:label1\" content=\"Tempo di lettura stimato\" \/>\n\t<meta name=\"twitter:data1\" content=\"4 minuti\" \/>\n<script type=\"application\/ld+json\" class=\"yoast-schema-graph\">{\"@context\":\"https:\/\/schema.org\",\"@graph\":[{\"@type\":\"WebPage\",\"@id\":\"https:\/\/nuevo-renacer.com\/jean-meyer\/\",\"url\":\"https:\/\/nuevo-renacer.com\/jean-meyer\/\",\"name\":\"Jean Meyer - Uni\u00f3n Esp\u00edrita\",\"isPartOf\":{\"@id\":\"https:\/\/nuevo-renacer.com\/#website\"},\"primaryImageOfPage\":{\"@id\":\"https:\/\/nuevo-renacer.com\/jean-meyer\/#primaryimage\"},\"image\":{\"@id\":\"https:\/\/nuevo-renacer.com\/jean-meyer\/#primaryimage\"},\"thumbnailUrl\":\"https:\/\/nuevo-renacer.com\/wp-content\/uploads\/2025\/07\/Jean-Meyer.jpg\",\"datePublished\":\"2025-07-18T12:59:12+00:00\",\"dateModified\":\"2025-07-18T12:59:16+00:00\",\"breadcrumb\":{\"@id\":\"https:\/\/nuevo-renacer.com\/jean-meyer\/#breadcrumb\"},\"inLanguage\":\"it-IT\",\"potentialAction\":[{\"@type\":\"ReadAction\",\"target\":[\"https:\/\/nuevo-renacer.com\/jean-meyer\/\"]}]},{\"@type\":\"ImageObject\",\"inLanguage\":\"it-IT\",\"@id\":\"https:\/\/nuevo-renacer.com\/jean-meyer\/#primaryimage\",\"url\":\"https:\/\/nuevo-renacer.com\/wp-content\/uploads\/2025\/07\/Jean-Meyer.jpg\",\"contentUrl\":\"https:\/\/nuevo-renacer.com\/wp-content\/uploads\/2025\/07\/Jean-Meyer.jpg\"},{\"@type\":\"BreadcrumbList\",\"@id\":\"https:\/\/nuevo-renacer.com\/jean-meyer\/#breadcrumb\",\"itemListElement\":[{\"@type\":\"ListItem\",\"position\":1,\"name\":\"Startseite\",\"item\":\"https:\/\/nuevo-renacer.com\/\"},{\"@type\":\"ListItem\",\"position\":2,\"name\":\"Jean Meyer\"}]},{\"@type\":\"WebSite\",\"@id\":\"https:\/\/nuevo-renacer.com\/#website\",\"url\":\"https:\/\/nuevo-renacer.com\/\",\"name\":\"Uni\u00f3n Esp\u00edrita\",\"description\":\"Nuevo Renacer\",\"publisher\":{\"@id\":\"https:\/\/nuevo-renacer.com\/#organization\"},\"potentialAction\":[{\"@type\":\"SearchAction\",\"target\":{\"@type\":\"EntryPoint\",\"urlTemplate\":\"https:\/\/nuevo-renacer.com\/?s={search_term_string}\"},\"query-input\":{\"@type\":\"PropertyValueSpecification\",\"valueRequired\":true,\"valueName\":\"search_term_string\"}}],\"inLanguage\":\"it-IT\"},{\"@type\":\"Organization\",\"@id\":\"https:\/\/nuevo-renacer.com\/#organization\",\"name\":\"UFEC\",\"url\":\"https:\/\/nuevo-renacer.com\/\",\"logo\":{\"@type\":\"ImageObject\",\"inLanguage\":\"it-IT\",\"@id\":\"https:\/\/nuevo-renacer.com\/#\/schema\/logo\/image\/\",\"url\":\"https:\/\/nuevo-renacer.com\/wp-content\/uploads\/2024\/05\/cropped-LOGO-TERMINADO1-3-3.png\",\"contentUrl\":\"https:\/\/nuevo-renacer.com\/wp-content\/uploads\/2024\/05\/cropped-LOGO-TERMINADO1-3-3.png\",\"width\":512,\"height\":512,\"caption\":\"UFEC\"},\"image\":{\"@id\":\"https:\/\/nuevo-renacer.com\/#\/schema\/logo\/image\/\"},\"sameAs\":[\"https:\/\/www.facebook.com\/groups\/3431398063740829\"]}]}<\/script>\n<!-- \/ Yoast SEO Premium plugin. -->","yoast_head_json":{"title":"Jean Meyer - Uni\u00f3n Esp\u00edrita","robots":{"index":"index","follow":"follow","max-snippet":"max-snippet:-1","max-image-preview":"max-image-preview:large","max-video-preview":"max-video-preview:-1"},"canonical":"https:\/\/nuevo-renacer.com\/it\/jean-meyer\/","og_locale":"it_IT","og_type":"article","og_title":"Jean Meyer","og_description":"Jean Meyer Nacido en Riken (Suiza) el 8 de julio de 1855 y fallecido en B\u00e9ziers (Francia) el 13 de abril de 1931. Jean Meyer, escritor, cient\u00edfico, fil\u00e1ntropo y fil\u00f3sofo suizo, fue una de las figuras espiritistas m\u00e1s destacadas de principios del siglo XX. Convertido al espiritismo tras leer las obras de Allan Kardec y [&hellip;]","og_url":"https:\/\/nuevo-renacer.com\/it\/jean-meyer\/","og_site_name":"Uni\u00f3n Esp\u00edrita","article_publisher":"https:\/\/www.facebook.com\/groups\/3431398063740829","article_modified_time":"2025-07-18T12:59:16+00:00","og_image":[{"width":1000,"height":779,"url":"https:\/\/nuevo-renacer.com\/wp-content\/uploads\/2025\/07\/Jean-Meyer.jpg","type":"image\/jpeg"}],"twitter_card":"summary_large_image","twitter_misc":{"Tempo di lettura stimato":"4 minuti"},"schema":{"@context":"https:\/\/schema.org","@graph":[{"@type":"WebPage","@id":"https:\/\/nuevo-renacer.com\/jean-meyer\/","url":"https:\/\/nuevo-renacer.com\/jean-meyer\/","name":"Jean Meyer - Uni\u00f3n Esp\u00edrita","isPartOf":{"@id":"https:\/\/nuevo-renacer.com\/#website"},"primaryImageOfPage":{"@id":"https:\/\/nuevo-renacer.com\/jean-meyer\/#primaryimage"},"image":{"@id":"https:\/\/nuevo-renacer.com\/jean-meyer\/#primaryimage"},"thumbnailUrl":"https:\/\/nuevo-renacer.com\/wp-content\/uploads\/2025\/07\/Jean-Meyer.jpg","datePublished":"2025-07-18T12:59:12+00:00","dateModified":"2025-07-18T12:59:16+00:00","breadcrumb":{"@id":"https:\/\/nuevo-renacer.com\/jean-meyer\/#breadcrumb"},"inLanguage":"it-IT","potentialAction":[{"@type":"ReadAction","target":["https:\/\/nuevo-renacer.com\/jean-meyer\/"]}]},{"@type":"ImageObject","inLanguage":"it-IT","@id":"https:\/\/nuevo-renacer.com\/jean-meyer\/#primaryimage","url":"https:\/\/nuevo-renacer.com\/wp-content\/uploads\/2025\/07\/Jean-Meyer.jpg","contentUrl":"https:\/\/nuevo-renacer.com\/wp-content\/uploads\/2025\/07\/Jean-Meyer.jpg"},{"@type":"BreadcrumbList","@id":"https:\/\/nuevo-renacer.com\/jean-meyer\/#breadcrumb","itemListElement":[{"@type":"ListItem","position":1,"name":"Startseite","item":"https:\/\/nuevo-renacer.com\/"},{"@type":"ListItem","position":2,"name":"Jean Meyer"}]},{"@type":"WebSite","@id":"https:\/\/nuevo-renacer.com\/#website","url":"https:\/\/nuevo-renacer.com\/","name":"Uni\u00f3n Esp\u00edrita","description":"Nuevo Renacer","publisher":{"@id":"https:\/\/nuevo-renacer.com\/#organization"},"potentialAction":[{"@type":"SearchAction","target":{"@type":"EntryPoint","urlTemplate":"https:\/\/nuevo-renacer.com\/?s={search_term_string}"},"query-input":{"@type":"PropertyValueSpecification","valueRequired":true,"valueName":"search_term_string"}}],"inLanguage":"it-IT"},{"@type":"Organization","@id":"https:\/\/nuevo-renacer.com\/#organization","name":"UFEC","url":"https:\/\/nuevo-renacer.com\/","logo":{"@type":"ImageObject","inLanguage":"it-IT","@id":"https:\/\/nuevo-renacer.com\/#\/schema\/logo\/image\/","url":"https:\/\/nuevo-renacer.com\/wp-content\/uploads\/2024\/05\/cropped-LOGO-TERMINADO1-3-3.png","contentUrl":"https:\/\/nuevo-renacer.com\/wp-content\/uploads\/2024\/05\/cropped-LOGO-TERMINADO1-3-3.png","width":512,"height":512,"caption":"UFEC"},"image":{"@id":"https:\/\/nuevo-renacer.com\/#\/schema\/logo\/image\/"},"sameAs":["https:\/\/www.facebook.com\/groups\/3431398063740829"]}]}},"uagb_featured_image_src":{"full":false,"thumbnail":false,"medium":false,"medium_large":false,"large":false,"1536x1536":false,"2048x2048":false,"trp-custom-language-flag":false},"uagb_author_info":{"display_name":"adbv0","author_link":"https:\/\/nuevo-renacer.com\/it\/author\/adbv0\/"},"uagb_comment_info":0,"uagb_excerpt":"Jean Meyer Nacido en Riken (Suiza) el 8 de julio de 1855 y fallecido en B\u00e9ziers (Francia) el 13 de abril de 1931. Jean Meyer, escritor, cient\u00edfico, fil\u00e1ntropo y fil\u00f3sofo suizo, fue una de las figuras espiritistas m\u00e1s destacadas de principios del siglo XX. Convertido al espiritismo tras leer las obras de Allan Kardec y&hellip;","jetpack_sharing_enabled":true,"_links":{"self":[{"href":"https:\/\/nuevo-renacer.com\/it\/wp-json\/wp\/v2\/pages\/8421","targetHints":{"allow":["GET"]}}],"collection":[{"href":"https:\/\/nuevo-renacer.com\/it\/wp-json\/wp\/v2\/pages"}],"about":[{"href":"https:\/\/nuevo-renacer.com\/it\/wp-json\/wp\/v2\/types\/page"}],"author":[{"embeddable":true,"href":"https:\/\/nuevo-renacer.com\/it\/wp-json\/wp\/v2\/users\/1"}],"replies":[{"embeddable":true,"href":"https:\/\/nuevo-renacer.com\/it\/wp-json\/wp\/v2\/comments?post=8421"}],"version-history":[{"count":1,"href":"https:\/\/nuevo-renacer.com\/it\/wp-json\/wp\/v2\/pages\/8421\/revisions"}],"predecessor-version":[{"id":8423,"href":"https:\/\/nuevo-renacer.com\/it\/wp-json\/wp\/v2\/pages\/8421\/revisions\/8423"}],"wp:attachment":[{"href":"https:\/\/nuevo-renacer.com\/it\/wp-json\/wp\/v2\/media?parent=8421"}],"curies":[{"name":"wp","href":"https:\/\/api.w.org\/{rel}","templated":true}]}}