{"id":8404,"date":"2025-07-07T11:41:59","date_gmt":"2025-07-07T11:41:59","guid":{"rendered":"https:\/\/nuevo-renacer.com\/?page_id=8404"},"modified":"2025-07-07T11:42:02","modified_gmt":"2025-07-07T11:42:02","slug":"fernando-miramez-de-olivideo","status":"publish","type":"page","link":"https:\/\/nuevo-renacer.com\/it\/fernando-miramez-de-olivideo\/","title":{"rendered":"Fernando Miramez de Oliv\u00eddeo"},"content":{"rendered":"<div class=\"wp-block-uagb-container uagb-block-2082942c alignfull uagb-is-root-container\"><div class=\"uagb-container-inner-blocks-wrap\">\n<p class=\"has-black-color has-text-color has-link-color has-medium-font-size wp-elements-cba2740858ed0f9302b970ef3bfbc537\"><strong>Fernando Miramez de Oliv\u00eddeo<\/strong><\/p>\n<\/div><\/div>\n\n\n\n<div class=\"wp-block-uagb-container uagb-block-60ee9028 alignfull uagb-is-root-container\"><div class=\"uagb-container-inner-blocks-wrap\">\n<figure class=\"wp-block-image size-full is-resized\"><img fetchpriority=\"high\" decoding=\"async\" width=\"300\" height=\"399\" src=\"https:\/\/nuevo-renacer.com\/wp-content\/uploads\/2025\/07\/Fernando-Miramez-de-Olivideo.jpg\" alt=\"\" class=\"wp-image-8405\" style=\"width:249px;height:auto\" srcset=\"https:\/\/nuevo-renacer.com\/wp-content\/uploads\/2025\/07\/Fernando-Miramez-de-Olivideo.jpg 300w, https:\/\/nuevo-renacer.com\/wp-content\/uploads\/2025\/07\/Fernando-Miramez-de-Olivideo-226x300.jpg 226w, https:\/\/nuevo-renacer.com\/wp-content\/uploads\/2025\/07\/Fernando-Miramez-de-Olivideo-9x12.jpg 9w\" sizes=\"(max-width: 300px) 100vw, 300px\" \/><\/figure>\n<\/div><\/div>\n\n\n\n<div class=\"wp-block-uagb-container uagb-block-8da67d6a alignfull uagb-is-root-container\"><div class=\"uagb-container-inner-blocks-wrap\">\n<p class=\"has-black-color has-text-color has-link-color has-small-font-size wp-elements-28fd2022a158ddb6784c4a78d92c17cd\">Miramez era figlio di una coppia nobile che viveva nel nord della Spagna. Sua madre era francese e suo padre portoghese. Intelligente e studioso, fin dalla tenera et\u00e0 si interess\u00f2 alla scoperta delle Americhe, dove, in varie occasioni, si vedeva sbarcare in porti ritenuti benedetti. Miramez era intimo di Filippo IV, re di Spagna, che conosceva i suoi principi di integrit\u00e0 e alta morale. Tuttavia, per il re, Ferdinando aveva carenze che intendeva correggere: era contrario alle guerre, ripudiava la violenza e sosteneva i diritti dei popoli e soprattutto degli individui. Per questo lo design\u00f2, con poteri di capo di stato, come \u00able orecchie del re e la bocca della Spagna\u00bb nelle Terre di Santa Cruz, al fine di seguire da vicino l'azione colonialista del Portogallo in America. La stessa notte in cui il re gli fece l'invito, Miramez sent\u00ec che qualcosa che da tempo accarezzava nella sua anima cominciava a realizzarsi. In un sonno tranquillo, fu portato su un viaggio astrale alle terre dove presto sarebbe sbarcato. Il giorno seguente si svegli\u00f2 canticchiando, avvolto da una strana gioia, quella che accompagna tutti coloro che pensano, vivono e agiscono per il bene dell'umanit\u00e0.<\/p>\n\n\n\n<p class=\"has-black-color has-text-color has-link-color has-small-font-size wp-elements-e969597d34b15f86a13cb097fbe9d651\">Cos\u00ec, un giorno dell'anno 1649, quando regnava a Roma Innocenzo X, sbarcava sulla costa del Brasile, in segreto, in qualit\u00e0 di turista, l'inviato del re di Spagna. Gentile e socievole, parlava molte lingue e, gi\u00e0 sulla barca che lo trasportava alla spiaggia, si relazion\u00f2 con i rematori schiavi. Un fatto notevole al suo arrivo fu che diversi indigeni che si trovavano sulla spiaggia si avvicinarono a lui come per dargli il benvenuto, mentre lo stregone della trib\u00f9 indicava alla sua destra ed esclamava: \u00abBabagi! ! Babagi!\u00bb. Nella tradizione indigena, Babagi era la divinit\u00e0 responsabile della guarigione effettuata attraverso i paj\u00e9s di ogni trib\u00f9. Era, in realt\u00e0, un'entit\u00e0 spirituale che accompagnava Miramez. Ben presto si sent\u00ec circondato dai suoi nuovi amici, che vedevano in lui la possibilit\u00e0 di alleviare le sofferenze e le persecuzioni che soffrivano sotto il dominio degli invasori stranieri. In poco tempo, Fernando aveva gi\u00e0 assimilato i vari dialetti indigeni e africani, muovendosi liberamente tra gli umili.<\/p>\n\n\n\n<p class=\"has-black-color has-text-color has-link-color has-small-font-size wp-elements-1db66a346660180755e7b9975ce0cac8\">Una notte, mentre contemplava le stelle, fu invaso da un forte ricordo della sua lontana patria, dove possedeva innumerevoli e preziosi beni, tra propriet\u00e0 e terre. Mentre meditava se dovesse ritornare in Spagna, sent\u00ec una voce morbida, come nata nella sua coscienza, che gli raccomandava di fare ci\u00f2 che il giovane ricco menzionato nel Vangelo si rifiut\u00f2 di fare quando Ges\u00f9 gli consigli\u00f2 di disfarsi dei suoi beni prima di seguirlo (Matteo, XIX: 16-24; Luca XVII: 18-25; Marco X: 25): \u00abVai, vendi tutti i tuoi beni, distribuiscili tra i poveri e avrai un tesoro in cielo; poi vieni a seguirmi\u00bb. Sorpreso, sentivo di conoscere quella voce, ma da dove? Le sembrava di averla gi\u00e0 sentita prima, ma quando? Si sentiva perso nell'oceano dei secoli.<\/p>\n\n\n\n<p class=\"has-black-color has-text-color has-link-color has-small-font-size wp-elements-6e263438cc4e83b1cc0c18db89da1e0c\">Ma la voce si fece sentire di nuovo. Fernando, puoi vendere tutti i tuoi possedimenti in Spagna e distribuire il denaro ai bisognosi della tua patria! Quelli di qui, che hanno bisogno di passare per processi rinnovatori, hanno pi\u00f9 bisogno della tua ricchezza mentale, del risultato delle tue mani laboriose, del tesoro immagazzinato nel tuo cuore e della tua presenza confortante\u00bb. Miramez invi\u00f2 quindi un mandato ai suoi amici di fiducia, autorizzandoli a disporre dei loro beni e distribuire il risultato tra i bisognosi e quelli che soffrivano nella penisola iberica, passando a vivere con la coscienza tranquilla e svolgendo un importante lavoro di mediazione. Alcuni indiani e negri non andavano d'accordo, si tormentavano l'un l'altro. Lavorando duramente per il riavvicinamento e la convivenza delle due razze, in poco tempo i loro sforzi hanno dato risultati: indiani e neri hanno iniziato a celebrare insieme le loro tradizioni, uniti dai legami dell'ideale, dell'amicizia e della sofferenza. Miramez cominci\u00f2 allora a frequentare il gruppo di catechisti europei, poich\u00e9 l\u00ec trov\u00f2 un campo propizio alla pratica dei suoi ideali. Come risultato del loro lavoro e sforzo congiunto, nel 1680 fu promulgata la legge per la protezione degli indigeni.<\/p>\n\n\n\n<p class=\"has-black-color has-text-color has-link-color has-small-font-size wp-elements-7feaec0b88abae0ba688c29978c9d795\">La sua morte \u00e8 avvenuta in un clima di grande serenit\u00e0. I negri e gli indigeni catechizzati formavano una lunga fila per baciare le mani che li avevano tanto aiutati. Mentre era ancora lucido, Miramez li benedisse uno per uno. Nei suoi ultimi istanti, Fernando Miramez de Oliv\u00eddeo ha percepito la presenza della sua amorevole madre e di un'entit\u00e0 sublime che ha preferito non identificare, ritenendo che non meritasse tale onore. Con le lacrime agli occhi, Miramez si stacc\u00f2 dal vaso fisico e, fuori di esso, pianse di felicit\u00e0 e gratitudine per essere entrato in Brasile attraverso le porte dell'amore e della carit\u00e0, che gli furono aperte da Ges\u00f9.<\/p>\n<\/div><\/div>\n\n\n\n<div class=\"wp-block-uagb-container uagb-block-369f1c1c alignfull uagb-is-root-container\"><div class=\"uagb-container-inner-blocks-wrap\"><\/div><\/div>\n\n\n\n<div class=\"wp-block-uagb-container uagb-block-3ad7a60e alignfull uagb-is-root-container\"><div class=\"uagb-container-inner-blocks-wrap\"><\/div><\/div>","protected":false},"excerpt":{"rendered":"<p>Fernando Miramez de Oliv\u00eddeo Miramez era hijo de una pareja de nobles que viv\u00eda en el norte de Espa\u00f1a. Su madre era francesa y su padre portugu\u00e9s. Inteligente y estudioso, desde muy temprana edad se interes\u00f3 por el descubrimiento de las Am\u00e9ricas, donde, en varias ocasiones, se ve\u00eda desembarcando en puertos que consideraba benditos. Miramez [&hellip;]<\/p>","protected":false},"author":1,"featured_media":0,"parent":0,"menu_order":0,"comment_status":"closed","ping_status":"closed","template":"","meta":{"_uag_custom_page_level_css":"","site-sidebar-layout":"default","site-content-layout":"","ast-site-content-layout":"default","site-content-style":"default","site-sidebar-style":"default","ast-global-header-display":"","ast-banner-title-visibility":"","ast-main-header-display":"","ast-hfb-above-header-display":"","ast-hfb-below-header-display":"","ast-hfb-mobile-header-display":"","site-post-title":"disabled","ast-breadcrumbs-content":"","ast-featured-img":"","footer-sml-layout":"","theme-transparent-header-meta":"","adv-header-id-meta":"","stick-header-meta":"","header-above-stick-meta":"","header-main-stick-meta":"","header-below-stick-meta":"","astra-migrate-meta-layouts":"set","ast-page-background-enabled":"default","ast-page-background-meta":{"desktop":{"background-color":"var(--ast-global-color-4)","background-image":"","background-repeat":"repeat","background-position":"center center","background-size":"auto","background-attachment":"scroll","background-type":"","background-media":"","overlay-type":"","overlay-color":"","overlay-opacity":"","overlay-gradient":""},"tablet":{"background-color":"","background-image":"","background-repeat":"repeat","background-position":"center center","background-size":"auto","background-attachment":"scroll","background-type":"","background-media":"","overlay-type":"","overlay-color":"","overlay-opacity":"","overlay-gradient":""},"mobile":{"background-color":"","background-image":"","background-repeat":"repeat","background-position":"center center","background-size":"auto","background-attachment":"scroll","background-type":"","background-media":"","overlay-type":"","overlay-color":"","overlay-opacity":"","overlay-gradient":""}},"ast-content-background-meta":{"desktop":{"background-color":"var(--ast-global-color-5)","background-image":"","background-repeat":"repeat","background-position":"center center","background-size":"auto","background-attachment":"scroll","background-type":"","background-media":"","overlay-type":"","overlay-color":"","overlay-opacity":"","overlay-gradient":""},"tablet":{"background-color":"var(--ast-global-color-5)","background-image":"","background-repeat":"repeat","background-position":"center center","background-size":"auto","background-attachment":"scroll","background-type":"","background-media":"","overlay-type":"","overlay-color":"","overlay-opacity":"","overlay-gradient":""},"mobile":{"background-color":"var(--ast-global-color-5)","background-image":"","background-repeat":"repeat","background-position":"center center","background-size":"auto","background-attachment":"scroll","background-type":"","background-media":"","overlay-type":"","overlay-color":"","overlay-opacity":"","overlay-gradient":""}},"footnotes":""},"class_list":["post-8404","page","type-page","status-publish","hentry"],"yoast_head":"<!-- This site is optimized with the Yoast SEO Premium plugin v24.2 (Yoast SEO v24.6) - https:\/\/yoast.com\/wordpress\/plugins\/seo\/ -->\n<title>Fernando Miramez de Oliv\u00eddeo - Uni\u00f3n Esp\u00edrita<\/title>\n<meta name=\"robots\" content=\"index, follow, max-snippet:-1, max-image-preview:large, max-video-preview:-1\" \/>\n<link rel=\"canonical\" href=\"https:\/\/nuevo-renacer.com\/it\/fernando-miramez-de-olivideo\/\" \/>\n<meta property=\"og:locale\" content=\"it_IT\" \/>\n<meta property=\"og:type\" content=\"article\" \/>\n<meta property=\"og:title\" content=\"Fernando Miramez de Oliv\u00eddeo\" \/>\n<meta property=\"og:description\" content=\"Fernando Miramez de Oliv\u00eddeo Miramez era hijo de una pareja de nobles que viv\u00eda en el norte de Espa\u00f1a. Su madre era francesa y su padre portugu\u00e9s. Inteligente y estudioso, desde muy temprana edad se interes\u00f3 por el descubrimiento de las Am\u00e9ricas, donde, en varias ocasiones, se ve\u00eda desembarcando en puertos que consideraba benditos. Miramez [&hellip;]\" \/>\n<meta property=\"og:url\" content=\"https:\/\/nuevo-renacer.com\/it\/fernando-miramez-de-olivideo\/\" \/>\n<meta property=\"og:site_name\" content=\"Uni\u00f3n Esp\u00edrita\" \/>\n<meta property=\"article:publisher\" content=\"https:\/\/www.facebook.com\/groups\/3431398063740829\" \/>\n<meta property=\"article:modified_time\" content=\"2025-07-07T11:42:02+00:00\" \/>\n<meta property=\"og:image\" content=\"https:\/\/nuevo-renacer.com\/wp-content\/uploads\/2025\/07\/Fernando-Miramez-de-Olivideo.jpg\" \/>\n\t<meta property=\"og:image:width\" content=\"300\" \/>\n\t<meta property=\"og:image:height\" content=\"399\" \/>\n\t<meta property=\"og:image:type\" content=\"image\/jpeg\" \/>\n<meta name=\"twitter:card\" content=\"summary_large_image\" \/>\n<meta name=\"twitter:label1\" content=\"Tempo di lettura stimato\" \/>\n\t<meta name=\"twitter:data1\" content=\"5 minuti\" \/>\n<script type=\"application\/ld+json\" class=\"yoast-schema-graph\">{\"@context\":\"https:\/\/schema.org\",\"@graph\":[{\"@type\":\"WebPage\",\"@id\":\"https:\/\/nuevo-renacer.com\/fernando-miramez-de-olivideo\/\",\"url\":\"https:\/\/nuevo-renacer.com\/fernando-miramez-de-olivideo\/\",\"name\":\"Fernando Miramez de Oliv\u00eddeo - Uni\u00f3n Esp\u00edrita\",\"isPartOf\":{\"@id\":\"https:\/\/nuevo-renacer.com\/#website\"},\"primaryImageOfPage\":{\"@id\":\"https:\/\/nuevo-renacer.com\/fernando-miramez-de-olivideo\/#primaryimage\"},\"image\":{\"@id\":\"https:\/\/nuevo-renacer.com\/fernando-miramez-de-olivideo\/#primaryimage\"},\"thumbnailUrl\":\"https:\/\/nuevo-renacer.com\/wp-content\/uploads\/2025\/07\/Fernando-Miramez-de-Olivideo.jpg\",\"datePublished\":\"2025-07-07T11:41:59+00:00\",\"dateModified\":\"2025-07-07T11:42:02+00:00\",\"breadcrumb\":{\"@id\":\"https:\/\/nuevo-renacer.com\/fernando-miramez-de-olivideo\/#breadcrumb\"},\"inLanguage\":\"it-IT\",\"potentialAction\":[{\"@type\":\"ReadAction\",\"target\":[\"https:\/\/nuevo-renacer.com\/fernando-miramez-de-olivideo\/\"]}]},{\"@type\":\"ImageObject\",\"inLanguage\":\"it-IT\",\"@id\":\"https:\/\/nuevo-renacer.com\/fernando-miramez-de-olivideo\/#primaryimage\",\"url\":\"https:\/\/nuevo-renacer.com\/wp-content\/uploads\/2025\/07\/Fernando-Miramez-de-Olivideo.jpg\",\"contentUrl\":\"https:\/\/nuevo-renacer.com\/wp-content\/uploads\/2025\/07\/Fernando-Miramez-de-Olivideo.jpg\"},{\"@type\":\"BreadcrumbList\",\"@id\":\"https:\/\/nuevo-renacer.com\/fernando-miramez-de-olivideo\/#breadcrumb\",\"itemListElement\":[{\"@type\":\"ListItem\",\"position\":1,\"name\":\"Startseite\",\"item\":\"https:\/\/nuevo-renacer.com\/\"},{\"@type\":\"ListItem\",\"position\":2,\"name\":\"Fernando Miramez de Oliv\u00eddeo\"}]},{\"@type\":\"WebSite\",\"@id\":\"https:\/\/nuevo-renacer.com\/#website\",\"url\":\"https:\/\/nuevo-renacer.com\/\",\"name\":\"Uni\u00f3n Esp\u00edrita\",\"description\":\"Nuevo Renacer\",\"publisher\":{\"@id\":\"https:\/\/nuevo-renacer.com\/#organization\"},\"potentialAction\":[{\"@type\":\"SearchAction\",\"target\":{\"@type\":\"EntryPoint\",\"urlTemplate\":\"https:\/\/nuevo-renacer.com\/?s={search_term_string}\"},\"query-input\":{\"@type\":\"PropertyValueSpecification\",\"valueRequired\":true,\"valueName\":\"search_term_string\"}}],\"inLanguage\":\"it-IT\"},{\"@type\":\"Organization\",\"@id\":\"https:\/\/nuevo-renacer.com\/#organization\",\"name\":\"UFEC\",\"url\":\"https:\/\/nuevo-renacer.com\/\",\"logo\":{\"@type\":\"ImageObject\",\"inLanguage\":\"it-IT\",\"@id\":\"https:\/\/nuevo-renacer.com\/#\/schema\/logo\/image\/\",\"url\":\"https:\/\/nuevo-renacer.com\/wp-content\/uploads\/2024\/05\/cropped-LOGO-TERMINADO1-3-3.png\",\"contentUrl\":\"https:\/\/nuevo-renacer.com\/wp-content\/uploads\/2024\/05\/cropped-LOGO-TERMINADO1-3-3.png\",\"width\":512,\"height\":512,\"caption\":\"UFEC\"},\"image\":{\"@id\":\"https:\/\/nuevo-renacer.com\/#\/schema\/logo\/image\/\"},\"sameAs\":[\"https:\/\/www.facebook.com\/groups\/3431398063740829\"]}]}<\/script>\n<!-- \/ Yoast SEO Premium plugin. -->","yoast_head_json":{"title":"Fernando Miramez de Oliv\u00eddeo - Uni\u00f3n Esp\u00edrita","robots":{"index":"index","follow":"follow","max-snippet":"max-snippet:-1","max-image-preview":"max-image-preview:large","max-video-preview":"max-video-preview:-1"},"canonical":"https:\/\/nuevo-renacer.com\/it\/fernando-miramez-de-olivideo\/","og_locale":"it_IT","og_type":"article","og_title":"Fernando Miramez de Oliv\u00eddeo","og_description":"Fernando Miramez de Oliv\u00eddeo Miramez era hijo de una pareja de nobles que viv\u00eda en el norte de Espa\u00f1a. Su madre era francesa y su padre portugu\u00e9s. Inteligente y estudioso, desde muy temprana edad se interes\u00f3 por el descubrimiento de las Am\u00e9ricas, donde, en varias ocasiones, se ve\u00eda desembarcando en puertos que consideraba benditos. Miramez [&hellip;]","og_url":"https:\/\/nuevo-renacer.com\/it\/fernando-miramez-de-olivideo\/","og_site_name":"Uni\u00f3n Esp\u00edrita","article_publisher":"https:\/\/www.facebook.com\/groups\/3431398063740829","article_modified_time":"2025-07-07T11:42:02+00:00","og_image":[{"width":300,"height":399,"url":"https:\/\/nuevo-renacer.com\/wp-content\/uploads\/2025\/07\/Fernando-Miramez-de-Olivideo.jpg","type":"image\/jpeg"}],"twitter_card":"summary_large_image","twitter_misc":{"Tempo di lettura stimato":"5 minuti"},"schema":{"@context":"https:\/\/schema.org","@graph":[{"@type":"WebPage","@id":"https:\/\/nuevo-renacer.com\/fernando-miramez-de-olivideo\/","url":"https:\/\/nuevo-renacer.com\/fernando-miramez-de-olivideo\/","name":"Fernando Miramez de Oliv\u00eddeo - Uni\u00f3n Esp\u00edrita","isPartOf":{"@id":"https:\/\/nuevo-renacer.com\/#website"},"primaryImageOfPage":{"@id":"https:\/\/nuevo-renacer.com\/fernando-miramez-de-olivideo\/#primaryimage"},"image":{"@id":"https:\/\/nuevo-renacer.com\/fernando-miramez-de-olivideo\/#primaryimage"},"thumbnailUrl":"https:\/\/nuevo-renacer.com\/wp-content\/uploads\/2025\/07\/Fernando-Miramez-de-Olivideo.jpg","datePublished":"2025-07-07T11:41:59+00:00","dateModified":"2025-07-07T11:42:02+00:00","breadcrumb":{"@id":"https:\/\/nuevo-renacer.com\/fernando-miramez-de-olivideo\/#breadcrumb"},"inLanguage":"it-IT","potentialAction":[{"@type":"ReadAction","target":["https:\/\/nuevo-renacer.com\/fernando-miramez-de-olivideo\/"]}]},{"@type":"ImageObject","inLanguage":"it-IT","@id":"https:\/\/nuevo-renacer.com\/fernando-miramez-de-olivideo\/#primaryimage","url":"https:\/\/nuevo-renacer.com\/wp-content\/uploads\/2025\/07\/Fernando-Miramez-de-Olivideo.jpg","contentUrl":"https:\/\/nuevo-renacer.com\/wp-content\/uploads\/2025\/07\/Fernando-Miramez-de-Olivideo.jpg"},{"@type":"BreadcrumbList","@id":"https:\/\/nuevo-renacer.com\/fernando-miramez-de-olivideo\/#breadcrumb","itemListElement":[{"@type":"ListItem","position":1,"name":"Startseite","item":"https:\/\/nuevo-renacer.com\/"},{"@type":"ListItem","position":2,"name":"Fernando Miramez de Oliv\u00eddeo"}]},{"@type":"WebSite","@id":"https:\/\/nuevo-renacer.com\/#website","url":"https:\/\/nuevo-renacer.com\/","name":"Uni\u00f3n Esp\u00edrita","description":"Nuevo Renacer","publisher":{"@id":"https:\/\/nuevo-renacer.com\/#organization"},"potentialAction":[{"@type":"SearchAction","target":{"@type":"EntryPoint","urlTemplate":"https:\/\/nuevo-renacer.com\/?s={search_term_string}"},"query-input":{"@type":"PropertyValueSpecification","valueRequired":true,"valueName":"search_term_string"}}],"inLanguage":"it-IT"},{"@type":"Organization","@id":"https:\/\/nuevo-renacer.com\/#organization","name":"UFEC","url":"https:\/\/nuevo-renacer.com\/","logo":{"@type":"ImageObject","inLanguage":"it-IT","@id":"https:\/\/nuevo-renacer.com\/#\/schema\/logo\/image\/","url":"https:\/\/nuevo-renacer.com\/wp-content\/uploads\/2024\/05\/cropped-LOGO-TERMINADO1-3-3.png","contentUrl":"https:\/\/nuevo-renacer.com\/wp-content\/uploads\/2024\/05\/cropped-LOGO-TERMINADO1-3-3.png","width":512,"height":512,"caption":"UFEC"},"image":{"@id":"https:\/\/nuevo-renacer.com\/#\/schema\/logo\/image\/"},"sameAs":["https:\/\/www.facebook.com\/groups\/3431398063740829"]}]}},"uagb_featured_image_src":{"full":false,"thumbnail":false,"medium":false,"medium_large":false,"large":false,"1536x1536":false,"2048x2048":false,"trp-custom-language-flag":false},"uagb_author_info":{"display_name":"adbv0","author_link":"https:\/\/nuevo-renacer.com\/it\/author\/adbv0\/"},"uagb_comment_info":0,"uagb_excerpt":"Fernando Miramez de Oliv\u00eddeo Miramez era hijo de una pareja de nobles que viv\u00eda en el norte de Espa\u00f1a. Su madre era francesa y su padre portugu\u00e9s. Inteligente y estudioso, desde muy temprana edad se interes\u00f3 por el descubrimiento de las Am\u00e9ricas, donde, en varias ocasiones, se ve\u00eda desembarcando en puertos que consideraba benditos. Miramez&hellip;","jetpack_sharing_enabled":true,"_links":{"self":[{"href":"https:\/\/nuevo-renacer.com\/it\/wp-json\/wp\/v2\/pages\/8404","targetHints":{"allow":["GET"]}}],"collection":[{"href":"https:\/\/nuevo-renacer.com\/it\/wp-json\/wp\/v2\/pages"}],"about":[{"href":"https:\/\/nuevo-renacer.com\/it\/wp-json\/wp\/v2\/types\/page"}],"author":[{"embeddable":true,"href":"https:\/\/nuevo-renacer.com\/it\/wp-json\/wp\/v2\/users\/1"}],"replies":[{"embeddable":true,"href":"https:\/\/nuevo-renacer.com\/it\/wp-json\/wp\/v2\/comments?post=8404"}],"version-history":[{"count":1,"href":"https:\/\/nuevo-renacer.com\/it\/wp-json\/wp\/v2\/pages\/8404\/revisions"}],"predecessor-version":[{"id":8406,"href":"https:\/\/nuevo-renacer.com\/it\/wp-json\/wp\/v2\/pages\/8404\/revisions\/8406"}],"wp:attachment":[{"href":"https:\/\/nuevo-renacer.com\/it\/wp-json\/wp\/v2\/media?parent=8404"}],"curies":[{"name":"wp","href":"https:\/\/api.w.org\/{rel}","templated":true}]}}