{"id":8398,"date":"2025-07-07T10:56:31","date_gmt":"2025-07-07T10:56:31","guid":{"rendered":"https:\/\/nuevo-renacer.com\/?page_id=8398"},"modified":"2025-07-07T11:00:56","modified_gmt":"2025-07-07T11:00:56","slug":"amelie-gabrielle-boudet","status":"publish","type":"page","link":"https:\/\/nuevo-renacer.com\/it\/amelie-gabrielle-boudet\/","title":{"rendered":"Am\u00e9lie Gabrielle Boudet"},"content":{"rendered":"<div class=\"wp-block-uagb-container uagb-block-490bd73a alignfull uagb-is-root-container\"><div class=\"uagb-container-inner-blocks-wrap\">\n<p class=\"has-black-color has-text-color has-link-color has-medium-font-size wp-elements-8c0f099a972285b9a96894c7aaefb3d6\"><strong>Am\u00e9lie Gabrielle Boudet<\/strong><\/p>\n<\/div><\/div>\n\n\n\n<div class=\"wp-block-uagb-container uagb-block-144bdfa6 alignfull uagb-is-root-container\"><div class=\"uagb-container-inner-blocks-wrap\">\n<figure class=\"wp-block-image size-full is-resized\"><img fetchpriority=\"high\" decoding=\"async\" width=\"300\" height=\"399\" src=\"https:\/\/nuevo-renacer.com\/wp-content\/uploads\/2025\/07\/178966330-300-934d25c8.jpg\" alt=\"\" class=\"wp-image-8399\" style=\"width:218px;height:auto\" srcset=\"https:\/\/nuevo-renacer.com\/wp-content\/uploads\/2025\/07\/178966330-300-934d25c8.jpg 300w, https:\/\/nuevo-renacer.com\/wp-content\/uploads\/2025\/07\/178966330-300-934d25c8-226x300.jpg 226w, https:\/\/nuevo-renacer.com\/wp-content\/uploads\/2025\/07\/178966330-300-934d25c8-9x12.jpg 9w\" sizes=\"(max-width: 300px) 100vw, 300px\" \/><\/figure>\n<\/div><\/div>\n\n\n\n<div class=\"wp-block-uagb-container uagb-block-6b035b65 alignfull uagb-is-root-container\"><div class=\"uagb-container-inner-blocks-wrap\">\n<p class=\"has-black-color has-text-color has-link-color has-small-font-size wp-elements-58591aab2c35fdb00aacf14694af0753\">Am\u00e9lie Gabrielle Boudet nacque a Thiais, una citt\u00e0 situata a 12 chilometri da Parigi, il 23 novembre 1795. Figlia unica di Julien Louis Boudet e Julie Louise Segneat de Lacomb, Am\u00e9lie combin\u00f2 fin dalla tenera et\u00e0 una grande vivacit\u00e0 con un forte interesse per gli studi, ricevendo un'educazione morale raffinata che le forn\u00ec doti intellettuali molto sviluppate. Si laure\u00f2 alla Scuola Normale di Parigi come insegnante di prima classe e, secondo Canuto Abreu, in \u201cIl libro degli spiriti e la sua tradizione storica e leggendaria\u201d, fu anche insegnante di Lettere e Belle Arti. Scrisse tre opere: Contos Primaveris (Racconti primaverili, 1825), No\u00e7\u00f5es de Desenho (Nozioni di disegno, 1826) e O Essencial em Belas Artes (L'essenziale nelle Belle Arti, 1828).<\/p>\n\n\n\n<p class=\"has-black-color has-text-color has-link-color has-small-font-size wp-elements-5afa290aae3ad5a3d47ae9e7e5e27f0f\">Vivendo a Parigi, nel mondo delle lettere e dell'insegnamento, il destino volle che un giorno la signorina Am\u00e9lie Boudet incontrasse il professor Hippolyte L\u00e9on Denizard Rivail. Ben presto attir\u00f2 la sua attenzione con il suo sorriso tenero e gentile, la sua cordialit\u00e0 e grazia. Il matrimonio fu celebrato il 6 febbraio 1832, riaffermando un amore di vite passate e impegni reciproci di aiuto. Il professor Rivail fond\u00f2 a Parigi l'Istituto Tecnico. Am\u00e9lie lo accompagn\u00f2 in quella difficile fase dell'istruzione francese: l'istruzione primaria dell'epoca non godeva del sostegno del governo, cosa che cambi\u00f2 solo nel 1833. Due anni dopo la sua fondazione, l'Istituto chiuse i battenti a causa di difficolt\u00e0 finanziarie ed entr\u00f2 in liquidazione. Kardec rimase con dei debiti da saldare, cosa che fece con nobilt\u00e0.<\/p>\n\n\n\n<p class=\"has-black-color has-text-color has-link-color has-small-font-size wp-elements-3e13105776e039c13fcf831643c743b6\">Come tutte le grandi donne, Am\u00e9lie si schier\u00f2 dalla parte del marito. Mentre Rivail si occupava della contabilit\u00e0 dei negozi e delle traduzioni, lei, consapevole del cuore generoso e preoccupato del marito per l'istruzione dei bambini e dei giovani, collaborava alla preparazione di corsi gratuiti, tenuti nella residenza della coppia, di sera, che funzionarono dal 1835 al 1840. Madame Rivail, oltre che consigliera, fu l'ispiratrice di diversi progetti realizzati dal marito. Leymarie, che era un intimo amico della coppia, dichiar\u00f2 che il professore aveva grande considerazione delle opinioni della moglie.<\/p>\n\n\n\n<p class=\"has-black-color has-text-color has-link-color has-small-font-size wp-elements-a1be34a01db79aa60ac335c37aeeaabb\">Grazie all'impegno di entrambi, raggiunsero una posizione finanziaria soddisfacente. Ma c'era una missione molto pi\u00f9 grande destinata a questi due cuori che si amavano e che amavano l'umanit\u00e0. La chiamata arriv\u00f2 nel 1854, con il fenomeno delle tavole rotanti, che Rivail inizi\u00f2 a osservare e studiare. Am\u00e9lie divenne allora la segretaria del marito, affiancandolo nella nuova e ardua missione della Codificazione della Dottrina Spiritista, stimolandolo e incoraggiandolo. Dopo il lancio de \u201cIl libro degli spiriti\u201d, il 18 aprile 1857, firmato come Allan Kardec, si tennero sessioni molto affollate nell'appartamento della coppia, il che richiese a Madame Rivail una serie di cure e attenzioni che a volte la lasciavano esausta. <\/p>\n\n\n\n<p class=\"has-black-color has-text-color has-link-color has-small-font-size wp-elements-22b07483681363768f4c952eabcc72ad\">Kardec disse di lei: (...) Mia moglie (...) ader\u00ec pienamente alle mie intenzioni e mi second\u00f2 nel mio laborioso compito, come continua a fare, attraverso un lavoro che spesso supera le sue forze, sacrificando senza rimpianti i piaceri e le distrazioni del mondo a cui la sua posizione familiare l'aveva abituata. Per trentasette anni fu la fedele compagna di suo marito, accompagnandolo nei suoi viaggi, ogni volta che le sue forze glielo permettevano. <\/p>\n\n\n\n<p class=\"has-black-color has-text-color has-link-color has-small-font-size wp-elements-0d21cac870d233336c6d18fa3589f7de\">La morte di Kardec non influ\u00ec affatto sullo spirito laborioso e virtuoso di Madame Rivail che, nonostante la sua et\u00e0 avanzata, amministr\u00f2 le risorse, le propriet\u00e0 e le opere di cui era unica proprietaria. Il suo impegno motiv\u00f2 la continuazione della dottrina. Con disinteresse e devozione, fond\u00f2 la \u00abSociet\u00e0 per la continuazione delle opere spiritiste di Allan Kardec\u00bb, destinata alla diffusione dello spiritismo con tutti i mezzi possibili. Cos\u00ec, la Revue Spirite continu\u00f2 ad essere pubblicata, cos\u00ec come le altre opere di Kardec e tutti i libri della Dottrina Spiritista.<\/p>\n\n\n\n<p class=\"has-black-color has-text-color has-link-color has-small-font-size wp-elements-f24942749ab400ac8f0f2fd18e8c24e3\">Durante il Processo degli Spiritisti, nel 1875, che port\u00f2 lo spiritismo davanti ai tribunali, fu chiamata a testimoniare. Trattata in modo irrispettoso dal giudice, rispose con fermezza alle domande e difese la memoria di Kardec. Era un'altra dolorosa testimonianza a cui era stata chiamata.<\/p>\n\n\n\n<p class=\"has-black-color has-text-color has-link-color has-small-font-size wp-elements-bc7bab13c37e5643c441d015f53b413d\">Verso le cinque del mattino del 21 gennaio 1883, con calma e con il dolce sorriso che sempre adornava le sue labbra, la grande successora di Allan Kardec lasci\u00f2 il corpo. Fu sepolta il 23, accanto al dolmen del marito. Durante le commemorazioni, tra gli altri, parlarono Leymarie e Gabriel Delanne, tutti sottolineando i veri meriti della successora di Allan Kardec. Fu anche letta dal signor Lecoq una comunicazione medianica di Antonio da Padova, ricevuta il 22 gennaio, in cui descriveva la brillante accoglienza riservata ad Am\u00e9lie da parte di Allan Kardec e di amici elevati della Spiritualit\u00e0.<\/p>\n<\/div><\/div>\n\n\n\n<div class=\"wp-block-uagb-container uagb-block-56e91c9d alignfull uagb-is-root-container\"><div class=\"uagb-container-inner-blocks-wrap\"><\/div><\/div>\n\n\n\n<div class=\"wp-block-uagb-container uagb-block-15b7f1ae alignfull uagb-is-root-container\"><div class=\"uagb-container-inner-blocks-wrap\"><\/div><\/div>","protected":false},"excerpt":{"rendered":"<p>Am\u00e9lie Gabrielle Boudet Am\u00e9lie Gabrielle Boudet naci\u00f3 en Thiais, una ciudad situada a 12 kil\u00f3metros de Par\u00eds, el 23 de noviembre de 1795. Hija \u00fanica de Julien Louis Boudet y Julie Louise Segneat de Lacomb, Am\u00e9lie combin\u00f3 desde muy temprana edad una gran vivacidad con un fuerte inter\u00e9s por los estudios, recibiendo una refinada educaci\u00f3n [&hellip;]<\/p>","protected":false},"author":1,"featured_media":0,"parent":0,"menu_order":0,"comment_status":"closed","ping_status":"closed","template":"","meta":{"_uag_custom_page_level_css":"","site-sidebar-layout":"default","site-content-layout":"","ast-site-content-layout":"default","site-content-style":"default","site-sidebar-style":"default","ast-global-header-display":"","ast-banner-title-visibility":"","ast-main-header-display":"","ast-hfb-above-header-display":"","ast-hfb-below-header-display":"","ast-hfb-mobile-header-display":"","site-post-title":"disabled","ast-breadcrumbs-content":"","ast-featured-img":"","footer-sml-layout":"","theme-transparent-header-meta":"","adv-header-id-meta":"","stick-header-meta":"","header-above-stick-meta":"","header-main-stick-meta":"","header-below-stick-meta":"","astra-migrate-meta-layouts":"set","ast-page-background-enabled":"default","ast-page-background-meta":{"desktop":{"background-color":"var(--ast-global-color-4)","background-image":"","background-repeat":"repeat","background-position":"center center","background-size":"auto","background-attachment":"scroll","background-type":"","background-media":"","overlay-type":"","overlay-color":"","overlay-opacity":"","overlay-gradient":""},"tablet":{"background-color":"","background-image":"","background-repeat":"repeat","background-position":"center center","background-size":"auto","background-attachment":"scroll","background-type":"","background-media":"","overlay-type":"","overlay-color":"","overlay-opacity":"","overlay-gradient":""},"mobile":{"background-color":"","background-image":"","background-repeat":"repeat","background-position":"center center","background-size":"auto","background-attachment":"scroll","background-type":"","background-media":"","overlay-type":"","overlay-color":"","overlay-opacity":"","overlay-gradient":""}},"ast-content-background-meta":{"desktop":{"background-color":"var(--ast-global-color-5)","background-image":"","background-repeat":"repeat","background-position":"center center","background-size":"auto","background-attachment":"scroll","background-type":"","background-media":"","overlay-type":"","overlay-color":"","overlay-opacity":"","overlay-gradient":""},"tablet":{"background-color":"var(--ast-global-color-5)","background-image":"","background-repeat":"repeat","background-position":"center center","background-size":"auto","background-attachment":"scroll","background-type":"","background-media":"","overlay-type":"","overlay-color":"","overlay-opacity":"","overlay-gradient":""},"mobile":{"background-color":"var(--ast-global-color-5)","background-image":"","background-repeat":"repeat","background-position":"center center","background-size":"auto","background-attachment":"scroll","background-type":"","background-media":"","overlay-type":"","overlay-color":"","overlay-opacity":"","overlay-gradient":""}},"footnotes":""},"class_list":["post-8398","page","type-page","status-publish","hentry"],"yoast_head":"<!-- This site is optimized with the Yoast SEO Premium plugin v24.2 (Yoast SEO v24.6) - https:\/\/yoast.com\/wordpress\/plugins\/seo\/ -->\n<title>Am\u00e9lie Gabrielle Boudet - Uni\u00f3n Esp\u00edrita<\/title>\n<meta name=\"robots\" content=\"index, follow, max-snippet:-1, max-image-preview:large, max-video-preview:-1\" \/>\n<link rel=\"canonical\" href=\"https:\/\/nuevo-renacer.com\/it\/amelie-gabrielle-boudet\/\" \/>\n<meta property=\"og:locale\" content=\"it_IT\" \/>\n<meta property=\"og:type\" content=\"article\" \/>\n<meta property=\"og:title\" content=\"Am\u00e9lie Gabrielle Boudet\" \/>\n<meta property=\"og:description\" content=\"Am\u00e9lie Gabrielle Boudet Am\u00e9lie Gabrielle Boudet naci\u00f3 en Thiais, una ciudad situada a 12 kil\u00f3metros de Par\u00eds, el 23 de noviembre de 1795. Hija \u00fanica de Julien Louis Boudet y Julie Louise Segneat de Lacomb, Am\u00e9lie combin\u00f3 desde muy temprana edad una gran vivacidad con un fuerte inter\u00e9s por los estudios, recibiendo una refinada educaci\u00f3n [&hellip;]\" \/>\n<meta property=\"og:url\" content=\"https:\/\/nuevo-renacer.com\/it\/amelie-gabrielle-boudet\/\" \/>\n<meta property=\"og:site_name\" content=\"Uni\u00f3n Esp\u00edrita\" \/>\n<meta property=\"article:publisher\" content=\"https:\/\/www.facebook.com\/groups\/3431398063740829\" \/>\n<meta property=\"article:modified_time\" content=\"2025-07-07T11:00:56+00:00\" \/>\n<meta property=\"og:image\" content=\"https:\/\/nuevo-renacer.com\/wp-content\/uploads\/2025\/07\/178966330-300-934d25c8.jpg\" \/>\n\t<meta property=\"og:image:width\" content=\"300\" \/>\n\t<meta property=\"og:image:height\" content=\"399\" \/>\n\t<meta property=\"og:image:type\" content=\"image\/jpeg\" \/>\n<meta name=\"twitter:card\" content=\"summary_large_image\" \/>\n<meta name=\"twitter:label1\" content=\"Tempo di lettura stimato\" \/>\n\t<meta name=\"twitter:data1\" content=\"5 minuti\" \/>\n<script type=\"application\/ld+json\" class=\"yoast-schema-graph\">{\"@context\":\"https:\/\/schema.org\",\"@graph\":[{\"@type\":\"WebPage\",\"@id\":\"https:\/\/nuevo-renacer.com\/amelie-gabrielle-boudet\/\",\"url\":\"https:\/\/nuevo-renacer.com\/amelie-gabrielle-boudet\/\",\"name\":\"Am\u00e9lie Gabrielle Boudet - Uni\u00f3n Esp\u00edrita\",\"isPartOf\":{\"@id\":\"https:\/\/nuevo-renacer.com\/#website\"},\"primaryImageOfPage\":{\"@id\":\"https:\/\/nuevo-renacer.com\/amelie-gabrielle-boudet\/#primaryimage\"},\"image\":{\"@id\":\"https:\/\/nuevo-renacer.com\/amelie-gabrielle-boudet\/#primaryimage\"},\"thumbnailUrl\":\"https:\/\/nuevo-renacer.com\/wp-content\/uploads\/2025\/07\/178966330-300-934d25c8.jpg\",\"datePublished\":\"2025-07-07T10:56:31+00:00\",\"dateModified\":\"2025-07-07T11:00:56+00:00\",\"breadcrumb\":{\"@id\":\"https:\/\/nuevo-renacer.com\/amelie-gabrielle-boudet\/#breadcrumb\"},\"inLanguage\":\"it-IT\",\"potentialAction\":[{\"@type\":\"ReadAction\",\"target\":[\"https:\/\/nuevo-renacer.com\/amelie-gabrielle-boudet\/\"]}]},{\"@type\":\"ImageObject\",\"inLanguage\":\"it-IT\",\"@id\":\"https:\/\/nuevo-renacer.com\/amelie-gabrielle-boudet\/#primaryimage\",\"url\":\"https:\/\/nuevo-renacer.com\/wp-content\/uploads\/2025\/07\/178966330-300-934d25c8.jpg\",\"contentUrl\":\"https:\/\/nuevo-renacer.com\/wp-content\/uploads\/2025\/07\/178966330-300-934d25c8.jpg\"},{\"@type\":\"BreadcrumbList\",\"@id\":\"https:\/\/nuevo-renacer.com\/amelie-gabrielle-boudet\/#breadcrumb\",\"itemListElement\":[{\"@type\":\"ListItem\",\"position\":1,\"name\":\"Startseite\",\"item\":\"https:\/\/nuevo-renacer.com\/\"},{\"@type\":\"ListItem\",\"position\":2,\"name\":\"Am\u00e9lie Gabrielle Boudet\"}]},{\"@type\":\"WebSite\",\"@id\":\"https:\/\/nuevo-renacer.com\/#website\",\"url\":\"https:\/\/nuevo-renacer.com\/\",\"name\":\"Uni\u00f3n Esp\u00edrita\",\"description\":\"Nuevo Renacer\",\"publisher\":{\"@id\":\"https:\/\/nuevo-renacer.com\/#organization\"},\"potentialAction\":[{\"@type\":\"SearchAction\",\"target\":{\"@type\":\"EntryPoint\",\"urlTemplate\":\"https:\/\/nuevo-renacer.com\/?s={search_term_string}\"},\"query-input\":{\"@type\":\"PropertyValueSpecification\",\"valueRequired\":true,\"valueName\":\"search_term_string\"}}],\"inLanguage\":\"it-IT\"},{\"@type\":\"Organization\",\"@id\":\"https:\/\/nuevo-renacer.com\/#organization\",\"name\":\"UFEC\",\"url\":\"https:\/\/nuevo-renacer.com\/\",\"logo\":{\"@type\":\"ImageObject\",\"inLanguage\":\"it-IT\",\"@id\":\"https:\/\/nuevo-renacer.com\/#\/schema\/logo\/image\/\",\"url\":\"https:\/\/nuevo-renacer.com\/wp-content\/uploads\/2024\/05\/cropped-LOGO-TERMINADO1-3-3.png\",\"contentUrl\":\"https:\/\/nuevo-renacer.com\/wp-content\/uploads\/2024\/05\/cropped-LOGO-TERMINADO1-3-3.png\",\"width\":512,\"height\":512,\"caption\":\"UFEC\"},\"image\":{\"@id\":\"https:\/\/nuevo-renacer.com\/#\/schema\/logo\/image\/\"},\"sameAs\":[\"https:\/\/www.facebook.com\/groups\/3431398063740829\"]}]}<\/script>\n<!-- \/ Yoast SEO Premium plugin. -->","yoast_head_json":{"title":"Am\u00e9lie Gabrielle Boudet - Uni\u00f3n Esp\u00edrita","robots":{"index":"index","follow":"follow","max-snippet":"max-snippet:-1","max-image-preview":"max-image-preview:large","max-video-preview":"max-video-preview:-1"},"canonical":"https:\/\/nuevo-renacer.com\/it\/amelie-gabrielle-boudet\/","og_locale":"it_IT","og_type":"article","og_title":"Am\u00e9lie Gabrielle Boudet","og_description":"Am\u00e9lie Gabrielle Boudet Am\u00e9lie Gabrielle Boudet naci\u00f3 en Thiais, una ciudad situada a 12 kil\u00f3metros de Par\u00eds, el 23 de noviembre de 1795. Hija \u00fanica de Julien Louis Boudet y Julie Louise Segneat de Lacomb, Am\u00e9lie combin\u00f3 desde muy temprana edad una gran vivacidad con un fuerte inter\u00e9s por los estudios, recibiendo una refinada educaci\u00f3n [&hellip;]","og_url":"https:\/\/nuevo-renacer.com\/it\/amelie-gabrielle-boudet\/","og_site_name":"Uni\u00f3n Esp\u00edrita","article_publisher":"https:\/\/www.facebook.com\/groups\/3431398063740829","article_modified_time":"2025-07-07T11:00:56+00:00","og_image":[{"width":300,"height":399,"url":"https:\/\/nuevo-renacer.com\/wp-content\/uploads\/2025\/07\/178966330-300-934d25c8.jpg","type":"image\/jpeg"}],"twitter_card":"summary_large_image","twitter_misc":{"Tempo di lettura stimato":"5 minuti"},"schema":{"@context":"https:\/\/schema.org","@graph":[{"@type":"WebPage","@id":"https:\/\/nuevo-renacer.com\/amelie-gabrielle-boudet\/","url":"https:\/\/nuevo-renacer.com\/amelie-gabrielle-boudet\/","name":"Am\u00e9lie Gabrielle Boudet - Uni\u00f3n Esp\u00edrita","isPartOf":{"@id":"https:\/\/nuevo-renacer.com\/#website"},"primaryImageOfPage":{"@id":"https:\/\/nuevo-renacer.com\/amelie-gabrielle-boudet\/#primaryimage"},"image":{"@id":"https:\/\/nuevo-renacer.com\/amelie-gabrielle-boudet\/#primaryimage"},"thumbnailUrl":"https:\/\/nuevo-renacer.com\/wp-content\/uploads\/2025\/07\/178966330-300-934d25c8.jpg","datePublished":"2025-07-07T10:56:31+00:00","dateModified":"2025-07-07T11:00:56+00:00","breadcrumb":{"@id":"https:\/\/nuevo-renacer.com\/amelie-gabrielle-boudet\/#breadcrumb"},"inLanguage":"it-IT","potentialAction":[{"@type":"ReadAction","target":["https:\/\/nuevo-renacer.com\/amelie-gabrielle-boudet\/"]}]},{"@type":"ImageObject","inLanguage":"it-IT","@id":"https:\/\/nuevo-renacer.com\/amelie-gabrielle-boudet\/#primaryimage","url":"https:\/\/nuevo-renacer.com\/wp-content\/uploads\/2025\/07\/178966330-300-934d25c8.jpg","contentUrl":"https:\/\/nuevo-renacer.com\/wp-content\/uploads\/2025\/07\/178966330-300-934d25c8.jpg"},{"@type":"BreadcrumbList","@id":"https:\/\/nuevo-renacer.com\/amelie-gabrielle-boudet\/#breadcrumb","itemListElement":[{"@type":"ListItem","position":1,"name":"Startseite","item":"https:\/\/nuevo-renacer.com\/"},{"@type":"ListItem","position":2,"name":"Am\u00e9lie Gabrielle Boudet"}]},{"@type":"WebSite","@id":"https:\/\/nuevo-renacer.com\/#website","url":"https:\/\/nuevo-renacer.com\/","name":"Uni\u00f3n Esp\u00edrita","description":"Nuevo Renacer","publisher":{"@id":"https:\/\/nuevo-renacer.com\/#organization"},"potentialAction":[{"@type":"SearchAction","target":{"@type":"EntryPoint","urlTemplate":"https:\/\/nuevo-renacer.com\/?s={search_term_string}"},"query-input":{"@type":"PropertyValueSpecification","valueRequired":true,"valueName":"search_term_string"}}],"inLanguage":"it-IT"},{"@type":"Organization","@id":"https:\/\/nuevo-renacer.com\/#organization","name":"UFEC","url":"https:\/\/nuevo-renacer.com\/","logo":{"@type":"ImageObject","inLanguage":"it-IT","@id":"https:\/\/nuevo-renacer.com\/#\/schema\/logo\/image\/","url":"https:\/\/nuevo-renacer.com\/wp-content\/uploads\/2024\/05\/cropped-LOGO-TERMINADO1-3-3.png","contentUrl":"https:\/\/nuevo-renacer.com\/wp-content\/uploads\/2024\/05\/cropped-LOGO-TERMINADO1-3-3.png","width":512,"height":512,"caption":"UFEC"},"image":{"@id":"https:\/\/nuevo-renacer.com\/#\/schema\/logo\/image\/"},"sameAs":["https:\/\/www.facebook.com\/groups\/3431398063740829"]}]}},"uagb_featured_image_src":{"full":false,"thumbnail":false,"medium":false,"medium_large":false,"large":false,"1536x1536":false,"2048x2048":false,"trp-custom-language-flag":false},"uagb_author_info":{"display_name":"adbv0","author_link":"https:\/\/nuevo-renacer.com\/it\/author\/adbv0\/"},"uagb_comment_info":0,"uagb_excerpt":"Am\u00e9lie Gabrielle Boudet Am\u00e9lie Gabrielle Boudet naci\u00f3 en Thiais, una ciudad situada a 12 kil\u00f3metros de Par\u00eds, el 23 de noviembre de 1795. Hija \u00fanica de Julien Louis Boudet y Julie Louise Segneat de Lacomb, Am\u00e9lie combin\u00f3 desde muy temprana edad una gran vivacidad con un fuerte inter\u00e9s por los estudios, recibiendo una refinada educaci\u00f3n&hellip;","jetpack_sharing_enabled":true,"_links":{"self":[{"href":"https:\/\/nuevo-renacer.com\/it\/wp-json\/wp\/v2\/pages\/8398","targetHints":{"allow":["GET"]}}],"collection":[{"href":"https:\/\/nuevo-renacer.com\/it\/wp-json\/wp\/v2\/pages"}],"about":[{"href":"https:\/\/nuevo-renacer.com\/it\/wp-json\/wp\/v2\/types\/page"}],"author":[{"embeddable":true,"href":"https:\/\/nuevo-renacer.com\/it\/wp-json\/wp\/v2\/users\/1"}],"replies":[{"embeddable":true,"href":"https:\/\/nuevo-renacer.com\/it\/wp-json\/wp\/v2\/comments?post=8398"}],"version-history":[{"count":2,"href":"https:\/\/nuevo-renacer.com\/it\/wp-json\/wp\/v2\/pages\/8398\/revisions"}],"predecessor-version":[{"id":8402,"href":"https:\/\/nuevo-renacer.com\/it\/wp-json\/wp\/v2\/pages\/8398\/revisions\/8402"}],"wp:attachment":[{"href":"https:\/\/nuevo-renacer.com\/it\/wp-json\/wp\/v2\/media?parent=8398"}],"curies":[{"name":"wp","href":"https:\/\/api.w.org\/{rel}","templated":true}]}}