{"id":8288,"date":"2025-06-10T09:47:52","date_gmt":"2025-06-10T09:47:52","guid":{"rendered":"https:\/\/nuevo-renacer.com\/?page_id=8288"},"modified":"2025-06-10T09:47:55","modified_gmt":"2025-06-10T09:47:55","slug":"stanley-de-brath","status":"publish","type":"page","link":"https:\/\/nuevo-renacer.com\/it\/stanley-de-brath\/","title":{"rendered":"Stanley de Brath"},"content":{"rendered":"<div class=\"wp-block-uagb-container uagb-block-fd343370 alignfull uagb-is-root-container\"><div class=\"uagb-container-inner-blocks-wrap\">\n<p class=\"has-black-color has-text-color has-link-color has-medium-font-size wp-elements-b3168bbb62434444860ab88595686ce3\"><strong>Stanley de Brath<\/strong><\/p>\n<\/div><\/div>\n\n\n\n<div class=\"wp-block-uagb-container uagb-block-3f1128b7 alignfull uagb-is-root-container\"><div class=\"uagb-container-inner-blocks-wrap\">\n<figure class=\"wp-block-image size-full is-resized\"><img fetchpriority=\"high\" decoding=\"async\" width=\"285\" height=\"395\" src=\"https:\/\/nuevo-renacer.com\/wp-content\/uploads\/2025\/06\/Screenshot-618.png\" alt=\"\" class=\"wp-image-8289\" style=\"width:228px;height:auto\" srcset=\"https:\/\/nuevo-renacer.com\/wp-content\/uploads\/2025\/06\/Screenshot-618.png 285w, https:\/\/nuevo-renacer.com\/wp-content\/uploads\/2025\/06\/Screenshot-618-216x300.png 216w, https:\/\/nuevo-renacer.com\/wp-content\/uploads\/2025\/06\/Screenshot-618-9x12.png 9w\" sizes=\"(max-width: 285px) 100vw, 285px\" \/><\/figure>\n<\/div><\/div>\n\n\n\n<div class=\"wp-block-uagb-container uagb-block-aac10d7a alignfull uagb-is-root-container\"><div class=\"uagb-container-inner-blocks-wrap\">\n<p class=\"has-black-color has-text-color has-link-color has-small-font-size wp-elements-169fd5ff1313c15e8b773e33eff22e34\">Stanley De Brath naci\u00f3 el 10 de octubre de 1854 en el distrito de Sydenham, Kent, Londres, Inglaterra. Su padre, F\u00e9lix de Brath, era espa\u00f1ol naturalizado brit\u00e1nico. Su madre, Anna Louisa Mary Gertrude Monica De Brath, era inglesa. En aquella \u00e9poca, la guerra de Crimea estaba en su apogeo. Poco despu\u00e9s de su nacimiento, su padre viaj\u00f3 a Uruguay por negocios y no regres\u00f3 hasta cuatro a\u00f1os despu\u00e9s. Stanley ten\u00eda tres hermanos: Ernest, nacido en diciembre de 1858; Frank, nacido en Par\u00eds en 1860, donde la familia viv\u00eda en un apartamento en la calle Caminho de Versales, en la parte alta de los Campos El\u00edseos. En 1862, se mudaron a Cosham, cerca de Portsmouth, Hampshire, Inglaterra. En 1869 naci\u00f3 su tercer hermano, Cyril.<\/p>\n\n\n\n<p class=\"has-black-color has-text-color has-link-color has-small-font-size wp-elements-7aaa692138526c1c987f0c1b8f408a76\">Sus primeros estudios los realiz\u00f3 en casa hasta los diez a\u00f1os. En 1864, fue enviado a una escuela en Brighton, Sussex, Inglaterra; sin embargo, debido al acoso que sufr\u00eda, su familia lo traslad\u00f3 a la Escuela Preparatoria Santa Mar\u00eda en Harlow, Essex, Inglaterra, donde tampoco se adapt\u00f3 debido a los castigos corporales que sufr\u00eda. De all\u00ed pas\u00f3 al Lancing College, del que, una vez m\u00e1s, se mud\u00f3. Finalmente, continu\u00f3 sus estudios hasta los diecinueve a\u00f1os en casa, con un tutor.<\/p>\n\n\n\n<p class=\"has-black-color has-text-color has-link-color has-small-font-size wp-elements-2fa26ae27d79d31d59ad3f2c28060f89\">En 1874, fue admitido en la Facultad de Ingenier\u00eda de la Royal Indian Engineering School en Surrey, Inglaterra, donde complet\u00f3 el curso de Ingenier\u00eda Civil. En su autobiograf\u00eda, afirma que qued\u00f3 en tercer lugar entre cincuenta alumnos. Adem\u00e1s, fue premiado en dos actividades distintas: una acad\u00e9mica y otra deportiva. La acad\u00e9mica versaba sobre la formaci\u00f3n de empleados indios para trabajar en las locomotoras de los ferrocarriles indios, y la deportiva se refer\u00eda al campeonato de tiro con rifle.<\/p>\n\n\n\n<p class=\"has-black-color has-text-color has-link-color has-small-font-size wp-elements-261f60289037c0284fa284a53081212e\">En 1877, a los 22 a\u00f1os, fue admitido como ingeniero civil en el Ferrocarril Imperial de la India, as\u00ed como secretario ejecutivo del Gobierno de la India en el Departamento de Trabajo para las regiones de la India Central y la frontera noroeste. Coordin\u00f3 la construcci\u00f3n de puentes y carreteras en la a\u00fan inh\u00f3spita regi\u00f3n que hoy es Pakist\u00e1n, as\u00ed como en el \u00abvalle del Indo\u00bb. Aprovech\u00f3 la oportunidad para estudiar \u00abhindustani\u00bb, la lengua de la regi\u00f3n.<\/p>\n\n\n\n<p class=\"has-black-color has-text-color has-link-color has-small-font-size wp-elements-4f23aa17083eb513137aab4bd9a4d6bc\">En oto\u00f1o de 1882, Stanley viaj\u00f3 a Inglaterra y se cas\u00f3 con Priscilla Sheringham, cuya familia proced\u00eda de Fakenham, Norfolk, Inglaterra. Por esa misma \u00e9poca, su hermano menor Cyril falleci\u00f3 a los trece a\u00f1os v\u00edctima de la fiebre tifoidea. El primer hijo de Stanley, Harold, naci\u00f3 el 21 de julio de 1883 en Nasirabad, Rajputana, India. El 30 de agosto de 1885, naci\u00f3 su hija Gladys en Simla, Bengala, India. Como ingeniero, trabaj\u00f3 en la construcci\u00f3n del ferrocarril de \u00abBolan Pass\u00bb y, posteriormente, fue trasladado para completar el ferrocarril \u00abSind-Pishin\u00bb, donde sufri\u00f3 una fiebre que le oblig\u00f3 a trasladarse junto con su familia a Inglaterra para recibir tratamiento. En 1889 naci\u00f3 su hijo Noel, que falleci\u00f3 a los once meses de edad en la casa de sus abuelos maternos en Norfolk.<\/p>\n\n\n\n<p class=\"has-black-color has-text-color has-link-color has-small-font-size wp-elements-a9536fafd69f17b4ddd7379c29d9efc4\">En su autobiograf\u00eda, informa que era agn\u00f3stico hasta 1889, cuando una serie de hechos cambiaron su forma de pensar. Hasta entonces, archivaba informaci\u00f3n que lo alentaba al materialismo, pero, a partir de esa fecha, buscaba hechos incontestables que demostraran la doctrina de la supervivencia del esp\u00edritu. Tambi\u00e9n cuenta que, al igual que su amigo Alfred Russel Wallace, comenz\u00f3 siendo esc\u00e9ptico, pero termin\u00f3 rindi\u00e9ndose ante el peso de las pruebas. En 1894, Stanley se jubil\u00f3 de su servicio en la India y pas\u00f3 a recibir una pensi\u00f3n bastante adecuada. Fund\u00f3 una escuela preparatoria en Guernsey llamada \u00abHonmets School\u00bb, donde pod\u00eda introducir un m\u00e9todo m\u00e1s adecuado para ense\u00f1ar, incluso la religi\u00f3n. M\u00e1s tarde, en 1901, se traslad\u00f3 a Bookham, Surrey, luego a Charles Towers y despu\u00e9s a Preston. Al mismo tiempo, comenz\u00f3 a estudiar Qu\u00edmica y Geolog\u00eda.<\/p>\n\n\n\n<p class=\"has-black-color has-text-color has-link-color has-small-font-size wp-elements-0cb9d9ae604f46669b2a88a247470397\">En abril de 1914, Stanley vendi\u00f3 su \u00abPreston House Preparatory School\u00bb y, el 28 de julio de 1914, comenz\u00f3 la Primera Guerra Mundial. Ten\u00eda sesenta a\u00f1os y, aun as\u00ed, se alist\u00f3 en el ej\u00e9rcito brit\u00e1nico. Como era mayor de la edad permitida para el combate y debido a su experiencia en ingenier\u00eda de puentes y carreteras, fue admitido como capit\u00e1n honorario de los Ingenieros Reales.<\/p>\n\n\n\n<p class=\"has-black-color has-text-color has-link-color has-small-font-size wp-elements-a560e87e3a4d653ddd808bb4898166c4\">Al terminar la guerra, se dedic\u00f3 por completo a los llamados fen\u00f3menos medi\u00famnicos que le interesaban desde 1889 y que ahora constitu\u00edan el trabajo de su vida. A partir de 1918 comenz\u00f3 a colaborar en Par\u00eds con el cient\u00edfico franc\u00e9s Gustave Geley en el Instituto Metaps\u00edquico Internacional.<\/p>\n\n\n\n<p class=\"has-black-color has-text-color has-link-color has-small-font-size wp-elements-44a235432db77c44509eacee92817e76\">Durante este per\u00edodo tradujo al ingl\u00e9s los libros:<\/p>\n\n\n\n<div class=\"wp-block-group is-layout-constrained wp-block-group-is-layout-constrained\">\n<p class=\"has-black-color has-text-color has-link-color has-small-font-size wp-elements-f5e801eda66a02c63131e1bb42fd7936\">&#8211; Del inconsciente al consciente , en 1920, de Gustave Geley<\/p>\n\n\n\n<p class=\"has-black-color has-text-color has-link-color has-small-font-size wp-elements-8acfd17a15abef23f9453ab66f86ef1b\">&#8211; Facultades supranormales en el hombre , en 1923, de Eug\u00e8n Osty<\/p>\n\n\n\n<p class=\"has-black-color has-text-color has-link-color has-small-font-size wp-elements-e4818ecc07b03f114498b38693cd2a4f\">&#8211; Treinta a\u00f1os de investigaciones paranormales , en 1923, de Charles Richet, Gustave Geley y Stanley De Brath.<\/p>\n<\/div>\n<\/div><\/div>\n\n\n\n<div class=\"wp-block-uagb-container uagb-block-618e12d5 alignfull uagb-is-root-container\"><div class=\"uagb-container-inner-blocks-wrap\"><\/div><\/div>\n\n\n\n<div class=\"wp-block-uagb-container uagb-block-90fd082a alignfull uagb-is-root-container\"><div class=\"uagb-container-inner-blocks-wrap\"><\/div><\/div>","protected":false},"excerpt":{"rendered":"<p>Stanley de Brath Stanley De Brath naci\u00f3 el 10 de octubre de 1854 en el distrito de Sydenham, Kent, Londres, Inglaterra. Su padre, F\u00e9lix de Brath, era espa\u00f1ol naturalizado brit\u00e1nico. Su madre, Anna Louisa Mary Gertrude Monica De Brath, era inglesa. En aquella \u00e9poca, la guerra de Crimea estaba en su apogeo. Poco despu\u00e9s de [&hellip;]<\/p>","protected":false},"author":1,"featured_media":0,"parent":0,"menu_order":0,"comment_status":"closed","ping_status":"closed","template":"","meta":{"_uag_custom_page_level_css":"","site-sidebar-layout":"default","site-content-layout":"","ast-site-content-layout":"default","site-content-style":"default","site-sidebar-style":"default","ast-global-header-display":"","ast-banner-title-visibility":"","ast-main-header-display":"","ast-hfb-above-header-display":"","ast-hfb-below-header-display":"","ast-hfb-mobile-header-display":"","site-post-title":"disabled","ast-breadcrumbs-content":"","ast-featured-img":"","footer-sml-layout":"","theme-transparent-header-meta":"","adv-header-id-meta":"","stick-header-meta":"","header-above-stick-meta":"","header-main-stick-meta":"","header-below-stick-meta":"","astra-migrate-meta-layouts":"set","ast-page-background-enabled":"default","ast-page-background-meta":{"desktop":{"background-color":"var(--ast-global-color-4)","background-image":"","background-repeat":"repeat","background-position":"center center","background-size":"auto","background-attachment":"scroll","background-type":"","background-media":"","overlay-type":"","overlay-color":"","overlay-opacity":"","overlay-gradient":""},"tablet":{"background-color":"","background-image":"","background-repeat":"repeat","background-position":"center center","background-size":"auto","background-attachment":"scroll","background-type":"","background-media":"","overlay-type":"","overlay-color":"","overlay-opacity":"","overlay-gradient":""},"mobile":{"background-color":"","background-image":"","background-repeat":"repeat","background-position":"center center","background-size":"auto","background-attachment":"scroll","background-type":"","background-media":"","overlay-type":"","overlay-color":"","overlay-opacity":"","overlay-gradient":""}},"ast-content-background-meta":{"desktop":{"background-color":"var(--ast-global-color-5)","background-image":"","background-repeat":"repeat","background-position":"center center","background-size":"auto","background-attachment":"scroll","background-type":"","background-media":"","overlay-type":"","overlay-color":"","overlay-opacity":"","overlay-gradient":""},"tablet":{"background-color":"var(--ast-global-color-5)","background-image":"","background-repeat":"repeat","background-position":"center center","background-size":"auto","background-attachment":"scroll","background-type":"","background-media":"","overlay-type":"","overlay-color":"","overlay-opacity":"","overlay-gradient":""},"mobile":{"background-color":"var(--ast-global-color-5)","background-image":"","background-repeat":"repeat","background-position":"center center","background-size":"auto","background-attachment":"scroll","background-type":"","background-media":"","overlay-type":"","overlay-color":"","overlay-opacity":"","overlay-gradient":""}},"footnotes":""},"class_list":["post-8288","page","type-page","status-publish","hentry"],"yoast_head":"<!-- This site is optimized with the Yoast SEO Premium plugin v24.2 (Yoast SEO v24.6) - https:\/\/yoast.com\/wordpress\/plugins\/seo\/ -->\n<title>Stanley de Brath - Uni\u00f3n Esp\u00edrita<\/title>\n<meta name=\"description\" content=\"Stanley De Brath (1854 \u2013 1937) fue un ingeniero civil, parapsic\u00f3logo y espiritista brit\u00e1nico.\" \/>\n<meta name=\"robots\" content=\"index, follow, max-snippet:-1, max-image-preview:large, max-video-preview:-1\" \/>\n<link rel=\"canonical\" href=\"https:\/\/nuevo-renacer.com\/it\/stanley-de-brath\/\" \/>\n<meta property=\"og:locale\" content=\"it_IT\" \/>\n<meta property=\"og:type\" content=\"article\" \/>\n<meta property=\"og:title\" content=\"Stanley de Brath\" \/>\n<meta property=\"og:description\" content=\"Stanley De Brath (1854 \u2013 1937) fue un ingeniero civil, parapsic\u00f3logo y espiritista brit\u00e1nico.\" \/>\n<meta property=\"og:url\" content=\"https:\/\/nuevo-renacer.com\/it\/stanley-de-brath\/\" \/>\n<meta property=\"og:site_name\" content=\"Uni\u00f3n Esp\u00edrita\" \/>\n<meta property=\"article:publisher\" content=\"https:\/\/www.facebook.com\/groups\/3431398063740829\" \/>\n<meta property=\"article:modified_time\" content=\"2025-06-10T09:47:55+00:00\" \/>\n<meta property=\"og:image\" content=\"https:\/\/nuevo-renacer.com\/wp-content\/uploads\/2025\/06\/Screenshot-618.png\" \/>\n\t<meta property=\"og:image:width\" content=\"285\" \/>\n\t<meta property=\"og:image:height\" content=\"395\" \/>\n\t<meta property=\"og:image:type\" content=\"image\/png\" \/>\n<meta name=\"twitter:card\" content=\"summary_large_image\" \/>\n<meta name=\"twitter:label1\" content=\"Tempo di lettura stimato\" \/>\n\t<meta name=\"twitter:data1\" content=\"5 minuti\" \/>\n<script type=\"application\/ld+json\" class=\"yoast-schema-graph\">{\"@context\":\"https:\/\/schema.org\",\"@graph\":[{\"@type\":\"WebPage\",\"@id\":\"https:\/\/nuevo-renacer.com\/stanley-de-brath\/\",\"url\":\"https:\/\/nuevo-renacer.com\/stanley-de-brath\/\",\"name\":\"Stanley de Brath - Uni\u00f3n Esp\u00edrita\",\"isPartOf\":{\"@id\":\"https:\/\/nuevo-renacer.com\/#website\"},\"primaryImageOfPage\":{\"@id\":\"https:\/\/nuevo-renacer.com\/stanley-de-brath\/#primaryimage\"},\"image\":{\"@id\":\"https:\/\/nuevo-renacer.com\/stanley-de-brath\/#primaryimage\"},\"thumbnailUrl\":\"https:\/\/nuevo-renacer.com\/wp-content\/uploads\/2025\/06\/Screenshot-618.png\",\"datePublished\":\"2025-06-10T09:47:52+00:00\",\"dateModified\":\"2025-06-10T09:47:55+00:00\",\"description\":\"Stanley De Brath (1854 \u2013 1937) fue un ingeniero civil, parapsic\u00f3logo y espiritista brit\u00e1nico.\",\"breadcrumb\":{\"@id\":\"https:\/\/nuevo-renacer.com\/stanley-de-brath\/#breadcrumb\"},\"inLanguage\":\"it-IT\",\"potentialAction\":[{\"@type\":\"ReadAction\",\"target\":[\"https:\/\/nuevo-renacer.com\/stanley-de-brath\/\"]}]},{\"@type\":\"ImageObject\",\"inLanguage\":\"it-IT\",\"@id\":\"https:\/\/nuevo-renacer.com\/stanley-de-brath\/#primaryimage\",\"url\":\"https:\/\/nuevo-renacer.com\/wp-content\/uploads\/2025\/06\/Screenshot-618.png\",\"contentUrl\":\"https:\/\/nuevo-renacer.com\/wp-content\/uploads\/2025\/06\/Screenshot-618.png\"},{\"@type\":\"BreadcrumbList\",\"@id\":\"https:\/\/nuevo-renacer.com\/stanley-de-brath\/#breadcrumb\",\"itemListElement\":[{\"@type\":\"ListItem\",\"position\":1,\"name\":\"Startseite\",\"item\":\"https:\/\/nuevo-renacer.com\/\"},{\"@type\":\"ListItem\",\"position\":2,\"name\":\"Stanley de Brath\"}]},{\"@type\":\"WebSite\",\"@id\":\"https:\/\/nuevo-renacer.com\/#website\",\"url\":\"https:\/\/nuevo-renacer.com\/\",\"name\":\"Uni\u00f3n Esp\u00edrita\",\"description\":\"Nuevo Renacer\",\"publisher\":{\"@id\":\"https:\/\/nuevo-renacer.com\/#organization\"},\"potentialAction\":[{\"@type\":\"SearchAction\",\"target\":{\"@type\":\"EntryPoint\",\"urlTemplate\":\"https:\/\/nuevo-renacer.com\/?s={search_term_string}\"},\"query-input\":{\"@type\":\"PropertyValueSpecification\",\"valueRequired\":true,\"valueName\":\"search_term_string\"}}],\"inLanguage\":\"it-IT\"},{\"@type\":\"Organization\",\"@id\":\"https:\/\/nuevo-renacer.com\/#organization\",\"name\":\"UFEC\",\"url\":\"https:\/\/nuevo-renacer.com\/\",\"logo\":{\"@type\":\"ImageObject\",\"inLanguage\":\"it-IT\",\"@id\":\"https:\/\/nuevo-renacer.com\/#\/schema\/logo\/image\/\",\"url\":\"https:\/\/nuevo-renacer.com\/wp-content\/uploads\/2024\/05\/cropped-LOGO-TERMINADO1-3-3.png\",\"contentUrl\":\"https:\/\/nuevo-renacer.com\/wp-content\/uploads\/2024\/05\/cropped-LOGO-TERMINADO1-3-3.png\",\"width\":512,\"height\":512,\"caption\":\"UFEC\"},\"image\":{\"@id\":\"https:\/\/nuevo-renacer.com\/#\/schema\/logo\/image\/\"},\"sameAs\":[\"https:\/\/www.facebook.com\/groups\/3431398063740829\"]}]}<\/script>\n<!-- \/ Yoast SEO Premium plugin. -->","yoast_head_json":{"title":"Stanley de Brath - Uni\u00f3n Esp\u00edrita","description":"Stanley De Brath (1854 \u2013 1937) fue un ingeniero civil, parapsic\u00f3logo y espiritista brit\u00e1nico.","robots":{"index":"index","follow":"follow","max-snippet":"max-snippet:-1","max-image-preview":"max-image-preview:large","max-video-preview":"max-video-preview:-1"},"canonical":"https:\/\/nuevo-renacer.com\/it\/stanley-de-brath\/","og_locale":"it_IT","og_type":"article","og_title":"Stanley de Brath","og_description":"Stanley De Brath (1854 \u2013 1937) fue un ingeniero civil, parapsic\u00f3logo y espiritista brit\u00e1nico.","og_url":"https:\/\/nuevo-renacer.com\/it\/stanley-de-brath\/","og_site_name":"Uni\u00f3n Esp\u00edrita","article_publisher":"https:\/\/www.facebook.com\/groups\/3431398063740829","article_modified_time":"2025-06-10T09:47:55+00:00","og_image":[{"width":285,"height":395,"url":"https:\/\/nuevo-renacer.com\/wp-content\/uploads\/2025\/06\/Screenshot-618.png","type":"image\/png"}],"twitter_card":"summary_large_image","twitter_misc":{"Tempo di lettura stimato":"5 minuti"},"schema":{"@context":"https:\/\/schema.org","@graph":[{"@type":"WebPage","@id":"https:\/\/nuevo-renacer.com\/stanley-de-brath\/","url":"https:\/\/nuevo-renacer.com\/stanley-de-brath\/","name":"Stanley de Brath - Uni\u00f3n Esp\u00edrita","isPartOf":{"@id":"https:\/\/nuevo-renacer.com\/#website"},"primaryImageOfPage":{"@id":"https:\/\/nuevo-renacer.com\/stanley-de-brath\/#primaryimage"},"image":{"@id":"https:\/\/nuevo-renacer.com\/stanley-de-brath\/#primaryimage"},"thumbnailUrl":"https:\/\/nuevo-renacer.com\/wp-content\/uploads\/2025\/06\/Screenshot-618.png","datePublished":"2025-06-10T09:47:52+00:00","dateModified":"2025-06-10T09:47:55+00:00","description":"Stanley De Brath (1854 \u2013 1937) fue un ingeniero civil, parapsic\u00f3logo y espiritista brit\u00e1nico.","breadcrumb":{"@id":"https:\/\/nuevo-renacer.com\/stanley-de-brath\/#breadcrumb"},"inLanguage":"it-IT","potentialAction":[{"@type":"ReadAction","target":["https:\/\/nuevo-renacer.com\/stanley-de-brath\/"]}]},{"@type":"ImageObject","inLanguage":"it-IT","@id":"https:\/\/nuevo-renacer.com\/stanley-de-brath\/#primaryimage","url":"https:\/\/nuevo-renacer.com\/wp-content\/uploads\/2025\/06\/Screenshot-618.png","contentUrl":"https:\/\/nuevo-renacer.com\/wp-content\/uploads\/2025\/06\/Screenshot-618.png"},{"@type":"BreadcrumbList","@id":"https:\/\/nuevo-renacer.com\/stanley-de-brath\/#breadcrumb","itemListElement":[{"@type":"ListItem","position":1,"name":"Startseite","item":"https:\/\/nuevo-renacer.com\/"},{"@type":"ListItem","position":2,"name":"Stanley de Brath"}]},{"@type":"WebSite","@id":"https:\/\/nuevo-renacer.com\/#website","url":"https:\/\/nuevo-renacer.com\/","name":"Uni\u00f3n Esp\u00edrita","description":"Nuevo Renacer","publisher":{"@id":"https:\/\/nuevo-renacer.com\/#organization"},"potentialAction":[{"@type":"SearchAction","target":{"@type":"EntryPoint","urlTemplate":"https:\/\/nuevo-renacer.com\/?s={search_term_string}"},"query-input":{"@type":"PropertyValueSpecification","valueRequired":true,"valueName":"search_term_string"}}],"inLanguage":"it-IT"},{"@type":"Organization","@id":"https:\/\/nuevo-renacer.com\/#organization","name":"UFEC","url":"https:\/\/nuevo-renacer.com\/","logo":{"@type":"ImageObject","inLanguage":"it-IT","@id":"https:\/\/nuevo-renacer.com\/#\/schema\/logo\/image\/","url":"https:\/\/nuevo-renacer.com\/wp-content\/uploads\/2024\/05\/cropped-LOGO-TERMINADO1-3-3.png","contentUrl":"https:\/\/nuevo-renacer.com\/wp-content\/uploads\/2024\/05\/cropped-LOGO-TERMINADO1-3-3.png","width":512,"height":512,"caption":"UFEC"},"image":{"@id":"https:\/\/nuevo-renacer.com\/#\/schema\/logo\/image\/"},"sameAs":["https:\/\/www.facebook.com\/groups\/3431398063740829"]}]}},"uagb_featured_image_src":{"full":false,"thumbnail":false,"medium":false,"medium_large":false,"large":false,"1536x1536":false,"2048x2048":false,"trp-custom-language-flag":false},"uagb_author_info":{"display_name":"adbv0","author_link":"https:\/\/nuevo-renacer.com\/it\/author\/adbv0\/"},"uagb_comment_info":0,"uagb_excerpt":"Stanley de Brath Stanley De Brath naci\u00f3 el 10 de octubre de 1854 en el distrito de Sydenham, Kent, Londres, Inglaterra. Su padre, F\u00e9lix de Brath, era espa\u00f1ol naturalizado brit\u00e1nico. Su madre, Anna Louisa Mary Gertrude Monica De Brath, era inglesa. En aquella \u00e9poca, la guerra de Crimea estaba en su apogeo. Poco despu\u00e9s de&hellip;","jetpack_sharing_enabled":true,"_links":{"self":[{"href":"https:\/\/nuevo-renacer.com\/it\/wp-json\/wp\/v2\/pages\/8288","targetHints":{"allow":["GET"]}}],"collection":[{"href":"https:\/\/nuevo-renacer.com\/it\/wp-json\/wp\/v2\/pages"}],"about":[{"href":"https:\/\/nuevo-renacer.com\/it\/wp-json\/wp\/v2\/types\/page"}],"author":[{"embeddable":true,"href":"https:\/\/nuevo-renacer.com\/it\/wp-json\/wp\/v2\/users\/1"}],"replies":[{"embeddable":true,"href":"https:\/\/nuevo-renacer.com\/it\/wp-json\/wp\/v2\/comments?post=8288"}],"version-history":[{"count":1,"href":"https:\/\/nuevo-renacer.com\/it\/wp-json\/wp\/v2\/pages\/8288\/revisions"}],"predecessor-version":[{"id":8290,"href":"https:\/\/nuevo-renacer.com\/it\/wp-json\/wp\/v2\/pages\/8288\/revisions\/8290"}],"wp:attachment":[{"href":"https:\/\/nuevo-renacer.com\/it\/wp-json\/wp\/v2\/media?parent=8288"}],"curies":[{"name":"wp","href":"https:\/\/api.w.org\/{rel}","templated":true}]}}