{"id":8284,"date":"2025-06-10T09:11:00","date_gmt":"2025-06-10T09:11:00","guid":{"rendered":"https:\/\/nuevo-renacer.com\/?page_id=8284"},"modified":"2025-06-10T09:11:03","modified_gmt":"2025-06-10T09:11:03","slug":"oliver-joseph-lodge","status":"publish","type":"page","link":"https:\/\/nuevo-renacer.com\/it\/oliver-joseph-lodge\/","title":{"rendered":"Oliver Joseph Lodge"},"content":{"rendered":"<div class=\"wp-block-uagb-container uagb-block-f273dccd alignfull uagb-is-root-container\"><div class=\"uagb-container-inner-blocks-wrap\">\n<p class=\"has-black-color has-text-color has-link-color has-medium-font-size wp-elements-1eb1e15e1bf9ca80ee168554d6f2324f\"><strong>Oliver Joseph Lodge<\/strong><\/p>\n<\/div><\/div>\n\n\n\n<div class=\"wp-block-uagb-container uagb-block-a33adbfd alignfull uagb-is-root-container\"><div class=\"uagb-container-inner-blocks-wrap\">\n<figure class=\"wp-block-image size-large is-resized\"><img fetchpriority=\"high\" decoding=\"async\" width=\"752\" height=\"1024\" src=\"https:\/\/nuevo-renacer.com\/wp-content\/uploads\/2025\/06\/Oliver_Joseph_Lodge3-752x1024.jpg\" alt=\"\" class=\"wp-image-8285\" style=\"width:223px;height:auto\" srcset=\"https:\/\/nuevo-renacer.com\/wp-content\/uploads\/2025\/06\/Oliver_Joseph_Lodge3-752x1024.jpg 752w, https:\/\/nuevo-renacer.com\/wp-content\/uploads\/2025\/06\/Oliver_Joseph_Lodge3-220x300.jpg 220w, https:\/\/nuevo-renacer.com\/wp-content\/uploads\/2025\/06\/Oliver_Joseph_Lodge3-768x1046.jpg 768w, https:\/\/nuevo-renacer.com\/wp-content\/uploads\/2025\/06\/Oliver_Joseph_Lodge3-1128x1536.jpg 1128w, https:\/\/nuevo-renacer.com\/wp-content\/uploads\/2025\/06\/Oliver_Joseph_Lodge3-9x12.jpg 9w, https:\/\/nuevo-renacer.com\/wp-content\/uploads\/2025\/06\/Oliver_Joseph_Lodge3.jpg 1188w\" sizes=\"(max-width: 752px) 100vw, 752px\" \/><\/figure>\n<\/div><\/div>\n\n\n\n<div class=\"wp-block-uagb-container uagb-block-68addc5d alignfull uagb-is-root-container\"><div class=\"uagb-container-inner-blocks-wrap\">\n<p class=\"has-black-color has-text-color has-link-color has-small-font-size wp-elements-8c669dc8f98a5a23246e292239b63546\">Naci\u00f3 el 12 de junio de 1851 en Penkhull, Inglaterra. Educado en la Grammar School de Newport y en el University College de Londres, fue uno de los f\u00edsicos m\u00e1s reputados de la \u00e9poca. Realiz\u00f3 importantes investigaciones sobre la sede de la fuerza electromotriz en la pila voltaica, sobre las ondas electromagn\u00e9ticas y la telegraf\u00eda sin hilos. Adquiri\u00f3 fama mundial como inventor, habiendo contribuido en gran medida al desarrollo de la electricidad.<\/p>\n\n\n\n<p class=\"has-black-color has-text-color has-link-color has-small-font-size wp-elements-1aa7b8fec7e62cf657297dc03305e76d\">Solo despu\u00e9s de cumplir los cincuenta a\u00f1os, Lodge centr\u00f3 su atenci\u00f3n en las manifestaciones ps\u00edquicas, habiendo dado un testimonio inestimable de la supervivencia y la comunicaci\u00f3n de los esp\u00edritus. En su obra \u00abPor qu\u00e9 creo en la inmortalidad personal\u00bb, declara:<\/p>\n\n\n\n<p class=\"has-black-color has-text-color has-link-color has-small-font-size wp-elements-cb33222a3431efd1feeab0587f0293a5\">\u00abLa prueba de la identidad personal queda as\u00ed ampliamente establecida, de manera seria y sistem\u00e1tica, por el examen cr\u00edtico de los investigadores y, sobre todo, por los esfuerzos especiales e inteligentes de los comunicadores del m\u00e1s all\u00e1. Para m\u00ed, la evidencia es pr\u00e1cticamente completa, y no tengo ninguna duda de la existencia y la supervivencia de la personalidad, como tampoco la tendr\u00eda sobre la deducci\u00f3n de cualquier experiencia ordinaria y normal\u00bb.<\/p>\n\n\n\n<p class=\"has-black-color has-text-color has-link-color has-small-font-size wp-elements-5fd380fdb917e0272f0c6d8f603f181a\">Dej\u00f3 escritas numerosas obras, entre las que destacamos las siguientes: \u00abLa formaci\u00f3n del hombre\u00bb, \u00abRaimundo\u00bb y \u00abPor qu\u00e9 creo en la inmortalidad personal\u00bb. El nombre de Sir Oliver Lodge constituye uno de los m\u00e1s altos ornamentos de las ciencias modernas. Cient\u00edfico ingl\u00e9s nacido en Penkhull, Staffordshire, el 12 de junio de 1851 y fallecido en Amesbury el 22 de agosto de 1940. Profesor de f\u00edsica en el Colegio Universitario de Liverpool entre 1881 y 1900; director de la Universidad de Birmingham en 1900 y profesor en Oxford en 1903. Aport\u00f3 importantes contribuciones a las teor\u00edas de la electricidad de contacto y la electr\u00f3lisis, la descarga oscilatoria en las botellas de Leyde, la producci\u00f3n de ondas electromagn\u00e9ticas en el aire e introdujo mejoras en el tel\u00e9grafo inal\u00e1mbrico.<\/p>\n\n\n\n<p class=\"has-black-color has-text-color has-link-color has-small-font-size wp-elements-9b2aa64e15467e5f9dfb9838d5a5a383\">Realiz\u00f3 experimentos sobre la disminuci\u00f3n de la niebla mediante la dispersi\u00f3n el\u00e9ctrica. Autor de varios tratados cient\u00edficos y obras, entre los que destacan: \u00abManual de mec\u00e1nica elemental\u00bb, en 1877; \u00abPioneros de la ciencia\u00bb, en 1893; \u00abVida y materia\u00bb, 1905; \u00ab Electrones o la naturaleza y propiedades de la electricidad negativa\u00bb, 1907; \u00abCiencia y mortalidad\u00bb, 1908; \u00abEl \u00e9ter en el espacio\u00bb, 1909; \u00abM\u00e1s all\u00e1 de la f\u00edsica o la idealizaci\u00f3n del mecanismo\u00bb, 1930.<\/p>\n\n\n\n<p class=\"has-black-color has-text-color has-link-color has-small-font-size wp-elements-afa4d5cdd896820ee5665dbcec0ed455\">La importancia que el mundo otorg\u00f3 a su incursi\u00f3n en el campo del espiritismo y a los rigurosos experimentos controlados con los que estudi\u00f3 el caso post mortem de su hijo Raymond, muerto en una trinchera de Flandes en los primeros meses de la Primera Guerra Mundial, generaron fuertes controversias. El desv\u00edo de la ruta de la ciencia acad\u00e9mica lo convirti\u00f3 en blanco de agresiones vigorosas por parte de sus \u00abcolegas\u00bb de profesi\u00f3n. Pero \u00e9l era plenamente consciente de los riesgos que corr\u00eda. March\u00f3 hacia el circo al estilo de los m\u00e1rtires cristianos. Pero fue sobre todo un m\u00e1rtir de la ciencia. Lo acusaron de ingenuo por aceptar las afirmaciones de su hijo, que daba cuenta de la existencia de bebidas, cigarrillos, \u00e1rboles y casas en la vida espiritual. Era solo un padre desolado, que se entregaba al dolor natural de la p\u00e9rdida, dec\u00edan. Sin embargo, todos los que investigan los problemas del m\u00e1s all\u00e1 saben que en los planos inferiores del mundo espiritual la semejanza con el plano terrenal es notoria.<\/p>\n\n\n\n<p class=\"has-black-color has-text-color has-link-color has-small-font-size wp-elements-d7ce7263df1c4abdb42caa2f42206631\">Oliver fue un ejemplo vivo de valent\u00eda al dar testimonio de su fe. Pero esa fe consciente, racional e incluso exigente, ense\u00f1ada por Kardec. No la fe ciega, proveniente de la sumisi\u00f3n temerosa e incondicional a principios dogm\u00e1ticos, sino la fe que sirve al mismo tiempo de fundamento para la religi\u00f3n y la ciencia. Este tipo superior de fe excluye la superstici\u00f3n. No es una gracia que viene de lo alto, sino una conquista del hombre a trav\u00e9s de la evoluci\u00f3n. Por eso mismo no es solo divina, sino que tiene dos caras: es humana y divina al mismo tiempo. Los hombres cultos, en general, y particularmente los hombres de ciencia, huyen de la fe religiosa, pero no pueden escapar a las garras l\u00f3gicas de la fe cient\u00edfica. Sir Oliver Lodge nos ofrece un ejemplo decisivo de la conjugaci\u00f3n de estos dos aspectos de la Fe, que as\u00ed, con may\u00fascula inicial, es una sola, como un rostro se compone de dos caras. El personaje en cuesti\u00f3n no solo fue un cient\u00edfico de talento y un padre amoroso, sino sobre todo un hombre de gran visi\u00f3n y agudo sentido cr\u00edtico, al desviar su atenci\u00f3n hacia la investigaci\u00f3n espiritual, desempe\u00f1ando el dif\u00edcil papel de precursor de una \u00e9poca en la que la ciencia y la religi\u00f3n caminar\u00e1n juntas por el mismo camino de la vida.<\/p>\n<\/div><\/div>\n\n\n\n<div class=\"wp-block-uagb-container uagb-block-419cdebc alignfull uagb-is-root-container\"><div class=\"uagb-container-inner-blocks-wrap\"><\/div><\/div>\n\n\n\n<div class=\"wp-block-uagb-container uagb-block-e2b04c91 alignfull uagb-is-root-container\"><div class=\"uagb-container-inner-blocks-wrap\"><\/div><\/div>","protected":false},"excerpt":{"rendered":"<p>Oliver Joseph Lodge Naci\u00f3 el 12 de junio de 1851 en Penkhull, Inglaterra. Educado en la Grammar School de Newport y en el University College de Londres, fue uno de los f\u00edsicos m\u00e1s reputados de la \u00e9poca. Realiz\u00f3 importantes investigaciones sobre la sede de la fuerza electromotriz en la pila voltaica, sobre las ondas electromagn\u00e9ticas [&hellip;]<\/p>","protected":false},"author":1,"featured_media":0,"parent":0,"menu_order":0,"comment_status":"closed","ping_status":"closed","template":"","meta":{"_uag_custom_page_level_css":"","site-sidebar-layout":"default","site-content-layout":"","ast-site-content-layout":"default","site-content-style":"default","site-sidebar-style":"default","ast-global-header-display":"","ast-banner-title-visibility":"","ast-main-header-display":"","ast-hfb-above-header-display":"","ast-hfb-below-header-display":"","ast-hfb-mobile-header-display":"","site-post-title":"disabled","ast-breadcrumbs-content":"","ast-featured-img":"","footer-sml-layout":"","theme-transparent-header-meta":"","adv-header-id-meta":"","stick-header-meta":"","header-above-stick-meta":"","header-main-stick-meta":"","header-below-stick-meta":"","astra-migrate-meta-layouts":"set","ast-page-background-enabled":"default","ast-page-background-meta":{"desktop":{"background-color":"var(--ast-global-color-4)","background-image":"","background-repeat":"repeat","background-position":"center center","background-size":"auto","background-attachment":"scroll","background-type":"","background-media":"","overlay-type":"","overlay-color":"","overlay-opacity":"","overlay-gradient":""},"tablet":{"background-color":"","background-image":"","background-repeat":"repeat","background-position":"center center","background-size":"auto","background-attachment":"scroll","background-type":"","background-media":"","overlay-type":"","overlay-color":"","overlay-opacity":"","overlay-gradient":""},"mobile":{"background-color":"","background-image":"","background-repeat":"repeat","background-position":"center center","background-size":"auto","background-attachment":"scroll","background-type":"","background-media":"","overlay-type":"","overlay-color":"","overlay-opacity":"","overlay-gradient":""}},"ast-content-background-meta":{"desktop":{"background-color":"var(--ast-global-color-5)","background-image":"","background-repeat":"repeat","background-position":"center center","background-size":"auto","background-attachment":"scroll","background-type":"","background-media":"","overlay-type":"","overlay-color":"","overlay-opacity":"","overlay-gradient":""},"tablet":{"background-color":"var(--ast-global-color-5)","background-image":"","background-repeat":"repeat","background-position":"center center","background-size":"auto","background-attachment":"scroll","background-type":"","background-media":"","overlay-type":"","overlay-color":"","overlay-opacity":"","overlay-gradient":""},"mobile":{"background-color":"var(--ast-global-color-5)","background-image":"","background-repeat":"repeat","background-position":"center center","background-size":"auto","background-attachment":"scroll","background-type":"","background-media":"","overlay-type":"","overlay-color":"","overlay-opacity":"","overlay-gradient":""}},"footnotes":""},"class_list":["post-8284","page","type-page","status-publish","hentry"],"yoast_head":"<!-- This site is optimized with the Yoast SEO Premium plugin v24.2 (Yoast SEO v24.6) - https:\/\/yoast.com\/wordpress\/plugins\/seo\/ -->\n<title>Oliver Joseph Lodge - Uni\u00f3n Esp\u00edrita<\/title>\n<meta name=\"description\" content=\"Oliver Joseph Lodge (1851-1940) fue un f\u00edsico, escritor y fil\u00f3sofo brit\u00e1nico notable por sus contribuciones tanto a la ciencia como a la espiritualidad.\" \/>\n<meta name=\"robots\" content=\"index, follow, max-snippet:-1, max-image-preview:large, max-video-preview:-1\" \/>\n<link rel=\"canonical\" href=\"https:\/\/nuevo-renacer.com\/it\/oliver-joseph-lodge\/\" \/>\n<meta property=\"og:locale\" content=\"it_IT\" \/>\n<meta property=\"og:type\" content=\"article\" \/>\n<meta property=\"og:title\" content=\"Oliver Joseph Lodge\" \/>\n<meta property=\"og:description\" content=\"Oliver Joseph Lodge (1851-1940) fue un f\u00edsico, escritor y fil\u00f3sofo brit\u00e1nico notable por sus contribuciones tanto a la ciencia como a la espiritualidad.\" \/>\n<meta property=\"og:url\" content=\"https:\/\/nuevo-renacer.com\/it\/oliver-joseph-lodge\/\" \/>\n<meta property=\"og:site_name\" content=\"Uni\u00f3n Esp\u00edrita\" \/>\n<meta property=\"article:publisher\" content=\"https:\/\/www.facebook.com\/groups\/3431398063740829\" \/>\n<meta property=\"article:modified_time\" content=\"2025-06-10T09:11:03+00:00\" \/>\n<meta property=\"og:image\" content=\"https:\/\/nuevo-renacer.com\/wp-content\/uploads\/2025\/06\/Oliver_Joseph_Lodge3.jpg\" \/>\n\t<meta property=\"og:image:width\" content=\"1188\" \/>\n\t<meta property=\"og:image:height\" content=\"1618\" \/>\n\t<meta property=\"og:image:type\" content=\"image\/jpeg\" \/>\n<meta name=\"twitter:card\" content=\"summary_large_image\" \/>\n<meta name=\"twitter:label1\" content=\"Tempo di lettura stimato\" \/>\n\t<meta name=\"twitter:data1\" content=\"5 minuti\" \/>\n<script type=\"application\/ld+json\" class=\"yoast-schema-graph\">{\"@context\":\"https:\/\/schema.org\",\"@graph\":[{\"@type\":\"WebPage\",\"@id\":\"https:\/\/nuevo-renacer.com\/oliver-joseph-lodge\/\",\"url\":\"https:\/\/nuevo-renacer.com\/oliver-joseph-lodge\/\",\"name\":\"Oliver Joseph Lodge - Uni\u00f3n Esp\u00edrita\",\"isPartOf\":{\"@id\":\"https:\/\/nuevo-renacer.com\/#website\"},\"primaryImageOfPage\":{\"@id\":\"https:\/\/nuevo-renacer.com\/oliver-joseph-lodge\/#primaryimage\"},\"image\":{\"@id\":\"https:\/\/nuevo-renacer.com\/oliver-joseph-lodge\/#primaryimage\"},\"thumbnailUrl\":\"https:\/\/nuevo-renacer.com\/wp-content\/uploads\/2025\/06\/Oliver_Joseph_Lodge3-752x1024.jpg\",\"datePublished\":\"2025-06-10T09:11:00+00:00\",\"dateModified\":\"2025-06-10T09:11:03+00:00\",\"description\":\"Oliver Joseph Lodge (1851-1940) fue un f\u00edsico, escritor y fil\u00f3sofo brit\u00e1nico notable por sus contribuciones tanto a la ciencia como a la espiritualidad.\",\"breadcrumb\":{\"@id\":\"https:\/\/nuevo-renacer.com\/oliver-joseph-lodge\/#breadcrumb\"},\"inLanguage\":\"it-IT\",\"potentialAction\":[{\"@type\":\"ReadAction\",\"target\":[\"https:\/\/nuevo-renacer.com\/oliver-joseph-lodge\/\"]}]},{\"@type\":\"ImageObject\",\"inLanguage\":\"it-IT\",\"@id\":\"https:\/\/nuevo-renacer.com\/oliver-joseph-lodge\/#primaryimage\",\"url\":\"https:\/\/nuevo-renacer.com\/wp-content\/uploads\/2025\/06\/Oliver_Joseph_Lodge3-752x1024.jpg\",\"contentUrl\":\"https:\/\/nuevo-renacer.com\/wp-content\/uploads\/2025\/06\/Oliver_Joseph_Lodge3-752x1024.jpg\"},{\"@type\":\"BreadcrumbList\",\"@id\":\"https:\/\/nuevo-renacer.com\/oliver-joseph-lodge\/#breadcrumb\",\"itemListElement\":[{\"@type\":\"ListItem\",\"position\":1,\"name\":\"Startseite\",\"item\":\"https:\/\/nuevo-renacer.com\/\"},{\"@type\":\"ListItem\",\"position\":2,\"name\":\"Oliver Joseph Lodge\"}]},{\"@type\":\"WebSite\",\"@id\":\"https:\/\/nuevo-renacer.com\/#website\",\"url\":\"https:\/\/nuevo-renacer.com\/\",\"name\":\"Uni\u00f3n Esp\u00edrita\",\"description\":\"Nuevo Renacer\",\"publisher\":{\"@id\":\"https:\/\/nuevo-renacer.com\/#organization\"},\"potentialAction\":[{\"@type\":\"SearchAction\",\"target\":{\"@type\":\"EntryPoint\",\"urlTemplate\":\"https:\/\/nuevo-renacer.com\/?s={search_term_string}\"},\"query-input\":{\"@type\":\"PropertyValueSpecification\",\"valueRequired\":true,\"valueName\":\"search_term_string\"}}],\"inLanguage\":\"it-IT\"},{\"@type\":\"Organization\",\"@id\":\"https:\/\/nuevo-renacer.com\/#organization\",\"name\":\"UFEC\",\"url\":\"https:\/\/nuevo-renacer.com\/\",\"logo\":{\"@type\":\"ImageObject\",\"inLanguage\":\"it-IT\",\"@id\":\"https:\/\/nuevo-renacer.com\/#\/schema\/logo\/image\/\",\"url\":\"https:\/\/nuevo-renacer.com\/wp-content\/uploads\/2024\/05\/cropped-LOGO-TERMINADO1-3-3.png\",\"contentUrl\":\"https:\/\/nuevo-renacer.com\/wp-content\/uploads\/2024\/05\/cropped-LOGO-TERMINADO1-3-3.png\",\"width\":512,\"height\":512,\"caption\":\"UFEC\"},\"image\":{\"@id\":\"https:\/\/nuevo-renacer.com\/#\/schema\/logo\/image\/\"},\"sameAs\":[\"https:\/\/www.facebook.com\/groups\/3431398063740829\"]}]}<\/script>\n<!-- \/ Yoast SEO Premium plugin. -->","yoast_head_json":{"title":"Oliver Joseph Lodge - Uni\u00f3n Esp\u00edrita","description":"Oliver Joseph Lodge (1851-1940) fue un f\u00edsico, escritor y fil\u00f3sofo brit\u00e1nico notable por sus contribuciones tanto a la ciencia como a la espiritualidad.","robots":{"index":"index","follow":"follow","max-snippet":"max-snippet:-1","max-image-preview":"max-image-preview:large","max-video-preview":"max-video-preview:-1"},"canonical":"https:\/\/nuevo-renacer.com\/it\/oliver-joseph-lodge\/","og_locale":"it_IT","og_type":"article","og_title":"Oliver Joseph Lodge","og_description":"Oliver Joseph Lodge (1851-1940) fue un f\u00edsico, escritor y fil\u00f3sofo brit\u00e1nico notable por sus contribuciones tanto a la ciencia como a la espiritualidad.","og_url":"https:\/\/nuevo-renacer.com\/it\/oliver-joseph-lodge\/","og_site_name":"Uni\u00f3n Esp\u00edrita","article_publisher":"https:\/\/www.facebook.com\/groups\/3431398063740829","article_modified_time":"2025-06-10T09:11:03+00:00","og_image":[{"width":1188,"height":1618,"url":"https:\/\/nuevo-renacer.com\/wp-content\/uploads\/2025\/06\/Oliver_Joseph_Lodge3.jpg","type":"image\/jpeg"}],"twitter_card":"summary_large_image","twitter_misc":{"Tempo di lettura stimato":"5 minuti"},"schema":{"@context":"https:\/\/schema.org","@graph":[{"@type":"WebPage","@id":"https:\/\/nuevo-renacer.com\/oliver-joseph-lodge\/","url":"https:\/\/nuevo-renacer.com\/oliver-joseph-lodge\/","name":"Oliver Joseph Lodge - Uni\u00f3n Esp\u00edrita","isPartOf":{"@id":"https:\/\/nuevo-renacer.com\/#website"},"primaryImageOfPage":{"@id":"https:\/\/nuevo-renacer.com\/oliver-joseph-lodge\/#primaryimage"},"image":{"@id":"https:\/\/nuevo-renacer.com\/oliver-joseph-lodge\/#primaryimage"},"thumbnailUrl":"https:\/\/nuevo-renacer.com\/wp-content\/uploads\/2025\/06\/Oliver_Joseph_Lodge3-752x1024.jpg","datePublished":"2025-06-10T09:11:00+00:00","dateModified":"2025-06-10T09:11:03+00:00","description":"Oliver Joseph Lodge (1851-1940) fue un f\u00edsico, escritor y fil\u00f3sofo brit\u00e1nico notable por sus contribuciones tanto a la ciencia como a la espiritualidad.","breadcrumb":{"@id":"https:\/\/nuevo-renacer.com\/oliver-joseph-lodge\/#breadcrumb"},"inLanguage":"it-IT","potentialAction":[{"@type":"ReadAction","target":["https:\/\/nuevo-renacer.com\/oliver-joseph-lodge\/"]}]},{"@type":"ImageObject","inLanguage":"it-IT","@id":"https:\/\/nuevo-renacer.com\/oliver-joseph-lodge\/#primaryimage","url":"https:\/\/nuevo-renacer.com\/wp-content\/uploads\/2025\/06\/Oliver_Joseph_Lodge3-752x1024.jpg","contentUrl":"https:\/\/nuevo-renacer.com\/wp-content\/uploads\/2025\/06\/Oliver_Joseph_Lodge3-752x1024.jpg"},{"@type":"BreadcrumbList","@id":"https:\/\/nuevo-renacer.com\/oliver-joseph-lodge\/#breadcrumb","itemListElement":[{"@type":"ListItem","position":1,"name":"Startseite","item":"https:\/\/nuevo-renacer.com\/"},{"@type":"ListItem","position":2,"name":"Oliver Joseph Lodge"}]},{"@type":"WebSite","@id":"https:\/\/nuevo-renacer.com\/#website","url":"https:\/\/nuevo-renacer.com\/","name":"Uni\u00f3n Esp\u00edrita","description":"Nuevo Renacer","publisher":{"@id":"https:\/\/nuevo-renacer.com\/#organization"},"potentialAction":[{"@type":"SearchAction","target":{"@type":"EntryPoint","urlTemplate":"https:\/\/nuevo-renacer.com\/?s={search_term_string}"},"query-input":{"@type":"PropertyValueSpecification","valueRequired":true,"valueName":"search_term_string"}}],"inLanguage":"it-IT"},{"@type":"Organization","@id":"https:\/\/nuevo-renacer.com\/#organization","name":"UFEC","url":"https:\/\/nuevo-renacer.com\/","logo":{"@type":"ImageObject","inLanguage":"it-IT","@id":"https:\/\/nuevo-renacer.com\/#\/schema\/logo\/image\/","url":"https:\/\/nuevo-renacer.com\/wp-content\/uploads\/2024\/05\/cropped-LOGO-TERMINADO1-3-3.png","contentUrl":"https:\/\/nuevo-renacer.com\/wp-content\/uploads\/2024\/05\/cropped-LOGO-TERMINADO1-3-3.png","width":512,"height":512,"caption":"UFEC"},"image":{"@id":"https:\/\/nuevo-renacer.com\/#\/schema\/logo\/image\/"},"sameAs":["https:\/\/www.facebook.com\/groups\/3431398063740829"]}]}},"uagb_featured_image_src":{"full":false,"thumbnail":false,"medium":false,"medium_large":false,"large":false,"1536x1536":false,"2048x2048":false,"trp-custom-language-flag":false},"uagb_author_info":{"display_name":"adbv0","author_link":"https:\/\/nuevo-renacer.com\/it\/author\/adbv0\/"},"uagb_comment_info":0,"uagb_excerpt":"Oliver Joseph Lodge Naci\u00f3 el 12 de junio de 1851 en Penkhull, Inglaterra. Educado en la Grammar School de Newport y en el University College de Londres, fue uno de los f\u00edsicos m\u00e1s reputados de la \u00e9poca. Realiz\u00f3 importantes investigaciones sobre la sede de la fuerza electromotriz en la pila voltaica, sobre las ondas electromagn\u00e9ticas&hellip;","jetpack_sharing_enabled":true,"_links":{"self":[{"href":"https:\/\/nuevo-renacer.com\/it\/wp-json\/wp\/v2\/pages\/8284","targetHints":{"allow":["GET"]}}],"collection":[{"href":"https:\/\/nuevo-renacer.com\/it\/wp-json\/wp\/v2\/pages"}],"about":[{"href":"https:\/\/nuevo-renacer.com\/it\/wp-json\/wp\/v2\/types\/page"}],"author":[{"embeddable":true,"href":"https:\/\/nuevo-renacer.com\/it\/wp-json\/wp\/v2\/users\/1"}],"replies":[{"embeddable":true,"href":"https:\/\/nuevo-renacer.com\/it\/wp-json\/wp\/v2\/comments?post=8284"}],"version-history":[{"count":1,"href":"https:\/\/nuevo-renacer.com\/it\/wp-json\/wp\/v2\/pages\/8284\/revisions"}],"predecessor-version":[{"id":8286,"href":"https:\/\/nuevo-renacer.com\/it\/wp-json\/wp\/v2\/pages\/8284\/revisions\/8286"}],"wp:attachment":[{"href":"https:\/\/nuevo-renacer.com\/it\/wp-json\/wp\/v2\/media?parent=8284"}],"curies":[{"name":"wp","href":"https:\/\/api.w.org\/{rel}","templated":true}]}}