{"id":8253,"date":"2025-06-03T12:03:38","date_gmt":"2025-06-03T12:03:38","guid":{"rendered":"https:\/\/nuevo-renacer.com\/?page_id=8253"},"modified":"2025-06-03T12:03:41","modified_gmt":"2025-06-03T12:03:41","slug":"enrico-morselli","status":"publish","type":"page","link":"https:\/\/nuevo-renacer.com\/it\/enrico-morselli\/","title":{"rendered":"Enrico Morselli"},"content":{"rendered":"<div class=\"wp-block-uagb-container uagb-block-1e1d5d13 alignfull uagb-is-root-container\"><div class=\"uagb-container-inner-blocks-wrap\">\n<p class=\"has-black-color has-text-color has-link-color has-medium-font-size wp-elements-2534e5cc2e6b5f71295836be7faaab70\"><strong>Enrico Morselli<\/strong><\/p>\n<\/div><\/div>\n\n\n\n<div class=\"wp-block-uagb-container uagb-block-142285bc alignfull uagb-is-root-container\"><div class=\"uagb-container-inner-blocks-wrap\">\n<figure class=\"wp-block-image size-full is-resized\"><img fetchpriority=\"high\" decoding=\"async\" width=\"300\" height=\"396\" src=\"https:\/\/nuevo-renacer.com\/wp-content\/uploads\/2025\/06\/12345.jpg\" alt=\"\" class=\"wp-image-8254\" style=\"width:241px;height:auto\" srcset=\"https:\/\/nuevo-renacer.com\/wp-content\/uploads\/2025\/06\/12345.jpg 300w, https:\/\/nuevo-renacer.com\/wp-content\/uploads\/2025\/06\/12345-227x300.jpg 227w, https:\/\/nuevo-renacer.com\/wp-content\/uploads\/2025\/06\/12345-9x12.jpg 9w\" sizes=\"(max-width: 300px) 100vw, 300px\" \/><\/figure>\n<\/div><\/div>\n\n\n\n<div class=\"wp-block-uagb-container uagb-block-c663a713 alignfull uagb-is-root-container\"><div class=\"uagb-container-inner-blocks-wrap\">\n<p class=\"has-black-color has-text-color has-link-color has-small-font-size wp-elements-8464154afe227ac905c186f2460c0721\">Naci\u00f3 en M\u00f3dena, Italia, el 17 de julio de 1852, y muri\u00f3 en G\u00e9nova el 18 de febrero de 1929. Fue un brillante psiquiatra italiano, acad\u00e9mico y activo promotor de la escuela positivista italiana de neuropsiquiatr\u00eda. Especialista en enfermedades nerviosas y mentales, fue profesor de la Universidad de G\u00e9nova.<\/p>\n\n\n\n<p class=\"has-black-color has-text-color has-link-color has-small-font-size wp-elements-2b6fc7472edd36b0297ca4b754a056bb\">Hab\u00eda sido un esc\u00e9ptico ac\u00e9rrimo de los fen\u00f3menos medi\u00famnicos. Sin embargo, su encuentro con la gran m\u00e9dium Eusapia Paladino y la realizaci\u00f3n de 30 sesiones de materializaciones de esp\u00edritus en 1901-2 y 1906-7. Enrico Morselli acab\u00f3 convenci\u00e9ndose por completo de la realidad de los fen\u00f3menos espiritistas y pronunci\u00f3 su cambio de opini\u00f3n en 1907 en la revista Annals of Psychic Science: \u00abLa cuesti\u00f3n del espiritismo se ha debatido durante m\u00e1s de cincuenta a\u00f1os y, aunque nadie puede predecir en este momento cu\u00e1ndo se resolver\u00e1, todos coinciden en atribuirle una gran importancia entre los problemas que dej\u00f3 como legado el siglo XIX al XX.<\/p>\n\n\n\n<p class=\"has-black-color has-text-color has-link-color has-small-font-size wp-elements-aa99661dab88bb77ce4e58122cee3d43\">Si durante muchos a\u00f1os la ciencia acad\u00e9mica ha menospreciado toda la categor\u00eda de hechos que el espiritismo ha aportado para formar los elementos de su sistema doctrinal, peor para la ciencia. Y peor a\u00fan para los cient\u00edficos que se han quedado sordos y ciegos ante todas las afirmaciones, no de sectarios cr\u00e9dulos, sino de observadores serios y dignos como Crookes, Lodge y Richet. No me averg\u00fcenza decir que yo mismo, en la medida de mi modesto poder, hab\u00eda contribuido a ese escepticismo obstinado, hasta el d\u00eda en que fui capaz de romper las cadenas en las que mis prejuicios absolutistas hab\u00edan atado mi juicio\u00bb.<\/p>\n\n\n\n<p class=\"has-black-color has-text-color has-link-color has-small-font-size wp-elements-a72182d88f376d2fb399ee5186ea683d\">Enrico Morselli escribi\u00f3 la obra titulada \u00abPsicolog\u00eda y espiritismo\u00bb, publicada en dos vol\u00famenes en Tur\u00edn en 1908. En ella relata los hechos que observ\u00f3 con la notable m\u00e9dium Eusapia Paladino. Tambi\u00e9n public\u00f3 \u00abHip\u00f3tesis espiritista y teor\u00eda cient\u00edfica\u00bb. Fue bas\u00e1ndose en la mediumnidad f\u00edsica de Eusapia Paladino que el Dr. Enrico Morselli afirm\u00f3 su convicci\u00f3n de que los esp\u00edritus de los muertos \u2014en cuya existencia no cre\u00eda\u2014 no interven\u00edan en la producci\u00f3n de los fen\u00f3menos.<\/p>\n\n\n\n<p class=\"has-black-color has-text-color has-link-color has-small-font-size wp-elements-c0719a3860d14d60ab19945292020e44\">Sin embargo, cabe destacar la firme convicci\u00f3n del profesor MorseIli en la realidad de los fen\u00f3menos objetivos o f\u00edsicos logrados con la mediumnidad de Eusapia, incluidos los de materializaci\u00f3n parcial o total, fen\u00f3menos estos considerados fraudulentos por los nuevos \u00abprofetas\u00bb del hipnotismo y la letargia.<\/p>\n\n\n\n<p class=\"has-black-color has-text-color has-link-color has-small-font-size wp-elements-53f913493f9035d2e8110501ad88750b\">He aqu\u00ed, pues, lo que el sabio neur\u00f3logo escribi\u00f3 en las columnas del peri\u00f3dico italiano \u00abCorriere della Sera\u00bb en el a\u00f1o 1907, poco antes de que se publicara su libro \u00abPsicolog\u00eda y espiritismo\u00bb:<\/p>\n\n\n\n<p class=\"has-black-color has-text-color has-link-color has-small-font-size wp-elements-340b36ccbc677ee276c0f78c1770499d\">\u00abA quienes me preguntan, y son muchos los que hasta ahora me han interrogado sobre esta cuesti\u00f3n, qu\u00e9 pienso de los fen\u00f3menos f\u00edsicos atribuidos a Eusapia, y si los creo reales, aut\u00e9nticos, verdaderos, les respondo: \u00a1S\u00ed! Tales fen\u00f3menos, cuya aceptaci\u00f3n me pareci\u00f3 al principio basada en el error o en la ingenuidad, en el fraude o la ilusi\u00f3n de los sentidos, en la buena fe o en el \u00abparti-pris\u00bb, son, en su gran mayor\u00eda, verdaderos y reales; y en cuanto a los que forman el \u00abpeque\u00f1o n\u00famero\u00bb, sobre los que no me he certificado, de ninguna manera invalidan la existencia de una categor\u00eda extraordinaria o ultranormal de hechos que dependen de organismos especiales y de una actividad particular\u00bb.<\/p>\n\n\n\n<p class=\"has-black-color has-text-color has-link-color has-small-font-size wp-elements-0448507068c996832e0f5c77ccb8b141\">Confieso, sin embargo, que en mi opini\u00f3n hay otra cosa mucho m\u00e1s singular, mucho m\u00e1s asombrosa: es afirmar con plena conciencia que estos hechos son verdaderos&#8230; y no creer en el espiritismo.<\/p>\n<\/div><\/div>\n\n\n\n<div class=\"wp-block-uagb-container uagb-block-a2a72b91 alignfull uagb-is-root-container\"><div class=\"uagb-container-inner-blocks-wrap\"><\/div><\/div>\n\n\n\n<div class=\"wp-block-uagb-container uagb-block-590dfc8f alignfull uagb-is-root-container\"><div class=\"uagb-container-inner-blocks-wrap\"><\/div><\/div>","protected":false},"excerpt":{"rendered":"<p>Enrico Morselli Naci\u00f3 en M\u00f3dena, Italia, el 17 de julio de 1852, y muri\u00f3 en G\u00e9nova el 18 de febrero de 1929. Fue un brillante psiquiatra italiano, acad\u00e9mico y activo promotor de la escuela positivista italiana de neuropsiquiatr\u00eda. Especialista en enfermedades nerviosas y mentales, fue profesor de la Universidad de G\u00e9nova. Hab\u00eda sido un esc\u00e9ptico [&hellip;]<\/p>","protected":false},"author":1,"featured_media":0,"parent":0,"menu_order":0,"comment_status":"closed","ping_status":"closed","template":"","meta":{"_uag_custom_page_level_css":"","site-sidebar-layout":"default","site-content-layout":"","ast-site-content-layout":"default","site-content-style":"default","site-sidebar-style":"default","ast-global-header-display":"","ast-banner-title-visibility":"","ast-main-header-display":"","ast-hfb-above-header-display":"","ast-hfb-below-header-display":"","ast-hfb-mobile-header-display":"","site-post-title":"disabled","ast-breadcrumbs-content":"","ast-featured-img":"","footer-sml-layout":"","theme-transparent-header-meta":"","adv-header-id-meta":"","stick-header-meta":"","header-above-stick-meta":"","header-main-stick-meta":"","header-below-stick-meta":"","astra-migrate-meta-layouts":"set","ast-page-background-enabled":"default","ast-page-background-meta":{"desktop":{"background-color":"var(--ast-global-color-4)","background-image":"","background-repeat":"repeat","background-position":"center center","background-size":"auto","background-attachment":"scroll","background-type":"","background-media":"","overlay-type":"","overlay-color":"","overlay-opacity":"","overlay-gradient":""},"tablet":{"background-color":"","background-image":"","background-repeat":"repeat","background-position":"center center","background-size":"auto","background-attachment":"scroll","background-type":"","background-media":"","overlay-type":"","overlay-color":"","overlay-opacity":"","overlay-gradient":""},"mobile":{"background-color":"","background-image":"","background-repeat":"repeat","background-position":"center center","background-size":"auto","background-attachment":"scroll","background-type":"","background-media":"","overlay-type":"","overlay-color":"","overlay-opacity":"","overlay-gradient":""}},"ast-content-background-meta":{"desktop":{"background-color":"var(--ast-global-color-5)","background-image":"","background-repeat":"repeat","background-position":"center center","background-size":"auto","background-attachment":"scroll","background-type":"","background-media":"","overlay-type":"","overlay-color":"","overlay-opacity":"","overlay-gradient":""},"tablet":{"background-color":"var(--ast-global-color-5)","background-image":"","background-repeat":"repeat","background-position":"center center","background-size":"auto","background-attachment":"scroll","background-type":"","background-media":"","overlay-type":"","overlay-color":"","overlay-opacity":"","overlay-gradient":""},"mobile":{"background-color":"var(--ast-global-color-5)","background-image":"","background-repeat":"repeat","background-position":"center center","background-size":"auto","background-attachment":"scroll","background-type":"","background-media":"","overlay-type":"","overlay-color":"","overlay-opacity":"","overlay-gradient":""}},"footnotes":""},"class_list":["post-8253","page","type-page","status-publish","hentry"],"yoast_head":"<!-- This site is optimized with the Yoast SEO Premium plugin v24.2 (Yoast SEO v24.6) - https:\/\/yoast.com\/wordpress\/plugins\/seo\/ -->\n<title>Enrico Morselli - Uni\u00f3n Esp\u00edrita<\/title>\n<meta name=\"robots\" content=\"index, follow, max-snippet:-1, max-image-preview:large, max-video-preview:-1\" \/>\n<link rel=\"canonical\" href=\"https:\/\/nuevo-renacer.com\/it\/enrico-morselli\/\" \/>\n<meta property=\"og:locale\" content=\"it_IT\" \/>\n<meta property=\"og:type\" content=\"article\" \/>\n<meta property=\"og:title\" content=\"Enrico Morselli\" \/>\n<meta property=\"og:description\" content=\"Enrico Morselli Naci\u00f3 en M\u00f3dena, Italia, el 17 de julio de 1852, y muri\u00f3 en G\u00e9nova el 18 de febrero de 1929. Fue un brillante psiquiatra italiano, acad\u00e9mico y activo promotor de la escuela positivista italiana de neuropsiquiatr\u00eda. Especialista en enfermedades nerviosas y mentales, fue profesor de la Universidad de G\u00e9nova. Hab\u00eda sido un esc\u00e9ptico [&hellip;]\" \/>\n<meta property=\"og:url\" content=\"https:\/\/nuevo-renacer.com\/it\/enrico-morselli\/\" \/>\n<meta property=\"og:site_name\" content=\"Uni\u00f3n Esp\u00edrita\" \/>\n<meta property=\"article:publisher\" content=\"https:\/\/www.facebook.com\/groups\/3431398063740829\" \/>\n<meta property=\"article:modified_time\" content=\"2025-06-03T12:03:41+00:00\" \/>\n<meta property=\"og:image\" content=\"https:\/\/nuevo-renacer.com\/wp-content\/uploads\/2025\/06\/12345.jpg\" \/>\n\t<meta property=\"og:image:width\" content=\"300\" \/>\n\t<meta property=\"og:image:height\" content=\"396\" \/>\n\t<meta property=\"og:image:type\" content=\"image\/jpeg\" \/>\n<meta name=\"twitter:card\" content=\"summary_large_image\" \/>\n<meta name=\"twitter:label1\" content=\"Tempo di lettura stimato\" \/>\n\t<meta name=\"twitter:data1\" content=\"4 minuti\" \/>\n<script type=\"application\/ld+json\" class=\"yoast-schema-graph\">{\"@context\":\"https:\/\/schema.org\",\"@graph\":[{\"@type\":\"WebPage\",\"@id\":\"https:\/\/nuevo-renacer.com\/enrico-morselli\/\",\"url\":\"https:\/\/nuevo-renacer.com\/enrico-morselli\/\",\"name\":\"Enrico Morselli - Uni\u00f3n Esp\u00edrita\",\"isPartOf\":{\"@id\":\"https:\/\/nuevo-renacer.com\/#website\"},\"primaryImageOfPage\":{\"@id\":\"https:\/\/nuevo-renacer.com\/enrico-morselli\/#primaryimage\"},\"image\":{\"@id\":\"https:\/\/nuevo-renacer.com\/enrico-morselli\/#primaryimage\"},\"thumbnailUrl\":\"https:\/\/nuevo-renacer.com\/wp-content\/uploads\/2025\/06\/12345.jpg\",\"datePublished\":\"2025-06-03T12:03:38+00:00\",\"dateModified\":\"2025-06-03T12:03:41+00:00\",\"breadcrumb\":{\"@id\":\"https:\/\/nuevo-renacer.com\/enrico-morselli\/#breadcrumb\"},\"inLanguage\":\"it-IT\",\"potentialAction\":[{\"@type\":\"ReadAction\",\"target\":[\"https:\/\/nuevo-renacer.com\/enrico-morselli\/\"]}]},{\"@type\":\"ImageObject\",\"inLanguage\":\"it-IT\",\"@id\":\"https:\/\/nuevo-renacer.com\/enrico-morselli\/#primaryimage\",\"url\":\"https:\/\/nuevo-renacer.com\/wp-content\/uploads\/2025\/06\/12345.jpg\",\"contentUrl\":\"https:\/\/nuevo-renacer.com\/wp-content\/uploads\/2025\/06\/12345.jpg\"},{\"@type\":\"BreadcrumbList\",\"@id\":\"https:\/\/nuevo-renacer.com\/enrico-morselli\/#breadcrumb\",\"itemListElement\":[{\"@type\":\"ListItem\",\"position\":1,\"name\":\"Startseite\",\"item\":\"https:\/\/nuevo-renacer.com\/\"},{\"@type\":\"ListItem\",\"position\":2,\"name\":\"Enrico Morselli\"}]},{\"@type\":\"WebSite\",\"@id\":\"https:\/\/nuevo-renacer.com\/#website\",\"url\":\"https:\/\/nuevo-renacer.com\/\",\"name\":\"Uni\u00f3n Esp\u00edrita\",\"description\":\"Nuevo Renacer\",\"publisher\":{\"@id\":\"https:\/\/nuevo-renacer.com\/#organization\"},\"potentialAction\":[{\"@type\":\"SearchAction\",\"target\":{\"@type\":\"EntryPoint\",\"urlTemplate\":\"https:\/\/nuevo-renacer.com\/?s={search_term_string}\"},\"query-input\":{\"@type\":\"PropertyValueSpecification\",\"valueRequired\":true,\"valueName\":\"search_term_string\"}}],\"inLanguage\":\"it-IT\"},{\"@type\":\"Organization\",\"@id\":\"https:\/\/nuevo-renacer.com\/#organization\",\"name\":\"UFEC\",\"url\":\"https:\/\/nuevo-renacer.com\/\",\"logo\":{\"@type\":\"ImageObject\",\"inLanguage\":\"it-IT\",\"@id\":\"https:\/\/nuevo-renacer.com\/#\/schema\/logo\/image\/\",\"url\":\"https:\/\/nuevo-renacer.com\/wp-content\/uploads\/2024\/05\/cropped-LOGO-TERMINADO1-3-3.png\",\"contentUrl\":\"https:\/\/nuevo-renacer.com\/wp-content\/uploads\/2024\/05\/cropped-LOGO-TERMINADO1-3-3.png\",\"width\":512,\"height\":512,\"caption\":\"UFEC\"},\"image\":{\"@id\":\"https:\/\/nuevo-renacer.com\/#\/schema\/logo\/image\/\"},\"sameAs\":[\"https:\/\/www.facebook.com\/groups\/3431398063740829\"]}]}<\/script>\n<!-- \/ Yoast SEO Premium plugin. -->","yoast_head_json":{"title":"Enrico Morselli - Uni\u00f3n Esp\u00edrita","robots":{"index":"index","follow":"follow","max-snippet":"max-snippet:-1","max-image-preview":"max-image-preview:large","max-video-preview":"max-video-preview:-1"},"canonical":"https:\/\/nuevo-renacer.com\/it\/enrico-morselli\/","og_locale":"it_IT","og_type":"article","og_title":"Enrico Morselli","og_description":"Enrico Morselli Naci\u00f3 en M\u00f3dena, Italia, el 17 de julio de 1852, y muri\u00f3 en G\u00e9nova el 18 de febrero de 1929. Fue un brillante psiquiatra italiano, acad\u00e9mico y activo promotor de la escuela positivista italiana de neuropsiquiatr\u00eda. Especialista en enfermedades nerviosas y mentales, fue profesor de la Universidad de G\u00e9nova. Hab\u00eda sido un esc\u00e9ptico [&hellip;]","og_url":"https:\/\/nuevo-renacer.com\/it\/enrico-morselli\/","og_site_name":"Uni\u00f3n Esp\u00edrita","article_publisher":"https:\/\/www.facebook.com\/groups\/3431398063740829","article_modified_time":"2025-06-03T12:03:41+00:00","og_image":[{"width":300,"height":396,"url":"https:\/\/nuevo-renacer.com\/wp-content\/uploads\/2025\/06\/12345.jpg","type":"image\/jpeg"}],"twitter_card":"summary_large_image","twitter_misc":{"Tempo di lettura stimato":"4 minuti"},"schema":{"@context":"https:\/\/schema.org","@graph":[{"@type":"WebPage","@id":"https:\/\/nuevo-renacer.com\/enrico-morselli\/","url":"https:\/\/nuevo-renacer.com\/enrico-morselli\/","name":"Enrico Morselli - Uni\u00f3n Esp\u00edrita","isPartOf":{"@id":"https:\/\/nuevo-renacer.com\/#website"},"primaryImageOfPage":{"@id":"https:\/\/nuevo-renacer.com\/enrico-morselli\/#primaryimage"},"image":{"@id":"https:\/\/nuevo-renacer.com\/enrico-morselli\/#primaryimage"},"thumbnailUrl":"https:\/\/nuevo-renacer.com\/wp-content\/uploads\/2025\/06\/12345.jpg","datePublished":"2025-06-03T12:03:38+00:00","dateModified":"2025-06-03T12:03:41+00:00","breadcrumb":{"@id":"https:\/\/nuevo-renacer.com\/enrico-morselli\/#breadcrumb"},"inLanguage":"it-IT","potentialAction":[{"@type":"ReadAction","target":["https:\/\/nuevo-renacer.com\/enrico-morselli\/"]}]},{"@type":"ImageObject","inLanguage":"it-IT","@id":"https:\/\/nuevo-renacer.com\/enrico-morselli\/#primaryimage","url":"https:\/\/nuevo-renacer.com\/wp-content\/uploads\/2025\/06\/12345.jpg","contentUrl":"https:\/\/nuevo-renacer.com\/wp-content\/uploads\/2025\/06\/12345.jpg"},{"@type":"BreadcrumbList","@id":"https:\/\/nuevo-renacer.com\/enrico-morselli\/#breadcrumb","itemListElement":[{"@type":"ListItem","position":1,"name":"Startseite","item":"https:\/\/nuevo-renacer.com\/"},{"@type":"ListItem","position":2,"name":"Enrico Morselli"}]},{"@type":"WebSite","@id":"https:\/\/nuevo-renacer.com\/#website","url":"https:\/\/nuevo-renacer.com\/","name":"Uni\u00f3n Esp\u00edrita","description":"Nuevo Renacer","publisher":{"@id":"https:\/\/nuevo-renacer.com\/#organization"},"potentialAction":[{"@type":"SearchAction","target":{"@type":"EntryPoint","urlTemplate":"https:\/\/nuevo-renacer.com\/?s={search_term_string}"},"query-input":{"@type":"PropertyValueSpecification","valueRequired":true,"valueName":"search_term_string"}}],"inLanguage":"it-IT"},{"@type":"Organization","@id":"https:\/\/nuevo-renacer.com\/#organization","name":"UFEC","url":"https:\/\/nuevo-renacer.com\/","logo":{"@type":"ImageObject","inLanguage":"it-IT","@id":"https:\/\/nuevo-renacer.com\/#\/schema\/logo\/image\/","url":"https:\/\/nuevo-renacer.com\/wp-content\/uploads\/2024\/05\/cropped-LOGO-TERMINADO1-3-3.png","contentUrl":"https:\/\/nuevo-renacer.com\/wp-content\/uploads\/2024\/05\/cropped-LOGO-TERMINADO1-3-3.png","width":512,"height":512,"caption":"UFEC"},"image":{"@id":"https:\/\/nuevo-renacer.com\/#\/schema\/logo\/image\/"},"sameAs":["https:\/\/www.facebook.com\/groups\/3431398063740829"]}]}},"uagb_featured_image_src":{"full":false,"thumbnail":false,"medium":false,"medium_large":false,"large":false,"1536x1536":false,"2048x2048":false,"trp-custom-language-flag":false},"uagb_author_info":{"display_name":"adbv0","author_link":"https:\/\/nuevo-renacer.com\/it\/author\/adbv0\/"},"uagb_comment_info":0,"uagb_excerpt":"Enrico Morselli Naci\u00f3 en M\u00f3dena, Italia, el 17 de julio de 1852, y muri\u00f3 en G\u00e9nova el 18 de febrero de 1929. Fue un brillante psiquiatra italiano, acad\u00e9mico y activo promotor de la escuela positivista italiana de neuropsiquiatr\u00eda. Especialista en enfermedades nerviosas y mentales, fue profesor de la Universidad de G\u00e9nova. Hab\u00eda sido un esc\u00e9ptico&hellip;","jetpack_sharing_enabled":true,"_links":{"self":[{"href":"https:\/\/nuevo-renacer.com\/it\/wp-json\/wp\/v2\/pages\/8253","targetHints":{"allow":["GET"]}}],"collection":[{"href":"https:\/\/nuevo-renacer.com\/it\/wp-json\/wp\/v2\/pages"}],"about":[{"href":"https:\/\/nuevo-renacer.com\/it\/wp-json\/wp\/v2\/types\/page"}],"author":[{"embeddable":true,"href":"https:\/\/nuevo-renacer.com\/it\/wp-json\/wp\/v2\/users\/1"}],"replies":[{"embeddable":true,"href":"https:\/\/nuevo-renacer.com\/it\/wp-json\/wp\/v2\/comments?post=8253"}],"version-history":[{"count":1,"href":"https:\/\/nuevo-renacer.com\/it\/wp-json\/wp\/v2\/pages\/8253\/revisions"}],"predecessor-version":[{"id":8255,"href":"https:\/\/nuevo-renacer.com\/it\/wp-json\/wp\/v2\/pages\/8253\/revisions\/8255"}],"wp:attachment":[{"href":"https:\/\/nuevo-renacer.com\/it\/wp-json\/wp\/v2\/media?parent=8253"}],"curies":[{"name":"wp","href":"https:\/\/api.w.org\/{rel}","templated":true}]}}