{"id":8207,"date":"2025-05-28T09:11:18","date_gmt":"2025-05-28T09:11:18","guid":{"rendered":"https:\/\/nuevo-renacer.com\/?page_id=8207"},"modified":"2025-05-28T09:48:27","modified_gmt":"2025-05-28T09:48:27","slug":"gemma-galgani","status":"publish","type":"page","link":"https:\/\/nuevo-renacer.com\/it\/gemma-galgani\/","title":{"rendered":"Gemma Galgani"},"content":{"rendered":"<div class=\"wp-block-uagb-container uagb-block-3f1adc55 alignfull uagb-is-root-container\"><div class=\"uagb-container-inner-blocks-wrap\">\n<p class=\"has-black-color has-text-color has-link-color has-medium-font-size wp-elements-032a8a162626e1e7ab0a2b16ea126a4a\"><strong>Gemma Galgani<\/strong><\/p>\n<\/div><\/div>\n\n\n\n<div class=\"wp-block-uagb-container uagb-block-91188692 alignfull uagb-is-root-container\"><div class=\"uagb-container-inner-blocks-wrap\">\n<figure class=\"wp-block-image alignleft size-full is-resized\"><img fetchpriority=\"high\" decoding=\"async\" width=\"379\" height=\"502\" src=\"https:\/\/nuevo-renacer.com\/wp-content\/uploads\/2025\/05\/Screenshot-605.png\" alt=\"\" class=\"wp-image-8219\" style=\"width:267px;height:auto\" srcset=\"https:\/\/nuevo-renacer.com\/wp-content\/uploads\/2025\/05\/Screenshot-605.png 379w, https:\/\/nuevo-renacer.com\/wp-content\/uploads\/2025\/05\/Screenshot-605-226x300.png 226w, https:\/\/nuevo-renacer.com\/wp-content\/uploads\/2025\/05\/Screenshot-605-9x12.png 9w\" sizes=\"(max-width: 379px) 100vw, 379px\" \/><\/figure>\n<\/div><\/div>\n\n\n\n<div class=\"wp-block-uagb-container uagb-block-705e2e70 alignfull uagb-is-root-container\"><div class=\"uagb-container-inner-blocks-wrap\">\n<p class=\"has-black-color has-text-color has-link-color has-small-font-size wp-elements-fb247879233895aa28efe86a6c2d9854\">Santa Gemma Galgani (1878-1903) naci\u00f3 en Lucca, un pueblo italiano, y desde muy peque\u00f1a mostr\u00f3 un gran deseo de oraci\u00f3n gracias a su madre. Su madre muri\u00f3 muy pronto de tuberculosis y el padre de Gemma la dej\u00f3 al cuidado del internado de las Hermanas de Santa Zita.<\/p>\n\n\n\n<p class=\"has-black-color has-text-color has-link-color has-small-font-size wp-elements-ec6d5337d4df3908f91f515bd2c1a880\">Despu\u00e9s de mucho insistir, recibi\u00f3 la Primera Comuni\u00f3n a los nueve a\u00f1os. Sol\u00eda decir: \u00abDame a Jes\u00fas&#8230; y ver\u00e1s qu\u00e9 buena voy a ser. Voy a cambiar mucho\u00bb.<\/p>\n\n\n\n<p class=\"has-black-color has-text-color has-link-color has-small-font-size wp-elements-ffd19434a1ef82e71da0d9a939640958\">A\u00f1os m\u00e1s tarde, cuando ten\u00eda 19 a\u00f1os, muri\u00f3 su padre y, desgraciadamente, los directivos de su empresa no supieron administrar el dinero, por lo que lo perdieron todo, dej\u00e1ndola a ella y a sus hermanos en la pobreza.<\/p>\n\n\n\n<p class=\"has-black-color has-text-color has-link-color has-small-font-size wp-elements-284ed8f94d839bef6c1039c6c222d873\">El sufrimiento se convirti\u00f3 en parte de su vida. Desarroll\u00f3 una grave enfermedad de espalda y tambi\u00e9n contrajo meningitis; pronto sus brazos y piernas empezaron a paralizarse. Fue entonces cuando se encari\u00f1\u00f3 con San Gabriel Possenti de Nuestra Se\u00f1ora de los Dolores (entonces Venerable) y empez\u00f3 a verle todas las noches junto a su cama.<\/p>\n\n\n\n<p class=\"has-black-color has-text-color has-link-color has-small-font-size wp-elements-d1175ec01842a6440ccdfa859046dd78\">Una noche, cuando pensaba que su muerte se acercaba, oy\u00f3 el sonido de un rosario que se mov\u00eda; era el santo. Le pidi\u00f3 que hiciera una novena en honor del Sagrado Coraz\u00f3n de Jes\u00fas para obtener la curaci\u00f3n. Al cabo de los nueve d\u00edas, Gema se puso en pie para alegr\u00eda y asombro de todos.<\/p>\n\n\n\n<p class=\"has-black-color has-text-color has-link-color has-small-font-size wp-elements-3d1b91cd1bc7af74b5d9429535226eb4\">Gema albergaba en su coraz\u00f3n la idea de entregarse a la vida religiosa, pero el Se\u00f1or ten\u00eda otros planes para ella. Un d\u00eda, mientras pensaba en esto, se puso a rezar y de repente entr\u00f3 en \u00e9xtasis, sintiendo un profundo dolor por sus pecados. Fue entonces cuando se le apareci\u00f3 la Virgen Mar\u00eda y le dijo: \u00abMi hijo Jes\u00fas te ama sin medida y desea darte una gracia. Yo ser\u00e9 una Madre para ti. Ser\u00e1s una verdadera hija\u00bb.<\/p>\n\n\n\n<p class=\"has-black-color has-text-color has-link-color has-small-font-size wp-elements-10042b8814d2b006cbd6f6ffb94d00a5\">Fue entonces cuando vio a Jes\u00fas con todas sus heridas ardiendo y las llamas alcanzaron r\u00e1pidamente sus manos, sus pies y su coraz\u00f3n. \u00abMe sent\u00ed morir y hubiera ca\u00eddo al suelo si mi Madre no me hubiera sostenido mientras permanec\u00eda bajo su manto\u00bb.<\/p>\n\n\n\n<p class=\"has-black-color has-text-color has-link-color has-small-font-size wp-elements-e9f82913149b719545a16e80d6a5eff6\">Gemma relata que permaneci\u00f3 en esa posici\u00f3n durante varias horas y que, cuando termin\u00f3, cay\u00f3 de rodillas, sintiendo fuertes dolores en las manos, los pies y el coraz\u00f3n.<\/p>\n\n\n\n<p class=\"has-black-color has-text-color has-link-color has-small-font-size wp-elements-3dc7097bc0acb3b47c9bc4264b1651a5\">Gemma tuvo experiencias muy enriquecedoras con su \u00c1ngel de la Guarda; lo m\u00e1s probable es que su pureza atrajera a su fiel guardi\u00e1n y mantuvieran largas conversaciones. Juntos rezaban diversas oraciones y salmos, adem\u00e1s de meditar sobre la Pasi\u00f3n de Cristo. Fue entonces, en 1902, cuando Gemma se ofreci\u00f3 a Dios como v\u00edctima por la salvaci\u00f3n de las almas. Su est\u00f3mago no aceptaba ning\u00fan tipo de alimento, y al cabo de un rato comenz\u00f3 a expulsar sangre.<\/p>\n\n\n\n<p class=\"has-black-color has-text-color has-link-color has-small-font-size wp-elements-4b274e0ad3c5d364129526e4598f5ab4\">Junto con esto, comenz\u00f3 un intenso periodo de sequedad espiritual en su alma, con ataques del mismo diablo. Intentaba convencerla de que Dios la hab\u00eda abandonado, y cuando no lo consegu\u00eda, a veces la atacaba f\u00edsicamente.<\/p>\n\n\n\n<p class=\"has-black-color has-text-color has-link-color has-small-font-size wp-elements-326b08fa19f99c4128cfd3baa56ed58a\">Su cuerpo se fue debilitando hasta que, el 11 de abril de 1903, cuando ya no le quedaban fuerzas, pidi\u00f3 un vi\u00e1tico:<\/p>\n\n\n\n<p class=\"has-black-color has-text-color has-link-color has-small-font-size wp-elements-2c25819d1ccbbab6e5d0d54c9d0b5377\">\u00abYa no busco nada; lo he sacrificado todo y a todos a Dios; ahora me dispongo a morir. Ahora s\u00ed que no me queda nada, Jes\u00fas. Te encomiendo mi pobre alma&#8230; \u00a1Jes\u00fas!\u00bb.<\/p>\n\n\n\n<p class=\"has-black-color has-text-color has-link-color has-small-font-size wp-elements-82b7b2ecec69b222f9d73ceacbec6a33\">Gemma sonri\u00f3 y gir\u00f3 la cabeza hacia un lado, dando su \u00faltimo suspiro. Ten\u00eda 25 a\u00f1os.<\/p>\n<\/div><\/div>\n\n\n\n<div class=\"wp-block-uagb-container uagb-block-468a8b50 alignfull uagb-is-root-container\"><div class=\"uagb-container-inner-blocks-wrap\"><\/div><\/div>\n\n\n\n<div class=\"wp-block-uagb-container uagb-block-a41a1d33 alignfull uagb-is-root-container\"><div class=\"uagb-container-inner-blocks-wrap\">\n<figure class=\"wp-block-image alignleft size-full is-resized is-style-default\"><img decoding=\"async\" width=\"785\" height=\"545\" src=\"https:\/\/nuevo-renacer.com\/wp-content\/uploads\/2025\/05\/30571255_1587593651288001_2779042740447477760_n-2.jpg\" alt=\"\" class=\"wp-image-8214\" style=\"width:290px;height:auto\" srcset=\"https:\/\/nuevo-renacer.com\/wp-content\/uploads\/2025\/05\/30571255_1587593651288001_2779042740447477760_n-2.jpg 785w, https:\/\/nuevo-renacer.com\/wp-content\/uploads\/2025\/05\/30571255_1587593651288001_2779042740447477760_n-2-300x208.jpg 300w, https:\/\/nuevo-renacer.com\/wp-content\/uploads\/2025\/05\/30571255_1587593651288001_2779042740447477760_n-2-768x533.jpg 768w, https:\/\/nuevo-renacer.com\/wp-content\/uploads\/2025\/05\/30571255_1587593651288001_2779042740447477760_n-2-18x12.jpg 18w\" sizes=\"(max-width: 785px) 100vw, 785px\" \/><figcaption class=\"wp-element-caption\">El momento de su muerte.<\/figcaption><\/figure>\n<\/div><\/div>\n\n\n\n<div class=\"wp-block-uagb-container uagb-block-b138e672 alignfull uagb-is-root-container\"><div class=\"uagb-container-inner-blocks-wrap\"><\/div><\/div>\n\n\n\n<div class=\"wp-block-uagb-container uagb-block-fcb42624 alignfull uagb-is-root-container\"><div class=\"uagb-container-inner-blocks-wrap\"><\/div><\/div>","protected":false},"excerpt":{"rendered":"<p>Gemma Galgani Santa Gemma Galgani (1878-1903) naci\u00f3 en Lucca, un pueblo italiano, y desde muy peque\u00f1a mostr\u00f3 un gran deseo de oraci\u00f3n gracias a su madre. Su madre muri\u00f3 muy pronto de tuberculosis y el padre de Gemma la dej\u00f3 al cuidado del internado de las Hermanas de Santa Zita. Despu\u00e9s de mucho insistir, recibi\u00f3 [&hellip;]<\/p>","protected":false},"author":1,"featured_media":0,"parent":0,"menu_order":0,"comment_status":"closed","ping_status":"closed","template":"","meta":{"_uag_custom_page_level_css":"","site-sidebar-layout":"default","site-content-layout":"","ast-site-content-layout":"default","site-content-style":"default","site-sidebar-style":"default","ast-global-header-display":"","ast-banner-title-visibility":"","ast-main-header-display":"","ast-hfb-above-header-display":"","ast-hfb-below-header-display":"","ast-hfb-mobile-header-display":"","site-post-title":"disabled","ast-breadcrumbs-content":"","ast-featured-img":"","footer-sml-layout":"","theme-transparent-header-meta":"","adv-header-id-meta":"","stick-header-meta":"","header-above-stick-meta":"","header-main-stick-meta":"","header-below-stick-meta":"","astra-migrate-meta-layouts":"set","ast-page-background-enabled":"default","ast-page-background-meta":{"desktop":{"background-color":"var(--ast-global-color-4)","background-image":"","background-repeat":"repeat","background-position":"center center","background-size":"auto","background-attachment":"scroll","background-type":"","background-media":"","overlay-type":"","overlay-color":"","overlay-opacity":"","overlay-gradient":""},"tablet":{"background-color":"","background-image":"","background-repeat":"repeat","background-position":"center center","background-size":"auto","background-attachment":"scroll","background-type":"","background-media":"","overlay-type":"","overlay-color":"","overlay-opacity":"","overlay-gradient":""},"mobile":{"background-color":"","background-image":"","background-repeat":"repeat","background-position":"center center","background-size":"auto","background-attachment":"scroll","background-type":"","background-media":"","overlay-type":"","overlay-color":"","overlay-opacity":"","overlay-gradient":""}},"ast-content-background-meta":{"desktop":{"background-color":"var(--ast-global-color-5)","background-image":"","background-repeat":"repeat","background-position":"center center","background-size":"auto","background-attachment":"scroll","background-type":"","background-media":"","overlay-type":"","overlay-color":"","overlay-opacity":"","overlay-gradient":""},"tablet":{"background-color":"var(--ast-global-color-5)","background-image":"","background-repeat":"repeat","background-position":"center center","background-size":"auto","background-attachment":"scroll","background-type":"","background-media":"","overlay-type":"","overlay-color":"","overlay-opacity":"","overlay-gradient":""},"mobile":{"background-color":"var(--ast-global-color-5)","background-image":"","background-repeat":"repeat","background-position":"center center","background-size":"auto","background-attachment":"scroll","background-type":"","background-media":"","overlay-type":"","overlay-color":"","overlay-opacity":"","overlay-gradient":""}},"footnotes":""},"class_list":["post-8207","page","type-page","status-publish","hentry"],"yoast_head":"<!-- This site is optimized with the Yoast SEO Premium plugin v24.2 (Yoast SEO v24.6) - https:\/\/yoast.com\/wordpress\/plugins\/seo\/ -->\n<title>Gemma Galgani - Uni\u00f3n Esp\u00edrita<\/title>\n<meta name=\"description\" content=\"Descubre la vida de Santa Gemma Galgani, la m\u00edstica italiana del siglo XIX conocida por sus visiones, estigmas y profunda devoci\u00f3n a Cristo.\" \/>\n<meta name=\"robots\" content=\"index, follow, max-snippet:-1, max-image-preview:large, max-video-preview:-1\" \/>\n<link rel=\"canonical\" href=\"https:\/\/nuevo-renacer.com\/it\/gemma-galgani\/\" \/>\n<meta property=\"og:locale\" content=\"it_IT\" \/>\n<meta property=\"og:type\" content=\"article\" \/>\n<meta property=\"og:title\" content=\"Gemma Galgani\" \/>\n<meta property=\"og:description\" content=\"Descubre la vida de Santa Gemma Galgani, la m\u00edstica italiana del siglo XIX conocida por sus visiones, estigmas y profunda devoci\u00f3n a Cristo.\" \/>\n<meta property=\"og:url\" content=\"https:\/\/nuevo-renacer.com\/it\/gemma-galgani\/\" \/>\n<meta property=\"og:site_name\" content=\"Uni\u00f3n Esp\u00edrita\" \/>\n<meta property=\"article:publisher\" content=\"https:\/\/www.facebook.com\/groups\/3431398063740829\" \/>\n<meta property=\"article:modified_time\" content=\"2025-05-28T09:48:27+00:00\" \/>\n<meta property=\"og:image\" content=\"https:\/\/nuevo-renacer.com\/wp-content\/uploads\/2025\/05\/Screenshot-605.png\" \/>\n\t<meta property=\"og:image:width\" content=\"379\" \/>\n\t<meta property=\"og:image:height\" content=\"502\" \/>\n\t<meta property=\"og:image:type\" content=\"image\/png\" \/>\n<meta name=\"twitter:card\" content=\"summary_large_image\" \/>\n<meta name=\"twitter:label1\" content=\"Tempo di lettura stimato\" \/>\n\t<meta name=\"twitter:data1\" content=\"4 minuti\" \/>\n<script type=\"application\/ld+json\" class=\"yoast-schema-graph\">{\"@context\":\"https:\/\/schema.org\",\"@graph\":[{\"@type\":\"WebPage\",\"@id\":\"https:\/\/nuevo-renacer.com\/gemma-galgani\/\",\"url\":\"https:\/\/nuevo-renacer.com\/gemma-galgani\/\",\"name\":\"Gemma Galgani - Uni\u00f3n Esp\u00edrita\",\"isPartOf\":{\"@id\":\"https:\/\/nuevo-renacer.com\/#website\"},\"primaryImageOfPage\":{\"@id\":\"https:\/\/nuevo-renacer.com\/gemma-galgani\/#primaryimage\"},\"image\":{\"@id\":\"https:\/\/nuevo-renacer.com\/gemma-galgani\/#primaryimage\"},\"thumbnailUrl\":\"https:\/\/nuevo-renacer.com\/wp-content\/uploads\/2025\/05\/Screenshot-605.png\",\"datePublished\":\"2025-05-28T09:11:18+00:00\",\"dateModified\":\"2025-05-28T09:48:27+00:00\",\"description\":\"Descubre la vida de Santa Gemma Galgani, la m\u00edstica italiana del siglo XIX conocida por sus visiones, estigmas y profunda devoci\u00f3n a Cristo.\",\"breadcrumb\":{\"@id\":\"https:\/\/nuevo-renacer.com\/gemma-galgani\/#breadcrumb\"},\"inLanguage\":\"it-IT\",\"potentialAction\":[{\"@type\":\"ReadAction\",\"target\":[\"https:\/\/nuevo-renacer.com\/gemma-galgani\/\"]}]},{\"@type\":\"ImageObject\",\"inLanguage\":\"it-IT\",\"@id\":\"https:\/\/nuevo-renacer.com\/gemma-galgani\/#primaryimage\",\"url\":\"https:\/\/nuevo-renacer.com\/wp-content\/uploads\/2025\/05\/Screenshot-605.png\",\"contentUrl\":\"https:\/\/nuevo-renacer.com\/wp-content\/uploads\/2025\/05\/Screenshot-605.png\"},{\"@type\":\"BreadcrumbList\",\"@id\":\"https:\/\/nuevo-renacer.com\/gemma-galgani\/#breadcrumb\",\"itemListElement\":[{\"@type\":\"ListItem\",\"position\":1,\"name\":\"Startseite\",\"item\":\"https:\/\/nuevo-renacer.com\/\"},{\"@type\":\"ListItem\",\"position\":2,\"name\":\"Gemma Galgani\"}]},{\"@type\":\"WebSite\",\"@id\":\"https:\/\/nuevo-renacer.com\/#website\",\"url\":\"https:\/\/nuevo-renacer.com\/\",\"name\":\"Uni\u00f3n Esp\u00edrita\",\"description\":\"Nuevo Renacer\",\"publisher\":{\"@id\":\"https:\/\/nuevo-renacer.com\/#organization\"},\"potentialAction\":[{\"@type\":\"SearchAction\",\"target\":{\"@type\":\"EntryPoint\",\"urlTemplate\":\"https:\/\/nuevo-renacer.com\/?s={search_term_string}\"},\"query-input\":{\"@type\":\"PropertyValueSpecification\",\"valueRequired\":true,\"valueName\":\"search_term_string\"}}],\"inLanguage\":\"it-IT\"},{\"@type\":\"Organization\",\"@id\":\"https:\/\/nuevo-renacer.com\/#organization\",\"name\":\"UFEC\",\"url\":\"https:\/\/nuevo-renacer.com\/\",\"logo\":{\"@type\":\"ImageObject\",\"inLanguage\":\"it-IT\",\"@id\":\"https:\/\/nuevo-renacer.com\/#\/schema\/logo\/image\/\",\"url\":\"https:\/\/nuevo-renacer.com\/wp-content\/uploads\/2024\/05\/cropped-LOGO-TERMINADO1-3-3.png\",\"contentUrl\":\"https:\/\/nuevo-renacer.com\/wp-content\/uploads\/2024\/05\/cropped-LOGO-TERMINADO1-3-3.png\",\"width\":512,\"height\":512,\"caption\":\"UFEC\"},\"image\":{\"@id\":\"https:\/\/nuevo-renacer.com\/#\/schema\/logo\/image\/\"},\"sameAs\":[\"https:\/\/www.facebook.com\/groups\/3431398063740829\"]}]}<\/script>\n<!-- \/ Yoast SEO Premium plugin. -->","yoast_head_json":{"title":"Gemma Galgani - Uni\u00f3n Esp\u00edrita","description":"Descubre la vida de Santa Gemma Galgani, la m\u00edstica italiana del siglo XIX conocida por sus visiones, estigmas y profunda devoci\u00f3n a Cristo.","robots":{"index":"index","follow":"follow","max-snippet":"max-snippet:-1","max-image-preview":"max-image-preview:large","max-video-preview":"max-video-preview:-1"},"canonical":"https:\/\/nuevo-renacer.com\/it\/gemma-galgani\/","og_locale":"it_IT","og_type":"article","og_title":"Gemma Galgani","og_description":"Descubre la vida de Santa Gemma Galgani, la m\u00edstica italiana del siglo XIX conocida por sus visiones, estigmas y profunda devoci\u00f3n a Cristo.","og_url":"https:\/\/nuevo-renacer.com\/it\/gemma-galgani\/","og_site_name":"Uni\u00f3n Esp\u00edrita","article_publisher":"https:\/\/www.facebook.com\/groups\/3431398063740829","article_modified_time":"2025-05-28T09:48:27+00:00","og_image":[{"width":379,"height":502,"url":"https:\/\/nuevo-renacer.com\/wp-content\/uploads\/2025\/05\/Screenshot-605.png","type":"image\/png"}],"twitter_card":"summary_large_image","twitter_misc":{"Tempo di lettura stimato":"4 minuti"},"schema":{"@context":"https:\/\/schema.org","@graph":[{"@type":"WebPage","@id":"https:\/\/nuevo-renacer.com\/gemma-galgani\/","url":"https:\/\/nuevo-renacer.com\/gemma-galgani\/","name":"Gemma Galgani - Uni\u00f3n Esp\u00edrita","isPartOf":{"@id":"https:\/\/nuevo-renacer.com\/#website"},"primaryImageOfPage":{"@id":"https:\/\/nuevo-renacer.com\/gemma-galgani\/#primaryimage"},"image":{"@id":"https:\/\/nuevo-renacer.com\/gemma-galgani\/#primaryimage"},"thumbnailUrl":"https:\/\/nuevo-renacer.com\/wp-content\/uploads\/2025\/05\/Screenshot-605.png","datePublished":"2025-05-28T09:11:18+00:00","dateModified":"2025-05-28T09:48:27+00:00","description":"Descubre la vida de Santa Gemma Galgani, la m\u00edstica italiana del siglo XIX conocida por sus visiones, estigmas y profunda devoci\u00f3n a Cristo.","breadcrumb":{"@id":"https:\/\/nuevo-renacer.com\/gemma-galgani\/#breadcrumb"},"inLanguage":"it-IT","potentialAction":[{"@type":"ReadAction","target":["https:\/\/nuevo-renacer.com\/gemma-galgani\/"]}]},{"@type":"ImageObject","inLanguage":"it-IT","@id":"https:\/\/nuevo-renacer.com\/gemma-galgani\/#primaryimage","url":"https:\/\/nuevo-renacer.com\/wp-content\/uploads\/2025\/05\/Screenshot-605.png","contentUrl":"https:\/\/nuevo-renacer.com\/wp-content\/uploads\/2025\/05\/Screenshot-605.png"},{"@type":"BreadcrumbList","@id":"https:\/\/nuevo-renacer.com\/gemma-galgani\/#breadcrumb","itemListElement":[{"@type":"ListItem","position":1,"name":"Startseite","item":"https:\/\/nuevo-renacer.com\/"},{"@type":"ListItem","position":2,"name":"Gemma Galgani"}]},{"@type":"WebSite","@id":"https:\/\/nuevo-renacer.com\/#website","url":"https:\/\/nuevo-renacer.com\/","name":"Uni\u00f3n Esp\u00edrita","description":"Nuevo Renacer","publisher":{"@id":"https:\/\/nuevo-renacer.com\/#organization"},"potentialAction":[{"@type":"SearchAction","target":{"@type":"EntryPoint","urlTemplate":"https:\/\/nuevo-renacer.com\/?s={search_term_string}"},"query-input":{"@type":"PropertyValueSpecification","valueRequired":true,"valueName":"search_term_string"}}],"inLanguage":"it-IT"},{"@type":"Organization","@id":"https:\/\/nuevo-renacer.com\/#organization","name":"UFEC","url":"https:\/\/nuevo-renacer.com\/","logo":{"@type":"ImageObject","inLanguage":"it-IT","@id":"https:\/\/nuevo-renacer.com\/#\/schema\/logo\/image\/","url":"https:\/\/nuevo-renacer.com\/wp-content\/uploads\/2024\/05\/cropped-LOGO-TERMINADO1-3-3.png","contentUrl":"https:\/\/nuevo-renacer.com\/wp-content\/uploads\/2024\/05\/cropped-LOGO-TERMINADO1-3-3.png","width":512,"height":512,"caption":"UFEC"},"image":{"@id":"https:\/\/nuevo-renacer.com\/#\/schema\/logo\/image\/"},"sameAs":["https:\/\/www.facebook.com\/groups\/3431398063740829"]}]}},"uagb_featured_image_src":{"full":false,"thumbnail":false,"medium":false,"medium_large":false,"large":false,"1536x1536":false,"2048x2048":false,"trp-custom-language-flag":false},"uagb_author_info":{"display_name":"adbv0","author_link":"https:\/\/nuevo-renacer.com\/it\/author\/adbv0\/"},"uagb_comment_info":0,"uagb_excerpt":"Gemma Galgani Santa Gemma Galgani (1878-1903) naci\u00f3 en Lucca, un pueblo italiano, y desde muy peque\u00f1a mostr\u00f3 un gran deseo de oraci\u00f3n gracias a su madre. Su madre muri\u00f3 muy pronto de tuberculosis y el padre de Gemma la dej\u00f3 al cuidado del internado de las Hermanas de Santa Zita. Despu\u00e9s de mucho insistir, recibi\u00f3&hellip;","jetpack_sharing_enabled":true,"_links":{"self":[{"href":"https:\/\/nuevo-renacer.com\/it\/wp-json\/wp\/v2\/pages\/8207","targetHints":{"allow":["GET"]}}],"collection":[{"href":"https:\/\/nuevo-renacer.com\/it\/wp-json\/wp\/v2\/pages"}],"about":[{"href":"https:\/\/nuevo-renacer.com\/it\/wp-json\/wp\/v2\/types\/page"}],"author":[{"embeddable":true,"href":"https:\/\/nuevo-renacer.com\/it\/wp-json\/wp\/v2\/users\/1"}],"replies":[{"embeddable":true,"href":"https:\/\/nuevo-renacer.com\/it\/wp-json\/wp\/v2\/comments?post=8207"}],"version-history":[{"count":5,"href":"https:\/\/nuevo-renacer.com\/it\/wp-json\/wp\/v2\/pages\/8207\/revisions"}],"predecessor-version":[{"id":8220,"href":"https:\/\/nuevo-renacer.com\/it\/wp-json\/wp\/v2\/pages\/8207\/revisions\/8220"}],"wp:attachment":[{"href":"https:\/\/nuevo-renacer.com\/it\/wp-json\/wp\/v2\/media?parent=8207"}],"curies":[{"name":"wp","href":"https:\/\/api.w.org\/{rel}","templated":true}]}}