{"id":8202,"date":"2025-05-27T08:16:11","date_gmt":"2025-05-27T08:16:11","guid":{"rendered":"https:\/\/nuevo-renacer.com\/?page_id=8202"},"modified":"2025-05-27T09:00:59","modified_gmt":"2025-05-27T09:00:59","slug":"platon","status":"publish","type":"page","link":"https:\/\/nuevo-renacer.com\/it\/platon\/","title":{"rendered":"Plat\u00f3n"},"content":{"rendered":"<p class=\"has-text-align-left has-black-color has-text-color has-link-color has-medium-font-size wp-elements-45a515142106b98507cde77246e5d3af\"><strong>Plat\u00f3n<\/strong><\/p>\n\n\n\n<div class=\"wp-block-uagb-container uagb-block-326258c7 alignfull uagb-is-root-container\"><div class=\"uagb-container-inner-blocks-wrap\">\n<figure class=\"wp-block-image alignleft size-large is-resized\"><img fetchpriority=\"high\" decoding=\"async\" width=\"653\" height=\"1024\" src=\"https:\/\/nuevo-renacer.com\/wp-content\/uploads\/2025\/05\/English_School_-_Portrait_of_Plato_Athenian_philosopher_-_Plato_-_-_From_series_Leaders_of_Men_-_-_MeisterDrucke-1061278-653x1024.jpg\" alt=\"\" class=\"wp-image-8203\" style=\"width:219px;height:auto\" srcset=\"https:\/\/nuevo-renacer.com\/wp-content\/uploads\/2025\/05\/English_School_-_Portrait_of_Plato_Athenian_philosopher_-_Plato_-_-_From_series_Leaders_of_Men_-_-_MeisterDrucke-1061278-653x1024.jpg 653w, https:\/\/nuevo-renacer.com\/wp-content\/uploads\/2025\/05\/English_School_-_Portrait_of_Plato_Athenian_philosopher_-_Plato_-_-_From_series_Leaders_of_Men_-_-_MeisterDrucke-1061278-191x300.jpg 191w, https:\/\/nuevo-renacer.com\/wp-content\/uploads\/2025\/05\/English_School_-_Portrait_of_Plato_Athenian_philosopher_-_Plato_-_-_From_series_Leaders_of_Men_-_-_MeisterDrucke-1061278-8x12.jpg 8w, https:\/\/nuevo-renacer.com\/wp-content\/uploads\/2025\/05\/English_School_-_Portrait_of_Plato_Athenian_philosopher_-_Plato_-_-_From_series_Leaders_of_Men_-_-_MeisterDrucke-1061278.jpg 685w\" sizes=\"(max-width: 653px) 100vw, 653px\" \/><\/figure>\n<\/div><\/div>\n\n\n\n<div class=\"wp-block-uagb-container uagb-block-84bee83b alignfull uagb-is-root-container\"><div class=\"uagb-container-inner-blocks-wrap\">\n<p class=\"has-black-color has-text-color has-link-color has-small-font-size wp-elements-8bc84e774432e668359a0cda572264e0\">El \u00e1rbol se conoce por sus frutos. Toda acci\u00f3n debe caracterizarse por lo que produce: debe llamarse mala cuando produce el mal, y buena cuando produce el bien. Estas palabras pueden sonar a palabras del Se\u00f1or Jes\u00fas a cualquiera que haya le\u00eddo el Evangelio.<\/p>\n\n\n\n<p class=\"has-black-color has-text-color has-link-color has-small-font-size wp-elements-8dfe61cf8892fd291cb615317d47de4a\">Sin embargo, fueron escritas y dadas al mundo siglos antes de Jes\u00fas por Plat\u00f3n, fil\u00f3sofo griego disc\u00edpulo de S\u00f3crates. Naci\u00f3 en el a\u00f1o 428 \u00f3 427 a.C., en la ciudad de Atenas, Grecia. Perteneciente a la alta aristocracia, hacia los 20 a\u00f1os conoci\u00f3 y entabl\u00f3 amistad con el fil\u00f3sofo S\u00f3crates, a quien acompa\u00f1\u00f3 hasta sus \u00faltimos d\u00edas y de quien escribi\u00f3 sus ense\u00f1anzas, gracias a las cuales han llegado hasta nuestros d\u00edas.<\/p>\n\n\n\n<p class=\"has-black-color has-text-color has-link-color has-small-font-size wp-elements-cc535b903a4ed5ae5d08f1b02e923ae8\">Viaj\u00f3 a Egipto y al sur de Italia. En Sicilia, asisti\u00f3 a la corte de un tirano de Siracusa llamado Dionisio. Deseoso de influir en la pol\u00edtica de la ciudad, acab\u00f3 siendo incompatible con Dionisio, que lo hizo vender como esclavo en la isla de Egina, que estaba en guerra con Atenas. Rescatado, regres\u00f3 a su ciudad natal donde, a los cuarenta a\u00f1os, fund\u00f3 la Academia, en la que ense\u00f1\u00f3 hasta el final de sus d\u00edas terrenales.<\/p>\n\n\n\n<p class=\"has-black-color has-text-color has-link-color has-small-font-size wp-elements-bf1d8e750822ab4c107ef3fb5cf4d925\">Es f\u00e1cil comprender por qu\u00e9 \u00e9l y S\u00f3crates son considerados precursores de la idea cristiana y del Espiritismo, con s\u00f3lo leer algunos de sus escritos. La obra de Kardec El Evangelio seg\u00fan el Espiritismo presenta breves pasajes que se refieren a la concepci\u00f3n de los dos fil\u00f3sofos griegos sobre el alma, su progreso, la reencarnaci\u00f3n, el mundo de los esp\u00edritus y sus habitantes, as\u00ed como las virtudes m\u00e1s exaltadas, trazando un paralelo entre esas ideas, las de Cristo y, consecuentemente, los principios fundamentales del Espiritismo.<\/p>\n\n\n\n<p class=\"has-black-color has-text-color has-link-color has-small-font-size wp-elements-10f4139bbfb3b394a0d5871f61723b46\">Considerado uno de los fil\u00f3sofos m\u00e1s influyentes de todos los tiempos, ya que su pensamiento domin\u00f3 la filosof\u00eda cristiana antigua y medieval, sus escritos nos legaron el pensamiento socr\u00e1tico, as\u00ed como conmovedores relatos de los \u00faltimos d\u00edas de su maestro. Tambi\u00e9n fue el creador personal del di\u00e1logo filos\u00f3fico, una especie de drama de las ideas.<\/p>\n\n\n\n<p class=\"has-black-color has-text-color has-link-color has-small-font-size wp-elements-109ed00e46e4368cfbfb3cc3d1e334cf\">Su obra El Banquete est\u00e1 considerada una de las m\u00e1s grandes de la literatura antigua. Como poeta, su estilo es el punto m\u00e1s alto de la prosa griega y lo demuestra en sus poemas en prosa sobre el mito de la caverna, la Atl\u00e1ntida y Eros.<\/p>\n\n\n\n<p class=\"has-black-color has-text-color has-link-color has-small-font-size wp-elements-efa0010937f72bcc59575a88708ba527\">Escribi\u00f3: El amor est\u00e1 en todas partes en la Naturaleza, que nos invita a ejercitar nuestra inteligencia; incluso en el movimiento de las estrellas lo encontramos. Es el amor el que adorna la naturaleza con sus ricas alfombras; se adorna a s\u00ed mismo y se instala all\u00ed donde encuentra flores y perfumes. Es tambi\u00e9n el amor el que da la paz a los hombres, la calma al mar, el silencio a los vientos y el sue\u00f1o al dolor.<\/p>\n\n\n\n<p class=\"has-black-color has-text-color has-link-color has-small-font-size wp-elements-481789b8fc386461f1cb4a636f3d3fc1\">Las obras de Plat\u00f3n tratan de la mentira, la naturaleza del hombre, la piedad, el deber, la belleza, la sabidur\u00eda, la justicia, el valor, la amistad y la virtud. En el libro VII de La Rep\u00fablica, presenta el famoso mito de la caverna: encadenados en el interior de una prisi\u00f3n subterr\u00e1nea y de espaldas a la entrada por la que penetra la luz, los que all\u00ed est\u00e1n atrapados s\u00f3lo pueden ver las sombras que proyectan los hombres, los animales y todo lo que hay fuera de la caverna.<\/p>\n\n\n\n<p class=\"has-black-color has-text-color has-link-color has-small-font-size wp-elements-3c34e7078c2865e225352a6745ad7166\">Un hombre que consigue liberarse queda deslumbrado por la luz del sol del exterior y descubre que todo lo que hab\u00eda visto hasta entonces era irrealidad. All\u00ed estaba el mundo real. Sin embargo, si regresa al interior y desea transmitir lo que ha visto a los dem\u00e1s, que siguen prisioneros, siente que corre el riesgo de ser maltratado e incluso asesinado. Esta es exactamente, seg\u00fan Plat\u00f3n, la misi\u00f3n del fil\u00f3sofo.<\/p>\n\n\n\n<p class=\"has-black-color has-text-color has-link-color has-small-font-size wp-elements-d4e8bdc31f30341090e0ecca3fda28a7\">Desencarnado, lleno de lucidez y fuerza creadora, a los 80 a\u00f1os, de la Espiritualidad, uni\u00e9ndose a tantos otros Esp\u00edritus de calibre intelectual y moral, Plat\u00f3n prosigue su misi\u00f3n, revelando los matices del mundo espiritual, el mundo del sol cegador, el mundo real, verdadero.<\/p>\n\n\n\n<p class=\"has-black-color has-text-color has-link-color has-small-font-size wp-elements-bd954d6f32460776e6d66c7c8cb534f2\">Su nombre es mencionado en los Proleg\u00f3menos de El Libro de los Esp\u00edritus; firma uno de los pasajes de la respuesta a la pregunta 1009 de la misma obra, donde, hablando de la inexistencia de las penas eternas, recuerda las exhortaciones de S\u00f3crates, cuando, en su \u00e9poca, presentaba el alma migrando por m\u00faltiples existencias, seguidas de per\u00edodos m\u00e1s o menos largos de erraticidad.<\/p>\n\n\n\n<p class=\"has-black-color has-text-color has-link-color has-small-font-size wp-elements-f195865efe958bf4b52c100921283001\">Y concluye: Humanidad, no hundas tus tristes ojos en las profundidades de la tierra, buscando all\u00ed el castigo. Llora, espera, exp\u00eda y ref\u00fagiate en la idea de un Dios intr\u00ednsecamente bueno, absolutamente poderoso y esencialmente justo.<\/p>\n<\/div><\/div>\n\n\n\n<div class=\"wp-block-uagb-container uagb-block-3d936a81 alignfull uagb-is-root-container\"><div class=\"uagb-container-inner-blocks-wrap\"><\/div><\/div>\n\n\n\n<div class=\"wp-block-uagb-container uagb-block-2f4782a0 alignfull uagb-is-root-container\"><div class=\"uagb-container-inner-blocks-wrap\"><\/div><\/div>","protected":false},"excerpt":{"rendered":"<p>Plat\u00f3n El \u00e1rbol se conoce por sus frutos. Toda acci\u00f3n debe caracterizarse por lo que produce: debe llamarse mala cuando produce el mal, y buena cuando produce el bien. Estas palabras pueden sonar a palabras del Se\u00f1or Jes\u00fas a cualquiera que haya le\u00eddo el Evangelio. Sin embargo, fueron escritas y dadas al mundo siglos antes [&hellip;]<\/p>","protected":false},"author":1,"featured_media":0,"parent":0,"menu_order":0,"comment_status":"closed","ping_status":"closed","template":"","meta":{"_uag_custom_page_level_css":"","site-sidebar-layout":"default","site-content-layout":"","ast-site-content-layout":"default","site-content-style":"default","site-sidebar-style":"default","ast-global-header-display":"","ast-banner-title-visibility":"","ast-main-header-display":"","ast-hfb-above-header-display":"","ast-hfb-below-header-display":"","ast-hfb-mobile-header-display":"","site-post-title":"disabled","ast-breadcrumbs-content":"","ast-featured-img":"","footer-sml-layout":"","theme-transparent-header-meta":"","adv-header-id-meta":"","stick-header-meta":"","header-above-stick-meta":"","header-main-stick-meta":"","header-below-stick-meta":"","astra-migrate-meta-layouts":"set","ast-page-background-enabled":"default","ast-page-background-meta":{"desktop":{"background-color":"var(--ast-global-color-4)","background-image":"","background-repeat":"repeat","background-position":"center center","background-size":"auto","background-attachment":"scroll","background-type":"","background-media":"","overlay-type":"","overlay-color":"","overlay-opacity":"","overlay-gradient":""},"tablet":{"background-color":"","background-image":"","background-repeat":"repeat","background-position":"center center","background-size":"auto","background-attachment":"scroll","background-type":"","background-media":"","overlay-type":"","overlay-color":"","overlay-opacity":"","overlay-gradient":""},"mobile":{"background-color":"","background-image":"","background-repeat":"repeat","background-position":"center center","background-size":"auto","background-attachment":"scroll","background-type":"","background-media":"","overlay-type":"","overlay-color":"","overlay-opacity":"","overlay-gradient":""}},"ast-content-background-meta":{"desktop":{"background-color":"var(--ast-global-color-5)","background-image":"","background-repeat":"repeat","background-position":"center center","background-size":"auto","background-attachment":"scroll","background-type":"","background-media":"","overlay-type":"","overlay-color":"","overlay-opacity":"","overlay-gradient":""},"tablet":{"background-color":"var(--ast-global-color-5)","background-image":"","background-repeat":"repeat","background-position":"center center","background-size":"auto","background-attachment":"scroll","background-type":"","background-media":"","overlay-type":"","overlay-color":"","overlay-opacity":"","overlay-gradient":""},"mobile":{"background-color":"var(--ast-global-color-5)","background-image":"","background-repeat":"repeat","background-position":"center center","background-size":"auto","background-attachment":"scroll","background-type":"","background-media":"","overlay-type":"","overlay-color":"","overlay-opacity":"","overlay-gradient":""}},"footnotes":""},"class_list":["post-8202","page","type-page","status-publish","hentry"],"yoast_head":"<!-- This site is optimized with the Yoast SEO Premium plugin v24.2 (Yoast SEO v24.6) - https:\/\/yoast.com\/wordpress\/plugins\/seo\/ -->\n<title>Plat\u00f3n - Uni\u00f3n Esp\u00edrita<\/title>\n<meta name=\"description\" content=\"Explora el pensamiento de Plat\u00f3n desde la visi\u00f3n esp\u00edrita: su creencia en la inmortalidad del alma, la reencarnaci\u00f3n.\" \/>\n<meta name=\"robots\" content=\"index, follow, max-snippet:-1, max-image-preview:large, max-video-preview:-1\" \/>\n<link rel=\"canonical\" href=\"https:\/\/nuevo-renacer.com\/it\/platon\/\" \/>\n<meta property=\"og:locale\" content=\"it_IT\" \/>\n<meta property=\"og:type\" content=\"article\" \/>\n<meta property=\"og:title\" content=\"Plat\u00f3n\" \/>\n<meta property=\"og:description\" content=\"Explora el pensamiento de Plat\u00f3n desde la visi\u00f3n esp\u00edrita: su creencia en la inmortalidad del alma, la reencarnaci\u00f3n.\" \/>\n<meta property=\"og:url\" content=\"https:\/\/nuevo-renacer.com\/it\/platon\/\" \/>\n<meta property=\"og:site_name\" content=\"Uni\u00f3n Esp\u00edrita\" \/>\n<meta property=\"article:publisher\" content=\"https:\/\/www.facebook.com\/groups\/3431398063740829\" \/>\n<meta property=\"article:modified_time\" content=\"2025-05-27T09:00:59+00:00\" \/>\n<meta property=\"og:image\" content=\"https:\/\/nuevo-renacer.com\/wp-content\/uploads\/2025\/05\/English_School_-_Portrait_of_Plato_Athenian_philosopher_-_Plato_-_-_From_series_Leaders_of_Men_-_-_MeisterDrucke-1061278.jpg\" \/>\n\t<meta property=\"og:image:width\" content=\"685\" \/>\n\t<meta property=\"og:image:height\" content=\"1074\" \/>\n\t<meta property=\"og:image:type\" content=\"image\/jpeg\" \/>\n<meta name=\"twitter:card\" content=\"summary_large_image\" \/>\n<meta name=\"twitter:label1\" content=\"Tempo di lettura stimato\" \/>\n\t<meta name=\"twitter:data1\" content=\"5 minuti\" \/>\n<script type=\"application\/ld+json\" class=\"yoast-schema-graph\">{\"@context\":\"https:\/\/schema.org\",\"@graph\":[{\"@type\":\"WebPage\",\"@id\":\"https:\/\/nuevo-renacer.com\/platon\/\",\"url\":\"https:\/\/nuevo-renacer.com\/platon\/\",\"name\":\"Plat\u00f3n - Uni\u00f3n Esp\u00edrita\",\"isPartOf\":{\"@id\":\"https:\/\/nuevo-renacer.com\/#website\"},\"primaryImageOfPage\":{\"@id\":\"https:\/\/nuevo-renacer.com\/platon\/#primaryimage\"},\"image\":{\"@id\":\"https:\/\/nuevo-renacer.com\/platon\/#primaryimage\"},\"thumbnailUrl\":\"https:\/\/nuevo-renacer.com\/wp-content\/uploads\/2025\/05\/English_School_-_Portrait_of_Plato_Athenian_philosopher_-_Plato_-_-_From_series_Leaders_of_Men_-_-_MeisterDrucke-1061278-653x1024.jpg\",\"datePublished\":\"2025-05-27T08:16:11+00:00\",\"dateModified\":\"2025-05-27T09:00:59+00:00\",\"description\":\"Explora el pensamiento de Plat\u00f3n desde la visi\u00f3n esp\u00edrita: su creencia en la inmortalidad del alma, la reencarnaci\u00f3n.\",\"breadcrumb\":{\"@id\":\"https:\/\/nuevo-renacer.com\/platon\/#breadcrumb\"},\"inLanguage\":\"it-IT\",\"potentialAction\":[{\"@type\":\"ReadAction\",\"target\":[\"https:\/\/nuevo-renacer.com\/platon\/\"]}]},{\"@type\":\"ImageObject\",\"inLanguage\":\"it-IT\",\"@id\":\"https:\/\/nuevo-renacer.com\/platon\/#primaryimage\",\"url\":\"https:\/\/nuevo-renacer.com\/wp-content\/uploads\/2025\/05\/English_School_-_Portrait_of_Plato_Athenian_philosopher_-_Plato_-_-_From_series_Leaders_of_Men_-_-_MeisterDrucke-1061278-653x1024.jpg\",\"contentUrl\":\"https:\/\/nuevo-renacer.com\/wp-content\/uploads\/2025\/05\/English_School_-_Portrait_of_Plato_Athenian_philosopher_-_Plato_-_-_From_series_Leaders_of_Men_-_-_MeisterDrucke-1061278-653x1024.jpg\"},{\"@type\":\"BreadcrumbList\",\"@id\":\"https:\/\/nuevo-renacer.com\/platon\/#breadcrumb\",\"itemListElement\":[{\"@type\":\"ListItem\",\"position\":1,\"name\":\"Startseite\",\"item\":\"https:\/\/nuevo-renacer.com\/\"},{\"@type\":\"ListItem\",\"position\":2,\"name\":\"Plat\u00f3n\"}]},{\"@type\":\"WebSite\",\"@id\":\"https:\/\/nuevo-renacer.com\/#website\",\"url\":\"https:\/\/nuevo-renacer.com\/\",\"name\":\"Uni\u00f3n Esp\u00edrita\",\"description\":\"Nuevo Renacer\",\"publisher\":{\"@id\":\"https:\/\/nuevo-renacer.com\/#organization\"},\"potentialAction\":[{\"@type\":\"SearchAction\",\"target\":{\"@type\":\"EntryPoint\",\"urlTemplate\":\"https:\/\/nuevo-renacer.com\/?s={search_term_string}\"},\"query-input\":{\"@type\":\"PropertyValueSpecification\",\"valueRequired\":true,\"valueName\":\"search_term_string\"}}],\"inLanguage\":\"it-IT\"},{\"@type\":\"Organization\",\"@id\":\"https:\/\/nuevo-renacer.com\/#organization\",\"name\":\"UFEC\",\"url\":\"https:\/\/nuevo-renacer.com\/\",\"logo\":{\"@type\":\"ImageObject\",\"inLanguage\":\"it-IT\",\"@id\":\"https:\/\/nuevo-renacer.com\/#\/schema\/logo\/image\/\",\"url\":\"https:\/\/nuevo-renacer.com\/wp-content\/uploads\/2024\/05\/cropped-LOGO-TERMINADO1-3-3.png\",\"contentUrl\":\"https:\/\/nuevo-renacer.com\/wp-content\/uploads\/2024\/05\/cropped-LOGO-TERMINADO1-3-3.png\",\"width\":512,\"height\":512,\"caption\":\"UFEC\"},\"image\":{\"@id\":\"https:\/\/nuevo-renacer.com\/#\/schema\/logo\/image\/\"},\"sameAs\":[\"https:\/\/www.facebook.com\/groups\/3431398063740829\"]}]}<\/script>\n<!-- \/ Yoast SEO Premium plugin. -->","yoast_head_json":{"title":"Plat\u00f3n - Uni\u00f3n Esp\u00edrita","description":"Explora el pensamiento de Plat\u00f3n desde la visi\u00f3n esp\u00edrita: su creencia en la inmortalidad del alma, la reencarnaci\u00f3n.","robots":{"index":"index","follow":"follow","max-snippet":"max-snippet:-1","max-image-preview":"max-image-preview:large","max-video-preview":"max-video-preview:-1"},"canonical":"https:\/\/nuevo-renacer.com\/it\/platon\/","og_locale":"it_IT","og_type":"article","og_title":"Plat\u00f3n","og_description":"Explora el pensamiento de Plat\u00f3n desde la visi\u00f3n esp\u00edrita: su creencia en la inmortalidad del alma, la reencarnaci\u00f3n.","og_url":"https:\/\/nuevo-renacer.com\/it\/platon\/","og_site_name":"Uni\u00f3n Esp\u00edrita","article_publisher":"https:\/\/www.facebook.com\/groups\/3431398063740829","article_modified_time":"2025-05-27T09:00:59+00:00","og_image":[{"width":685,"height":1074,"url":"https:\/\/nuevo-renacer.com\/wp-content\/uploads\/2025\/05\/English_School_-_Portrait_of_Plato_Athenian_philosopher_-_Plato_-_-_From_series_Leaders_of_Men_-_-_MeisterDrucke-1061278.jpg","type":"image\/jpeg"}],"twitter_card":"summary_large_image","twitter_misc":{"Tempo di lettura stimato":"5 minuti"},"schema":{"@context":"https:\/\/schema.org","@graph":[{"@type":"WebPage","@id":"https:\/\/nuevo-renacer.com\/platon\/","url":"https:\/\/nuevo-renacer.com\/platon\/","name":"Plat\u00f3n - Uni\u00f3n Esp\u00edrita","isPartOf":{"@id":"https:\/\/nuevo-renacer.com\/#website"},"primaryImageOfPage":{"@id":"https:\/\/nuevo-renacer.com\/platon\/#primaryimage"},"image":{"@id":"https:\/\/nuevo-renacer.com\/platon\/#primaryimage"},"thumbnailUrl":"https:\/\/nuevo-renacer.com\/wp-content\/uploads\/2025\/05\/English_School_-_Portrait_of_Plato_Athenian_philosopher_-_Plato_-_-_From_series_Leaders_of_Men_-_-_MeisterDrucke-1061278-653x1024.jpg","datePublished":"2025-05-27T08:16:11+00:00","dateModified":"2025-05-27T09:00:59+00:00","description":"Explora el pensamiento de Plat\u00f3n desde la visi\u00f3n esp\u00edrita: su creencia en la inmortalidad del alma, la reencarnaci\u00f3n.","breadcrumb":{"@id":"https:\/\/nuevo-renacer.com\/platon\/#breadcrumb"},"inLanguage":"it-IT","potentialAction":[{"@type":"ReadAction","target":["https:\/\/nuevo-renacer.com\/platon\/"]}]},{"@type":"ImageObject","inLanguage":"it-IT","@id":"https:\/\/nuevo-renacer.com\/platon\/#primaryimage","url":"https:\/\/nuevo-renacer.com\/wp-content\/uploads\/2025\/05\/English_School_-_Portrait_of_Plato_Athenian_philosopher_-_Plato_-_-_From_series_Leaders_of_Men_-_-_MeisterDrucke-1061278-653x1024.jpg","contentUrl":"https:\/\/nuevo-renacer.com\/wp-content\/uploads\/2025\/05\/English_School_-_Portrait_of_Plato_Athenian_philosopher_-_Plato_-_-_From_series_Leaders_of_Men_-_-_MeisterDrucke-1061278-653x1024.jpg"},{"@type":"BreadcrumbList","@id":"https:\/\/nuevo-renacer.com\/platon\/#breadcrumb","itemListElement":[{"@type":"ListItem","position":1,"name":"Startseite","item":"https:\/\/nuevo-renacer.com\/"},{"@type":"ListItem","position":2,"name":"Plat\u00f3n"}]},{"@type":"WebSite","@id":"https:\/\/nuevo-renacer.com\/#website","url":"https:\/\/nuevo-renacer.com\/","name":"Uni\u00f3n Esp\u00edrita","description":"Nuevo Renacer","publisher":{"@id":"https:\/\/nuevo-renacer.com\/#organization"},"potentialAction":[{"@type":"SearchAction","target":{"@type":"EntryPoint","urlTemplate":"https:\/\/nuevo-renacer.com\/?s={search_term_string}"},"query-input":{"@type":"PropertyValueSpecification","valueRequired":true,"valueName":"search_term_string"}}],"inLanguage":"it-IT"},{"@type":"Organization","@id":"https:\/\/nuevo-renacer.com\/#organization","name":"UFEC","url":"https:\/\/nuevo-renacer.com\/","logo":{"@type":"ImageObject","inLanguage":"it-IT","@id":"https:\/\/nuevo-renacer.com\/#\/schema\/logo\/image\/","url":"https:\/\/nuevo-renacer.com\/wp-content\/uploads\/2024\/05\/cropped-LOGO-TERMINADO1-3-3.png","contentUrl":"https:\/\/nuevo-renacer.com\/wp-content\/uploads\/2024\/05\/cropped-LOGO-TERMINADO1-3-3.png","width":512,"height":512,"caption":"UFEC"},"image":{"@id":"https:\/\/nuevo-renacer.com\/#\/schema\/logo\/image\/"},"sameAs":["https:\/\/www.facebook.com\/groups\/3431398063740829"]}]}},"uagb_featured_image_src":{"full":false,"thumbnail":false,"medium":false,"medium_large":false,"large":false,"1536x1536":false,"2048x2048":false,"trp-custom-language-flag":false},"uagb_author_info":{"display_name":"adbv0","author_link":"https:\/\/nuevo-renacer.com\/it\/author\/adbv0\/"},"uagb_comment_info":0,"uagb_excerpt":"Plat\u00f3n El \u00e1rbol se conoce por sus frutos. Toda acci\u00f3n debe caracterizarse por lo que produce: debe llamarse mala cuando produce el mal, y buena cuando produce el bien. Estas palabras pueden sonar a palabras del Se\u00f1or Jes\u00fas a cualquiera que haya le\u00eddo el Evangelio. Sin embargo, fueron escritas y dadas al mundo siglos antes&hellip;","jetpack_sharing_enabled":true,"_links":{"self":[{"href":"https:\/\/nuevo-renacer.com\/it\/wp-json\/wp\/v2\/pages\/8202","targetHints":{"allow":["GET"]}}],"collection":[{"href":"https:\/\/nuevo-renacer.com\/it\/wp-json\/wp\/v2\/pages"}],"about":[{"href":"https:\/\/nuevo-renacer.com\/it\/wp-json\/wp\/v2\/types\/page"}],"author":[{"embeddable":true,"href":"https:\/\/nuevo-renacer.com\/it\/wp-json\/wp\/v2\/users\/1"}],"replies":[{"embeddable":true,"href":"https:\/\/nuevo-renacer.com\/it\/wp-json\/wp\/v2\/comments?post=8202"}],"version-history":[{"count":2,"href":"https:\/\/nuevo-renacer.com\/it\/wp-json\/wp\/v2\/pages\/8202\/revisions"}],"predecessor-version":[{"id":8205,"href":"https:\/\/nuevo-renacer.com\/it\/wp-json\/wp\/v2\/pages\/8202\/revisions\/8205"}],"wp:attachment":[{"href":"https:\/\/nuevo-renacer.com\/it\/wp-json\/wp\/v2\/media?parent=8202"}],"curies":[{"name":"wp","href":"https:\/\/api.w.org\/{rel}","templated":true}]}}