{"id":8198,"date":"2025-05-23T11:09:43","date_gmt":"2025-05-23T11:09:43","guid":{"rendered":"https:\/\/nuevo-renacer.com\/?page_id=8198"},"modified":"2025-05-23T11:09:46","modified_gmt":"2025-05-23T11:09:46","slug":"johann-karl-friedrich-zollner","status":"publish","type":"page","link":"https:\/\/nuevo-renacer.com\/it\/johann-karl-friedrich-zollner\/","title":{"rendered":"Johann Karl Friedrich Z\u00f6llner"},"content":{"rendered":"<div class=\"wp-block-uagb-container uagb-block-79d20f6c alignfull uagb-is-root-container\"><div class=\"uagb-container-inner-blocks-wrap\">\n<p class=\"has-black-color has-text-color has-link-color has-medium-font-size wp-elements-f057ff3e853cddb965faabb7ef8b7cc2\"><strong>Johann Karl Friedrich Z\u00f6llner<\/strong><\/p>\n<\/div><\/div>\n\n\n\n<div class=\"wp-block-uagb-container uagb-block-8958892c alignfull uagb-is-root-container\"><div class=\"uagb-container-inner-blocks-wrap\">\n<figure class=\"wp-block-image size-full is-resized\"><img decoding=\"async\" width=\"177\" height=\"236\" src=\"https:\/\/nuevo-renacer.com\/wp-content\/uploads\/2025\/05\/portrait.jpg\" alt=\"\" class=\"wp-image-8199\" style=\"width:212px;height:auto\" srcset=\"https:\/\/nuevo-renacer.com\/wp-content\/uploads\/2025\/05\/portrait.jpg 177w, https:\/\/nuevo-renacer.com\/wp-content\/uploads\/2025\/05\/portrait-9x12.jpg 9w\" sizes=\"(max-width: 177px) 100vw, 177px\" \/><\/figure>\n<\/div><\/div>\n\n\n\n<div class=\"wp-block-uagb-container uagb-block-897cf837 alignfull uagb-is-root-container\"><div class=\"uagb-container-inner-blocks-wrap\">\n<p class=\"has-black-color has-text-color has-link-color has-small-font-size wp-elements-60e45e2e9177bf2184109acadf52d7fa\">Friedrich Z\u00f6llner, como era m\u00e1s conocido, fue un famoso astrof\u00edsico y profesor de la Universidad de Leipzig, Alemania. Naci\u00f3 en Berl\u00edn el 8 de noviembre de 1834 y muri\u00f3 prematuramente en Leipzig (Alemania) el 25 de abril de 1882, a la edad de 48 a\u00f1os. Dej\u00f3 tras de s\u00ed numerosos trabajos en los campos de la astronom\u00eda y la f\u00edsica \u00f3ptica, donde lleg\u00f3 a ser muy conocido por sus investigaciones sobre la ilusi\u00f3n \u00f3ptica. Su trabajo en \u00f3ptica, desarrollado en 1860, recibi\u00f3 el nombre de ilusi\u00f3n de Z\u00f6llner, en la que las l\u00edneas paralelas aparec\u00edan como diagonales.<\/p>\n\n\n\n<p class=\"has-black-color has-text-color has-link-color has-small-font-size wp-elements-9d76aac10197e82541c38dd740f1a701\">En el campo de la astronom\u00eda, destac\u00f3 al demostrar la teor\u00eda de Christian Doppler sobre el efecto del movimiento en el color de la radiaci\u00f3n electromagn\u00e9tica de las estrellas como resultado de la desviaci\u00f3n de las l\u00edneas del espectro de la luz emitida por estos cuerpos celestes. Invent\u00f3 un aparato muy sensible llamado Astrofot\u00f3metro, capaz de medir estas variaciones. En su honor, uno de los cr\u00e1teres de la Luna recibi\u00f3 el nombre de cr\u00e1ter Z\u00f6llner. En 1872 fue invitado a ocupar la c\u00e1tedra de Astrof\u00edsica de la Universidad de Leipzig.<\/p>\n\n\n\n<p class=\"has-black-color has-text-color has-link-color has-small-font-size wp-elements-cc719661acd816416f583f0972f8f467\">Fue miembro de la Royal Society de Inglaterra, la Royal Astronomical Society de Londres, la Academia Imperial de Ciencias F\u00edsicas y Naturales de Mosc\u00fa y la Sociedad Cient\u00edfica de Estudios Ps\u00edquicos de Par\u00eds. Desde muy joven, Z\u00f6llner se interes\u00f3 por los fen\u00f3menos medi\u00famnicos. Cuando se le present\u00f3 la oportunidad, en 1875, viaj\u00f3 a Inglaterra para visitar a uno de los mayores cient\u00edficos de la \u00e9poca, William Crookes, que era la figura m\u00e1s destacada en la investigaci\u00f3n de los llamados \u00abefectos medi\u00famnicos\u00bb, como el movimiento de objetos sin la interferencia de una fuente de energ\u00eda y la materializaci\u00f3n de esp\u00edritus. Z\u00f6llner buscaba una explicaci\u00f3n cient\u00edfica a estos fen\u00f3menos.<\/p>\n\n\n\n<p class=\"has-black-color has-text-color has-link-color has-small-font-size wp-elements-2927b47045385cbeac6bac881e120425\">Tras su visita, desarroll\u00f3 una teor\u00eda sobre la ocurrencia de estos fen\u00f3menos. Seg\u00fan su teor\u00eda, el universo tiene, adem\u00e1s de las tres dimensiones espaciales euclidianas, una cuarta dimensi\u00f3n a trav\u00e9s de la cual pueden explicarse algunos fen\u00f3menos espirituales. Seg\u00fan esta teor\u00eda, los fen\u00f3menos medi\u00famnicos podr\u00edan perder su car\u00e1cter m\u00edstico y pasar al dominio de la f\u00edsica y la filosof\u00eda ordinarias. Para una mejor comprensi\u00f3n de lo que es la 4\u00aa dimensi\u00f3n en la concepci\u00f3n f\u00edsica actual, supongamos que el espacio puede curvarse en la proximidad de grandes masas gravitatorias, que s\u00f3lo pueden hacerlo en la direcci\u00f3n de la 4\u00aa dimensi\u00f3n, y todos los fen\u00f3menos medi\u00famnicos, as\u00ed como el desplazamiento de entidades espirituales, ser\u00edan efectuados por esta 4\u00aa dimensi\u00f3n. Sobre la teor\u00eda de la 4\u00aa dimensi\u00f3n, Schiaparelli, famoso astr\u00f3nomo italiano, escribi\u00f3 en una carta a Camille Flammarion: \u00abEs la teor\u00eda m\u00e1s ingeniosa y probable que pueda imaginarse.\u00bb<\/p>\n\n\n\n<p class=\"has-black-color has-text-color has-link-color has-small-font-size wp-elements-79265076d225811ff1ecdbc5f82f8fa4\">Para confirmar a\u00fan m\u00e1s su teor\u00eda, Z\u00f6llner celebr\u00f3 numerosas reuniones con m\u00e9diums e investigadores en su propia casa. En 1877, recibi\u00f3 por primera vez en Leipzig al m\u00e9dium ingl\u00e9s Henry Slade. Slade fue protagonista de numerosas manifestaciones de efectos f\u00edsicos. Para analizar la mediumnidad de Slade, cont\u00f3 ocasionalmente con la ayuda de otros profesores universitarios, lo que a\u00f1adi\u00f3 entusiasmo a sus investigaciones.<\/p>\n\n\n\n<p class=\"has-black-color has-text-color has-link-color has-small-font-size wp-elements-8b2f64385e7695d4bed46853fa905c90\">Como resultado de su trabajo con este m\u00e9dium, Z\u00f6llner public\u00f3 varios art\u00edculos en revistas cient\u00edficas y, m\u00e1s tarde, libros sobre \u00abf\u00edsica trascendental\u00bb. Al igual que Slade, Z\u00f6llner estudi\u00f3 los fen\u00f3menos producidos por Madame D&#8217;Esperance, protagonista de apariciones y transporte de objetos. En marzo de 1880, el bar\u00f3n Von Hoffmann invit\u00f3 al m\u00e9dium ingl\u00e9s William Eglinton a participar en reuniones con Z\u00f6llner. Hubo 25 reuniones en total. Eglinton era m\u00e9dium de efectos f\u00edsicos, principalmente materializaci\u00f3n y escritura directa. Z\u00f6llner estaba muy satisfecho con los resultados de su investigaci\u00f3n e incluso ten\u00eda la intenci\u00f3n de publicar otro libro sobre sus experiencias, pero muri\u00f3 antes de que esto sucediera.<\/p>\n\n\n\n<p class=\"has-black-color has-text-color has-link-color has-small-font-size wp-elements-fc25ba505baca19e43e7b53e94ab04f4\">Z\u00f6llner fue un gran luchador por la causa espiritista, destacando por sus experimentos f\u00edsicos en los que la acci\u00f3n de los esp\u00edritus no dejaba lugar a dudas ni incertidumbres. Como f\u00edsico, utiliz\u00f3 esta ciencia para demostrar la inmortalidad y divulgar la interferencia de los esp\u00edritus desencarnados en la vida cotidiana de los esp\u00edritus encarnados. Al proponer la teor\u00eda de la 4\u00aa dimensi\u00f3n para explicar los fen\u00f3menos observados, se anticip\u00f3 a los f\u00edsicos actuales y demostr\u00f3 c\u00f3mo la ciencia puede ayudar a la religi\u00f3n y c\u00f3mo la religi\u00f3n puede ser cient\u00edfica.<\/p>\n\n\n\n<p class=\"has-black-color has-text-color has-link-color has-small-font-size wp-elements-28eab89d971b526b7a37764a0a3fc17a\">(&#8230;) Al ofrecer su libro Pruebas Cient\u00edficas de Supervivencia o F\u00edsica Trascendental a William Crookes, Z\u00f6llner escribi\u00f3 una dedicatoria muy expresiva de la que extraemos el siguiente fragmento: \u00abCon el m\u00e1s alto sentimiento de gratitud y reconocimiento por los servicios que ha prestado a una nueva ciencia, le ofrezco, respetabil\u00edsimo colega, el tercer volumen de mis Tratados Cient\u00edficos.<\/p>\n\n\n\n<p class=\"has-black-color has-text-color has-link-color has-small-font-size wp-elements-1b4fb16589bb8089b9a6949367661a12\">Por una notable coincidencia, nuestras investigaciones cient\u00edficas se han encontrado en el mismo terreno, proporcionando a la admirada humanidad una nueva clase de fen\u00f3menos f\u00edsicos que proclaman a viva voz la existencia de otro mundo material de seres inteligentes. Le ruego acepte este trabajo como una muestra de gratitud y simpat\u00eda del coraz\u00f3n honesto de un alem\u00e1n\u00bb. Friedrich Z\u00f6llner: astr\u00f3nomo, f\u00edsico, profesor, cient\u00edfico, investigador, pionero de la teor\u00eda de la 4\u00aa dimensi\u00f3n en el Universo. Es otro ejemplo de c\u00f3mo la ciencia y la espiritualidad pueden ir de la mano.<\/p>\n\n\n\n<p class=\"has-black-color has-text-color has-link-color has-small-font-size wp-elements-2e19170e75c044056aedbcb07aa3198f\">Fue un cient\u00edfico que traspas\u00f3 los confines de los laboratorios terrenales para alcanzar las alturas filos\u00f3ficas de la propia ciencia, convirti\u00e9ndose as\u00ed en un cazador de verdades, verdades que alimentan los sue\u00f1os inmortales de la humanidad.<\/p>\n<\/div><\/div>\n\n\n\n<div class=\"wp-block-uagb-container uagb-block-a501e672 alignfull uagb-is-root-container\"><div class=\"uagb-container-inner-blocks-wrap\"><\/div><\/div>\n\n\n\n<div class=\"wp-block-uagb-container uagb-block-3b75b265 alignfull uagb-is-root-container\"><div class=\"uagb-container-inner-blocks-wrap\"><\/div><\/div>","protected":false},"excerpt":{"rendered":"<p>Johann Karl Friedrich Z\u00f6llner Friedrich Z\u00f6llner, como era m\u00e1s conocido, fue un famoso astrof\u00edsico y profesor de la Universidad de Leipzig, Alemania. Naci\u00f3 en Berl\u00edn el 8 de noviembre de 1834 y muri\u00f3 prematuramente en Leipzig (Alemania) el 25 de abril de 1882, a la edad de 48 a\u00f1os. Dej\u00f3 tras de s\u00ed numerosos trabajos [&hellip;]<\/p>","protected":false},"author":1,"featured_media":0,"parent":0,"menu_order":0,"comment_status":"closed","ping_status":"closed","template":"","meta":{"_uag_custom_page_level_css":"","site-sidebar-layout":"default","site-content-layout":"","ast-site-content-layout":"default","site-content-style":"default","site-sidebar-style":"default","ast-global-header-display":"","ast-banner-title-visibility":"","ast-main-header-display":"","ast-hfb-above-header-display":"","ast-hfb-below-header-display":"","ast-hfb-mobile-header-display":"","site-post-title":"disabled","ast-breadcrumbs-content":"","ast-featured-img":"","footer-sml-layout":"","theme-transparent-header-meta":"","adv-header-id-meta":"","stick-header-meta":"","header-above-stick-meta":"","header-main-stick-meta":"","header-below-stick-meta":"","astra-migrate-meta-layouts":"set","ast-page-background-enabled":"default","ast-page-background-meta":{"desktop":{"background-color":"var(--ast-global-color-4)","background-image":"","background-repeat":"repeat","background-position":"center center","background-size":"auto","background-attachment":"scroll","background-type":"","background-media":"","overlay-type":"","overlay-color":"","overlay-opacity":"","overlay-gradient":""},"tablet":{"background-color":"","background-image":"","background-repeat":"repeat","background-position":"center center","background-size":"auto","background-attachment":"scroll","background-type":"","background-media":"","overlay-type":"","overlay-color":"","overlay-opacity":"","overlay-gradient":""},"mobile":{"background-color":"","background-image":"","background-repeat":"repeat","background-position":"center center","background-size":"auto","background-attachment":"scroll","background-type":"","background-media":"","overlay-type":"","overlay-color":"","overlay-opacity":"","overlay-gradient":""}},"ast-content-background-meta":{"desktop":{"background-color":"var(--ast-global-color-5)","background-image":"","background-repeat":"repeat","background-position":"center center","background-size":"auto","background-attachment":"scroll","background-type":"","background-media":"","overlay-type":"","overlay-color":"","overlay-opacity":"","overlay-gradient":""},"tablet":{"background-color":"var(--ast-global-color-5)","background-image":"","background-repeat":"repeat","background-position":"center center","background-size":"auto","background-attachment":"scroll","background-type":"","background-media":"","overlay-type":"","overlay-color":"","overlay-opacity":"","overlay-gradient":""},"mobile":{"background-color":"var(--ast-global-color-5)","background-image":"","background-repeat":"repeat","background-position":"center center","background-size":"auto","background-attachment":"scroll","background-type":"","background-media":"","overlay-type":"","overlay-color":"","overlay-opacity":"","overlay-gradient":""}},"footnotes":""},"class_list":["post-8198","page","type-page","status-publish","hentry"],"yoast_head":"<!-- This site is optimized with the Yoast SEO Premium plugin v24.2 (Yoast SEO v24.6) - https:\/\/yoast.com\/wordpress\/plugins\/seo\/ -->\n<title>Johann Karl Friedrich Z\u00f6llner - Uni\u00f3n Esp\u00edrita<\/title>\n<meta name=\"robots\" content=\"index, follow, max-snippet:-1, max-image-preview:large, max-video-preview:-1\" \/>\n<link rel=\"canonical\" href=\"https:\/\/nuevo-renacer.com\/it\/johann-karl-friedrich-zollner\/\" \/>\n<meta property=\"og:locale\" content=\"it_IT\" \/>\n<meta property=\"og:type\" content=\"article\" \/>\n<meta property=\"og:title\" content=\"Johann Karl Friedrich Z\u00f6llner\" \/>\n<meta property=\"og:description\" content=\"Johann Karl Friedrich Z\u00f6llner Friedrich Z\u00f6llner, como era m\u00e1s conocido, fue un famoso astrof\u00edsico y profesor de la Universidad de Leipzig, Alemania. Naci\u00f3 en Berl\u00edn el 8 de noviembre de 1834 y muri\u00f3 prematuramente en Leipzig (Alemania) el 25 de abril de 1882, a la edad de 48 a\u00f1os. Dej\u00f3 tras de s\u00ed numerosos trabajos [&hellip;]\" \/>\n<meta property=\"og:url\" content=\"https:\/\/nuevo-renacer.com\/it\/johann-karl-friedrich-zollner\/\" \/>\n<meta property=\"og:site_name\" content=\"Uni\u00f3n Esp\u00edrita\" \/>\n<meta property=\"article:publisher\" content=\"https:\/\/www.facebook.com\/groups\/3431398063740829\" \/>\n<meta property=\"article:modified_time\" content=\"2025-05-23T11:09:46+00:00\" \/>\n<meta property=\"og:image\" content=\"https:\/\/nuevo-renacer.com\/wp-content\/uploads\/2025\/05\/portrait.jpg\" \/>\n\t<meta property=\"og:image:width\" content=\"177\" \/>\n\t<meta property=\"og:image:height\" content=\"236\" \/>\n\t<meta property=\"og:image:type\" content=\"image\/jpeg\" \/>\n<meta name=\"twitter:card\" content=\"summary_large_image\" \/>\n<meta name=\"twitter:label1\" content=\"Tempo di lettura stimato\" \/>\n\t<meta name=\"twitter:data1\" content=\"6 minuti\" \/>\n<script type=\"application\/ld+json\" class=\"yoast-schema-graph\">{\"@context\":\"https:\/\/schema.org\",\"@graph\":[{\"@type\":\"WebPage\",\"@id\":\"https:\/\/nuevo-renacer.com\/johann-karl-friedrich-zollner\/\",\"url\":\"https:\/\/nuevo-renacer.com\/johann-karl-friedrich-zollner\/\",\"name\":\"Johann Karl Friedrich Z\u00f6llner - Uni\u00f3n Esp\u00edrita\",\"isPartOf\":{\"@id\":\"https:\/\/nuevo-renacer.com\/#website\"},\"primaryImageOfPage\":{\"@id\":\"https:\/\/nuevo-renacer.com\/johann-karl-friedrich-zollner\/#primaryimage\"},\"image\":{\"@id\":\"https:\/\/nuevo-renacer.com\/johann-karl-friedrich-zollner\/#primaryimage\"},\"thumbnailUrl\":\"https:\/\/nuevo-renacer.com\/wp-content\/uploads\/2025\/05\/portrait.jpg\",\"datePublished\":\"2025-05-23T11:09:43+00:00\",\"dateModified\":\"2025-05-23T11:09:46+00:00\",\"breadcrumb\":{\"@id\":\"https:\/\/nuevo-renacer.com\/johann-karl-friedrich-zollner\/#breadcrumb\"},\"inLanguage\":\"it-IT\",\"potentialAction\":[{\"@type\":\"ReadAction\",\"target\":[\"https:\/\/nuevo-renacer.com\/johann-karl-friedrich-zollner\/\"]}]},{\"@type\":\"ImageObject\",\"inLanguage\":\"it-IT\",\"@id\":\"https:\/\/nuevo-renacer.com\/johann-karl-friedrich-zollner\/#primaryimage\",\"url\":\"https:\/\/nuevo-renacer.com\/wp-content\/uploads\/2025\/05\/portrait.jpg\",\"contentUrl\":\"https:\/\/nuevo-renacer.com\/wp-content\/uploads\/2025\/05\/portrait.jpg\"},{\"@type\":\"BreadcrumbList\",\"@id\":\"https:\/\/nuevo-renacer.com\/johann-karl-friedrich-zollner\/#breadcrumb\",\"itemListElement\":[{\"@type\":\"ListItem\",\"position\":1,\"name\":\"Startseite\",\"item\":\"https:\/\/nuevo-renacer.com\/\"},{\"@type\":\"ListItem\",\"position\":2,\"name\":\"Johann Karl Friedrich Z\u00f6llner\"}]},{\"@type\":\"WebSite\",\"@id\":\"https:\/\/nuevo-renacer.com\/#website\",\"url\":\"https:\/\/nuevo-renacer.com\/\",\"name\":\"Uni\u00f3n Esp\u00edrita\",\"description\":\"Nuevo Renacer\",\"publisher\":{\"@id\":\"https:\/\/nuevo-renacer.com\/#organization\"},\"potentialAction\":[{\"@type\":\"SearchAction\",\"target\":{\"@type\":\"EntryPoint\",\"urlTemplate\":\"https:\/\/nuevo-renacer.com\/?s={search_term_string}\"},\"query-input\":{\"@type\":\"PropertyValueSpecification\",\"valueRequired\":true,\"valueName\":\"search_term_string\"}}],\"inLanguage\":\"it-IT\"},{\"@type\":\"Organization\",\"@id\":\"https:\/\/nuevo-renacer.com\/#organization\",\"name\":\"UFEC\",\"url\":\"https:\/\/nuevo-renacer.com\/\",\"logo\":{\"@type\":\"ImageObject\",\"inLanguage\":\"it-IT\",\"@id\":\"https:\/\/nuevo-renacer.com\/#\/schema\/logo\/image\/\",\"url\":\"https:\/\/nuevo-renacer.com\/wp-content\/uploads\/2024\/05\/cropped-LOGO-TERMINADO1-3-3.png\",\"contentUrl\":\"https:\/\/nuevo-renacer.com\/wp-content\/uploads\/2024\/05\/cropped-LOGO-TERMINADO1-3-3.png\",\"width\":512,\"height\":512,\"caption\":\"UFEC\"},\"image\":{\"@id\":\"https:\/\/nuevo-renacer.com\/#\/schema\/logo\/image\/\"},\"sameAs\":[\"https:\/\/www.facebook.com\/groups\/3431398063740829\"]}]}<\/script>\n<!-- \/ Yoast SEO Premium plugin. -->","yoast_head_json":{"title":"Johann Karl Friedrich Z\u00f6llner - Uni\u00f3n Esp\u00edrita","robots":{"index":"index","follow":"follow","max-snippet":"max-snippet:-1","max-image-preview":"max-image-preview:large","max-video-preview":"max-video-preview:-1"},"canonical":"https:\/\/nuevo-renacer.com\/it\/johann-karl-friedrich-zollner\/","og_locale":"it_IT","og_type":"article","og_title":"Johann Karl Friedrich Z\u00f6llner","og_description":"Johann Karl Friedrich Z\u00f6llner Friedrich Z\u00f6llner, como era m\u00e1s conocido, fue un famoso astrof\u00edsico y profesor de la Universidad de Leipzig, Alemania. Naci\u00f3 en Berl\u00edn el 8 de noviembre de 1834 y muri\u00f3 prematuramente en Leipzig (Alemania) el 25 de abril de 1882, a la edad de 48 a\u00f1os. Dej\u00f3 tras de s\u00ed numerosos trabajos [&hellip;]","og_url":"https:\/\/nuevo-renacer.com\/it\/johann-karl-friedrich-zollner\/","og_site_name":"Uni\u00f3n Esp\u00edrita","article_publisher":"https:\/\/www.facebook.com\/groups\/3431398063740829","article_modified_time":"2025-05-23T11:09:46+00:00","og_image":[{"width":177,"height":236,"url":"https:\/\/nuevo-renacer.com\/wp-content\/uploads\/2025\/05\/portrait.jpg","type":"image\/jpeg"}],"twitter_card":"summary_large_image","twitter_misc":{"Tempo di lettura stimato":"6 minuti"},"schema":{"@context":"https:\/\/schema.org","@graph":[{"@type":"WebPage","@id":"https:\/\/nuevo-renacer.com\/johann-karl-friedrich-zollner\/","url":"https:\/\/nuevo-renacer.com\/johann-karl-friedrich-zollner\/","name":"Johann Karl Friedrich Z\u00f6llner - Uni\u00f3n Esp\u00edrita","isPartOf":{"@id":"https:\/\/nuevo-renacer.com\/#website"},"primaryImageOfPage":{"@id":"https:\/\/nuevo-renacer.com\/johann-karl-friedrich-zollner\/#primaryimage"},"image":{"@id":"https:\/\/nuevo-renacer.com\/johann-karl-friedrich-zollner\/#primaryimage"},"thumbnailUrl":"https:\/\/nuevo-renacer.com\/wp-content\/uploads\/2025\/05\/portrait.jpg","datePublished":"2025-05-23T11:09:43+00:00","dateModified":"2025-05-23T11:09:46+00:00","breadcrumb":{"@id":"https:\/\/nuevo-renacer.com\/johann-karl-friedrich-zollner\/#breadcrumb"},"inLanguage":"it-IT","potentialAction":[{"@type":"ReadAction","target":["https:\/\/nuevo-renacer.com\/johann-karl-friedrich-zollner\/"]}]},{"@type":"ImageObject","inLanguage":"it-IT","@id":"https:\/\/nuevo-renacer.com\/johann-karl-friedrich-zollner\/#primaryimage","url":"https:\/\/nuevo-renacer.com\/wp-content\/uploads\/2025\/05\/portrait.jpg","contentUrl":"https:\/\/nuevo-renacer.com\/wp-content\/uploads\/2025\/05\/portrait.jpg"},{"@type":"BreadcrumbList","@id":"https:\/\/nuevo-renacer.com\/johann-karl-friedrich-zollner\/#breadcrumb","itemListElement":[{"@type":"ListItem","position":1,"name":"Startseite","item":"https:\/\/nuevo-renacer.com\/"},{"@type":"ListItem","position":2,"name":"Johann Karl Friedrich Z\u00f6llner"}]},{"@type":"WebSite","@id":"https:\/\/nuevo-renacer.com\/#website","url":"https:\/\/nuevo-renacer.com\/","name":"Uni\u00f3n Esp\u00edrita","description":"Nuevo Renacer","publisher":{"@id":"https:\/\/nuevo-renacer.com\/#organization"},"potentialAction":[{"@type":"SearchAction","target":{"@type":"EntryPoint","urlTemplate":"https:\/\/nuevo-renacer.com\/?s={search_term_string}"},"query-input":{"@type":"PropertyValueSpecification","valueRequired":true,"valueName":"search_term_string"}}],"inLanguage":"it-IT"},{"@type":"Organization","@id":"https:\/\/nuevo-renacer.com\/#organization","name":"UFEC","url":"https:\/\/nuevo-renacer.com\/","logo":{"@type":"ImageObject","inLanguage":"it-IT","@id":"https:\/\/nuevo-renacer.com\/#\/schema\/logo\/image\/","url":"https:\/\/nuevo-renacer.com\/wp-content\/uploads\/2024\/05\/cropped-LOGO-TERMINADO1-3-3.png","contentUrl":"https:\/\/nuevo-renacer.com\/wp-content\/uploads\/2024\/05\/cropped-LOGO-TERMINADO1-3-3.png","width":512,"height":512,"caption":"UFEC"},"image":{"@id":"https:\/\/nuevo-renacer.com\/#\/schema\/logo\/image\/"},"sameAs":["https:\/\/www.facebook.com\/groups\/3431398063740829"]}]}},"uagb_featured_image_src":{"full":false,"thumbnail":false,"medium":false,"medium_large":false,"large":false,"1536x1536":false,"2048x2048":false,"trp-custom-language-flag":false},"uagb_author_info":{"display_name":"adbv0","author_link":"https:\/\/nuevo-renacer.com\/it\/author\/adbv0\/"},"uagb_comment_info":0,"uagb_excerpt":"Johann Karl Friedrich Z\u00f6llner Friedrich Z\u00f6llner, como era m\u00e1s conocido, fue un famoso astrof\u00edsico y profesor de la Universidad de Leipzig, Alemania. Naci\u00f3 en Berl\u00edn el 8 de noviembre de 1834 y muri\u00f3 prematuramente en Leipzig (Alemania) el 25 de abril de 1882, a la edad de 48 a\u00f1os. Dej\u00f3 tras de s\u00ed numerosos trabajos&hellip;","jetpack_sharing_enabled":true,"_links":{"self":[{"href":"https:\/\/nuevo-renacer.com\/it\/wp-json\/wp\/v2\/pages\/8198","targetHints":{"allow":["GET"]}}],"collection":[{"href":"https:\/\/nuevo-renacer.com\/it\/wp-json\/wp\/v2\/pages"}],"about":[{"href":"https:\/\/nuevo-renacer.com\/it\/wp-json\/wp\/v2\/types\/page"}],"author":[{"embeddable":true,"href":"https:\/\/nuevo-renacer.com\/it\/wp-json\/wp\/v2\/users\/1"}],"replies":[{"embeddable":true,"href":"https:\/\/nuevo-renacer.com\/it\/wp-json\/wp\/v2\/comments?post=8198"}],"version-history":[{"count":1,"href":"https:\/\/nuevo-renacer.com\/it\/wp-json\/wp\/v2\/pages\/8198\/revisions"}],"predecessor-version":[{"id":8200,"href":"https:\/\/nuevo-renacer.com\/it\/wp-json\/wp\/v2\/pages\/8198\/revisions\/8200"}],"wp:attachment":[{"href":"https:\/\/nuevo-renacer.com\/it\/wp-json\/wp\/v2\/media?parent=8198"}],"curies":[{"name":"wp","href":"https:\/\/api.w.org\/{rel}","templated":true}]}}