{"id":8138,"date":"2025-05-20T10:46:34","date_gmt":"2025-05-20T10:46:34","guid":{"rendered":"https:\/\/nuevo-renacer.com\/?page_id=8138"},"modified":"2025-05-20T10:46:37","modified_gmt":"2025-05-20T10:46:37","slug":"dominique-francois-jean-arago","status":"publish","type":"page","link":"https:\/\/nuevo-renacer.com\/it\/dominique-francois-jean-arago\/","title":{"rendered":"Dominique Fran\u00e7ois Jean Arago"},"content":{"rendered":"<div class=\"wp-block-uagb-container uagb-block-df50bf9e alignfull uagb-is-root-container\"><div class=\"uagb-container-inner-blocks-wrap\">\n<p class=\"has-black-color has-text-color has-link-color has-medium-font-size wp-elements-bca444d890b7670f2036a7cd71c9a34d\"><strong>Dominique Fran\u00e7ois Jean Arago<\/strong><\/p>\n<\/div><\/div>\n\n\n\n<div class=\"wp-block-uagb-container uagb-block-53a49a0d alignfull uagb-is-root-container\"><div class=\"uagb-container-inner-blocks-wrap\">\n<figure class=\"wp-block-image size-full is-resized\"><img fetchpriority=\"high\" decoding=\"async\" width=\"776\" height=\"985\" src=\"https:\/\/nuevo-renacer.com\/wp-content\/uploads\/2025\/05\/Francois_Arago_par_Ary_Scheffer.jpg\" alt=\"\" class=\"wp-image-8139\" style=\"width:274px;height:auto\" srcset=\"https:\/\/nuevo-renacer.com\/wp-content\/uploads\/2025\/05\/Francois_Arago_par_Ary_Scheffer.jpg 776w, https:\/\/nuevo-renacer.com\/wp-content\/uploads\/2025\/05\/Francois_Arago_par_Ary_Scheffer-236x300.jpg 236w, https:\/\/nuevo-renacer.com\/wp-content\/uploads\/2025\/05\/Francois_Arago_par_Ary_Scheffer-768x975.jpg 768w, https:\/\/nuevo-renacer.com\/wp-content\/uploads\/2025\/05\/Francois_Arago_par_Ary_Scheffer-9x12.jpg 9w\" sizes=\"(max-width: 776px) 100vw, 776px\" \/><\/figure>\n<\/div><\/div>\n\n\n\n<div class=\"wp-block-uagb-container uagb-block-81b275b2 alignfull uagb-is-root-container\"><div class=\"uagb-container-inner-blocks-wrap\">\n<p class=\"has-black-color has-text-color has-link-color has-small-font-size wp-elements-d0bad8e87ffc1a6faee6f16fae376a73\">Su mensaje figura en el punto 8 del cap\u00edtulo XVIII de la quinta obra de la Codificaci\u00f3n, bajo el ep\u00edgrafe Signos de los tiempos. Reconoce al f\u00edsico y astr\u00f3nomo que fue Dominique Fran\u00e7ois Jean Arago, tambi\u00e9n matem\u00e1tico. De familia de profundas convicciones republicanas, naci\u00f3 el 26 de febrero de 1786 en Estagel (Francia), cerca de Perpi\u00f1\u00e1n, donde comenz\u00f3 sus estudios. Su mente brillante pronto se traslad\u00f3 a la Escuela Polit\u00e9cnica de Par\u00eds.<\/p>\n\n\n\n<p class=\"has-black-color has-text-color has-link-color has-small-font-size wp-elements-6c02fd11dbbe94659cd387ea83fceac7\">A los 19 a\u00f1os fue nombrado Secretario del Observatorio de Par\u00eds (construido en 1667 por el arquitecto Claude Perrault y considerado el Observatorio en funcionamiento m\u00e1s antiguo del mundo) y m\u00e1s tarde su Director. A los 23 a\u00f1os fue profesor de Geometr\u00eda Anal\u00edtica en la Escuela Polit\u00e9cnica de Par\u00eds y hasta los 44 se dedic\u00f3 exclusivamente a la ciencia. Con Biot (Jean-Baptiste, f\u00edsico y astr\u00f3nomo franc\u00e9s, nacido en Par\u00eds), complet\u00f3 la medici\u00f3n de un arco del meridiano terrestre. Confirm\u00f3 experimentalmente la teor\u00eda ondulatoria de la luz. Descubri\u00f3 (1820) el fen\u00f3meno del magnetismo rotacional,demostrando la relaci\u00f3n entre las auroras boreales y las variaciones magn\u00e9ticas.<\/p>\n\n\n\n<p class=\"has-black-color has-text-color has-link-color has-small-font-size wp-elements-4e9c9500468238c58ed5786b35c7a24d\">Junto con Fresnel (Augustin-Jean, f\u00edsico e ingeniero franc\u00e9s nacido en Broglie), descubri\u00f3 la polarizaci\u00f3n crom\u00e1tica de la luz, la polarizaci\u00f3n rotatoria y las leyes de interferencia de la luz polarizada. Sus obras completas, en 13 vol\u00famenes, se publicaron despu\u00e9s de su muerte, de 1854 a 1862. Se le considera un gran promotor de la ciencia entre los j\u00f3venes y un defensor de la reforma educativa, la libertad de prensa y las ciencias aplicadas.<\/p>\n\n\n\n<p class=\"has-black-color has-text-color has-link-color has-small-font-size wp-elements-b375199e0cda24f0332974056b1a77a5\">Se dice que, en 1825, la Royal Society de Londres le concedi\u00f3 la Medalla Copley (Monsieur Geoffrey Copley), considerada la m\u00e1s alta recompensa ofrecida por dicha Sociedad a descubrimientos cient\u00edficos o trabajos de gran importancia o contribuci\u00f3n a la ciencia. Se cas\u00f3 a los 25 a\u00f1os y fue padre tres veces.<\/p>\n\n\n\n<p class=\"has-black-color has-text-color has-link-color has-small-font-size wp-elements-f540d5dfc42d6708fd71ae0750a40610\">Pol\u00edticamente, particip\u00f3 activamente en la causa republicana, ocupando cargos pol\u00edticos en el gobierno. Ya en 1830 fue elegido diputado por el Departamento de los Pirineos Orientales y m\u00e1s tarde por Par\u00eds. Fue Ministro de Marina y luego Ministro de Guerra en el gobierno provisional que tom\u00f3 el poder tras la Revoluci\u00f3n de 1848, presentando numerosas reformas. Como Ministro, promulg\u00f3 el decreto de abolici\u00f3n de la esclavitud en las colonias francesas. Francia le dedic\u00f3 un sello, nombr\u00e1ndole f\u00edsico y pol\u00edtico. Muri\u00f3 el 2 de octubre de 1853 en Par\u00eds y su cuerpo descansa en el cementerio P\u00e8re-Lachaise de la capital francesa.<\/p>\n\n\n\n<p class=\"has-black-color has-text-color has-link-color has-small-font-size wp-elements-60a6d6632393b92b2bb93bc1459b2296\">El hecho de que luchara por la ciencia y por un orden social mejor se revela en las palabras que el Codificador insert\u00f3 en El G\u00e9nesis: La efervescencia que a veces se manifiesta en toda una poblaci\u00f3n, entre hombres de la misma raza, no es algo fortuito, ni el resultado de un capricho; tiene su causa en las leyes de la naturaleza. Esa efervescencia, inconsciente al principio, nada m\u00e1s que un vago deseo, una aspiraci\u00f3n indefinida a algo mejor, una cierta necesidad de cambio, se traduce en una agitaci\u00f3n sorda, luego en actos que desembocan en revoluciones sociales, que, cr\u00e9anme, tambi\u00e9n tienen su periodicidad, al igual que las revoluciones f\u00edsicas, porque todo est\u00e1 conectado.<\/p>\n\n\n\n<p class=\"has-black-color has-text-color has-link-color has-small-font-size wp-elements-afad58b9c14316ddea42ef96c90a1543\">En Espiritualidad, con una visi\u00f3n m\u00e1s amplia, concluye: \u00abCuando se os dice que la humanidad ha llegado a un per\u00edodo de transformaci\u00f3n y que la Tierra debe ascender en la jerarqu\u00eda de los mundos, no hay nada m\u00edstico en esas palabras; al contrario, se ve la ejecuci\u00f3n de una de las grandes leyes fat\u00eddicas del Universo, contra la cual se quiebra toda mala voluntad humana.<\/p>\n<\/div><\/div>\n\n\n\n<div class=\"wp-block-uagb-container uagb-block-fdea4dc0 alignfull uagb-is-root-container\"><div class=\"uagb-container-inner-blocks-wrap\"><\/div><\/div>\n\n\n\n<div class=\"wp-block-uagb-container uagb-block-29a24797 alignfull uagb-is-root-container\"><div class=\"uagb-container-inner-blocks-wrap\"><\/div><\/div>","protected":false},"excerpt":{"rendered":"<p>Dominique Fran\u00e7ois Jean Arago Su mensaje figura en el punto 8 del cap\u00edtulo XVIII de la quinta obra de la Codificaci\u00f3n, bajo el ep\u00edgrafe Signos de los tiempos. Reconoce al f\u00edsico y astr\u00f3nomo que fue Dominique Fran\u00e7ois Jean Arago, tambi\u00e9n matem\u00e1tico. De familia de profundas convicciones republicanas, naci\u00f3 el 26 de febrero de 1786 en [&hellip;]<\/p>","protected":false},"author":1,"featured_media":0,"parent":0,"menu_order":0,"comment_status":"closed","ping_status":"closed","template":"","meta":{"_uag_custom_page_level_css":"","site-sidebar-layout":"default","site-content-layout":"","ast-site-content-layout":"default","site-content-style":"default","site-sidebar-style":"default","ast-global-header-display":"","ast-banner-title-visibility":"","ast-main-header-display":"","ast-hfb-above-header-display":"","ast-hfb-below-header-display":"","ast-hfb-mobile-header-display":"","site-post-title":"disabled","ast-breadcrumbs-content":"","ast-featured-img":"","footer-sml-layout":"","theme-transparent-header-meta":"","adv-header-id-meta":"","stick-header-meta":"","header-above-stick-meta":"","header-main-stick-meta":"","header-below-stick-meta":"","astra-migrate-meta-layouts":"set","ast-page-background-enabled":"default","ast-page-background-meta":{"desktop":{"background-color":"var(--ast-global-color-4)","background-image":"","background-repeat":"repeat","background-position":"center center","background-size":"auto","background-attachment":"scroll","background-type":"","background-media":"","overlay-type":"","overlay-color":"","overlay-opacity":"","overlay-gradient":""},"tablet":{"background-color":"","background-image":"","background-repeat":"repeat","background-position":"center center","background-size":"auto","background-attachment":"scroll","background-type":"","background-media":"","overlay-type":"","overlay-color":"","overlay-opacity":"","overlay-gradient":""},"mobile":{"background-color":"","background-image":"","background-repeat":"repeat","background-position":"center center","background-size":"auto","background-attachment":"scroll","background-type":"","background-media":"","overlay-type":"","overlay-color":"","overlay-opacity":"","overlay-gradient":""}},"ast-content-background-meta":{"desktop":{"background-color":"var(--ast-global-color-5)","background-image":"","background-repeat":"repeat","background-position":"center center","background-size":"auto","background-attachment":"scroll","background-type":"","background-media":"","overlay-type":"","overlay-color":"","overlay-opacity":"","overlay-gradient":""},"tablet":{"background-color":"var(--ast-global-color-5)","background-image":"","background-repeat":"repeat","background-position":"center center","background-size":"auto","background-attachment":"scroll","background-type":"","background-media":"","overlay-type":"","overlay-color":"","overlay-opacity":"","overlay-gradient":""},"mobile":{"background-color":"var(--ast-global-color-5)","background-image":"","background-repeat":"repeat","background-position":"center center","background-size":"auto","background-attachment":"scroll","background-type":"","background-media":"","overlay-type":"","overlay-color":"","overlay-opacity":"","overlay-gradient":""}},"footnotes":""},"class_list":["post-8138","page","type-page","status-publish","hentry"],"yoast_head":"<!-- This site is optimized with the Yoast SEO Premium plugin v24.2 (Yoast SEO v24.6) - https:\/\/yoast.com\/wordpress\/plugins\/seo\/ -->\n<title>Dominique Fran\u00e7ois Jean Arago - Uni\u00f3n Esp\u00edrita<\/title>\n<meta name=\"robots\" content=\"index, follow, max-snippet:-1, max-image-preview:large, max-video-preview:-1\" \/>\n<link rel=\"canonical\" href=\"https:\/\/nuevo-renacer.com\/it\/dominique-francois-jean-arago\/\" \/>\n<meta property=\"og:locale\" content=\"it_IT\" \/>\n<meta property=\"og:type\" content=\"article\" \/>\n<meta property=\"og:title\" content=\"Dominique Fran\u00e7ois Jean Arago\" \/>\n<meta property=\"og:description\" content=\"Dominique Fran\u00e7ois Jean Arago Su mensaje figura en el punto 8 del cap\u00edtulo XVIII de la quinta obra de la Codificaci\u00f3n, bajo el ep\u00edgrafe Signos de los tiempos. Reconoce al f\u00edsico y astr\u00f3nomo que fue Dominique Fran\u00e7ois Jean Arago, tambi\u00e9n matem\u00e1tico. De familia de profundas convicciones republicanas, naci\u00f3 el 26 de febrero de 1786 en [&hellip;]\" \/>\n<meta property=\"og:url\" content=\"https:\/\/nuevo-renacer.com\/it\/dominique-francois-jean-arago\/\" \/>\n<meta property=\"og:site_name\" content=\"Uni\u00f3n Esp\u00edrita\" \/>\n<meta property=\"article:publisher\" content=\"https:\/\/www.facebook.com\/groups\/3431398063740829\" \/>\n<meta property=\"article:modified_time\" content=\"2025-05-20T10:46:37+00:00\" \/>\n<meta property=\"og:image\" content=\"https:\/\/nuevo-renacer.com\/wp-content\/uploads\/2025\/05\/Francois_Arago_par_Ary_Scheffer.jpg\" \/>\n\t<meta property=\"og:image:width\" content=\"776\" \/>\n\t<meta property=\"og:image:height\" content=\"985\" \/>\n\t<meta property=\"og:image:type\" content=\"image\/jpeg\" \/>\n<meta name=\"twitter:card\" content=\"summary_large_image\" \/>\n<meta name=\"twitter:label1\" content=\"Tempo di lettura stimato\" \/>\n\t<meta name=\"twitter:data1\" content=\"4 minuti\" \/>\n<script type=\"application\/ld+json\" class=\"yoast-schema-graph\">{\"@context\":\"https:\/\/schema.org\",\"@graph\":[{\"@type\":\"WebPage\",\"@id\":\"https:\/\/nuevo-renacer.com\/dominique-francois-jean-arago\/\",\"url\":\"https:\/\/nuevo-renacer.com\/dominique-francois-jean-arago\/\",\"name\":\"Dominique Fran\u00e7ois Jean Arago - Uni\u00f3n Esp\u00edrita\",\"isPartOf\":{\"@id\":\"https:\/\/nuevo-renacer.com\/#website\"},\"primaryImageOfPage\":{\"@id\":\"https:\/\/nuevo-renacer.com\/dominique-francois-jean-arago\/#primaryimage\"},\"image\":{\"@id\":\"https:\/\/nuevo-renacer.com\/dominique-francois-jean-arago\/#primaryimage\"},\"thumbnailUrl\":\"https:\/\/nuevo-renacer.com\/wp-content\/uploads\/2025\/05\/Francois_Arago_par_Ary_Scheffer.jpg\",\"datePublished\":\"2025-05-20T10:46:34+00:00\",\"dateModified\":\"2025-05-20T10:46:37+00:00\",\"breadcrumb\":{\"@id\":\"https:\/\/nuevo-renacer.com\/dominique-francois-jean-arago\/#breadcrumb\"},\"inLanguage\":\"it-IT\",\"potentialAction\":[{\"@type\":\"ReadAction\",\"target\":[\"https:\/\/nuevo-renacer.com\/dominique-francois-jean-arago\/\"]}]},{\"@type\":\"ImageObject\",\"inLanguage\":\"it-IT\",\"@id\":\"https:\/\/nuevo-renacer.com\/dominique-francois-jean-arago\/#primaryimage\",\"url\":\"https:\/\/nuevo-renacer.com\/wp-content\/uploads\/2025\/05\/Francois_Arago_par_Ary_Scheffer.jpg\",\"contentUrl\":\"https:\/\/nuevo-renacer.com\/wp-content\/uploads\/2025\/05\/Francois_Arago_par_Ary_Scheffer.jpg\"},{\"@type\":\"BreadcrumbList\",\"@id\":\"https:\/\/nuevo-renacer.com\/dominique-francois-jean-arago\/#breadcrumb\",\"itemListElement\":[{\"@type\":\"ListItem\",\"position\":1,\"name\":\"Startseite\",\"item\":\"https:\/\/nuevo-renacer.com\/\"},{\"@type\":\"ListItem\",\"position\":2,\"name\":\"Dominique Fran\u00e7ois Jean Arago\"}]},{\"@type\":\"WebSite\",\"@id\":\"https:\/\/nuevo-renacer.com\/#website\",\"url\":\"https:\/\/nuevo-renacer.com\/\",\"name\":\"Uni\u00f3n Esp\u00edrita\",\"description\":\"Nuevo Renacer\",\"publisher\":{\"@id\":\"https:\/\/nuevo-renacer.com\/#organization\"},\"potentialAction\":[{\"@type\":\"SearchAction\",\"target\":{\"@type\":\"EntryPoint\",\"urlTemplate\":\"https:\/\/nuevo-renacer.com\/?s={search_term_string}\"},\"query-input\":{\"@type\":\"PropertyValueSpecification\",\"valueRequired\":true,\"valueName\":\"search_term_string\"}}],\"inLanguage\":\"it-IT\"},{\"@type\":\"Organization\",\"@id\":\"https:\/\/nuevo-renacer.com\/#organization\",\"name\":\"UFEC\",\"url\":\"https:\/\/nuevo-renacer.com\/\",\"logo\":{\"@type\":\"ImageObject\",\"inLanguage\":\"it-IT\",\"@id\":\"https:\/\/nuevo-renacer.com\/#\/schema\/logo\/image\/\",\"url\":\"https:\/\/nuevo-renacer.com\/wp-content\/uploads\/2024\/05\/cropped-LOGO-TERMINADO1-3-3.png\",\"contentUrl\":\"https:\/\/nuevo-renacer.com\/wp-content\/uploads\/2024\/05\/cropped-LOGO-TERMINADO1-3-3.png\",\"width\":512,\"height\":512,\"caption\":\"UFEC\"},\"image\":{\"@id\":\"https:\/\/nuevo-renacer.com\/#\/schema\/logo\/image\/\"},\"sameAs\":[\"https:\/\/www.facebook.com\/groups\/3431398063740829\"]}]}<\/script>\n<!-- \/ Yoast SEO Premium plugin. -->","yoast_head_json":{"title":"Dominique Fran\u00e7ois Jean Arago - Uni\u00f3n Esp\u00edrita","robots":{"index":"index","follow":"follow","max-snippet":"max-snippet:-1","max-image-preview":"max-image-preview:large","max-video-preview":"max-video-preview:-1"},"canonical":"https:\/\/nuevo-renacer.com\/it\/dominique-francois-jean-arago\/","og_locale":"it_IT","og_type":"article","og_title":"Dominique Fran\u00e7ois Jean Arago","og_description":"Dominique Fran\u00e7ois Jean Arago Su mensaje figura en el punto 8 del cap\u00edtulo XVIII de la quinta obra de la Codificaci\u00f3n, bajo el ep\u00edgrafe Signos de los tiempos. Reconoce al f\u00edsico y astr\u00f3nomo que fue Dominique Fran\u00e7ois Jean Arago, tambi\u00e9n matem\u00e1tico. De familia de profundas convicciones republicanas, naci\u00f3 el 26 de febrero de 1786 en [&hellip;]","og_url":"https:\/\/nuevo-renacer.com\/it\/dominique-francois-jean-arago\/","og_site_name":"Uni\u00f3n Esp\u00edrita","article_publisher":"https:\/\/www.facebook.com\/groups\/3431398063740829","article_modified_time":"2025-05-20T10:46:37+00:00","og_image":[{"width":776,"height":985,"url":"https:\/\/nuevo-renacer.com\/wp-content\/uploads\/2025\/05\/Francois_Arago_par_Ary_Scheffer.jpg","type":"image\/jpeg"}],"twitter_card":"summary_large_image","twitter_misc":{"Tempo di lettura stimato":"4 minuti"},"schema":{"@context":"https:\/\/schema.org","@graph":[{"@type":"WebPage","@id":"https:\/\/nuevo-renacer.com\/dominique-francois-jean-arago\/","url":"https:\/\/nuevo-renacer.com\/dominique-francois-jean-arago\/","name":"Dominique Fran\u00e7ois Jean Arago - Uni\u00f3n Esp\u00edrita","isPartOf":{"@id":"https:\/\/nuevo-renacer.com\/#website"},"primaryImageOfPage":{"@id":"https:\/\/nuevo-renacer.com\/dominique-francois-jean-arago\/#primaryimage"},"image":{"@id":"https:\/\/nuevo-renacer.com\/dominique-francois-jean-arago\/#primaryimage"},"thumbnailUrl":"https:\/\/nuevo-renacer.com\/wp-content\/uploads\/2025\/05\/Francois_Arago_par_Ary_Scheffer.jpg","datePublished":"2025-05-20T10:46:34+00:00","dateModified":"2025-05-20T10:46:37+00:00","breadcrumb":{"@id":"https:\/\/nuevo-renacer.com\/dominique-francois-jean-arago\/#breadcrumb"},"inLanguage":"it-IT","potentialAction":[{"@type":"ReadAction","target":["https:\/\/nuevo-renacer.com\/dominique-francois-jean-arago\/"]}]},{"@type":"ImageObject","inLanguage":"it-IT","@id":"https:\/\/nuevo-renacer.com\/dominique-francois-jean-arago\/#primaryimage","url":"https:\/\/nuevo-renacer.com\/wp-content\/uploads\/2025\/05\/Francois_Arago_par_Ary_Scheffer.jpg","contentUrl":"https:\/\/nuevo-renacer.com\/wp-content\/uploads\/2025\/05\/Francois_Arago_par_Ary_Scheffer.jpg"},{"@type":"BreadcrumbList","@id":"https:\/\/nuevo-renacer.com\/dominique-francois-jean-arago\/#breadcrumb","itemListElement":[{"@type":"ListItem","position":1,"name":"Startseite","item":"https:\/\/nuevo-renacer.com\/"},{"@type":"ListItem","position":2,"name":"Dominique Fran\u00e7ois Jean Arago"}]},{"@type":"WebSite","@id":"https:\/\/nuevo-renacer.com\/#website","url":"https:\/\/nuevo-renacer.com\/","name":"Uni\u00f3n Esp\u00edrita","description":"Nuevo Renacer","publisher":{"@id":"https:\/\/nuevo-renacer.com\/#organization"},"potentialAction":[{"@type":"SearchAction","target":{"@type":"EntryPoint","urlTemplate":"https:\/\/nuevo-renacer.com\/?s={search_term_string}"},"query-input":{"@type":"PropertyValueSpecification","valueRequired":true,"valueName":"search_term_string"}}],"inLanguage":"it-IT"},{"@type":"Organization","@id":"https:\/\/nuevo-renacer.com\/#organization","name":"UFEC","url":"https:\/\/nuevo-renacer.com\/","logo":{"@type":"ImageObject","inLanguage":"it-IT","@id":"https:\/\/nuevo-renacer.com\/#\/schema\/logo\/image\/","url":"https:\/\/nuevo-renacer.com\/wp-content\/uploads\/2024\/05\/cropped-LOGO-TERMINADO1-3-3.png","contentUrl":"https:\/\/nuevo-renacer.com\/wp-content\/uploads\/2024\/05\/cropped-LOGO-TERMINADO1-3-3.png","width":512,"height":512,"caption":"UFEC"},"image":{"@id":"https:\/\/nuevo-renacer.com\/#\/schema\/logo\/image\/"},"sameAs":["https:\/\/www.facebook.com\/groups\/3431398063740829"]}]}},"uagb_featured_image_src":{"full":false,"thumbnail":false,"medium":false,"medium_large":false,"large":false,"1536x1536":false,"2048x2048":false,"trp-custom-language-flag":false},"uagb_author_info":{"display_name":"adbv0","author_link":"https:\/\/nuevo-renacer.com\/it\/author\/adbv0\/"},"uagb_comment_info":0,"uagb_excerpt":"Dominique Fran\u00e7ois Jean Arago Su mensaje figura en el punto 8 del cap\u00edtulo XVIII de la quinta obra de la Codificaci\u00f3n, bajo el ep\u00edgrafe Signos de los tiempos. Reconoce al f\u00edsico y astr\u00f3nomo que fue Dominique Fran\u00e7ois Jean Arago, tambi\u00e9n matem\u00e1tico. De familia de profundas convicciones republicanas, naci\u00f3 el 26 de febrero de 1786 en&hellip;","jetpack_sharing_enabled":true,"_links":{"self":[{"href":"https:\/\/nuevo-renacer.com\/it\/wp-json\/wp\/v2\/pages\/8138","targetHints":{"allow":["GET"]}}],"collection":[{"href":"https:\/\/nuevo-renacer.com\/it\/wp-json\/wp\/v2\/pages"}],"about":[{"href":"https:\/\/nuevo-renacer.com\/it\/wp-json\/wp\/v2\/types\/page"}],"author":[{"embeddable":true,"href":"https:\/\/nuevo-renacer.com\/it\/wp-json\/wp\/v2\/users\/1"}],"replies":[{"embeddable":true,"href":"https:\/\/nuevo-renacer.com\/it\/wp-json\/wp\/v2\/comments?post=8138"}],"version-history":[{"count":1,"href":"https:\/\/nuevo-renacer.com\/it\/wp-json\/wp\/v2\/pages\/8138\/revisions"}],"predecessor-version":[{"id":8140,"href":"https:\/\/nuevo-renacer.com\/it\/wp-json\/wp\/v2\/pages\/8138\/revisions\/8140"}],"wp:attachment":[{"href":"https:\/\/nuevo-renacer.com\/it\/wp-json\/wp\/v2\/media?parent=8138"}],"curies":[{"name":"wp","href":"https:\/\/api.w.org\/{rel}","templated":true}]}}