{"id":8108,"date":"2025-05-15T06:57:47","date_gmt":"2025-05-15T06:57:47","guid":{"rendered":"https:\/\/nuevo-renacer.com\/?page_id=8108"},"modified":"2025-05-15T07:01:20","modified_gmt":"2025-05-15T07:01:20","slug":"christian-friedrich-samuel-hahnemann","status":"publish","type":"page","link":"https:\/\/nuevo-renacer.com\/it\/christian-friedrich-samuel-hahnemann\/","title":{"rendered":"Christian Friedrich Samuel Hahnemann"},"content":{"rendered":"<div class=\"wp-block-uagb-container uagb-block-c0404e6d alignfull uagb-is-root-container\"><div class=\"uagb-container-inner-blocks-wrap\">\n<p class=\"has-black-color has-text-color has-link-color has-medium-font-size wp-elements-74a37b7e457310e4ae8c248472fba7f9\"><strong>Christian Friedrich Samuel Hahnemann<\/strong><\/p>\n<\/div><\/div>\n\n\n\n<div class=\"wp-block-uagb-container uagb-block-fed108c3 alignfull uagb-is-root-container\"><div class=\"uagb-container-inner-blocks-wrap\">\n<figure class=\"wp-block-image size-large is-resized\"><img fetchpriority=\"high\" decoding=\"async\" width=\"779\" height=\"1024\" src=\"https:\/\/nuevo-renacer.com\/wp-content\/uploads\/2025\/05\/Hahnemann-779x1024.jpg\" alt=\"\" class=\"wp-image-8109\" style=\"width:259px;height:auto\" srcset=\"https:\/\/nuevo-renacer.com\/wp-content\/uploads\/2025\/05\/Hahnemann-779x1024.jpg 779w, https:\/\/nuevo-renacer.com\/wp-content\/uploads\/2025\/05\/Hahnemann-228x300.jpg 228w, https:\/\/nuevo-renacer.com\/wp-content\/uploads\/2025\/05\/Hahnemann-768x1009.jpg 768w, https:\/\/nuevo-renacer.com\/wp-content\/uploads\/2025\/05\/Hahnemann-9x12.jpg 9w, https:\/\/nuevo-renacer.com\/wp-content\/uploads\/2025\/05\/Hahnemann.jpg 950w\" sizes=\"(max-width: 779px) 100vw, 779px\" \/><\/figure>\n<\/div><\/div>\n\n\n\n<div class=\"wp-block-uagb-container uagb-block-dd865936 alignfull uagb-is-root-container\"><div class=\"uagb-container-inner-blocks-wrap\">\n<p class=\"has-black-color has-text-color has-link-color has-small-font-size wp-elements-7a08a56f326c53436f3c5facc91d3c9e\">Christian Friedrich Samuel Hahnemann naci\u00f3 el 10 de abril de 1755 en Meissen, Sajonia. Sus padres le pusieron los nombres de Christian, seguidor de Cristo; Friedrich, protegido del rey; Samuel, Dios me ha escuchado, en reconocimiento a Dios.<\/p>\n\n\n\n<p class=\"has-black-color has-text-color has-link-color has-small-font-size wp-elements-8259603f25716b9daeadc0a7e0eac02b\">Su padre era pintor de porcelana y \u00e9l mismo estaba preparado para seguir la carrera de su padre. En la escuela aprendi\u00f3 varias lenguas extranjeras: ingl\u00e9s, franc\u00e9s, espa\u00f1ol, lat\u00edn, \u00e1rabe, griego, hebreo y caldeo, adem\u00e1s de la lengua nacional. Su objetivo era poder comercializar porcelana en otros pa\u00edses en el futuro.<\/p>\n\n\n\n<p class=\"has-black-color has-text-color has-link-color has-small-font-size wp-elements-da362443a2c368b5bfa42278d81cca21\">Pero su destino iba a ser otro. Fue a estudiar medicina a Leipzig y Viena. Como era pobre, se manten\u00eda traduciendo, lo que le puso en contacto con obras sobre doctrinas existenciales.<\/p>\n\n\n\n<p class=\"has-black-color has-text-color has-link-color has-small-font-size wp-elements-b29345186dd766275cb4566d42169e93\">En 1812 fue profesor en la Universidad de Leipzig. Sin embargo, en su carrera de medicina se inquiet\u00f3 porque no consegu\u00eda buenos resultados en la curaci\u00f3n de los pacientes que trataba. Sus amigos dec\u00edan que so\u00f1aba, que todo lo que deseaba era una utop\u00eda. El hombre es limitado, y sus conocimientos tambi\u00e9n.<\/p>\n\n\n\n<p class=\"has-black-color has-text-color has-link-color has-small-font-size wp-elements-bf39d1b5761a18b0e0eb4ac964e7f96c\">Finalmente, a los 36 a\u00f1os, tras la muerte de un amigo al que trataba cl\u00ednicamente, decidi\u00f3 dejar la medicina.<\/p>\n\n\n\n<p class=\"has-black-color has-text-color has-link-color has-small-font-size wp-elements-7d8fda738daf331e7002ce47e64fd6fd\">Entra en su consulta y dice a sus pacientes que no los ver\u00e1 m\u00e1s. Si no puedes curarlos, \u00a1para qu\u00e9 sirve tu ciencia! Y despide a todos. Est\u00e1 profundamente desanimado. Para sobrevivir y mantener a su familia, se dedica a la traducci\u00f3n, sobre todo en los campos de la qu\u00edmica y la farmacolog\u00eda.<\/p>\n\n\n\n<p class=\"has-black-color has-text-color has-link-color has-small-font-size wp-elements-fed521407fcd65c8a1b9e9828d8ac2f3\">Traduciendo en 1790 una obra de un m\u00e9dico escoc\u00e9s, William Cullen, queda sorprendido por la descripci\u00f3n de las propiedades de la quinina. Le llam\u00f3 especialmente la atenci\u00f3n que la intoxicaci\u00f3n por quinina presentara s\u00edntomas similares a los de la enfermedad natural de la fiebre intermitente. Comenz\u00f3 a ingerir \u00e9l mismo dosis de quinina, comprobando que los resultados eran similares a los de la fiebre que combat\u00eda.<\/p>\n\n\n\n<p class=\"has-black-color has-text-color has-link-color has-small-font-size wp-elements-b452d7a8465441d5599873b8756e827d\">Repiti\u00f3 el experimento con otros f\u00e1rmacos, como el mercurio, la belladona y la digital, siempre en hombres sanos, y acab\u00f3 elaborando la doctrina homeop\u00e1tica, resumida en la expresi\u00f3n: similia similibus curantur, es decir, s\u00edntomas similares se curan con remedios similares. En 1796, se publicaron sus observaciones. Estas observaciones constituir\u00e1n su obra m\u00e1s importante: el Organon, publicado en 1810, donde explica su sistema y crea la Homeopat\u00eda. M\u00e1s tarde publicar\u00eda La ciencia m\u00e9dica pura y Teor\u00eda y tratamiento homeop\u00e1tico de las enfermedades cr\u00f3nicas.<\/p>\n\n\n\n<p class=\"has-black-color has-text-color has-link-color has-small-font-size wp-elements-5e92463a6136340c408b89936a91b5a2\">Los principios homeop\u00e1ticos establecen que cualquier sustancia que, en una dosis considerable, es capaz de provocar un cuadro sintom\u00e1tico en un individuo sano, tambi\u00e9n tiene la capacidad de hacerlo desaparecer, cuando se administra en peque\u00f1as dosis. Tambi\u00e9n, que la preparaci\u00f3n de medicamentos requiere diluciones infinitesimales, ya que \u00e9stas tendr\u00edan la capacidad de desarrollar las virtudes medicinales din\u00e1micas de las sustancias gruesas.<\/p>\n\n\n\n<p class=\"has-black-color has-text-color has-link-color has-small-font-size wp-elements-484868edee8f62582f9a50da0d9e001a\">Desde el principio, Hahnemann sufri\u00f3 una feroz campa\u00f1a contra lo que estaba exponiendo, especialmente por parte de los farmac\u00e9uticos, por lo que sufri\u00f3 mucho. No fue hasta 1835, cuando ya ten\u00eda m\u00e1s de 80 a\u00f1os y era viudo, que fue buscado por una joven que lo busc\u00f3 en su pueblo como \u00faltimo recurso m\u00e9dico y fue curada por \u00e9l. Ambos se conocen y ella le lleva a Par\u00eds, donde por fin se le reconoce.<\/p>\n\n\n\n<p class=\"has-black-color has-text-color has-link-color has-small-font-size wp-elements-9e3bb7b3ffd0879d8a89a9fbbe629664\">Muri\u00f3 en Par\u00eds el 2 de julio de 1843, 14 a\u00f1os antes de que se publicara El libro de los esp\u00edritus y naciera la doctrina espiritista. Formando parte del equipo espiritual responsable de la Codificaci\u00f3n, aport\u00f3 su contribuci\u00f3n especialmente en El Evangelio seg\u00fan el Espiritismo, cap\u00edtulo IX, Bienaventurados los mansos y pac\u00edficos, donde firm\u00f3 el mensaje del punto 10, que trata de las virtudes y vicios inherentes al Esp\u00edritu. El mensaje fue pronunciado en Par\u00eds en 1863.<\/p>\n\n\n\n<p class=\"has-black-color has-text-color has-link-color has-small-font-size wp-elements-d2ebd33852d24de82275e2cf5251c45b\">Como curiosidad, en el mismo a\u00f1o, el 13 de marzo, en la Sociedad Esp\u00edrita de Par\u00eds, con la Sra. Costel como m\u00e9dium, Hahnemann habl\u00f3 sobre el estado de la ciencia en la \u00e9poca, en respuesta a un m\u00e9dico home\u00f3pata extranjero que estaba presente en la sesi\u00f3n. Esta disertaci\u00f3n se encuentra en el sexto volumen de la Revista Esp\u00edrita.<\/p>\n<\/div><\/div>\n\n\n\n<div class=\"wp-block-uagb-container uagb-block-be8e81de alignfull uagb-is-root-container\"><div class=\"uagb-container-inner-blocks-wrap\"><\/div><\/div>\n\n\n\n<div class=\"wp-block-uagb-container uagb-block-fed5b0ee alignfull uagb-is-root-container\"><div class=\"uagb-container-inner-blocks-wrap\"><\/div><\/div>","protected":false},"excerpt":{"rendered":"<p>Christian Friedrich Samuel Hahnemann Christian Friedrich Samuel Hahnemann naci\u00f3 el 10 de abril de 1755 en Meissen, Sajonia. Sus padres le pusieron los nombres de Christian, seguidor de Cristo; Friedrich, protegido del rey; Samuel, Dios me ha escuchado, en reconocimiento a Dios. Su padre era pintor de porcelana y \u00e9l mismo estaba preparado para seguir [&hellip;]<\/p>","protected":false},"author":1,"featured_media":0,"parent":0,"menu_order":0,"comment_status":"closed","ping_status":"closed","template":"","meta":{"_uag_custom_page_level_css":"","site-sidebar-layout":"default","site-content-layout":"","ast-site-content-layout":"default","site-content-style":"default","site-sidebar-style":"default","ast-global-header-display":"","ast-banner-title-visibility":"","ast-main-header-display":"","ast-hfb-above-header-display":"","ast-hfb-below-header-display":"","ast-hfb-mobile-header-display":"","site-post-title":"disabled","ast-breadcrumbs-content":"","ast-featured-img":"","footer-sml-layout":"","theme-transparent-header-meta":"","adv-header-id-meta":"","stick-header-meta":"","header-above-stick-meta":"","header-main-stick-meta":"","header-below-stick-meta":"","astra-migrate-meta-layouts":"set","ast-page-background-enabled":"default","ast-page-background-meta":{"desktop":{"background-color":"var(--ast-global-color-4)","background-image":"","background-repeat":"repeat","background-position":"center center","background-size":"auto","background-attachment":"scroll","background-type":"","background-media":"","overlay-type":"","overlay-color":"","overlay-opacity":"","overlay-gradient":""},"tablet":{"background-color":"","background-image":"","background-repeat":"repeat","background-position":"center center","background-size":"auto","background-attachment":"scroll","background-type":"","background-media":"","overlay-type":"","overlay-color":"","overlay-opacity":"","overlay-gradient":""},"mobile":{"background-color":"","background-image":"","background-repeat":"repeat","background-position":"center center","background-size":"auto","background-attachment":"scroll","background-type":"","background-media":"","overlay-type":"","overlay-color":"","overlay-opacity":"","overlay-gradient":""}},"ast-content-background-meta":{"desktop":{"background-color":"var(--ast-global-color-5)","background-image":"","background-repeat":"repeat","background-position":"center center","background-size":"auto","background-attachment":"scroll","background-type":"","background-media":"","overlay-type":"","overlay-color":"","overlay-opacity":"","overlay-gradient":""},"tablet":{"background-color":"var(--ast-global-color-5)","background-image":"","background-repeat":"repeat","background-position":"center center","background-size":"auto","background-attachment":"scroll","background-type":"","background-media":"","overlay-type":"","overlay-color":"","overlay-opacity":"","overlay-gradient":""},"mobile":{"background-color":"var(--ast-global-color-5)","background-image":"","background-repeat":"repeat","background-position":"center center","background-size":"auto","background-attachment":"scroll","background-type":"","background-media":"","overlay-type":"","overlay-color":"","overlay-opacity":"","overlay-gradient":""}},"footnotes":""},"class_list":["post-8108","page","type-page","status-publish","hentry"],"yoast_head":"<!-- This site is optimized with the Yoast SEO Premium plugin v24.2 (Yoast SEO v24.6) - https:\/\/yoast.com\/wordpress\/plugins\/seo\/ -->\n<title>Christian Friedrich Samuel Hahnemann - Uni\u00f3n Esp\u00edrita<\/title>\n<meta name=\"robots\" content=\"index, follow, max-snippet:-1, max-image-preview:large, max-video-preview:-1\" \/>\n<link rel=\"canonical\" href=\"https:\/\/nuevo-renacer.com\/it\/christian-friedrich-samuel-hahnemann\/\" \/>\n<meta property=\"og:locale\" content=\"it_IT\" \/>\n<meta property=\"og:type\" content=\"article\" \/>\n<meta property=\"og:title\" content=\"Christian Friedrich Samuel Hahnemann\" \/>\n<meta property=\"og:description\" content=\"Christian Friedrich Samuel Hahnemann Christian Friedrich Samuel Hahnemann naci\u00f3 el 10 de abril de 1755 en Meissen, Sajonia. Sus padres le pusieron los nombres de Christian, seguidor de Cristo; Friedrich, protegido del rey; Samuel, Dios me ha escuchado, en reconocimiento a Dios. Su padre era pintor de porcelana y \u00e9l mismo estaba preparado para seguir [&hellip;]\" \/>\n<meta property=\"og:url\" content=\"https:\/\/nuevo-renacer.com\/it\/christian-friedrich-samuel-hahnemann\/\" \/>\n<meta property=\"og:site_name\" content=\"Uni\u00f3n Esp\u00edrita\" \/>\n<meta property=\"article:publisher\" content=\"https:\/\/www.facebook.com\/groups\/3431398063740829\" \/>\n<meta property=\"article:modified_time\" content=\"2025-05-15T07:01:20+00:00\" \/>\n<meta property=\"og:image\" content=\"https:\/\/nuevo-renacer.com\/wp-content\/uploads\/2025\/05\/Hahnemann.jpg\" \/>\n\t<meta property=\"og:image:width\" content=\"950\" \/>\n\t<meta property=\"og:image:height\" content=\"1248\" \/>\n\t<meta property=\"og:image:type\" content=\"image\/jpeg\" \/>\n<meta name=\"twitter:card\" content=\"summary_large_image\" \/>\n<meta name=\"twitter:label1\" content=\"Tempo di lettura stimato\" \/>\n\t<meta name=\"twitter:data1\" content=\"4 minuti\" \/>\n<script type=\"application\/ld+json\" class=\"yoast-schema-graph\">{\"@context\":\"https:\/\/schema.org\",\"@graph\":[{\"@type\":\"WebPage\",\"@id\":\"https:\/\/nuevo-renacer.com\/christian-friedrich-samuel-hahnemann\/\",\"url\":\"https:\/\/nuevo-renacer.com\/christian-friedrich-samuel-hahnemann\/\",\"name\":\"Christian Friedrich Samuel Hahnemann - Uni\u00f3n Esp\u00edrita\",\"isPartOf\":{\"@id\":\"https:\/\/nuevo-renacer.com\/#website\"},\"primaryImageOfPage\":{\"@id\":\"https:\/\/nuevo-renacer.com\/christian-friedrich-samuel-hahnemann\/#primaryimage\"},\"image\":{\"@id\":\"https:\/\/nuevo-renacer.com\/christian-friedrich-samuel-hahnemann\/#primaryimage\"},\"thumbnailUrl\":\"https:\/\/nuevo-renacer.com\/wp-content\/uploads\/2025\/05\/Hahnemann-779x1024.jpg\",\"datePublished\":\"2025-05-15T06:57:47+00:00\",\"dateModified\":\"2025-05-15T07:01:20+00:00\",\"breadcrumb\":{\"@id\":\"https:\/\/nuevo-renacer.com\/christian-friedrich-samuel-hahnemann\/#breadcrumb\"},\"inLanguage\":\"it-IT\",\"potentialAction\":[{\"@type\":\"ReadAction\",\"target\":[\"https:\/\/nuevo-renacer.com\/christian-friedrich-samuel-hahnemann\/\"]}]},{\"@type\":\"ImageObject\",\"inLanguage\":\"it-IT\",\"@id\":\"https:\/\/nuevo-renacer.com\/christian-friedrich-samuel-hahnemann\/#primaryimage\",\"url\":\"https:\/\/nuevo-renacer.com\/wp-content\/uploads\/2025\/05\/Hahnemann-779x1024.jpg\",\"contentUrl\":\"https:\/\/nuevo-renacer.com\/wp-content\/uploads\/2025\/05\/Hahnemann-779x1024.jpg\"},{\"@type\":\"BreadcrumbList\",\"@id\":\"https:\/\/nuevo-renacer.com\/christian-friedrich-samuel-hahnemann\/#breadcrumb\",\"itemListElement\":[{\"@type\":\"ListItem\",\"position\":1,\"name\":\"Startseite\",\"item\":\"https:\/\/nuevo-renacer.com\/\"},{\"@type\":\"ListItem\",\"position\":2,\"name\":\"Christian Friedrich Samuel Hahnemann\"}]},{\"@type\":\"WebSite\",\"@id\":\"https:\/\/nuevo-renacer.com\/#website\",\"url\":\"https:\/\/nuevo-renacer.com\/\",\"name\":\"Uni\u00f3n Esp\u00edrita\",\"description\":\"Nuevo Renacer\",\"publisher\":{\"@id\":\"https:\/\/nuevo-renacer.com\/#organization\"},\"potentialAction\":[{\"@type\":\"SearchAction\",\"target\":{\"@type\":\"EntryPoint\",\"urlTemplate\":\"https:\/\/nuevo-renacer.com\/?s={search_term_string}\"},\"query-input\":{\"@type\":\"PropertyValueSpecification\",\"valueRequired\":true,\"valueName\":\"search_term_string\"}}],\"inLanguage\":\"it-IT\"},{\"@type\":\"Organization\",\"@id\":\"https:\/\/nuevo-renacer.com\/#organization\",\"name\":\"UFEC\",\"url\":\"https:\/\/nuevo-renacer.com\/\",\"logo\":{\"@type\":\"ImageObject\",\"inLanguage\":\"it-IT\",\"@id\":\"https:\/\/nuevo-renacer.com\/#\/schema\/logo\/image\/\",\"url\":\"https:\/\/nuevo-renacer.com\/wp-content\/uploads\/2024\/05\/cropped-LOGO-TERMINADO1-3-3.png\",\"contentUrl\":\"https:\/\/nuevo-renacer.com\/wp-content\/uploads\/2024\/05\/cropped-LOGO-TERMINADO1-3-3.png\",\"width\":512,\"height\":512,\"caption\":\"UFEC\"},\"image\":{\"@id\":\"https:\/\/nuevo-renacer.com\/#\/schema\/logo\/image\/\"},\"sameAs\":[\"https:\/\/www.facebook.com\/groups\/3431398063740829\"]}]}<\/script>\n<!-- \/ Yoast SEO Premium plugin. -->","yoast_head_json":{"title":"Christian Friedrich Samuel Hahnemann - Uni\u00f3n Esp\u00edrita","robots":{"index":"index","follow":"follow","max-snippet":"max-snippet:-1","max-image-preview":"max-image-preview:large","max-video-preview":"max-video-preview:-1"},"canonical":"https:\/\/nuevo-renacer.com\/it\/christian-friedrich-samuel-hahnemann\/","og_locale":"it_IT","og_type":"article","og_title":"Christian Friedrich Samuel Hahnemann","og_description":"Christian Friedrich Samuel Hahnemann Christian Friedrich Samuel Hahnemann naci\u00f3 el 10 de abril de 1755 en Meissen, Sajonia. Sus padres le pusieron los nombres de Christian, seguidor de Cristo; Friedrich, protegido del rey; Samuel, Dios me ha escuchado, en reconocimiento a Dios. Su padre era pintor de porcelana y \u00e9l mismo estaba preparado para seguir [&hellip;]","og_url":"https:\/\/nuevo-renacer.com\/it\/christian-friedrich-samuel-hahnemann\/","og_site_name":"Uni\u00f3n Esp\u00edrita","article_publisher":"https:\/\/www.facebook.com\/groups\/3431398063740829","article_modified_time":"2025-05-15T07:01:20+00:00","og_image":[{"width":950,"height":1248,"url":"https:\/\/nuevo-renacer.com\/wp-content\/uploads\/2025\/05\/Hahnemann.jpg","type":"image\/jpeg"}],"twitter_card":"summary_large_image","twitter_misc":{"Tempo di lettura stimato":"4 minuti"},"schema":{"@context":"https:\/\/schema.org","@graph":[{"@type":"WebPage","@id":"https:\/\/nuevo-renacer.com\/christian-friedrich-samuel-hahnemann\/","url":"https:\/\/nuevo-renacer.com\/christian-friedrich-samuel-hahnemann\/","name":"Christian Friedrich Samuel Hahnemann - Uni\u00f3n Esp\u00edrita","isPartOf":{"@id":"https:\/\/nuevo-renacer.com\/#website"},"primaryImageOfPage":{"@id":"https:\/\/nuevo-renacer.com\/christian-friedrich-samuel-hahnemann\/#primaryimage"},"image":{"@id":"https:\/\/nuevo-renacer.com\/christian-friedrich-samuel-hahnemann\/#primaryimage"},"thumbnailUrl":"https:\/\/nuevo-renacer.com\/wp-content\/uploads\/2025\/05\/Hahnemann-779x1024.jpg","datePublished":"2025-05-15T06:57:47+00:00","dateModified":"2025-05-15T07:01:20+00:00","breadcrumb":{"@id":"https:\/\/nuevo-renacer.com\/christian-friedrich-samuel-hahnemann\/#breadcrumb"},"inLanguage":"it-IT","potentialAction":[{"@type":"ReadAction","target":["https:\/\/nuevo-renacer.com\/christian-friedrich-samuel-hahnemann\/"]}]},{"@type":"ImageObject","inLanguage":"it-IT","@id":"https:\/\/nuevo-renacer.com\/christian-friedrich-samuel-hahnemann\/#primaryimage","url":"https:\/\/nuevo-renacer.com\/wp-content\/uploads\/2025\/05\/Hahnemann-779x1024.jpg","contentUrl":"https:\/\/nuevo-renacer.com\/wp-content\/uploads\/2025\/05\/Hahnemann-779x1024.jpg"},{"@type":"BreadcrumbList","@id":"https:\/\/nuevo-renacer.com\/christian-friedrich-samuel-hahnemann\/#breadcrumb","itemListElement":[{"@type":"ListItem","position":1,"name":"Startseite","item":"https:\/\/nuevo-renacer.com\/"},{"@type":"ListItem","position":2,"name":"Christian Friedrich Samuel Hahnemann"}]},{"@type":"WebSite","@id":"https:\/\/nuevo-renacer.com\/#website","url":"https:\/\/nuevo-renacer.com\/","name":"Uni\u00f3n Esp\u00edrita","description":"Nuevo Renacer","publisher":{"@id":"https:\/\/nuevo-renacer.com\/#organization"},"potentialAction":[{"@type":"SearchAction","target":{"@type":"EntryPoint","urlTemplate":"https:\/\/nuevo-renacer.com\/?s={search_term_string}"},"query-input":{"@type":"PropertyValueSpecification","valueRequired":true,"valueName":"search_term_string"}}],"inLanguage":"it-IT"},{"@type":"Organization","@id":"https:\/\/nuevo-renacer.com\/#organization","name":"UFEC","url":"https:\/\/nuevo-renacer.com\/","logo":{"@type":"ImageObject","inLanguage":"it-IT","@id":"https:\/\/nuevo-renacer.com\/#\/schema\/logo\/image\/","url":"https:\/\/nuevo-renacer.com\/wp-content\/uploads\/2024\/05\/cropped-LOGO-TERMINADO1-3-3.png","contentUrl":"https:\/\/nuevo-renacer.com\/wp-content\/uploads\/2024\/05\/cropped-LOGO-TERMINADO1-3-3.png","width":512,"height":512,"caption":"UFEC"},"image":{"@id":"https:\/\/nuevo-renacer.com\/#\/schema\/logo\/image\/"},"sameAs":["https:\/\/www.facebook.com\/groups\/3431398063740829"]}]}},"uagb_featured_image_src":{"full":false,"thumbnail":false,"medium":false,"medium_large":false,"large":false,"1536x1536":false,"2048x2048":false,"trp-custom-language-flag":false},"uagb_author_info":{"display_name":"adbv0","author_link":"https:\/\/nuevo-renacer.com\/it\/author\/adbv0\/"},"uagb_comment_info":0,"uagb_excerpt":"Christian Friedrich Samuel Hahnemann Christian Friedrich Samuel Hahnemann naci\u00f3 el 10 de abril de 1755 en Meissen, Sajonia. Sus padres le pusieron los nombres de Christian, seguidor de Cristo; Friedrich, protegido del rey; Samuel, Dios me ha escuchado, en reconocimiento a Dios. Su padre era pintor de porcelana y \u00e9l mismo estaba preparado para seguir&hellip;","jetpack_sharing_enabled":true,"_links":{"self":[{"href":"https:\/\/nuevo-renacer.com\/it\/wp-json\/wp\/v2\/pages\/8108","targetHints":{"allow":["GET"]}}],"collection":[{"href":"https:\/\/nuevo-renacer.com\/it\/wp-json\/wp\/v2\/pages"}],"about":[{"href":"https:\/\/nuevo-renacer.com\/it\/wp-json\/wp\/v2\/types\/page"}],"author":[{"embeddable":true,"href":"https:\/\/nuevo-renacer.com\/it\/wp-json\/wp\/v2\/users\/1"}],"replies":[{"embeddable":true,"href":"https:\/\/nuevo-renacer.com\/it\/wp-json\/wp\/v2\/comments?post=8108"}],"version-history":[{"count":2,"href":"https:\/\/nuevo-renacer.com\/it\/wp-json\/wp\/v2\/pages\/8108\/revisions"}],"predecessor-version":[{"id":8111,"href":"https:\/\/nuevo-renacer.com\/it\/wp-json\/wp\/v2\/pages\/8108\/revisions\/8111"}],"wp:attachment":[{"href":"https:\/\/nuevo-renacer.com\/it\/wp-json\/wp\/v2\/media?parent=8108"}],"curies":[{"name":"wp","href":"https:\/\/api.w.org\/{rel}","templated":true}]}}