{"id":8104,"date":"2025-05-15T06:33:57","date_gmt":"2025-05-15T06:33:57","guid":{"rendered":"https:\/\/nuevo-renacer.com\/?page_id=8104"},"modified":"2025-05-15T06:34:00","modified_gmt":"2025-05-15T06:34:00","slug":"emanuel-von-swedenborg","status":"publish","type":"page","link":"https:\/\/nuevo-renacer.com\/it\/emanuel-von-swedenborg\/","title":{"rendered":"Emanuel von Swedenborg"},"content":{"rendered":"<p><a href=\"https:\/\/www.projekt-gutenberg.org\/autoren\/namen\/swedborg.html\"><\/a><\/p>\n\n\n\n<p><a href=\"https:\/\/www.projekt-gutenberg.org\/autoren\/namen\/swedborg.html\"><\/a><\/p>\n\n\n\n<div class=\"wp-block-uagb-container uagb-block-449f88e2 alignfull uagb-is-root-container\"><div class=\"uagb-container-inner-blocks-wrap\">\n<p class=\"has-black-color has-text-color has-link-color has-medium-font-size wp-elements-19ef7e0e4bef8d4b717d71c1add68522\"><strong>Emanuel von Swedenborg<\/strong><\/p>\n<\/div><\/div>\n\n\n\n<div class=\"wp-block-uagb-container uagb-block-e8995034 alignfull uagb-is-root-container\"><div class=\"uagb-container-inner-blocks-wrap\">\n<figure class=\"wp-block-image size-large is-resized\"><img fetchpriority=\"high\" decoding=\"async\" width=\"797\" height=\"1024\" src=\"https:\/\/nuevo-renacer.com\/wp-content\/uploads\/2025\/05\/Swedenborg-797x1024.webp\" alt=\"\" class=\"wp-image-8105\" style=\"width:249px;height:auto\" srcset=\"https:\/\/nuevo-renacer.com\/wp-content\/uploads\/2025\/05\/Swedenborg-797x1024.webp 797w, https:\/\/nuevo-renacer.com\/wp-content\/uploads\/2025\/05\/Swedenborg-233x300.webp 233w, https:\/\/nuevo-renacer.com\/wp-content\/uploads\/2025\/05\/Swedenborg-768x987.webp 768w, https:\/\/nuevo-renacer.com\/wp-content\/uploads\/2025\/05\/Swedenborg-1195x1536.webp 1195w, https:\/\/nuevo-renacer.com\/wp-content\/uploads\/2025\/05\/Swedenborg-9x12.webp 9w, https:\/\/nuevo-renacer.com\/wp-content\/uploads\/2025\/05\/Swedenborg.webp 1200w\" sizes=\"(max-width: 797px) 100vw, 797px\" \/><\/figure>\n<\/div><\/div>\n\n\n\n<div class=\"wp-block-uagb-container uagb-block-7ad3f6f1 alignfull uagb-is-root-container\"><div class=\"uagb-container-inner-blocks-wrap\">\n<p class=\"has-black-color has-text-color has-link-color has-small-font-size wp-elements-66a8e1e8b6c60f848b6340c0cf06b018\">Arthur Conan Doyle se refiri\u00f3 a \u00e9l como la mayor y m\u00e1s elevada inteligencia humana. De hecho, Emanuel von Swedenborg, nacido en Estocolmo el 29 de enero de 1688, hijo de un obispo de la Iglesia luterana sueca, vivi\u00f3 en un austero ambiente evang\u00e9lico durante algunos a\u00f1os de su vida. Fue un profundo estudioso de la Biblia.<\/p>\n\n\n\n<p class=\"has-black-color has-text-color has-link-color has-small-font-size wp-elements-c50ed4679f9c6efeb23f092f5ea02371\">Estudi\u00f3 en Uppsala y visit\u00f3 Alemania, Francia, Holanda e Inglaterra para ampliar sus amplios conocimientos de matem\u00e1ticas, mec\u00e1nica, astronom\u00eda, geolog\u00eda y mineralog\u00eda.<\/p>\n\n\n\n<p class=\"has-black-color has-text-color has-link-color has-small-font-size wp-elements-e15e2a4476ca1731a51a2d0de2516587\">A los 22 a\u00f1os public\u00f3 un volumen de versos en lat\u00edn y a los 28 fue nombrado consejero de miner\u00eda del gobierno sueco. Tan polifac\u00e9tico como Leonardo da Vinci, cre\u00f3 dispositivos mec\u00e1nicos para transportar barcos por tierra, analiz\u00f3 la econom\u00eda de la moneda, la producci\u00f3n y el coste del alcohol, la aplicaci\u00f3n del sistema decimal, la relaci\u00f3n entre importaciones y exportaciones y la econom\u00eda nacional.<\/p>\n\n\n\n<p class=\"has-black-color has-text-color has-link-color has-small-font-size wp-elements-92ae5de49ef849440c49b44b1828e31b\">Cerca de los 30 a\u00f1os, se dedic\u00f3 a la paleontolog\u00eda, la geolog\u00eda, el estudio de los f\u00f3siles e incluso desarroll\u00f3 una teor\u00eda avanzada sobre la expansi\u00f3n nebular para explicar el origen del sistema solar. Tambi\u00e9n se dedic\u00f3 a estudiar medicina y fisiolog\u00eda. Dominaba el lat\u00edn, el griego y el ingl\u00e9s, adem\u00e1s de su lengua materna, e incluso estudi\u00f3 hebreo para emprender una reinterpretaci\u00f3n del Antiguo y el Nuevo Testamento.<\/p>\n\n\n\n<p class=\"has-black-color has-text-color has-link-color has-small-font-size wp-elements-0b9ad2c09b41f4a968e7fa416070bd55\">La primera parte de su vida se centr\u00f3 en su intelecto. Sin embargo, aunque segu\u00eda teniendo visiones de ni\u00f1o, fue en abril de 1744 cuando comenz\u00f3 una nueva etapa, la de la investigaci\u00f3n en busca del conocimiento del alma humana en relaci\u00f3n con Dios y el Universo en el marco de la idea cristiana.<\/p>\n\n\n\n<p class=\"has-black-color has-text-color has-link-color has-small-font-size wp-elements-cc660cb969ae22b31e76bd179943b9ac\">Seg\u00fan sus palabras, \u2026el mundo de los esp\u00edritus, del cielo y del infierno, se abri\u00f3 ante m\u00ed de manera convincente, y all\u00ed me encontr\u00e9 con muchas personas conocidas y de toda condici\u00f3n. A partir de entonces, el Se\u00f1or abri\u00f3 cada d\u00eda los ojos de mi Esp\u00edritu para ver, perfectamente despierto, lo que ocurr\u00eda en el otro mundo y conversar, en plena conciencia, con \u00e1ngeles y esp\u00edritus.<\/p>\n\n\n\n<p class=\"has-black-color has-text-color has-link-color has-small-font-size wp-elements-8bb83777b45b22fd73de45cb74347987\">Considerado uno de los precursores de las ideas espiritistas, en sus obras Cielo e Infierno, La Nueva Jerusal\u00e9n y Arcana Caelestia describi\u00f3 el proceso de la muerte y el mundo del m\u00e1s all\u00e1, detallando su estructura. Habl\u00f3 de casas donde viv\u00edan las familias, templos donde practicaban el culto, auditorios donde se reun\u00edan con fines sociales. Describi\u00f3 varias esferas, que representaban los grados de luminosidad y felicidad de los Esp\u00edritus. Afirm\u00f3 que no hab\u00eda \u00e1ngeles ni demonios, sino simplemente seres humanos que hab\u00edan salido de la carne en un estado retardado o muy desarrollado. Descart\u00f3 la posibilidad de un castigo eterno.<\/p>\n\n\n\n<p class=\"has-black-color has-text-color has-link-color has-small-font-size wp-elements-4da05823e73859780fe1e09f8a620589\">Sus afirmaciones de contacto con esp\u00edritus y sus experiencias ps\u00edquicas, incluida la visi\u00f3n doble, le atrajeron amigos y le granjearon adversarios. Se investigaron en detalle sus visiones a larga distancia, como la que tuvo lugar el 19 de julio de 1759, en la ciudad de Gotemburgo, a 480 km de la capital sueca. Aquella noche, Swedenborg cen\u00f3 con la familia de William Castell, junto con unas quince personas m\u00e1s, y describi\u00f3, p\u00e1lido y alarmado, el incendio que se hab\u00eda declarado a las tres de la tarde y que fue controlado a las ocho de la tarde, a tres puertas de su propia casa. Ese d\u00eda era s\u00e1bado y no fue hasta el martes cuando un mensaje real confirm\u00f3 los hechos, incluido el detalle de que hab\u00eda sido apagado a las ocho de la tarde.<\/p>\n\n\n\n<p class=\"has-black-color has-text-color has-link-color has-small-font-size wp-elements-5feb96a2d0f3052e1483e19e4d50dbee\">Este hombre extraordinario, en\u00e9rgico de ni\u00f1o y afable en su vejez, era amable y sereno. Pr\u00e1ctico y trabajador, era alto, delgado, de ojos azules y siempre impecable con su peluca hasta los hombros, ropa oscura, pantalones cortos, zapatos abrochados y bast\u00f3n.<\/p>\n\n\n\n<p class=\"has-black-color has-text-color has-link-color has-small-font-size wp-elements-772c6f9774fcfbd5fe49d8cea1feb63b\">Muri\u00f3 el 29 de marzo de 1772 en Londres, ciudad en la que vivi\u00f3 muchos a\u00f1os y donde comenz\u00f3 su mediumnidad. 72 a\u00f1os despu\u00e9s, una tarde de marzo de 1844, se present\u00f3 a un joven llamado Andrew Jackson Davis como uno de sus mentores, junto con el Esp\u00edritu Galeno, y comenz\u00f3 a aconsejarle en su andadura medi\u00famnica.<\/p>\n\n\n\n<p class=\"has-black-color has-text-color has-link-color has-small-font-size wp-elements-4c4596468766296588f6094f9b8eefe5\">En la Codificaci\u00f3n, su nombre aparece en los Proleg\u00f3menos, atestando su efectiva participaci\u00f3n como miembro del equipo del Esp\u00edritu de la Verdad, contribuyendo para la instalaci\u00f3n de la Tercera Revelaci\u00f3n entre los hombres.<\/p>\n<\/div><\/div>\n\n\n\n<div class=\"wp-block-uagb-container uagb-block-575ebb36 alignfull uagb-is-root-container\"><div class=\"uagb-container-inner-blocks-wrap\"><\/div><\/div>\n\n\n\n<div class=\"wp-block-uagb-container uagb-block-34de665f alignfull uagb-is-root-container\"><div class=\"uagb-container-inner-blocks-wrap\"><\/div><\/div>","protected":false},"excerpt":{"rendered":"<p>Emanuel von Swedenborg Arthur Conan Doyle se refiri\u00f3 a \u00e9l como la mayor y m\u00e1s elevada inteligencia humana. De hecho, Emanuel von Swedenborg, nacido en Estocolmo el 29 de enero de 1688, hijo de un obispo de la Iglesia luterana sueca, vivi\u00f3 en un austero ambiente evang\u00e9lico durante algunos a\u00f1os de su vida. Fue un [&hellip;]<\/p>","protected":false},"author":1,"featured_media":0,"parent":0,"menu_order":0,"comment_status":"closed","ping_status":"closed","template":"","meta":{"_uag_custom_page_level_css":"","site-sidebar-layout":"default","site-content-layout":"","ast-site-content-layout":"default","site-content-style":"default","site-sidebar-style":"default","ast-global-header-display":"","ast-banner-title-visibility":"","ast-main-header-display":"","ast-hfb-above-header-display":"","ast-hfb-below-header-display":"","ast-hfb-mobile-header-display":"","site-post-title":"disabled","ast-breadcrumbs-content":"","ast-featured-img":"","footer-sml-layout":"","theme-transparent-header-meta":"","adv-header-id-meta":"","stick-header-meta":"","header-above-stick-meta":"","header-main-stick-meta":"","header-below-stick-meta":"","astra-migrate-meta-layouts":"set","ast-page-background-enabled":"default","ast-page-background-meta":{"desktop":{"background-color":"var(--ast-global-color-4)","background-image":"","background-repeat":"repeat","background-position":"center center","background-size":"auto","background-attachment":"scroll","background-type":"","background-media":"","overlay-type":"","overlay-color":"","overlay-opacity":"","overlay-gradient":""},"tablet":{"background-color":"","background-image":"","background-repeat":"repeat","background-position":"center center","background-size":"auto","background-attachment":"scroll","background-type":"","background-media":"","overlay-type":"","overlay-color":"","overlay-opacity":"","overlay-gradient":""},"mobile":{"background-color":"","background-image":"","background-repeat":"repeat","background-position":"center center","background-size":"auto","background-attachment":"scroll","background-type":"","background-media":"","overlay-type":"","overlay-color":"","overlay-opacity":"","overlay-gradient":""}},"ast-content-background-meta":{"desktop":{"background-color":"var(--ast-global-color-5)","background-image":"","background-repeat":"repeat","background-position":"center center","background-size":"auto","background-attachment":"scroll","background-type":"","background-media":"","overlay-type":"","overlay-color":"","overlay-opacity":"","overlay-gradient":""},"tablet":{"background-color":"var(--ast-global-color-5)","background-image":"","background-repeat":"repeat","background-position":"center center","background-size":"auto","background-attachment":"scroll","background-type":"","background-media":"","overlay-type":"","overlay-color":"","overlay-opacity":"","overlay-gradient":""},"mobile":{"background-color":"var(--ast-global-color-5)","background-image":"","background-repeat":"repeat","background-position":"center center","background-size":"auto","background-attachment":"scroll","background-type":"","background-media":"","overlay-type":"","overlay-color":"","overlay-opacity":"","overlay-gradient":""}},"footnotes":""},"class_list":["post-8104","page","type-page","status-publish","hentry"],"yoast_head":"<!-- This site is optimized with the Yoast SEO Premium plugin v24.2 (Yoast SEO v24.6) - https:\/\/yoast.com\/wordpress\/plugins\/seo\/ -->\n<title>Emanuel von Swedenborg - Uni\u00f3n Esp\u00edrita<\/title>\n<meta name=\"robots\" content=\"index, follow, max-snippet:-1, max-image-preview:large, max-video-preview:-1\" \/>\n<link rel=\"canonical\" href=\"https:\/\/nuevo-renacer.com\/it\/emanuel-von-swedenborg\/\" \/>\n<meta property=\"og:locale\" content=\"it_IT\" \/>\n<meta property=\"og:type\" content=\"article\" \/>\n<meta property=\"og:title\" content=\"Emanuel von Swedenborg\" \/>\n<meta property=\"og:description\" content=\"Emanuel von Swedenborg Arthur Conan Doyle se refiri\u00f3 a \u00e9l como la mayor y m\u00e1s elevada inteligencia humana. De hecho, Emanuel von Swedenborg, nacido en Estocolmo el 29 de enero de 1688, hijo de un obispo de la Iglesia luterana sueca, vivi\u00f3 en un austero ambiente evang\u00e9lico durante algunos a\u00f1os de su vida. Fue un [&hellip;]\" \/>\n<meta property=\"og:url\" content=\"https:\/\/nuevo-renacer.com\/it\/emanuel-von-swedenborg\/\" \/>\n<meta property=\"og:site_name\" content=\"Uni\u00f3n Esp\u00edrita\" \/>\n<meta property=\"article:publisher\" content=\"https:\/\/www.facebook.com\/groups\/3431398063740829\" \/>\n<meta property=\"article:modified_time\" content=\"2025-05-15T06:34:00+00:00\" \/>\n<meta property=\"og:image\" content=\"https:\/\/nuevo-renacer.com\/wp-content\/uploads\/2025\/05\/Swedenborg.webp\" \/>\n\t<meta property=\"og:image:width\" content=\"1200\" \/>\n\t<meta property=\"og:image:height\" content=\"1542\" \/>\n\t<meta property=\"og:image:type\" content=\"image\/webp\" \/>\n<meta name=\"twitter:card\" content=\"summary_large_image\" \/>\n<meta name=\"twitter:label1\" content=\"Tempo di lettura stimato\" \/>\n\t<meta name=\"twitter:data1\" content=\"5 minuti\" \/>\n<script type=\"application\/ld+json\" class=\"yoast-schema-graph\">{\"@context\":\"https:\/\/schema.org\",\"@graph\":[{\"@type\":\"WebPage\",\"@id\":\"https:\/\/nuevo-renacer.com\/emanuel-von-swedenborg\/\",\"url\":\"https:\/\/nuevo-renacer.com\/emanuel-von-swedenborg\/\",\"name\":\"Emanuel von Swedenborg - Uni\u00f3n Esp\u00edrita\",\"isPartOf\":{\"@id\":\"https:\/\/nuevo-renacer.com\/#website\"},\"primaryImageOfPage\":{\"@id\":\"https:\/\/nuevo-renacer.com\/emanuel-von-swedenborg\/#primaryimage\"},\"image\":{\"@id\":\"https:\/\/nuevo-renacer.com\/emanuel-von-swedenborg\/#primaryimage\"},\"thumbnailUrl\":\"https:\/\/nuevo-renacer.com\/wp-content\/uploads\/2025\/05\/Swedenborg-797x1024.webp\",\"datePublished\":\"2025-05-15T06:33:57+00:00\",\"dateModified\":\"2025-05-15T06:34:00+00:00\",\"breadcrumb\":{\"@id\":\"https:\/\/nuevo-renacer.com\/emanuel-von-swedenborg\/#breadcrumb\"},\"inLanguage\":\"it-IT\",\"potentialAction\":[{\"@type\":\"ReadAction\",\"target\":[\"https:\/\/nuevo-renacer.com\/emanuel-von-swedenborg\/\"]}]},{\"@type\":\"ImageObject\",\"inLanguage\":\"it-IT\",\"@id\":\"https:\/\/nuevo-renacer.com\/emanuel-von-swedenborg\/#primaryimage\",\"url\":\"https:\/\/nuevo-renacer.com\/wp-content\/uploads\/2025\/05\/Swedenborg-797x1024.webp\",\"contentUrl\":\"https:\/\/nuevo-renacer.com\/wp-content\/uploads\/2025\/05\/Swedenborg-797x1024.webp\"},{\"@type\":\"BreadcrumbList\",\"@id\":\"https:\/\/nuevo-renacer.com\/emanuel-von-swedenborg\/#breadcrumb\",\"itemListElement\":[{\"@type\":\"ListItem\",\"position\":1,\"name\":\"Startseite\",\"item\":\"https:\/\/nuevo-renacer.com\/\"},{\"@type\":\"ListItem\",\"position\":2,\"name\":\"Emanuel von Swedenborg\"}]},{\"@type\":\"WebSite\",\"@id\":\"https:\/\/nuevo-renacer.com\/#website\",\"url\":\"https:\/\/nuevo-renacer.com\/\",\"name\":\"Uni\u00f3n Esp\u00edrita\",\"description\":\"Nuevo Renacer\",\"publisher\":{\"@id\":\"https:\/\/nuevo-renacer.com\/#organization\"},\"potentialAction\":[{\"@type\":\"SearchAction\",\"target\":{\"@type\":\"EntryPoint\",\"urlTemplate\":\"https:\/\/nuevo-renacer.com\/?s={search_term_string}\"},\"query-input\":{\"@type\":\"PropertyValueSpecification\",\"valueRequired\":true,\"valueName\":\"search_term_string\"}}],\"inLanguage\":\"it-IT\"},{\"@type\":\"Organization\",\"@id\":\"https:\/\/nuevo-renacer.com\/#organization\",\"name\":\"UFEC\",\"url\":\"https:\/\/nuevo-renacer.com\/\",\"logo\":{\"@type\":\"ImageObject\",\"inLanguage\":\"it-IT\",\"@id\":\"https:\/\/nuevo-renacer.com\/#\/schema\/logo\/image\/\",\"url\":\"https:\/\/nuevo-renacer.com\/wp-content\/uploads\/2024\/05\/cropped-LOGO-TERMINADO1-3-3.png\",\"contentUrl\":\"https:\/\/nuevo-renacer.com\/wp-content\/uploads\/2024\/05\/cropped-LOGO-TERMINADO1-3-3.png\",\"width\":512,\"height\":512,\"caption\":\"UFEC\"},\"image\":{\"@id\":\"https:\/\/nuevo-renacer.com\/#\/schema\/logo\/image\/\"},\"sameAs\":[\"https:\/\/www.facebook.com\/groups\/3431398063740829\"]}]}<\/script>\n<!-- \/ Yoast SEO Premium plugin. -->","yoast_head_json":{"title":"Emanuel von Swedenborg - Uni\u00f3n Esp\u00edrita","robots":{"index":"index","follow":"follow","max-snippet":"max-snippet:-1","max-image-preview":"max-image-preview:large","max-video-preview":"max-video-preview:-1"},"canonical":"https:\/\/nuevo-renacer.com\/it\/emanuel-von-swedenborg\/","og_locale":"it_IT","og_type":"article","og_title":"Emanuel von Swedenborg","og_description":"Emanuel von Swedenborg Arthur Conan Doyle se refiri\u00f3 a \u00e9l como la mayor y m\u00e1s elevada inteligencia humana. De hecho, Emanuel von Swedenborg, nacido en Estocolmo el 29 de enero de 1688, hijo de un obispo de la Iglesia luterana sueca, vivi\u00f3 en un austero ambiente evang\u00e9lico durante algunos a\u00f1os de su vida. Fue un [&hellip;]","og_url":"https:\/\/nuevo-renacer.com\/it\/emanuel-von-swedenborg\/","og_site_name":"Uni\u00f3n Esp\u00edrita","article_publisher":"https:\/\/www.facebook.com\/groups\/3431398063740829","article_modified_time":"2025-05-15T06:34:00+00:00","og_image":[{"width":1200,"height":1542,"url":"https:\/\/nuevo-renacer.com\/wp-content\/uploads\/2025\/05\/Swedenborg.webp","type":"image\/webp"}],"twitter_card":"summary_large_image","twitter_misc":{"Tempo di lettura stimato":"5 minuti"},"schema":{"@context":"https:\/\/schema.org","@graph":[{"@type":"WebPage","@id":"https:\/\/nuevo-renacer.com\/emanuel-von-swedenborg\/","url":"https:\/\/nuevo-renacer.com\/emanuel-von-swedenborg\/","name":"Emanuel von Swedenborg - Uni\u00f3n Esp\u00edrita","isPartOf":{"@id":"https:\/\/nuevo-renacer.com\/#website"},"primaryImageOfPage":{"@id":"https:\/\/nuevo-renacer.com\/emanuel-von-swedenborg\/#primaryimage"},"image":{"@id":"https:\/\/nuevo-renacer.com\/emanuel-von-swedenborg\/#primaryimage"},"thumbnailUrl":"https:\/\/nuevo-renacer.com\/wp-content\/uploads\/2025\/05\/Swedenborg-797x1024.webp","datePublished":"2025-05-15T06:33:57+00:00","dateModified":"2025-05-15T06:34:00+00:00","breadcrumb":{"@id":"https:\/\/nuevo-renacer.com\/emanuel-von-swedenborg\/#breadcrumb"},"inLanguage":"it-IT","potentialAction":[{"@type":"ReadAction","target":["https:\/\/nuevo-renacer.com\/emanuel-von-swedenborg\/"]}]},{"@type":"ImageObject","inLanguage":"it-IT","@id":"https:\/\/nuevo-renacer.com\/emanuel-von-swedenborg\/#primaryimage","url":"https:\/\/nuevo-renacer.com\/wp-content\/uploads\/2025\/05\/Swedenborg-797x1024.webp","contentUrl":"https:\/\/nuevo-renacer.com\/wp-content\/uploads\/2025\/05\/Swedenborg-797x1024.webp"},{"@type":"BreadcrumbList","@id":"https:\/\/nuevo-renacer.com\/emanuel-von-swedenborg\/#breadcrumb","itemListElement":[{"@type":"ListItem","position":1,"name":"Startseite","item":"https:\/\/nuevo-renacer.com\/"},{"@type":"ListItem","position":2,"name":"Emanuel von Swedenborg"}]},{"@type":"WebSite","@id":"https:\/\/nuevo-renacer.com\/#website","url":"https:\/\/nuevo-renacer.com\/","name":"Uni\u00f3n Esp\u00edrita","description":"Nuevo Renacer","publisher":{"@id":"https:\/\/nuevo-renacer.com\/#organization"},"potentialAction":[{"@type":"SearchAction","target":{"@type":"EntryPoint","urlTemplate":"https:\/\/nuevo-renacer.com\/?s={search_term_string}"},"query-input":{"@type":"PropertyValueSpecification","valueRequired":true,"valueName":"search_term_string"}}],"inLanguage":"it-IT"},{"@type":"Organization","@id":"https:\/\/nuevo-renacer.com\/#organization","name":"UFEC","url":"https:\/\/nuevo-renacer.com\/","logo":{"@type":"ImageObject","inLanguage":"it-IT","@id":"https:\/\/nuevo-renacer.com\/#\/schema\/logo\/image\/","url":"https:\/\/nuevo-renacer.com\/wp-content\/uploads\/2024\/05\/cropped-LOGO-TERMINADO1-3-3.png","contentUrl":"https:\/\/nuevo-renacer.com\/wp-content\/uploads\/2024\/05\/cropped-LOGO-TERMINADO1-3-3.png","width":512,"height":512,"caption":"UFEC"},"image":{"@id":"https:\/\/nuevo-renacer.com\/#\/schema\/logo\/image\/"},"sameAs":["https:\/\/www.facebook.com\/groups\/3431398063740829"]}]}},"uagb_featured_image_src":{"full":false,"thumbnail":false,"medium":false,"medium_large":false,"large":false,"1536x1536":false,"2048x2048":false,"trp-custom-language-flag":false},"uagb_author_info":{"display_name":"adbv0","author_link":"https:\/\/nuevo-renacer.com\/it\/author\/adbv0\/"},"uagb_comment_info":0,"uagb_excerpt":"Emanuel von Swedenborg Arthur Conan Doyle se refiri\u00f3 a \u00e9l como la mayor y m\u00e1s elevada inteligencia humana. De hecho, Emanuel von Swedenborg, nacido en Estocolmo el 29 de enero de 1688, hijo de un obispo de la Iglesia luterana sueca, vivi\u00f3 en un austero ambiente evang\u00e9lico durante algunos a\u00f1os de su vida. Fue un&hellip;","jetpack_sharing_enabled":true,"_links":{"self":[{"href":"https:\/\/nuevo-renacer.com\/it\/wp-json\/wp\/v2\/pages\/8104","targetHints":{"allow":["GET"]}}],"collection":[{"href":"https:\/\/nuevo-renacer.com\/it\/wp-json\/wp\/v2\/pages"}],"about":[{"href":"https:\/\/nuevo-renacer.com\/it\/wp-json\/wp\/v2\/types\/page"}],"author":[{"embeddable":true,"href":"https:\/\/nuevo-renacer.com\/it\/wp-json\/wp\/v2\/users\/1"}],"replies":[{"embeddable":true,"href":"https:\/\/nuevo-renacer.com\/it\/wp-json\/wp\/v2\/comments?post=8104"}],"version-history":[{"count":1,"href":"https:\/\/nuevo-renacer.com\/it\/wp-json\/wp\/v2\/pages\/8104\/revisions"}],"predecessor-version":[{"id":8106,"href":"https:\/\/nuevo-renacer.com\/it\/wp-json\/wp\/v2\/pages\/8104\/revisions\/8106"}],"wp:attachment":[{"href":"https:\/\/nuevo-renacer.com\/it\/wp-json\/wp\/v2\/media?parent=8104"}],"curies":[{"name":"wp","href":"https:\/\/api.w.org\/{rel}","templated":true}]}}