{"id":8091,"date":"2025-05-14T12:35:03","date_gmt":"2025-05-14T12:35:03","guid":{"rendered":"https:\/\/nuevo-renacer.com\/?page_id=8091"},"modified":"2025-05-14T12:43:02","modified_gmt":"2025-05-14T12:43:02","slug":"benedito-godoy-paiva","status":"publish","type":"page","link":"https:\/\/nuevo-renacer.com\/it\/benedito-godoy-paiva\/","title":{"rendered":"Benedito Godoy Paiva"},"content":{"rendered":"<div class=\"wp-block-uagb-container uagb-block-85daac3c alignfull uagb-is-root-container\"><div class=\"uagb-container-inner-blocks-wrap\">\n<p class=\"has-black-color has-text-color has-link-color has-medium-font-size wp-elements-5d63408dd63f479a86a98dbec4661cca\"><strong>Benedito Godoy Paiva<\/strong><\/p>\n<\/div><\/div>\n\n\n\n<div class=\"wp-block-uagb-container uagb-block-8418fad2 alignfull uagb-is-root-container\"><div class=\"uagb-container-inner-blocks-wrap\">\n<figure class=\"wp-block-image size-full is-resized\"><img fetchpriority=\"high\" decoding=\"async\" width=\"285\" height=\"456\" src=\"https:\/\/nuevo-renacer.com\/wp-content\/uploads\/2025\/05\/Benedito-Godoy-Paiva.jpg\" alt=\"\" class=\"wp-image-8092\" style=\"width:208px;height:auto\" srcset=\"https:\/\/nuevo-renacer.com\/wp-content\/uploads\/2025\/05\/Benedito-Godoy-Paiva.jpg 285w, https:\/\/nuevo-renacer.com\/wp-content\/uploads\/2025\/05\/Benedito-Godoy-Paiva-188x300.jpg 188w, https:\/\/nuevo-renacer.com\/wp-content\/uploads\/2025\/05\/Benedito-Godoy-Paiva-8x12.jpg 8w\" sizes=\"(max-width: 285px) 100vw, 285px\" \/><\/figure>\n<\/div><\/div>\n\n\n\n<div class=\"wp-block-uagb-container uagb-block-4fe1c708 alignfull uagb-is-root-container\"><div class=\"uagb-container-inner-blocks-wrap\">\n<p class=\"has-black-color has-text-color has-link-color has-small-font-size wp-elements-feec4561311c785ab2bbf73854b8e58d\">Per oltre venticinque anni, un oratore \u00e8 stato invariabilmente richiesto per la maggior parte degli eventi spiritisti a San Paolo.<\/p>\n\n\n\n<p class=\"has-black-color has-text-color has-link-color has-small-font-size wp-elements-bc2ffe310e4f2d597bc247b00b1096b8\">Le sue parole avevano il pregio di attirare un vasto pubblico perch\u00e9, oltre ad essere un conferenziere autorevole, aveva uno stile molto particolare di pronunciare i suoi discorsi, iniziandoli con una breve storia, un'apologia o un semplice aneddoto, che preparava gli animi dei presenti, predisponendoli ad assimilare gli insegnamenti contenuti nell'argomento che sarebbe stato affrontato.<\/p>\n\n\n\n<p class=\"has-black-color has-text-color has-link-color has-small-font-size wp-elements-9d23014373c1722e4ad4e3ab91089dab\">Per questo dicevo sempre: \u00abNel nostro lungo peregrinare tra tribune spiritiche, emittenti radiofoniche e stampa spiritica, parlando del Vangelo di Ges\u00f9, abbiamo sempre fatto il possibile per non annoiare i nostri ascoltatori o lettori con lunghe e pesanti dissertazioni sulla Dottrina Spiritista, ritenendo preferibile mantenere la loro attenzione con un altro procedimento, ovvero cercando fatti o esempi nella vita pratica che chiariscano gli argomenti trattati, anche se a volte pecchiamo contro la severit\u00e0 di alcuni confratelli poco appassionati di questo tipo di letteratura. Per attirare un pubblico attento, non c'\u00e8 niente di meglio che intervallare la conferenza con la narrazione di fatti interessanti e talvolta consapevoli della vita della societ\u00e0, che chiariscano l'argomento da trattare.<\/p>\n\n\n\n<p class=\"has-black-color has-text-color has-link-color has-small-font-size wp-elements-d9b6651e93e325b302d0091f382404ff\">Non c'\u00e8 nulla di male in questo per la propaganda e la comprensione della Dottrina Spiritista. Gli spiritisti devono essere allegri e non devono mai essere restii alle risate, alle gioie sane e ai divertimenti innocui. Non devono mai imitare quei frati dell'Ordine del Silenzio che, proibiti di parlare, potevano solo dire quando si riunivano: \u00abFratello! Ricordati della morte!\u00bb.<\/p>\n\n\n\n<p class=\"has-black-color has-text-color has-link-color has-small-font-size wp-elements-79e0c5de45ffabe45ecff6dfa02e283a\">Questo spiritista emerito si chiamava Benedito Godoy Paiva. Era un uomo di carattere irreprensibile, franco e leale, dotato di un'invidiabile laboriosit\u00e0. Prima del 1941, fu membro della direzione dell'Unione Spiritista Federativa di San Paolo, dove svolse un intenso lavoro di divulgazione della Dottrina Spiritista attraverso la stampa e la radio.<\/p>\n\n\n\n<p class=\"has-black-color has-text-color has-link-color has-small-font-size wp-elements-8c2b07c4dd31b8adf1776486106f834c\">Nello stesso anno entr\u00f2 a far parte della Federazione Spiritista dello Stato di San Paolo, dove si distinse e svolse numerose attivit\u00e0. Oltre che conferenziere ufficiale, fu direttore del Dipartimento Culturale e Sociale e membro del Consiglio Deliberativo, aiutando Pedro de Camargo Vin\u00edcius a organizzare le Tertulias Evang\u00e9licas (Tavole rotonde evangeliche), sostituendolo in sua assenza tutte le domeniche mattina. Collabor\u00f2 in modo decisivo alla fondazione della Scuola degli Apprendisti Evangelici e di altri corsi di tale istituzione, fornendo consulenza nella preparazione di opuscoli e libri per tali corsi.<\/p>\n\n\n\n<p class=\"has-black-color has-text-color has-link-color has-small-font-size wp-elements-f6e892233164ab3869847a34139a054d\">Nel 1947 partecip\u00f2 in modo significativo alla fondazione dell'Unione delle Societ\u00e0 Spiritiste dello Stato di San Paolo, formando la Commissione Redattrice Finale delle deliberazioni del Primo Congresso Spiritista dello Stato di San Paolo e diventando membro del primo Consiglio Deliberativo di tale organizzazione.<\/p>\n\n\n\n<p class=\"has-black-color has-text-color has-link-color has-small-font-size wp-elements-4ad951609d142ca63f40e96141cf1abd\">Le seguenti informazioni biografiche sono state fornite dalla Prof.ssa Zilda de Paiva Barbosa, una delle figlie di questo grande pioniere.<\/p>\n\n\n\n<p class=\"has-black-color has-text-color has-link-color has-small-font-size wp-elements-f22bc35add218c2f82f625db4542595a\">Benedito Godoy Paiva rimase vedovo due volte, lasciando sette figli, nipoti e pronipoti. All'et\u00e0 di 16 anni, dopo aver terminato il liceo presso l'Externato Molina, studi\u00f2 e complet\u00f2 corsi di geometria, matematica e inglese, e nel 1901 entr\u00f2 come impiegato nella Ferrocarril de Sorocabana. Nel frattempo, studi\u00f2 anche contabilit\u00e0 all'Accademia di Commercio del Brasile, che frequentava nel pomeriggio, lavorando poi straordinariamente come contabile per arrivare a fine mese.<\/p>\n\n\n\n<p class=\"has-black-color has-text-color has-link-color has-small-font-size wp-elements-2003caf2ff20212001810253360d29ed\">\u00c8 andato in pensione dopo 46 anni di servizio nelle ferrovie, lasciandosi alle spalle una lunga carriera costellata di meriti inestimabili, caratterizzata dalla massima dedizione ed efficienza. Ha avuto una brillante carriera, da impiegato ferroviario a consulente amministrativo, fino a diventare capo dell'Ufficio Traffico e capo generale dell'Ufficio del Dipartimento dei Trasporti, dove ha ricevuto elogi per i suoi risultati.<\/p>\n\n\n\n<p class=\"has-black-color has-text-color has-link-color has-small-font-size wp-elements-7d4488b364cc9e2767bde59d8f837288\">Ha partecipato a indagini amministrative e ad altre commissioni che gli sono state affidate, poich\u00e9 conosceva a fondo tutti i regolamenti e le ordinanze emanati dalle amministrazioni precedenti. \u00c8 stato giornalista, collaborando con la stampa religiosa e profana, ed \u00e8 stato redattore di una delle rubriche del \u00abDi\u00e1rio de S\u00e3o Paulo\u00bb.<\/p>\n\n\n\n<p class=\"has-black-color has-text-color has-link-color has-small-font-size wp-elements-2d1b1b068dadc491162b55edd3fbb439\">Come poeta e autore di sciarade, collabor\u00f2 alla rivista \u00abNossa Estrada\u00bb, il cui nome fu da lui suggerito e accettato con voto unanime da tutto lo staff della Sorocabana. Era un musicista. Suonava circa sei strumenti, ma il suo preferito era il flauto. Compose diverse canzoni e fu un serenatore. Era solito cantare serenate sotto le finestre delle case, ai tempi della vecchia San Paolo.<\/p>\n\n\n\n<p class=\"has-black-color has-text-color has-link-color has-small-font-size wp-elements-7dede598444151b389392c17f0b17a6c\">Frequentava la Chiesa Evangelica, dove era organista e direttore del coro. Nell'atto di fondazione della Terza Chiesa Presbiteriana Indipendente di San Paolo, il suo nome compare al primo posto come fondatore. Aveva una profonda conoscenza delle Scritture e dai Vangeli trasse sublimi insegnamenti che lo guidarono per tutta la vita, cos\u00ec utili alla sua famiglia e all'umanit\u00e0.<\/p>\n\n\n\n<p class=\"has-black-color has-text-color has-link-color has-small-font-size wp-elements-9fb9080671cf6449a98b2d97ee99eacb\">Convertitosi allo spiritismo, ader\u00ec inizialmente all'Unione Federativa e successivamente alla Federazione Spiritista dello Stato di San Paolo, lasciando la Chiesa Presbiteriana dalla quale aveva chiesto di uscire, scrivendo una lettera al suo grande amico, il Rev. Dr. Seth Ferraz, pastore della 3\u00aa Chiesa, spiegando le ragioni che lo avevano portato a lasciare quella comunit\u00e0, poich\u00e9 gli insegnamenti della Chiesa condannavano lo Spiritismo, una dottrina basata sulla reincarnazione e sull'evoluzione degli spiriti.<\/p>\n\n\n\n<p class=\"has-black-color has-text-color has-link-color has-small-font-size wp-elements-42ca601d03df6d3e60baf33eb35bb93d\">Fu una nuova fase della sua vita. Si dedic\u00f2 interamente alla Dottrina Spiritista. Tenne innumerevoli conferenze, le cui sale si riempivano quando saliva sul palco. Sulla base di queste conferenze, pubblic\u00f2 il libro Quando o Evangelho diz N\u00e3o! (Quando il Vangelo dice No!). Pubblic\u00f2 diversi opuscoli, tra cui Chi entrer\u00e0 in cielo? e La verit\u00e0 vi render\u00e0 liberi.<\/p>\n\n\n\n<p class=\"has-black-color has-text-color has-link-color has-small-font-size wp-elements-952e6ae39261cea271218269a61b7008\">Ha scritto diverse poesie: \u201cReincarnazione\u201d, \u201cIl desiderio dello sposo\u201d, \u201cLe tre croci\u201d, \u201cLa donna peccatrice\u201d, \u201cIl giudizio finale\u201d, \u201cIl buon samaritano\u201d, \u201cLa salvezza attraverso la fede\u201d, \u201cIl sogno della principessa\u201d e, insieme a Cid Franco, ha scritto la poesia \u201cAvatar\u201d. Ha revisionato \u00abLa Grande Sintesi\u00bb, libro medianico di Pietro Ubaldi e, in collaborazione con Em\u00edlio Manso Vieira, ha scritto il \u00abManuale per il Direttore delle Sessioni Spiritiche\u00bb.<\/p>\n\n\n\n<p class=\"has-black-color has-text-color has-link-color has-small-font-size wp-elements-092c7a290f530ec14fbf71ee7d9c819e\">Il giorno della sua dipartita, tre rappresentanti di organizzazioni religiose erano presenti al suo capezzale: un pastore evangelico, un vescovo della Chiesa cattolica brasiliana e un membro della Federazione Spiritista dello Stato di San Paolo. Tutti lo hanno salutato con lo stesso affetto.<\/p>\n<\/div><\/div>\n\n\n\n<div class=\"wp-block-uagb-container uagb-block-0c9303f5 alignfull uagb-is-root-container\"><div class=\"uagb-container-inner-blocks-wrap\"><\/div><\/div>\n\n\n\n<div class=\"wp-block-uagb-container uagb-block-b10bd8cf alignfull uagb-is-root-container\"><div class=\"uagb-container-inner-blocks-wrap\"><\/div><\/div>","protected":false},"excerpt":{"rendered":"<p>Benedito Godoy Paiva Durante m\u00e1s de veinticinco a\u00f1os, un orador fue invariablemente solicitado para la mayor\u00eda de los eventos espiritistas en S\u00e3o Paulo. Sus palabras ten\u00edan el m\u00e9rito de atraer a un numeroso p\u00fablico porque, adem\u00e1s de ser un conferenciante autorizado, ten\u00eda un estilo muy peculiar de pronunciar sus discursos, inici\u00e1ndolos con una breve historia, [&hellip;]<\/p>","protected":false},"author":1,"featured_media":0,"parent":0,"menu_order":0,"comment_status":"closed","ping_status":"closed","template":"","meta":{"_uag_custom_page_level_css":"","site-sidebar-layout":"default","site-content-layout":"","ast-site-content-layout":"default","site-content-style":"default","site-sidebar-style":"default","ast-global-header-display":"","ast-banner-title-visibility":"","ast-main-header-display":"","ast-hfb-above-header-display":"","ast-hfb-below-header-display":"","ast-hfb-mobile-header-display":"","site-post-title":"disabled","ast-breadcrumbs-content":"","ast-featured-img":"","footer-sml-layout":"","theme-transparent-header-meta":"","adv-header-id-meta":"","stick-header-meta":"","header-above-stick-meta":"","header-main-stick-meta":"","header-below-stick-meta":"","astra-migrate-meta-layouts":"set","ast-page-background-enabled":"default","ast-page-background-meta":{"desktop":{"background-color":"var(--ast-global-color-4)","background-image":"","background-repeat":"repeat","background-position":"center center","background-size":"auto","background-attachment":"scroll","background-type":"","background-media":"","overlay-type":"","overlay-color":"","overlay-opacity":"","overlay-gradient":""},"tablet":{"background-color":"","background-image":"","background-repeat":"repeat","background-position":"center center","background-size":"auto","background-attachment":"scroll","background-type":"","background-media":"","overlay-type":"","overlay-color":"","overlay-opacity":"","overlay-gradient":""},"mobile":{"background-color":"","background-image":"","background-repeat":"repeat","background-position":"center center","background-size":"auto","background-attachment":"scroll","background-type":"","background-media":"","overlay-type":"","overlay-color":"","overlay-opacity":"","overlay-gradient":""}},"ast-content-background-meta":{"desktop":{"background-color":"var(--ast-global-color-5)","background-image":"","background-repeat":"repeat","background-position":"center center","background-size":"auto","background-attachment":"scroll","background-type":"","background-media":"","overlay-type":"","overlay-color":"","overlay-opacity":"","overlay-gradient":""},"tablet":{"background-color":"var(--ast-global-color-5)","background-image":"","background-repeat":"repeat","background-position":"center center","background-size":"auto","background-attachment":"scroll","background-type":"","background-media":"","overlay-type":"","overlay-color":"","overlay-opacity":"","overlay-gradient":""},"mobile":{"background-color":"var(--ast-global-color-5)","background-image":"","background-repeat":"repeat","background-position":"center center","background-size":"auto","background-attachment":"scroll","background-type":"","background-media":"","overlay-type":"","overlay-color":"","overlay-opacity":"","overlay-gradient":""}},"footnotes":""},"class_list":["post-8091","page","type-page","status-publish","hentry"],"yoast_head":"<!-- This site is optimized with the Yoast SEO Premium plugin v24.2 (Yoast SEO v24.6) - https:\/\/yoast.com\/wordpress\/plugins\/seo\/ -->\n<title>Benedito Godoy Paiva - Uni\u00f3n Esp\u00edrita<\/title>\n<meta name=\"robots\" content=\"index, follow, max-snippet:-1, max-image-preview:large, max-video-preview:-1\" \/>\n<link rel=\"canonical\" href=\"https:\/\/nuevo-renacer.com\/it\/benedito-godoy-paiva\/\" \/>\n<meta property=\"og:locale\" content=\"it_IT\" \/>\n<meta property=\"og:type\" content=\"article\" \/>\n<meta property=\"og:title\" content=\"Benedito Godoy Paiva\" \/>\n<meta property=\"og:description\" content=\"Benedito Godoy Paiva Durante m\u00e1s de veinticinco a\u00f1os, un orador fue invariablemente solicitado para la mayor\u00eda de los eventos espiritistas en S\u00e3o Paulo. Sus palabras ten\u00edan el m\u00e9rito de atraer a un numeroso p\u00fablico porque, adem\u00e1s de ser un conferenciante autorizado, ten\u00eda un estilo muy peculiar de pronunciar sus discursos, inici\u00e1ndolos con una breve historia, [&hellip;]\" \/>\n<meta property=\"og:url\" content=\"https:\/\/nuevo-renacer.com\/it\/benedito-godoy-paiva\/\" \/>\n<meta property=\"og:site_name\" content=\"Uni\u00f3n Esp\u00edrita\" \/>\n<meta property=\"article:publisher\" content=\"https:\/\/www.facebook.com\/groups\/3431398063740829\" \/>\n<meta property=\"article:modified_time\" content=\"2025-05-14T12:43:02+00:00\" \/>\n<meta property=\"og:image\" content=\"https:\/\/nuevo-renacer.com\/wp-content\/uploads\/2025\/05\/Benedito-Godoy-Paiva.jpg\" \/>\n\t<meta property=\"og:image:width\" content=\"285\" \/>\n\t<meta property=\"og:image:height\" content=\"456\" \/>\n\t<meta property=\"og:image:type\" content=\"image\/jpeg\" \/>\n<meta name=\"twitter:card\" content=\"summary_large_image\" \/>\n<meta name=\"twitter:label1\" content=\"Tempo di lettura stimato\" \/>\n\t<meta name=\"twitter:data1\" content=\"7 minuti\" \/>\n<script type=\"application\/ld+json\" class=\"yoast-schema-graph\">{\"@context\":\"https:\/\/schema.org\",\"@graph\":[{\"@type\":\"WebPage\",\"@id\":\"https:\/\/nuevo-renacer.com\/benedito-godoy-paiva\/\",\"url\":\"https:\/\/nuevo-renacer.com\/benedito-godoy-paiva\/\",\"name\":\"Benedito Godoy Paiva - Uni\u00f3n Esp\u00edrita\",\"isPartOf\":{\"@id\":\"https:\/\/nuevo-renacer.com\/#website\"},\"primaryImageOfPage\":{\"@id\":\"https:\/\/nuevo-renacer.com\/benedito-godoy-paiva\/#primaryimage\"},\"image\":{\"@id\":\"https:\/\/nuevo-renacer.com\/benedito-godoy-paiva\/#primaryimage\"},\"thumbnailUrl\":\"https:\/\/nuevo-renacer.com\/wp-content\/uploads\/2025\/05\/Benedito-Godoy-Paiva.jpg\",\"datePublished\":\"2025-05-14T12:35:03+00:00\",\"dateModified\":\"2025-05-14T12:43:02+00:00\",\"breadcrumb\":{\"@id\":\"https:\/\/nuevo-renacer.com\/benedito-godoy-paiva\/#breadcrumb\"},\"inLanguage\":\"it-IT\",\"potentialAction\":[{\"@type\":\"ReadAction\",\"target\":[\"https:\/\/nuevo-renacer.com\/benedito-godoy-paiva\/\"]}]},{\"@type\":\"ImageObject\",\"inLanguage\":\"it-IT\",\"@id\":\"https:\/\/nuevo-renacer.com\/benedito-godoy-paiva\/#primaryimage\",\"url\":\"https:\/\/nuevo-renacer.com\/wp-content\/uploads\/2025\/05\/Benedito-Godoy-Paiva.jpg\",\"contentUrl\":\"https:\/\/nuevo-renacer.com\/wp-content\/uploads\/2025\/05\/Benedito-Godoy-Paiva.jpg\"},{\"@type\":\"BreadcrumbList\",\"@id\":\"https:\/\/nuevo-renacer.com\/benedito-godoy-paiva\/#breadcrumb\",\"itemListElement\":[{\"@type\":\"ListItem\",\"position\":1,\"name\":\"Startseite\",\"item\":\"https:\/\/nuevo-renacer.com\/\"},{\"@type\":\"ListItem\",\"position\":2,\"name\":\"Benedito Godoy Paiva\"}]},{\"@type\":\"WebSite\",\"@id\":\"https:\/\/nuevo-renacer.com\/#website\",\"url\":\"https:\/\/nuevo-renacer.com\/\",\"name\":\"Uni\u00f3n Esp\u00edrita\",\"description\":\"Nuevo Renacer\",\"publisher\":{\"@id\":\"https:\/\/nuevo-renacer.com\/#organization\"},\"potentialAction\":[{\"@type\":\"SearchAction\",\"target\":{\"@type\":\"EntryPoint\",\"urlTemplate\":\"https:\/\/nuevo-renacer.com\/?s={search_term_string}\"},\"query-input\":{\"@type\":\"PropertyValueSpecification\",\"valueRequired\":true,\"valueName\":\"search_term_string\"}}],\"inLanguage\":\"it-IT\"},{\"@type\":\"Organization\",\"@id\":\"https:\/\/nuevo-renacer.com\/#organization\",\"name\":\"UFEC\",\"url\":\"https:\/\/nuevo-renacer.com\/\",\"logo\":{\"@type\":\"ImageObject\",\"inLanguage\":\"it-IT\",\"@id\":\"https:\/\/nuevo-renacer.com\/#\/schema\/logo\/image\/\",\"url\":\"https:\/\/nuevo-renacer.com\/wp-content\/uploads\/2024\/05\/cropped-LOGO-TERMINADO1-3-3.png\",\"contentUrl\":\"https:\/\/nuevo-renacer.com\/wp-content\/uploads\/2024\/05\/cropped-LOGO-TERMINADO1-3-3.png\",\"width\":512,\"height\":512,\"caption\":\"UFEC\"},\"image\":{\"@id\":\"https:\/\/nuevo-renacer.com\/#\/schema\/logo\/image\/\"},\"sameAs\":[\"https:\/\/www.facebook.com\/groups\/3431398063740829\"]}]}<\/script>\n<!-- \/ Yoast SEO Premium plugin. -->","yoast_head_json":{"title":"Benedito Godoy Paiva - Uni\u00f3n Esp\u00edrita","robots":{"index":"index","follow":"follow","max-snippet":"max-snippet:-1","max-image-preview":"max-image-preview:large","max-video-preview":"max-video-preview:-1"},"canonical":"https:\/\/nuevo-renacer.com\/it\/benedito-godoy-paiva\/","og_locale":"it_IT","og_type":"article","og_title":"Benedito Godoy Paiva","og_description":"Benedito Godoy Paiva Durante m\u00e1s de veinticinco a\u00f1os, un orador fue invariablemente solicitado para la mayor\u00eda de los eventos espiritistas en S\u00e3o Paulo. Sus palabras ten\u00edan el m\u00e9rito de atraer a un numeroso p\u00fablico porque, adem\u00e1s de ser un conferenciante autorizado, ten\u00eda un estilo muy peculiar de pronunciar sus discursos, inici\u00e1ndolos con una breve historia, [&hellip;]","og_url":"https:\/\/nuevo-renacer.com\/it\/benedito-godoy-paiva\/","og_site_name":"Uni\u00f3n Esp\u00edrita","article_publisher":"https:\/\/www.facebook.com\/groups\/3431398063740829","article_modified_time":"2025-05-14T12:43:02+00:00","og_image":[{"width":285,"height":456,"url":"https:\/\/nuevo-renacer.com\/wp-content\/uploads\/2025\/05\/Benedito-Godoy-Paiva.jpg","type":"image\/jpeg"}],"twitter_card":"summary_large_image","twitter_misc":{"Tempo di lettura stimato":"7 minuti"},"schema":{"@context":"https:\/\/schema.org","@graph":[{"@type":"WebPage","@id":"https:\/\/nuevo-renacer.com\/benedito-godoy-paiva\/","url":"https:\/\/nuevo-renacer.com\/benedito-godoy-paiva\/","name":"Benedito Godoy Paiva - Uni\u00f3n Esp\u00edrita","isPartOf":{"@id":"https:\/\/nuevo-renacer.com\/#website"},"primaryImageOfPage":{"@id":"https:\/\/nuevo-renacer.com\/benedito-godoy-paiva\/#primaryimage"},"image":{"@id":"https:\/\/nuevo-renacer.com\/benedito-godoy-paiva\/#primaryimage"},"thumbnailUrl":"https:\/\/nuevo-renacer.com\/wp-content\/uploads\/2025\/05\/Benedito-Godoy-Paiva.jpg","datePublished":"2025-05-14T12:35:03+00:00","dateModified":"2025-05-14T12:43:02+00:00","breadcrumb":{"@id":"https:\/\/nuevo-renacer.com\/benedito-godoy-paiva\/#breadcrumb"},"inLanguage":"it-IT","potentialAction":[{"@type":"ReadAction","target":["https:\/\/nuevo-renacer.com\/benedito-godoy-paiva\/"]}]},{"@type":"ImageObject","inLanguage":"it-IT","@id":"https:\/\/nuevo-renacer.com\/benedito-godoy-paiva\/#primaryimage","url":"https:\/\/nuevo-renacer.com\/wp-content\/uploads\/2025\/05\/Benedito-Godoy-Paiva.jpg","contentUrl":"https:\/\/nuevo-renacer.com\/wp-content\/uploads\/2025\/05\/Benedito-Godoy-Paiva.jpg"},{"@type":"BreadcrumbList","@id":"https:\/\/nuevo-renacer.com\/benedito-godoy-paiva\/#breadcrumb","itemListElement":[{"@type":"ListItem","position":1,"name":"Startseite","item":"https:\/\/nuevo-renacer.com\/"},{"@type":"ListItem","position":2,"name":"Benedito Godoy Paiva"}]},{"@type":"WebSite","@id":"https:\/\/nuevo-renacer.com\/#website","url":"https:\/\/nuevo-renacer.com\/","name":"Uni\u00f3n Esp\u00edrita","description":"Nuevo Renacer","publisher":{"@id":"https:\/\/nuevo-renacer.com\/#organization"},"potentialAction":[{"@type":"SearchAction","target":{"@type":"EntryPoint","urlTemplate":"https:\/\/nuevo-renacer.com\/?s={search_term_string}"},"query-input":{"@type":"PropertyValueSpecification","valueRequired":true,"valueName":"search_term_string"}}],"inLanguage":"it-IT"},{"@type":"Organization","@id":"https:\/\/nuevo-renacer.com\/#organization","name":"UFEC","url":"https:\/\/nuevo-renacer.com\/","logo":{"@type":"ImageObject","inLanguage":"it-IT","@id":"https:\/\/nuevo-renacer.com\/#\/schema\/logo\/image\/","url":"https:\/\/nuevo-renacer.com\/wp-content\/uploads\/2024\/05\/cropped-LOGO-TERMINADO1-3-3.png","contentUrl":"https:\/\/nuevo-renacer.com\/wp-content\/uploads\/2024\/05\/cropped-LOGO-TERMINADO1-3-3.png","width":512,"height":512,"caption":"UFEC"},"image":{"@id":"https:\/\/nuevo-renacer.com\/#\/schema\/logo\/image\/"},"sameAs":["https:\/\/www.facebook.com\/groups\/3431398063740829"]}]}},"uagb_featured_image_src":{"full":false,"thumbnail":false,"medium":false,"medium_large":false,"large":false,"1536x1536":false,"2048x2048":false,"trp-custom-language-flag":false},"uagb_author_info":{"display_name":"adbv0","author_link":"https:\/\/nuevo-renacer.com\/it\/author\/adbv0\/"},"uagb_comment_info":0,"uagb_excerpt":"Benedito Godoy Paiva Durante m\u00e1s de veinticinco a\u00f1os, un orador fue invariablemente solicitado para la mayor\u00eda de los eventos espiritistas en S\u00e3o Paulo. Sus palabras ten\u00edan el m\u00e9rito de atraer a un numeroso p\u00fablico porque, adem\u00e1s de ser un conferenciante autorizado, ten\u00eda un estilo muy peculiar de pronunciar sus discursos, inici\u00e1ndolos con una breve historia,&hellip;","jetpack_sharing_enabled":true,"_links":{"self":[{"href":"https:\/\/nuevo-renacer.com\/it\/wp-json\/wp\/v2\/pages\/8091","targetHints":{"allow":["GET"]}}],"collection":[{"href":"https:\/\/nuevo-renacer.com\/it\/wp-json\/wp\/v2\/pages"}],"about":[{"href":"https:\/\/nuevo-renacer.com\/it\/wp-json\/wp\/v2\/types\/page"}],"author":[{"embeddable":true,"href":"https:\/\/nuevo-renacer.com\/it\/wp-json\/wp\/v2\/users\/1"}],"replies":[{"embeddable":true,"href":"https:\/\/nuevo-renacer.com\/it\/wp-json\/wp\/v2\/comments?post=8091"}],"version-history":[{"count":3,"href":"https:\/\/nuevo-renacer.com\/it\/wp-json\/wp\/v2\/pages\/8091\/revisions"}],"predecessor-version":[{"id":8097,"href":"https:\/\/nuevo-renacer.com\/it\/wp-json\/wp\/v2\/pages\/8091\/revisions\/8097"}],"wp:attachment":[{"href":"https:\/\/nuevo-renacer.com\/it\/wp-json\/wp\/v2\/media?parent=8091"}],"curies":[{"name":"wp","href":"https:\/\/api.w.org\/{rel}","templated":true}]}}