{"id":7962,"date":"2025-04-15T11:51:12","date_gmt":"2025-04-15T11:51:12","guid":{"rendered":"https:\/\/nuevo-renacer.com\/?page_id=7962"},"modified":"2025-04-15T12:16:22","modified_gmt":"2025-04-15T12:16:22","slug":"adelaide-camara","status":"publish","type":"page","link":"https:\/\/nuevo-renacer.com\/it\/adelaide-camara\/","title":{"rendered":"Adelaide C\u00e2mara"},"content":{"rendered":"<div class=\"wp-block-uagb-container uagb-block-af8042d8 alignfull uagb-is-root-container\"><div class=\"uagb-container-inner-blocks-wrap\">\n<p class=\"has-black-color has-text-color has-link-color has-medium-font-size wp-elements-ab7da6da30ffcc4e8caae9699332c9c8\"><strong>Adelaide C\u00e2mara<\/strong><\/p>\n<\/div><\/div>\n\n\n\n<div class=\"wp-block-uagb-container uagb-block-011114a1 alignfull uagb-is-root-container\"><div class=\"uagb-container-inner-blocks-wrap\">\n<figure class=\"wp-block-image size-full is-resized\"><img fetchpriority=\"high\" decoding=\"async\" width=\"201\" height=\"250\" src=\"https:\/\/nuevo-renacer.com\/wp-content\/uploads\/2025\/04\/adelaide.jpg\" alt=\"\" class=\"wp-image-7963\" style=\"width:235px;height:auto\" srcset=\"https:\/\/nuevo-renacer.com\/wp-content\/uploads\/2025\/04\/adelaide.jpg 201w, https:\/\/nuevo-renacer.com\/wp-content\/uploads\/2025\/04\/adelaide-10x12.jpg 10w\" sizes=\"(max-width: 201px) 100vw, 201px\" \/><\/figure>\n<\/div><\/div>\n\n\n\n<div class=\"wp-block-uagb-container uagb-block-5e0ec883 alignfull uagb-is-root-container\"><div class=\"uagb-container-inner-blocks-wrap\">\n<p class=\"has-black-color has-text-color has-link-color has-small-font-size wp-elements-88029af7cc9755e81e26b4976d09f0b9\">Adelaide Augusta C\u00e2mara \u00e8 stata una delle figure femminili pi\u00f9 devoti di Spiritismo in Brasile, pi\u00f9 conosciuto con il suo pseudonimo Aura Celeste. Incarnata nella citt\u00e0 di Natal, stato di Rio Grande do Norte, il 11 gennaio 1874, e desencarn\u00f3 nella citt\u00e0 di Rio de Janeiro il 24 ottobre 1944. Aura Celeste \u00e8 venuto a l&#039;ex Capitale Federale, nel gennaio del 1896, con l&#039;aiuto di alcuni militanti di protestanti, di cui la religione a cui apparteneva, che gli ha dato la possibilit\u00e0 di insegnare presso la scuola di Ram Williams, che ha fatto con grande maestria per qualche tempo, fino a quando ha organizzato una scuola primaria nella sua casa, dove molti uomini illustri del contesto politico e sociale brasiliano imparato con le prime lettere.<\/p>\n\n\n\n<p class=\"has-black-color has-text-color has-link-color has-small-font-size wp-elements-d201aa96c48ec50a88ce2f286c10028d\">E &#039; stato in quel periodo della sua vita, nel 1898, ha iniziato a sentire le prime manifestazioni dei loro poteri medi\u00famnicas. A quel tempo, il grande Bezerra de Menezes \u00e8 stato all&#039;avanguardia della Federazione Spiritica Brasiliana, vestita con l&#039;alone di prestigio e di rispetto per i credenti e i non credenti ha dato lui, e lo Spiritualismo \u00e8 stato l&#039;argomento di tutte le conversazioni, non solo attraverso i fenomeni medi\u00famnicos e cure, ma anche mediante il verbale di propaganda, libri e giornali.<\/p>\n\n\n\n<p class=\"has-black-color has-text-color has-link-color has-small-font-size wp-elements-8e875dce84c8f9ae096b1b195dd90698\">Sotto la sapiente guida di Bezerra de Menezes, ha iniziato la sua straordinaria carriera di un mezzo come psic\u00f3grafa nel Centro Spiritico Ismaele. Il grande apostolo dello Spiritualismo del brasile, con la sua ben nota la chiaroveggenza, una volta previsto che Adelaide C\u00e2mara, con i suoi prodigiosi poteri, stupito, un giorno, a credenti e non credenti. E la profezia di Bezerra \u00e8 presto soddisfatta, presto Adelaide C\u00e2mara, come mezzo di udienza, ha iniziato a lavorare nella diffusione della Dottrina, dando lezioni e la prescrizione con una tale accuratezza e la precisione che il suo nome era diffuso in tutto il paese.<\/p>\n\n\n\n<p class=\"has-black-color has-text-color has-link-color has-small-font-size wp-elements-5c9551b6b5c0087f98cfc3675bb03b04\">Quando l&#039;indimenticabile maestro, il Dottor Bezerra de Menezes, scomparso nel 1900, Adelaide C\u00e2mara avvicinato il grande pioniere che era In\u00e1cio Bittencourt e, nelle sedute del Cerchio Spiritico &#034;Caritas&#034;, ha continuato a fornire servizi eccellenti come mezzo e come propagandista del primo ordine. Quando era sposata, nel 1906, le faccende domestiche e l&#039;educazione dei loro figli, costretti, poi, a partire dalla propaganda Centri attivi, ma non \u00e8 rimasto inattivo. Nel suo tempo libero, cospir\u00f2 con la guida dello spirito santo e fu in grado di ricevere e produrre bellissime pagine, che sono stati pubblicati in &#034;Oltre&#034;, il 21 fascicoli, e nel libro &#034;Rugiada del Cielo&#034;.<\/p>\n\n\n\n<p class=\"has-black-color has-text-color has-link-color has-small-font-size wp-elements-cc983d420d2d970fa4010fd9b05bf230\">E &#039; stato l\u00ec che ha adottato lo pseudonimo di AURA CELESTE, un nome con cui \u00e8 diventato noto in tutto il Brasile. Nel 1920, \u00e8 tornato per la tribuna e il lavoro di un mezzo con il vigore e l&#039;entusiasmo che il suo corpo fragile sofferto un po&#039;, ma non ha mai mancato di adempiere i loro doveri. Dr. Joaquim Murtinho era il medico spirituale che, attraverso di esso, ha iniziato a lavorare sulla guarigione dei malati e dei bisognosi, la diagnosi e risanando tutti coloro che stavano per bussare alla tua porta, lo sviluppo spontaneo delle varie facolt\u00e0, medi\u00famnicas durante questo periodo. Oltre alla medianit\u00e0 di incorporazione, l&#039;udito, la chiaroveggenza, tratti psicografici, di guarigione, di intuizione, di Adelaide C\u00e2mara possedeva anche la straordinaria facolt\u00e0 di bilocazione. Eseguite numerose guarigioni in diverse parti del Brasile, per essere trasportato a loro in una &#034;divisione fluida&#034;, essendo visibile nel vostro corpo periespiritual, come \u00e8 successo a Juiz de Fora e Corumb\u00e1 (controllato) per i pazienti sotto la loro cura, visto che li &#034;passa&#034;.<\/p>\n\n\n\n<p class=\"has-black-color has-text-color has-link-color has-small-font-size wp-elements-f20970b27d060c7bb77489582e06f88a\">Poeta, docente, narratore e educatore, soprattutto, ha lasciato grandi opere letterarie-dottrinale, in prosa e in versi, firm\u00e1ndolas di solito con il suo pseudonimo. Cos\u00ec ha rilasciato &#034;Voci dell&#039;Anima&#034;, e versi; &#034;Sentimentale&#034; versi; &#034;Aspetti dell&#039;Anima&#034; storie; &#034;Parole Esp\u00edritas&#034;, il convegno &#034;Verso la Verit\u00e0&#034; e &#034;la Luce dall&#039;alto&#034;. Ha pubblicato anche molte poesie e articoli in riviste e quotidiani esp\u00edritas. Il grande giornalista e scrittore Leal de Souza, di cui all&#039;Adelaide C\u00e2mara, come &#034;la grande Musa moderna, la Musa spiritualista&#034;. Nel 1924, si dedica ad aiutare i bambini orfani e gli anziani poveri. Concentrato tutti i loro sforzi per portare questo antico desiderio della tua anima. Tuttavia, poco si \u00e8 potuto fare in quasi tre anni di guerra. Poi c&#039;era un fratello, Jo\u00e3o Carlos de Carvalho, \u00e8 stata la raccolta di donazioni e fondi per la fondazione di un istituto di tal natura, e un giorno lei gli consegn\u00f2 l&#039;elenco delle donazioni di Adelaide C\u00e2mara trovare nuove palle per tale scopo umanitario.<\/p>\n\n\n\n<p class=\"has-black-color has-text-color has-link-color has-small-font-size wp-elements-945f991b484bf9c445e77da84e11088c\">Pochi giorni dopo, Jo\u00e3o Carvalho \u00e8 morto e lei ha preso possesso della lista e il denaro raccolto. Pochi mesi dopo, il Signor Lopes, proprietario della Casa Lopes, che aveva studiato la Dottrina, hanno mostrato interesse per l&#039;organizzazione di un&#039;istituzione per aiutare gli orfani e Adelaide detto che lui aveva un elenco di donazioni per questo scopo. L&#039;idea \u00e8 stata accolta con entusiasmo e presto si \u00e8 materializzato. In affitto una casa nel quartiere di Botafogo e l&#039;Asilo Spiritica &#034;Jo\u00e3o Evangelista&#034; \u00e8 stato installato il 13 marzo 1927, con Adelaide, come il primo direttore. Questa apertura festiva contato con la presenza del Dr. Guillon Ribeiro, 2 \u00b0 poi segretario della Federazione Spiritica Brasiliana e il suo rappresentante alla cerimonia di premiazione. In breve, Adelaide C\u00e2mara espresso la gioia della sua anima, sostenendo che era stato l&#039;ideale di tutta l&#039;esistenza: &#034;per essere una madre degli orfani, una grazia del cielo, che non cambia per tutto l&#039;oro e la grandezza del mondo&#034;.<\/p>\n\n\n\n<p class=\"has-black-color has-text-color has-link-color has-small-font-size wp-elements-3c83653bce354e83cca2878956bd5ddd\">Da allora, ha dedicato tutto il suo tempo a questa grande opera di carit\u00e0, dando a lui la luce della sua conoscenza e la sua benignit\u00e0 fino al giorno in cui ha consegnato con calma la sua anima a Dio. Con estrema dedizione, Aura Celeste lavorato in una variet\u00e0 di societ\u00e0 spiritista di carit\u00e0 della citt\u00e0 di Rio de Janeiro, dando loro tutto il meglio delle loro energie e intelligenza. Nell&#039;Asilo Spiritica &#034;Jo\u00e3o Evangelista&#034;, tuttavia, ha giocato la sua pi\u00f9 grande compito, non solo competenti, educatore, ma anche come un esperto supervisore di innumerevoli giovani che hanno ricevuto, e ancora lo fanno, istruzione, intellettuale e morale. La vita e l&#039;opera di Adelaide C\u00e2mara erano una scala di luce, un&#039;affermazione di fede e di umilt\u00e0, e una testimonianza perenne di amore. E &#039; stato il grande educatore, che ha insegnato l&#039;allievo e l&#039;educazione di insegnamento, per esempio. Medio senza vanit\u00e0, sincero e onesto al massimo, ha praticato la medianit\u00e0 come un vero sacerdozio. Dotato di una forte cultura, si sarebbe fatto un nome nel mondo delle lettere, se voleva.<\/p>\n\n\n\n<p class=\"has-black-color has-text-color has-link-color has-small-font-size wp-elements-8c2346145100aecd76fdc709780d562c\">Poeta di vaste risorse, lei \u00e8 convincente e naturale, signora di stile vigoroso e fantasia scintillante, ha dato tutto e ha fatto tutto da solo con le risorse possedute, il buon nome e l&#039;edificazione della Dottrina Spiritica. L&#039;Asilo Spiritica &#034;san Giovanni Evangelista&#034;, a Rio de Janeiro, \u00e8 ancora l\u00ec, con sede propria, che attesta il lavoro e la dedizione per la causa del bene che la nobile donna di nome Adelaide Augusta C\u00e2mara.<\/p>\n<\/div><\/div>\n\n\n\n<div class=\"wp-block-uagb-container uagb-block-ed7b1b96 alignfull uagb-is-root-container\"><div class=\"uagb-container-inner-blocks-wrap\"><\/div><\/div>\n\n\n\n<div class=\"wp-block-uagb-container uagb-block-d66a4cda alignfull uagb-is-root-container\"><div class=\"uagb-container-inner-blocks-wrap\">\n<p class=\"has-black-color has-text-color has-link-color has-small-font-size wp-elements-99bc80741efa41f3bbcfa01a724f0933\"><strong>Sito del Asilo Spiritica &#034;Jo\u00e3o Evangelista&#034;:<\/strong> <\/p>\n\n\n\n<p class=\"has-ast-global-color-0-color has-text-color has-link-color has-small-font-size wp-elements-dbd2fab2d9b02ab01bd3279667b29edf\"><a href=\"https:\/\/asylojoaoevangelis.wixsite.com\/aeje\">https:\/\/asylojoaoevangelis.wixsite.com\/aeje<\/a><\/p>\n<\/div><\/div>\n\n\n\n<div class=\"wp-block-uagb-container uagb-block-f95421f0 alignfull uagb-is-root-container\"><div class=\"uagb-container-inner-blocks-wrap\"><\/div><\/div>\n\n\n\n<div class=\"wp-block-uagb-container uagb-block-8c5ec6d0 alignfull uagb-is-root-container\"><div class=\"uagb-container-inner-blocks-wrap\"><\/div><\/div>","protected":false},"excerpt":{"rendered":"<p>Adelaide C\u00e2mara Adelaide Augusta C\u00e2mara fue una de las figuras femeninas m\u00e1s devotas del Espiritismo en Brasil, muy conocida por su seud\u00f3nimo Aura Celeste. Encarn\u00f3 en la ciudad de Natal, en el estado de Rio Grande do Norte, el 11 de enero de 1874, y desencarn\u00f3 en la ciudad de Rio de Janeiro el 24 [&hellip;]<\/p>","protected":false},"author":1,"featured_media":0,"parent":0,"menu_order":0,"comment_status":"closed","ping_status":"closed","template":"","meta":{"_uag_custom_page_level_css":"","site-sidebar-layout":"default","site-content-layout":"","ast-site-content-layout":"default","site-content-style":"default","site-sidebar-style":"default","ast-global-header-display":"","ast-banner-title-visibility":"","ast-main-header-display":"","ast-hfb-above-header-display":"","ast-hfb-below-header-display":"","ast-hfb-mobile-header-display":"","site-post-title":"disabled","ast-breadcrumbs-content":"","ast-featured-img":"","footer-sml-layout":"","theme-transparent-header-meta":"","adv-header-id-meta":"","stick-header-meta":"","header-above-stick-meta":"","header-main-stick-meta":"","header-below-stick-meta":"","astra-migrate-meta-layouts":"set","ast-page-background-enabled":"default","ast-page-background-meta":{"desktop":{"background-color":"var(--ast-global-color-4)","background-image":"","background-repeat":"repeat","background-position":"center center","background-size":"auto","background-attachment":"scroll","background-type":"","background-media":"","overlay-type":"","overlay-color":"","overlay-opacity":"","overlay-gradient":""},"tablet":{"background-color":"","background-image":"","background-repeat":"repeat","background-position":"center center","background-size":"auto","background-attachment":"scroll","background-type":"","background-media":"","overlay-type":"","overlay-color":"","overlay-opacity":"","overlay-gradient":""},"mobile":{"background-color":"","background-image":"","background-repeat":"repeat","background-position":"center center","background-size":"auto","background-attachment":"scroll","background-type":"","background-media":"","overlay-type":"","overlay-color":"","overlay-opacity":"","overlay-gradient":""}},"ast-content-background-meta":{"desktop":{"background-color":"var(--ast-global-color-5)","background-image":"","background-repeat":"repeat","background-position":"center center","background-size":"auto","background-attachment":"scroll","background-type":"","background-media":"","overlay-type":"","overlay-color":"","overlay-opacity":"","overlay-gradient":""},"tablet":{"background-color":"var(--ast-global-color-5)","background-image":"","background-repeat":"repeat","background-position":"center center","background-size":"auto","background-attachment":"scroll","background-type":"","background-media":"","overlay-type":"","overlay-color":"","overlay-opacity":"","overlay-gradient":""},"mobile":{"background-color":"var(--ast-global-color-5)","background-image":"","background-repeat":"repeat","background-position":"center center","background-size":"auto","background-attachment":"scroll","background-type":"","background-media":"","overlay-type":"","overlay-color":"","overlay-opacity":"","overlay-gradient":""}},"footnotes":""},"class_list":["post-7962","page","type-page","status-publish","hentry"],"yoast_head":"<!-- This site is optimized with the Yoast SEO Premium plugin v24.2 (Yoast SEO v24.6) - https:\/\/yoast.com\/wordpress\/plugins\/seo\/ -->\n<title>Adelaide C\u00e2mara - Uni\u00f3n Esp\u00edrita<\/title>\n<meta name=\"robots\" content=\"index, follow, max-snippet:-1, max-image-preview:large, max-video-preview:-1\" \/>\n<link rel=\"canonical\" href=\"https:\/\/nuevo-renacer.com\/it\/adelaide-camara\/\" \/>\n<meta property=\"og:locale\" content=\"it_IT\" \/>\n<meta property=\"og:type\" content=\"article\" \/>\n<meta property=\"og:title\" content=\"Adelaide C\u00e2mara\" \/>\n<meta property=\"og:description\" content=\"Adelaide C\u00e2mara Adelaide Augusta C\u00e2mara fue una de las figuras femeninas m\u00e1s devotas del Espiritismo en Brasil, muy conocida por su seud\u00f3nimo Aura Celeste. Encarn\u00f3 en la ciudad de Natal, en el estado de Rio Grande do Norte, el 11 de enero de 1874, y desencarn\u00f3 en la ciudad de Rio de Janeiro el 24 [&hellip;]\" \/>\n<meta property=\"og:url\" content=\"https:\/\/nuevo-renacer.com\/it\/adelaide-camara\/\" \/>\n<meta property=\"og:site_name\" content=\"Uni\u00f3n Esp\u00edrita\" \/>\n<meta property=\"article:publisher\" content=\"https:\/\/www.facebook.com\/groups\/3431398063740829\" \/>\n<meta property=\"article:modified_time\" content=\"2025-04-15T12:16:22+00:00\" \/>\n<meta property=\"og:image\" content=\"https:\/\/nuevo-renacer.com\/wp-content\/uploads\/2025\/04\/adelaide.jpg\" \/>\n\t<meta property=\"og:image:width\" content=\"201\" \/>\n\t<meta property=\"og:image:height\" content=\"250\" \/>\n\t<meta property=\"og:image:type\" content=\"image\/jpeg\" \/>\n<meta name=\"twitter:card\" content=\"summary_large_image\" \/>\n<meta name=\"twitter:label1\" content=\"Tempo di lettura stimato\" \/>\n\t<meta name=\"twitter:data1\" content=\"7 minuti\" \/>\n<script type=\"application\/ld+json\" class=\"yoast-schema-graph\">{\"@context\":\"https:\/\/schema.org\",\"@graph\":[{\"@type\":\"WebPage\",\"@id\":\"https:\/\/nuevo-renacer.com\/adelaide-camara\/\",\"url\":\"https:\/\/nuevo-renacer.com\/adelaide-camara\/\",\"name\":\"Adelaide C\u00e2mara - Uni\u00f3n Esp\u00edrita\",\"isPartOf\":{\"@id\":\"https:\/\/nuevo-renacer.com\/#website\"},\"primaryImageOfPage\":{\"@id\":\"https:\/\/nuevo-renacer.com\/adelaide-camara\/#primaryimage\"},\"image\":{\"@id\":\"https:\/\/nuevo-renacer.com\/adelaide-camara\/#primaryimage\"},\"thumbnailUrl\":\"https:\/\/nuevo-renacer.com\/wp-content\/uploads\/2025\/04\/adelaide.jpg\",\"datePublished\":\"2025-04-15T11:51:12+00:00\",\"dateModified\":\"2025-04-15T12:16:22+00:00\",\"breadcrumb\":{\"@id\":\"https:\/\/nuevo-renacer.com\/adelaide-camara\/#breadcrumb\"},\"inLanguage\":\"it-IT\",\"potentialAction\":[{\"@type\":\"ReadAction\",\"target\":[\"https:\/\/nuevo-renacer.com\/adelaide-camara\/\"]}]},{\"@type\":\"ImageObject\",\"inLanguage\":\"it-IT\",\"@id\":\"https:\/\/nuevo-renacer.com\/adelaide-camara\/#primaryimage\",\"url\":\"https:\/\/nuevo-renacer.com\/wp-content\/uploads\/2025\/04\/adelaide.jpg\",\"contentUrl\":\"https:\/\/nuevo-renacer.com\/wp-content\/uploads\/2025\/04\/adelaide.jpg\"},{\"@type\":\"BreadcrumbList\",\"@id\":\"https:\/\/nuevo-renacer.com\/adelaide-camara\/#breadcrumb\",\"itemListElement\":[{\"@type\":\"ListItem\",\"position\":1,\"name\":\"Startseite\",\"item\":\"https:\/\/nuevo-renacer.com\/\"},{\"@type\":\"ListItem\",\"position\":2,\"name\":\"Adelaide C\u00e2mara\"}]},{\"@type\":\"WebSite\",\"@id\":\"https:\/\/nuevo-renacer.com\/#website\",\"url\":\"https:\/\/nuevo-renacer.com\/\",\"name\":\"Uni\u00f3n Esp\u00edrita\",\"description\":\"Nuevo Renacer\",\"publisher\":{\"@id\":\"https:\/\/nuevo-renacer.com\/#organization\"},\"potentialAction\":[{\"@type\":\"SearchAction\",\"target\":{\"@type\":\"EntryPoint\",\"urlTemplate\":\"https:\/\/nuevo-renacer.com\/?s={search_term_string}\"},\"query-input\":{\"@type\":\"PropertyValueSpecification\",\"valueRequired\":true,\"valueName\":\"search_term_string\"}}],\"inLanguage\":\"it-IT\"},{\"@type\":\"Organization\",\"@id\":\"https:\/\/nuevo-renacer.com\/#organization\",\"name\":\"UFEC\",\"url\":\"https:\/\/nuevo-renacer.com\/\",\"logo\":{\"@type\":\"ImageObject\",\"inLanguage\":\"it-IT\",\"@id\":\"https:\/\/nuevo-renacer.com\/#\/schema\/logo\/image\/\",\"url\":\"https:\/\/nuevo-renacer.com\/wp-content\/uploads\/2024\/05\/cropped-LOGO-TERMINADO1-3-3.png\",\"contentUrl\":\"https:\/\/nuevo-renacer.com\/wp-content\/uploads\/2024\/05\/cropped-LOGO-TERMINADO1-3-3.png\",\"width\":512,\"height\":512,\"caption\":\"UFEC\"},\"image\":{\"@id\":\"https:\/\/nuevo-renacer.com\/#\/schema\/logo\/image\/\"},\"sameAs\":[\"https:\/\/www.facebook.com\/groups\/3431398063740829\"]}]}<\/script>\n<!-- \/ Yoast SEO Premium plugin. -->","yoast_head_json":{"title":"Adelaide C\u00e2mara - Uni\u00f3n Esp\u00edrita","robots":{"index":"index","follow":"follow","max-snippet":"max-snippet:-1","max-image-preview":"max-image-preview:large","max-video-preview":"max-video-preview:-1"},"canonical":"https:\/\/nuevo-renacer.com\/it\/adelaide-camara\/","og_locale":"it_IT","og_type":"article","og_title":"Adelaide C\u00e2mara","og_description":"Adelaide C\u00e2mara Adelaide Augusta C\u00e2mara fue una de las figuras femeninas m\u00e1s devotas del Espiritismo en Brasil, muy conocida por su seud\u00f3nimo Aura Celeste. Encarn\u00f3 en la ciudad de Natal, en el estado de Rio Grande do Norte, el 11 de enero de 1874, y desencarn\u00f3 en la ciudad de Rio de Janeiro el 24 [&hellip;]","og_url":"https:\/\/nuevo-renacer.com\/it\/adelaide-camara\/","og_site_name":"Uni\u00f3n Esp\u00edrita","article_publisher":"https:\/\/www.facebook.com\/groups\/3431398063740829","article_modified_time":"2025-04-15T12:16:22+00:00","og_image":[{"width":201,"height":250,"url":"https:\/\/nuevo-renacer.com\/wp-content\/uploads\/2025\/04\/adelaide.jpg","type":"image\/jpeg"}],"twitter_card":"summary_large_image","twitter_misc":{"Tempo di lettura stimato":"7 minuti"},"schema":{"@context":"https:\/\/schema.org","@graph":[{"@type":"WebPage","@id":"https:\/\/nuevo-renacer.com\/adelaide-camara\/","url":"https:\/\/nuevo-renacer.com\/adelaide-camara\/","name":"Adelaide C\u00e2mara - Uni\u00f3n Esp\u00edrita","isPartOf":{"@id":"https:\/\/nuevo-renacer.com\/#website"},"primaryImageOfPage":{"@id":"https:\/\/nuevo-renacer.com\/adelaide-camara\/#primaryimage"},"image":{"@id":"https:\/\/nuevo-renacer.com\/adelaide-camara\/#primaryimage"},"thumbnailUrl":"https:\/\/nuevo-renacer.com\/wp-content\/uploads\/2025\/04\/adelaide.jpg","datePublished":"2025-04-15T11:51:12+00:00","dateModified":"2025-04-15T12:16:22+00:00","breadcrumb":{"@id":"https:\/\/nuevo-renacer.com\/adelaide-camara\/#breadcrumb"},"inLanguage":"it-IT","potentialAction":[{"@type":"ReadAction","target":["https:\/\/nuevo-renacer.com\/adelaide-camara\/"]}]},{"@type":"ImageObject","inLanguage":"it-IT","@id":"https:\/\/nuevo-renacer.com\/adelaide-camara\/#primaryimage","url":"https:\/\/nuevo-renacer.com\/wp-content\/uploads\/2025\/04\/adelaide.jpg","contentUrl":"https:\/\/nuevo-renacer.com\/wp-content\/uploads\/2025\/04\/adelaide.jpg"},{"@type":"BreadcrumbList","@id":"https:\/\/nuevo-renacer.com\/adelaide-camara\/#breadcrumb","itemListElement":[{"@type":"ListItem","position":1,"name":"Startseite","item":"https:\/\/nuevo-renacer.com\/"},{"@type":"ListItem","position":2,"name":"Adelaide C\u00e2mara"}]},{"@type":"WebSite","@id":"https:\/\/nuevo-renacer.com\/#website","url":"https:\/\/nuevo-renacer.com\/","name":"Uni\u00f3n Esp\u00edrita","description":"Nuevo Renacer","publisher":{"@id":"https:\/\/nuevo-renacer.com\/#organization"},"potentialAction":[{"@type":"SearchAction","target":{"@type":"EntryPoint","urlTemplate":"https:\/\/nuevo-renacer.com\/?s={search_term_string}"},"query-input":{"@type":"PropertyValueSpecification","valueRequired":true,"valueName":"search_term_string"}}],"inLanguage":"it-IT"},{"@type":"Organization","@id":"https:\/\/nuevo-renacer.com\/#organization","name":"UFEC","url":"https:\/\/nuevo-renacer.com\/","logo":{"@type":"ImageObject","inLanguage":"it-IT","@id":"https:\/\/nuevo-renacer.com\/#\/schema\/logo\/image\/","url":"https:\/\/nuevo-renacer.com\/wp-content\/uploads\/2024\/05\/cropped-LOGO-TERMINADO1-3-3.png","contentUrl":"https:\/\/nuevo-renacer.com\/wp-content\/uploads\/2024\/05\/cropped-LOGO-TERMINADO1-3-3.png","width":512,"height":512,"caption":"UFEC"},"image":{"@id":"https:\/\/nuevo-renacer.com\/#\/schema\/logo\/image\/"},"sameAs":["https:\/\/www.facebook.com\/groups\/3431398063740829"]}]}},"uagb_featured_image_src":{"full":false,"thumbnail":false,"medium":false,"medium_large":false,"large":false,"1536x1536":false,"2048x2048":false,"trp-custom-language-flag":false},"uagb_author_info":{"display_name":"adbv0","author_link":"https:\/\/nuevo-renacer.com\/it\/author\/adbv0\/"},"uagb_comment_info":0,"uagb_excerpt":"Adelaide C\u00e2mara Adelaide Augusta C\u00e2mara fue una de las figuras femeninas m\u00e1s devotas del Espiritismo en Brasil, muy conocida por su seud\u00f3nimo Aura Celeste. Encarn\u00f3 en la ciudad de Natal, en el estado de Rio Grande do Norte, el 11 de enero de 1874, y desencarn\u00f3 en la ciudad de Rio de Janeiro el 24&hellip;","jetpack_sharing_enabled":true,"_links":{"self":[{"href":"https:\/\/nuevo-renacer.com\/it\/wp-json\/wp\/v2\/pages\/7962","targetHints":{"allow":["GET"]}}],"collection":[{"href":"https:\/\/nuevo-renacer.com\/it\/wp-json\/wp\/v2\/pages"}],"about":[{"href":"https:\/\/nuevo-renacer.com\/it\/wp-json\/wp\/v2\/types\/page"}],"author":[{"embeddable":true,"href":"https:\/\/nuevo-renacer.com\/it\/wp-json\/wp\/v2\/users\/1"}],"replies":[{"embeddable":true,"href":"https:\/\/nuevo-renacer.com\/it\/wp-json\/wp\/v2\/comments?post=7962"}],"version-history":[{"count":3,"href":"https:\/\/nuevo-renacer.com\/it\/wp-json\/wp\/v2\/pages\/7962\/revisions"}],"predecessor-version":[{"id":7967,"href":"https:\/\/nuevo-renacer.com\/it\/wp-json\/wp\/v2\/pages\/7962\/revisions\/7967"}],"wp:attachment":[{"href":"https:\/\/nuevo-renacer.com\/it\/wp-json\/wp\/v2\/media?parent=7962"}],"curies":[{"name":"wp","href":"https:\/\/api.w.org\/{rel}","templated":true}]}}