{"id":6952,"date":"2025-02-05T07:56:27","date_gmt":"2025-02-05T07:56:27","guid":{"rendered":"https:\/\/nuevo-renacer.com\/?page_id=6952"},"modified":"2025-02-05T08:39:20","modified_gmt":"2025-02-05T08:39:20","slug":"zilda-gama","status":"publish","type":"page","link":"https:\/\/nuevo-renacer.com\/it\/zilda-gama\/","title":{"rendered":"Zilda Gama"},"content":{"rendered":"<div class=\"wp-block-uagb-container uagb-block-f78d3579 alignfull uagb-is-root-container\"><div class=\"uagb-container-inner-blocks-wrap\">\n<p class=\"has-black-color has-text-color has-link-color has-medium-font-size wp-elements-0ffb67fe2a700e6618f533157cf29faf\"><strong>Zilda Gama<\/strong><\/p>\n<\/div><\/div>\n\n\n\n<div class=\"wp-block-uagb-container uagb-block-e00aceda alignfull uagb-is-root-container\"><div class=\"uagb-container-inner-blocks-wrap\">\n<figure class=\"wp-block-image size-full is-resized\"><img decoding=\"async\" width=\"190\" height=\"240\" src=\"https:\/\/nuevo-renacer.com\/wp-content\/uploads\/2025\/02\/unnamed-1.jpg\" alt=\"\" class=\"wp-image-6957\" style=\"width:219px;height:auto\" srcset=\"https:\/\/nuevo-renacer.com\/wp-content\/uploads\/2025\/02\/unnamed-1.jpg 190w, https:\/\/nuevo-renacer.com\/wp-content\/uploads\/2025\/02\/unnamed-1-10x12.jpg 10w\" sizes=\"(max-width: 190px) 100vw, 190px\" \/><\/figure>\n<\/div><\/div>\n\n\n\n<div class=\"wp-block-uagb-container uagb-block-96591849 alignfull uagb-is-root-container\"><div class=\"uagb-container-inner-blocks-wrap\">\n<p class=\"has-black-color has-text-color has-link-color has-small-font-size wp-elements-ef1e5e1bb9e607b3e8115e9028af6dde\">Zilda Gama fue una de las m\u00e9diums m\u00e1s c\u00e9lebres de Brasil. Naci\u00f3 el 11 de marzo de 1878, en Tr\u00eas Ilhas, Juiz de Fora y muri\u00f3 el 10 de enero de 1969, en R\u00edo de Janeiro.<\/p>\n\n\n\n<p class=\"has-black-color has-text-color has-link-color has-small-font-size wp-elements-19950b444045a7d2b2a058811d7f860b\">Zilda Gama vivi\u00f3 casi 91 a\u00f1os, convirti\u00e9ndose en paradigma para todos aquellos que ven en la mediumnidad un leg\u00edtimo y aut\u00e9ntico sacerdocio.<\/p>\n\n\n\n<p class=\"has-black-color has-text-color has-link-color has-small-font-size wp-elements-07028f06b128169aa52137ee0234db69\">Sin duda, los grandes m\u00e9diums que han servido de puente entre el mundo material y el espiritual, en la meritoria labor de desvelar nuevos horizontes para la atribulada humanidad terrena, han sido misioneros, y hasta puede decirse que en la constelaci\u00f3n de m\u00e9diums que han brillado en la Tierra, proporcionando a las personas nuevos conocimientos y preparando el terreno para la implantaci\u00f3n de la verdad, Zilda Gama brill\u00f3 con luz propia, lo que le otorg\u00f3 uno de los puestos m\u00e1s destacados.<\/p>\n\n\n\n<p class=\"has-black-color has-text-color has-link-color has-small-font-size wp-elements-7b18050ac92f68c0fde57f805a273aa5\">A la temprana edad de 24 a\u00f1os, qued\u00f3 hu\u00e9rfana de padres y tuvo que asumir la direcci\u00f3n del hogar, cuidando de cinco hermanos menores y, m\u00e1s tarde, de otros cinco sobrinos hu\u00e9rfanos.<\/p>\n\n\n\n<p class=\"has-black-color has-text-color has-link-color has-small-font-size wp-elements-f2fdf02cdabc2d307760e3150b35a226\">Fue profesora y directora de escuela, y fue galardonada en concursos organizados por el Departamento de Educaci\u00f3n de Minas Gerais.<\/p>\n\n\n\n<p class=\"has-black-color has-text-color has-link-color has-small-font-size wp-elements-68e28da88007ffe3b1eb77c6c73541cf\">En 1931, cuando hab\u00eda un intenso movimiento a favor de los derechos de la mujer en Brasil, Zilda Gama fue la autora de la tesis sobre el sufragio femenino en el Congreso. La tesis fue aprobada oficialmente.<\/p>\n\n\n\n<p class=\"has-black-color has-text-color has-link-color has-small-font-size wp-elements-da0e7ea932b783c2049bc3591a0112dd\">Escribi\u00f3 cuentos y poes\u00edas para varios peri\u00f3dicos, entre ellos el \u00abJornal do Brasil\u00bb, la \u00abGazeta de Not\u00edcias\u00bb y la \u00abRevista da Semana\u00bb, todos de la antigua capital federal.<\/p>\n\n\n\n<p class=\"has-black-color has-text-color has-link-color has-small-font-size wp-elements-13314deb9b6c837f9d71d5c73637626e\">Desde muy joven, Zilda Gama empez\u00f3 a percibir la presencia de esp\u00edritus. Recib\u00eda mensajes medi\u00famnicos de su padre y de su hermana desencarnados, que la aconsejaban y consolaban en los momentos dif\u00edciles que atravesaba.<\/p>\n\n\n\n<p class=\"has-black-color has-text-color has-link-color has-small-font-size wp-elements-8782cdb5dbb5c35819140b93bb70b734\">En 1912, recibi\u00f3 un interesante mensaje firmado por Allan Kardec. Despu\u00e9s de esta manifestaci\u00f3n, el Codificador le dio otras ense\u00f1anzas, que fueron impresas en el libro \u00abDiario del Invisible\u00bb, publicado en 1929.<\/p>\n\n\n\n<p class=\"has-black-color has-text-color has-link-color has-small-font-size wp-elements-0633250c5fb8ce2f5457cf69a284972e\">En 1916, sus benefactores le informaron que escribir\u00eda una novela, hecho que la dej\u00f3 bastante perpleja. El Esp\u00edritu Victor Hugo comenz\u00f3 entonces a escribir a trav\u00e9s de ella. En poco tiempo, la primera obra, \u00abA la luz y a la sombra\u00bb, estaba terminada. M\u00e1s tarde, bajo la tutela del mismo Esp\u00edritu, vinieron los libros \u00abDel Calvario al Infinito\u00bb, \u00abRedenci\u00f3n\u00bb, \u00abSupremo Dolor\u00bb y \u00abAlmas Crucificadas\u00bb, todos publicados por la FEB.<\/p>\n\n\n\n<p class=\"has-black-color has-text-color has-link-color has-small-font-size wp-elements-e21e2b3a51602150d132a95805fafbf4\">Los libros de mediumnidad de Zilda Gama hicieron \u00e9poca en la literatura esp\u00edrita, adem\u00e1s de tener el m\u00e9rito de aliviar muchas penas y detener muchas l\u00e1grimas. Fue la pionera en Brasil en recibir tan vasta literatura del mundo de los esp\u00edritus.<\/p>\n\n\n\n<p class=\"has-black-color has-text-color has-link-color has-small-font-size wp-elements-630e97f7ee9e8cea94a5f36a67606117\">De su mediumnidad salieron otras publicaciones: \u00abSolar de Apolo\u00bb, \u00abNa Seara Bendita\u00bb, \u00abNa Cruzada do Mestre\u00bb y \u00abElegias Douradas\u00bb.<\/p>\n\n\n\n<p class=\"has-black-color has-text-color has-link-color has-small-font-size wp-elements-815e62b2423e036bb72fcca59db63880\">Maestro por excelencia, organiz\u00f3 los siguientes libros: \u00abEl Libro de los Ni\u00f1os\u00bb, \u00abLos Chiquillos\u00bb, \u00abEl Manual del Maestro\u00bb y \u00abEl Pensamiento\u00bb.<\/p>\n\n\n\n<p class=\"has-black-color has-text-color has-link-color has-small-font-size wp-elements-dba22bc6a80dbf453cbfa7cb250a4f9b\">A pesar de las grandes luchas morales que tuvo que sostener, Zilda Gama fue la mentora de muchas criaturas.<\/p>\n\n\n\n<p class=\"has-black-color has-text-color has-link-color has-small-font-size wp-elements-82de81dc79d85bb07691b7acda8f3ff6\">En 1959, tras sufrir un derrame cerebral, vivi\u00f3 en silla de ruedas, asistida por su sobrino M\u00e1rio \u00c2ngelo de Pinho, que le hac\u00eda compa\u00f1\u00eda.<\/p>\n\n\n\n<p class=\"has-black-color has-text-color has-link-color has-small-font-size wp-elements-d4dc46708c91ee557c44f8868922e361\">Zilda Gama, un alma excepcional, dedic\u00f3 toda su vida a difundir la Doctrina Consoladora de los Esp\u00edritus en Brasil.<\/p>\n<\/div><\/div>\n\n\n\n<div class=\"wp-block-uagb-container uagb-block-d8fd917e alignfull uagb-is-root-container\"><div class=\"uagb-container-inner-blocks-wrap\"><\/div><\/div>\n\n\n\n<div class=\"wp-block-uagb-container uagb-block-46c86253 alignfull uagb-is-root-container\"><div class=\"uagb-container-inner-blocks-wrap\"><\/div><\/div>","protected":false},"excerpt":{"rendered":"<p>Zilda Gama Zilda Gama fue una de las m\u00e9diums m\u00e1s c\u00e9lebres de Brasil. Naci\u00f3 el 11 de marzo de 1878, en Tr\u00eas Ilhas, Juiz de Fora y muri\u00f3 el 10 de enero de 1969, en R\u00edo de Janeiro. Zilda Gama vivi\u00f3 casi 91 a\u00f1os, convirti\u00e9ndose en paradigma para todos aquellos que ven en la mediumnidad [&hellip;]<\/p>","protected":false},"author":1,"featured_media":0,"parent":0,"menu_order":0,"comment_status":"closed","ping_status":"closed","template":"","meta":{"_uag_custom_page_level_css":"","site-sidebar-layout":"default","site-content-layout":"","ast-site-content-layout":"default","site-content-style":"default","site-sidebar-style":"default","ast-global-header-display":"","ast-banner-title-visibility":"","ast-main-header-display":"","ast-hfb-above-header-display":"","ast-hfb-below-header-display":"","ast-hfb-mobile-header-display":"","site-post-title":"disabled","ast-breadcrumbs-content":"","ast-featured-img":"","footer-sml-layout":"","theme-transparent-header-meta":"","adv-header-id-meta":"","stick-header-meta":"","header-above-stick-meta":"","header-main-stick-meta":"","header-below-stick-meta":"","astra-migrate-meta-layouts":"set","ast-page-background-enabled":"default","ast-page-background-meta":{"desktop":{"background-color":"var(--ast-global-color-4)","background-image":"","background-repeat":"repeat","background-position":"center center","background-size":"auto","background-attachment":"scroll","background-type":"","background-media":"","overlay-type":"","overlay-color":"","overlay-opacity":"","overlay-gradient":""},"tablet":{"background-color":"","background-image":"","background-repeat":"repeat","background-position":"center center","background-size":"auto","background-attachment":"scroll","background-type":"","background-media":"","overlay-type":"","overlay-color":"","overlay-opacity":"","overlay-gradient":""},"mobile":{"background-color":"","background-image":"","background-repeat":"repeat","background-position":"center center","background-size":"auto","background-attachment":"scroll","background-type":"","background-media":"","overlay-type":"","overlay-color":"","overlay-opacity":"","overlay-gradient":""}},"ast-content-background-meta":{"desktop":{"background-color":"var(--ast-global-color-5)","background-image":"","background-repeat":"repeat","background-position":"center center","background-size":"auto","background-attachment":"scroll","background-type":"","background-media":"","overlay-type":"","overlay-color":"","overlay-opacity":"","overlay-gradient":""},"tablet":{"background-color":"var(--ast-global-color-5)","background-image":"","background-repeat":"repeat","background-position":"center center","background-size":"auto","background-attachment":"scroll","background-type":"","background-media":"","overlay-type":"","overlay-color":"","overlay-opacity":"","overlay-gradient":""},"mobile":{"background-color":"var(--ast-global-color-5)","background-image":"","background-repeat":"repeat","background-position":"center center","background-size":"auto","background-attachment":"scroll","background-type":"","background-media":"","overlay-type":"","overlay-color":"","overlay-opacity":"","overlay-gradient":""}},"footnotes":""},"class_list":["post-6952","page","type-page","status-publish","hentry"],"yoast_head":"<!-- This site is optimized with the Yoast SEO Premium plugin v24.2 (Yoast SEO v24.6) - https:\/\/yoast.com\/wordpress\/plugins\/seo\/ -->\n<title>Zilda Gama - Uni\u00f3n Esp\u00edrita<\/title>\n<meta name=\"robots\" content=\"index, follow, max-snippet:-1, max-image-preview:large, max-video-preview:-1\" \/>\n<link rel=\"canonical\" href=\"https:\/\/nuevo-renacer.com\/it\/zilda-gama\/\" \/>\n<meta property=\"og:locale\" content=\"it_IT\" \/>\n<meta property=\"og:type\" content=\"article\" \/>\n<meta property=\"og:title\" content=\"Zilda Gama\" \/>\n<meta property=\"og:description\" content=\"Zilda Gama Zilda Gama fue una de las m\u00e9diums m\u00e1s c\u00e9lebres de Brasil. Naci\u00f3 el 11 de marzo de 1878, en Tr\u00eas Ilhas, Juiz de Fora y muri\u00f3 el 10 de enero de 1969, en R\u00edo de Janeiro. Zilda Gama vivi\u00f3 casi 91 a\u00f1os, convirti\u00e9ndose en paradigma para todos aquellos que ven en la mediumnidad [&hellip;]\" \/>\n<meta property=\"og:url\" content=\"https:\/\/nuevo-renacer.com\/it\/zilda-gama\/\" \/>\n<meta property=\"og:site_name\" content=\"Uni\u00f3n Esp\u00edrita\" \/>\n<meta property=\"article:publisher\" content=\"https:\/\/www.facebook.com\/groups\/3431398063740829\" \/>\n<meta property=\"article:modified_time\" content=\"2025-02-05T08:39:20+00:00\" \/>\n<meta property=\"og:image\" content=\"https:\/\/nuevo-renacer.com\/wp-content\/uploads\/2025\/02\/unnamed-1.jpg\" \/>\n\t<meta property=\"og:image:width\" content=\"190\" \/>\n\t<meta property=\"og:image:height\" content=\"240\" \/>\n\t<meta property=\"og:image:type\" content=\"image\/jpeg\" \/>\n<meta name=\"twitter:card\" content=\"summary_large_image\" \/>\n<meta name=\"twitter:label1\" content=\"Tempo di lettura stimato\" \/>\n\t<meta name=\"twitter:data1\" content=\"4 minuti\" \/>\n<script type=\"application\/ld+json\" class=\"yoast-schema-graph\">{\"@context\":\"https:\/\/schema.org\",\"@graph\":[{\"@type\":\"WebPage\",\"@id\":\"https:\/\/nuevo-renacer.com\/zilda-gama\/\",\"url\":\"https:\/\/nuevo-renacer.com\/zilda-gama\/\",\"name\":\"Zilda Gama - Uni\u00f3n Esp\u00edrita\",\"isPartOf\":{\"@id\":\"https:\/\/nuevo-renacer.com\/#website\"},\"primaryImageOfPage\":{\"@id\":\"https:\/\/nuevo-renacer.com\/zilda-gama\/#primaryimage\"},\"image\":{\"@id\":\"https:\/\/nuevo-renacer.com\/zilda-gama\/#primaryimage\"},\"thumbnailUrl\":\"https:\/\/nuevo-renacer.com\/wp-content\/uploads\/2025\/02\/unnamed-1.jpg\",\"datePublished\":\"2025-02-05T07:56:27+00:00\",\"dateModified\":\"2025-02-05T08:39:20+00:00\",\"breadcrumb\":{\"@id\":\"https:\/\/nuevo-renacer.com\/zilda-gama\/#breadcrumb\"},\"inLanguage\":\"it-IT\",\"potentialAction\":[{\"@type\":\"ReadAction\",\"target\":[\"https:\/\/nuevo-renacer.com\/zilda-gama\/\"]}]},{\"@type\":\"ImageObject\",\"inLanguage\":\"it-IT\",\"@id\":\"https:\/\/nuevo-renacer.com\/zilda-gama\/#primaryimage\",\"url\":\"https:\/\/nuevo-renacer.com\/wp-content\/uploads\/2025\/02\/unnamed-1.jpg\",\"contentUrl\":\"https:\/\/nuevo-renacer.com\/wp-content\/uploads\/2025\/02\/unnamed-1.jpg\"},{\"@type\":\"BreadcrumbList\",\"@id\":\"https:\/\/nuevo-renacer.com\/zilda-gama\/#breadcrumb\",\"itemListElement\":[{\"@type\":\"ListItem\",\"position\":1,\"name\":\"Startseite\",\"item\":\"https:\/\/nuevo-renacer.com\/\"},{\"@type\":\"ListItem\",\"position\":2,\"name\":\"Zilda Gama\"}]},{\"@type\":\"WebSite\",\"@id\":\"https:\/\/nuevo-renacer.com\/#website\",\"url\":\"https:\/\/nuevo-renacer.com\/\",\"name\":\"Uni\u00f3n Esp\u00edrita\",\"description\":\"Nuevo Renacer\",\"publisher\":{\"@id\":\"https:\/\/nuevo-renacer.com\/#organization\"},\"potentialAction\":[{\"@type\":\"SearchAction\",\"target\":{\"@type\":\"EntryPoint\",\"urlTemplate\":\"https:\/\/nuevo-renacer.com\/?s={search_term_string}\"},\"query-input\":{\"@type\":\"PropertyValueSpecification\",\"valueRequired\":true,\"valueName\":\"search_term_string\"}}],\"inLanguage\":\"it-IT\"},{\"@type\":\"Organization\",\"@id\":\"https:\/\/nuevo-renacer.com\/#organization\",\"name\":\"UFEC\",\"url\":\"https:\/\/nuevo-renacer.com\/\",\"logo\":{\"@type\":\"ImageObject\",\"inLanguage\":\"it-IT\",\"@id\":\"https:\/\/nuevo-renacer.com\/#\/schema\/logo\/image\/\",\"url\":\"https:\/\/nuevo-renacer.com\/wp-content\/uploads\/2024\/05\/cropped-LOGO-TERMINADO1-3-3.png\",\"contentUrl\":\"https:\/\/nuevo-renacer.com\/wp-content\/uploads\/2024\/05\/cropped-LOGO-TERMINADO1-3-3.png\",\"width\":512,\"height\":512,\"caption\":\"UFEC\"},\"image\":{\"@id\":\"https:\/\/nuevo-renacer.com\/#\/schema\/logo\/image\/\"},\"sameAs\":[\"https:\/\/www.facebook.com\/groups\/3431398063740829\"]}]}<\/script>\n<!-- \/ Yoast SEO Premium plugin. -->","yoast_head_json":{"title":"Zilda Gama - Uni\u00f3n Esp\u00edrita","robots":{"index":"index","follow":"follow","max-snippet":"max-snippet:-1","max-image-preview":"max-image-preview:large","max-video-preview":"max-video-preview:-1"},"canonical":"https:\/\/nuevo-renacer.com\/it\/zilda-gama\/","og_locale":"it_IT","og_type":"article","og_title":"Zilda Gama","og_description":"Zilda Gama Zilda Gama fue una de las m\u00e9diums m\u00e1s c\u00e9lebres de Brasil. Naci\u00f3 el 11 de marzo de 1878, en Tr\u00eas Ilhas, Juiz de Fora y muri\u00f3 el 10 de enero de 1969, en R\u00edo de Janeiro. Zilda Gama vivi\u00f3 casi 91 a\u00f1os, convirti\u00e9ndose en paradigma para todos aquellos que ven en la mediumnidad [&hellip;]","og_url":"https:\/\/nuevo-renacer.com\/it\/zilda-gama\/","og_site_name":"Uni\u00f3n Esp\u00edrita","article_publisher":"https:\/\/www.facebook.com\/groups\/3431398063740829","article_modified_time":"2025-02-05T08:39:20+00:00","og_image":[{"width":190,"height":240,"url":"https:\/\/nuevo-renacer.com\/wp-content\/uploads\/2025\/02\/unnamed-1.jpg","type":"image\/jpeg"}],"twitter_card":"summary_large_image","twitter_misc":{"Tempo di lettura stimato":"4 minuti"},"schema":{"@context":"https:\/\/schema.org","@graph":[{"@type":"WebPage","@id":"https:\/\/nuevo-renacer.com\/zilda-gama\/","url":"https:\/\/nuevo-renacer.com\/zilda-gama\/","name":"Zilda Gama - Uni\u00f3n Esp\u00edrita","isPartOf":{"@id":"https:\/\/nuevo-renacer.com\/#website"},"primaryImageOfPage":{"@id":"https:\/\/nuevo-renacer.com\/zilda-gama\/#primaryimage"},"image":{"@id":"https:\/\/nuevo-renacer.com\/zilda-gama\/#primaryimage"},"thumbnailUrl":"https:\/\/nuevo-renacer.com\/wp-content\/uploads\/2025\/02\/unnamed-1.jpg","datePublished":"2025-02-05T07:56:27+00:00","dateModified":"2025-02-05T08:39:20+00:00","breadcrumb":{"@id":"https:\/\/nuevo-renacer.com\/zilda-gama\/#breadcrumb"},"inLanguage":"it-IT","potentialAction":[{"@type":"ReadAction","target":["https:\/\/nuevo-renacer.com\/zilda-gama\/"]}]},{"@type":"ImageObject","inLanguage":"it-IT","@id":"https:\/\/nuevo-renacer.com\/zilda-gama\/#primaryimage","url":"https:\/\/nuevo-renacer.com\/wp-content\/uploads\/2025\/02\/unnamed-1.jpg","contentUrl":"https:\/\/nuevo-renacer.com\/wp-content\/uploads\/2025\/02\/unnamed-1.jpg"},{"@type":"BreadcrumbList","@id":"https:\/\/nuevo-renacer.com\/zilda-gama\/#breadcrumb","itemListElement":[{"@type":"ListItem","position":1,"name":"Startseite","item":"https:\/\/nuevo-renacer.com\/"},{"@type":"ListItem","position":2,"name":"Zilda Gama"}]},{"@type":"WebSite","@id":"https:\/\/nuevo-renacer.com\/#website","url":"https:\/\/nuevo-renacer.com\/","name":"Uni\u00f3n Esp\u00edrita","description":"Nuevo Renacer","publisher":{"@id":"https:\/\/nuevo-renacer.com\/#organization"},"potentialAction":[{"@type":"SearchAction","target":{"@type":"EntryPoint","urlTemplate":"https:\/\/nuevo-renacer.com\/?s={search_term_string}"},"query-input":{"@type":"PropertyValueSpecification","valueRequired":true,"valueName":"search_term_string"}}],"inLanguage":"it-IT"},{"@type":"Organization","@id":"https:\/\/nuevo-renacer.com\/#organization","name":"UFEC","url":"https:\/\/nuevo-renacer.com\/","logo":{"@type":"ImageObject","inLanguage":"it-IT","@id":"https:\/\/nuevo-renacer.com\/#\/schema\/logo\/image\/","url":"https:\/\/nuevo-renacer.com\/wp-content\/uploads\/2024\/05\/cropped-LOGO-TERMINADO1-3-3.png","contentUrl":"https:\/\/nuevo-renacer.com\/wp-content\/uploads\/2024\/05\/cropped-LOGO-TERMINADO1-3-3.png","width":512,"height":512,"caption":"UFEC"},"image":{"@id":"https:\/\/nuevo-renacer.com\/#\/schema\/logo\/image\/"},"sameAs":["https:\/\/www.facebook.com\/groups\/3431398063740829"]}]}},"uagb_featured_image_src":{"full":false,"thumbnail":false,"medium":false,"medium_large":false,"large":false,"1536x1536":false,"2048x2048":false,"trp-custom-language-flag":false},"uagb_author_info":{"display_name":"adbv0","author_link":"https:\/\/nuevo-renacer.com\/it\/author\/adbv0\/"},"uagb_comment_info":0,"uagb_excerpt":"Zilda Gama Zilda Gama fue una de las m\u00e9diums m\u00e1s c\u00e9lebres de Brasil. Naci\u00f3 el 11 de marzo de 1878, en Tr\u00eas Ilhas, Juiz de Fora y muri\u00f3 el 10 de enero de 1969, en R\u00edo de Janeiro. Zilda Gama vivi\u00f3 casi 91 a\u00f1os, convirti\u00e9ndose en paradigma para todos aquellos que ven en la mediumnidad&hellip;","jetpack_sharing_enabled":true,"_links":{"self":[{"href":"https:\/\/nuevo-renacer.com\/it\/wp-json\/wp\/v2\/pages\/6952","targetHints":{"allow":["GET"]}}],"collection":[{"href":"https:\/\/nuevo-renacer.com\/it\/wp-json\/wp\/v2\/pages"}],"about":[{"href":"https:\/\/nuevo-renacer.com\/it\/wp-json\/wp\/v2\/types\/page"}],"author":[{"embeddable":true,"href":"https:\/\/nuevo-renacer.com\/it\/wp-json\/wp\/v2\/users\/1"}],"replies":[{"embeddable":true,"href":"https:\/\/nuevo-renacer.com\/it\/wp-json\/wp\/v2\/comments?post=6952"}],"version-history":[{"count":2,"href":"https:\/\/nuevo-renacer.com\/it\/wp-json\/wp\/v2\/pages\/6952\/revisions"}],"predecessor-version":[{"id":6958,"href":"https:\/\/nuevo-renacer.com\/it\/wp-json\/wp\/v2\/pages\/6952\/revisions\/6958"}],"wp:attachment":[{"href":"https:\/\/nuevo-renacer.com\/it\/wp-json\/wp\/v2\/media?parent=6952"}],"curies":[{"name":"wp","href":"https:\/\/api.w.org\/{rel}","templated":true}]}}