{"id":6888,"date":"2025-01-28T08:57:09","date_gmt":"2025-01-28T08:57:09","guid":{"rendered":"https:\/\/nuevo-renacer.com\/?page_id=6888"},"modified":"2025-01-28T09:09:21","modified_gmt":"2025-01-28T09:09:21","slug":"jose-augusto-faure-da-rosa","status":"publish","type":"page","link":"https:\/\/nuevo-renacer.com\/it\/jose-augusto-faure-da-rosa\/","title":{"rendered":"Jos\u00e9 Augusto Faure da Rosa"},"content":{"rendered":"<div class=\"wp-block-uagb-container uagb-block-22675800 alignfull uagb-is-root-container\"><div class=\"uagb-container-inner-blocks-wrap\">\n<p class=\"has-black-color has-text-color has-link-color has-medium-font-size wp-elements-6b76b3d28b1db256f186816ce1854e5c\"><strong>Jos\u00e9 Augusto Faure da Rosa<\/strong><\/p>\n<\/div><\/div>\n\n\n\n<div class=\"wp-block-uagb-container uagb-block-3a1b6c32 alignfull uagb-is-root-container\"><div class=\"uagb-container-inner-blocks-wrap\">\n<figure class=\"wp-block-image size-large is-resized\"><img fetchpriority=\"high\" decoding=\"async\" width=\"1024\" height=\"1024\" src=\"https:\/\/nuevo-renacer.com\/wp-content\/uploads\/2025\/01\/faure_da_rosa_1_1_1200_2500-1024x1024.jpg\" alt=\"\" class=\"wp-image-6889\" style=\"width:291px;height:auto\" srcset=\"https:\/\/nuevo-renacer.com\/wp-content\/uploads\/2025\/01\/faure_da_rosa_1_1_1200_2500-1024x1024.jpg 1024w, https:\/\/nuevo-renacer.com\/wp-content\/uploads\/2025\/01\/faure_da_rosa_1_1_1200_2500-300x300.jpg 300w, https:\/\/nuevo-renacer.com\/wp-content\/uploads\/2025\/01\/faure_da_rosa_1_1_1200_2500-150x150.jpg 150w, https:\/\/nuevo-renacer.com\/wp-content\/uploads\/2025\/01\/faure_da_rosa_1_1_1200_2500-768x768.jpg 768w, https:\/\/nuevo-renacer.com\/wp-content\/uploads\/2025\/01\/faure_da_rosa_1_1_1200_2500-12x12.jpg 12w, https:\/\/nuevo-renacer.com\/wp-content\/uploads\/2025\/01\/faure_da_rosa_1_1_1200_2500.jpg 1200w\" sizes=\"(max-width: 1024px) 100vw, 1024px\" \/><\/figure>\n<\/div><\/div>\n\n\n\n<div class=\"wp-block-uagb-container uagb-block-ababc817 alignfull uagb-is-root-container\"><div class=\"uagb-container-inner-blocks-wrap\">\n<p class=\"has-black-color has-text-color has-link-color has-small-font-size wp-elements-bd5e0832141ab71206fda4ec5b24b10e\">Naci\u00f3 en Leiria (Portugal) el 16 de noviembre de 1873 y falleci\u00f3 el 8 de noviembre de 1950.<\/p>\n\n\n\n<p class=\"has-black-color has-text-color has-link-color has-small-font-size wp-elements-d49b8516c98a829e1a5a97e04b425fa7\">El coronel Jos\u00e9 Augusto Faure da Rosa fue uno de los espiritistas m\u00e1s notables de Portugal. Asisti\u00f3 a la Escuela del Ej\u00e9rcito y fue ascendido a alf\u00e9rez en 1897. Adem\u00e1s de militar, fue profesor de instituto, primero en Leiria y despu\u00e9s en Lisboa. En esta \u00faltima ciudad asumi\u00f3 numerosos compromisos, dedic\u00e1ndose al periodismo y al teatro. En colaboraci\u00f3n con Henrique Garland, tradujo del ingl\u00e9s dos obras que se representaron en el teatro Gin\u00e1sio en 1905.<\/p>\n\n\n\n<p class=\"has-black-color has-text-color has-link-color has-small-font-size wp-elements-30495660133449981fe54651ccbae3a8\">En esa \u00e9poca, ya con cinco hijas y ante la necesidad de ampliar sus recursos financieros, acept\u00f3 una invitaci\u00f3n para embarcarse rumbo a la India, donde prest\u00f3 importantes servicios durante 18 a\u00f1os. All\u00ed desempe\u00f1\u00f3 diversos cargos, entre ellos el de Gobernador de Dam\u00e1n, Jefe de Estado Mayor del Cuartel General del Gobierno de la India, Administrador de los bosques de Goa, Praganan y Nagar-Avely y, en estos \u00faltimos territorios, Comandante Militar y Administrador Civil, actividades que llev\u00f3 a cabo con raro juicio y alto sentido de la responsabilidad. Realiz\u00f3 con gran \u00e9xito ensayos sobre el cultivo del caucho y otros importantes estudios, que leg\u00f3 a la posteridad en sus monograf\u00edas: \u00abMem\u00f3ria da Cultura da Borracha em Goa\u00bb (1908) y \u00abMem\u00f3ria da Ensilagem do Capim, em Goa\u00bb ( 1909).<\/p>\n\n\n\n<p class=\"has-black-color has-text-color has-link-color has-small-font-size wp-elements-c8888a450b7e1e78a11b7c9c4e56ebe8\">En la campa\u00f1a de Timor, en 1912, comand\u00f3 la columna de operaciones del Oeste. Durante su actuaci\u00f3n en esa campa\u00f1a, fue elogiado por el Comandante General Filomeno de C\u00e2mara en su \u00abInforme\u00bb, porque Faure da Rosa, en contra de las \u00f3rdenes superiores, se neg\u00f3 a separar a las esposas e hijos del cabeza de familia entre los prisioneros, revelando as\u00ed un elevado esp\u00edritu humanista. Puso fin a su carrera en el Estado de la India en 1920, cuando regres\u00f3 a Portugal. En 1922 fue nombrado Secretario General del Gobierno de Manica y Sofala y encargado del gobierno del mismo territorio, tras lo cual, en 1925, regres\u00f3 definitivamente a la Metr\u00f3poli.<\/p>\n\n\n\n<p class=\"has-black-color has-text-color has-link-color has-small-font-size wp-elements-702a99800886dc5759e0cd6974ab53b2\">Como publicista, sus cualidades de estudioso fuera de lo com\u00fan se revelaron durante los dos a\u00f1os siguientes, publicando numerosos art\u00edculos sobre cooperativas, principalmente en el peri\u00f3dico \u00abO Povo\u00bb. Fue condecorado con la medalla de plata al Valor Militar (con palma), la medalla de oro al Comportamiento Ejemplar y otras medallas por la Campa\u00f1a de Timor. Fue Gran Oficial de la Orden Militar de Aviz. Despu\u00e9s de 1926, fue invitado a convertirse en Gobernador General de Angola, a lo que se neg\u00f3.<\/p>\n\n\n\n<p class=\"has-black-color has-text-color has-link-color has-small-font-size wp-elements-95507337bf977e53223da5c65386c243\">La desencarnaci\u00f3n de una de sus hijas, en 1927, le llev\u00f3 a la desesperaci\u00f3n, y abandon\u00f3 toda su actividad creadora en el campo del cooperativismo para dedicarse exclusivamente al estudio del Espiritismo, al servicio del cual puso toda su inteligencia y una dedicaci\u00f3n excepcional. Dio un gran n\u00famero de conferencias sobre la Doctrina de los Esp\u00edritus, una de las cuales fue en respuesta a un conferenciante belga que dio una charla en el Teatro S\u00e3o Lu\u00eds. La conferencia de Faure da Rosa se titulaba \u00abEn defensa del Espiritismo\u00bb y fue apote\u00f3sica. Se celebr\u00f3 en el Cine Condes y la sala estaba completamente abarrotada de gente ilustre de la \u00e9poca, m\u00e9dicos, abogados, ingenieros, industriales, comerciantes, artistas y otras personas de renombre.<\/p>\n\n\n\n<p class=\"has-black-color has-text-color has-link-color has-small-font-size wp-elements-6cb155425046f95df8e0fe7b1e5d50f3\">Francisco de Melo e Noronha escribi\u00f3 sobre la personalidad del Coronel Faure da Rosa en una carta le\u00edda con motivo del homenaje p\u00f3stumo que se le rindi\u00f3 en el primer aniversario de su muerte. \u00abEl homenaje rendido en este servicial y radiante Centro, conmemorando el primer aniversario de la fecha en que el l\u00facido Esp\u00edritu de nuestro distinguido cohermano el Coronel Faure da Rosa desencarn\u00f3 de su cuerpo material, es extremadamente justificado.<\/p>\n\n\n\n<p class=\"has-black-color has-text-color has-link-color has-small-font-size wp-elements-bcc430be6ae286f6f70e4a8905009b7a\">Me doy cuenta de que puedo definirlo haci\u00e9ndome eco de las palabras de Pirro sobre un ejemplo romano: \u00abIlle est Fabricius, qui dificilius ab honestate, quam sob a curou suo, avert potest\u00bb. De hecho, digno de ayuda, el sol se apartar\u00eda m\u00e1s f\u00e1cilmente de su curso que \u00e9l del camino del honor. Abraz\u00f3 la carrera militar, sirvi\u00f3 a su pa\u00eds, en la metr\u00f3poli y en ultramar, y, sin mancha, visti\u00f3 siempre su uniforme, respet\u00f3 siempre su juramento de soldado. Y as\u00ed exhal\u00f3 el \u00faltimo suspiro de su existencia contempor\u00e1nea. Y as\u00ed su alma, purificada y habiendo traspasado el velo, ser\u00e1 ahora honrada con merecida gloria en el mundo inefable.<\/p>\n\n\n\n<p class=\"has-black-color has-text-color has-link-color has-small-font-size wp-elements-2d2fc16002544d18864106a3f32b9437\">Donde, sin embargo, Faure da Rosa alcanz\u00f3 proporciones peregrinas y vincul\u00f3 su nombre a un prestigio indeleble fue entre nosotros, en este medio de estudio y ascetismo, en esta atm\u00f3sfera de raz\u00f3n, experiencia y fraternidad. Sus l\u00edneas fisiol\u00f3gicas mostraban la bondad que su trato no desment\u00eda, y en ello revelaba una educaci\u00f3n fina y minuciosa, que desde el principio de nuestras relaciones personales despert\u00f3 mi abierta simpat\u00eda.<\/p>\n\n\n\n<p class=\"has-black-color has-text-color has-link-color has-small-font-size wp-elements-8b050eede83fc31b2b6afe4e4beb3986\">Y cuando un d\u00eda, por excitante invitaci\u00f3n de Su Excelencia, entonces presidente de la Federaci\u00f3n Esp\u00edrita Portuguesa, di all\u00ed una conferencia, el difunto coronel me comunic\u00f3 en carta anterior que, para evitar que pasase la noche en el fr\u00edo al cruzar el Tajo, en cuya orilla izquierda vivo, hab\u00eda fijado una hora m\u00e1s temprana de lo habitual, haciendo as\u00ed un cambio de delicada amabilidad, que le agradezco mucho. Ap\u00f3stol preeminente del Espiritismo, que hablaba con coraje, vasta erudici\u00f3n, l\u00f3gica impecable y hermen\u00e9utica resistente, es incontestable que prest\u00f3 a la causa servicios verdaderamente ins\u00f3litos, siendo sus discursos, alocuciones y conferencias preciosas lecciones y sus trabajos impresos magn\u00edficas fuentes de consulta.<\/p>\n\n\n\n<p class=\"has-black-color has-text-color has-link-color has-small-font-size wp-elements-8ae76be9a62d8e01e6a72842986ac03d\">Se puede decir perentoriamente que Faure da Rosa nunca escribi\u00f3 sobre ciencia y conciencia. Era exhaustivo hasta en el m\u00e1s m\u00ednimo detalle y no le faltaba elegancia a la hora de deletrear y hablar. \u00abEn cierto modo, compart\u00eda el car\u00e1cter y la estructura ps\u00edquica de Allan Kardec, sin menoscabo de la brillantez de su alma y del valor intr\u00ednseco de su propia personalidad\u00bb.<\/p>\n\n\n\n<p class=\"has-black-color has-text-color has-link-color has-small-font-size wp-elements-1266e99f98d411819e8523a3bace8658\">Faure da Rosa fue presidente de la Federaci\u00f3n Esp\u00edrita Portuguesa, cargo que supo desempe\u00f1ar con dignidad y eficacia.<\/p>\n<\/div><\/div>\n\n\n\n<div class=\"wp-block-uagb-container uagb-block-6ce46d53 alignfull uagb-is-root-container\"><div class=\"uagb-container-inner-blocks-wrap\"><\/div><\/div>\n\n\n\n<div class=\"wp-block-uagb-container uagb-block-f12f46d3 alignfull uagb-is-root-container\"><div class=\"uagb-container-inner-blocks-wrap\"><\/div><\/div>","protected":false},"excerpt":{"rendered":"<p>Jos\u00e9 Augusto Faure da Rosa Naci\u00f3 en Leiria (Portugal) el 16 de noviembre de 1873 y falleci\u00f3 el 8 de noviembre de 1950. El coronel Jos\u00e9 Augusto Faure da Rosa fue uno de los espiritistas m\u00e1s notables de Portugal. Asisti\u00f3 a la Escuela del Ej\u00e9rcito y fue ascendido a alf\u00e9rez en 1897. Adem\u00e1s de militar, [&hellip;]<\/p>","protected":false},"author":1,"featured_media":0,"parent":0,"menu_order":0,"comment_status":"closed","ping_status":"closed","template":"","meta":{"_uag_custom_page_level_css":"","site-sidebar-layout":"default","site-content-layout":"","ast-site-content-layout":"default","site-content-style":"default","site-sidebar-style":"default","ast-global-header-display":"","ast-banner-title-visibility":"","ast-main-header-display":"","ast-hfb-above-header-display":"","ast-hfb-below-header-display":"","ast-hfb-mobile-header-display":"","site-post-title":"disabled","ast-breadcrumbs-content":"","ast-featured-img":"","footer-sml-layout":"","theme-transparent-header-meta":"","adv-header-id-meta":"","stick-header-meta":"","header-above-stick-meta":"","header-main-stick-meta":"","header-below-stick-meta":"","astra-migrate-meta-layouts":"set","ast-page-background-enabled":"default","ast-page-background-meta":{"desktop":{"background-color":"var(--ast-global-color-4)","background-image":"","background-repeat":"repeat","background-position":"center center","background-size":"auto","background-attachment":"scroll","background-type":"","background-media":"","overlay-type":"","overlay-color":"","overlay-opacity":"","overlay-gradient":""},"tablet":{"background-color":"","background-image":"","background-repeat":"repeat","background-position":"center center","background-size":"auto","background-attachment":"scroll","background-type":"","background-media":"","overlay-type":"","overlay-color":"","overlay-opacity":"","overlay-gradient":""},"mobile":{"background-color":"","background-image":"","background-repeat":"repeat","background-position":"center center","background-size":"auto","background-attachment":"scroll","background-type":"","background-media":"","overlay-type":"","overlay-color":"","overlay-opacity":"","overlay-gradient":""}},"ast-content-background-meta":{"desktop":{"background-color":"var(--ast-global-color-5)","background-image":"","background-repeat":"repeat","background-position":"center center","background-size":"auto","background-attachment":"scroll","background-type":"","background-media":"","overlay-type":"","overlay-color":"","overlay-opacity":"","overlay-gradient":""},"tablet":{"background-color":"var(--ast-global-color-5)","background-image":"","background-repeat":"repeat","background-position":"center center","background-size":"auto","background-attachment":"scroll","background-type":"","background-media":"","overlay-type":"","overlay-color":"","overlay-opacity":"","overlay-gradient":""},"mobile":{"background-color":"var(--ast-global-color-5)","background-image":"","background-repeat":"repeat","background-position":"center center","background-size":"auto","background-attachment":"scroll","background-type":"","background-media":"","overlay-type":"","overlay-color":"","overlay-opacity":"","overlay-gradient":""}},"footnotes":""},"class_list":["post-6888","page","type-page","status-publish","hentry"],"yoast_head":"<!-- This site is optimized with the Yoast SEO Premium plugin v24.2 (Yoast SEO v24.6) - https:\/\/yoast.com\/wordpress\/plugins\/seo\/ -->\n<title>Jos\u00e9 Augusto Faure da Rosa - Uni\u00f3n Esp\u00edrita<\/title>\n<meta name=\"robots\" content=\"index, follow, max-snippet:-1, max-image-preview:large, max-video-preview:-1\" \/>\n<link rel=\"canonical\" href=\"https:\/\/nuevo-renacer.com\/it\/jose-augusto-faure-da-rosa\/\" \/>\n<meta property=\"og:locale\" content=\"it_IT\" \/>\n<meta property=\"og:type\" content=\"article\" \/>\n<meta property=\"og:title\" content=\"Jos\u00e9 Augusto Faure da Rosa\" \/>\n<meta property=\"og:description\" content=\"Jos\u00e9 Augusto Faure da Rosa Naci\u00f3 en Leiria (Portugal) el 16 de noviembre de 1873 y falleci\u00f3 el 8 de noviembre de 1950. El coronel Jos\u00e9 Augusto Faure da Rosa fue uno de los espiritistas m\u00e1s notables de Portugal. Asisti\u00f3 a la Escuela del Ej\u00e9rcito y fue ascendido a alf\u00e9rez en 1897. Adem\u00e1s de militar, [&hellip;]\" \/>\n<meta property=\"og:url\" content=\"https:\/\/nuevo-renacer.com\/it\/jose-augusto-faure-da-rosa\/\" \/>\n<meta property=\"og:site_name\" content=\"Uni\u00f3n Esp\u00edrita\" \/>\n<meta property=\"article:publisher\" content=\"https:\/\/www.facebook.com\/groups\/3431398063740829\" \/>\n<meta property=\"article:modified_time\" content=\"2025-01-28T09:09:21+00:00\" \/>\n<meta property=\"og:image\" content=\"https:\/\/nuevo-renacer.com\/wp-content\/uploads\/2025\/01\/faure_da_rosa_1_1_1200_2500.jpg\" \/>\n\t<meta property=\"og:image:width\" content=\"1200\" \/>\n\t<meta property=\"og:image:height\" content=\"1200\" \/>\n\t<meta property=\"og:image:type\" content=\"image\/jpeg\" \/>\n<meta name=\"twitter:card\" content=\"summary_large_image\" \/>\n<meta name=\"twitter:label1\" content=\"Tempo di lettura stimato\" \/>\n\t<meta name=\"twitter:data1\" content=\"6 minuti\" \/>\n<script type=\"application\/ld+json\" class=\"yoast-schema-graph\">{\"@context\":\"https:\/\/schema.org\",\"@graph\":[{\"@type\":\"WebPage\",\"@id\":\"https:\/\/nuevo-renacer.com\/jose-augusto-faure-da-rosa\/\",\"url\":\"https:\/\/nuevo-renacer.com\/jose-augusto-faure-da-rosa\/\",\"name\":\"Jos\u00e9 Augusto Faure da Rosa - Uni\u00f3n Esp\u00edrita\",\"isPartOf\":{\"@id\":\"https:\/\/nuevo-renacer.com\/#website\"},\"primaryImageOfPage\":{\"@id\":\"https:\/\/nuevo-renacer.com\/jose-augusto-faure-da-rosa\/#primaryimage\"},\"image\":{\"@id\":\"https:\/\/nuevo-renacer.com\/jose-augusto-faure-da-rosa\/#primaryimage\"},\"thumbnailUrl\":\"https:\/\/nuevo-renacer.com\/wp-content\/uploads\/2025\/01\/faure_da_rosa_1_1_1200_2500-1024x1024.jpg\",\"datePublished\":\"2025-01-28T08:57:09+00:00\",\"dateModified\":\"2025-01-28T09:09:21+00:00\",\"breadcrumb\":{\"@id\":\"https:\/\/nuevo-renacer.com\/jose-augusto-faure-da-rosa\/#breadcrumb\"},\"inLanguage\":\"it-IT\",\"potentialAction\":[{\"@type\":\"ReadAction\",\"target\":[\"https:\/\/nuevo-renacer.com\/jose-augusto-faure-da-rosa\/\"]}]},{\"@type\":\"ImageObject\",\"inLanguage\":\"it-IT\",\"@id\":\"https:\/\/nuevo-renacer.com\/jose-augusto-faure-da-rosa\/#primaryimage\",\"url\":\"https:\/\/nuevo-renacer.com\/wp-content\/uploads\/2025\/01\/faure_da_rosa_1_1_1200_2500-1024x1024.jpg\",\"contentUrl\":\"https:\/\/nuevo-renacer.com\/wp-content\/uploads\/2025\/01\/faure_da_rosa_1_1_1200_2500-1024x1024.jpg\"},{\"@type\":\"BreadcrumbList\",\"@id\":\"https:\/\/nuevo-renacer.com\/jose-augusto-faure-da-rosa\/#breadcrumb\",\"itemListElement\":[{\"@type\":\"ListItem\",\"position\":1,\"name\":\"Startseite\",\"item\":\"https:\/\/nuevo-renacer.com\/\"},{\"@type\":\"ListItem\",\"position\":2,\"name\":\"Jos\u00e9 Augusto Faure da Rosa\"}]},{\"@type\":\"WebSite\",\"@id\":\"https:\/\/nuevo-renacer.com\/#website\",\"url\":\"https:\/\/nuevo-renacer.com\/\",\"name\":\"Uni\u00f3n Esp\u00edrita\",\"description\":\"Nuevo Renacer\",\"publisher\":{\"@id\":\"https:\/\/nuevo-renacer.com\/#organization\"},\"potentialAction\":[{\"@type\":\"SearchAction\",\"target\":{\"@type\":\"EntryPoint\",\"urlTemplate\":\"https:\/\/nuevo-renacer.com\/?s={search_term_string}\"},\"query-input\":{\"@type\":\"PropertyValueSpecification\",\"valueRequired\":true,\"valueName\":\"search_term_string\"}}],\"inLanguage\":\"it-IT\"},{\"@type\":\"Organization\",\"@id\":\"https:\/\/nuevo-renacer.com\/#organization\",\"name\":\"UFEC\",\"url\":\"https:\/\/nuevo-renacer.com\/\",\"logo\":{\"@type\":\"ImageObject\",\"inLanguage\":\"it-IT\",\"@id\":\"https:\/\/nuevo-renacer.com\/#\/schema\/logo\/image\/\",\"url\":\"https:\/\/nuevo-renacer.com\/wp-content\/uploads\/2024\/05\/cropped-LOGO-TERMINADO1-3-3.png\",\"contentUrl\":\"https:\/\/nuevo-renacer.com\/wp-content\/uploads\/2024\/05\/cropped-LOGO-TERMINADO1-3-3.png\",\"width\":512,\"height\":512,\"caption\":\"UFEC\"},\"image\":{\"@id\":\"https:\/\/nuevo-renacer.com\/#\/schema\/logo\/image\/\"},\"sameAs\":[\"https:\/\/www.facebook.com\/groups\/3431398063740829\"]}]}<\/script>\n<!-- \/ Yoast SEO Premium plugin. -->","yoast_head_json":{"title":"Jos\u00e9 Augusto Faure da Rosa - Uni\u00f3n Esp\u00edrita","robots":{"index":"index","follow":"follow","max-snippet":"max-snippet:-1","max-image-preview":"max-image-preview:large","max-video-preview":"max-video-preview:-1"},"canonical":"https:\/\/nuevo-renacer.com\/it\/jose-augusto-faure-da-rosa\/","og_locale":"it_IT","og_type":"article","og_title":"Jos\u00e9 Augusto Faure da Rosa","og_description":"Jos\u00e9 Augusto Faure da Rosa Naci\u00f3 en Leiria (Portugal) el 16 de noviembre de 1873 y falleci\u00f3 el 8 de noviembre de 1950. El coronel Jos\u00e9 Augusto Faure da Rosa fue uno de los espiritistas m\u00e1s notables de Portugal. Asisti\u00f3 a la Escuela del Ej\u00e9rcito y fue ascendido a alf\u00e9rez en 1897. Adem\u00e1s de militar, [&hellip;]","og_url":"https:\/\/nuevo-renacer.com\/it\/jose-augusto-faure-da-rosa\/","og_site_name":"Uni\u00f3n Esp\u00edrita","article_publisher":"https:\/\/www.facebook.com\/groups\/3431398063740829","article_modified_time":"2025-01-28T09:09:21+00:00","og_image":[{"width":1200,"height":1200,"url":"https:\/\/nuevo-renacer.com\/wp-content\/uploads\/2025\/01\/faure_da_rosa_1_1_1200_2500.jpg","type":"image\/jpeg"}],"twitter_card":"summary_large_image","twitter_misc":{"Tempo di lettura stimato":"6 minuti"},"schema":{"@context":"https:\/\/schema.org","@graph":[{"@type":"WebPage","@id":"https:\/\/nuevo-renacer.com\/jose-augusto-faure-da-rosa\/","url":"https:\/\/nuevo-renacer.com\/jose-augusto-faure-da-rosa\/","name":"Jos\u00e9 Augusto Faure da Rosa - Uni\u00f3n Esp\u00edrita","isPartOf":{"@id":"https:\/\/nuevo-renacer.com\/#website"},"primaryImageOfPage":{"@id":"https:\/\/nuevo-renacer.com\/jose-augusto-faure-da-rosa\/#primaryimage"},"image":{"@id":"https:\/\/nuevo-renacer.com\/jose-augusto-faure-da-rosa\/#primaryimage"},"thumbnailUrl":"https:\/\/nuevo-renacer.com\/wp-content\/uploads\/2025\/01\/faure_da_rosa_1_1_1200_2500-1024x1024.jpg","datePublished":"2025-01-28T08:57:09+00:00","dateModified":"2025-01-28T09:09:21+00:00","breadcrumb":{"@id":"https:\/\/nuevo-renacer.com\/jose-augusto-faure-da-rosa\/#breadcrumb"},"inLanguage":"it-IT","potentialAction":[{"@type":"ReadAction","target":["https:\/\/nuevo-renacer.com\/jose-augusto-faure-da-rosa\/"]}]},{"@type":"ImageObject","inLanguage":"it-IT","@id":"https:\/\/nuevo-renacer.com\/jose-augusto-faure-da-rosa\/#primaryimage","url":"https:\/\/nuevo-renacer.com\/wp-content\/uploads\/2025\/01\/faure_da_rosa_1_1_1200_2500-1024x1024.jpg","contentUrl":"https:\/\/nuevo-renacer.com\/wp-content\/uploads\/2025\/01\/faure_da_rosa_1_1_1200_2500-1024x1024.jpg"},{"@type":"BreadcrumbList","@id":"https:\/\/nuevo-renacer.com\/jose-augusto-faure-da-rosa\/#breadcrumb","itemListElement":[{"@type":"ListItem","position":1,"name":"Startseite","item":"https:\/\/nuevo-renacer.com\/"},{"@type":"ListItem","position":2,"name":"Jos\u00e9 Augusto Faure da Rosa"}]},{"@type":"WebSite","@id":"https:\/\/nuevo-renacer.com\/#website","url":"https:\/\/nuevo-renacer.com\/","name":"Uni\u00f3n Esp\u00edrita","description":"Nuevo Renacer","publisher":{"@id":"https:\/\/nuevo-renacer.com\/#organization"},"potentialAction":[{"@type":"SearchAction","target":{"@type":"EntryPoint","urlTemplate":"https:\/\/nuevo-renacer.com\/?s={search_term_string}"},"query-input":{"@type":"PropertyValueSpecification","valueRequired":true,"valueName":"search_term_string"}}],"inLanguage":"it-IT"},{"@type":"Organization","@id":"https:\/\/nuevo-renacer.com\/#organization","name":"UFEC","url":"https:\/\/nuevo-renacer.com\/","logo":{"@type":"ImageObject","inLanguage":"it-IT","@id":"https:\/\/nuevo-renacer.com\/#\/schema\/logo\/image\/","url":"https:\/\/nuevo-renacer.com\/wp-content\/uploads\/2024\/05\/cropped-LOGO-TERMINADO1-3-3.png","contentUrl":"https:\/\/nuevo-renacer.com\/wp-content\/uploads\/2024\/05\/cropped-LOGO-TERMINADO1-3-3.png","width":512,"height":512,"caption":"UFEC"},"image":{"@id":"https:\/\/nuevo-renacer.com\/#\/schema\/logo\/image\/"},"sameAs":["https:\/\/www.facebook.com\/groups\/3431398063740829"]}]}},"uagb_featured_image_src":{"full":false,"thumbnail":false,"medium":false,"medium_large":false,"large":false,"1536x1536":false,"2048x2048":false,"trp-custom-language-flag":false},"uagb_author_info":{"display_name":"adbv0","author_link":"https:\/\/nuevo-renacer.com\/it\/author\/adbv0\/"},"uagb_comment_info":0,"uagb_excerpt":"Jos\u00e9 Augusto Faure da Rosa Naci\u00f3 en Leiria (Portugal) el 16 de noviembre de 1873 y falleci\u00f3 el 8 de noviembre de 1950. El coronel Jos\u00e9 Augusto Faure da Rosa fue uno de los espiritistas m\u00e1s notables de Portugal. Asisti\u00f3 a la Escuela del Ej\u00e9rcito y fue ascendido a alf\u00e9rez en 1897. Adem\u00e1s de militar,&hellip;","jetpack_sharing_enabled":true,"_links":{"self":[{"href":"https:\/\/nuevo-renacer.com\/it\/wp-json\/wp\/v2\/pages\/6888","targetHints":{"allow":["GET"]}}],"collection":[{"href":"https:\/\/nuevo-renacer.com\/it\/wp-json\/wp\/v2\/pages"}],"about":[{"href":"https:\/\/nuevo-renacer.com\/it\/wp-json\/wp\/v2\/types\/page"}],"author":[{"embeddable":true,"href":"https:\/\/nuevo-renacer.com\/it\/wp-json\/wp\/v2\/users\/1"}],"replies":[{"embeddable":true,"href":"https:\/\/nuevo-renacer.com\/it\/wp-json\/wp\/v2\/comments?post=6888"}],"version-history":[{"count":2,"href":"https:\/\/nuevo-renacer.com\/it\/wp-json\/wp\/v2\/pages\/6888\/revisions"}],"predecessor-version":[{"id":6891,"href":"https:\/\/nuevo-renacer.com\/it\/wp-json\/wp\/v2\/pages\/6888\/revisions\/6891"}],"wp:attachment":[{"href":"https:\/\/nuevo-renacer.com\/it\/wp-json\/wp\/v2\/media?parent=6888"}],"curies":[{"name":"wp","href":"https:\/\/api.w.org\/{rel}","templated":true}]}}