{"id":6848,"date":"2025-01-22T09:29:16","date_gmt":"2025-01-22T09:29:16","guid":{"rendered":"https:\/\/nuevo-renacer.com\/?page_id=6848"},"modified":"2025-01-22T10:26:09","modified_gmt":"2025-01-22T10:26:09","slug":"maria-oneill","status":"publish","type":"page","link":"https:\/\/nuevo-renacer.com\/it\/maria-oneill\/","title":{"rendered":"Maria O\u00b4Neill"},"content":{"rendered":"<div class=\"wp-block-uagb-container uagb-block-c3233075 alignfull uagb-is-root-container\"><div class=\"uagb-container-inner-blocks-wrap\">\n<p class=\"has-black-color has-text-color has-link-color has-medium-font-size wp-elements-1fd816dfa191dec6edef56988638b806\"><strong>Maria O\u00b4Neill<\/strong><\/p>\n<\/div><\/div>\n\n\n\n<div class=\"wp-block-uagb-container uagb-block-9b39e03b alignfull uagb-is-root-container\"><div class=\"uagb-container-inner-blocks-wrap\">\n<figure class=\"wp-block-image size-full is-resized\"><img decoding=\"async\" width=\"190\" height=\"217\" src=\"https:\/\/nuevo-renacer.com\/wp-content\/uploads\/2025\/01\/images-1.jpg\" alt=\"\" class=\"wp-image-6855\" style=\"width:233px;height:auto\" srcset=\"https:\/\/nuevo-renacer.com\/wp-content\/uploads\/2025\/01\/images-1.jpg 190w, https:\/\/nuevo-renacer.com\/wp-content\/uploads\/2025\/01\/images-1-11x12.jpg 11w\" sizes=\"(max-width: 190px) 100vw, 190px\" \/><\/figure>\n<\/div><\/div>\n\n\n\n<div class=\"wp-block-uagb-container uagb-block-13a92970 alignfull uagb-is-root-container\"><div class=\"uagb-container-inner-blocks-wrap\">\n<p class=\"has-black-color has-text-color has-link-color has-small-font-size wp-elements-00f8b78d71baa2efc438e560623660bb\">Mar\u00eda O&#8217;Neill, escritora, se inici\u00f3 en la teosof\u00eda, interes\u00e1ndose posteriormente por el espiritismo, al que dedic\u00f3 hasta el final de sus d\u00edas una gran parte de su existencia. Particip\u00f3 en el I Congreso Esp\u00edrita Portugu\u00e9s y dio a la FEP la m\u00e1s dedicada colaboraci\u00f3n. Fue parte del cuerpo redactor de la revista Espiritismo, en la que siempre colabor\u00f3.<\/p>\n\n\n\n<p class=\"has-black-color has-text-color has-link-color has-small-font-size wp-elements-158e6468cf41ef56dd6236b8076514c0\">Persona \u00ababierta a todas las ansiedades e inquietudes del pensamiento, su vida fue un apostolado de ideas generosas y bellas\u00bb. Su obra literaria, bastante extensa, inclu\u00eda una colecci\u00f3n de cuentos infantiles, considerados los mejores en lengua portuguesa, en aquella \u00e9poca, y que fueron traducidos a varias lenguas. Se inici\u00f3 literariamente con un libro de poes\u00eda, \u00abNimbos\u00bb, prefaciado por Bulh\u00e3o Pato, a la que se \u00absiguieron otros trabajos, algunos de notable valor, como \u00abLa Lucha de Sentimientos\u00bb, \u00abIlusi\u00f3n Deshecha\u00bb, \u00abUn Drama de Celos\u00bb, \u00abAmar es sufrir\u00bb, \u00abUn compromiso feliz\u00bb, \u00abSalmos de Amor\u00bb, \u00abVida Real\u00bb, \u00abAlmas Femeninas\u00bb, \u00abLa V\u00edbora\u00bb, \u00abHojas Sueltas\u00bb, \u00abEl Collar de Vera\u00bb, \u00abEl Amor todo lo consigue\u00bb, entre otros.<\/p>\n\n\n\n<p class=\"has-black-color has-text-color has-link-color has-small-font-size wp-elements-5c2f9648088b10c021560ddc9b3eda78\">No fue menos fecunda su actividad filantr\u00f3pica, porque su grandeza moral la llev\u00f3 a ser discreta, a hacer el bien sin alardes de generosidad, repartiendo por los necesitados sus ahorros y el rendimiento de sus trabajos literarios, con una simplicidad maternal.<\/p>\n\n\n\n<p class=\"has-black-color has-text-color has-link-color has-small-font-size wp-elements-30eb9bac137f6b1ae9f82625dec460b0\">Compa\u00f1era y maestra, dedicada como pocos a la Federaci\u00f3n Esp\u00edrita Portuguesa, ejemplific\u00f3 de forma superior el ideal que la hizo notada por la desassombraci\u00f3n y pureza como lo supo servir&#8230; Se\u00f1ora de vasta cultura, miembro de la academia de Letras, siempre ha sido consi-derada un esp\u00edritu brillante y de car\u00e1cter superior&#8230; Dentro de la FEP era un elemento coordinador y armonizador entre aquellos que a veces se encontraban en desacuerdo, llev\u00e1ndolos, as\u00ed, a ponderar sus actitudes, a veces juzgadas insoluble.<\/p>\n\n\n\n<p class=\"has-black-color has-text-color has-link-color has-small-font-size wp-elements-2e31a25b4d4cae7d36fd0b2c32d4d119\">Mar\u00eda O&#8217;Neill sorprendia a todos los que la o\u00edan con su verbo f\u00e1cil, su lucidez y razonamiento l\u00edmpido. Aut\u00e9ntica mujer de armas se desdobla en conferencias y m\u00e1s conferencias, habiendo dado especial apoyo a los esp\u00edritas algarvios y alentejanos que la invitaban a menudo a conferenciar. Pudimos encontrar varias referencias elogiosas a Mar\u00eda O&#8217;Neill en \u00abCom\u00e9rcio do Porto\u00bb (17-11-1929), \u00abGazeta de Coimbra\u00bb (28-11-1929), \u00abO Primeiro de Janeiro\u00bb (28-11-1929), entre muchos otros peri\u00f3dicos ilustres de la \u00e9poca.<\/p>\n\n\n\n<p class=\"has-black-color has-text-color has-link-color has-small-font-size wp-elements-45cf388f6f704720cfcea050e8d8aec0\">En 1930 parte para Brasil donde realiza una serie de conferencias sobre temas literarios y esp\u00edritas. El \u00e9xito es grande por tierras de Santa Cruz. Regresa a Lisboa y parte de nuevo para Brasil, esta vez en febrero de 1932, donde la esperaban muchas conferencias versando espiritismo. Su estado de salud era bastante grave cuando desembarc\u00f3 en Bah\u00eda, habiendo decidido regresar a Lisboa con urgencia.<\/p>\n\n\n\n<p class=\"has-black-color has-text-color has-link-color has-small-font-size wp-elements-e95907222a0354e45cca5f7a49fcaf75\">Desencarno en el mar abierto dos d\u00edas despu\u00e9s de haber iniciado el viaje de regreso, es decir, el 23 de marzo de 1932. Su cuerpo fue arrojado al mar, como prefer\u00edan los m\u00edsticos hind\u00faes, con quienes Mar\u00eda O&#8217;Neill ten\u00eda profundas afinidades, como disc\u00edpula de Annie Besant y de Blawatsky, mientras que su esp\u00edritu inmortal demandaba otras paradas de la espiritualidad en busca de nuevos horizontes.<\/p>\n<\/div><\/div>\n\n\n\n<div class=\"wp-block-uagb-container uagb-block-2ca14fd4 alignfull uagb-is-root-container\"><div class=\"uagb-container-inner-blocks-wrap\"><\/div><\/div>\n\n\n\n<div class=\"wp-block-uagb-container uagb-block-bead905b alignfull uagb-is-root-container\"><div class=\"uagb-container-inner-blocks-wrap\"><\/div><\/div>","protected":false},"excerpt":{"rendered":"<p>Maria O\u00b4Neill Mar\u00eda O&#8217;Neill, escritora, se inici\u00f3 en la teosof\u00eda, interes\u00e1ndose posteriormente por el espiritismo, al que dedic\u00f3 hasta el final de sus d\u00edas una gran parte de su existencia. Particip\u00f3 en el I Congreso Esp\u00edrita Portugu\u00e9s y dio a la FEP la m\u00e1s dedicada colaboraci\u00f3n. Fue parte del cuerpo redactor de la revista Espiritismo, [&hellip;]<\/p>","protected":false},"author":1,"featured_media":0,"parent":0,"menu_order":0,"comment_status":"closed","ping_status":"closed","template":"","meta":{"_uag_custom_page_level_css":"","site-sidebar-layout":"default","site-content-layout":"","ast-site-content-layout":"default","site-content-style":"default","site-sidebar-style":"default","ast-global-header-display":"","ast-banner-title-visibility":"","ast-main-header-display":"","ast-hfb-above-header-display":"","ast-hfb-below-header-display":"","ast-hfb-mobile-header-display":"","site-post-title":"disabled","ast-breadcrumbs-content":"","ast-featured-img":"","footer-sml-layout":"","theme-transparent-header-meta":"","adv-header-id-meta":"","stick-header-meta":"","header-above-stick-meta":"","header-main-stick-meta":"","header-below-stick-meta":"","astra-migrate-meta-layouts":"set","ast-page-background-enabled":"default","ast-page-background-meta":{"desktop":{"background-color":"var(--ast-global-color-4)","background-image":"","background-repeat":"repeat","background-position":"center center","background-size":"auto","background-attachment":"scroll","background-type":"","background-media":"","overlay-type":"","overlay-color":"","overlay-opacity":"","overlay-gradient":""},"tablet":{"background-color":"","background-image":"","background-repeat":"repeat","background-position":"center center","background-size":"auto","background-attachment":"scroll","background-type":"","background-media":"","overlay-type":"","overlay-color":"","overlay-opacity":"","overlay-gradient":""},"mobile":{"background-color":"","background-image":"","background-repeat":"repeat","background-position":"center center","background-size":"auto","background-attachment":"scroll","background-type":"","background-media":"","overlay-type":"","overlay-color":"","overlay-opacity":"","overlay-gradient":""}},"ast-content-background-meta":{"desktop":{"background-color":"var(--ast-global-color-5)","background-image":"","background-repeat":"repeat","background-position":"center center","background-size":"auto","background-attachment":"scroll","background-type":"","background-media":"","overlay-type":"","overlay-color":"","overlay-opacity":"","overlay-gradient":""},"tablet":{"background-color":"var(--ast-global-color-5)","background-image":"","background-repeat":"repeat","background-position":"center center","background-size":"auto","background-attachment":"scroll","background-type":"","background-media":"","overlay-type":"","overlay-color":"","overlay-opacity":"","overlay-gradient":""},"mobile":{"background-color":"var(--ast-global-color-5)","background-image":"","background-repeat":"repeat","background-position":"center center","background-size":"auto","background-attachment":"scroll","background-type":"","background-media":"","overlay-type":"","overlay-color":"","overlay-opacity":"","overlay-gradient":""}},"footnotes":""},"class_list":["post-6848","page","type-page","status-publish","hentry"],"yoast_head":"<!-- This site is optimized with the Yoast SEO Premium plugin v24.2 (Yoast SEO v24.6) - https:\/\/yoast.com\/wordpress\/plugins\/seo\/ -->\n<title>Maria O\u00b4Neill - Uni\u00f3n Esp\u00edrita<\/title>\n<meta name=\"robots\" content=\"index, follow, max-snippet:-1, max-image-preview:large, max-video-preview:-1\" \/>\n<link rel=\"canonical\" href=\"https:\/\/nuevo-renacer.com\/it\/maria-oneill\/\" \/>\n<meta property=\"og:locale\" content=\"it_IT\" \/>\n<meta property=\"og:type\" content=\"article\" \/>\n<meta property=\"og:title\" content=\"Maria O\u00b4Neill\" \/>\n<meta property=\"og:description\" content=\"Maria O\u00b4Neill Mar\u00eda O&#8217;Neill, escritora, se inici\u00f3 en la teosof\u00eda, interes\u00e1ndose posteriormente por el espiritismo, al que dedic\u00f3 hasta el final de sus d\u00edas una gran parte de su existencia. Particip\u00f3 en el I Congreso Esp\u00edrita Portugu\u00e9s y dio a la FEP la m\u00e1s dedicada colaboraci\u00f3n. Fue parte del cuerpo redactor de la revista Espiritismo, [&hellip;]\" \/>\n<meta property=\"og:url\" content=\"https:\/\/nuevo-renacer.com\/it\/maria-oneill\/\" \/>\n<meta property=\"og:site_name\" content=\"Uni\u00f3n Esp\u00edrita\" \/>\n<meta property=\"article:publisher\" content=\"https:\/\/www.facebook.com\/groups\/3431398063740829\" \/>\n<meta property=\"article:modified_time\" content=\"2025-01-22T10:26:09+00:00\" \/>\n<meta property=\"og:image\" content=\"https:\/\/nuevo-renacer.com\/wp-content\/uploads\/2025\/01\/images-1.jpg\" \/>\n\t<meta property=\"og:image:width\" content=\"190\" \/>\n\t<meta property=\"og:image:height\" content=\"217\" \/>\n\t<meta property=\"og:image:type\" content=\"image\/jpeg\" \/>\n<meta name=\"twitter:card\" content=\"summary_large_image\" \/>\n<meta name=\"twitter:label1\" content=\"Tempo di lettura stimato\" \/>\n\t<meta name=\"twitter:data1\" content=\"3 minuti\" \/>\n<script type=\"application\/ld+json\" class=\"yoast-schema-graph\">{\"@context\":\"https:\/\/schema.org\",\"@graph\":[{\"@type\":\"WebPage\",\"@id\":\"https:\/\/nuevo-renacer.com\/maria-oneill\/\",\"url\":\"https:\/\/nuevo-renacer.com\/maria-oneill\/\",\"name\":\"Maria O\u00b4Neill - Uni\u00f3n Esp\u00edrita\",\"isPartOf\":{\"@id\":\"https:\/\/nuevo-renacer.com\/#website\"},\"primaryImageOfPage\":{\"@id\":\"https:\/\/nuevo-renacer.com\/maria-oneill\/#primaryimage\"},\"image\":{\"@id\":\"https:\/\/nuevo-renacer.com\/maria-oneill\/#primaryimage\"},\"thumbnailUrl\":\"https:\/\/nuevo-renacer.com\/wp-content\/uploads\/2025\/01\/images-1.jpg\",\"datePublished\":\"2025-01-22T09:29:16+00:00\",\"dateModified\":\"2025-01-22T10:26:09+00:00\",\"breadcrumb\":{\"@id\":\"https:\/\/nuevo-renacer.com\/maria-oneill\/#breadcrumb\"},\"inLanguage\":\"it-IT\",\"potentialAction\":[{\"@type\":\"ReadAction\",\"target\":[\"https:\/\/nuevo-renacer.com\/maria-oneill\/\"]}]},{\"@type\":\"ImageObject\",\"inLanguage\":\"it-IT\",\"@id\":\"https:\/\/nuevo-renacer.com\/maria-oneill\/#primaryimage\",\"url\":\"https:\/\/nuevo-renacer.com\/wp-content\/uploads\/2025\/01\/images-1.jpg\",\"contentUrl\":\"https:\/\/nuevo-renacer.com\/wp-content\/uploads\/2025\/01\/images-1.jpg\"},{\"@type\":\"BreadcrumbList\",\"@id\":\"https:\/\/nuevo-renacer.com\/maria-oneill\/#breadcrumb\",\"itemListElement\":[{\"@type\":\"ListItem\",\"position\":1,\"name\":\"Startseite\",\"item\":\"https:\/\/nuevo-renacer.com\/\"},{\"@type\":\"ListItem\",\"position\":2,\"name\":\"Maria O\u00b4Neill\"}]},{\"@type\":\"WebSite\",\"@id\":\"https:\/\/nuevo-renacer.com\/#website\",\"url\":\"https:\/\/nuevo-renacer.com\/\",\"name\":\"Uni\u00f3n Esp\u00edrita\",\"description\":\"Nuevo Renacer\",\"publisher\":{\"@id\":\"https:\/\/nuevo-renacer.com\/#organization\"},\"potentialAction\":[{\"@type\":\"SearchAction\",\"target\":{\"@type\":\"EntryPoint\",\"urlTemplate\":\"https:\/\/nuevo-renacer.com\/?s={search_term_string}\"},\"query-input\":{\"@type\":\"PropertyValueSpecification\",\"valueRequired\":true,\"valueName\":\"search_term_string\"}}],\"inLanguage\":\"it-IT\"},{\"@type\":\"Organization\",\"@id\":\"https:\/\/nuevo-renacer.com\/#organization\",\"name\":\"UFEC\",\"url\":\"https:\/\/nuevo-renacer.com\/\",\"logo\":{\"@type\":\"ImageObject\",\"inLanguage\":\"it-IT\",\"@id\":\"https:\/\/nuevo-renacer.com\/#\/schema\/logo\/image\/\",\"url\":\"https:\/\/nuevo-renacer.com\/wp-content\/uploads\/2024\/05\/cropped-LOGO-TERMINADO1-3-3.png\",\"contentUrl\":\"https:\/\/nuevo-renacer.com\/wp-content\/uploads\/2024\/05\/cropped-LOGO-TERMINADO1-3-3.png\",\"width\":512,\"height\":512,\"caption\":\"UFEC\"},\"image\":{\"@id\":\"https:\/\/nuevo-renacer.com\/#\/schema\/logo\/image\/\"},\"sameAs\":[\"https:\/\/www.facebook.com\/groups\/3431398063740829\"]}]}<\/script>\n<!-- \/ Yoast SEO Premium plugin. -->","yoast_head_json":{"title":"Maria O\u00b4Neill - Uni\u00f3n Esp\u00edrita","robots":{"index":"index","follow":"follow","max-snippet":"max-snippet:-1","max-image-preview":"max-image-preview:large","max-video-preview":"max-video-preview:-1"},"canonical":"https:\/\/nuevo-renacer.com\/it\/maria-oneill\/","og_locale":"it_IT","og_type":"article","og_title":"Maria O\u00b4Neill","og_description":"Maria O\u00b4Neill Mar\u00eda O&#8217;Neill, escritora, se inici\u00f3 en la teosof\u00eda, interes\u00e1ndose posteriormente por el espiritismo, al que dedic\u00f3 hasta el final de sus d\u00edas una gran parte de su existencia. Particip\u00f3 en el I Congreso Esp\u00edrita Portugu\u00e9s y dio a la FEP la m\u00e1s dedicada colaboraci\u00f3n. Fue parte del cuerpo redactor de la revista Espiritismo, [&hellip;]","og_url":"https:\/\/nuevo-renacer.com\/it\/maria-oneill\/","og_site_name":"Uni\u00f3n Esp\u00edrita","article_publisher":"https:\/\/www.facebook.com\/groups\/3431398063740829","article_modified_time":"2025-01-22T10:26:09+00:00","og_image":[{"width":190,"height":217,"url":"https:\/\/nuevo-renacer.com\/wp-content\/uploads\/2025\/01\/images-1.jpg","type":"image\/jpeg"}],"twitter_card":"summary_large_image","twitter_misc":{"Tempo di lettura stimato":"3 minuti"},"schema":{"@context":"https:\/\/schema.org","@graph":[{"@type":"WebPage","@id":"https:\/\/nuevo-renacer.com\/maria-oneill\/","url":"https:\/\/nuevo-renacer.com\/maria-oneill\/","name":"Maria O\u00b4Neill - Uni\u00f3n Esp\u00edrita","isPartOf":{"@id":"https:\/\/nuevo-renacer.com\/#website"},"primaryImageOfPage":{"@id":"https:\/\/nuevo-renacer.com\/maria-oneill\/#primaryimage"},"image":{"@id":"https:\/\/nuevo-renacer.com\/maria-oneill\/#primaryimage"},"thumbnailUrl":"https:\/\/nuevo-renacer.com\/wp-content\/uploads\/2025\/01\/images-1.jpg","datePublished":"2025-01-22T09:29:16+00:00","dateModified":"2025-01-22T10:26:09+00:00","breadcrumb":{"@id":"https:\/\/nuevo-renacer.com\/maria-oneill\/#breadcrumb"},"inLanguage":"it-IT","potentialAction":[{"@type":"ReadAction","target":["https:\/\/nuevo-renacer.com\/maria-oneill\/"]}]},{"@type":"ImageObject","inLanguage":"it-IT","@id":"https:\/\/nuevo-renacer.com\/maria-oneill\/#primaryimage","url":"https:\/\/nuevo-renacer.com\/wp-content\/uploads\/2025\/01\/images-1.jpg","contentUrl":"https:\/\/nuevo-renacer.com\/wp-content\/uploads\/2025\/01\/images-1.jpg"},{"@type":"BreadcrumbList","@id":"https:\/\/nuevo-renacer.com\/maria-oneill\/#breadcrumb","itemListElement":[{"@type":"ListItem","position":1,"name":"Startseite","item":"https:\/\/nuevo-renacer.com\/"},{"@type":"ListItem","position":2,"name":"Maria O\u00b4Neill"}]},{"@type":"WebSite","@id":"https:\/\/nuevo-renacer.com\/#website","url":"https:\/\/nuevo-renacer.com\/","name":"Uni\u00f3n Esp\u00edrita","description":"Nuevo Renacer","publisher":{"@id":"https:\/\/nuevo-renacer.com\/#organization"},"potentialAction":[{"@type":"SearchAction","target":{"@type":"EntryPoint","urlTemplate":"https:\/\/nuevo-renacer.com\/?s={search_term_string}"},"query-input":{"@type":"PropertyValueSpecification","valueRequired":true,"valueName":"search_term_string"}}],"inLanguage":"it-IT"},{"@type":"Organization","@id":"https:\/\/nuevo-renacer.com\/#organization","name":"UFEC","url":"https:\/\/nuevo-renacer.com\/","logo":{"@type":"ImageObject","inLanguage":"it-IT","@id":"https:\/\/nuevo-renacer.com\/#\/schema\/logo\/image\/","url":"https:\/\/nuevo-renacer.com\/wp-content\/uploads\/2024\/05\/cropped-LOGO-TERMINADO1-3-3.png","contentUrl":"https:\/\/nuevo-renacer.com\/wp-content\/uploads\/2024\/05\/cropped-LOGO-TERMINADO1-3-3.png","width":512,"height":512,"caption":"UFEC"},"image":{"@id":"https:\/\/nuevo-renacer.com\/#\/schema\/logo\/image\/"},"sameAs":["https:\/\/www.facebook.com\/groups\/3431398063740829"]}]}},"uagb_featured_image_src":{"full":false,"thumbnail":false,"medium":false,"medium_large":false,"large":false,"1536x1536":false,"2048x2048":false,"trp-custom-language-flag":false},"uagb_author_info":{"display_name":"adbv0","author_link":"https:\/\/nuevo-renacer.com\/it\/author\/adbv0\/"},"uagb_comment_info":0,"uagb_excerpt":"Maria O\u00b4Neill Mar\u00eda O&#8217;Neill, escritora, se inici\u00f3 en la teosof\u00eda, interes\u00e1ndose posteriormente por el espiritismo, al que dedic\u00f3 hasta el final de sus d\u00edas una gran parte de su existencia. Particip\u00f3 en el I Congreso Esp\u00edrita Portugu\u00e9s y dio a la FEP la m\u00e1s dedicada colaboraci\u00f3n. Fue parte del cuerpo redactor de la revista Espiritismo,&hellip;","jetpack_sharing_enabled":true,"_links":{"self":[{"href":"https:\/\/nuevo-renacer.com\/it\/wp-json\/wp\/v2\/pages\/6848","targetHints":{"allow":["GET"]}}],"collection":[{"href":"https:\/\/nuevo-renacer.com\/it\/wp-json\/wp\/v2\/pages"}],"about":[{"href":"https:\/\/nuevo-renacer.com\/it\/wp-json\/wp\/v2\/types\/page"}],"author":[{"embeddable":true,"href":"https:\/\/nuevo-renacer.com\/it\/wp-json\/wp\/v2\/users\/1"}],"replies":[{"embeddable":true,"href":"https:\/\/nuevo-renacer.com\/it\/wp-json\/wp\/v2\/comments?post=6848"}],"version-history":[{"count":4,"href":"https:\/\/nuevo-renacer.com\/it\/wp-json\/wp\/v2\/pages\/6848\/revisions"}],"predecessor-version":[{"id":6856,"href":"https:\/\/nuevo-renacer.com\/it\/wp-json\/wp\/v2\/pages\/6848\/revisions\/6856"}],"wp:attachment":[{"href":"https:\/\/nuevo-renacer.com\/it\/wp-json\/wp\/v2\/media?parent=6848"}],"curies":[{"name":"wp","href":"https:\/\/api.w.org\/{rel}","templated":true}]}}