{"id":6776,"date":"2025-01-14T08:32:02","date_gmt":"2025-01-14T08:32:02","guid":{"rendered":"https:\/\/nuevo-renacer.com\/?page_id=6776"},"modified":"2025-01-14T08:56:48","modified_gmt":"2025-01-14T08:56:48","slug":"irma-scheilla","status":"publish","type":"page","link":"https:\/\/nuevo-renacer.com\/it\/irma-scheilla\/","title":{"rendered":"Irma Scheilla"},"content":{"rendered":"<div class=\"wp-block-uagb-container uagb-block-76d47571 alignfull uagb-is-root-container\"><div class=\"uagb-container-inner-blocks-wrap\">\n<p class=\"has-black-color has-text-color has-link-color has-medium-font-size wp-elements-6a6d00b17493b13780a00dcced33a4a5\"><strong>Irma Scheilla<\/strong><\/p>\n<\/div><\/div>\n\n\n\n<div class=\"wp-block-uagb-container uagb-block-022513ae alignfull uagb-is-root-container\"><div class=\"uagb-container-inner-blocks-wrap\">\n<figure class=\"wp-block-image size-full is-resized\"><img fetchpriority=\"high\" decoding=\"async\" width=\"872\" height=\"900\" src=\"https:\/\/nuevo-renacer.com\/wp-content\/uploads\/2025\/01\/unnamed.jpg\" alt=\"\" class=\"wp-image-6779\" style=\"width:315px;height:auto\" srcset=\"https:\/\/nuevo-renacer.com\/wp-content\/uploads\/2025\/01\/unnamed.jpg 872w, https:\/\/nuevo-renacer.com\/wp-content\/uploads\/2025\/01\/unnamed-291x300.jpg 291w, https:\/\/nuevo-renacer.com\/wp-content\/uploads\/2025\/01\/unnamed-768x793.jpg 768w, https:\/\/nuevo-renacer.com\/wp-content\/uploads\/2025\/01\/unnamed-12x12.jpg 12w\" sizes=\"(max-width: 872px) 100vw, 872px\" \/><\/figure>\n<\/div><\/div>\n\n\n\n<div class=\"wp-block-uagb-container uagb-block-2f4ec259 alignfull uagb-is-root-container\"><div class=\"uagb-container-inner-blocks-wrap\">\n<p class=\"has-black-color has-text-color has-link-color has-small-font-size wp-elements-8b277dbba5a29e0bb98bdf73131ff156\">La Hermana Scheilla es una personalidad conocida por dos de sus encarnaciones. La primera tuvo lugar en Francia entre 1572 y 1641, cuando se llamaba Jeanne Frances Fr\u00e9miot. A los 20 a\u00f1os se cas\u00f3 con el bar\u00f3n de Chantal y, siguiendo la predicaci\u00f3n de su marido, decidi\u00f3 seguir el mismo camino. En 1610, la pareja fund\u00f3 la Congregaci\u00f3n de la Visitaci\u00f3n de Mar\u00eda en Annecy. De 1612 a 1619, la Baronesa dirigi\u00f3 una de las casas fundadas en Par\u00eds y lleg\u00f3 a ser Superiora de la Orden de la Visitaci\u00f3n, pero luego regres\u00f3 a la sede de la Orden. M\u00e1s de un siglo despu\u00e9s de su muerte, en 1767, fue canonizada por la Iglesia Cat\u00f3lica como Santa Juana de Chantal.<\/p>\n\n\n\n<p class=\"has-black-color has-text-color has-link-color has-small-font-size wp-elements-3b81b4394e68cb57c282bfba0c886be6\">La otra reencarnaci\u00f3n de la que se tiene constancia se produjo con el nombre de Scheilla. Esta vez vivi\u00f3 en Alemania durante la Segunda Guerra Mundial. Fue por poco tiempo, ya que Scheilla se desencarn\u00f3 en el campo de batalla a la edad de 28 a\u00f1os. Trabajaba como enfermera y estaba de guardia.<\/p>\n\n\n\n<p class=\"has-black-color has-text-color has-link-color has-small-font-size wp-elements-2efbae3aab83b815aa464523b6f1d13b\"><strong>\u00bfQui\u00e9n era la hermana Scheilla en el espiritismo?<\/strong><\/p>\n\n\n\n<p class=\"has-black-color has-text-color has-link-color has-small-font-size wp-elements-0eb8215cf0f61ae25fd54ffdeb6ccec9\">Scheilla es un nombre muy conocido en la literatura espiritista. Esto se debe a que la espiritista Scheilla entr\u00f3 en contacto con importantes m\u00e9diums que publicaron importantes obras en Brasil, como Chico Xavier. Pero el papel de la hermana Scheilla en el Espiritismo va m\u00e1s all\u00e1 de los mensajes que env\u00eda y publica en sus libros. Scheilla realiza un trabajo espiritual muy importante en la Colonia Espiritual Alvorada Nova.<\/p>\n\n\n\n<p class=\"has-black-color has-text-color has-link-color has-small-font-size wp-elements-75be4291340466ed097cb9da73debb0f\"><strong>Hermana Scheilla: la enfermera de arriba<\/strong><\/p>\n\n\n\n<p class=\"has-black-color has-text-color has-link-color has-small-font-size wp-elements-2704608bb4467d412471df052fa1d9bc\">En su \u00faltima encarnaci\u00f3n, Scheilla fue enfermera. Seg\u00fan cuentan, se dedicaba plenamente a su profesi\u00f3n y siempre daba prioridad al sufrimiento de los dem\u00e1s. Este estilo no s\u00f3lo permaneci\u00f3, sino que se perfeccion\u00f3 en el mundo espiritual, y Scheilla fue llamada la Enfermera de Arriba. En la Colonia Espiritual Alvorada Nova, Scheila coordina un equipo que forma el consejo de la residencia de ancianos. Con el apoyo de hermanos y hermanas encarnados, ella promueve la curaci\u00f3n espiritual de los esp\u00edritus en ambos niveles.<\/p>\n\n\n\n<p class=\"has-black-color has-text-color has-link-color has-small-font-size wp-elements-6f772411ee5d15d93cecc1a12c7e05f2\">El grupo de la Hermandad Esp\u00edrita de la Hermana Scheilla, con sede en Belo Horizonte, trabaja en la espiritualidad tra\u00edda por la Hermana Scheilla.<br>La historia del grupo relata que el 16 de octubre de 1949, Esp\u00edritu Scheilla refrend\u00f3 la fundaci\u00f3n del primer grupo de la Hermandad en el pa\u00eds e hizo la siguiente declaraci\u00f3n:<\/p>\n\n\n\n<p class=\"has-black-color has-text-color has-link-color has-small-font-size wp-elements-90088954dc55ee3416a17a4be1a5e44e\">\u00ab<em>Amigos m\u00edos, que la paz del Maestro fortalezca nuestras intenciones. Nuestro grupo de fraternidad ser\u00e1 uno de los pilares que nos dar\u00e1, a nosotros y a todos los que a \u00e9l acudan, momentos de recompensa y alegr\u00eda interior. Pronto estaremos realizando una obra maravillosa que nos traer\u00e1 nuevas y crecientes alegr\u00edas. Que el Padre nos escuche y nos bendiga\u00bb.<\/em><\/p>\n\n\n\n<p class=\"has-black-color has-text-color has-link-color has-small-font-size wp-elements-a1824188f6be2fb8bc234a8af657e701\">Divaldo Franco, uno de los mayores m\u00e9diums y oradores espiritistas, comparte una de sus historias con la Hermana Scheilla. En esta ocasi\u00f3n, en la que tambi\u00e9n estaba presente Chico Xavier, la enfermera celestial apareci\u00f3 para curar un dolor de garganta que le ven\u00eda molestando mucho.<\/p>\n\n\n\n<p class=\"has-black-color has-text-color has-link-color has-small-font-size wp-elements-2d2762a3ec5390c469f44368ed807a7c\">La Hermana Scheilla nos regal\u00f3 hermosos pensamientos y valiosas ense\u00f1anzas que fueron transmitidas a trav\u00e9s de los m\u00e9diums.<\/p>\n\n\n\n<p class=\"has-black-color has-text-color has-link-color wp-elements-dbeb63db413cee4ab7174a43ce2f1c18\"><strong>1. Luz en la casa<\/strong><\/p>\n\n\n\n<p class=\"has-black-color has-text-color has-link-color has-small-font-size wp-elements-fa85768d2e5d96af859f95f0674b363c\">Organicemos nuestro c\u00edrculo del hogar evang\u00e9lico. El hogar es el coraz\u00f3n del organismo social. Nuestra misi\u00f3n en el mundo comienza en casa. Dentro de las paredes del templo familiar nos preparamos para la vida con todos. Fuera, en el gran campo de la experiencia p\u00fablica, seremos la continuaci\u00f3n de lo que ya somos en la intimidad de nosotros mismos. Evitemos la frustraci\u00f3n espiritual y busquemos el cultivo sublime de nuestros ideales con Jes\u00fas en la reliquia dom\u00e9stica. El Evangelio comenz\u00f3 en el pesebre y permaneci\u00f3 en el humilde y laborioso hogar de Nazaret antes de extenderse por todo el mundo. Mantengamos viva la llama de nuestra esperanza en el hogar, estudiando la revelaci\u00f3n divina, practicando la fraternidad y creciendo en amor y sabidur\u00eda, pues, seg\u00fan la promesa del Evangelio redentor, Jes\u00fas estar\u00e1 \u00abdonde haya dos o tres corazones en su nombre\u00bb y nos sostendr\u00e1 en nuestro ascenso hacia la luz celestial, hoy, ma\u00f1ana y siempre.<\/p>\n\n\n\n<p class=\"has-black-color has-text-color has-link-color wp-elements-d9b48e61a55635262f3611fa25f9b1c8\"><strong>2.<\/strong> <strong>La receta exacta<\/strong><\/p>\n\n\n\n<p class=\"has-black-color has-text-color has-link-color has-small-font-size wp-elements-3ea6254af1341a7a7b6fb95ffc670174\">Hay tres actitudes que pueden ayudarte a alcanzar una mayor paz interior. La oraci\u00f3n sincera abre tu coraz\u00f3n para que puedas entrar en contacto con las energ\u00edas del Alt\u00edsimo. Trabajar por el bien te permitir\u00e1 purificar tu mente y te conducir\u00e1 a mayores logros. El amor por los que sufren te ayudar\u00e1 a superarte a ti mismo para que puedas encontrar al Padre en tu coraz\u00f3n. Oraci\u00f3n, trabajo y amor son la receta adecuada para que la luz de tu esp\u00edritu se difunda e ilumine tus pasos.<\/p>\n\n\n\n<p class=\"has-black-color has-text-color has-link-color wp-elements-ea256d6e078263c05208bcaed9ceb0ca\"><strong>3. Pensar y querer<\/strong><\/p>\n\n\n\n<p class=\"has-black-color has-text-color has-link-color has-small-font-size wp-elements-4a511aa51fdf0def1b3368d76400d3a8\">El hombre es capaz de desarrollar sofisticados sistemas de radar para detectar la presencia extranjera a grandes distancias, pero a\u00fan no ha conseguido construir un sistema de vigilancia en torno a su propia mente. Cada pensamiento establece una conexi\u00f3n. Al pensar, el ser interact\u00faa con sus semejantes y establece conexiones en funci\u00f3n del campo mental que le rodea. Cuando la situaci\u00f3n es generada por pensamientos desafortunados, se establecen presencias no deseadas del plano extraf\u00edsico, consolidando el inicio de procesos coercitivos que pueden envolver a la persona en dolorosos procesos de sometimiento. Sin embargo, hay que subrayar que hay un largo trecho entre acercarse a un pensamiento infeliz y aceptarlo en nuestro campo mental. Los pensamientos infelices se dan en todas las personas del mundo. Sin embargo, debemos estar lo suficientemente atentos como para enfrentarnos a ellos con el escudo del sentido com\u00fan para que nuestra vida interior pueda desarrollarse sobre la base de un equilibrio deseable. Piensa con amor y la luz de tus pensamientos te iluminar\u00e1 desde dentro.<\/p>\n\n\n\n<p class=\"has-black-color has-text-color has-link-color wp-elements-ad9d2a8c212eb180730e19d5996ad682\"><strong>4. Siembra esperanza<\/strong><\/p>\n\n\n\n<p class=\"has-black-color has-text-color has-link-color has-small-font-size wp-elements-2ec28a3aa3d0e7b07069e0667b41a227\">Hay millones de ellos. Viven en chozas y palacios. Muchos se esconden bajo la apariencia de un puesto temporal. Son los desesperados del mundo. Se les puede encontrar en la calle, en el trabajo, en sus propias casas. Criaturas que se han visto envueltas en pruebas y han perdido el coraz\u00f3n y el equilibrio. Estas personas han visto a sus seres queridos pasar al m\u00e1s all\u00e1 sin darse cuenta de que la vida contin\u00faa. Uno fue golpeado por una larga enfermedad. Otro fue golpeado por la decepci\u00f3n y empez\u00f3 a desconfiar de todo el mundo. No les critiques ni les cuestiones. Ay\u00fadales. Escucha con inter\u00e9s y ayuda con amor. Cada mente es un campo que hay que cultivar. Sembrar esperanza es el deber de todo aquel que ha encontrado la luz de la verdad. Por supuesto, la misericordia divina sabe apoyar a los que sufren. Pero Jes\u00fas no prescinde de la cooperaci\u00f3n de todos los aprendices del bien para aliviar el sufrimiento y dar esperanza a los que lloran.<\/p>\n\n\n\n<p class=\"has-black-color has-text-color has-link-color wp-elements-ef34f906cc9f8c18fc092c6a7a662554\"><strong>5. Salud y amor<\/strong><\/p>\n\n\n\n<p class=\"has-black-color has-text-color has-link-color has-small-font-size wp-elements-4a1b2e371ba214d7660c60a791760974\">Si te esfuerzas por conseguir una salud f\u00edsica y espiritual integral, aprende a amar. Al igual que la linfa que brota del pozo se convierte en un r\u00edo que riega el terreno que atraviesa, el amor que brota del coraz\u00f3n fraterno se convierte en una energ\u00eda luminosa que favorece el equilibrio de las c\u00e9lulas. Quienes han aprendido el valor del verdadero amor saben salir de s\u00ed mismos para ir al encuentro de los dem\u00e1s. Por eso no conocen la soledad.<\/p>\n\n\n\n<p class=\"has-black-color has-text-color has-link-color has-small-font-size wp-elements-ddbabdcce725353306c6974ca2494bbf\">Adem\u00e1s de sus mensajes, la Hermana Scheilla tambi\u00e9n nos dej\u00f3 una hermosa oraci\u00f3n que fue publicada en el libro Vis\u00e3o Nova, de Chico Xavier.<\/p>\n\n\n\n<p class=\"has-black-color has-text-color has-link-color has-small-font-size wp-elements-286a0d75a572483a019df303da62bddb\">\u00ab\u00a1Amado Jes\u00fas!<\/p>\n\n\n\n<p class=\"has-black-color has-text-color has-link-color has-small-font-size wp-elements-dbc028ad609cabf2501b2df442d37b58\">Te pedimos que bendigas nuestra casa de fraternidad y esperamos tu ayuda para que podamos poner en pr\u00e1ctica el amor que nos has dado.<\/p>\n\n\n\n<p class=\"has-black-color has-text-color has-link-color has-small-font-size wp-elements-3da961a6268fdb9f09f437b707a3cf90\">Ay\u00fadanos a practicar la misericordia y la comprensi\u00f3n, ense\u00f1\u00e1ndonos a olvidar el mal y a cultivar el bien, en la paciencia y la tolerancia de unos con otros.<\/p>\n\n\n\n<p class=\"has-black-color has-text-color has-link-color has-small-font-size wp-elements-fcc12927515a62872b1c5ecccf135d7c\">Ay\u00fadanos a comprender y a servir para que nuestra fe no sea in\u00fatil.<\/p>\n\n\n\n<p class=\"has-black-color has-text-color has-link-color has-small-font-size wp-elements-5fd5b9c785cbb10907df1c2af6ac4f37\">Acoge con caridad el plan de cada d\u00eda y an\u00edmanos a trabajar edificantemente para que nuestro tiempo no sea in\u00fatil.<\/p>\n\n\n\n<p class=\"has-black-color has-text-color has-link-color has-small-font-size wp-elements-fd369b0fc5f457600328baec64ccc784\">Sobre todo, Se\u00f1or, conc\u00e9denos humildad, para que la humildad nos haga instrumentos d\u00f3ciles en tus manos.<\/p>\n\n\n\n<p class=\"has-black-color has-text-color has-link-color has-small-font-size wp-elements-2b61086c70815d6c743b6bbc993db2a1\">Y agradeci\u00e9ndote el privilegio de trabajar en nuestro templo de oraci\u00f3n, alabamos hoy y siempre tu infinita bondad.\u00bb<\/p>\n<\/div><\/div>\n\n\n\n<div class=\"wp-block-uagb-container uagb-block-a01d170e alignfull uagb-is-root-container\"><div class=\"uagb-container-inner-blocks-wrap\"><\/div><\/div>\n\n\n\n<div class=\"wp-block-uagb-container uagb-block-dabaf0a2 alignfull uagb-is-root-container\"><div class=\"uagb-container-inner-blocks-wrap\"><\/div><\/div>","protected":false},"excerpt":{"rendered":"<p>Irma Scheilla La Hermana Scheilla es una personalidad conocida por dos de sus encarnaciones. La primera tuvo lugar en Francia entre 1572 y 1641, cuando se llamaba Jeanne Frances Fr\u00e9miot. A los 20 a\u00f1os se cas\u00f3 con el bar\u00f3n de Chantal y, siguiendo la predicaci\u00f3n de su marido, decidi\u00f3 seguir el mismo camino. En 1610, [&hellip;]<\/p>","protected":false},"author":1,"featured_media":0,"parent":0,"menu_order":0,"comment_status":"closed","ping_status":"closed","template":"","meta":{"_uag_custom_page_level_css":"","site-sidebar-layout":"default","site-content-layout":"","ast-site-content-layout":"default","site-content-style":"default","site-sidebar-style":"default","ast-global-header-display":"","ast-banner-title-visibility":"","ast-main-header-display":"","ast-hfb-above-header-display":"","ast-hfb-below-header-display":"","ast-hfb-mobile-header-display":"","site-post-title":"disabled","ast-breadcrumbs-content":"","ast-featured-img":"","footer-sml-layout":"","theme-transparent-header-meta":"","adv-header-id-meta":"","stick-header-meta":"","header-above-stick-meta":"","header-main-stick-meta":"","header-below-stick-meta":"","astra-migrate-meta-layouts":"set","ast-page-background-enabled":"default","ast-page-background-meta":{"desktop":{"background-color":"var(--ast-global-color-4)","background-image":"","background-repeat":"repeat","background-position":"center center","background-size":"auto","background-attachment":"scroll","background-type":"","background-media":"","overlay-type":"","overlay-color":"","overlay-opacity":"","overlay-gradient":""},"tablet":{"background-color":"","background-image":"","background-repeat":"repeat","background-position":"center center","background-size":"auto","background-attachment":"scroll","background-type":"","background-media":"","overlay-type":"","overlay-color":"","overlay-opacity":"","overlay-gradient":""},"mobile":{"background-color":"","background-image":"","background-repeat":"repeat","background-position":"center center","background-size":"auto","background-attachment":"scroll","background-type":"","background-media":"","overlay-type":"","overlay-color":"","overlay-opacity":"","overlay-gradient":""}},"ast-content-background-meta":{"desktop":{"background-color":"var(--ast-global-color-5)","background-image":"","background-repeat":"repeat","background-position":"center center","background-size":"auto","background-attachment":"scroll","background-type":"","background-media":"","overlay-type":"","overlay-color":"","overlay-opacity":"","overlay-gradient":""},"tablet":{"background-color":"var(--ast-global-color-5)","background-image":"","background-repeat":"repeat","background-position":"center center","background-size":"auto","background-attachment":"scroll","background-type":"","background-media":"","overlay-type":"","overlay-color":"","overlay-opacity":"","overlay-gradient":""},"mobile":{"background-color":"var(--ast-global-color-5)","background-image":"","background-repeat":"repeat","background-position":"center center","background-size":"auto","background-attachment":"scroll","background-type":"","background-media":"","overlay-type":"","overlay-color":"","overlay-opacity":"","overlay-gradient":""}},"footnotes":""},"class_list":["post-6776","page","type-page","status-publish","hentry"],"yoast_head":"<!-- This site is optimized with the Yoast SEO Premium plugin v24.2 (Yoast SEO v24.6) - https:\/\/yoast.com\/wordpress\/plugins\/seo\/ -->\n<title>Irma Scheilla - Uni\u00f3n Esp\u00edrita<\/title>\n<meta name=\"robots\" content=\"index, follow, max-snippet:-1, max-image-preview:large, max-video-preview:-1\" \/>\n<link rel=\"canonical\" href=\"https:\/\/nuevo-renacer.com\/it\/irma-scheilla\/\" \/>\n<meta property=\"og:locale\" content=\"it_IT\" \/>\n<meta property=\"og:type\" content=\"article\" \/>\n<meta property=\"og:title\" content=\"Irma Scheilla\" \/>\n<meta property=\"og:description\" content=\"Irma Scheilla La Hermana Scheilla es una personalidad conocida por dos de sus encarnaciones. La primera tuvo lugar en Francia entre 1572 y 1641, cuando se llamaba Jeanne Frances Fr\u00e9miot. A los 20 a\u00f1os se cas\u00f3 con el bar\u00f3n de Chantal y, siguiendo la predicaci\u00f3n de su marido, decidi\u00f3 seguir el mismo camino. En 1610, [&hellip;]\" \/>\n<meta property=\"og:url\" content=\"https:\/\/nuevo-renacer.com\/it\/irma-scheilla\/\" \/>\n<meta property=\"og:site_name\" content=\"Uni\u00f3n Esp\u00edrita\" \/>\n<meta property=\"article:publisher\" content=\"https:\/\/www.facebook.com\/groups\/3431398063740829\" \/>\n<meta property=\"article:modified_time\" content=\"2025-01-14T08:56:48+00:00\" \/>\n<meta property=\"og:image\" content=\"https:\/\/nuevo-renacer.com\/wp-content\/uploads\/2025\/01\/unnamed.jpg\" \/>\n\t<meta property=\"og:image:width\" content=\"872\" \/>\n\t<meta property=\"og:image:height\" content=\"900\" \/>\n\t<meta property=\"og:image:type\" content=\"image\/jpeg\" \/>\n<meta name=\"twitter:card\" content=\"summary_large_image\" \/>\n<meta name=\"twitter:label1\" content=\"Tempo di lettura stimato\" \/>\n\t<meta name=\"twitter:data1\" content=\"7 minuti\" \/>\n<script type=\"application\/ld+json\" class=\"yoast-schema-graph\">{\"@context\":\"https:\/\/schema.org\",\"@graph\":[{\"@type\":\"WebPage\",\"@id\":\"https:\/\/nuevo-renacer.com\/irma-scheilla\/\",\"url\":\"https:\/\/nuevo-renacer.com\/irma-scheilla\/\",\"name\":\"Irma Scheilla - Uni\u00f3n Esp\u00edrita\",\"isPartOf\":{\"@id\":\"https:\/\/nuevo-renacer.com\/#website\"},\"primaryImageOfPage\":{\"@id\":\"https:\/\/nuevo-renacer.com\/irma-scheilla\/#primaryimage\"},\"image\":{\"@id\":\"https:\/\/nuevo-renacer.com\/irma-scheilla\/#primaryimage\"},\"thumbnailUrl\":\"https:\/\/nuevo-renacer.com\/wp-content\/uploads\/2025\/01\/unnamed.jpg\",\"datePublished\":\"2025-01-14T08:32:02+00:00\",\"dateModified\":\"2025-01-14T08:56:48+00:00\",\"breadcrumb\":{\"@id\":\"https:\/\/nuevo-renacer.com\/irma-scheilla\/#breadcrumb\"},\"inLanguage\":\"it-IT\",\"potentialAction\":[{\"@type\":\"ReadAction\",\"target\":[\"https:\/\/nuevo-renacer.com\/irma-scheilla\/\"]}]},{\"@type\":\"ImageObject\",\"inLanguage\":\"it-IT\",\"@id\":\"https:\/\/nuevo-renacer.com\/irma-scheilla\/#primaryimage\",\"url\":\"https:\/\/nuevo-renacer.com\/wp-content\/uploads\/2025\/01\/unnamed.jpg\",\"contentUrl\":\"https:\/\/nuevo-renacer.com\/wp-content\/uploads\/2025\/01\/unnamed.jpg\"},{\"@type\":\"BreadcrumbList\",\"@id\":\"https:\/\/nuevo-renacer.com\/irma-scheilla\/#breadcrumb\",\"itemListElement\":[{\"@type\":\"ListItem\",\"position\":1,\"name\":\"Startseite\",\"item\":\"https:\/\/nuevo-renacer.com\/\"},{\"@type\":\"ListItem\",\"position\":2,\"name\":\"Irma Scheilla\"}]},{\"@type\":\"WebSite\",\"@id\":\"https:\/\/nuevo-renacer.com\/#website\",\"url\":\"https:\/\/nuevo-renacer.com\/\",\"name\":\"Uni\u00f3n Esp\u00edrita\",\"description\":\"Nuevo Renacer\",\"publisher\":{\"@id\":\"https:\/\/nuevo-renacer.com\/#organization\"},\"potentialAction\":[{\"@type\":\"SearchAction\",\"target\":{\"@type\":\"EntryPoint\",\"urlTemplate\":\"https:\/\/nuevo-renacer.com\/?s={search_term_string}\"},\"query-input\":{\"@type\":\"PropertyValueSpecification\",\"valueRequired\":true,\"valueName\":\"search_term_string\"}}],\"inLanguage\":\"it-IT\"},{\"@type\":\"Organization\",\"@id\":\"https:\/\/nuevo-renacer.com\/#organization\",\"name\":\"UFEC\",\"url\":\"https:\/\/nuevo-renacer.com\/\",\"logo\":{\"@type\":\"ImageObject\",\"inLanguage\":\"it-IT\",\"@id\":\"https:\/\/nuevo-renacer.com\/#\/schema\/logo\/image\/\",\"url\":\"https:\/\/nuevo-renacer.com\/wp-content\/uploads\/2024\/05\/cropped-LOGO-TERMINADO1-3-3.png\",\"contentUrl\":\"https:\/\/nuevo-renacer.com\/wp-content\/uploads\/2024\/05\/cropped-LOGO-TERMINADO1-3-3.png\",\"width\":512,\"height\":512,\"caption\":\"UFEC\"},\"image\":{\"@id\":\"https:\/\/nuevo-renacer.com\/#\/schema\/logo\/image\/\"},\"sameAs\":[\"https:\/\/www.facebook.com\/groups\/3431398063740829\"]}]}<\/script>\n<!-- \/ Yoast SEO Premium plugin. -->","yoast_head_json":{"title":"Irma Scheilla - Uni\u00f3n Esp\u00edrita","robots":{"index":"index","follow":"follow","max-snippet":"max-snippet:-1","max-image-preview":"max-image-preview:large","max-video-preview":"max-video-preview:-1"},"canonical":"https:\/\/nuevo-renacer.com\/it\/irma-scheilla\/","og_locale":"it_IT","og_type":"article","og_title":"Irma Scheilla","og_description":"Irma Scheilla La Hermana Scheilla es una personalidad conocida por dos de sus encarnaciones. La primera tuvo lugar en Francia entre 1572 y 1641, cuando se llamaba Jeanne Frances Fr\u00e9miot. A los 20 a\u00f1os se cas\u00f3 con el bar\u00f3n de Chantal y, siguiendo la predicaci\u00f3n de su marido, decidi\u00f3 seguir el mismo camino. En 1610, [&hellip;]","og_url":"https:\/\/nuevo-renacer.com\/it\/irma-scheilla\/","og_site_name":"Uni\u00f3n Esp\u00edrita","article_publisher":"https:\/\/www.facebook.com\/groups\/3431398063740829","article_modified_time":"2025-01-14T08:56:48+00:00","og_image":[{"width":872,"height":900,"url":"https:\/\/nuevo-renacer.com\/wp-content\/uploads\/2025\/01\/unnamed.jpg","type":"image\/jpeg"}],"twitter_card":"summary_large_image","twitter_misc":{"Tempo di lettura stimato":"7 minuti"},"schema":{"@context":"https:\/\/schema.org","@graph":[{"@type":"WebPage","@id":"https:\/\/nuevo-renacer.com\/irma-scheilla\/","url":"https:\/\/nuevo-renacer.com\/irma-scheilla\/","name":"Irma Scheilla - Uni\u00f3n Esp\u00edrita","isPartOf":{"@id":"https:\/\/nuevo-renacer.com\/#website"},"primaryImageOfPage":{"@id":"https:\/\/nuevo-renacer.com\/irma-scheilla\/#primaryimage"},"image":{"@id":"https:\/\/nuevo-renacer.com\/irma-scheilla\/#primaryimage"},"thumbnailUrl":"https:\/\/nuevo-renacer.com\/wp-content\/uploads\/2025\/01\/unnamed.jpg","datePublished":"2025-01-14T08:32:02+00:00","dateModified":"2025-01-14T08:56:48+00:00","breadcrumb":{"@id":"https:\/\/nuevo-renacer.com\/irma-scheilla\/#breadcrumb"},"inLanguage":"it-IT","potentialAction":[{"@type":"ReadAction","target":["https:\/\/nuevo-renacer.com\/irma-scheilla\/"]}]},{"@type":"ImageObject","inLanguage":"it-IT","@id":"https:\/\/nuevo-renacer.com\/irma-scheilla\/#primaryimage","url":"https:\/\/nuevo-renacer.com\/wp-content\/uploads\/2025\/01\/unnamed.jpg","contentUrl":"https:\/\/nuevo-renacer.com\/wp-content\/uploads\/2025\/01\/unnamed.jpg"},{"@type":"BreadcrumbList","@id":"https:\/\/nuevo-renacer.com\/irma-scheilla\/#breadcrumb","itemListElement":[{"@type":"ListItem","position":1,"name":"Startseite","item":"https:\/\/nuevo-renacer.com\/"},{"@type":"ListItem","position":2,"name":"Irma Scheilla"}]},{"@type":"WebSite","@id":"https:\/\/nuevo-renacer.com\/#website","url":"https:\/\/nuevo-renacer.com\/","name":"Uni\u00f3n Esp\u00edrita","description":"Nuevo Renacer","publisher":{"@id":"https:\/\/nuevo-renacer.com\/#organization"},"potentialAction":[{"@type":"SearchAction","target":{"@type":"EntryPoint","urlTemplate":"https:\/\/nuevo-renacer.com\/?s={search_term_string}"},"query-input":{"@type":"PropertyValueSpecification","valueRequired":true,"valueName":"search_term_string"}}],"inLanguage":"it-IT"},{"@type":"Organization","@id":"https:\/\/nuevo-renacer.com\/#organization","name":"UFEC","url":"https:\/\/nuevo-renacer.com\/","logo":{"@type":"ImageObject","inLanguage":"it-IT","@id":"https:\/\/nuevo-renacer.com\/#\/schema\/logo\/image\/","url":"https:\/\/nuevo-renacer.com\/wp-content\/uploads\/2024\/05\/cropped-LOGO-TERMINADO1-3-3.png","contentUrl":"https:\/\/nuevo-renacer.com\/wp-content\/uploads\/2024\/05\/cropped-LOGO-TERMINADO1-3-3.png","width":512,"height":512,"caption":"UFEC"},"image":{"@id":"https:\/\/nuevo-renacer.com\/#\/schema\/logo\/image\/"},"sameAs":["https:\/\/www.facebook.com\/groups\/3431398063740829"]}]}},"uagb_featured_image_src":{"full":false,"thumbnail":false,"medium":false,"medium_large":false,"large":false,"1536x1536":false,"2048x2048":false,"trp-custom-language-flag":false},"uagb_author_info":{"display_name":"adbv0","author_link":"https:\/\/nuevo-renacer.com\/it\/author\/adbv0\/"},"uagb_comment_info":0,"uagb_excerpt":"Irma Scheilla La Hermana Scheilla es una personalidad conocida por dos de sus encarnaciones. La primera tuvo lugar en Francia entre 1572 y 1641, cuando se llamaba Jeanne Frances Fr\u00e9miot. A los 20 a\u00f1os se cas\u00f3 con el bar\u00f3n de Chantal y, siguiendo la predicaci\u00f3n de su marido, decidi\u00f3 seguir el mismo camino. En 1610,&hellip;","jetpack_sharing_enabled":true,"_links":{"self":[{"href":"https:\/\/nuevo-renacer.com\/it\/wp-json\/wp\/v2\/pages\/6776","targetHints":{"allow":["GET"]}}],"collection":[{"href":"https:\/\/nuevo-renacer.com\/it\/wp-json\/wp\/v2\/pages"}],"about":[{"href":"https:\/\/nuevo-renacer.com\/it\/wp-json\/wp\/v2\/types\/page"}],"author":[{"embeddable":true,"href":"https:\/\/nuevo-renacer.com\/it\/wp-json\/wp\/v2\/users\/1"}],"replies":[{"embeddable":true,"href":"https:\/\/nuevo-renacer.com\/it\/wp-json\/wp\/v2\/comments?post=6776"}],"version-history":[{"count":4,"href":"https:\/\/nuevo-renacer.com\/it\/wp-json\/wp\/v2\/pages\/6776\/revisions"}],"predecessor-version":[{"id":6785,"href":"https:\/\/nuevo-renacer.com\/it\/wp-json\/wp\/v2\/pages\/6776\/revisions\/6785"}],"wp:attachment":[{"href":"https:\/\/nuevo-renacer.com\/it\/wp-json\/wp\/v2\/media?parent=6776"}],"curies":[{"name":"wp","href":"https:\/\/api.w.org\/{rel}","templated":true}]}}