{"id":6733,"date":"2025-01-09T11:36:07","date_gmt":"2025-01-09T11:36:07","guid":{"rendered":"https:\/\/nuevo-renacer.com\/?page_id=6733"},"modified":"2025-01-09T11:36:07","modified_gmt":"2025-01-09T11:36:07","slug":"william-thomas-stead","status":"publish","type":"page","link":"https:\/\/nuevo-renacer.com\/it\/william-thomas-stead\/","title":{"rendered":"William Thomas Stead"},"content":{"rendered":"<div class=\"wp-block-uagb-container uagb-block-11104380 alignfull uagb-is-root-container\"><div class=\"uagb-container-inner-blocks-wrap\">\n<p class=\"has-black-color has-text-color has-link-color has-medium-font-size wp-elements-67adbae2dd2d7a5cf722d308f7cdd436\"><strong>William Thomas Stead<\/strong><\/p>\n<\/div><\/div>\n\n\n\n<div class=\"wp-block-uagb-container uagb-block-9e92838f alignfull uagb-is-root-container\"><div class=\"uagb-container-inner-blocks-wrap\">\n<figure class=\"wp-block-image size-large is-resized\"><img fetchpriority=\"high\" decoding=\"async\" width=\"722\" height=\"1024\" src=\"https:\/\/nuevo-renacer.com\/wp-content\/uploads\/2025\/01\/William-Thomas-Stead-1890-722x1024.webp\" alt=\"\" class=\"wp-image-6734\" style=\"width:261px;height:auto\" srcset=\"https:\/\/nuevo-renacer.com\/wp-content\/uploads\/2025\/01\/William-Thomas-Stead-1890-722x1024.webp 722w, https:\/\/nuevo-renacer.com\/wp-content\/uploads\/2025\/01\/William-Thomas-Stead-1890-212x300.webp 212w, https:\/\/nuevo-renacer.com\/wp-content\/uploads\/2025\/01\/William-Thomas-Stead-1890-768x1089.webp 768w, https:\/\/nuevo-renacer.com\/wp-content\/uploads\/2025\/01\/William-Thomas-Stead-1890-1083x1536.webp 1083w, https:\/\/nuevo-renacer.com\/wp-content\/uploads\/2025\/01\/William-Thomas-Stead-1890-8x12.webp 8w, https:\/\/nuevo-renacer.com\/wp-content\/uploads\/2025\/01\/William-Thomas-Stead-1890.webp 1128w\" sizes=\"(max-width: 722px) 100vw, 722px\" \/><\/figure>\n<\/div><\/div>\n\n\n\n<div class=\"wp-block-uagb-container uagb-block-5d3d467b alignfull uagb-is-root-container\"><div class=\"uagb-container-inner-blocks-wrap\">\n<p class=\"has-black-color has-text-color has-link-color has-small-font-size wp-elements-0f1c38ef7d2eaeecf10ad9fb764a5757\">Nacido en Embleton, Nothumberland, Inglaterra, el 5 de julio de 1849, y tr\u00e1gicamente desencarnado en la cat\u00e1strofe ocurrida con el transatl\u00e1ntico Titanic, en la noche del 14 al 15 de abril de 1912.<\/p>\n\n\n\n<p class=\"has-black-color has-text-color has-link-color has-small-font-size wp-elements-c4e105b9f352bdf93b8c6ae86cb3a588\">A principios de la d\u00e9cada de 1910, no se hac\u00edan reportajes en ocasi\u00f3n de los grandes acontecimientos. Un notable periodista, William Thomas Stead, tuvo la feliz idea de iniciar este g\u00e9nero de publicidad, que alcanz\u00f3 gran repercusi\u00f3n en Inglaterra.<\/p>\n\n\n\n<p class=\"has-black-color has-text-color has-link-color has-small-font-size wp-elements-db11137c4fe2f1fc2edcbccf0ce76bc2\">Con motivo del lanzamiento del Titanic, el mayor barco del mundo, reputado como insumergible, tales las innovaciones introducidas en \u00e9l y el sistema constructivo, este famoso hombre de prensa fue invitado a hacer el reportaje de su viaje inaugural, dando cobertura period\u00edstica a todo lo que suced\u00eda a bordo.<\/p>\n\n\n\n<p class=\"has-black-color has-text-color has-link-color has-small-font-size wp-elements-82c7938272c798663e9323973610506d\">Sucedi\u00f3, sin embargo, que el barco se estrell\u00f3 contra enormes glaciares y en un intento de rescate ordenado por el comandante, se abri\u00f3 una enorme grieta en su casco, ocasionando su naufragio en la noche del 14 al 15 de abril de 1912.<\/p>\n\n\n\n<p class=\"has-black-color has-text-color has-link-color has-small-font-size wp-elements-e5794f5ee1b76552aee5e6fc384d2f3a\">Entre las mil, quinientas y tres v\u00edctimas, estaba William Thomas Stead. El infausto acontecimiento llen\u00f3 al mundo de consternaci\u00f3n y el Espiritismo qued\u00f3 privado del valioso concurso de un destacado hombre de prensa, hombre que estaba vivamente empe\u00f1ado en divulgar las grandes verdades que hab\u00eda constatado en sus trabajos de investigaci\u00f3n en el campo de la fenomenolog\u00eda medi\u00famnica.<\/p>\n\n\n\n<p class=\"has-black-color has-text-color has-link-color has-small-font-size wp-elements-c9e23842a6bb4c8f0b91163c14853538\">Notable periodista, escritor y publicista ingl\u00e9s, William Thomas Stead se dedic\u00f3 muy joven a esta carrera.<\/p>\n\n\n\n<p class=\"has-black-color has-text-color has-link-color has-small-font-size wp-elements-ffbd8317705bd75cfad7e701a28f0b2b\">En el a\u00f1o 1871, dirigi\u00f3 el Norhern Echo de la ciudad de Darlington y, en los a\u00f1os 1883 a 1889, dirigi\u00f3 el Pall Mall Gazette.<\/p>\n\n\n\n<p class=\"has-black-color has-text-color has-link-color has-small-font-size wp-elements-0ba8b679d6292682a6c778f37eb29869\">En el a\u00f1o 1890, fund\u00f3 la Review of Rewies y en 1893 y 1894 lanz\u00f3 numerosas revistas del mismo g\u00e9nero, en los Estados Unidos y en Australia.<\/p>\n\n\n\n<p class=\"has-black-color has-text-color has-link-color has-small-font-size wp-elements-f26ca5450020112a2800be7a8dc195ec\">De 1893 a 1897 dirigi\u00f3 el \u00f3rgano espiritualista Borderland.<\/p>\n\n\n\n<p class=\"has-black-color has-text-color has-link-color has-small-font-size wp-elements-d34a8befca16c99bc8fb5c35f9bc3452\">En el a\u00f1o 1898, inici\u00f3 una visita a Rusia, donde fue recibido por el Zar, dando inicio a la intensa lucha en favor del pacifismo mundial, ideal que pas\u00f3 a defender con todo entusiasmo, a trav\u00e9s de la palabra escrita y hablada.<\/p>\n\n\n\n<p class=\"has-black-color has-text-color has-link-color has-small-font-size wp-elements-f70c542a62ea6566ac0abf2ee1b60745\">En el curso de la Conferencia de Paz, celebrada en La Haya, en el a\u00f1o 1899, Stead tuvo la oportunidad de visitar esa ciudad, iniciando poco despu\u00e9s en Inglaterra, ac\u00e9rrimas campa\u00f1as contra la guerra sudafricana, y como consecuencia, ha contra\u00eddo muchas enemistades.<\/p>\n\n\n\n<p class=\"has-black-color has-text-color has-link-color has-small-font-size wp-elements-f8e9ee6461a40554f63015f6e32ddd87\">Trabaj\u00f3 arduamente y valientemente para establecer un tratado entre Alemania e Inglaterra, abogando por la realizaci\u00f3n de una segunda conferencia de paz, celebrada posteriormente en La Haya, en los Pa\u00edses Bajos, donde, como corresponsal, Public\u00f3 el Correo de la Conferencia de Paz.<\/p>\n\n\n\n<p class=\"has-black-color has-text-color has-link-color has-small-font-size wp-elements-6eb361b31e20c57dc1596a197607fa9c\">Era notable la facilidad con que escrib\u00eda sus art\u00edculos, los cuales, invariablemente, llevaban un car\u00e1cter sensacionalista.<\/p>\n\n\n\n<p class=\"has-black-color has-text-color has-link-color has-small-font-size wp-elements-b085ef073cc5dac23f3389a1515c5ddf\">En sus libros se puede observar la vivacidad y el empe\u00f1o con que trataba los temas que deseaba abordar: La verdad sobre Rusia (1888), Si Cristo viniera a Chicago (1893), La guerra del trabajo en Estados Unidos (1894), El mundo invisible de Satan\u00e1s (1897), Los Estados Unidos de Europa (1899), Estudios sobre la Sra. Booth (1900), La americanizaci\u00f3n del mundo (1902).<\/p>\n\n\n\n<p class=\"has-black-color has-text-color has-link-color has-small-font-size wp-elements-fb9be1ab180e7e6ec29d668ba62dc25e\">El rey de los periodistas y, m\u00e1s que eso &#8211; el emperador, fue el t\u00edtulo elogioso que recibi\u00f3 en Par\u00eds, en enero de 1907, cuatro meses antes de la celebraci\u00f3n de la famosa Conferencia de La Haya.<\/p>\n\n\n\n<p class=\"has-black-color has-text-color has-link-color has-small-font-size wp-elements-bc8e73b834d2945bfbe76ad943c51853\">Cuando estaba en la cima de su carrera como escritor y periodista, unos a\u00f1os antes de su desencarnaci\u00f3n, dej\u00f3 llenos de admiraci\u00f3n a Inglaterra y al mundo cient\u00edfico, con su confesi\u00f3n de que estaba plenamente convencido de la existencia del mundo de los esp\u00edritus, por el hecho de haber recibido, a trav\u00e9s de su propia mediunidad, una serie de comunicaciones esp\u00edritas, atribuidas al Esp\u00edritu Julia, que fueron publicadas posteriormente en un libro que alcanz\u00f3 gran repercusi\u00f3n, denominado Cartas de Julia.<\/p>\n\n\n\n<p class=\"has-black-color has-text-color has-link-color has-small-font-size wp-elements-85b748d7e4b03411cb4255b9aea8eeba\">Dec\u00eda: Las cartas de Julia fueron recibidas por m\u00ed mismo. Estando solo, sentado y con \u00e1nimo tranquilo, colocaba conscientemente mi mano derecha, en la que ten\u00eda una pluma, a disposici\u00f3n de Julia y observaba con vivo inter\u00e9s todo lo que ella escrib\u00eda. Puedo admitir, como afirman mis detractores, que las cartas de Julia fueron escritas simplemente por mi subconsciente yo, eso no disminuir\u00eda en nada la verdad, ni disminuir\u00eda la fuerza de esta prueba elocuente y conmovedora a favor de la vida superior. Cu\u00e1nto desear\u00eda que mi yo consciente pudiera escribir tan bien!<\/p>\n\n\n\n<p class=\"has-black-color has-text-color has-link-color has-small-font-size wp-elements-bd30e5d79c9cf7b10526f9ffec26fdd8\">En el a\u00f1o 1895, respondiendo a una pregunta del Morning Advertiser de Nueva York que le preguntaba por qu\u00e9 cre\u00eda en la inmortalidad, \u00e9l respondi\u00f3: Solo el Eterno puede afirmar o negar la inmortalidad. Si te entiendo bien, no se trata de la inmortalidad del alma sino de la persistencia de la entidad individual, despu\u00e9s de la disoluci\u00f3n del cuerpo, por medio de la cual esa entidad se manifestaba durante su vida terrena. Ah\u00ed est\u00e1 una pregunta mucho m\u00e1s simple, a la que puedo responder sin vacilaci\u00f3n y sin temor. No ser\u00eda cierto si dijera que creo en la persistencia del individuo despu\u00e9s de la muerte, por haber observado los fen\u00f3menos llamados esp\u00edritas. Mucho antes aceptaba ese hecho. Despu\u00e9s someto mi creencia a la prueba de una demostraci\u00f3n experimental. Y si alguna vez dijo: yo creo, hoy digo, lo s\u00e9. \u00bfNo hay una gran diferencia?<\/p>\n\n\n\n<p class=\"has-black-color has-text-color has-link-color has-small-font-size wp-elements-c4282b2ce5931710b24429b602fe7987\">William Thomas Stead fue un gran amigo del gran Ruy Barbosa.<\/p>\n\n\n\n<p class=\"has-black-color has-text-color has-link-color has-small-font-size wp-elements-846a72d465e96e7bf8b121b0de7335cb\">Se dice que en la noche del naufragio del Titanic, los familiares de este gran pol\u00edtico brasile\u00f1o, reunidos en una sesi\u00f3n de experimentaci\u00f3n medi\u00fanica, en Po\u00e7os de Caldas, recibieron la informaci\u00f3n de que el famoso periodista hab\u00eda desencarnado, noticia que Ruy recibi\u00f3 con sorpresa y bastante naturalidad, cuando uno de los miembros de su familia se lo comunic\u00f3.<\/p>\n\n\n\n<p class=\"has-black-color has-text-color has-link-color has-small-font-size wp-elements-69d4bce1b646305062b7b0869839f928\">El viejo pol\u00edtico reconoci\u00f3 en el mensaje, de forma sorprendente, el estilo de Stead.<\/p>\n<\/div><\/div>\n\n\n\n<div class=\"wp-block-uagb-container uagb-block-fe452de9 alignfull uagb-is-root-container\"><div class=\"uagb-container-inner-blocks-wrap\"><\/div><\/div>\n\n\n\n<div class=\"wp-block-uagb-container uagb-block-e4036ab5 alignfull uagb-is-root-container\"><div class=\"uagb-container-inner-blocks-wrap\"><\/div><\/div>","protected":false},"excerpt":{"rendered":"<p>William Thomas Stead Nacido en Embleton, Nothumberland, Inglaterra, el 5 de julio de 1849, y tr\u00e1gicamente desencarnado en la cat\u00e1strofe ocurrida con el transatl\u00e1ntico Titanic, en la noche del 14 al 15 de abril de 1912. A principios de la d\u00e9cada de 1910, no se hac\u00edan reportajes en ocasi\u00f3n de los grandes acontecimientos. Un notable [&hellip;]<\/p>","protected":false},"author":1,"featured_media":0,"parent":0,"menu_order":0,"comment_status":"closed","ping_status":"closed","template":"","meta":{"_uag_custom_page_level_css":"","site-sidebar-layout":"default","site-content-layout":"","ast-site-content-layout":"default","site-content-style":"default","site-sidebar-style":"default","ast-global-header-display":"","ast-banner-title-visibility":"","ast-main-header-display":"","ast-hfb-above-header-display":"","ast-hfb-below-header-display":"","ast-hfb-mobile-header-display":"","site-post-title":"disabled","ast-breadcrumbs-content":"","ast-featured-img":"","footer-sml-layout":"","theme-transparent-header-meta":"","adv-header-id-meta":"","stick-header-meta":"","header-above-stick-meta":"","header-main-stick-meta":"","header-below-stick-meta":"","astra-migrate-meta-layouts":"set","ast-page-background-enabled":"default","ast-page-background-meta":{"desktop":{"background-color":"var(--ast-global-color-4)","background-image":"","background-repeat":"repeat","background-position":"center center","background-size":"auto","background-attachment":"scroll","background-type":"","background-media":"","overlay-type":"","overlay-color":"","overlay-opacity":"","overlay-gradient":""},"tablet":{"background-color":"","background-image":"","background-repeat":"repeat","background-position":"center center","background-size":"auto","background-attachment":"scroll","background-type":"","background-media":"","overlay-type":"","overlay-color":"","overlay-opacity":"","overlay-gradient":""},"mobile":{"background-color":"","background-image":"","background-repeat":"repeat","background-position":"center center","background-size":"auto","background-attachment":"scroll","background-type":"","background-media":"","overlay-type":"","overlay-color":"","overlay-opacity":"","overlay-gradient":""}},"ast-content-background-meta":{"desktop":{"background-color":"var(--ast-global-color-5)","background-image":"","background-repeat":"repeat","background-position":"center center","background-size":"auto","background-attachment":"scroll","background-type":"","background-media":"","overlay-type":"","overlay-color":"","overlay-opacity":"","overlay-gradient":""},"tablet":{"background-color":"var(--ast-global-color-5)","background-image":"","background-repeat":"repeat","background-position":"center center","background-size":"auto","background-attachment":"scroll","background-type":"","background-media":"","overlay-type":"","overlay-color":"","overlay-opacity":"","overlay-gradient":""},"mobile":{"background-color":"var(--ast-global-color-5)","background-image":"","background-repeat":"repeat","background-position":"center center","background-size":"auto","background-attachment":"scroll","background-type":"","background-media":"","overlay-type":"","overlay-color":"","overlay-opacity":"","overlay-gradient":""}},"footnotes":""},"class_list":["post-6733","page","type-page","status-publish","hentry"],"yoast_head":"<!-- This site is optimized with the Yoast SEO Premium plugin v24.2 (Yoast SEO v24.6) - https:\/\/yoast.com\/wordpress\/plugins\/seo\/ -->\n<title>William Thomas Stead - Uni\u00f3n Esp\u00edrita<\/title>\n<meta name=\"robots\" content=\"index, follow, max-snippet:-1, max-image-preview:large, max-video-preview:-1\" \/>\n<link rel=\"canonical\" href=\"https:\/\/nuevo-renacer.com\/it\/william-thomas-stead\/\" \/>\n<meta property=\"og:locale\" content=\"it_IT\" \/>\n<meta property=\"og:type\" content=\"article\" \/>\n<meta property=\"og:title\" content=\"William Thomas Stead\" \/>\n<meta property=\"og:description\" content=\"William Thomas Stead Nacido en Embleton, Nothumberland, Inglaterra, el 5 de julio de 1849, y tr\u00e1gicamente desencarnado en la cat\u00e1strofe ocurrida con el transatl\u00e1ntico Titanic, en la noche del 14 al 15 de abril de 1912. A principios de la d\u00e9cada de 1910, no se hac\u00edan reportajes en ocasi\u00f3n de los grandes acontecimientos. Un notable [&hellip;]\" \/>\n<meta property=\"og:url\" content=\"https:\/\/nuevo-renacer.com\/it\/william-thomas-stead\/\" \/>\n<meta property=\"og:site_name\" content=\"Uni\u00f3n Esp\u00edrita\" \/>\n<meta property=\"article:publisher\" content=\"https:\/\/www.facebook.com\/groups\/3431398063740829\" \/>\n<meta property=\"og:image\" content=\"https:\/\/nuevo-renacer.com\/wp-content\/uploads\/2025\/01\/William-Thomas-Stead-1890.webp\" \/>\n\t<meta property=\"og:image:width\" content=\"1128\" \/>\n\t<meta property=\"og:image:height\" content=\"1600\" \/>\n\t<meta property=\"og:image:type\" content=\"image\/webp\" \/>\n<meta name=\"twitter:card\" content=\"summary_large_image\" \/>\n<meta name=\"twitter:label1\" content=\"Tempo di lettura stimato\" \/>\n\t<meta name=\"twitter:data1\" content=\"5 minuti\" \/>\n<script type=\"application\/ld+json\" class=\"yoast-schema-graph\">{\"@context\":\"https:\/\/schema.org\",\"@graph\":[{\"@type\":\"WebPage\",\"@id\":\"https:\/\/nuevo-renacer.com\/william-thomas-stead\/\",\"url\":\"https:\/\/nuevo-renacer.com\/william-thomas-stead\/\",\"name\":\"William Thomas Stead - Uni\u00f3n Esp\u00edrita\",\"isPartOf\":{\"@id\":\"https:\/\/nuevo-renacer.com\/#website\"},\"primaryImageOfPage\":{\"@id\":\"https:\/\/nuevo-renacer.com\/william-thomas-stead\/#primaryimage\"},\"image\":{\"@id\":\"https:\/\/nuevo-renacer.com\/william-thomas-stead\/#primaryimage\"},\"thumbnailUrl\":\"https:\/\/nuevo-renacer.com\/wp-content\/uploads\/2025\/01\/William-Thomas-Stead-1890-722x1024.webp\",\"datePublished\":\"2025-01-09T11:36:07+00:00\",\"breadcrumb\":{\"@id\":\"https:\/\/nuevo-renacer.com\/william-thomas-stead\/#breadcrumb\"},\"inLanguage\":\"it-IT\",\"potentialAction\":[{\"@type\":\"ReadAction\",\"target\":[\"https:\/\/nuevo-renacer.com\/william-thomas-stead\/\"]}]},{\"@type\":\"ImageObject\",\"inLanguage\":\"it-IT\",\"@id\":\"https:\/\/nuevo-renacer.com\/william-thomas-stead\/#primaryimage\",\"url\":\"https:\/\/nuevo-renacer.com\/wp-content\/uploads\/2025\/01\/William-Thomas-Stead-1890-722x1024.webp\",\"contentUrl\":\"https:\/\/nuevo-renacer.com\/wp-content\/uploads\/2025\/01\/William-Thomas-Stead-1890-722x1024.webp\"},{\"@type\":\"BreadcrumbList\",\"@id\":\"https:\/\/nuevo-renacer.com\/william-thomas-stead\/#breadcrumb\",\"itemListElement\":[{\"@type\":\"ListItem\",\"position\":1,\"name\":\"Startseite\",\"item\":\"https:\/\/nuevo-renacer.com\/\"},{\"@type\":\"ListItem\",\"position\":2,\"name\":\"William Thomas Stead\"}]},{\"@type\":\"WebSite\",\"@id\":\"https:\/\/nuevo-renacer.com\/#website\",\"url\":\"https:\/\/nuevo-renacer.com\/\",\"name\":\"Uni\u00f3n Esp\u00edrita\",\"description\":\"Nuevo Renacer\",\"publisher\":{\"@id\":\"https:\/\/nuevo-renacer.com\/#organization\"},\"potentialAction\":[{\"@type\":\"SearchAction\",\"target\":{\"@type\":\"EntryPoint\",\"urlTemplate\":\"https:\/\/nuevo-renacer.com\/?s={search_term_string}\"},\"query-input\":{\"@type\":\"PropertyValueSpecification\",\"valueRequired\":true,\"valueName\":\"search_term_string\"}}],\"inLanguage\":\"it-IT\"},{\"@type\":\"Organization\",\"@id\":\"https:\/\/nuevo-renacer.com\/#organization\",\"name\":\"UFEC\",\"url\":\"https:\/\/nuevo-renacer.com\/\",\"logo\":{\"@type\":\"ImageObject\",\"inLanguage\":\"it-IT\",\"@id\":\"https:\/\/nuevo-renacer.com\/#\/schema\/logo\/image\/\",\"url\":\"https:\/\/nuevo-renacer.com\/wp-content\/uploads\/2024\/05\/cropped-LOGO-TERMINADO1-3-3.png\",\"contentUrl\":\"https:\/\/nuevo-renacer.com\/wp-content\/uploads\/2024\/05\/cropped-LOGO-TERMINADO1-3-3.png\",\"width\":512,\"height\":512,\"caption\":\"UFEC\"},\"image\":{\"@id\":\"https:\/\/nuevo-renacer.com\/#\/schema\/logo\/image\/\"},\"sameAs\":[\"https:\/\/www.facebook.com\/groups\/3431398063740829\"]}]}<\/script>\n<!-- \/ Yoast SEO Premium plugin. -->","yoast_head_json":{"title":"William Thomas Stead - Uni\u00f3n Esp\u00edrita","robots":{"index":"index","follow":"follow","max-snippet":"max-snippet:-1","max-image-preview":"max-image-preview:large","max-video-preview":"max-video-preview:-1"},"canonical":"https:\/\/nuevo-renacer.com\/it\/william-thomas-stead\/","og_locale":"it_IT","og_type":"article","og_title":"William Thomas Stead","og_description":"William Thomas Stead Nacido en Embleton, Nothumberland, Inglaterra, el 5 de julio de 1849, y tr\u00e1gicamente desencarnado en la cat\u00e1strofe ocurrida con el transatl\u00e1ntico Titanic, en la noche del 14 al 15 de abril de 1912. A principios de la d\u00e9cada de 1910, no se hac\u00edan reportajes en ocasi\u00f3n de los grandes acontecimientos. Un notable [&hellip;]","og_url":"https:\/\/nuevo-renacer.com\/it\/william-thomas-stead\/","og_site_name":"Uni\u00f3n Esp\u00edrita","article_publisher":"https:\/\/www.facebook.com\/groups\/3431398063740829","og_image":[{"width":1128,"height":1600,"url":"https:\/\/nuevo-renacer.com\/wp-content\/uploads\/2025\/01\/William-Thomas-Stead-1890.webp","type":"image\/webp"}],"twitter_card":"summary_large_image","twitter_misc":{"Tempo di lettura stimato":"5 minuti"},"schema":{"@context":"https:\/\/schema.org","@graph":[{"@type":"WebPage","@id":"https:\/\/nuevo-renacer.com\/william-thomas-stead\/","url":"https:\/\/nuevo-renacer.com\/william-thomas-stead\/","name":"William Thomas Stead - Uni\u00f3n Esp\u00edrita","isPartOf":{"@id":"https:\/\/nuevo-renacer.com\/#website"},"primaryImageOfPage":{"@id":"https:\/\/nuevo-renacer.com\/william-thomas-stead\/#primaryimage"},"image":{"@id":"https:\/\/nuevo-renacer.com\/william-thomas-stead\/#primaryimage"},"thumbnailUrl":"https:\/\/nuevo-renacer.com\/wp-content\/uploads\/2025\/01\/William-Thomas-Stead-1890-722x1024.webp","datePublished":"2025-01-09T11:36:07+00:00","breadcrumb":{"@id":"https:\/\/nuevo-renacer.com\/william-thomas-stead\/#breadcrumb"},"inLanguage":"it-IT","potentialAction":[{"@type":"ReadAction","target":["https:\/\/nuevo-renacer.com\/william-thomas-stead\/"]}]},{"@type":"ImageObject","inLanguage":"it-IT","@id":"https:\/\/nuevo-renacer.com\/william-thomas-stead\/#primaryimage","url":"https:\/\/nuevo-renacer.com\/wp-content\/uploads\/2025\/01\/William-Thomas-Stead-1890-722x1024.webp","contentUrl":"https:\/\/nuevo-renacer.com\/wp-content\/uploads\/2025\/01\/William-Thomas-Stead-1890-722x1024.webp"},{"@type":"BreadcrumbList","@id":"https:\/\/nuevo-renacer.com\/william-thomas-stead\/#breadcrumb","itemListElement":[{"@type":"ListItem","position":1,"name":"Startseite","item":"https:\/\/nuevo-renacer.com\/"},{"@type":"ListItem","position":2,"name":"William Thomas Stead"}]},{"@type":"WebSite","@id":"https:\/\/nuevo-renacer.com\/#website","url":"https:\/\/nuevo-renacer.com\/","name":"Uni\u00f3n Esp\u00edrita","description":"Nuevo Renacer","publisher":{"@id":"https:\/\/nuevo-renacer.com\/#organization"},"potentialAction":[{"@type":"SearchAction","target":{"@type":"EntryPoint","urlTemplate":"https:\/\/nuevo-renacer.com\/?s={search_term_string}"},"query-input":{"@type":"PropertyValueSpecification","valueRequired":true,"valueName":"search_term_string"}}],"inLanguage":"it-IT"},{"@type":"Organization","@id":"https:\/\/nuevo-renacer.com\/#organization","name":"UFEC","url":"https:\/\/nuevo-renacer.com\/","logo":{"@type":"ImageObject","inLanguage":"it-IT","@id":"https:\/\/nuevo-renacer.com\/#\/schema\/logo\/image\/","url":"https:\/\/nuevo-renacer.com\/wp-content\/uploads\/2024\/05\/cropped-LOGO-TERMINADO1-3-3.png","contentUrl":"https:\/\/nuevo-renacer.com\/wp-content\/uploads\/2024\/05\/cropped-LOGO-TERMINADO1-3-3.png","width":512,"height":512,"caption":"UFEC"},"image":{"@id":"https:\/\/nuevo-renacer.com\/#\/schema\/logo\/image\/"},"sameAs":["https:\/\/www.facebook.com\/groups\/3431398063740829"]}]}},"uagb_featured_image_src":{"full":false,"thumbnail":false,"medium":false,"medium_large":false,"large":false,"1536x1536":false,"2048x2048":false,"trp-custom-language-flag":false},"uagb_author_info":{"display_name":"adbv0","author_link":"https:\/\/nuevo-renacer.com\/it\/author\/adbv0\/"},"uagb_comment_info":0,"uagb_excerpt":"William Thomas Stead Nacido en Embleton, Nothumberland, Inglaterra, el 5 de julio de 1849, y tr\u00e1gicamente desencarnado en la cat\u00e1strofe ocurrida con el transatl\u00e1ntico Titanic, en la noche del 14 al 15 de abril de 1912. A principios de la d\u00e9cada de 1910, no se hac\u00edan reportajes en ocasi\u00f3n de los grandes acontecimientos. Un notable&hellip;","jetpack_sharing_enabled":true,"_links":{"self":[{"href":"https:\/\/nuevo-renacer.com\/it\/wp-json\/wp\/v2\/pages\/6733","targetHints":{"allow":["GET"]}}],"collection":[{"href":"https:\/\/nuevo-renacer.com\/it\/wp-json\/wp\/v2\/pages"}],"about":[{"href":"https:\/\/nuevo-renacer.com\/it\/wp-json\/wp\/v2\/types\/page"}],"author":[{"embeddable":true,"href":"https:\/\/nuevo-renacer.com\/it\/wp-json\/wp\/v2\/users\/1"}],"replies":[{"embeddable":true,"href":"https:\/\/nuevo-renacer.com\/it\/wp-json\/wp\/v2\/comments?post=6733"}],"version-history":[{"count":1,"href":"https:\/\/nuevo-renacer.com\/it\/wp-json\/wp\/v2\/pages\/6733\/revisions"}],"predecessor-version":[{"id":6735,"href":"https:\/\/nuevo-renacer.com\/it\/wp-json\/wp\/v2\/pages\/6733\/revisions\/6735"}],"wp:attachment":[{"href":"https:\/\/nuevo-renacer.com\/it\/wp-json\/wp\/v2\/media?parent=6733"}],"curies":[{"name":"wp","href":"https:\/\/api.w.org\/{rel}","templated":true}]}}