{"id":6725,"date":"2025-01-09T10:18:48","date_gmt":"2025-01-09T10:18:48","guid":{"rendered":"https:\/\/nuevo-renacer.com\/?page_id=6725"},"modified":"2025-01-09T10:51:28","modified_gmt":"2025-01-09T10:51:28","slug":"catalina-de-genova","status":"publish","type":"page","link":"https:\/\/nuevo-renacer.com\/it\/catalina-de-genova\/","title":{"rendered":"Catalina de G\u00e9nova"},"content":{"rendered":"<div class=\"wp-block-uagb-container uagb-block-32f33607 alignfull uagb-is-root-container\"><div class=\"uagb-container-inner-blocks-wrap\">\n<p class=\"has-black-color has-text-color has-link-color has-medium-font-size wp-elements-0b737c8145413f3287d97c3f742b9264\"><strong>Catalina de G\u00e9nova<\/strong><\/p>\n<\/div><\/div>\n\n\n\n<div class=\"wp-block-uagb-container uagb-block-8c2489c6 alignfull uagb-is-root-container\"><div class=\"uagb-container-inner-blocks-wrap\">\n<figure class=\"wp-block-image size-large is-resized\"><img fetchpriority=\"high\" decoding=\"async\" width=\"506\" height=\"1024\" src=\"https:\/\/nuevo-renacer.com\/wp-content\/uploads\/2025\/01\/katharina-von-genua1218852-506x1024.jpg\" alt=\"\" class=\"wp-image-6726\" style=\"width:224px;height:auto\" srcset=\"https:\/\/nuevo-renacer.com\/wp-content\/uploads\/2025\/01\/katharina-von-genua1218852-506x1024.jpg 506w, https:\/\/nuevo-renacer.com\/wp-content\/uploads\/2025\/01\/katharina-von-genua1218852-148x300.jpg 148w, https:\/\/nuevo-renacer.com\/wp-content\/uploads\/2025\/01\/katharina-von-genua1218852-6x12.jpg 6w, https:\/\/nuevo-renacer.com\/wp-content\/uploads\/2025\/01\/katharina-von-genua1218852.jpg 564w\" sizes=\"(max-width: 506px) 100vw, 506px\" \/><\/figure>\n<\/div><\/div>\n\n\n\n<div class=\"wp-block-uagb-container uagb-block-32a47420 alignfull uagb-is-root-container\"><div class=\"uagb-container-inner-blocks-wrap\">\n<p class=\"has-black-color has-text-color has-link-color has-small-font-size wp-elements-b7ec01ef1eff2f9e7e4aeb2fce0c3189\">Catalina era hija de la noble familia Fieschi, de la que tambi\u00e9n los dos papas Inocencio IV. y Adriano V, cuyo palacio se encuentra en la iglesia de la familia Santa Mar\u00eda en Via Lata; su padre era virrey de N\u00e1poles. A los 16 a\u00f1os se cas\u00f3 por la fuerza con el noble genov\u00e9s Giuliano Adorno. Despu\u00e9s de diez a\u00f1os de mal matrimonio, durante los cuales a menudo se encerraba en la oraci\u00f3n y viv\u00eda tambi\u00e9n en ocasiones en el exterior en los placeres, visit\u00f3 a su hermana en un convento franciscano. All\u00ed en 1474 conoci\u00f3 la primera iluminaci\u00f3n y aparici\u00f3n del Cristo crucificado; vivi\u00f3 ahora en castidad y ascetismo, se traslad\u00f3 a una casa cerca del antiguo hospital de Pammatone &#8211; que estaba en el lugar del actual palacio de justicia &#8211; en G\u00e9nova, se flagel\u00f3, cuid\u00f3 de los pobres y enfermos, y en 1479 se uni\u00f3 a la orden franciscana como terciaria. de su casa se convirti\u00f3 en 1488 un monasterio franciscano con la iglesia Santissima Annunziata di Portoria &#8211; hoy tambi\u00e9n llamada despu\u00e9s de ella como la iglesia de Santa Catalina.<\/p>\n\n\n\n<p class=\"has-black-color has-text-color has-link-color has-small-font-size wp-elements-79aed947bbb77d42e3f75664ffc6220a\">Catalina se ocup\u00f3 sobre todo de los enfermos en el antiguo hospital Pammatone, donde en 1489 fue jefa del departamento femenino. Durante dos epidemias de peste, trabaj\u00f3 incansablemente por los enfermos y los moribundos. Bajo su influencia, la Comuni\u00f3n del Amor Divino se convirti\u00f3 en una comunidad de enfermer\u00eda. Ella misma se castiga, durante la Cuaresma se alimenta solo de la comuni\u00f3n, y recibe dones m\u00edsticos.<\/p>\n\n\n\n<div class=\"wp-block-uagb-container uagb-block-d78f296c\">\n<figure class=\"wp-block-image size-large is-resized\"><img decoding=\"async\" width=\"536\" height=\"1024\" src=\"https:\/\/nuevo-renacer.com\/wp-content\/uploads\/2025\/01\/Katharina_von_Genua3-536x1024.jpg\" alt=\"\" class=\"wp-image-6727\" style=\"width:216px;height:auto\" srcset=\"https:\/\/nuevo-renacer.com\/wp-content\/uploads\/2025\/01\/Katharina_von_Genua3-536x1024.jpg 536w, https:\/\/nuevo-renacer.com\/wp-content\/uploads\/2025\/01\/Katharina_von_Genua3-157x300.jpg 157w, https:\/\/nuevo-renacer.com\/wp-content\/uploads\/2025\/01\/Katharina_von_Genua3-768x1466.jpg 768w, https:\/\/nuevo-renacer.com\/wp-content\/uploads\/2025\/01\/Katharina_von_Genua3-804x1536.jpg 804w, https:\/\/nuevo-renacer.com\/wp-content\/uploads\/2025\/01\/Katharina_von_Genua3-6x12.jpg 6w, https:\/\/nuevo-renacer.com\/wp-content\/uploads\/2025\/01\/Katharina_von_Genua3.jpg 838w\" sizes=\"(max-width: 536px) 100vw, 536px\" \/><figcaption class=\"wp-element-caption\">Entrada a la iglesia de la Santissima Annunziata di Portoria en G\u00e9nova, hoy administrada por los capuchinos<\/figcaption><\/figure>\n<\/div>\n\n\n\n<p class=\"has-black-color has-text-color has-link-color has-small-font-size wp-elements-d4dcbf1f4721cbed69544f9405d047da\">Despu\u00e9s de perder todas sus posesiones, su marido sigui\u00f3 el ejemplo de Catalina en los \u00faltimos a\u00f1os de su vida y se uni\u00f3 a la orden franciscana hasta su muerte en 1497. Ahora el gu\u00eda espiritual de Catalina comenz\u00f3 a registrar su historia vital y sus experiencias y ense\u00f1anzas espirituales: en 1551 apareci\u00f3 este Libro de la Vita mirabile e dottrina santa di S.Caterina Fieschi, el libro de la vida maravillosa y de las ense\u00f1anzas sagradas de Santa Catalina Fieschi. Sus revelaciones est\u00e1n recogidas en los dos libros Di\u00e1logo del Divino Amor, Di\u00e1logo del Amor Divino, y Tratado del Purgatorio, Tratado sobre el Purgatorio. El purgatorio es para ellos un lugar de sufrimiento, pero las almas est\u00e1n all\u00ed llenas de alegr\u00eda porque saben que son guiadas por Dios, por lo tanto, el dolor se intensifica, pero tambi\u00e9n la alegr\u00eda, cuanto m\u00e1s cerca est\u00e1 el momento de su redenci\u00f3n.<\/p>\n\n\n\n<div class=\"wp-block-uagb-container uagb-block-d519fd66\">\n<figure class=\"wp-block-image size-large is-resized\"><img decoding=\"async\" width=\"572\" height=\"1024\" src=\"https:\/\/nuevo-renacer.com\/wp-content\/uploads\/2025\/01\/Katharina_von_Genua2-572x1024.jpg\" alt=\"\" class=\"wp-image-6728\" style=\"width:216px\" srcset=\"https:\/\/nuevo-renacer.com\/wp-content\/uploads\/2025\/01\/Katharina_von_Genua2-572x1024.jpg 572w, https:\/\/nuevo-renacer.com\/wp-content\/uploads\/2025\/01\/Katharina_von_Genua2-167x300.jpg 167w, https:\/\/nuevo-renacer.com\/wp-content\/uploads\/2025\/01\/Katharina_von_Genua2-768x1376.jpg 768w, https:\/\/nuevo-renacer.com\/wp-content\/uploads\/2025\/01\/Katharina_von_Genua2-857x1536.jpg 857w, https:\/\/nuevo-renacer.com\/wp-content\/uploads\/2025\/01\/Katharina_von_Genua2-7x12.jpg 7w, https:\/\/nuevo-renacer.com\/wp-content\/uploads\/2025\/01\/Katharina_von_Genua2.jpg 893w\" sizes=\"(max-width: 572px) 100vw, 572px\" \/><figcaption class=\"wp-element-caption\">Catalina alivia el dolor de las pobres almas en el purgatorio, imagen en la Bas\u00edlica del Addorata en Acqui Terme<\/figcaption><\/figure>\n<\/div>\n\n\n\n<p class=\"has-black-color has-text-color has-link-color has-small-font-size wp-elements-5e89415a2998d57cbbf5cac32c818fb3\">Catalina fue enterrada en la iglesia de la Sant\u00edsima Anunciaci\u00f3n de Portoria en G\u00e9nova.<\/p>\n\n\n\n<div class=\"wp-block-uagb-container uagb-block-19f4d764\">\n<figure class=\"wp-block-image size-large is-resized\"><img loading=\"lazy\" decoding=\"async\" width=\"1024\" height=\"489\" src=\"https:\/\/nuevo-renacer.com\/wp-content\/uploads\/2025\/01\/Katharina_von_Genua4-1024x489.jpg\" alt=\"\" class=\"wp-image-6729\" style=\"width:520px;height:auto\" srcset=\"https:\/\/nuevo-renacer.com\/wp-content\/uploads\/2025\/01\/Katharina_von_Genua4-1024x489.jpg 1024w, https:\/\/nuevo-renacer.com\/wp-content\/uploads\/2025\/01\/Katharina_von_Genua4-300x143.jpg 300w, https:\/\/nuevo-renacer.com\/wp-content\/uploads\/2025\/01\/Katharina_von_Genua4-768x367.jpg 768w, https:\/\/nuevo-renacer.com\/wp-content\/uploads\/2025\/01\/Katharina_von_Genua4-1536x733.jpg 1536w, https:\/\/nuevo-renacer.com\/wp-content\/uploads\/2025\/01\/Katharina_von_Genua4-2048x978.jpg 2048w, https:\/\/nuevo-renacer.com\/wp-content\/uploads\/2025\/01\/Katharina_von_Genua4-18x9.jpg 18w\" sizes=\"(max-width: 1024px) 100vw, 1024px\" \/><figcaption class=\"wp-element-caption\"> Sarc\u00f3fago de Catalina en la iglesia de la Sant\u00edsima Anunciaci\u00f3n de Portoria<\/figcaption><\/figure>\n<\/div>\n\n\n\n<p class=\"has-black-color has-text-color has-link-color has-small-font-size wp-elements-51af9111cdf6de49494797b35b4b187b\"><strong>Canonizaci\u00f3n:<\/strong> Catalina fue beatificada el 6 de abril de 1675 por el papa Clemente X y el 16 de junio de 1737 por el papa Clemente XII. En 1944, el papa P\u00edo XII la nombr\u00f3 segunda patrona de los hospitales italianos. En 2004 se inform\u00f3 que Catalina podr\u00eda ser nombrada como la cuarta mujer de la historia y la primera mujer casada en convertirse en maestra de la iglesia.<\/p>\n\n\n\n<p class=\"has-black-color has-text-color has-link-color has-medium-font-size wp-elements-7b230a436403c9ccaa2ec51df0091aa8\"><strong>Palabras de la santa<\/strong><\/p>\n\n\n\n<p class=\"has-black-color has-text-color has-link-color has-small-font-size wp-elements-9fd11401b2479982eba728daf9a4b08a\"><em>Las tres maneras del amor humano a Dios:<\/em><\/p>\n\n\n\n<p class=\"has-black-color has-text-color has-link-color has-small-font-size wp-elements-71042c8c5488b65f8ba611009a6887f9\">\u00abSe dice que las obras son realizadas por amor, cuando el hombre hace todo lo que hace por amor a Dios, por ese amor que le es dado por Dios con el deseo de hacer la salvaci\u00f3n para \u00e9l y su pr\u00f3jimo. En esta primera etapa de amor, Dios hace que el hombre realice muchas y diversas obras \u00fatiles y necesarias, con un sentimiento de afecto piadoso y de benevolencia misericordiosa.<\/p>\n\n\n\n<p class=\"has-black-color has-text-color has-link-color has-small-font-size wp-elements-f10b9c25b2d573a4e8b60d80ed9b562d\">Las obras del segundo estado de amor se hacen en Dios. Son aquellas obras que se hacen sin tener en cuenta el beneficio propio o del pr\u00f3jimo, pero que permanecen en Dios sin ning\u00fan otro prop\u00f3sito de quien las ha realizado. [Y debido al h\u00e1bito que el hombre ha adquirido de hacer el bien, permanece en la obra, aunque Dios le ha privado de su propia parte, que antes lo ayudaba y lo complac\u00eda. Por esta raz\u00f3n, tal obra es m\u00e1s perfecta que las primeras obras, porque el hombre en la primera etapa ten\u00eda muchos prop\u00f3sitos que satisfac\u00edan cuerpo y alma. La satisfacci\u00f3n de las propias buenas obras es quitada.]<\/p>\n\n\n\n<p class=\"has-black-color has-text-color has-link-color has-small-font-size wp-elements-2c9f1165cfa16e3c20f79ee926d0bff0\">Las obras que se hacen por amor son, en fin, m\u00e1s perfectas que las de los otros dos tipos, porque se hacen sin la participaci\u00f3n del hombre. El amor ha vencido y vencido al hombre de tal manera que, por as\u00ed decirlo, se ha hundido en el mar del amor sin saber d\u00f3nde est\u00e1. Est\u00e1 completamente destruido en s\u00ed mismo y no es capaz de hacer nada; en este caso, es el amor que hace su trabajo en el hombre. Sus efectos son obras de perfecci\u00f3n, pues se realizan sin la propia acci\u00f3n del hombre. Son obras de gracia que Dios acepta todas. Este amor dulce y puro ha tomado al hombre y lo ha atra\u00eddo completamente dentro de s\u00ed, liber\u00e1ndolo totalmente de su ser. Ella lo ha pose\u00eddo completamente. [Act\u00faa continuamente en esta persona y a trav\u00e9s de ella, solo para su beneficio y beneficio, sin que \u00e9l mismo se inmiscuya.]\u00bb<\/p>\n<\/div><\/div>\n\n\n\n<div class=\"wp-block-uagb-container uagb-block-2d1f7e79 alignfull uagb-is-root-container\"><div class=\"uagb-container-inner-blocks-wrap\"><\/div><\/div>\n\n\n\n<div class=\"wp-block-uagb-container uagb-block-449a5fcf alignfull uagb-is-root-container\"><div class=\"uagb-container-inner-blocks-wrap\"><\/div><\/div>","protected":false},"excerpt":{"rendered":"<p>Catalina de G\u00e9nova Catalina era hija de la noble familia Fieschi, de la que tambi\u00e9n los dos papas Inocencio IV. y Adriano V, cuyo palacio se encuentra en la iglesia de la familia Santa Mar\u00eda en Via Lata; su padre era virrey de N\u00e1poles. A los 16 a\u00f1os se cas\u00f3 por la fuerza con el [&hellip;]<\/p>","protected":false},"author":1,"featured_media":0,"parent":0,"menu_order":0,"comment_status":"closed","ping_status":"closed","template":"","meta":{"_uag_custom_page_level_css":"","site-sidebar-layout":"default","site-content-layout":"","ast-site-content-layout":"default","site-content-style":"default","site-sidebar-style":"default","ast-global-header-display":"","ast-banner-title-visibility":"","ast-main-header-display":"","ast-hfb-above-header-display":"","ast-hfb-below-header-display":"","ast-hfb-mobile-header-display":"","site-post-title":"disabled","ast-breadcrumbs-content":"","ast-featured-img":"","footer-sml-layout":"","theme-transparent-header-meta":"","adv-header-id-meta":"","stick-header-meta":"","header-above-stick-meta":"","header-main-stick-meta":"","header-below-stick-meta":"","astra-migrate-meta-layouts":"set","ast-page-background-enabled":"default","ast-page-background-meta":{"desktop":{"background-color":"var(--ast-global-color-4)","background-image":"","background-repeat":"repeat","background-position":"center center","background-size":"auto","background-attachment":"scroll","background-type":"","background-media":"","overlay-type":"","overlay-color":"","overlay-opacity":"","overlay-gradient":""},"tablet":{"background-color":"","background-image":"","background-repeat":"repeat","background-position":"center center","background-size":"auto","background-attachment":"scroll","background-type":"","background-media":"","overlay-type":"","overlay-color":"","overlay-opacity":"","overlay-gradient":""},"mobile":{"background-color":"","background-image":"","background-repeat":"repeat","background-position":"center center","background-size":"auto","background-attachment":"scroll","background-type":"","background-media":"","overlay-type":"","overlay-color":"","overlay-opacity":"","overlay-gradient":""}},"ast-content-background-meta":{"desktop":{"background-color":"var(--ast-global-color-5)","background-image":"","background-repeat":"repeat","background-position":"center center","background-size":"auto","background-attachment":"scroll","background-type":"","background-media":"","overlay-type":"","overlay-color":"","overlay-opacity":"","overlay-gradient":""},"tablet":{"background-color":"var(--ast-global-color-5)","background-image":"","background-repeat":"repeat","background-position":"center center","background-size":"auto","background-attachment":"scroll","background-type":"","background-media":"","overlay-type":"","overlay-color":"","overlay-opacity":"","overlay-gradient":""},"mobile":{"background-color":"var(--ast-global-color-5)","background-image":"","background-repeat":"repeat","background-position":"center center","background-size":"auto","background-attachment":"scroll","background-type":"","background-media":"","overlay-type":"","overlay-color":"","overlay-opacity":"","overlay-gradient":""}},"footnotes":""},"class_list":["post-6725","page","type-page","status-publish","hentry"],"yoast_head":"<!-- This site is optimized with the Yoast SEO Premium plugin v24.2 (Yoast SEO v24.6) - https:\/\/yoast.com\/wordpress\/plugins\/seo\/ -->\n<title>Catalina de G\u00e9nova - Uni\u00f3n Esp\u00edrita<\/title>\n<meta name=\"robots\" content=\"index, follow, max-snippet:-1, max-image-preview:large, max-video-preview:-1\" \/>\n<link rel=\"canonical\" href=\"https:\/\/nuevo-renacer.com\/it\/catalina-de-genova\/\" \/>\n<meta property=\"og:locale\" content=\"it_IT\" \/>\n<meta property=\"og:type\" content=\"article\" \/>\n<meta property=\"og:title\" content=\"Catalina de G\u00e9nova\" \/>\n<meta property=\"og:description\" content=\"Catalina de G\u00e9nova Catalina era hija de la noble familia Fieschi, de la que tambi\u00e9n los dos papas Inocencio IV. y Adriano V, cuyo palacio se encuentra en la iglesia de la familia Santa Mar\u00eda en Via Lata; su padre era virrey de N\u00e1poles. A los 16 a\u00f1os se cas\u00f3 por la fuerza con el [&hellip;]\" \/>\n<meta property=\"og:url\" content=\"https:\/\/nuevo-renacer.com\/it\/catalina-de-genova\/\" \/>\n<meta property=\"og:site_name\" content=\"Uni\u00f3n Esp\u00edrita\" \/>\n<meta property=\"article:publisher\" content=\"https:\/\/www.facebook.com\/groups\/3431398063740829\" \/>\n<meta property=\"article:modified_time\" content=\"2025-01-09T10:51:28+00:00\" \/>\n<meta property=\"og:image\" content=\"https:\/\/nuevo-renacer.com\/wp-content\/uploads\/2025\/01\/katharina-von-genua1218852.jpg\" \/>\n\t<meta property=\"og:image:width\" content=\"564\" \/>\n\t<meta property=\"og:image:height\" content=\"1141\" \/>\n\t<meta property=\"og:image:type\" content=\"image\/jpeg\" \/>\n<meta name=\"twitter:card\" content=\"summary_large_image\" \/>\n<meta name=\"twitter:label1\" content=\"Tempo di lettura stimato\" \/>\n\t<meta name=\"twitter:data1\" content=\"5 minuti\" \/>\n<script type=\"application\/ld+json\" class=\"yoast-schema-graph\">{\"@context\":\"https:\/\/schema.org\",\"@graph\":[{\"@type\":\"WebPage\",\"@id\":\"https:\/\/nuevo-renacer.com\/catalina-de-genova\/\",\"url\":\"https:\/\/nuevo-renacer.com\/catalina-de-genova\/\",\"name\":\"Catalina de G\u00e9nova - Uni\u00f3n Esp\u00edrita\",\"isPartOf\":{\"@id\":\"https:\/\/nuevo-renacer.com\/#website\"},\"primaryImageOfPage\":{\"@id\":\"https:\/\/nuevo-renacer.com\/catalina-de-genova\/#primaryimage\"},\"image\":{\"@id\":\"https:\/\/nuevo-renacer.com\/catalina-de-genova\/#primaryimage\"},\"thumbnailUrl\":\"https:\/\/nuevo-renacer.com\/wp-content\/uploads\/2025\/01\/katharina-von-genua1218852-506x1024.jpg\",\"datePublished\":\"2025-01-09T10:18:48+00:00\",\"dateModified\":\"2025-01-09T10:51:28+00:00\",\"breadcrumb\":{\"@id\":\"https:\/\/nuevo-renacer.com\/catalina-de-genova\/#breadcrumb\"},\"inLanguage\":\"it-IT\",\"potentialAction\":[{\"@type\":\"ReadAction\",\"target\":[\"https:\/\/nuevo-renacer.com\/catalina-de-genova\/\"]}]},{\"@type\":\"ImageObject\",\"inLanguage\":\"it-IT\",\"@id\":\"https:\/\/nuevo-renacer.com\/catalina-de-genova\/#primaryimage\",\"url\":\"https:\/\/nuevo-renacer.com\/wp-content\/uploads\/2025\/01\/katharina-von-genua1218852-506x1024.jpg\",\"contentUrl\":\"https:\/\/nuevo-renacer.com\/wp-content\/uploads\/2025\/01\/katharina-von-genua1218852-506x1024.jpg\"},{\"@type\":\"BreadcrumbList\",\"@id\":\"https:\/\/nuevo-renacer.com\/catalina-de-genova\/#breadcrumb\",\"itemListElement\":[{\"@type\":\"ListItem\",\"position\":1,\"name\":\"Startseite\",\"item\":\"https:\/\/nuevo-renacer.com\/\"},{\"@type\":\"ListItem\",\"position\":2,\"name\":\"Catalina de G\u00e9nova\"}]},{\"@type\":\"WebSite\",\"@id\":\"https:\/\/nuevo-renacer.com\/#website\",\"url\":\"https:\/\/nuevo-renacer.com\/\",\"name\":\"Uni\u00f3n Esp\u00edrita\",\"description\":\"Nuevo Renacer\",\"publisher\":{\"@id\":\"https:\/\/nuevo-renacer.com\/#organization\"},\"potentialAction\":[{\"@type\":\"SearchAction\",\"target\":{\"@type\":\"EntryPoint\",\"urlTemplate\":\"https:\/\/nuevo-renacer.com\/?s={search_term_string}\"},\"query-input\":{\"@type\":\"PropertyValueSpecification\",\"valueRequired\":true,\"valueName\":\"search_term_string\"}}],\"inLanguage\":\"it-IT\"},{\"@type\":\"Organization\",\"@id\":\"https:\/\/nuevo-renacer.com\/#organization\",\"name\":\"UFEC\",\"url\":\"https:\/\/nuevo-renacer.com\/\",\"logo\":{\"@type\":\"ImageObject\",\"inLanguage\":\"it-IT\",\"@id\":\"https:\/\/nuevo-renacer.com\/#\/schema\/logo\/image\/\",\"url\":\"https:\/\/nuevo-renacer.com\/wp-content\/uploads\/2024\/05\/cropped-LOGO-TERMINADO1-3-3.png\",\"contentUrl\":\"https:\/\/nuevo-renacer.com\/wp-content\/uploads\/2024\/05\/cropped-LOGO-TERMINADO1-3-3.png\",\"width\":512,\"height\":512,\"caption\":\"UFEC\"},\"image\":{\"@id\":\"https:\/\/nuevo-renacer.com\/#\/schema\/logo\/image\/\"},\"sameAs\":[\"https:\/\/www.facebook.com\/groups\/3431398063740829\"]}]}<\/script>\n<!-- \/ Yoast SEO Premium plugin. -->","yoast_head_json":{"title":"Catalina de G\u00e9nova - Uni\u00f3n Esp\u00edrita","robots":{"index":"index","follow":"follow","max-snippet":"max-snippet:-1","max-image-preview":"max-image-preview:large","max-video-preview":"max-video-preview:-1"},"canonical":"https:\/\/nuevo-renacer.com\/it\/catalina-de-genova\/","og_locale":"it_IT","og_type":"article","og_title":"Catalina de G\u00e9nova","og_description":"Catalina de G\u00e9nova Catalina era hija de la noble familia Fieschi, de la que tambi\u00e9n los dos papas Inocencio IV. y Adriano V, cuyo palacio se encuentra en la iglesia de la familia Santa Mar\u00eda en Via Lata; su padre era virrey de N\u00e1poles. A los 16 a\u00f1os se cas\u00f3 por la fuerza con el [&hellip;]","og_url":"https:\/\/nuevo-renacer.com\/it\/catalina-de-genova\/","og_site_name":"Uni\u00f3n Esp\u00edrita","article_publisher":"https:\/\/www.facebook.com\/groups\/3431398063740829","article_modified_time":"2025-01-09T10:51:28+00:00","og_image":[{"width":564,"height":1141,"url":"https:\/\/nuevo-renacer.com\/wp-content\/uploads\/2025\/01\/katharina-von-genua1218852.jpg","type":"image\/jpeg"}],"twitter_card":"summary_large_image","twitter_misc":{"Tempo di lettura stimato":"5 minuti"},"schema":{"@context":"https:\/\/schema.org","@graph":[{"@type":"WebPage","@id":"https:\/\/nuevo-renacer.com\/catalina-de-genova\/","url":"https:\/\/nuevo-renacer.com\/catalina-de-genova\/","name":"Catalina de G\u00e9nova - Uni\u00f3n Esp\u00edrita","isPartOf":{"@id":"https:\/\/nuevo-renacer.com\/#website"},"primaryImageOfPage":{"@id":"https:\/\/nuevo-renacer.com\/catalina-de-genova\/#primaryimage"},"image":{"@id":"https:\/\/nuevo-renacer.com\/catalina-de-genova\/#primaryimage"},"thumbnailUrl":"https:\/\/nuevo-renacer.com\/wp-content\/uploads\/2025\/01\/katharina-von-genua1218852-506x1024.jpg","datePublished":"2025-01-09T10:18:48+00:00","dateModified":"2025-01-09T10:51:28+00:00","breadcrumb":{"@id":"https:\/\/nuevo-renacer.com\/catalina-de-genova\/#breadcrumb"},"inLanguage":"it-IT","potentialAction":[{"@type":"ReadAction","target":["https:\/\/nuevo-renacer.com\/catalina-de-genova\/"]}]},{"@type":"ImageObject","inLanguage":"it-IT","@id":"https:\/\/nuevo-renacer.com\/catalina-de-genova\/#primaryimage","url":"https:\/\/nuevo-renacer.com\/wp-content\/uploads\/2025\/01\/katharina-von-genua1218852-506x1024.jpg","contentUrl":"https:\/\/nuevo-renacer.com\/wp-content\/uploads\/2025\/01\/katharina-von-genua1218852-506x1024.jpg"},{"@type":"BreadcrumbList","@id":"https:\/\/nuevo-renacer.com\/catalina-de-genova\/#breadcrumb","itemListElement":[{"@type":"ListItem","position":1,"name":"Startseite","item":"https:\/\/nuevo-renacer.com\/"},{"@type":"ListItem","position":2,"name":"Catalina de G\u00e9nova"}]},{"@type":"WebSite","@id":"https:\/\/nuevo-renacer.com\/#website","url":"https:\/\/nuevo-renacer.com\/","name":"Uni\u00f3n Esp\u00edrita","description":"Nuevo Renacer","publisher":{"@id":"https:\/\/nuevo-renacer.com\/#organization"},"potentialAction":[{"@type":"SearchAction","target":{"@type":"EntryPoint","urlTemplate":"https:\/\/nuevo-renacer.com\/?s={search_term_string}"},"query-input":{"@type":"PropertyValueSpecification","valueRequired":true,"valueName":"search_term_string"}}],"inLanguage":"it-IT"},{"@type":"Organization","@id":"https:\/\/nuevo-renacer.com\/#organization","name":"UFEC","url":"https:\/\/nuevo-renacer.com\/","logo":{"@type":"ImageObject","inLanguage":"it-IT","@id":"https:\/\/nuevo-renacer.com\/#\/schema\/logo\/image\/","url":"https:\/\/nuevo-renacer.com\/wp-content\/uploads\/2024\/05\/cropped-LOGO-TERMINADO1-3-3.png","contentUrl":"https:\/\/nuevo-renacer.com\/wp-content\/uploads\/2024\/05\/cropped-LOGO-TERMINADO1-3-3.png","width":512,"height":512,"caption":"UFEC"},"image":{"@id":"https:\/\/nuevo-renacer.com\/#\/schema\/logo\/image\/"},"sameAs":["https:\/\/www.facebook.com\/groups\/3431398063740829"]}]}},"uagb_featured_image_src":{"full":false,"thumbnail":false,"medium":false,"medium_large":false,"large":false,"1536x1536":false,"2048x2048":false,"trp-custom-language-flag":false},"uagb_author_info":{"display_name":"adbv0","author_link":"https:\/\/nuevo-renacer.com\/it\/author\/adbv0\/"},"uagb_comment_info":0,"uagb_excerpt":"Catalina de G\u00e9nova Catalina era hija de la noble familia Fieschi, de la que tambi\u00e9n los dos papas Inocencio IV. y Adriano V, cuyo palacio se encuentra en la iglesia de la familia Santa Mar\u00eda en Via Lata; su padre era virrey de N\u00e1poles. A los 16 a\u00f1os se cas\u00f3 por la fuerza con el&hellip;","jetpack_sharing_enabled":true,"_links":{"self":[{"href":"https:\/\/nuevo-renacer.com\/it\/wp-json\/wp\/v2\/pages\/6725","targetHints":{"allow":["GET"]}}],"collection":[{"href":"https:\/\/nuevo-renacer.com\/it\/wp-json\/wp\/v2\/pages"}],"about":[{"href":"https:\/\/nuevo-renacer.com\/it\/wp-json\/wp\/v2\/types\/page"}],"author":[{"embeddable":true,"href":"https:\/\/nuevo-renacer.com\/it\/wp-json\/wp\/v2\/users\/1"}],"replies":[{"embeddable":true,"href":"https:\/\/nuevo-renacer.com\/it\/wp-json\/wp\/v2\/comments?post=6725"}],"version-history":[{"count":1,"href":"https:\/\/nuevo-renacer.com\/it\/wp-json\/wp\/v2\/pages\/6725\/revisions"}],"predecessor-version":[{"id":6730,"href":"https:\/\/nuevo-renacer.com\/it\/wp-json\/wp\/v2\/pages\/6725\/revisions\/6730"}],"wp:attachment":[{"href":"https:\/\/nuevo-renacer.com\/it\/wp-json\/wp\/v2\/media?parent=6725"}],"curies":[{"name":"wp","href":"https:\/\/api.w.org\/{rel}","templated":true}]}}