{"id":6711,"date":"2025-01-08T11:58:23","date_gmt":"2025-01-08T11:58:23","guid":{"rendered":"https:\/\/nuevo-renacer.com\/?page_id=6711"},"modified":"2025-01-08T12:13:50","modified_gmt":"2025-01-08T12:13:50","slug":"rene-descartes","status":"publish","type":"page","link":"https:\/\/nuevo-renacer.com\/it\/rene-descartes\/","title":{"rendered":"Ren\u00e9 Descartes"},"content":{"rendered":"<div class=\"wp-block-uagb-container uagb-block-d7877df0 alignfull uagb-is-root-container\"><div class=\"uagb-container-inner-blocks-wrap\">\n<p class=\"has-black-color has-text-color has-link-color has-medium-font-size wp-elements-265e4791bb8613e405824eaf32bcfbcc\"><strong>Ren\u00e9 Descartes<\/strong><\/p>\n<\/div><\/div>\n\n\n\n<div class=\"wp-block-uagb-container uagb-block-e00c9128 alignfull uagb-is-root-container\"><div class=\"uagb-container-inner-blocks-wrap\">\n<figure class=\"wp-block-image size-full is-resized\"><img fetchpriority=\"high\" decoding=\"async\" width=\"800\" height=\"676\" src=\"https:\/\/nuevo-renacer.com\/wp-content\/uploads\/2025\/01\/800px-Frans_Hals_-_Portret_van_Rene_Descartes-1.jpg\" alt=\"\" class=\"wp-image-6716\" style=\"width:266px;height:auto\" srcset=\"https:\/\/nuevo-renacer.com\/wp-content\/uploads\/2025\/01\/800px-Frans_Hals_-_Portret_van_Rene_Descartes-1.jpg 800w, https:\/\/nuevo-renacer.com\/wp-content\/uploads\/2025\/01\/800px-Frans_Hals_-_Portret_van_Rene_Descartes-1-300x254.jpg 300w, https:\/\/nuevo-renacer.com\/wp-content\/uploads\/2025\/01\/800px-Frans_Hals_-_Portret_van_Rene_Descartes-1-768x649.jpg 768w, https:\/\/nuevo-renacer.com\/wp-content\/uploads\/2025\/01\/800px-Frans_Hals_-_Portret_van_Rene_Descartes-1-14x12.jpg 14w\" sizes=\"(max-width: 800px) 100vw, 800px\" \/><\/figure>\n<\/div><\/div>\n\n\n\n<div class=\"wp-block-uagb-container uagb-block-3133412b alignfull uagb-is-root-container\"><div class=\"uagb-container-inner-blocks-wrap\">\n<p class=\"has-black-color has-text-color has-link-color has-small-font-size wp-elements-d4121c611cac6fb6779a48305c6ef92a\">Ren\u00e9 Descartes (1596 &#8211; 1650) es llamado con raz\u00f3n el \u00abPadre de la Filosof\u00eda Moderna\u00bb. Fue el primer fil\u00f3sofo europeo despu\u00e9s de la Edad Media que situ\u00f3 el problema epistemol\u00f3gico (del conocimiento) en su verdadera perspectiva, anticipando toda la filosof\u00eda moderna.<\/p>\n\n\n\n<p class=\"has-black-color has-text-color has-link-color has-small-font-size wp-elements-2c1fb333eee0381f56c88802c4251d59\">El mismo daimon que atormentaba a S\u00f3crates se present\u00f3 a Descartes como una luz tan intensa que era imposible soportarla. A esta luz sigui\u00f3 el proyecto de una ciencia admirable. Estos acontecimientos fueron tan notables que Descartes lleg\u00f3 a aceptar que hab\u00eda sido inspirado por el Esp\u00edritu de la Verdad.<\/p>\n\n\n\n<p class=\"has-black-color has-text-color has-link-color has-small-font-size wp-elements-8edb614c10f05408567be58c47f2457a\">Cuando se habla de Descartes, se piensa inmediatamente en la expresi\u00f3n \u00abcogito ergo sum\u00bb (pienso luego existo). Este postulado, no susceptible de demostraci\u00f3n, sobre el que desarroll\u00f3 toda su filosof\u00eda del pensamiento cartesiano, que \u00e9l mismo cre\u00f3, se resume en: comprobar, analizar, sintetizar y enumerar.<\/p>\n\n\n\n<p class=\"has-black-color has-text-color has-link-color has-small-font-size wp-elements-5a8abbe94b093ef8675691e0e63018cb\">La primera prueba es la idea de perfecci\u00f3n, existente en el cogito, el Dios en nosotros; la segunda procede de la evidencia misma de la existencia del alma; la tercera es el principio de causalidad que, aplicado a las dos primeras, demuestra l\u00f3gicamente la existencia de Dios.<\/p>\n\n\n\n<p class=\"has-black-color has-text-color has-link-color has-small-font-size wp-elements-6c5797b6afa10ca3ba1b91bd3768adc4\">De este modo, Descartes asegura el paso del yo al mundo, porque asegura que la potencialidad de conocer existe en el hombre. Si Dios quisiera enga\u00f1arnos, podr\u00eda enga\u00f1arnos, pero entonces no ser\u00eda Dios sino un genio imperfecto del mal.<\/p>\n\n\n\n<p class=\"has-black-color has-text-color has-link-color has-small-font-size wp-elements-07afd5c3b0d5742c75749f6aad1e5f6f\">Para Ren\u00e9 Descartes, el mundo objetivo estaba formado por dos sustancias, una \u00abres extensa\u00bb (cuerpo) y otra \u00abres cogitans\u00bb (alma). Para Descartes, como para Arist\u00f3teles, la materia es cantidad y la fuerza es cualidad.<\/p>\n\n\n\n<p class=\"has-black-color has-text-color has-link-color has-small-font-size wp-elements-de499adad977338ec27e68d7195fcac9\">La divisi\u00f3n cartesiana entre esp\u00edritu y materia, sumada al trauma de las persecuciones medievales, condujo a la percepci\u00f3n del universo como un sistema mec\u00e1nico, formado por objetos separados, cuya teor\u00eda mecanicista est\u00e1 en la base de toda la ciencia moderna.<\/p>\n\n\n\n<p class=\"has-black-color has-text-color has-link-color has-small-font-size wp-elements-249ca24096b4ffba34624d8ab78f45fd\">Descartes, brillante matem\u00e1tico, dijo: \u00abToda ciencia es conocimiento cierto y evidente. Rechazamos todo conocimiento que sea meramente probable y consideramos que s\u00f3lo debemos creer en aquellas cosas que son perfectamente conocidas y sobre las que no puede haber duda.<\/p>\n\n\n\n<p class=\"has-black-color has-text-color has-link-color has-small-font-size wp-elements-776ee43c0bfe409dc8ce647ca1936370\">De hecho, la duda sobre el mundo preexistente al mundo de la \u00e9poca fue demostrada por otro fil\u00f3sofo franc\u00e9s en una \u00e9poca diferente. Allan Kardec (1803 &#8211; 1869), entendido en aritm\u00e9tica, qu\u00edmica, f\u00edsica y astronom\u00eda, utilizando el mismo m\u00e9todo cartesiano creado por Descartes, partiendo del mundo abstracto (espiritual) hacia el concreto (f\u00edsico), codific\u00f3 las obras m\u00e1s bellas de la trilog\u00eda existente: Filosof\u00eda, Ciencia y Religi\u00f3n.<\/p>\n\n\n\n<p class=\"has-black-color has-text-color has-link-color has-small-font-size wp-elements-35d9eaed09f807bceba287eb2e13e661\">Allan Kardec, al codificar la Doctrina Espiritista, transform\u00f3 completamente la perspectiva del futuro. La vida futura ya no es una hip\u00f3tesis, sino una realidad. El estado de las almas despu\u00e9s de la muerte ya no es un sistema, sino el resultado de la observaci\u00f3n. El velo ha sido levantado; el mundo de los esp\u00edritus se nos presenta en la plenitud de su realidad pr\u00e1ctica; no fueron los hombres quienes lo descubrieron por el esfuerzo de una concepci\u00f3n ingeniosa, son los propios habitantes de ese mundo quienes vienen a nosotros para describirnos su situaci\u00f3n.<\/p>\n\n\n\n<p class=\"has-black-color has-text-color has-link-color has-small-font-size wp-elements-a65f59b04803527dd0bdb878e7d00ab4\">En su \u00faltima obra sobre el Espiritismo, lo describ\u00eda as\u00ed: \u00abComo medio de elaboraci\u00f3n, el Espiritismo procede exactamente de la misma manera que las ciencias positivas, aplicando el m\u00e9todo experimental. Se presentan hechos nuevos que no pueden ser explicados por las leyes conocidas; los observa, los compara, los analiza y, remont\u00e1ndose de los efectos a las causas, llega a la ley que los rige; luego deduce sus consecuencias y busca aplicaciones \u00fatiles\u00bb. No estableci\u00f3 ninguna teor\u00eda preconcebida; as\u00ed, no hipotetiz\u00f3 la existencia y la intervenci\u00f3n de los Esp\u00edritus, ni el periesp\u00edritu, ni la reencarnaci\u00f3n, ni ninguno de los principios de la doctrina; concluy\u00f3 la existencia de los Esp\u00edritus cuando esa existencia era evidente por la observaci\u00f3n de los hechos, y procedi\u00f3 de la misma manera con los dem\u00e1s principios. No fueron los hechos los que posteriormente confirmaron la teor\u00eda: fue la teor\u00eda la que posteriormente explic\u00f3 y resumi\u00f3 los hechos. Por lo tanto, es rigurosamente exacto decir que el Espiritismo es una ciencia de observaci\u00f3n y no un producto de la imaginaci\u00f3n. Las ciencias s\u00f3lo han hecho progresos significativos desde que sus estudios se basan en el m\u00e9todo experimental; hasta entonces se cre\u00eda que este m\u00e9todo s\u00f3lo era aplicable a la materia, mientras que tambi\u00e9n lo es a las cosas metaf\u00edsicas.<\/p>\n<\/div><\/div>\n\n\n\n<div class=\"wp-block-uagb-container uagb-block-2f3b09a5 alignfull uagb-is-root-container\"><div class=\"uagb-container-inner-blocks-wrap\"><\/div><\/div>\n\n\n\n<div class=\"wp-block-uagb-container uagb-block-f32dbaa5 alignfull uagb-is-root-container\"><div class=\"uagb-container-inner-blocks-wrap\"><\/div><\/div>","protected":false},"excerpt":{"rendered":"<p>Ren\u00e9 Descartes Ren\u00e9 Descartes (1596 &#8211; 1650) es llamado con raz\u00f3n el \u00abPadre de la Filosof\u00eda Moderna\u00bb. Fue el primer fil\u00f3sofo europeo despu\u00e9s de la Edad Media que situ\u00f3 el problema epistemol\u00f3gico (del conocimiento) en su verdadera perspectiva, anticipando toda la filosof\u00eda moderna. El mismo daimon que atormentaba a S\u00f3crates se present\u00f3 a Descartes como [&hellip;]<\/p>","protected":false},"author":1,"featured_media":0,"parent":0,"menu_order":0,"comment_status":"closed","ping_status":"closed","template":"","meta":{"_uag_custom_page_level_css":"","site-sidebar-layout":"default","site-content-layout":"","ast-site-content-layout":"default","site-content-style":"default","site-sidebar-style":"default","ast-global-header-display":"","ast-banner-title-visibility":"","ast-main-header-display":"","ast-hfb-above-header-display":"","ast-hfb-below-header-display":"","ast-hfb-mobile-header-display":"","site-post-title":"disabled","ast-breadcrumbs-content":"","ast-featured-img":"","footer-sml-layout":"","theme-transparent-header-meta":"","adv-header-id-meta":"","stick-header-meta":"","header-above-stick-meta":"","header-main-stick-meta":"","header-below-stick-meta":"","astra-migrate-meta-layouts":"set","ast-page-background-enabled":"default","ast-page-background-meta":{"desktop":{"background-color":"var(--ast-global-color-4)","background-image":"","background-repeat":"repeat","background-position":"center center","background-size":"auto","background-attachment":"scroll","background-type":"","background-media":"","overlay-type":"","overlay-color":"","overlay-opacity":"","overlay-gradient":""},"tablet":{"background-color":"","background-image":"","background-repeat":"repeat","background-position":"center center","background-size":"auto","background-attachment":"scroll","background-type":"","background-media":"","overlay-type":"","overlay-color":"","overlay-opacity":"","overlay-gradient":""},"mobile":{"background-color":"","background-image":"","background-repeat":"repeat","background-position":"center center","background-size":"auto","background-attachment":"scroll","background-type":"","background-media":"","overlay-type":"","overlay-color":"","overlay-opacity":"","overlay-gradient":""}},"ast-content-background-meta":{"desktop":{"background-color":"var(--ast-global-color-5)","background-image":"","background-repeat":"repeat","background-position":"center center","background-size":"auto","background-attachment":"scroll","background-type":"","background-media":"","overlay-type":"","overlay-color":"","overlay-opacity":"","overlay-gradient":""},"tablet":{"background-color":"var(--ast-global-color-5)","background-image":"","background-repeat":"repeat","background-position":"center center","background-size":"auto","background-attachment":"scroll","background-type":"","background-media":"","overlay-type":"","overlay-color":"","overlay-opacity":"","overlay-gradient":""},"mobile":{"background-color":"var(--ast-global-color-5)","background-image":"","background-repeat":"repeat","background-position":"center center","background-size":"auto","background-attachment":"scroll","background-type":"","background-media":"","overlay-type":"","overlay-color":"","overlay-opacity":"","overlay-gradient":""}},"footnotes":""},"class_list":["post-6711","page","type-page","status-publish","hentry"],"yoast_head":"<!-- This site is optimized with the Yoast SEO Premium plugin v24.2 (Yoast SEO v24.6) - https:\/\/yoast.com\/wordpress\/plugins\/seo\/ -->\n<title>Ren\u00e9 Descartes - Uni\u00f3n Esp\u00edrita<\/title>\n<meta name=\"robots\" content=\"index, follow, max-snippet:-1, max-image-preview:large, max-video-preview:-1\" \/>\n<link rel=\"canonical\" href=\"https:\/\/nuevo-renacer.com\/it\/rene-descartes\/\" \/>\n<meta property=\"og:locale\" content=\"it_IT\" \/>\n<meta property=\"og:type\" content=\"article\" \/>\n<meta property=\"og:title\" content=\"Ren\u00e9 Descartes\" \/>\n<meta property=\"og:description\" content=\"Ren\u00e9 Descartes Ren\u00e9 Descartes (1596 &#8211; 1650) es llamado con raz\u00f3n el \u00abPadre de la Filosof\u00eda Moderna\u00bb. Fue el primer fil\u00f3sofo europeo despu\u00e9s de la Edad Media que situ\u00f3 el problema epistemol\u00f3gico (del conocimiento) en su verdadera perspectiva, anticipando toda la filosof\u00eda moderna. El mismo daimon que atormentaba a S\u00f3crates se present\u00f3 a Descartes como [&hellip;]\" \/>\n<meta property=\"og:url\" content=\"https:\/\/nuevo-renacer.com\/it\/rene-descartes\/\" \/>\n<meta property=\"og:site_name\" content=\"Uni\u00f3n Esp\u00edrita\" \/>\n<meta property=\"article:publisher\" content=\"https:\/\/www.facebook.com\/groups\/3431398063740829\" \/>\n<meta property=\"article:modified_time\" content=\"2025-01-08T12:13:50+00:00\" \/>\n<meta property=\"og:image\" content=\"https:\/\/nuevo-renacer.com\/wp-content\/uploads\/2025\/01\/800px-Frans_Hals_-_Portret_van_Rene_Descartes-1.jpg\" \/>\n\t<meta property=\"og:image:width\" content=\"800\" \/>\n\t<meta property=\"og:image:height\" content=\"676\" \/>\n\t<meta property=\"og:image:type\" content=\"image\/jpeg\" \/>\n<meta name=\"twitter:card\" content=\"summary_large_image\" \/>\n<meta name=\"twitter:label1\" content=\"Tempo di lettura stimato\" \/>\n\t<meta name=\"twitter:data1\" content=\"4 minuti\" \/>\n<script type=\"application\/ld+json\" class=\"yoast-schema-graph\">{\"@context\":\"https:\/\/schema.org\",\"@graph\":[{\"@type\":\"WebPage\",\"@id\":\"https:\/\/nuevo-renacer.com\/rene-descartes\/\",\"url\":\"https:\/\/nuevo-renacer.com\/rene-descartes\/\",\"name\":\"Ren\u00e9 Descartes - Uni\u00f3n Esp\u00edrita\",\"isPartOf\":{\"@id\":\"https:\/\/nuevo-renacer.com\/#website\"},\"primaryImageOfPage\":{\"@id\":\"https:\/\/nuevo-renacer.com\/rene-descartes\/#primaryimage\"},\"image\":{\"@id\":\"https:\/\/nuevo-renacer.com\/rene-descartes\/#primaryimage\"},\"thumbnailUrl\":\"https:\/\/nuevo-renacer.com\/wp-content\/uploads\/2025\/01\/800px-Frans_Hals_-_Portret_van_Rene_Descartes-1.jpg\",\"datePublished\":\"2025-01-08T11:58:23+00:00\",\"dateModified\":\"2025-01-08T12:13:50+00:00\",\"breadcrumb\":{\"@id\":\"https:\/\/nuevo-renacer.com\/rene-descartes\/#breadcrumb\"},\"inLanguage\":\"it-IT\",\"potentialAction\":[{\"@type\":\"ReadAction\",\"target\":[\"https:\/\/nuevo-renacer.com\/rene-descartes\/\"]}]},{\"@type\":\"ImageObject\",\"inLanguage\":\"it-IT\",\"@id\":\"https:\/\/nuevo-renacer.com\/rene-descartes\/#primaryimage\",\"url\":\"https:\/\/nuevo-renacer.com\/wp-content\/uploads\/2025\/01\/800px-Frans_Hals_-_Portret_van_Rene_Descartes-1.jpg\",\"contentUrl\":\"https:\/\/nuevo-renacer.com\/wp-content\/uploads\/2025\/01\/800px-Frans_Hals_-_Portret_van_Rene_Descartes-1.jpg\"},{\"@type\":\"BreadcrumbList\",\"@id\":\"https:\/\/nuevo-renacer.com\/rene-descartes\/#breadcrumb\",\"itemListElement\":[{\"@type\":\"ListItem\",\"position\":1,\"name\":\"Startseite\",\"item\":\"https:\/\/nuevo-renacer.com\/\"},{\"@type\":\"ListItem\",\"position\":2,\"name\":\"Ren\u00e9 Descartes\"}]},{\"@type\":\"WebSite\",\"@id\":\"https:\/\/nuevo-renacer.com\/#website\",\"url\":\"https:\/\/nuevo-renacer.com\/\",\"name\":\"Uni\u00f3n Esp\u00edrita\",\"description\":\"Nuevo Renacer\",\"publisher\":{\"@id\":\"https:\/\/nuevo-renacer.com\/#organization\"},\"potentialAction\":[{\"@type\":\"SearchAction\",\"target\":{\"@type\":\"EntryPoint\",\"urlTemplate\":\"https:\/\/nuevo-renacer.com\/?s={search_term_string}\"},\"query-input\":{\"@type\":\"PropertyValueSpecification\",\"valueRequired\":true,\"valueName\":\"search_term_string\"}}],\"inLanguage\":\"it-IT\"},{\"@type\":\"Organization\",\"@id\":\"https:\/\/nuevo-renacer.com\/#organization\",\"name\":\"UFEC\",\"url\":\"https:\/\/nuevo-renacer.com\/\",\"logo\":{\"@type\":\"ImageObject\",\"inLanguage\":\"it-IT\",\"@id\":\"https:\/\/nuevo-renacer.com\/#\/schema\/logo\/image\/\",\"url\":\"https:\/\/nuevo-renacer.com\/wp-content\/uploads\/2024\/05\/cropped-LOGO-TERMINADO1-3-3.png\",\"contentUrl\":\"https:\/\/nuevo-renacer.com\/wp-content\/uploads\/2024\/05\/cropped-LOGO-TERMINADO1-3-3.png\",\"width\":512,\"height\":512,\"caption\":\"UFEC\"},\"image\":{\"@id\":\"https:\/\/nuevo-renacer.com\/#\/schema\/logo\/image\/\"},\"sameAs\":[\"https:\/\/www.facebook.com\/groups\/3431398063740829\"]}]}<\/script>\n<!-- \/ Yoast SEO Premium plugin. -->","yoast_head_json":{"title":"Ren\u00e9 Descartes - Uni\u00f3n Esp\u00edrita","robots":{"index":"index","follow":"follow","max-snippet":"max-snippet:-1","max-image-preview":"max-image-preview:large","max-video-preview":"max-video-preview:-1"},"canonical":"https:\/\/nuevo-renacer.com\/it\/rene-descartes\/","og_locale":"it_IT","og_type":"article","og_title":"Ren\u00e9 Descartes","og_description":"Ren\u00e9 Descartes Ren\u00e9 Descartes (1596 &#8211; 1650) es llamado con raz\u00f3n el \u00abPadre de la Filosof\u00eda Moderna\u00bb. Fue el primer fil\u00f3sofo europeo despu\u00e9s de la Edad Media que situ\u00f3 el problema epistemol\u00f3gico (del conocimiento) en su verdadera perspectiva, anticipando toda la filosof\u00eda moderna. El mismo daimon que atormentaba a S\u00f3crates se present\u00f3 a Descartes como [&hellip;]","og_url":"https:\/\/nuevo-renacer.com\/it\/rene-descartes\/","og_site_name":"Uni\u00f3n Esp\u00edrita","article_publisher":"https:\/\/www.facebook.com\/groups\/3431398063740829","article_modified_time":"2025-01-08T12:13:50+00:00","og_image":[{"width":800,"height":676,"url":"https:\/\/nuevo-renacer.com\/wp-content\/uploads\/2025\/01\/800px-Frans_Hals_-_Portret_van_Rene_Descartes-1.jpg","type":"image\/jpeg"}],"twitter_card":"summary_large_image","twitter_misc":{"Tempo di lettura stimato":"4 minuti"},"schema":{"@context":"https:\/\/schema.org","@graph":[{"@type":"WebPage","@id":"https:\/\/nuevo-renacer.com\/rene-descartes\/","url":"https:\/\/nuevo-renacer.com\/rene-descartes\/","name":"Ren\u00e9 Descartes - Uni\u00f3n Esp\u00edrita","isPartOf":{"@id":"https:\/\/nuevo-renacer.com\/#website"},"primaryImageOfPage":{"@id":"https:\/\/nuevo-renacer.com\/rene-descartes\/#primaryimage"},"image":{"@id":"https:\/\/nuevo-renacer.com\/rene-descartes\/#primaryimage"},"thumbnailUrl":"https:\/\/nuevo-renacer.com\/wp-content\/uploads\/2025\/01\/800px-Frans_Hals_-_Portret_van_Rene_Descartes-1.jpg","datePublished":"2025-01-08T11:58:23+00:00","dateModified":"2025-01-08T12:13:50+00:00","breadcrumb":{"@id":"https:\/\/nuevo-renacer.com\/rene-descartes\/#breadcrumb"},"inLanguage":"it-IT","potentialAction":[{"@type":"ReadAction","target":["https:\/\/nuevo-renacer.com\/rene-descartes\/"]}]},{"@type":"ImageObject","inLanguage":"it-IT","@id":"https:\/\/nuevo-renacer.com\/rene-descartes\/#primaryimage","url":"https:\/\/nuevo-renacer.com\/wp-content\/uploads\/2025\/01\/800px-Frans_Hals_-_Portret_van_Rene_Descartes-1.jpg","contentUrl":"https:\/\/nuevo-renacer.com\/wp-content\/uploads\/2025\/01\/800px-Frans_Hals_-_Portret_van_Rene_Descartes-1.jpg"},{"@type":"BreadcrumbList","@id":"https:\/\/nuevo-renacer.com\/rene-descartes\/#breadcrumb","itemListElement":[{"@type":"ListItem","position":1,"name":"Startseite","item":"https:\/\/nuevo-renacer.com\/"},{"@type":"ListItem","position":2,"name":"Ren\u00e9 Descartes"}]},{"@type":"WebSite","@id":"https:\/\/nuevo-renacer.com\/#website","url":"https:\/\/nuevo-renacer.com\/","name":"Uni\u00f3n Esp\u00edrita","description":"Nuevo Renacer","publisher":{"@id":"https:\/\/nuevo-renacer.com\/#organization"},"potentialAction":[{"@type":"SearchAction","target":{"@type":"EntryPoint","urlTemplate":"https:\/\/nuevo-renacer.com\/?s={search_term_string}"},"query-input":{"@type":"PropertyValueSpecification","valueRequired":true,"valueName":"search_term_string"}}],"inLanguage":"it-IT"},{"@type":"Organization","@id":"https:\/\/nuevo-renacer.com\/#organization","name":"UFEC","url":"https:\/\/nuevo-renacer.com\/","logo":{"@type":"ImageObject","inLanguage":"it-IT","@id":"https:\/\/nuevo-renacer.com\/#\/schema\/logo\/image\/","url":"https:\/\/nuevo-renacer.com\/wp-content\/uploads\/2024\/05\/cropped-LOGO-TERMINADO1-3-3.png","contentUrl":"https:\/\/nuevo-renacer.com\/wp-content\/uploads\/2024\/05\/cropped-LOGO-TERMINADO1-3-3.png","width":512,"height":512,"caption":"UFEC"},"image":{"@id":"https:\/\/nuevo-renacer.com\/#\/schema\/logo\/image\/"},"sameAs":["https:\/\/www.facebook.com\/groups\/3431398063740829"]}]}},"uagb_featured_image_src":{"full":false,"thumbnail":false,"medium":false,"medium_large":false,"large":false,"1536x1536":false,"2048x2048":false,"trp-custom-language-flag":false},"uagb_author_info":{"display_name":"adbv0","author_link":"https:\/\/nuevo-renacer.com\/it\/author\/adbv0\/"},"uagb_comment_info":0,"uagb_excerpt":"Ren\u00e9 Descartes Ren\u00e9 Descartes (1596 &#8211; 1650) es llamado con raz\u00f3n el \u00abPadre de la Filosof\u00eda Moderna\u00bb. Fue el primer fil\u00f3sofo europeo despu\u00e9s de la Edad Media que situ\u00f3 el problema epistemol\u00f3gico (del conocimiento) en su verdadera perspectiva, anticipando toda la filosof\u00eda moderna. El mismo daimon que atormentaba a S\u00f3crates se present\u00f3 a Descartes como&hellip;","jetpack_sharing_enabled":true,"_links":{"self":[{"href":"https:\/\/nuevo-renacer.com\/it\/wp-json\/wp\/v2\/pages\/6711","targetHints":{"allow":["GET"]}}],"collection":[{"href":"https:\/\/nuevo-renacer.com\/it\/wp-json\/wp\/v2\/pages"}],"about":[{"href":"https:\/\/nuevo-renacer.com\/it\/wp-json\/wp\/v2\/types\/page"}],"author":[{"embeddable":true,"href":"https:\/\/nuevo-renacer.com\/it\/wp-json\/wp\/v2\/users\/1"}],"replies":[{"embeddable":true,"href":"https:\/\/nuevo-renacer.com\/it\/wp-json\/wp\/v2\/comments?post=6711"}],"version-history":[{"count":2,"href":"https:\/\/nuevo-renacer.com\/it\/wp-json\/wp\/v2\/pages\/6711\/revisions"}],"predecessor-version":[{"id":6717,"href":"https:\/\/nuevo-renacer.com\/it\/wp-json\/wp\/v2\/pages\/6711\/revisions\/6717"}],"wp:attachment":[{"href":"https:\/\/nuevo-renacer.com\/it\/wp-json\/wp\/v2\/media?parent=6711"}],"curies":[{"name":"wp","href":"https:\/\/api.w.org\/{rel}","templated":true}]}}