{"id":6695,"date":"2025-01-08T08:11:44","date_gmt":"2025-01-08T08:11:44","guid":{"rendered":"https:\/\/nuevo-renacer.com\/?page_id=6695"},"modified":"2025-01-08T08:13:14","modified_gmt":"2025-01-08T08:13:14","slug":"fe-y-responsabilidad-en-tiempos-dificiles-un-llamamiento-a-la-unidad","status":"publish","type":"page","link":"https:\/\/nuevo-renacer.com\/it\/fe-y-responsabilidad-en-tiempos-dificiles-un-llamamiento-a-la-unidad\/","title":{"rendered":"Fede e responsabilit\u00e0 in tempi difficili: un appello all'unit\u00e0"},"content":{"rendered":"<div class=\"wp-block-uagb-container uagb-block-b0926129 alignfull uagb-is-root-container\"><div class=\"uagb-container-inner-blocks-wrap\">\n<p class=\"has-black-color has-text-color has-link-color has-medium-font-size wp-elements-e2e28fda122d1fba9bb8a236295c57b1\"><strong>Fede e responsabilit\u00e0 in tempi difficili: un appello all'unit\u00e0<\/strong><\/p>\n<\/div><\/div>\n\n\n\n<div class=\"wp-block-uagb-container uagb-block-6cb011eb alignfull uagb-is-root-container\"><div class=\"uagb-container-inner-blocks-wrap\">\n<figure class=\"wp-block-image size-large is-resized\"><img fetchpriority=\"high\" decoding=\"async\" width=\"1024\" height=\"768\" src=\"https:\/\/nuevo-renacer.com\/wp-content\/uploads\/2025\/01\/guardian-angels-cof7o53byfdgey97-1024x768.jpg\" alt=\"\" class=\"wp-image-6696\" style=\"width:476px;height:auto\" srcset=\"https:\/\/nuevo-renacer.com\/wp-content\/uploads\/2025\/01\/guardian-angels-cof7o53byfdgey97-1024x768.jpg 1024w, https:\/\/nuevo-renacer.com\/wp-content\/uploads\/2025\/01\/guardian-angels-cof7o53byfdgey97-300x225.jpg 300w, https:\/\/nuevo-renacer.com\/wp-content\/uploads\/2025\/01\/guardian-angels-cof7o53byfdgey97-768x576.jpg 768w, https:\/\/nuevo-renacer.com\/wp-content\/uploads\/2025\/01\/guardian-angels-cof7o53byfdgey97-1536x1152.jpg 1536w, https:\/\/nuevo-renacer.com\/wp-content\/uploads\/2025\/01\/guardian-angels-cof7o53byfdgey97-16x12.jpg 16w, https:\/\/nuevo-renacer.com\/wp-content\/uploads\/2025\/01\/guardian-angels-cof7o53byfdgey97.jpg 1600w\" sizes=\"(max-width: 1024px) 100vw, 1024px\" \/><\/figure>\n<\/div><\/div>\n\n\n\n<div class=\"wp-block-uagb-container uagb-block-da38f51e alignfull uagb-is-root-container\"><div class=\"uagb-container-inner-blocks-wrap\">\n<p class=\"has-black-color has-text-color has-link-color has-small-font-size wp-elements-8feb280c80b08fa4143869abd891fd04\">Cari fratelli e sorelle,<\/p>\n\n\n\n<p class=\"has-black-color has-text-color has-link-color has-small-font-size wp-elements-8dc0658f0ecc0984bc2d2384c895869c\">siate di buon umore in questi tempi difficili, in cui le tribolazioni terrene vi hanno fatto soffrire al massimo. Spiritisti, continuate ad avere fede in nostro Padre e nella vostra missione divina, che LUI vi ha affidato eoni di anni fa. Infatti, ogni sofferenza che LUI vi impone non \u00e8 per una comune punizione, ma per purificarvi dalle scorie delle vite passate e per rafforzarvi. Come spiritualisti, lo sapete, quindi siatene sempre consapevoli. Un diamante non \u00e8 che un pezzo di carbonio, che raggiunge la sua vera bellezza e la sua radiosa brillantezza solo attraverso un'enorme pressione, colpi di martello e una lunga lucidatura. Voi siete come questo pezzo di carbonio all'inizio del vostro cammino, ma portate dentro di voi il potenziale del diamante. Spiritisti di questo mondo, \u00e8 giunto il momento di unirvi.<\/p>\n\n\n\n<p class=\"has-black-color has-text-color has-link-color has-small-font-size wp-elements-c1473f021b18dfaad434e4e74a998cd9\">L'anno scorso sono iniziati i preparativi, quest'anno il fuoco brucer\u00e0 e si diffonder\u00e0. Siete i fari sparsi di nostro Padre che vi ha diffusi in tutto il mondo. Ora formate una rete luminosa a beneficio dell'umanit\u00e0. Perch\u00e9 ora \u00e8 il momento dell'ascensione di questo pianeta alla fase successiva. Sar\u00e0 un periodo duro ma gioioso, in cui farete la volont\u00e0 di nostro Signore. Non stancatevi mai di compiere il vostro sacro dovere, anche nelle pi\u00f9 grandi tribolazioni. Infatti, nonostante i grandi fardelli e il duro lavoro, i vostri cuori traboccheranno di felicit\u00e0. Siate certi che nostro Padre vi terr\u00e0 per mano anche nella pi\u00f9 grande tempesta.<\/p>\n\n\n\n<p class=\"has-black-color has-text-color has-link-color has-small-font-size wp-elements-0f8fd0ad781c4f5002bc7a0e2e8e99b7\">Voi, medium tra gli spiritisti, siete benedetti e avvertiti di non rinchiudere le capacit\u00e0 che vi ha dato nostro Padre, n\u00e9 di abusarne o di tentare di accumulare ricchezze con esse. Al contrario, siete esortati a raffinare e perfezionare le vostre capacit\u00e0 e, come veri servitori del Padre, a usarle per assistere coloro che sono ancora ignoranti sulla via della salvezza. Sappiate che nessuno di voi \u00e8 inutile e senza importanza.<\/p>\n\n\n\n<p class=\"has-black-color has-text-color has-link-color has-small-font-size wp-elements-16490a1b33505244e635d1f304927983\">Ognuno di voi \u00e8 un piccolo ingranaggio di una macchina gigantesca; se un ingranaggio si rompe, la macchina funziona pi\u00f9 lentamente e pi\u00f9 difficilmente. Pertanto, non pensate che uno di voi sia migliore o peggiore, pi\u00f9 importante o meno importante.<\/p>\n\n\n\n<p class=\"has-black-color has-text-color has-link-color has-small-font-size wp-elements-b183e20704c12d0ce0c5a4e7993641c8\">Beati i miei fratelli e le mie sorelle.<\/p>\n\n\n\n<p class=\"has-black-color has-text-color has-link-color has-small-font-size wp-elements-179ac80ffe2f32f824eb5edde0161c98\"><em>Un tutore<\/em><\/p>\n\n\n\n<p class=\"has-black-color has-text-color has-link-color has-small-font-size wp-elements-a1465af95a867fce8d3e8e8ea828b466\">08.01.2025<\/p>\n\n\n\n<p class=\"has-black-color has-text-color has-link-color has-small-font-size wp-elements-584df68fa27c72815681e55eed2bb0e8\">Psicografato dalla medium Daniela M.<\/p>\n<\/div><\/div>\n\n\n\n<div class=\"wp-block-uagb-container uagb-block-48f6febe alignfull uagb-is-root-container\"><div class=\"uagb-container-inner-blocks-wrap\"><\/div><\/div>\n\n\n\n<div class=\"wp-block-uagb-container uagb-block-44f8c91c alignfull uagb-is-root-container\"><div class=\"uagb-container-inner-blocks-wrap\"><\/div><\/div>\n\n\n\n<p><\/p>","protected":false},"excerpt":{"rendered":"<p>Fe y responsabilidad en tiempos dif\u00edciles: Un llamamiento a la unidad Queridos hermanos y hermanas, Tened buen \u00e1nimo en estos tiempos dif\u00edciles, en los que las tribulaciones terrestres os han hecho sufrir al m\u00e1ximo. Espiritistas, continuad teniendo fe en nuestro Padre y en vuestra misi\u00f3n divina con la que \u00c9L os comision\u00f3 hace eones de [&hellip;]<\/p>","protected":false},"author":1,"featured_media":0,"parent":0,"menu_order":0,"comment_status":"closed","ping_status":"closed","template":"","meta":{"_uag_custom_page_level_css":"","site-sidebar-layout":"default","site-content-layout":"","ast-site-content-layout":"default","site-content-style":"default","site-sidebar-style":"default","ast-global-header-display":"","ast-banner-title-visibility":"","ast-main-header-display":"","ast-hfb-above-header-display":"","ast-hfb-below-header-display":"","ast-hfb-mobile-header-display":"","site-post-title":"disabled","ast-breadcrumbs-content":"","ast-featured-img":"","footer-sml-layout":"","theme-transparent-header-meta":"","adv-header-id-meta":"","stick-header-meta":"","header-above-stick-meta":"","header-main-stick-meta":"","header-below-stick-meta":"","astra-migrate-meta-layouts":"set","ast-page-background-enabled":"default","ast-page-background-meta":{"desktop":{"background-color":"var(--ast-global-color-4)","background-image":"","background-repeat":"repeat","background-position":"center center","background-size":"auto","background-attachment":"scroll","background-type":"","background-media":"","overlay-type":"","overlay-color":"","overlay-opacity":"","overlay-gradient":""},"tablet":{"background-color":"","background-image":"","background-repeat":"repeat","background-position":"center center","background-size":"auto","background-attachment":"scroll","background-type":"","background-media":"","overlay-type":"","overlay-color":"","overlay-opacity":"","overlay-gradient":""},"mobile":{"background-color":"","background-image":"","background-repeat":"repeat","background-position":"center center","background-size":"auto","background-attachment":"scroll","background-type":"","background-media":"","overlay-type":"","overlay-color":"","overlay-opacity":"","overlay-gradient":""}},"ast-content-background-meta":{"desktop":{"background-color":"var(--ast-global-color-5)","background-image":"","background-repeat":"repeat","background-position":"center center","background-size":"auto","background-attachment":"scroll","background-type":"","background-media":"","overlay-type":"","overlay-color":"","overlay-opacity":"","overlay-gradient":""},"tablet":{"background-color":"var(--ast-global-color-5)","background-image":"","background-repeat":"repeat","background-position":"center center","background-size":"auto","background-attachment":"scroll","background-type":"","background-media":"","overlay-type":"","overlay-color":"","overlay-opacity":"","overlay-gradient":""},"mobile":{"background-color":"var(--ast-global-color-5)","background-image":"","background-repeat":"repeat","background-position":"center center","background-size":"auto","background-attachment":"scroll","background-type":"","background-media":"","overlay-type":"","overlay-color":"","overlay-opacity":"","overlay-gradient":""}},"footnotes":""},"class_list":["post-6695","page","type-page","status-publish","hentry"],"yoast_head":"<!-- This site is optimized with the Yoast SEO Premium plugin v24.2 (Yoast SEO v24.6) - https:\/\/yoast.com\/wordpress\/plugins\/seo\/ -->\n<title>Fe y responsabilidad en tiempos dif\u00edciles: Un llamamiento a la unidad - Uni\u00f3n Esp\u00edrita<\/title>\n<meta name=\"robots\" content=\"index, follow, max-snippet:-1, max-image-preview:large, max-video-preview:-1\" \/>\n<link rel=\"canonical\" href=\"https:\/\/nuevo-renacer.com\/it\/fe-y-responsabilidad-en-tiempos-dificiles-un-llamamiento-a-la-unidad\/\" \/>\n<meta property=\"og:locale\" content=\"it_IT\" \/>\n<meta property=\"og:type\" content=\"article\" \/>\n<meta property=\"og:title\" content=\"Fe y responsabilidad en tiempos dif\u00edciles: Un llamamiento a la unidad\" \/>\n<meta property=\"og:description\" content=\"Fe y responsabilidad en tiempos dif\u00edciles: Un llamamiento a la unidad Queridos hermanos y hermanas, Tened buen \u00e1nimo en estos tiempos dif\u00edciles, en los que las tribulaciones terrestres os han hecho sufrir al m\u00e1ximo. Espiritistas, continuad teniendo fe en nuestro Padre y en vuestra misi\u00f3n divina con la que \u00c9L os comision\u00f3 hace eones de [&hellip;]\" \/>\n<meta property=\"og:url\" content=\"https:\/\/nuevo-renacer.com\/it\/fe-y-responsabilidad-en-tiempos-dificiles-un-llamamiento-a-la-unidad\/\" \/>\n<meta property=\"og:site_name\" content=\"Uni\u00f3n Esp\u00edrita\" \/>\n<meta property=\"article:publisher\" content=\"https:\/\/www.facebook.com\/groups\/3431398063740829\" \/>\n<meta property=\"article:modified_time\" content=\"2025-01-08T08:13:14+00:00\" \/>\n<meta property=\"og:image\" content=\"https:\/\/nuevo-renacer.com\/wp-content\/uploads\/2025\/01\/guardian-angels-cof7o53byfdgey97.jpg\" \/>\n\t<meta property=\"og:image:width\" content=\"1600\" \/>\n\t<meta property=\"og:image:height\" content=\"1200\" \/>\n\t<meta property=\"og:image:type\" content=\"image\/jpeg\" \/>\n<meta name=\"twitter:card\" content=\"summary_large_image\" \/>\n<meta name=\"twitter:label1\" content=\"Tempo di lettura stimato\" \/>\n\t<meta name=\"twitter:data1\" content=\"2 minuti\" \/>\n<script type=\"application\/ld+json\" class=\"yoast-schema-graph\">{\"@context\":\"https:\/\/schema.org\",\"@graph\":[{\"@type\":\"WebPage\",\"@id\":\"https:\/\/nuevo-renacer.com\/fe-y-responsabilidad-en-tiempos-dificiles-un-llamamiento-a-la-unidad\/\",\"url\":\"https:\/\/nuevo-renacer.com\/fe-y-responsabilidad-en-tiempos-dificiles-un-llamamiento-a-la-unidad\/\",\"name\":\"Fe y responsabilidad en tiempos dif\u00edciles: Un llamamiento a la unidad - Uni\u00f3n Esp\u00edrita\",\"isPartOf\":{\"@id\":\"https:\/\/nuevo-renacer.com\/#website\"},\"primaryImageOfPage\":{\"@id\":\"https:\/\/nuevo-renacer.com\/fe-y-responsabilidad-en-tiempos-dificiles-un-llamamiento-a-la-unidad\/#primaryimage\"},\"image\":{\"@id\":\"https:\/\/nuevo-renacer.com\/fe-y-responsabilidad-en-tiempos-dificiles-un-llamamiento-a-la-unidad\/#primaryimage\"},\"thumbnailUrl\":\"https:\/\/nuevo-renacer.com\/wp-content\/uploads\/2025\/01\/guardian-angels-cof7o53byfdgey97-1024x768.jpg\",\"datePublished\":\"2025-01-08T08:11:44+00:00\",\"dateModified\":\"2025-01-08T08:13:14+00:00\",\"breadcrumb\":{\"@id\":\"https:\/\/nuevo-renacer.com\/fe-y-responsabilidad-en-tiempos-dificiles-un-llamamiento-a-la-unidad\/#breadcrumb\"},\"inLanguage\":\"it-IT\",\"potentialAction\":[{\"@type\":\"ReadAction\",\"target\":[\"https:\/\/nuevo-renacer.com\/fe-y-responsabilidad-en-tiempos-dificiles-un-llamamiento-a-la-unidad\/\"]}]},{\"@type\":\"ImageObject\",\"inLanguage\":\"it-IT\",\"@id\":\"https:\/\/nuevo-renacer.com\/fe-y-responsabilidad-en-tiempos-dificiles-un-llamamiento-a-la-unidad\/#primaryimage\",\"url\":\"https:\/\/nuevo-renacer.com\/wp-content\/uploads\/2025\/01\/guardian-angels-cof7o53byfdgey97-1024x768.jpg\",\"contentUrl\":\"https:\/\/nuevo-renacer.com\/wp-content\/uploads\/2025\/01\/guardian-angels-cof7o53byfdgey97-1024x768.jpg\"},{\"@type\":\"BreadcrumbList\",\"@id\":\"https:\/\/nuevo-renacer.com\/fe-y-responsabilidad-en-tiempos-dificiles-un-llamamiento-a-la-unidad\/#breadcrumb\",\"itemListElement\":[{\"@type\":\"ListItem\",\"position\":1,\"name\":\"Startseite\",\"item\":\"https:\/\/nuevo-renacer.com\/\"},{\"@type\":\"ListItem\",\"position\":2,\"name\":\"Fe y responsabilidad en tiempos dif\u00edciles: Un llamamiento a la unidad\"}]},{\"@type\":\"WebSite\",\"@id\":\"https:\/\/nuevo-renacer.com\/#website\",\"url\":\"https:\/\/nuevo-renacer.com\/\",\"name\":\"Uni\u00f3n Esp\u00edrita\",\"description\":\"Nuevo Renacer\",\"publisher\":{\"@id\":\"https:\/\/nuevo-renacer.com\/#organization\"},\"potentialAction\":[{\"@type\":\"SearchAction\",\"target\":{\"@type\":\"EntryPoint\",\"urlTemplate\":\"https:\/\/nuevo-renacer.com\/?s={search_term_string}\"},\"query-input\":{\"@type\":\"PropertyValueSpecification\",\"valueRequired\":true,\"valueName\":\"search_term_string\"}}],\"inLanguage\":\"it-IT\"},{\"@type\":\"Organization\",\"@id\":\"https:\/\/nuevo-renacer.com\/#organization\",\"name\":\"UFEC\",\"url\":\"https:\/\/nuevo-renacer.com\/\",\"logo\":{\"@type\":\"ImageObject\",\"inLanguage\":\"it-IT\",\"@id\":\"https:\/\/nuevo-renacer.com\/#\/schema\/logo\/image\/\",\"url\":\"https:\/\/nuevo-renacer.com\/wp-content\/uploads\/2024\/05\/cropped-LOGO-TERMINADO1-3-3.png\",\"contentUrl\":\"https:\/\/nuevo-renacer.com\/wp-content\/uploads\/2024\/05\/cropped-LOGO-TERMINADO1-3-3.png\",\"width\":512,\"height\":512,\"caption\":\"UFEC\"},\"image\":{\"@id\":\"https:\/\/nuevo-renacer.com\/#\/schema\/logo\/image\/\"},\"sameAs\":[\"https:\/\/www.facebook.com\/groups\/3431398063740829\"]}]}<\/script>\n<!-- \/ Yoast SEO Premium plugin. -->","yoast_head_json":{"title":"Fe y responsabilidad en tiempos dif\u00edciles: Un llamamiento a la unidad - Uni\u00f3n Esp\u00edrita","robots":{"index":"index","follow":"follow","max-snippet":"max-snippet:-1","max-image-preview":"max-image-preview:large","max-video-preview":"max-video-preview:-1"},"canonical":"https:\/\/nuevo-renacer.com\/it\/fe-y-responsabilidad-en-tiempos-dificiles-un-llamamiento-a-la-unidad\/","og_locale":"it_IT","og_type":"article","og_title":"Fe y responsabilidad en tiempos dif\u00edciles: Un llamamiento a la unidad","og_description":"Fe y responsabilidad en tiempos dif\u00edciles: Un llamamiento a la unidad Queridos hermanos y hermanas, Tened buen \u00e1nimo en estos tiempos dif\u00edciles, en los que las tribulaciones terrestres os han hecho sufrir al m\u00e1ximo. Espiritistas, continuad teniendo fe en nuestro Padre y en vuestra misi\u00f3n divina con la que \u00c9L os comision\u00f3 hace eones de [&hellip;]","og_url":"https:\/\/nuevo-renacer.com\/it\/fe-y-responsabilidad-en-tiempos-dificiles-un-llamamiento-a-la-unidad\/","og_site_name":"Uni\u00f3n Esp\u00edrita","article_publisher":"https:\/\/www.facebook.com\/groups\/3431398063740829","article_modified_time":"2025-01-08T08:13:14+00:00","og_image":[{"width":1600,"height":1200,"url":"https:\/\/nuevo-renacer.com\/wp-content\/uploads\/2025\/01\/guardian-angels-cof7o53byfdgey97.jpg","type":"image\/jpeg"}],"twitter_card":"summary_large_image","twitter_misc":{"Tempo di lettura stimato":"2 minuti"},"schema":{"@context":"https:\/\/schema.org","@graph":[{"@type":"WebPage","@id":"https:\/\/nuevo-renacer.com\/fe-y-responsabilidad-en-tiempos-dificiles-un-llamamiento-a-la-unidad\/","url":"https:\/\/nuevo-renacer.com\/fe-y-responsabilidad-en-tiempos-dificiles-un-llamamiento-a-la-unidad\/","name":"Fe y responsabilidad en tiempos dif\u00edciles: Un llamamiento a la unidad - Uni\u00f3n Esp\u00edrita","isPartOf":{"@id":"https:\/\/nuevo-renacer.com\/#website"},"primaryImageOfPage":{"@id":"https:\/\/nuevo-renacer.com\/fe-y-responsabilidad-en-tiempos-dificiles-un-llamamiento-a-la-unidad\/#primaryimage"},"image":{"@id":"https:\/\/nuevo-renacer.com\/fe-y-responsabilidad-en-tiempos-dificiles-un-llamamiento-a-la-unidad\/#primaryimage"},"thumbnailUrl":"https:\/\/nuevo-renacer.com\/wp-content\/uploads\/2025\/01\/guardian-angels-cof7o53byfdgey97-1024x768.jpg","datePublished":"2025-01-08T08:11:44+00:00","dateModified":"2025-01-08T08:13:14+00:00","breadcrumb":{"@id":"https:\/\/nuevo-renacer.com\/fe-y-responsabilidad-en-tiempos-dificiles-un-llamamiento-a-la-unidad\/#breadcrumb"},"inLanguage":"it-IT","potentialAction":[{"@type":"ReadAction","target":["https:\/\/nuevo-renacer.com\/fe-y-responsabilidad-en-tiempos-dificiles-un-llamamiento-a-la-unidad\/"]}]},{"@type":"ImageObject","inLanguage":"it-IT","@id":"https:\/\/nuevo-renacer.com\/fe-y-responsabilidad-en-tiempos-dificiles-un-llamamiento-a-la-unidad\/#primaryimage","url":"https:\/\/nuevo-renacer.com\/wp-content\/uploads\/2025\/01\/guardian-angels-cof7o53byfdgey97-1024x768.jpg","contentUrl":"https:\/\/nuevo-renacer.com\/wp-content\/uploads\/2025\/01\/guardian-angels-cof7o53byfdgey97-1024x768.jpg"},{"@type":"BreadcrumbList","@id":"https:\/\/nuevo-renacer.com\/fe-y-responsabilidad-en-tiempos-dificiles-un-llamamiento-a-la-unidad\/#breadcrumb","itemListElement":[{"@type":"ListItem","position":1,"name":"Startseite","item":"https:\/\/nuevo-renacer.com\/"},{"@type":"ListItem","position":2,"name":"Fe y responsabilidad en tiempos dif\u00edciles: Un llamamiento a la unidad"}]},{"@type":"WebSite","@id":"https:\/\/nuevo-renacer.com\/#website","url":"https:\/\/nuevo-renacer.com\/","name":"Uni\u00f3n Esp\u00edrita","description":"Nuevo Renacer","publisher":{"@id":"https:\/\/nuevo-renacer.com\/#organization"},"potentialAction":[{"@type":"SearchAction","target":{"@type":"EntryPoint","urlTemplate":"https:\/\/nuevo-renacer.com\/?s={search_term_string}"},"query-input":{"@type":"PropertyValueSpecification","valueRequired":true,"valueName":"search_term_string"}}],"inLanguage":"it-IT"},{"@type":"Organization","@id":"https:\/\/nuevo-renacer.com\/#organization","name":"UFEC","url":"https:\/\/nuevo-renacer.com\/","logo":{"@type":"ImageObject","inLanguage":"it-IT","@id":"https:\/\/nuevo-renacer.com\/#\/schema\/logo\/image\/","url":"https:\/\/nuevo-renacer.com\/wp-content\/uploads\/2024\/05\/cropped-LOGO-TERMINADO1-3-3.png","contentUrl":"https:\/\/nuevo-renacer.com\/wp-content\/uploads\/2024\/05\/cropped-LOGO-TERMINADO1-3-3.png","width":512,"height":512,"caption":"UFEC"},"image":{"@id":"https:\/\/nuevo-renacer.com\/#\/schema\/logo\/image\/"},"sameAs":["https:\/\/www.facebook.com\/groups\/3431398063740829"]}]}},"uagb_featured_image_src":{"full":false,"thumbnail":false,"medium":false,"medium_large":false,"large":false,"1536x1536":false,"2048x2048":false,"trp-custom-language-flag":false},"uagb_author_info":{"display_name":"adbv0","author_link":"https:\/\/nuevo-renacer.com\/it\/author\/adbv0\/"},"uagb_comment_info":0,"uagb_excerpt":"Fe y responsabilidad en tiempos dif\u00edciles: Un llamamiento a la unidad Queridos hermanos y hermanas, Tened buen \u00e1nimo en estos tiempos dif\u00edciles, en los que las tribulaciones terrestres os han hecho sufrir al m\u00e1ximo. Espiritistas, continuad teniendo fe en nuestro Padre y en vuestra misi\u00f3n divina con la que \u00c9L os comision\u00f3 hace eones de&hellip;","jetpack_sharing_enabled":true,"_links":{"self":[{"href":"https:\/\/nuevo-renacer.com\/it\/wp-json\/wp\/v2\/pages\/6695","targetHints":{"allow":["GET"]}}],"collection":[{"href":"https:\/\/nuevo-renacer.com\/it\/wp-json\/wp\/v2\/pages"}],"about":[{"href":"https:\/\/nuevo-renacer.com\/it\/wp-json\/wp\/v2\/types\/page"}],"author":[{"embeddable":true,"href":"https:\/\/nuevo-renacer.com\/it\/wp-json\/wp\/v2\/users\/1"}],"replies":[{"embeddable":true,"href":"https:\/\/nuevo-renacer.com\/it\/wp-json\/wp\/v2\/comments?post=6695"}],"version-history":[{"count":2,"href":"https:\/\/nuevo-renacer.com\/it\/wp-json\/wp\/v2\/pages\/6695\/revisions"}],"predecessor-version":[{"id":6699,"href":"https:\/\/nuevo-renacer.com\/it\/wp-json\/wp\/v2\/pages\/6695\/revisions\/6699"}],"wp:attachment":[{"href":"https:\/\/nuevo-renacer.com\/it\/wp-json\/wp\/v2\/media?parent=6695"}],"curies":[{"name":"wp","href":"https:\/\/api.w.org\/{rel}","templated":true}]}}