{"id":6673,"date":"2025-01-07T12:58:10","date_gmt":"2025-01-07T12:58:10","guid":{"rendered":"https:\/\/nuevo-renacer.com\/?page_id=6673"},"modified":"2025-05-23T09:45:49","modified_gmt":"2025-05-23T09:45:49","slug":"las-pruebas-y-la-muerte","status":"publish","type":"page","link":"https:\/\/nuevo-renacer.com\/it\/las-pruebas-y-la-muerte\/","title":{"rendered":"LAS PRUEBAS Y LA MUERTE"},"content":{"rendered":"<div class=\"wp-block-uagb-container uagb-block-0fcb5199 alignfull uagb-is-root-container\"><div class=\"uagb-container-inner-blocks-wrap\">\n<p class=\"has-black-color has-text-color has-link-color has-medium-font-size wp-elements-922fe130b9248953b9280e17692f0506\"><strong>Las Pruebas y la muerte<\/strong><\/p>\n<\/div><\/div>\n\n\n\n<div class=\"wp-block-uagb-container uagb-block-638a73f7 alignfull uagb-is-root-container\"><div class=\"uagb-container-inner-blocks-wrap\">\n<figure class=\"wp-block-image size-large is-resized\"><img fetchpriority=\"high\" decoding=\"async\" width=\"1024\" height=\"678\" src=\"https:\/\/nuevo-renacer.com\/wp-content\/uploads\/2025\/01\/camera-219958_1280-1024x678.jpg\" alt=\"\" class=\"wp-image-6677\" style=\"width:275px;height:auto\" srcset=\"https:\/\/nuevo-renacer.com\/wp-content\/uploads\/2025\/01\/camera-219958_1280-1024x678.jpg 1024w, https:\/\/nuevo-renacer.com\/wp-content\/uploads\/2025\/01\/camera-219958_1280-300x199.jpg 300w, https:\/\/nuevo-renacer.com\/wp-content\/uploads\/2025\/01\/camera-219958_1280-768x508.jpg 768w, https:\/\/nuevo-renacer.com\/wp-content\/uploads\/2025\/01\/camera-219958_1280-18x12.jpg 18w, https:\/\/nuevo-renacer.com\/wp-content\/uploads\/2025\/01\/camera-219958_1280.jpg 1280w\" sizes=\"(max-width: 1024px) 100vw, 1024px\" \/><\/figure>\n<\/div><\/div>\n\n\n\n<div class=\"wp-block-uagb-container uagb-block-7bd3ae3d alignfull uagb-is-root-container\"><div class=\"uagb-container-inner-blocks-wrap\">\n<p class=\"has-black-color has-text-color has-link-color has-small-font-size wp-elements-01e336833af3cd604f64aeed3ad53c73\">Determinado ya el objeto de la existencia y siendo m\u00e1s elevado que la fortuna, m\u00e1s elevado que la felicidad, se produce una verdadera revoluci\u00f3n en nuestras aspiraciones. El Universo es un palenque en donde el alma lucha para su engrandecimiento. Lo obtiene por medio de sus trabajos, de sus sacrificios, de sus padecimientos. El dolor, ya sea f\u00edsico, ya moral, es un poderoso medio de desarrollo y de progreso. Las pruebas que sufrimos nos ayudan a conocernos y a dominar nuestras pasiones.<\/p>\n\n\n\n<p class=\"has-black-color has-text-color has-link-color has-small-font-size wp-elements-9127422ce59e3605e19a9a2800950499\">El dolor es la purificaci\u00f3n suprema, la escuela donde se aprenden la paciencia, la resignaci\u00f3n y todos los austeros deberes. Es el horno donde se derrite el ego\u00edsmo y se disuelve el orgullo. A veces, en las horas sombr\u00edas, el alma atormentada se rebela, reniega de Dios y de su justicia. Despu\u00e9s, cuando la borrasca ha pasado, y se examina, ve que aquel mal aparente era un bien, ve que las penas la han hecho mejor, m\u00e1s accesible a la piedad, m\u00e1s caritativa hacia los que sufren.<\/p>\n\n\n\n<p class=\"has-black-color has-text-color has-link-color has-small-font-size wp-elements-32433687a48582f1a103779ac91053fe\">Todos los males de la vida contribuyen a nuestra elevaci\u00f3n. Por medio del dolor, de las pruebas, de las humillaciones, de los achaques y de las desgracias, lo mejor nace de lo peor. Por esto hay en este mundo m\u00e1s penas que alegr\u00edas. La prueba templa los caracteres, afina los sentimientos y doma las almas fogosas o altaneras.<\/p>\n\n\n\n<p class=\"has-black-color has-text-color has-link-color has-small-font-size wp-elements-4ed99e6217f03aca54347c3a20d2c4e1\">El dolor f\u00edsico tiene tambi\u00e9n su utilidad. Desata qu\u00edmicamente los lazos que unen el Esp\u00edritu a la carne, lo desprende de los fluidos groseros que lo rodean, aun despu\u00e9s de la muerte, y lo retienen en las regiones inferiores.<\/p>\n\n\n\n<p class=\"has-black-color has-text-color has-link-color has-small-font-size wp-elements-acab1a63ad2734e6c779282e01f77cae\">No maldigamos el dolor. S\u00f3lo \u00e9l nos arranca a la indiferencia y al deleite. \u00c9l esculpe nuestra alma, d\u00e1ndole su forma m\u00e1s pura y su m\u00e1s perfecta belleza.<\/p>\n\n\n\n<p class=\"has-black-color has-text-color has-link-color has-small-font-size wp-elements-e7320ea41b9532f8aeadefdc508d7ae6\">La prueba es un remedio infalible para nuestra inexperiencia. La Providencia procede con nosotros como una madre previsora con su hijo ind\u00f3cil. Cuando nos resistimos a sus llamamientos, cuando nos negamos a seguir sus consejos, nos deja sufrir desenga\u00f1os y reveses, sabiendo que la adversidad es la mejor escuela de bondad y sabidur\u00eda.<\/p>\n\n\n\n<p class=\"has-black-color has-text-color has-link-color has-small-font-size wp-elements-0e6ec6d5370312d7773192990bf57f9e\">Tal es el destino del mayor n\u00famero en la Tierra. Bajo un cielo a menudo surcado de rel\u00e1mpagos, hay que seguir el arduo camino, con los pies destrozados por las piedras y las espinas. Un Esp\u00edritu revestido de negro ropaje gu\u00eda nuestros pasos: es el dolor, dolor santo que debemos bendecir, pues \u00e9l solo, al estimular nuestro ser, le desprende de las vanas frusler\u00edas con que le gusta adornarse y le hace apto para sentir lo que es verdaderamente noble y bello.<\/p>\n\n\n\n<p class=\"has-black-color has-text-color has-link-color has-small-font-size wp-elements-0433e3c62057a06b5cc95757b89c164f\">Considerando estas ense\u00f1anzas \u00bfqu\u00e9 viene a ser la idea de la muerte? Pierde todo car\u00e1cter espantoso. La muerte no es ya m\u00e1s que una transformaci\u00f3n necesaria y una renovaci\u00f3n. En realidad, nada muere. La muerte no es m\u00e1s que aparente. Tan s\u00f3lo cambia la forma exterior: el principio de la vida, el alma, permanece en su unidad permanente e indestructible. M\u00e1s all\u00e1 de la tumba se encuentra en la plenitud de sus facultades, con todas las adquisiciones, luces, virtudes, aspiraciones y potencias con que se ha enriquecido durante sus existencias terrenas. Estos son los bienes imperecederos de que habla el Evangelio, cuando nos dice: \u00abNi los gusanos ni las polillas los corroen, ni los ladrones los roban.\u00bb Son las \u00fanicas riquezas que podemos llevarnos y utilizar en la vida futura.<\/p>\n\n\n\n<p class=\"has-black-color has-text-color has-link-color has-small-font-size wp-elements-201cfdcbe1c3e4a0b308fc517fa176ed\">La muerte y la reencarnaci\u00f3n que la sigue en un tiempo dado, son dos formas esenciales del progreso. Al romper con los h\u00e1bitos mezquinos que hab\u00edamos contra\u00eddo, nos colocan en centros diferentes y nos obligan a adaptar nuestro Esp\u00edritu a las mil fases del orden social y universal.<\/p>\n\n\n\n<p class=\"has-black-color has-text-color has-link-color has-small-font-size wp-elements-d972a095f8b919e3efd4944dfdfafd68\">Cuando llega la tarde de la vida, cuando nuestra existencia, semejante a la p\u00e1gina de un libro va a volverse para hacer lugar en una p\u00e1gina blanca, a una p\u00e1gina nueva, el sabio consulta su pasado y pasa revista a sus actos. Feliz aquel que cuando llega esa hora puede decirse: Mis d\u00edas han sido bien empleados. Feliz aquel que ha aceptado con resignaci\u00f3n y sobrellevado con valor las pruebas. \u00c9stas, al triturar su alma, han lanzado fuera toda la hiel y toda la amargura que en ella se encerraban. Al repasar en su pensamiento esta vida dif\u00edcil, el sabio bendecir\u00e1 las penalidades sufridas. Estando en paz su conciencia, ver\u00e1 acercarse sin temor el instante de la partida.<\/p>\n\n\n\n<p class=\"has-black-color has-text-color has-link-color has-small-font-size wp-elements-a7365671c6b050ff5966000694059c1e\">Despid\u00e1monos de las teor\u00edas que hacen de la muerte el conducto de la nada, o el preludio de castigos sin fin. \u00a1Adi\u00f3s, l\u00fagubres fantasmas de la teolog\u00eda, dogmas pavorosos, sentencias inexorables, suplicios infernales! \u00a1Paso a la esperanza! \u00a1Paso a la eterna vida! \u00a1No son oscuras tinieblas, luz deslumbradora es lo que sale de las tumbas!<\/p>\n\n\n\n<p class=\"has-black-color has-text-color has-link-color has-small-font-size wp-elements-5d9fb0c8234392d980f038e900995f40\">Hab\u00e9is visto la mariposa de policromadas alas despojarse de su informe cris\u00e1lida, esa repugnante envoltura de la oruga dentro de la cual el insecto se arrastraba por el suelo? \u00bfLa hab\u00e9is visto, libre y ligera, revolotear por el aire luminoso en medio del perfume de las flores? No hay imagen m\u00e1s fiel del fen\u00f3meno de la muerte. Tambi\u00e9n el hombre es una cris\u00e1lida que la muerte descompone. El cuerpo humano, vestidura de carne, vuelve al gran muladar; nuestro m\u00edsero despojo vuelve al laboratorio de la naturaleza; mas el Esp\u00edritu, despu\u00e9s de cumplida su obra, se lanza a una vida m\u00e1s elevada, a la vida espiritual que sucede a la vida corporal como el d\u00eda sucede a la noche, y separa cada una de nuestras encarnaciones.<\/p>\n\n\n\n<p class=\"has-black-color has-text-color has-link-color has-small-font-size wp-elements-b2ab70adc51a3ce413a5996426f1cb4b\">Penetrados de estas ideas ya no temeremos la muerte. Como nuestros padres, los galos, osaremos mirarla frente a frente sin terror. No m\u00e1s miedo, no m\u00e1s l\u00e1grimas, no m\u00e1s aparato siniestro ni t\u00e9tricos c\u00e1nticos. Nuestros funerales se convertir\u00e1n en una fiesta en la cual celebraremos la libertad del alma y su regreso a la verdadera patria.<\/p>\n\n\n\n<p class=\"has-black-color has-text-color has-link-color has-small-font-size wp-elements-13a8511dfe796b51cee09d4e1222bd48\">La muerte es la gran reveladora. En las horas de prueba, cuando todo se oscurece en torno nuestro, nos hemos preguntado a veces: \u00bfPor qu\u00e9 he nacido? \u00bfPor qu\u00e9 no he permanecido en la noche profunda, all\u00ed donde no se siente, donde no se padece, donde se duerme con eterno sue\u00f1o? Y en aquellas horas de duda y de angustia, una voz se elevaba y llegaba hasta nosotros dici\u00e9ndonos: Sufre para engrandecerte y purificarte. Sabe que tu destino es grande. Esta tierra fr\u00eda no ser\u00e1 tu sepulcro. Los mundos que brillan en los cielos son tus futuras moradas, la herencia que Dios te reserva. Eres para siempre ciudadano del Universo, perteneces a los siglos pasados como a los venideros, y a la hora presente est\u00e1s preparando tu elevaci\u00f3n.<\/p>\n\n\n\n<p class=\"has-black-color has-text-color has-link-color has-small-font-size wp-elements-f4341ec050ec2bfc0166194d8ba2686a\">Soporta con calma los males que t\u00fa mismo has elegido. Siembra en el dolor y en las l\u00e1grimas el grano que brotar\u00e1 en tus pr\u00f3ximas vidas. Siembra tambi\u00e9n para los dem\u00e1s como otros han sembrado para ti. Ser inmortal, avanza con paso firme por el escarpado sendero hacia las alturas desde donde el porvenir te aparecer\u00e1 sin velo. La subida es \u00e1spera, frecuentemente inundar\u00e1 tu rostro el sudor, pero desde la cumbre ver\u00e1s despuntar la gran claridad y ver\u00e1s remontar en el horizonte el sol de verdad y de justicia.<\/p>\n\n\n\n<p class=\"has-black-color has-text-color has-link-color has-small-font-size wp-elements-7387860b2d569f237cbc838141e17c85\">La voz que nos habla as\u00ed es la de los muertos, la de las almas queridas que nos han precedido en el pa\u00eds de la verdadera vida. Lejos de dormir debajo de la losa, velan por nosotros. Desde el fondo de lo invisible, nos miran y nos sonr\u00eden. \u00a1Adorable y divino misterio!, comunican con nosotros. Ellas nos dicen: Ya no m\u00e1s dudas est\u00e9riles, trabajad y amad. Un d\u00eda, cuando hay\u00e1is terminado vuestra tarea, la muerte nos reunir\u00e1.<\/p>\n<\/div><\/div>\n\n\n\n<div class=\"wp-block-uagb-container uagb-block-52dbb3d7 alignfull uagb-is-root-container\"><div class=\"uagb-container-inner-blocks-wrap\">\n<p class=\"has-black-color has-text-color has-link-color wp-elements-82c220877d0e800799ff2cd78ee11721\"><em>L\u00e9on Denis<\/em> &#8211; <em>Despu\u00e9s de la Muerte<\/em><\/p>\n<\/div><\/div>\n\n\n\n<div class=\"wp-block-uagb-container uagb-block-c682dd74 alignfull uagb-is-root-container\"><div class=\"uagb-container-inner-blocks-wrap\"><\/div><\/div>\n\n\n\n<div class=\"wp-block-uagb-container uagb-block-40adbbde alignfull uagb-is-root-container\"><div class=\"uagb-container-inner-blocks-wrap\"><\/div><\/div>","protected":false},"excerpt":{"rendered":"<p>Las Pruebas y la muerte Determinado ya el objeto de la existencia y siendo m\u00e1s elevado que la fortuna, m\u00e1s elevado que la felicidad, se produce una verdadera revoluci\u00f3n en nuestras aspiraciones. El Universo es un palenque en donde el alma lucha para su engrandecimiento. Lo obtiene por medio de sus trabajos, de sus sacrificios, [&hellip;]<\/p>","protected":false},"author":1,"featured_media":0,"parent":0,"menu_order":0,"comment_status":"closed","ping_status":"closed","template":"","meta":{"_uag_custom_page_level_css":"","site-sidebar-layout":"default","site-content-layout":"","ast-site-content-layout":"default","site-content-style":"default","site-sidebar-style":"default","ast-global-header-display":"","ast-banner-title-visibility":"","ast-main-header-display":"","ast-hfb-above-header-display":"","ast-hfb-below-header-display":"","ast-hfb-mobile-header-display":"","site-post-title":"disabled","ast-breadcrumbs-content":"","ast-featured-img":"","footer-sml-layout":"","theme-transparent-header-meta":"","adv-header-id-meta":"","stick-header-meta":"","header-above-stick-meta":"","header-main-stick-meta":"","header-below-stick-meta":"","astra-migrate-meta-layouts":"set","ast-page-background-enabled":"default","ast-page-background-meta":{"desktop":{"background-color":"var(--ast-global-color-4)","background-image":"","background-repeat":"repeat","background-position":"center center","background-size":"auto","background-attachment":"scroll","background-type":"","background-media":"","overlay-type":"","overlay-color":"","overlay-opacity":"","overlay-gradient":""},"tablet":{"background-color":"","background-image":"","background-repeat":"repeat","background-position":"center center","background-size":"auto","background-attachment":"scroll","background-type":"","background-media":"","overlay-type":"","overlay-color":"","overlay-opacity":"","overlay-gradient":""},"mobile":{"background-color":"","background-image":"","background-repeat":"repeat","background-position":"center center","background-size":"auto","background-attachment":"scroll","background-type":"","background-media":"","overlay-type":"","overlay-color":"","overlay-opacity":"","overlay-gradient":""}},"ast-content-background-meta":{"desktop":{"background-color":"var(--ast-global-color-5)","background-image":"","background-repeat":"repeat","background-position":"center center","background-size":"auto","background-attachment":"scroll","background-type":"","background-media":"","overlay-type":"","overlay-color":"","overlay-opacity":"","overlay-gradient":""},"tablet":{"background-color":"var(--ast-global-color-5)","background-image":"","background-repeat":"repeat","background-position":"center center","background-size":"auto","background-attachment":"scroll","background-type":"","background-media":"","overlay-type":"","overlay-color":"","overlay-opacity":"","overlay-gradient":""},"mobile":{"background-color":"var(--ast-global-color-5)","background-image":"","background-repeat":"repeat","background-position":"center center","background-size":"auto","background-attachment":"scroll","background-type":"","background-media":"","overlay-type":"","overlay-color":"","overlay-opacity":"","overlay-gradient":""}},"footnotes":""},"class_list":["post-6673","page","type-page","status-publish","hentry"],"yoast_head":"<!-- This site is optimized with the Yoast SEO Premium plugin v24.2 (Yoast SEO v24.6) - https:\/\/yoast.com\/wordpress\/plugins\/seo\/ -->\n<title>LAS PRUEBAS Y LA MUERTE - Uni\u00f3n Esp\u00edrita<\/title>\n<meta name=\"robots\" content=\"index, follow, max-snippet:-1, max-image-preview:large, max-video-preview:-1\" \/>\n<link rel=\"canonical\" href=\"https:\/\/nuevo-renacer.com\/it\/las-pruebas-y-la-muerte\/\" \/>\n<meta property=\"og:locale\" content=\"it_IT\" \/>\n<meta property=\"og:type\" content=\"article\" \/>\n<meta property=\"og:title\" content=\"LAS PRUEBAS Y LA MUERTE\" \/>\n<meta property=\"og:description\" content=\"Las Pruebas y la muerte Determinado ya el objeto de la existencia y siendo m\u00e1s elevado que la fortuna, m\u00e1s elevado que la felicidad, se produce una verdadera revoluci\u00f3n en nuestras aspiraciones. El Universo es un palenque en donde el alma lucha para su engrandecimiento. Lo obtiene por medio de sus trabajos, de sus sacrificios, [&hellip;]\" \/>\n<meta property=\"og:url\" content=\"https:\/\/nuevo-renacer.com\/it\/las-pruebas-y-la-muerte\/\" \/>\n<meta property=\"og:site_name\" content=\"Uni\u00f3n Esp\u00edrita\" \/>\n<meta property=\"article:publisher\" content=\"https:\/\/www.facebook.com\/groups\/3431398063740829\" \/>\n<meta property=\"article:modified_time\" content=\"2025-05-23T09:45:49+00:00\" \/>\n<meta property=\"og:image\" content=\"https:\/\/nuevo-renacer.com\/wp-content\/uploads\/2025\/01\/camera-219958_1280.jpg\" \/>\n\t<meta property=\"og:image:width\" content=\"1280\" \/>\n\t<meta property=\"og:image:height\" content=\"847\" \/>\n\t<meta property=\"og:image:type\" content=\"image\/jpeg\" \/>\n<meta name=\"twitter:card\" content=\"summary_large_image\" \/>\n<meta name=\"twitter:label1\" content=\"Tempo di lettura stimato\" \/>\n\t<meta name=\"twitter:data1\" content=\"8 minuti\" \/>\n<script type=\"application\/ld+json\" class=\"yoast-schema-graph\">{\"@context\":\"https:\/\/schema.org\",\"@graph\":[{\"@type\":\"WebPage\",\"@id\":\"https:\/\/nuevo-renacer.com\/las-pruebas-y-la-muerte\/\",\"url\":\"https:\/\/nuevo-renacer.com\/las-pruebas-y-la-muerte\/\",\"name\":\"LAS PRUEBAS Y LA MUERTE - Uni\u00f3n Esp\u00edrita\",\"isPartOf\":{\"@id\":\"https:\/\/nuevo-renacer.com\/#website\"},\"primaryImageOfPage\":{\"@id\":\"https:\/\/nuevo-renacer.com\/las-pruebas-y-la-muerte\/#primaryimage\"},\"image\":{\"@id\":\"https:\/\/nuevo-renacer.com\/las-pruebas-y-la-muerte\/#primaryimage\"},\"thumbnailUrl\":\"https:\/\/nuevo-renacer.com\/wp-content\/uploads\/2025\/01\/camera-219958_1280-1024x678.jpg\",\"datePublished\":\"2025-01-07T12:58:10+00:00\",\"dateModified\":\"2025-05-23T09:45:49+00:00\",\"breadcrumb\":{\"@id\":\"https:\/\/nuevo-renacer.com\/las-pruebas-y-la-muerte\/#breadcrumb\"},\"inLanguage\":\"it-IT\",\"potentialAction\":[{\"@type\":\"ReadAction\",\"target\":[\"https:\/\/nuevo-renacer.com\/las-pruebas-y-la-muerte\/\"]}]},{\"@type\":\"ImageObject\",\"inLanguage\":\"it-IT\",\"@id\":\"https:\/\/nuevo-renacer.com\/las-pruebas-y-la-muerte\/#primaryimage\",\"url\":\"https:\/\/nuevo-renacer.com\/wp-content\/uploads\/2025\/01\/camera-219958_1280-1024x678.jpg\",\"contentUrl\":\"https:\/\/nuevo-renacer.com\/wp-content\/uploads\/2025\/01\/camera-219958_1280-1024x678.jpg\"},{\"@type\":\"BreadcrumbList\",\"@id\":\"https:\/\/nuevo-renacer.com\/las-pruebas-y-la-muerte\/#breadcrumb\",\"itemListElement\":[{\"@type\":\"ListItem\",\"position\":1,\"name\":\"Startseite\",\"item\":\"https:\/\/nuevo-renacer.com\/\"},{\"@type\":\"ListItem\",\"position\":2,\"name\":\"LAS PRUEBAS Y LA MUERTE\"}]},{\"@type\":\"WebSite\",\"@id\":\"https:\/\/nuevo-renacer.com\/#website\",\"url\":\"https:\/\/nuevo-renacer.com\/\",\"name\":\"Uni\u00f3n Esp\u00edrita\",\"description\":\"Nuevo Renacer\",\"publisher\":{\"@id\":\"https:\/\/nuevo-renacer.com\/#organization\"},\"potentialAction\":[{\"@type\":\"SearchAction\",\"target\":{\"@type\":\"EntryPoint\",\"urlTemplate\":\"https:\/\/nuevo-renacer.com\/?s={search_term_string}\"},\"query-input\":{\"@type\":\"PropertyValueSpecification\",\"valueRequired\":true,\"valueName\":\"search_term_string\"}}],\"inLanguage\":\"it-IT\"},{\"@type\":\"Organization\",\"@id\":\"https:\/\/nuevo-renacer.com\/#organization\",\"name\":\"UFEC\",\"url\":\"https:\/\/nuevo-renacer.com\/\",\"logo\":{\"@type\":\"ImageObject\",\"inLanguage\":\"it-IT\",\"@id\":\"https:\/\/nuevo-renacer.com\/#\/schema\/logo\/image\/\",\"url\":\"https:\/\/nuevo-renacer.com\/wp-content\/uploads\/2024\/05\/cropped-LOGO-TERMINADO1-3-3.png\",\"contentUrl\":\"https:\/\/nuevo-renacer.com\/wp-content\/uploads\/2024\/05\/cropped-LOGO-TERMINADO1-3-3.png\",\"width\":512,\"height\":512,\"caption\":\"UFEC\"},\"image\":{\"@id\":\"https:\/\/nuevo-renacer.com\/#\/schema\/logo\/image\/\"},\"sameAs\":[\"https:\/\/www.facebook.com\/groups\/3431398063740829\"]}]}<\/script>\n<!-- \/ Yoast SEO Premium plugin. -->","yoast_head_json":{"title":"LAS PRUEBAS Y LA MUERTE - Uni\u00f3n Esp\u00edrita","robots":{"index":"index","follow":"follow","max-snippet":"max-snippet:-1","max-image-preview":"max-image-preview:large","max-video-preview":"max-video-preview:-1"},"canonical":"https:\/\/nuevo-renacer.com\/it\/las-pruebas-y-la-muerte\/","og_locale":"it_IT","og_type":"article","og_title":"LAS PRUEBAS Y LA MUERTE","og_description":"Las Pruebas y la muerte Determinado ya el objeto de la existencia y siendo m\u00e1s elevado que la fortuna, m\u00e1s elevado que la felicidad, se produce una verdadera revoluci\u00f3n en nuestras aspiraciones. El Universo es un palenque en donde el alma lucha para su engrandecimiento. Lo obtiene por medio de sus trabajos, de sus sacrificios, [&hellip;]","og_url":"https:\/\/nuevo-renacer.com\/it\/las-pruebas-y-la-muerte\/","og_site_name":"Uni\u00f3n Esp\u00edrita","article_publisher":"https:\/\/www.facebook.com\/groups\/3431398063740829","article_modified_time":"2025-05-23T09:45:49+00:00","og_image":[{"width":1280,"height":847,"url":"https:\/\/nuevo-renacer.com\/wp-content\/uploads\/2025\/01\/camera-219958_1280.jpg","type":"image\/jpeg"}],"twitter_card":"summary_large_image","twitter_misc":{"Tempo di lettura stimato":"8 minuti"},"schema":{"@context":"https:\/\/schema.org","@graph":[{"@type":"WebPage","@id":"https:\/\/nuevo-renacer.com\/las-pruebas-y-la-muerte\/","url":"https:\/\/nuevo-renacer.com\/las-pruebas-y-la-muerte\/","name":"LAS PRUEBAS Y LA MUERTE - Uni\u00f3n Esp\u00edrita","isPartOf":{"@id":"https:\/\/nuevo-renacer.com\/#website"},"primaryImageOfPage":{"@id":"https:\/\/nuevo-renacer.com\/las-pruebas-y-la-muerte\/#primaryimage"},"image":{"@id":"https:\/\/nuevo-renacer.com\/las-pruebas-y-la-muerte\/#primaryimage"},"thumbnailUrl":"https:\/\/nuevo-renacer.com\/wp-content\/uploads\/2025\/01\/camera-219958_1280-1024x678.jpg","datePublished":"2025-01-07T12:58:10+00:00","dateModified":"2025-05-23T09:45:49+00:00","breadcrumb":{"@id":"https:\/\/nuevo-renacer.com\/las-pruebas-y-la-muerte\/#breadcrumb"},"inLanguage":"it-IT","potentialAction":[{"@type":"ReadAction","target":["https:\/\/nuevo-renacer.com\/las-pruebas-y-la-muerte\/"]}]},{"@type":"ImageObject","inLanguage":"it-IT","@id":"https:\/\/nuevo-renacer.com\/las-pruebas-y-la-muerte\/#primaryimage","url":"https:\/\/nuevo-renacer.com\/wp-content\/uploads\/2025\/01\/camera-219958_1280-1024x678.jpg","contentUrl":"https:\/\/nuevo-renacer.com\/wp-content\/uploads\/2025\/01\/camera-219958_1280-1024x678.jpg"},{"@type":"BreadcrumbList","@id":"https:\/\/nuevo-renacer.com\/las-pruebas-y-la-muerte\/#breadcrumb","itemListElement":[{"@type":"ListItem","position":1,"name":"Startseite","item":"https:\/\/nuevo-renacer.com\/"},{"@type":"ListItem","position":2,"name":"LAS PRUEBAS Y LA MUERTE"}]},{"@type":"WebSite","@id":"https:\/\/nuevo-renacer.com\/#website","url":"https:\/\/nuevo-renacer.com\/","name":"Uni\u00f3n Esp\u00edrita","description":"Nuevo Renacer","publisher":{"@id":"https:\/\/nuevo-renacer.com\/#organization"},"potentialAction":[{"@type":"SearchAction","target":{"@type":"EntryPoint","urlTemplate":"https:\/\/nuevo-renacer.com\/?s={search_term_string}"},"query-input":{"@type":"PropertyValueSpecification","valueRequired":true,"valueName":"search_term_string"}}],"inLanguage":"it-IT"},{"@type":"Organization","@id":"https:\/\/nuevo-renacer.com\/#organization","name":"UFEC","url":"https:\/\/nuevo-renacer.com\/","logo":{"@type":"ImageObject","inLanguage":"it-IT","@id":"https:\/\/nuevo-renacer.com\/#\/schema\/logo\/image\/","url":"https:\/\/nuevo-renacer.com\/wp-content\/uploads\/2024\/05\/cropped-LOGO-TERMINADO1-3-3.png","contentUrl":"https:\/\/nuevo-renacer.com\/wp-content\/uploads\/2024\/05\/cropped-LOGO-TERMINADO1-3-3.png","width":512,"height":512,"caption":"UFEC"},"image":{"@id":"https:\/\/nuevo-renacer.com\/#\/schema\/logo\/image\/"},"sameAs":["https:\/\/www.facebook.com\/groups\/3431398063740829"]}]}},"uagb_featured_image_src":{"full":false,"thumbnail":false,"medium":false,"medium_large":false,"large":false,"1536x1536":false,"2048x2048":false,"trp-custom-language-flag":false},"uagb_author_info":{"display_name":"adbv0","author_link":"https:\/\/nuevo-renacer.com\/it\/author\/adbv0\/"},"uagb_comment_info":0,"uagb_excerpt":"Las Pruebas y la muerte Determinado ya el objeto de la existencia y siendo m\u00e1s elevado que la fortuna, m\u00e1s elevado que la felicidad, se produce una verdadera revoluci\u00f3n en nuestras aspiraciones. El Universo es un palenque en donde el alma lucha para su engrandecimiento. Lo obtiene por medio de sus trabajos, de sus sacrificios,&hellip;","jetpack_sharing_enabled":true,"_links":{"self":[{"href":"https:\/\/nuevo-renacer.com\/it\/wp-json\/wp\/v2\/pages\/6673","targetHints":{"allow":["GET"]}}],"collection":[{"href":"https:\/\/nuevo-renacer.com\/it\/wp-json\/wp\/v2\/pages"}],"about":[{"href":"https:\/\/nuevo-renacer.com\/it\/wp-json\/wp\/v2\/types\/page"}],"author":[{"embeddable":true,"href":"https:\/\/nuevo-renacer.com\/it\/wp-json\/wp\/v2\/users\/1"}],"replies":[{"embeddable":true,"href":"https:\/\/nuevo-renacer.com\/it\/wp-json\/wp\/v2\/comments?post=6673"}],"version-history":[{"count":8,"href":"https:\/\/nuevo-renacer.com\/it\/wp-json\/wp\/v2\/pages\/6673\/revisions"}],"predecessor-version":[{"id":8183,"href":"https:\/\/nuevo-renacer.com\/it\/wp-json\/wp\/v2\/pages\/6673\/revisions\/8183"}],"wp:attachment":[{"href":"https:\/\/nuevo-renacer.com\/it\/wp-json\/wp\/v2\/media?parent=6673"}],"curies":[{"name":"wp","href":"https:\/\/api.w.org\/{rel}","templated":true}]}}