{"id":6482,"date":"2024-12-09T12:48:27","date_gmt":"2024-12-09T12:48:27","guid":{"rendered":"https:\/\/nuevo-renacer.com\/?page_id=6482"},"modified":"2024-12-17T11:01:11","modified_gmt":"2024-12-17T11:01:11","slug":"bertha-dudde","status":"publish","type":"page","link":"https:\/\/nuevo-renacer.com\/it\/bertha-dudde\/","title":{"rendered":"Bertha Dudde"},"content":{"rendered":"<div class=\"wp-block-uagb-container uagb-block-4f506914 alignfull uagb-is-root-container\"><div class=\"uagb-container-inner-blocks-wrap\">\n<p class=\"has-black-color has-text-color has-link-color has-medium-font-size wp-elements-bf6c936feb09291c27ab44623bb2bafd\"><strong>Bertha Dudde<\/strong><\/p>\n<\/div><\/div>\n\n\n\n<div class=\"wp-block-uagb-container uagb-block-95d94cf4 alignfull uagb-is-root-container\"><div class=\"uagb-container-inner-blocks-wrap\">\n<figure class=\"wp-block-image size-full is-resized\"><img fetchpriority=\"high\" decoding=\"async\" width=\"474\" height=\"330\" src=\"https:\/\/nuevo-renacer.com\/wp-content\/uploads\/2024\/12\/Bertha-Dudde.jpg\" alt=\"\" class=\"wp-image-6483\" style=\"width:290px;height:auto\" srcset=\"https:\/\/nuevo-renacer.com\/wp-content\/uploads\/2024\/12\/Bertha-Dudde.jpg 474w, https:\/\/nuevo-renacer.com\/wp-content\/uploads\/2024\/12\/Bertha-Dudde-300x209.jpg 300w, https:\/\/nuevo-renacer.com\/wp-content\/uploads\/2024\/12\/Bertha-Dudde-18x12.jpg 18w\" sizes=\"(max-width: 474px) 100vw, 474px\" \/><\/figure>\n<\/div><\/div>\n\n\n\n<div class=\"wp-block-uagb-container uagb-block-17b8c962 alignfull uagb-is-root-container\"><div class=\"uagb-container-inner-blocks-wrap\">\n<p class=\"has-black-color has-text-color has-link-color has-small-font-size wp-elements-8ec24c830e06de995e2a8639658ed7fc\">Bertha Dudde nacque il 1\u00b0 aprile 1891 come seconda figlia maggiore di un pittore a Liegnitz, in Slesia. Crebbe con sei fratelli come seconda figlia maggiore di un pittore in condizioni di povert\u00e0. Ricevette solo l'istruzione elementare usuale dell'epoca e pratic\u00f2 la sua passione per il cucito fin da giovane per aiutare economicamente la famiglia. Si dedic\u00f2 a questa attivit\u00e0 fino a tarda et\u00e0 per guadagnarsi da vivere.<\/p>\n\n\n\n<p class=\"has-black-color has-text-color has-link-color has-small-font-size wp-elements-910d5af03e48c2c9e163f3de9eab3fce\">Dudde aveva una conoscenza religiosa appena degna di nota e si teneva lontana dall'influenza ecclesiastica perch\u00e9 contraria ad alcuni dei suoi insegnamenti, sebbene vivesse come una cristiana convinta.<\/p>\n\n\n\n<p class=\"has-black-color has-text-color has-link-color has-small-font-size wp-elements-78ac49ca5d433cd79044ad9e9f3499b0\"><strong>Proclamazioni attraverso la \u00abParola interiore\u00bb<\/strong><\/p>\n\n\n\n<p class=\"has-black-color has-text-color has-link-color has-small-font-size wp-elements-367b00eb33c58885db9beb4116837f10\">Bertha Dudde racconta come ha ricevuto per la prima volta queste rivelazioni attraverso la cosiddetta \u201cParola Interiore\u201d (ispirazione verbale):<\/p>\n\n\n\n<p class=\"has-black-color has-text-color has-link-color has-small-font-size wp-elements-25ffc78e2c7ebd8ebc004b84940c4a54\">\u00a0\u00abQuando recitavo il Padre Nostro, spesso pregavo il Signore di permettermi di trovare il Suo regno, dopotutto. E questa preghiera fu esaudita. Era il 15 giugno 1937. Pregavo e prestavo attenzione al mio interno \u2013 rimanevo completamente in silenzio \u2013 Spesso rimanevo in questo stato perch\u00e9 ero sempre pervaso da una pace meravigliosa, e i pensieri che sentivo \u2013 nel mio cuore, non nella mia testa \u2013 mi davano conforto e forza\u00bb.<\/p>\n\n\n\n<p class=\"has-black-color has-text-color has-link-color has-small-font-size wp-elements-465ffb80ed36829a130520450fa02b66\">Non mi ero ancora reso conto che quei pensieri mi erano stati \u00abdati\u00bb. Finch\u00e9 una strana esperienza onirica, che in seguito si rivel\u00f2 essere un sogno reale, mi spinse a scrivere questi \u00abpensieri\u00bb. E cos\u00ec, in quel giorno memorabile, ascoltai il mio io interiore e mi venne in mente una serie di parole molto chiare e nitide, che annotai. Era il primo capitolo che mi era stato dato e iniziava con le parole: \u00abIn principio era il Verbo! Un tedeum al Creatore del cielo e della terra!\u00bb.<\/p>\n\n\n\n<p class=\"has-black-color has-text-color has-link-color has-small-font-size wp-elements-eaccd5cd99d461ab510b647bf5f19572\">E allora sono sorti i dubbi: hai scritto questo di te stesso? \u2013 Insomma, ho lottato, pregato e combattuto molte battaglie interiori, ma ancora e ancora le parole arrivavano come un torrente, un flusso di saggezza che mi faceva tremare. \u2013 DIO stesso ha dissipato i miei dubbi, mi ha risposto e io l'ho riconosciuto nella sua Parola come nostro PADRE. La mia fede \u00e8 cresciuta, i miei dubbi sono diminuiti e ho ricevuto e scritto ogni giorno.<\/p>\n\n\n\n<p class=\"has-black-color has-text-color has-link-color has-small-font-size wp-elements-f3d695e0a9200dc5a434c8300b7269dc\">Il contenuto degli scritti andava oltre le mie conoscenze. Espressioni che non avevo mai sentito o letto, termini e riferimenti in lingue straniere e scientifiche mi si riversavano addosso inesorabilmente. E poi le espressioni d'amore mai sentite prima dal PADRE nei cieli, che alla fine forniscono rifugio e perspicacia in tutte le questioni della vita.<\/p>\n\n\n\n<p class=\"has-black-color has-text-color has-link-color has-small-font-size wp-elements-b25b436572fb620999ce6be9dce9cb81\">Dudde riferisce il modo in cui ha ricevuto queste proclamazioni attraverso la cosiddetta \u201cparola interiore\u201d:<\/p>\n\n\n\n<p class=\"has-black-color has-text-color has-link-color has-small-font-size wp-elements-772a852a1586b8a415ce8e15162c6c74\"><em>\u00abLa trasmissione della \u201cparola\u201d avviene nel modo seguente: dopo una fervida preghiera e una breve riflessione, ascolto dentro di me. I pensieri ora si accentuano chiaramente l\u00ec, le parole fluiscono singolarmente e chiaramente - sempre tre o quattro in successione -, in modo simile all'annuncio della radio durante il bollettino meteorologico marittimo per prendere appunti. A poco a poco, per poter prendere appunti comodamente, si accumulano frase dopo frase. Scrivo le parole in stenografia, come se seguissi un dettato, senza essere coinvolto nel processo di pensiero n\u00e9 in modo costruttivo. Non sono affatto in uno stato di trance; non formo nemmeno le frasi, ma le parole mi saltano fuori una ad una, per cos\u00ec dire, senza che io ne colga il contesto mentre scrivo.<\/em><\/p>\n\n\n\n<p class=\"has-black-color has-text-color has-link-color has-small-font-size wp-elements-7fbd8443e173cba7bdb47a84c798590b\"><em>Dopo alcuni giorni, a volte solo alcune settimane, trascrivo il rapporto stenografico senza leggerlo prima, parola per parola, senza cambiare n\u00e9 \u201cmigliorare\u201d una sola sillaba, ma in nessun caso elaborando o stilizzando il significato di ci\u00f2 che \u00e8 stato detto.<\/em><\/p>\n\n\n\n<p class=\"has-black-color has-text-color has-link-color has-small-font-size wp-elements-151a3458b28cf6f7b7430e4159154113\"><em>La durata di una dettatura di questo tipo \u00e8 di circa mezz'ora. Vorrei sottolineare che il processo non tollera alcuno stato di compulsione o estasi. Tutto si svolge con sobriet\u00e0 e semplicit\u00e0, senza eccitazione n\u00e9 influenza della propria volont\u00e0. Posso interrompere in qualsiasi momento e, ore o giorni dopo, riprendere la stesura del proclama che era stato interrotto a met\u00e0 frase. Senza aver letto quanto scritto in precedenza, posso quindi continuare a dettare con fluidit\u00e0 con la mia penna.<\/em><\/p>\n\n\n\n<p class=\"has-black-color has-text-color has-link-color has-small-font-size wp-elements-44b34b27eece56f9a6b22b0a9da0ee7b\"><em>La mia volont\u00e0 \u00e8 quindi libera da ogni obbligo: ci\u00f2 che desidero \u00e8 servire la volont\u00e0 di DIO, ovvero che mi sia permesso di compiere la Sua santa volont\u00e0. Posso dire di essere stato introdotto alla verit\u00e0 divina come un apprendista dell'alfabeto, a concetti che mi erano e dovevano essere estranei sotto ogni aspetto.<\/em><\/p>\n\n\n\n<p class=\"has-black-color has-text-color has-link-color has-small-font-size wp-elements-9d96c4c6916198cc89d9037eac0373a4\"><em>A causa della mia scarsa istruzione generale, mi sono sempre sentito come una lavagna bianca. La mancanza di denaro e di tempo mi impediva di leggere buoni libri e di frequentare conferenze. L'unica cosa che conoscevo era il lavoro stressante dalla mattina alla sera. Eppure, ogni giorno ricevevo i deliziosi doni dei beni spirituali, senza sapere per chi li ricevessi.<\/em><\/p>\n\n\n\n<p class=\"has-black-color has-text-color has-link-color has-small-font-size wp-elements-13c35d3bbb32d7dcd85283d692e44944\"><em>Il fatto che accettassi senza protestare le parole sopra riportate era probabilmente dovuto alla mia totale ignoranza della Bibbia e delle scritture e della dottrina cattolica.<\/em><\/p>\n\n\n\n<p class=\"has-black-color has-text-color has-link-color has-small-font-size wp-elements-3716a0bba5ccd8ebb6476027c97b53cd\"><em>Secondo la mia esperienza attuale, un \u00abcattolico o protestante serio\u00bb, le cui conoscenze sono radicate nei fondamenti dottrinali dogmatici, \u00e8 troppo concentrato su questi ultimi per potersi avvicinare senza contraddizioni n\u00e9 riserve a queste parole divine di rivelazione e lasciarle maturare dentro di s\u00e9.<\/em><\/p>\n\n\n\n<p class=\"has-black-color has-text-color has-link-color has-small-font-size wp-elements-697c30d94d4a8eb317b222c5c303849b\"><strong>Ambito dell'opera completa<\/strong><\/p>\n\n\n\n<p class=\"has-black-color has-text-color has-link-color has-small-font-size wp-elements-ad1f63076cd3357f8a10adafc76498f0\">L'opera completa delle sue rivelazioni di ispirazione verbale, scritte tra il 1937 e il 1965, consiste in 9030 rivelazioni individuali numerate e datate consecutivamente, ciascuna con un contenuto diverso e autonomo. Successivamente, diversi editori le hanno riassunte in approcci tematici e tradotte in varie lingue.<\/p>\n\n\n\n<p class=\"has-black-color has-text-color has-link-color has-small-font-size wp-elements-48404bc4c5bf7559b0f4e1d2fb0a3aad\">Bertha Dudde mor\u00ec il 18 settembre 1965 a Leverkusen.<\/p>\n<\/div><\/div>\n\n\n\n<div class=\"wp-block-uagb-container uagb-block-cfffa3ff alignfull uagb-is-root-container\"><div class=\"uagb-container-inner-blocks-wrap\"><\/div><\/div>\n\n\n\n<div class=\"wp-block-uagb-container uagb-block-bce7d8e9 alignfull uagb-is-root-container\"><div class=\"uagb-container-inner-blocks-wrap\"><\/div><\/div>","protected":false},"excerpt":{"rendered":"<p>Bertha Dudde Bertha Dudde naci\u00f3 el 1 de abril de 1891 como segunda hija mayor de un pintor en Liegnitz, Silesia. Creci\u00f3 con seis hermanos como segunda hija mayor de un pintor en una situaci\u00f3n de pobreza. S\u00f3lo recibi\u00f3 la educaci\u00f3n elemental habitual de la \u00e9poca y practic\u00f3 su afici\u00f3n a la sastrer\u00eda desde muy [&hellip;]<\/p>","protected":false},"author":1,"featured_media":0,"parent":0,"menu_order":0,"comment_status":"closed","ping_status":"closed","template":"","meta":{"_uag_custom_page_level_css":"","site-sidebar-layout":"default","site-content-layout":"","ast-site-content-layout":"default","site-content-style":"default","site-sidebar-style":"default","ast-global-header-display":"","ast-banner-title-visibility":"","ast-main-header-display":"","ast-hfb-above-header-display":"","ast-hfb-below-header-display":"","ast-hfb-mobile-header-display":"","site-post-title":"disabled","ast-breadcrumbs-content":"","ast-featured-img":"","footer-sml-layout":"","theme-transparent-header-meta":"","adv-header-id-meta":"","stick-header-meta":"","header-above-stick-meta":"","header-main-stick-meta":"","header-below-stick-meta":"","astra-migrate-meta-layouts":"set","ast-page-background-enabled":"default","ast-page-background-meta":{"desktop":{"background-color":"var(--ast-global-color-4)","background-image":"","background-repeat":"repeat","background-position":"center center","background-size":"auto","background-attachment":"scroll","background-type":"","background-media":"","overlay-type":"","overlay-color":"","overlay-opacity":"","overlay-gradient":""},"tablet":{"background-color":"","background-image":"","background-repeat":"repeat","background-position":"center center","background-size":"auto","background-attachment":"scroll","background-type":"","background-media":"","overlay-type":"","overlay-color":"","overlay-opacity":"","overlay-gradient":""},"mobile":{"background-color":"","background-image":"","background-repeat":"repeat","background-position":"center center","background-size":"auto","background-attachment":"scroll","background-type":"","background-media":"","overlay-type":"","overlay-color":"","overlay-opacity":"","overlay-gradient":""}},"ast-content-background-meta":{"desktop":{"background-color":"var(--ast-global-color-5)","background-image":"","background-repeat":"repeat","background-position":"center center","background-size":"auto","background-attachment":"scroll","background-type":"","background-media":"","overlay-type":"","overlay-color":"","overlay-opacity":"","overlay-gradient":""},"tablet":{"background-color":"var(--ast-global-color-5)","background-image":"","background-repeat":"repeat","background-position":"center center","background-size":"auto","background-attachment":"scroll","background-type":"","background-media":"","overlay-type":"","overlay-color":"","overlay-opacity":"","overlay-gradient":""},"mobile":{"background-color":"var(--ast-global-color-5)","background-image":"","background-repeat":"repeat","background-position":"center center","background-size":"auto","background-attachment":"scroll","background-type":"","background-media":"","overlay-type":"","overlay-color":"","overlay-opacity":"","overlay-gradient":""}},"footnotes":""},"class_list":["post-6482","page","type-page","status-publish","hentry"],"yoast_head":"<!-- This site is optimized with the Yoast SEO Premium plugin v24.2 (Yoast SEO v24.6) - https:\/\/yoast.com\/wordpress\/plugins\/seo\/ -->\n<title>Bertha Dudde - Uni\u00f3n Esp\u00edrita<\/title>\n<meta name=\"robots\" content=\"index, follow, max-snippet:-1, max-image-preview:large, max-video-preview:-1\" \/>\n<link rel=\"canonical\" href=\"https:\/\/nuevo-renacer.com\/it\/bertha-dudde\/\" \/>\n<meta property=\"og:locale\" content=\"it_IT\" \/>\n<meta property=\"og:type\" content=\"article\" \/>\n<meta property=\"og:title\" content=\"Bertha Dudde\" \/>\n<meta property=\"og:description\" content=\"Bertha Dudde Bertha Dudde naci\u00f3 el 1 de abril de 1891 como segunda hija mayor de un pintor en Liegnitz, Silesia. Creci\u00f3 con seis hermanos como segunda hija mayor de un pintor en una situaci\u00f3n de pobreza. S\u00f3lo recibi\u00f3 la educaci\u00f3n elemental habitual de la \u00e9poca y practic\u00f3 su afici\u00f3n a la sastrer\u00eda desde muy [&hellip;]\" \/>\n<meta property=\"og:url\" content=\"https:\/\/nuevo-renacer.com\/it\/bertha-dudde\/\" \/>\n<meta property=\"og:site_name\" content=\"Uni\u00f3n Esp\u00edrita\" \/>\n<meta property=\"article:publisher\" content=\"https:\/\/www.facebook.com\/groups\/3431398063740829\" \/>\n<meta property=\"article:modified_time\" content=\"2024-12-17T11:01:11+00:00\" \/>\n<meta property=\"og:image\" content=\"https:\/\/nuevo-renacer.com\/wp-content\/uploads\/2024\/12\/Bertha-Dudde.jpg\" \/>\n\t<meta property=\"og:image:width\" content=\"474\" \/>\n\t<meta property=\"og:image:height\" content=\"330\" \/>\n\t<meta property=\"og:image:type\" content=\"image\/jpeg\" \/>\n<meta name=\"twitter:card\" content=\"summary_large_image\" \/>\n<meta name=\"twitter:label1\" content=\"Tempo di lettura stimato\" \/>\n\t<meta name=\"twitter:data1\" content=\"5 minuti\" \/>\n<script type=\"application\/ld+json\" class=\"yoast-schema-graph\">{\"@context\":\"https:\/\/schema.org\",\"@graph\":[{\"@type\":\"WebPage\",\"@id\":\"https:\/\/nuevo-renacer.com\/bertha-dudde\/\",\"url\":\"https:\/\/nuevo-renacer.com\/bertha-dudde\/\",\"name\":\"Bertha Dudde - Uni\u00f3n Esp\u00edrita\",\"isPartOf\":{\"@id\":\"https:\/\/nuevo-renacer.com\/#website\"},\"primaryImageOfPage\":{\"@id\":\"https:\/\/nuevo-renacer.com\/bertha-dudde\/#primaryimage\"},\"image\":{\"@id\":\"https:\/\/nuevo-renacer.com\/bertha-dudde\/#primaryimage\"},\"thumbnailUrl\":\"https:\/\/nuevo-renacer.com\/wp-content\/uploads\/2024\/12\/Bertha-Dudde.jpg\",\"datePublished\":\"2024-12-09T12:48:27+00:00\",\"dateModified\":\"2024-12-17T11:01:11+00:00\",\"breadcrumb\":{\"@id\":\"https:\/\/nuevo-renacer.com\/bertha-dudde\/#breadcrumb\"},\"inLanguage\":\"it-IT\",\"potentialAction\":[{\"@type\":\"ReadAction\",\"target\":[\"https:\/\/nuevo-renacer.com\/bertha-dudde\/\"]}]},{\"@type\":\"ImageObject\",\"inLanguage\":\"it-IT\",\"@id\":\"https:\/\/nuevo-renacer.com\/bertha-dudde\/#primaryimage\",\"url\":\"https:\/\/nuevo-renacer.com\/wp-content\/uploads\/2024\/12\/Bertha-Dudde.jpg\",\"contentUrl\":\"https:\/\/nuevo-renacer.com\/wp-content\/uploads\/2024\/12\/Bertha-Dudde.jpg\"},{\"@type\":\"BreadcrumbList\",\"@id\":\"https:\/\/nuevo-renacer.com\/bertha-dudde\/#breadcrumb\",\"itemListElement\":[{\"@type\":\"ListItem\",\"position\":1,\"name\":\"Startseite\",\"item\":\"https:\/\/nuevo-renacer.com\/\"},{\"@type\":\"ListItem\",\"position\":2,\"name\":\"Bertha Dudde\"}]},{\"@type\":\"WebSite\",\"@id\":\"https:\/\/nuevo-renacer.com\/#website\",\"url\":\"https:\/\/nuevo-renacer.com\/\",\"name\":\"Uni\u00f3n Esp\u00edrita\",\"description\":\"Nuevo Renacer\",\"publisher\":{\"@id\":\"https:\/\/nuevo-renacer.com\/#organization\"},\"potentialAction\":[{\"@type\":\"SearchAction\",\"target\":{\"@type\":\"EntryPoint\",\"urlTemplate\":\"https:\/\/nuevo-renacer.com\/?s={search_term_string}\"},\"query-input\":{\"@type\":\"PropertyValueSpecification\",\"valueRequired\":true,\"valueName\":\"search_term_string\"}}],\"inLanguage\":\"it-IT\"},{\"@type\":\"Organization\",\"@id\":\"https:\/\/nuevo-renacer.com\/#organization\",\"name\":\"UFEC\",\"url\":\"https:\/\/nuevo-renacer.com\/\",\"logo\":{\"@type\":\"ImageObject\",\"inLanguage\":\"it-IT\",\"@id\":\"https:\/\/nuevo-renacer.com\/#\/schema\/logo\/image\/\",\"url\":\"https:\/\/nuevo-renacer.com\/wp-content\/uploads\/2024\/05\/cropped-LOGO-TERMINADO1-3-3.png\",\"contentUrl\":\"https:\/\/nuevo-renacer.com\/wp-content\/uploads\/2024\/05\/cropped-LOGO-TERMINADO1-3-3.png\",\"width\":512,\"height\":512,\"caption\":\"UFEC\"},\"image\":{\"@id\":\"https:\/\/nuevo-renacer.com\/#\/schema\/logo\/image\/\"},\"sameAs\":[\"https:\/\/www.facebook.com\/groups\/3431398063740829\"]}]}<\/script>\n<!-- \/ Yoast SEO Premium plugin. -->","yoast_head_json":{"title":"Bertha Dudde - Uni\u00f3n Esp\u00edrita","robots":{"index":"index","follow":"follow","max-snippet":"max-snippet:-1","max-image-preview":"max-image-preview:large","max-video-preview":"max-video-preview:-1"},"canonical":"https:\/\/nuevo-renacer.com\/it\/bertha-dudde\/","og_locale":"it_IT","og_type":"article","og_title":"Bertha Dudde","og_description":"Bertha Dudde Bertha Dudde naci\u00f3 el 1 de abril de 1891 como segunda hija mayor de un pintor en Liegnitz, Silesia. Creci\u00f3 con seis hermanos como segunda hija mayor de un pintor en una situaci\u00f3n de pobreza. S\u00f3lo recibi\u00f3 la educaci\u00f3n elemental habitual de la \u00e9poca y practic\u00f3 su afici\u00f3n a la sastrer\u00eda desde muy [&hellip;]","og_url":"https:\/\/nuevo-renacer.com\/it\/bertha-dudde\/","og_site_name":"Uni\u00f3n Esp\u00edrita","article_publisher":"https:\/\/www.facebook.com\/groups\/3431398063740829","article_modified_time":"2024-12-17T11:01:11+00:00","og_image":[{"width":474,"height":330,"url":"https:\/\/nuevo-renacer.com\/wp-content\/uploads\/2024\/12\/Bertha-Dudde.jpg","type":"image\/jpeg"}],"twitter_card":"summary_large_image","twitter_misc":{"Tempo di lettura stimato":"5 minuti"},"schema":{"@context":"https:\/\/schema.org","@graph":[{"@type":"WebPage","@id":"https:\/\/nuevo-renacer.com\/bertha-dudde\/","url":"https:\/\/nuevo-renacer.com\/bertha-dudde\/","name":"Bertha Dudde - Uni\u00f3n Esp\u00edrita","isPartOf":{"@id":"https:\/\/nuevo-renacer.com\/#website"},"primaryImageOfPage":{"@id":"https:\/\/nuevo-renacer.com\/bertha-dudde\/#primaryimage"},"image":{"@id":"https:\/\/nuevo-renacer.com\/bertha-dudde\/#primaryimage"},"thumbnailUrl":"https:\/\/nuevo-renacer.com\/wp-content\/uploads\/2024\/12\/Bertha-Dudde.jpg","datePublished":"2024-12-09T12:48:27+00:00","dateModified":"2024-12-17T11:01:11+00:00","breadcrumb":{"@id":"https:\/\/nuevo-renacer.com\/bertha-dudde\/#breadcrumb"},"inLanguage":"it-IT","potentialAction":[{"@type":"ReadAction","target":["https:\/\/nuevo-renacer.com\/bertha-dudde\/"]}]},{"@type":"ImageObject","inLanguage":"it-IT","@id":"https:\/\/nuevo-renacer.com\/bertha-dudde\/#primaryimage","url":"https:\/\/nuevo-renacer.com\/wp-content\/uploads\/2024\/12\/Bertha-Dudde.jpg","contentUrl":"https:\/\/nuevo-renacer.com\/wp-content\/uploads\/2024\/12\/Bertha-Dudde.jpg"},{"@type":"BreadcrumbList","@id":"https:\/\/nuevo-renacer.com\/bertha-dudde\/#breadcrumb","itemListElement":[{"@type":"ListItem","position":1,"name":"Startseite","item":"https:\/\/nuevo-renacer.com\/"},{"@type":"ListItem","position":2,"name":"Bertha Dudde"}]},{"@type":"WebSite","@id":"https:\/\/nuevo-renacer.com\/#website","url":"https:\/\/nuevo-renacer.com\/","name":"Uni\u00f3n Esp\u00edrita","description":"Nuevo Renacer","publisher":{"@id":"https:\/\/nuevo-renacer.com\/#organization"},"potentialAction":[{"@type":"SearchAction","target":{"@type":"EntryPoint","urlTemplate":"https:\/\/nuevo-renacer.com\/?s={search_term_string}"},"query-input":{"@type":"PropertyValueSpecification","valueRequired":true,"valueName":"search_term_string"}}],"inLanguage":"it-IT"},{"@type":"Organization","@id":"https:\/\/nuevo-renacer.com\/#organization","name":"UFEC","url":"https:\/\/nuevo-renacer.com\/","logo":{"@type":"ImageObject","inLanguage":"it-IT","@id":"https:\/\/nuevo-renacer.com\/#\/schema\/logo\/image\/","url":"https:\/\/nuevo-renacer.com\/wp-content\/uploads\/2024\/05\/cropped-LOGO-TERMINADO1-3-3.png","contentUrl":"https:\/\/nuevo-renacer.com\/wp-content\/uploads\/2024\/05\/cropped-LOGO-TERMINADO1-3-3.png","width":512,"height":512,"caption":"UFEC"},"image":{"@id":"https:\/\/nuevo-renacer.com\/#\/schema\/logo\/image\/"},"sameAs":["https:\/\/www.facebook.com\/groups\/3431398063740829"]}]}},"uagb_featured_image_src":{"full":false,"thumbnail":false,"medium":false,"medium_large":false,"large":false,"1536x1536":false,"2048x2048":false,"trp-custom-language-flag":false},"uagb_author_info":{"display_name":"adbv0","author_link":"https:\/\/nuevo-renacer.com\/it\/author\/adbv0\/"},"uagb_comment_info":0,"uagb_excerpt":"Bertha Dudde Bertha Dudde naci\u00f3 el 1 de abril de 1891 como segunda hija mayor de un pintor en Liegnitz, Silesia. Creci\u00f3 con seis hermanos como segunda hija mayor de un pintor en una situaci\u00f3n de pobreza. S\u00f3lo recibi\u00f3 la educaci\u00f3n elemental habitual de la \u00e9poca y practic\u00f3 su afici\u00f3n a la sastrer\u00eda desde muy&hellip;","jetpack_sharing_enabled":true,"_links":{"self":[{"href":"https:\/\/nuevo-renacer.com\/it\/wp-json\/wp\/v2\/pages\/6482","targetHints":{"allow":["GET"]}}],"collection":[{"href":"https:\/\/nuevo-renacer.com\/it\/wp-json\/wp\/v2\/pages"}],"about":[{"href":"https:\/\/nuevo-renacer.com\/it\/wp-json\/wp\/v2\/types\/page"}],"author":[{"embeddable":true,"href":"https:\/\/nuevo-renacer.com\/it\/wp-json\/wp\/v2\/users\/1"}],"replies":[{"embeddable":true,"href":"https:\/\/nuevo-renacer.com\/it\/wp-json\/wp\/v2\/comments?post=6482"}],"version-history":[{"count":5,"href":"https:\/\/nuevo-renacer.com\/it\/wp-json\/wp\/v2\/pages\/6482\/revisions"}],"predecessor-version":[{"id":6551,"href":"https:\/\/nuevo-renacer.com\/it\/wp-json\/wp\/v2\/pages\/6482\/revisions\/6551"}],"wp:attachment":[{"href":"https:\/\/nuevo-renacer.com\/it\/wp-json\/wp\/v2\/media?parent=6482"}],"curies":[{"name":"wp","href":"https:\/\/api.w.org\/{rel}","templated":true}]}}