{"id":6473,"date":"2024-12-09T12:06:22","date_gmt":"2024-12-09T12:06:22","guid":{"rendered":"https:\/\/nuevo-renacer.com\/?page_id=6473"},"modified":"2025-01-03T12:07:53","modified_gmt":"2025-01-03T12:07:53","slug":"luisa-capetillo-peron","status":"publish","type":"page","link":"https:\/\/nuevo-renacer.com\/it\/luisa-capetillo-peron\/","title":{"rendered":"Luisa Capetillo Per\u00f3n"},"content":{"rendered":"<div class=\"wp-block-uagb-container uagb-block-f03f3b92 alignfull uagb-is-root-container\"><div class=\"uagb-container-inner-blocks-wrap\">\n<p class=\"has-black-color has-text-color has-link-color has-medium-font-size wp-elements-c98e0ae73003c54eb50c13a73f5d5539\"><strong>Luisa Cepetillo Per\u00f3n<\/strong><\/p>\n<\/div><\/div>\n\n\n\n<div class=\"wp-block-uagb-container uagb-block-25426a48 alignfull uagb-is-root-container\"><div class=\"uagb-container-inner-blocks-wrap\">\n<figure class=\"wp-block-image size-full is-resized\"><img fetchpriority=\"high\" decoding=\"async\" width=\"183\" height=\"275\" src=\"https:\/\/nuevo-renacer.com\/wp-content\/uploads\/2024\/12\/images.jpg\" alt=\"\" class=\"wp-image-6474\" style=\"width:264px;height:auto\" srcset=\"https:\/\/nuevo-renacer.com\/wp-content\/uploads\/2024\/12\/images.jpg 183w, https:\/\/nuevo-renacer.com\/wp-content\/uploads\/2024\/12\/images-8x12.jpg 8w\" sizes=\"(max-width: 183px) 100vw, 183px\" \/><\/figure>\n<\/div><\/div>\n\n\n\n<div class=\"wp-block-uagb-container uagb-block-17dd5f76 alignfull uagb-is-root-container\"><div class=\"uagb-container-inner-blocks-wrap\">\n<p class=\"has-black-color has-text-color has-link-color has-small-font-size wp-elements-3ed4e7519ccd1facaebcbefc346a46db\">Luisa Capetillo Per\u00f3n naci\u00f3 en Arecibo\u00a0el 28 de octubre de 1879. Su padre, Luis Capetillo, proven\u00eda de la Provincia Vasca de Espa\u00f1a; hab\u00eda sido influenciado por las ideas avanzadas de los derechos del ciudadano y del obrero. Su madre, Margarita Per\u00f3n, lleg\u00f3 a la isla desde Francia a mediados del Siglo XIX. Fue hija \u00fanica.\u00a0<\/p>\n\n\n\n<p class=\"has-black-color has-text-color has-link-color has-small-font-size wp-elements-003fcaf62c4fd678bd5e23aa8e598697\">Luego de que el padre de Luisa le ense\u00f1ara a leer, a escribir y las reglas de matem\u00e1tica, Luisa asisti\u00f3 a la escuela privada de do\u00f1a Mar\u00eda Sierra Soler. Por su aptitud acad\u00e9mica fue merecedora de premios. Este era el tipo de educaci\u00f3n que recib\u00edan las mujeres de su \u00e9poca. Luisa tuvo acceso a la literatura francesa ya que aprendi\u00f3 dicha lengua de su madre y su af\u00e1n por la lectura le convirti\u00f3 en autodidacta.<\/p>\n\n\n\n<p class=\"has-black-color has-text-color has-link-color has-small-font-size wp-elements-72aac62a78f5bdf062c1a16a3d1e3d46\">Fue partidaria del amor libre, la escuela racionalista, el espiritismo, el vegetarianismo y el ejercicio como estilo de vida. En 1904 empez\u00f3 a escribir ensayos. Tuvo tres hijos sin estar casada.<\/p>\n\n\n\n<p class=\"has-black-color has-text-color has-link-color has-small-font-size wp-elements-43ad9539238cb1297450b7cd7ea2a473\">Se destaco como l\u00edder obrera, feminista, escritora; trabaj\u00f3 en la industria de la aguja para echar hacia adelante a su familia.&nbsp;<\/p>\n\n\n\n<p class=\"has-black-color has-text-color has-link-color has-small-font-size wp-elements-7d8950b2af7a022b3a21ae0edce03f9f\">M\u00e1s adelante colabor\u00f3 con publicaciones obreras, actividad que realiz\u00f3 durante toda su vida. En 1906 comenz\u00f3 a trabajar como lectora en f\u00e1bricas de tabaco en su pueblo natal, donde se uni\u00f3 a la Federaci\u00f3n de Torcedores de Tabaco, uni\u00f3n afiliada a la Federaci\u00f3n Libre de Trabajadores de Puerto Rico.<\/p>\n\n\n\n<p class=\"has-black-color has-text-color has-link-color has-small-font-size wp-elements-fe8be592e15d5cf56e785de921d189de\">Luisa defendi\u00f3 el sufragio femenino y universal, aunque su mayor preocupaci\u00f3n fue la organizaci\u00f3n de la mujer en sindicatos. En 1910 public\u00f3 su libro&nbsp;<em>La humanidad en el futuro<\/em>.<\/p>\n\n\n\n<p class=\"has-black-color has-text-color has-link-color has-small-font-size wp-elements-1ee3c587bdfed1b9ecf1fb6df36dedd1\">Tambi\u00e9n edit\u00f3 una revista \u201cLa mujer\u201d, de la cual no se conserva ning\u00fan ejemplar. En varios de sus escritos sobresale el tema de la defensa de la mujer y sus derechos.&nbsp;<\/p>\n\n\n\n<p class=\"has-black-color has-text-color has-link-color has-small-font-size wp-elements-9b1275fcd3b5a03a65aacdc85cea3c64\">Fue la primera mujer en Puerto Rico en usar pantalones, lo que inclusive caus\u00f3&nbsp;su arresto en Cuba en un viaje que realizara a la isla vecina. Ella misma se defendi\u00f3 de las acusaciones ya que no exist\u00eda ley alguna que prohibiera esta pr\u00e1ctica, m\u00e1s all\u00e1 de la cultura o el machismo de aquella \u00e9poca. Al solicitar evidencia sobre dicha prohibici\u00f3n, al no ser brindada, fue puesta en libertad. A su regreso a la isla&nbsp;fue l\u00edder obrera en huelgas agr\u00edcolas en Patillas, Ceiba y Vieques.&nbsp;<\/p>\n\n\n\n<p class=\"has-black-color has-text-color has-link-color has-small-font-size wp-elements-64ca2b176909a8bef359738033382557\">Capetillo fue creyente y propulsora del espiritismo, el cual usaba para expresarse y propulsar la igualdad de todos los seres humanos de la tierra. En sus libros habl\u00f3 sobre esta necesidad de educar a las personas de esta forma, lo que hoy d\u00eda la convierte en una pensadora de avanzada para aquellos a\u00f1os. En sus libros y trabajos hablaba mucho sobre la pobreza y las comunidades, e inclusive abord\u00f3&nbsp;temas como el anarquismo.&nbsp;<\/p>\n\n\n\n<p class=\"has-black-color has-text-color has-link-color has-small-font-size wp-elements-72de0b58fb241ca736b732d4c9f4c4e8\">Public\u00f3 cuatro libros:<\/p>\n\n\n\n<ul class=\"wp-block-list\">\n<li class=\"has-black-color has-text-color has-link-color has-small-font-size wp-elements-9c79a65fbca00d2c9ec9e9699e56dd8e\">Ensayos Libertarios (1907)<\/li>\n<\/ul>\n\n\n\n<ul class=\"wp-block-list\">\n<li class=\"has-black-color has-text-color has-link-color has-small-font-size wp-elements-16bbeae7588145f9f3e883ae4aaa9eae\">La Humanidad en el futuro (1910)<\/li>\n<\/ul>\n\n\n\n<ul class=\"wp-block-list\">\n<li class=\"has-black-color has-text-color has-link-color has-small-font-size wp-elements-18f3af81031ec2dc20df9f8243985d62\">Mi Opini\u00f3n sobre los Derechos, Responsabilidades y Deberes de la Mujer (primera edici\u00f3n, 1911; segunda edici\u00f3n, 1913)&nbsp;<\/li>\n<\/ul>\n\n\n\n<ul class=\"wp-block-list\">\n<li class=\"has-black-color has-text-color has-link-color has-small-font-size wp-elements-7fac9d81481e480b4bfa6c0eb377e70a\">Influencias de las Ideas Modernas (1916)<\/li>\n<\/ul>\n\n\n\n<p class=\"has-black-color has-text-color has-link-color has-small-font-size wp-elements-08e4abb89beba52e4d3c872c38533672\">Muri\u00f3 de tuberculosis en R\u00edo Piedras, Puerto Rico, el 10 de abril de 1922, a los 43 a\u00f1os. Al informar su muerte, el peri\u00f3dico \u201cUni\u00f3n Obrera\u201d del 15 de abril de 1922 le\u00eda: \u201cSu entierro fue pobre, como son regularmente para los ap\u00f3stoles l\u00edderes de las causas grandes de la humanidad\u201d.<\/p>\n<\/div><\/div>\n\n\n\n<div class=\"wp-block-uagb-container uagb-block-5f1c68d9 alignfull uagb-is-root-container\"><div class=\"uagb-container-inner-blocks-wrap\"><\/div><\/div>\n\n\n\n<div class=\"wp-block-uagb-container uagb-block-2ce7fac0 alignfull uagb-is-root-container\"><div class=\"uagb-container-inner-blocks-wrap\"><\/div><\/div>","protected":false},"excerpt":{"rendered":"<p>Luisa Cepetillo Per\u00f3n Luisa Capetillo Per\u00f3n naci\u00f3 en Arecibo\u00a0el 28 de octubre de 1879. Su padre, Luis Capetillo, proven\u00eda de la Provincia Vasca de Espa\u00f1a; hab\u00eda sido influenciado por las ideas avanzadas de los derechos del ciudadano y del obrero. Su madre, Margarita Per\u00f3n, lleg\u00f3 a la isla desde Francia a mediados del Siglo XIX. [&hellip;]<\/p>","protected":false},"author":1,"featured_media":0,"parent":0,"menu_order":0,"comment_status":"closed","ping_status":"closed","template":"","meta":{"_uag_custom_page_level_css":"","site-sidebar-layout":"default","site-content-layout":"","ast-site-content-layout":"default","site-content-style":"default","site-sidebar-style":"default","ast-global-header-display":"","ast-banner-title-visibility":"","ast-main-header-display":"","ast-hfb-above-header-display":"","ast-hfb-below-header-display":"","ast-hfb-mobile-header-display":"","site-post-title":"disabled","ast-breadcrumbs-content":"","ast-featured-img":"","footer-sml-layout":"","theme-transparent-header-meta":"","adv-header-id-meta":"","stick-header-meta":"","header-above-stick-meta":"","header-main-stick-meta":"","header-below-stick-meta":"","astra-migrate-meta-layouts":"set","ast-page-background-enabled":"default","ast-page-background-meta":{"desktop":{"background-color":"var(--ast-global-color-4)","background-image":"","background-repeat":"repeat","background-position":"center center","background-size":"auto","background-attachment":"scroll","background-type":"","background-media":"","overlay-type":"","overlay-color":"","overlay-opacity":"","overlay-gradient":""},"tablet":{"background-color":"","background-image":"","background-repeat":"repeat","background-position":"center center","background-size":"auto","background-attachment":"scroll","background-type":"","background-media":"","overlay-type":"","overlay-color":"","overlay-opacity":"","overlay-gradient":""},"mobile":{"background-color":"","background-image":"","background-repeat":"repeat","background-position":"center center","background-size":"auto","background-attachment":"scroll","background-type":"","background-media":"","overlay-type":"","overlay-color":"","overlay-opacity":"","overlay-gradient":""}},"ast-content-background-meta":{"desktop":{"background-color":"var(--ast-global-color-5)","background-image":"","background-repeat":"repeat","background-position":"center center","background-size":"auto","background-attachment":"scroll","background-type":"","background-media":"","overlay-type":"","overlay-color":"","overlay-opacity":"","overlay-gradient":""},"tablet":{"background-color":"var(--ast-global-color-5)","background-image":"","background-repeat":"repeat","background-position":"center center","background-size":"auto","background-attachment":"scroll","background-type":"","background-media":"","overlay-type":"","overlay-color":"","overlay-opacity":"","overlay-gradient":""},"mobile":{"background-color":"var(--ast-global-color-5)","background-image":"","background-repeat":"repeat","background-position":"center center","background-size":"auto","background-attachment":"scroll","background-type":"","background-media":"","overlay-type":"","overlay-color":"","overlay-opacity":"","overlay-gradient":""}},"footnotes":""},"class_list":["post-6473","page","type-page","status-publish","hentry"],"yoast_head":"<!-- This site is optimized with the Yoast SEO Premium plugin v24.2 (Yoast SEO v24.6) - https:\/\/yoast.com\/wordpress\/plugins\/seo\/ -->\n<title>Luisa Capetillo Per\u00f3n - Uni\u00f3n Esp\u00edrita<\/title>\n<meta name=\"robots\" content=\"index, follow, max-snippet:-1, max-image-preview:large, max-video-preview:-1\" \/>\n<link rel=\"canonical\" href=\"https:\/\/nuevo-renacer.com\/it\/luisa-capetillo-peron\/\" \/>\n<meta property=\"og:locale\" content=\"it_IT\" \/>\n<meta property=\"og:type\" content=\"article\" \/>\n<meta property=\"og:title\" content=\"Luisa Capetillo Per\u00f3n\" \/>\n<meta property=\"og:description\" content=\"Luisa Cepetillo Per\u00f3n Luisa Capetillo Per\u00f3n naci\u00f3 en Arecibo\u00a0el 28 de octubre de 1879. Su padre, Luis Capetillo, proven\u00eda de la Provincia Vasca de Espa\u00f1a; hab\u00eda sido influenciado por las ideas avanzadas de los derechos del ciudadano y del obrero. Su madre, Margarita Per\u00f3n, lleg\u00f3 a la isla desde Francia a mediados del Siglo XIX. [&hellip;]\" \/>\n<meta property=\"og:url\" content=\"https:\/\/nuevo-renacer.com\/it\/luisa-capetillo-peron\/\" \/>\n<meta property=\"og:site_name\" content=\"Uni\u00f3n Esp\u00edrita\" \/>\n<meta property=\"article:publisher\" content=\"https:\/\/www.facebook.com\/groups\/3431398063740829\" \/>\n<meta property=\"article:modified_time\" content=\"2025-01-03T12:07:53+00:00\" \/>\n<meta property=\"og:image\" content=\"https:\/\/nuevo-renacer.com\/wp-content\/uploads\/2024\/12\/images.jpg\" \/>\n\t<meta property=\"og:image:width\" content=\"183\" \/>\n\t<meta property=\"og:image:height\" content=\"275\" \/>\n\t<meta property=\"og:image:type\" content=\"image\/jpeg\" \/>\n<meta name=\"twitter:card\" content=\"summary_large_image\" \/>\n<meta name=\"twitter:label1\" content=\"Tempo di lettura stimato\" \/>\n\t<meta name=\"twitter:data1\" content=\"3 minuti\" \/>\n<script type=\"application\/ld+json\" class=\"yoast-schema-graph\">{\"@context\":\"https:\/\/schema.org\",\"@graph\":[{\"@type\":\"WebPage\",\"@id\":\"https:\/\/nuevo-renacer.com\/luisa-capetillo-peron\/\",\"url\":\"https:\/\/nuevo-renacer.com\/luisa-capetillo-peron\/\",\"name\":\"Luisa Capetillo Per\u00f3n - Uni\u00f3n Esp\u00edrita\",\"isPartOf\":{\"@id\":\"https:\/\/nuevo-renacer.com\/#website\"},\"primaryImageOfPage\":{\"@id\":\"https:\/\/nuevo-renacer.com\/luisa-capetillo-peron\/#primaryimage\"},\"image\":{\"@id\":\"https:\/\/nuevo-renacer.com\/luisa-capetillo-peron\/#primaryimage\"},\"thumbnailUrl\":\"https:\/\/nuevo-renacer.com\/wp-content\/uploads\/2024\/12\/images.jpg\",\"datePublished\":\"2024-12-09T12:06:22+00:00\",\"dateModified\":\"2025-01-03T12:07:53+00:00\",\"breadcrumb\":{\"@id\":\"https:\/\/nuevo-renacer.com\/luisa-capetillo-peron\/#breadcrumb\"},\"inLanguage\":\"it-IT\",\"potentialAction\":[{\"@type\":\"ReadAction\",\"target\":[\"https:\/\/nuevo-renacer.com\/luisa-capetillo-peron\/\"]}]},{\"@type\":\"ImageObject\",\"inLanguage\":\"it-IT\",\"@id\":\"https:\/\/nuevo-renacer.com\/luisa-capetillo-peron\/#primaryimage\",\"url\":\"https:\/\/nuevo-renacer.com\/wp-content\/uploads\/2024\/12\/images.jpg\",\"contentUrl\":\"https:\/\/nuevo-renacer.com\/wp-content\/uploads\/2024\/12\/images.jpg\"},{\"@type\":\"BreadcrumbList\",\"@id\":\"https:\/\/nuevo-renacer.com\/luisa-capetillo-peron\/#breadcrumb\",\"itemListElement\":[{\"@type\":\"ListItem\",\"position\":1,\"name\":\"Startseite\",\"item\":\"https:\/\/nuevo-renacer.com\/\"},{\"@type\":\"ListItem\",\"position\":2,\"name\":\"Luisa Capetillo Per\u00f3n\"}]},{\"@type\":\"WebSite\",\"@id\":\"https:\/\/nuevo-renacer.com\/#website\",\"url\":\"https:\/\/nuevo-renacer.com\/\",\"name\":\"Uni\u00f3n Esp\u00edrita\",\"description\":\"Nuevo Renacer\",\"publisher\":{\"@id\":\"https:\/\/nuevo-renacer.com\/#organization\"},\"potentialAction\":[{\"@type\":\"SearchAction\",\"target\":{\"@type\":\"EntryPoint\",\"urlTemplate\":\"https:\/\/nuevo-renacer.com\/?s={search_term_string}\"},\"query-input\":{\"@type\":\"PropertyValueSpecification\",\"valueRequired\":true,\"valueName\":\"search_term_string\"}}],\"inLanguage\":\"it-IT\"},{\"@type\":\"Organization\",\"@id\":\"https:\/\/nuevo-renacer.com\/#organization\",\"name\":\"UFEC\",\"url\":\"https:\/\/nuevo-renacer.com\/\",\"logo\":{\"@type\":\"ImageObject\",\"inLanguage\":\"it-IT\",\"@id\":\"https:\/\/nuevo-renacer.com\/#\/schema\/logo\/image\/\",\"url\":\"https:\/\/nuevo-renacer.com\/wp-content\/uploads\/2024\/05\/cropped-LOGO-TERMINADO1-3-3.png\",\"contentUrl\":\"https:\/\/nuevo-renacer.com\/wp-content\/uploads\/2024\/05\/cropped-LOGO-TERMINADO1-3-3.png\",\"width\":512,\"height\":512,\"caption\":\"UFEC\"},\"image\":{\"@id\":\"https:\/\/nuevo-renacer.com\/#\/schema\/logo\/image\/\"},\"sameAs\":[\"https:\/\/www.facebook.com\/groups\/3431398063740829\"]}]}<\/script>\n<!-- \/ Yoast SEO Premium plugin. -->","yoast_head_json":{"title":"Luisa Capetillo Per\u00f3n - Uni\u00f3n Esp\u00edrita","robots":{"index":"index","follow":"follow","max-snippet":"max-snippet:-1","max-image-preview":"max-image-preview:large","max-video-preview":"max-video-preview:-1"},"canonical":"https:\/\/nuevo-renacer.com\/it\/luisa-capetillo-peron\/","og_locale":"it_IT","og_type":"article","og_title":"Luisa Capetillo Per\u00f3n","og_description":"Luisa Cepetillo Per\u00f3n Luisa Capetillo Per\u00f3n naci\u00f3 en Arecibo\u00a0el 28 de octubre de 1879. Su padre, Luis Capetillo, proven\u00eda de la Provincia Vasca de Espa\u00f1a; hab\u00eda sido influenciado por las ideas avanzadas de los derechos del ciudadano y del obrero. Su madre, Margarita Per\u00f3n, lleg\u00f3 a la isla desde Francia a mediados del Siglo XIX. [&hellip;]","og_url":"https:\/\/nuevo-renacer.com\/it\/luisa-capetillo-peron\/","og_site_name":"Uni\u00f3n Esp\u00edrita","article_publisher":"https:\/\/www.facebook.com\/groups\/3431398063740829","article_modified_time":"2025-01-03T12:07:53+00:00","og_image":[{"width":183,"height":275,"url":"https:\/\/nuevo-renacer.com\/wp-content\/uploads\/2024\/12\/images.jpg","type":"image\/jpeg"}],"twitter_card":"summary_large_image","twitter_misc":{"Tempo di lettura stimato":"3 minuti"},"schema":{"@context":"https:\/\/schema.org","@graph":[{"@type":"WebPage","@id":"https:\/\/nuevo-renacer.com\/luisa-capetillo-peron\/","url":"https:\/\/nuevo-renacer.com\/luisa-capetillo-peron\/","name":"Luisa Capetillo Per\u00f3n - Uni\u00f3n Esp\u00edrita","isPartOf":{"@id":"https:\/\/nuevo-renacer.com\/#website"},"primaryImageOfPage":{"@id":"https:\/\/nuevo-renacer.com\/luisa-capetillo-peron\/#primaryimage"},"image":{"@id":"https:\/\/nuevo-renacer.com\/luisa-capetillo-peron\/#primaryimage"},"thumbnailUrl":"https:\/\/nuevo-renacer.com\/wp-content\/uploads\/2024\/12\/images.jpg","datePublished":"2024-12-09T12:06:22+00:00","dateModified":"2025-01-03T12:07:53+00:00","breadcrumb":{"@id":"https:\/\/nuevo-renacer.com\/luisa-capetillo-peron\/#breadcrumb"},"inLanguage":"it-IT","potentialAction":[{"@type":"ReadAction","target":["https:\/\/nuevo-renacer.com\/luisa-capetillo-peron\/"]}]},{"@type":"ImageObject","inLanguage":"it-IT","@id":"https:\/\/nuevo-renacer.com\/luisa-capetillo-peron\/#primaryimage","url":"https:\/\/nuevo-renacer.com\/wp-content\/uploads\/2024\/12\/images.jpg","contentUrl":"https:\/\/nuevo-renacer.com\/wp-content\/uploads\/2024\/12\/images.jpg"},{"@type":"BreadcrumbList","@id":"https:\/\/nuevo-renacer.com\/luisa-capetillo-peron\/#breadcrumb","itemListElement":[{"@type":"ListItem","position":1,"name":"Startseite","item":"https:\/\/nuevo-renacer.com\/"},{"@type":"ListItem","position":2,"name":"Luisa Capetillo Per\u00f3n"}]},{"@type":"WebSite","@id":"https:\/\/nuevo-renacer.com\/#website","url":"https:\/\/nuevo-renacer.com\/","name":"Uni\u00f3n Esp\u00edrita","description":"Nuevo Renacer","publisher":{"@id":"https:\/\/nuevo-renacer.com\/#organization"},"potentialAction":[{"@type":"SearchAction","target":{"@type":"EntryPoint","urlTemplate":"https:\/\/nuevo-renacer.com\/?s={search_term_string}"},"query-input":{"@type":"PropertyValueSpecification","valueRequired":true,"valueName":"search_term_string"}}],"inLanguage":"it-IT"},{"@type":"Organization","@id":"https:\/\/nuevo-renacer.com\/#organization","name":"UFEC","url":"https:\/\/nuevo-renacer.com\/","logo":{"@type":"ImageObject","inLanguage":"it-IT","@id":"https:\/\/nuevo-renacer.com\/#\/schema\/logo\/image\/","url":"https:\/\/nuevo-renacer.com\/wp-content\/uploads\/2024\/05\/cropped-LOGO-TERMINADO1-3-3.png","contentUrl":"https:\/\/nuevo-renacer.com\/wp-content\/uploads\/2024\/05\/cropped-LOGO-TERMINADO1-3-3.png","width":512,"height":512,"caption":"UFEC"},"image":{"@id":"https:\/\/nuevo-renacer.com\/#\/schema\/logo\/image\/"},"sameAs":["https:\/\/www.facebook.com\/groups\/3431398063740829"]}]}},"uagb_featured_image_src":{"full":false,"thumbnail":false,"medium":false,"medium_large":false,"large":false,"1536x1536":false,"2048x2048":false,"trp-custom-language-flag":false},"uagb_author_info":{"display_name":"adbv0","author_link":"https:\/\/nuevo-renacer.com\/it\/author\/adbv0\/"},"uagb_comment_info":0,"uagb_excerpt":"Luisa Cepetillo Per\u00f3n Luisa Capetillo Per\u00f3n naci\u00f3 en Arecibo\u00a0el 28 de octubre de 1879. Su padre, Luis Capetillo, proven\u00eda de la Provincia Vasca de Espa\u00f1a; hab\u00eda sido influenciado por las ideas avanzadas de los derechos del ciudadano y del obrero. Su madre, Margarita Per\u00f3n, lleg\u00f3 a la isla desde Francia a mediados del Siglo XIX.&hellip;","jetpack_sharing_enabled":true,"_links":{"self":[{"href":"https:\/\/nuevo-renacer.com\/it\/wp-json\/wp\/v2\/pages\/6473","targetHints":{"allow":["GET"]}}],"collection":[{"href":"https:\/\/nuevo-renacer.com\/it\/wp-json\/wp\/v2\/pages"}],"about":[{"href":"https:\/\/nuevo-renacer.com\/it\/wp-json\/wp\/v2\/types\/page"}],"author":[{"embeddable":true,"href":"https:\/\/nuevo-renacer.com\/it\/wp-json\/wp\/v2\/users\/1"}],"replies":[{"embeddable":true,"href":"https:\/\/nuevo-renacer.com\/it\/wp-json\/wp\/v2\/comments?post=6473"}],"version-history":[{"count":4,"href":"https:\/\/nuevo-renacer.com\/it\/wp-json\/wp\/v2\/pages\/6473\/revisions"}],"predecessor-version":[{"id":6657,"href":"https:\/\/nuevo-renacer.com\/it\/wp-json\/wp\/v2\/pages\/6473\/revisions\/6657"}],"wp:attachment":[{"href":"https:\/\/nuevo-renacer.com\/it\/wp-json\/wp\/v2\/media?parent=6473"}],"curies":[{"name":"wp","href":"https:\/\/api.w.org\/{rel}","templated":true}]}}