{"id":6384,"date":"2024-11-26T12:43:40","date_gmt":"2024-11-26T12:43:40","guid":{"rendered":"https:\/\/nuevo-renacer.com\/?page_id=6384"},"modified":"2024-11-26T12:58:52","modified_gmt":"2024-11-26T12:58:52","slug":"la-vision-espirita-sobre-el-maltrato-de-animales","status":"publish","type":"page","link":"https:\/\/nuevo-renacer.com\/it\/la-vision-espirita-sobre-el-maltrato-de-animales\/","title":{"rendered":"La Visi\u00f3n Esp\u00edrita sobre el Maltrato de Animales"},"content":{"rendered":"<div class=\"wp-block-uagb-container uagb-block-6f4392eb alignfull uagb-is-root-container\"><div class=\"uagb-container-inner-blocks-wrap\">\n<p class=\"has-black-color has-text-color has-link-color has-medium-font-size wp-elements-618592760ed0aea80ab1a797ff8003bc\"><strong><strong>La Visi\u00f3n Esp\u00edrita sobre el Maltrato de Animales<\/strong><\/strong><\/p>\n<\/div><\/div>\n\n\n\n<div class=\"wp-block-uagb-container uagb-block-8fa992ad alignfull uagb-is-root-container\"><div class=\"uagb-container-inner-blocks-wrap\">\n<figure class=\"wp-block-image size-large is-resized\"><img fetchpriority=\"high\" decoding=\"async\" width=\"1024\" height=\"680\" src=\"https:\/\/nuevo-renacer.com\/wp-content\/uploads\/2024\/11\/Animales-1024x680.png\" alt=\"\" class=\"wp-image-6385\" style=\"width:447px;height:auto\" srcset=\"https:\/\/nuevo-renacer.com\/wp-content\/uploads\/2024\/11\/Animales-1024x680.png 1024w, https:\/\/nuevo-renacer.com\/wp-content\/uploads\/2024\/11\/Animales-300x199.png 300w, https:\/\/nuevo-renacer.com\/wp-content\/uploads\/2024\/11\/Animales-768x510.png 768w, https:\/\/nuevo-renacer.com\/wp-content\/uploads\/2024\/11\/Animales-18x12.png 18w, https:\/\/nuevo-renacer.com\/wp-content\/uploads\/2024\/11\/Animales.png 1097w\" sizes=\"(max-width: 1024px) 100vw, 1024px\" \/><\/figure>\n<\/div><\/div>\n\n\n\n<div class=\"wp-block-uagb-container uagb-block-dc23f65b alignfull uagb-is-root-container\"><div class=\"uagb-container-inner-blocks-wrap\">\n<p class=\"has-black-color has-text-color has-link-color has-small-font-size wp-elements-3be7796f3190ff123b5fa51954c69c0a\">El maltrato animal es uno de los temas m\u00e1s controvertidos y dolorosos de nuestra sociedad moderna. Aunque las leyes y la conciencia social han avanzado para proteger a los animales, el sufrimiento causado por el abuso, la explotaci\u00f3n y la negligencia contin\u00faa siendo una realidad en muchas partes del mundo. En este contexto, la visi\u00f3n esp\u00edrita ofrece una perspectiva profunda que invita a la reflexi\u00f3n sobre el trato que damos a los seres no humanos y su relaci\u00f3n con nuestras creencias espirituales y morales.<\/p>\n\n\n\n<p class=\"has-black-color has-text-color has-link-color has-small-font-size wp-elements-a897258a5c1d491bd1f3579e8e52bba7\">El espiritismo, una doctrina expresada por Allan Kardec en el siglo XIX, promueve una \u00e9tica basada en la reencarnaci\u00f3n, la evoluci\u00f3n moral y el respeto por todas las formas de vida. En su visi\u00f3n del mundo, los animales no son seres inferiores o simplemente objetos a disposici\u00f3n de los humanos, sino entidades con alma y derecho a vivir en armon\u00eda con el entorno. Este enfoque invita a los seres humanos a repensar su relaci\u00f3n con los animales y la naturaleza, reconociendo que el maltrato hacia ellos tiene repercusiones espirituales tanto para quienes lo ejercen como para quienes lo sufren.<\/p>\n\n\n\n<p class=\"has-black-color has-text-color has-link-color has-small-font-size wp-elements-005226de132ba1202eceb4e95b621793\"><strong>El Espiritismo y la Naturaleza de los Animales<\/strong><\/p>\n\n\n\n<p class=\"has-black-color has-text-color has-link-color has-small-font-size wp-elements-618943668807e3b6c54ad33a04ed5c4f\">Seg\u00fan las ense\u00f1anzas de Kardec, todos los seres vivos, incluidos los animales, son parte de la creaci\u00f3n divina. Aunque los animales no poseen la misma capacidad racional que los seres humanos, el espiritismo sostiene que tambi\u00e9n tienen una \u00abalma\u00bb, un principio espiritual que se encuentra en proceso de evoluci\u00f3n. Esta alma animal, aunque diferente en grado de desarrollo, est\u00e1 en un proceso de aprendizaje y perfeccionamiento. En su libro <em>Il libro degli spiriti<\/em>, Kardec establece que los animales tienen una \u00absensibilidad\u00bb y una \u00abinteligencia\u00bb que les permite reaccionar a est\u00edmulos, pero no una raz\u00f3n como la humana.<\/p>\n\n\n\n<p class=\"has-black-color has-text-color has-link-color has-small-font-size wp-elements-806ab13a01e65e6e55699f68292c7d67\">El concepto esp\u00edrita de que todos los seres vivos est\u00e1n en un proceso evolutivo com\u00fan implica que, en alg\u00fan momento, las almas de los animales tambi\u00e9n estar\u00e1n preparadas para experimentar la vida humana, o bien evolucionar\u00e1n hacia formas m\u00e1s complejas de existencia. Esta visi\u00f3n implica un profundo respeto por la vida en todas sus formas y condena cualquier tipo de abuso que se le inflija a los animales, ya que el sufrimiento de cualquier ser vivo afecta el equilibrio y la armon\u00eda universal.<\/p>\n\n\n\n<p class=\"has-black-color has-text-color has-link-color has-small-font-size wp-elements-38131c4eed1c775e1dd9619da4dfc625\"><strong>El Maltrato Animal como Violaci\u00f3n Espiritual y Moral<\/strong><\/p>\n\n\n\n<p class=\"has-black-color has-text-color has-link-color has-small-font-size wp-elements-f662973eaeea9a95fe283e19092cbc60\">Desde la perspectiva esp\u00edrita, el maltrato de los animales no solo es un acto de crueldad f\u00edsica, sino tambi\u00e9n una violaci\u00f3n espiritual. Los esp\u00edritus superiores que gu\u00edan la evoluci\u00f3n moral de la humanidad ense\u00f1an que la verdadera espiritualidad est\u00e1 basada en el amor, el respeto y la compasi\u00f3n hacia todos los seres, sin distinci\u00f3n. El trato respetuoso hacia los animales es un reflejo de la evoluci\u00f3n moral de un individuo y de una sociedad.<\/p>\n\n\n\n<p class=\"has-black-color has-text-color has-link-color has-small-font-size wp-elements-2ee96e09e346a1cd91b44cfbbb6bb25d\">El maltrato animal, entonces, es visto como una manifestaci\u00f3n de ego\u00edsmo, indiferencia y falta de empat\u00eda, caracter\u00edsticas que deben ser superadas en el camino hacia la perfecci\u00f3n moral. Para los esp\u00edritas, la relaci\u00f3n con los animales debe ser de responsabilidad, amor y respeto, pues el sufrimiento injustificado que se les causa genera un desajuste en la armon\u00eda espiritual del agresor, y puede tener consecuencias karm\u00e1ticas. El maltrato de los animales ser\u00eda, por tanto, una acci\u00f3n que afecta tanto al bienestar f\u00edsico del ser maltratado como al progreso espiritual del agresor.<\/p>\n\n\n\n<p class=\"has-black-color has-text-color has-link-color has-small-font-size wp-elements-4ae78e6ab4fdeb262eec838a23326ce8\"><strong>La Evoluci\u00f3n Espiritual y el Trato Justo hacia los Animales<\/strong><\/p>\n\n\n\n<p class=\"has-black-color has-text-color has-link-color has-small-font-size wp-elements-061a46bf1be4e3305878fb666cf06e34\">Para los esp\u00edritas, el trato hacia los animales est\u00e1 intr\u00ednsecamente ligado a la evoluci\u00f3n moral y espiritual del ser humano. Cuanto m\u00e1s avanzados se vuelven espiritualmente los individuos, m\u00e1s desarrollan su capacidad de empat\u00eda, compasi\u00f3n y respeto hacia todas las criaturas. En el <em>Evangelio seg\u00fan el Espiritismo<\/em>, Kardec ense\u00f1a que la verdadera virtud se manifiesta en el respeto por la vida en todas sus formas, lo cual incluye a los animales.<\/p>\n\n\n\n<p class=\"has-black-color has-text-color has-link-color has-small-font-size wp-elements-cc5b72d1c5420f9777b1b7916cb241ea\">Adem\u00e1s, el espiritismo subraya que la crueldad hacia los animales es una forma de ignorancia moral que debe ser superada, ya que al maltratar a los animales, los seres humanos est\u00e1n impidiendo su propio progreso espiritual. Las personas que cometen abusos contra los animales se encuentran en un estado de inmadurez espiritual, y es necesario cultivar la bondad y el amor hacia todas las criaturas para avanzar en el camino de la perfecci\u00f3n.<\/p>\n\n\n\n<p class=\"has-black-color has-text-color has-link-color has-small-font-size wp-elements-75d43700530e62f7cecd2e9af6cd4673\"><strong>El Llamado a la Responsabilidad y la Compasi\u00f3n<\/strong><\/p>\n\n\n\n<p class=\"has-black-color has-text-color has-link-color has-small-font-size wp-elements-a0294e2cfe9b684372e2a78e68b3f752\">En la visi\u00f3n esp\u00edrita, la lucha contra el maltrato animal es un llamado a la conciencia global sobre la importancia de ser responsables en el trato que se da a los seres vivos. El espiritismo invita a los seres humanos a ver en los animales no solo criaturas que sirven a intereses humanos, sino compa\u00f1eros en el proceso evolutivo, que merecen ser tratados con dignidad y respeto.<\/p>\n\n\n\n<p class=\"has-black-color has-text-color has-link-color has-small-font-size wp-elements-7637c038aeeef2551771e05d2af67480\">El compromiso esp\u00edrita con la defensa de los animales implica no solo abstenerse de maltratarlos f\u00edsicamente, sino tambi\u00e9n promover su bienestar en todos los aspectos: evitando la explotaci\u00f3n, apoyando la adopci\u00f3n responsable y protegiendo sus h\u00e1bitats naturales. Tambi\u00e9n implica una reflexi\u00f3n profunda sobre los h\u00e1bitos cotidianos, como la alimentaci\u00f3n, la moda y la experimentaci\u00f3n, para asegurarse de que nuestras acciones no contribuyan al sufrimiento de los animales.<\/p>\n\n\n\n<p class=\"has-black-color has-text-color has-link-color has-small-font-size wp-elements-fad7a448c0a79819de2739677f10202d\"><strong>Conclusi\u00f3n<\/strong><\/p>\n\n\n\n<p class=\"has-black-color has-text-color has-link-color has-small-font-size wp-elements-d73002e20b367705ff09bb3a7749b070\">La visi\u00f3n esp\u00edrita sobre el maltrato animal est\u00e1 profundamente ligada a principios de amor, compasi\u00f3n y respeto por toda forma de vida. Los esp\u00edritas creen que el trato hacia los animales refleja el grado de evoluci\u00f3n moral de un individuo y de la sociedad en su conjunto. En este contexto, el maltrato hacia los animales no solo es una violaci\u00f3n \u00e9tica y moral, sino tambi\u00e9n una transgresi\u00f3n espiritual que afecta el desarrollo y progreso de quienes lo cometen. Por ello, el espiritismo llama a una reflexi\u00f3n profunda sobre nuestras acciones y decisiones diarias, invit\u00e1ndonos a vivir de manera m\u00e1s compasiva y responsable con todas las criaturas de la Tierra.<\/p>\n<\/div><\/div>\n\n\n\n<div class=\"wp-block-uagb-container uagb-block-4bd770f9 alignfull uagb-is-root-container\"><div class=\"uagb-container-inner-blocks-wrap\"><\/div><\/div>\n\n\n\n<div class=\"wp-block-uagb-container uagb-block-53bea7e8 alignfull uagb-is-root-container\"><div class=\"uagb-container-inner-blocks-wrap\"><\/div><\/div>","protected":false},"excerpt":{"rendered":"<p>La Visi\u00f3n Esp\u00edrita sobre el Maltrato de Animales El maltrato animal es uno de los temas m\u00e1s controvertidos y dolorosos de nuestra sociedad moderna. Aunque las leyes y la conciencia social han avanzado para proteger a los animales, el sufrimiento causado por el abuso, la explotaci\u00f3n y la negligencia contin\u00faa siendo una realidad en muchas [&hellip;]<\/p>","protected":false},"author":1,"featured_media":0,"parent":0,"menu_order":0,"comment_status":"closed","ping_status":"closed","template":"","meta":{"_uag_custom_page_level_css":"","site-sidebar-layout":"default","site-content-layout":"","ast-site-content-layout":"default","site-content-style":"default","site-sidebar-style":"default","ast-global-header-display":"","ast-banner-title-visibility":"","ast-main-header-display":"","ast-hfb-above-header-display":"","ast-hfb-below-header-display":"","ast-hfb-mobile-header-display":"","site-post-title":"disabled","ast-breadcrumbs-content":"","ast-featured-img":"","footer-sml-layout":"","theme-transparent-header-meta":"","adv-header-id-meta":"","stick-header-meta":"","header-above-stick-meta":"","header-main-stick-meta":"","header-below-stick-meta":"","astra-migrate-meta-layouts":"set","ast-page-background-enabled":"default","ast-page-background-meta":{"desktop":{"background-color":"var(--ast-global-color-4)","background-image":"","background-repeat":"repeat","background-position":"center center","background-size":"auto","background-attachment":"scroll","background-type":"","background-media":"","overlay-type":"","overlay-color":"","overlay-opacity":"","overlay-gradient":""},"tablet":{"background-color":"","background-image":"","background-repeat":"repeat","background-position":"center center","background-size":"auto","background-attachment":"scroll","background-type":"","background-media":"","overlay-type":"","overlay-color":"","overlay-opacity":"","overlay-gradient":""},"mobile":{"background-color":"","background-image":"","background-repeat":"repeat","background-position":"center center","background-size":"auto","background-attachment":"scroll","background-type":"","background-media":"","overlay-type":"","overlay-color":"","overlay-opacity":"","overlay-gradient":""}},"ast-content-background-meta":{"desktop":{"background-color":"var(--ast-global-color-5)","background-image":"","background-repeat":"repeat","background-position":"center center","background-size":"auto","background-attachment":"scroll","background-type":"","background-media":"","overlay-type":"","overlay-color":"","overlay-opacity":"","overlay-gradient":""},"tablet":{"background-color":"var(--ast-global-color-5)","background-image":"","background-repeat":"repeat","background-position":"center center","background-size":"auto","background-attachment":"scroll","background-type":"","background-media":"","overlay-type":"","overlay-color":"","overlay-opacity":"","overlay-gradient":""},"mobile":{"background-color":"var(--ast-global-color-5)","background-image":"","background-repeat":"repeat","background-position":"center center","background-size":"auto","background-attachment":"scroll","background-type":"","background-media":"","overlay-type":"","overlay-color":"","overlay-opacity":"","overlay-gradient":""}},"footnotes":""},"class_list":["post-6384","page","type-page","status-publish","hentry"],"yoast_head":"<!-- This site is optimized with the Yoast SEO Premium plugin v24.2 (Yoast SEO v24.6) - https:\/\/yoast.com\/wordpress\/plugins\/seo\/ -->\n<title>La Visi\u00f3n Esp\u00edrita sobre el Maltrato de Animales - Uni\u00f3n Esp\u00edrita<\/title>\n<meta name=\"robots\" content=\"index, follow, max-snippet:-1, max-image-preview:large, max-video-preview:-1\" \/>\n<link rel=\"canonical\" href=\"https:\/\/nuevo-renacer.com\/it\/la-vision-espirita-sobre-el-maltrato-de-animales\/\" \/>\n<meta property=\"og:locale\" content=\"it_IT\" \/>\n<meta property=\"og:type\" content=\"article\" \/>\n<meta property=\"og:title\" content=\"La Visi\u00f3n Esp\u00edrita sobre el Maltrato de Animales\" \/>\n<meta property=\"og:description\" content=\"La Visi\u00f3n Esp\u00edrita sobre el Maltrato de Animales El maltrato animal es uno de los temas m\u00e1s controvertidos y dolorosos de nuestra sociedad moderna. Aunque las leyes y la conciencia social han avanzado para proteger a los animales, el sufrimiento causado por el abuso, la explotaci\u00f3n y la negligencia contin\u00faa siendo una realidad en muchas [&hellip;]\" \/>\n<meta property=\"og:url\" content=\"https:\/\/nuevo-renacer.com\/it\/la-vision-espirita-sobre-el-maltrato-de-animales\/\" \/>\n<meta property=\"og:site_name\" content=\"Uni\u00f3n Esp\u00edrita\" \/>\n<meta property=\"article:publisher\" content=\"https:\/\/www.facebook.com\/groups\/3431398063740829\" \/>\n<meta property=\"article:modified_time\" content=\"2024-11-26T12:58:52+00:00\" \/>\n<meta property=\"og:image\" content=\"https:\/\/nuevo-renacer.com\/wp-content\/uploads\/2024\/11\/Animales.png\" \/>\n\t<meta property=\"og:image:width\" content=\"1097\" \/>\n\t<meta property=\"og:image:height\" content=\"729\" \/>\n\t<meta property=\"og:image:type\" content=\"image\/png\" \/>\n<meta name=\"twitter:card\" content=\"summary_large_image\" \/>\n<meta name=\"twitter:label1\" content=\"Tempo di lettura stimato\" \/>\n\t<meta name=\"twitter:data1\" content=\"5 minuti\" \/>\n<script type=\"application\/ld+json\" class=\"yoast-schema-graph\">{\"@context\":\"https:\/\/schema.org\",\"@graph\":[{\"@type\":\"WebPage\",\"@id\":\"https:\/\/nuevo-renacer.com\/la-vision-espirita-sobre-el-maltrato-de-animales\/\",\"url\":\"https:\/\/nuevo-renacer.com\/la-vision-espirita-sobre-el-maltrato-de-animales\/\",\"name\":\"La Visi\u00f3n Esp\u00edrita sobre el Maltrato de Animales - Uni\u00f3n Esp\u00edrita\",\"isPartOf\":{\"@id\":\"https:\/\/nuevo-renacer.com\/#website\"},\"primaryImageOfPage\":{\"@id\":\"https:\/\/nuevo-renacer.com\/la-vision-espirita-sobre-el-maltrato-de-animales\/#primaryimage\"},\"image\":{\"@id\":\"https:\/\/nuevo-renacer.com\/la-vision-espirita-sobre-el-maltrato-de-animales\/#primaryimage\"},\"thumbnailUrl\":\"https:\/\/nuevo-renacer.com\/wp-content\/uploads\/2024\/11\/Animales-1024x680.png\",\"datePublished\":\"2024-11-26T12:43:40+00:00\",\"dateModified\":\"2024-11-26T12:58:52+00:00\",\"breadcrumb\":{\"@id\":\"https:\/\/nuevo-renacer.com\/la-vision-espirita-sobre-el-maltrato-de-animales\/#breadcrumb\"},\"inLanguage\":\"it-IT\",\"potentialAction\":[{\"@type\":\"ReadAction\",\"target\":[\"https:\/\/nuevo-renacer.com\/la-vision-espirita-sobre-el-maltrato-de-animales\/\"]}]},{\"@type\":\"ImageObject\",\"inLanguage\":\"it-IT\",\"@id\":\"https:\/\/nuevo-renacer.com\/la-vision-espirita-sobre-el-maltrato-de-animales\/#primaryimage\",\"url\":\"https:\/\/nuevo-renacer.com\/wp-content\/uploads\/2024\/11\/Animales-1024x680.png\",\"contentUrl\":\"https:\/\/nuevo-renacer.com\/wp-content\/uploads\/2024\/11\/Animales-1024x680.png\"},{\"@type\":\"BreadcrumbList\",\"@id\":\"https:\/\/nuevo-renacer.com\/la-vision-espirita-sobre-el-maltrato-de-animales\/#breadcrumb\",\"itemListElement\":[{\"@type\":\"ListItem\",\"position\":1,\"name\":\"Startseite\",\"item\":\"https:\/\/nuevo-renacer.com\/\"},{\"@type\":\"ListItem\",\"position\":2,\"name\":\"La Visi\u00f3n Esp\u00edrita sobre el Maltrato de Animales\"}]},{\"@type\":\"WebSite\",\"@id\":\"https:\/\/nuevo-renacer.com\/#website\",\"url\":\"https:\/\/nuevo-renacer.com\/\",\"name\":\"Uni\u00f3n Esp\u00edrita\",\"description\":\"Nuevo Renacer\",\"publisher\":{\"@id\":\"https:\/\/nuevo-renacer.com\/#organization\"},\"potentialAction\":[{\"@type\":\"SearchAction\",\"target\":{\"@type\":\"EntryPoint\",\"urlTemplate\":\"https:\/\/nuevo-renacer.com\/?s={search_term_string}\"},\"query-input\":{\"@type\":\"PropertyValueSpecification\",\"valueRequired\":true,\"valueName\":\"search_term_string\"}}],\"inLanguage\":\"it-IT\"},{\"@type\":\"Organization\",\"@id\":\"https:\/\/nuevo-renacer.com\/#organization\",\"name\":\"UFEC\",\"url\":\"https:\/\/nuevo-renacer.com\/\",\"logo\":{\"@type\":\"ImageObject\",\"inLanguage\":\"it-IT\",\"@id\":\"https:\/\/nuevo-renacer.com\/#\/schema\/logo\/image\/\",\"url\":\"https:\/\/nuevo-renacer.com\/wp-content\/uploads\/2024\/05\/cropped-LOGO-TERMINADO1-3-3.png\",\"contentUrl\":\"https:\/\/nuevo-renacer.com\/wp-content\/uploads\/2024\/05\/cropped-LOGO-TERMINADO1-3-3.png\",\"width\":512,\"height\":512,\"caption\":\"UFEC\"},\"image\":{\"@id\":\"https:\/\/nuevo-renacer.com\/#\/schema\/logo\/image\/\"},\"sameAs\":[\"https:\/\/www.facebook.com\/groups\/3431398063740829\"]}]}<\/script>\n<!-- \/ Yoast SEO Premium plugin. -->","yoast_head_json":{"title":"La Visi\u00f3n Esp\u00edrita sobre el Maltrato de Animales - Uni\u00f3n Esp\u00edrita","robots":{"index":"index","follow":"follow","max-snippet":"max-snippet:-1","max-image-preview":"max-image-preview:large","max-video-preview":"max-video-preview:-1"},"canonical":"https:\/\/nuevo-renacer.com\/it\/la-vision-espirita-sobre-el-maltrato-de-animales\/","og_locale":"it_IT","og_type":"article","og_title":"La Visi\u00f3n Esp\u00edrita sobre el Maltrato de Animales","og_description":"La Visi\u00f3n Esp\u00edrita sobre el Maltrato de Animales El maltrato animal es uno de los temas m\u00e1s controvertidos y dolorosos de nuestra sociedad moderna. Aunque las leyes y la conciencia social han avanzado para proteger a los animales, el sufrimiento causado por el abuso, la explotaci\u00f3n y la negligencia contin\u00faa siendo una realidad en muchas [&hellip;]","og_url":"https:\/\/nuevo-renacer.com\/it\/la-vision-espirita-sobre-el-maltrato-de-animales\/","og_site_name":"Uni\u00f3n Esp\u00edrita","article_publisher":"https:\/\/www.facebook.com\/groups\/3431398063740829","article_modified_time":"2024-11-26T12:58:52+00:00","og_image":[{"width":1097,"height":729,"url":"https:\/\/nuevo-renacer.com\/wp-content\/uploads\/2024\/11\/Animales.png","type":"image\/png"}],"twitter_card":"summary_large_image","twitter_misc":{"Tempo di lettura stimato":"5 minuti"},"schema":{"@context":"https:\/\/schema.org","@graph":[{"@type":"WebPage","@id":"https:\/\/nuevo-renacer.com\/la-vision-espirita-sobre-el-maltrato-de-animales\/","url":"https:\/\/nuevo-renacer.com\/la-vision-espirita-sobre-el-maltrato-de-animales\/","name":"La Visi\u00f3n Esp\u00edrita sobre el Maltrato de Animales - Uni\u00f3n Esp\u00edrita","isPartOf":{"@id":"https:\/\/nuevo-renacer.com\/#website"},"primaryImageOfPage":{"@id":"https:\/\/nuevo-renacer.com\/la-vision-espirita-sobre-el-maltrato-de-animales\/#primaryimage"},"image":{"@id":"https:\/\/nuevo-renacer.com\/la-vision-espirita-sobre-el-maltrato-de-animales\/#primaryimage"},"thumbnailUrl":"https:\/\/nuevo-renacer.com\/wp-content\/uploads\/2024\/11\/Animales-1024x680.png","datePublished":"2024-11-26T12:43:40+00:00","dateModified":"2024-11-26T12:58:52+00:00","breadcrumb":{"@id":"https:\/\/nuevo-renacer.com\/la-vision-espirita-sobre-el-maltrato-de-animales\/#breadcrumb"},"inLanguage":"it-IT","potentialAction":[{"@type":"ReadAction","target":["https:\/\/nuevo-renacer.com\/la-vision-espirita-sobre-el-maltrato-de-animales\/"]}]},{"@type":"ImageObject","inLanguage":"it-IT","@id":"https:\/\/nuevo-renacer.com\/la-vision-espirita-sobre-el-maltrato-de-animales\/#primaryimage","url":"https:\/\/nuevo-renacer.com\/wp-content\/uploads\/2024\/11\/Animales-1024x680.png","contentUrl":"https:\/\/nuevo-renacer.com\/wp-content\/uploads\/2024\/11\/Animales-1024x680.png"},{"@type":"BreadcrumbList","@id":"https:\/\/nuevo-renacer.com\/la-vision-espirita-sobre-el-maltrato-de-animales\/#breadcrumb","itemListElement":[{"@type":"ListItem","position":1,"name":"Startseite","item":"https:\/\/nuevo-renacer.com\/"},{"@type":"ListItem","position":2,"name":"La Visi\u00f3n Esp\u00edrita sobre el Maltrato de Animales"}]},{"@type":"WebSite","@id":"https:\/\/nuevo-renacer.com\/#website","url":"https:\/\/nuevo-renacer.com\/","name":"Uni\u00f3n Esp\u00edrita","description":"Nuevo Renacer","publisher":{"@id":"https:\/\/nuevo-renacer.com\/#organization"},"potentialAction":[{"@type":"SearchAction","target":{"@type":"EntryPoint","urlTemplate":"https:\/\/nuevo-renacer.com\/?s={search_term_string}"},"query-input":{"@type":"PropertyValueSpecification","valueRequired":true,"valueName":"search_term_string"}}],"inLanguage":"it-IT"},{"@type":"Organization","@id":"https:\/\/nuevo-renacer.com\/#organization","name":"UFEC","url":"https:\/\/nuevo-renacer.com\/","logo":{"@type":"ImageObject","inLanguage":"it-IT","@id":"https:\/\/nuevo-renacer.com\/#\/schema\/logo\/image\/","url":"https:\/\/nuevo-renacer.com\/wp-content\/uploads\/2024\/05\/cropped-LOGO-TERMINADO1-3-3.png","contentUrl":"https:\/\/nuevo-renacer.com\/wp-content\/uploads\/2024\/05\/cropped-LOGO-TERMINADO1-3-3.png","width":512,"height":512,"caption":"UFEC"},"image":{"@id":"https:\/\/nuevo-renacer.com\/#\/schema\/logo\/image\/"},"sameAs":["https:\/\/www.facebook.com\/groups\/3431398063740829"]}]}},"uagb_featured_image_src":{"full":false,"thumbnail":false,"medium":false,"medium_large":false,"large":false,"1536x1536":false,"2048x2048":false,"trp-custom-language-flag":false},"uagb_author_info":{"display_name":"adbv0","author_link":"https:\/\/nuevo-renacer.com\/it\/author\/adbv0\/"},"uagb_comment_info":0,"uagb_excerpt":"La Visi\u00f3n Esp\u00edrita sobre el Maltrato de Animales El maltrato animal es uno de los temas m\u00e1s controvertidos y dolorosos de nuestra sociedad moderna. Aunque las leyes y la conciencia social han avanzado para proteger a los animales, el sufrimiento causado por el abuso, la explotaci\u00f3n y la negligencia contin\u00faa siendo una realidad en muchas&hellip;","jetpack_sharing_enabled":true,"_links":{"self":[{"href":"https:\/\/nuevo-renacer.com\/it\/wp-json\/wp\/v2\/pages\/6384","targetHints":{"allow":["GET"]}}],"collection":[{"href":"https:\/\/nuevo-renacer.com\/it\/wp-json\/wp\/v2\/pages"}],"about":[{"href":"https:\/\/nuevo-renacer.com\/it\/wp-json\/wp\/v2\/types\/page"}],"author":[{"embeddable":true,"href":"https:\/\/nuevo-renacer.com\/it\/wp-json\/wp\/v2\/users\/1"}],"replies":[{"embeddable":true,"href":"https:\/\/nuevo-renacer.com\/it\/wp-json\/wp\/v2\/comments?post=6384"}],"version-history":[{"count":2,"href":"https:\/\/nuevo-renacer.com\/it\/wp-json\/wp\/v2\/pages\/6384\/revisions"}],"predecessor-version":[{"id":6387,"href":"https:\/\/nuevo-renacer.com\/it\/wp-json\/wp\/v2\/pages\/6384\/revisions\/6387"}],"wp:attachment":[{"href":"https:\/\/nuevo-renacer.com\/it\/wp-json\/wp\/v2\/media?parent=6384"}],"curies":[{"name":"wp","href":"https:\/\/api.w.org\/{rel}","templated":true}]}}