{"id":6177,"date":"2024-11-19T13:55:59","date_gmt":"2024-11-19T13:55:59","guid":{"rendered":"https:\/\/nuevo-renacer.com\/?page_id=6177"},"modified":"2024-11-19T13:55:59","modified_gmt":"2024-11-19T13:55:59","slug":"antonio-goncalves-da-silva","status":"publish","type":"page","link":"https:\/\/nuevo-renacer.com\/it\/antonio-goncalves-da-silva\/","title":{"rendered":"Ant\u00f4nio Gon\u00e7alves da Silva"},"content":{"rendered":"<div class=\"wp-block-uagb-container uagb-block-ab237eb2 alignfull uagb-is-root-container\"><div class=\"uagb-container-inner-blocks-wrap\">\n<p class=\"has-black-color has-text-color has-link-color has-medium-font-size wp-elements-fda032df3a5d90a304b034f6701bdea0\"><strong>Ant\u00f4nio Gon\u00e7alves da Silva<\/strong><\/p>\n<\/div><\/div>\n\n\n\n<div class=\"wp-block-uagb-container uagb-block-80395d1d alignfull uagb-is-root-container\"><div class=\"uagb-container-inner-blocks-wrap\">\n<figure class=\"wp-block-image size-full is-resized\"><img decoding=\"async\" width=\"192\" height=\"257\" src=\"https:\/\/nuevo-renacer.com\/wp-content\/uploads\/2024\/11\/unnamed.jpg\" alt=\"\" class=\"wp-image-6178\" style=\"width:227px;height:auto\" srcset=\"https:\/\/nuevo-renacer.com\/wp-content\/uploads\/2024\/11\/unnamed.jpg 192w, https:\/\/nuevo-renacer.com\/wp-content\/uploads\/2024\/11\/unnamed-9x12.jpg 9w\" sizes=\"(max-width: 192px) 100vw, 192px\" \/><\/figure>\n<\/div><\/div>\n\n\n\n<div class=\"wp-block-uagb-container uagb-block-441ca5af alignfull uagb-is-root-container\"><div class=\"uagb-container-inner-blocks-wrap\">\n<p class=\"has-black-color has-text-color has-link-color has-small-font-size wp-elements-262e5463d143b401c71cf87a1e565c65\">Ant\u00f4nio Gon\u00e7alves da Silva naci\u00f3 el 19 de marzo de 1839 en Portugal, en la parroquia de \u00c1guas Santas, hoy perteneciente al concejo de Maia. Hijo de humildes campesinos y con s\u00f3lo estudios primarios, vino a Brasil a los 11 a\u00f1os, llegando a Guanabara el 3 de enero de 1850. Durante tres a\u00f1os trabaj\u00f3 en el comercio de la Corte. De all\u00ed pas\u00f3 a la ciudad de Campinas, en S\u00e3o Paulo, donde permaneci\u00f3 alg\u00fan tiempo hasta que se traslad\u00f3 definitivamente a la capital.<\/p>\n\n\n\n<p class=\"has-black-color has-text-color has-link-color has-small-font-size wp-elements-25a1340f6d1f05e2b4c283082951f5dc\">En aquella \u00e9poca, la capital ten\u00eda menos de 30.000 habitantes y, durante sus primeros a\u00f1os aqu\u00ed, Batu\u00edra trabaj\u00f3 como distribuidor del peri\u00f3dico \u00abCorreio Paulistano\u00bb, ya que en aquella \u00e9poca no hab\u00eda quioscos y la entrega se hac\u00eda por la tarde, de casa en casa, s\u00f3lo a los suscriptores. Diligente, honrado y de esp\u00edritu d\u00f3cil, Batu\u00edra hizo amigos y admiradores en todas partes como repartidor de peri\u00f3dicos. Parece que fue en esta \u00e9poca cuando aprendi\u00f3 el arte de la tipograf\u00eda, muy probablemente en los talleres del \u00abCorreio Paulistano\u00bb.<\/p>\n\n\n\n<p class=\"has-black-color has-text-color has-link-color has-small-font-size wp-elements-b2f1064ad80af66ccdb8342472f711e3\">Muy activo y corriendo de un lugar a otro, fue apodado \u00abel batu\u00edra\u00bb, nombre que la gente daba a un p\u00e1jaro muy ligero y de vuelo r\u00e1pido que frecuentaba los estanques formados por el desbordamiento del r\u00edo Tamanduate\u00ed, donde hoy se encuentra el Parque D. Pedro II. El joven se llamaba Antonio Gon\u00e7alves da Silva, pero a partir de entonces adopt\u00f3 el apodo de BATU\u00cdRA. Al poco tiempo, con los ahorros que hab\u00eda reunido y, por supuesto, con la ayuda de amigos, mont\u00f3 un peque\u00f1o teatro en la trastienda de una taberna de la Rua Cruz Preta.<\/p>\n\n\n\n<p class=\"has-black-color has-text-color has-link-color has-small-font-size wp-elements-84d10729916a732996e6844f6c5024be\">En aquel modesto teatro debutaron muchos aficionados, entre ellos Batu\u00edra. Perseverante en su empe\u00f1o, se dedic\u00f3 entonces a la fabricaci\u00f3n de puros. As\u00ed, con trabajo y econom\u00eda, Batu\u00edra hizo crecer sus modestas finanzas, que le permitieron casarse con la se\u00f1orita Brandina Maria de Jesus, con la que tuvo un hijo, Joaquim Gon\u00e7alves Batu\u00edra, que muri\u00f3 ya adulto y casado. Audaz como los grandes empresarios, invirti\u00f3 su dinero en la compra de zonas infravaloradas, comenzando a construir peque\u00f1as casas para alquilar, convirti\u00e9ndose as\u00ed en un rico terrateniente, cuyo patrimonio era fruto de muchos a\u00f1os de trabajo duro y honrado, combinado con una perseverancia inquebrantable.<\/p>\n\n\n\n<p class=\"has-black-color has-text-color has-link-color has-small-font-size wp-elements-0685f5817bf493a08515ab7ecf09f376\">Cuando todo parec\u00eda ir bien, muri\u00f3 casi repentinamente el \u00fanico hijo de su segunda esposa, la Sra. Maria das Dores Coutinho e Silva. Era un ni\u00f1o de doce a\u00f1os por el que el matrimonio sent\u00eda una gran devoci\u00f3n y afecto. Este golpe hiri\u00f3 profundamente aquel hogar, que s\u00f3lo pudo encontrar consuelo en la consoladora Doctrina de los Esp\u00edritus. Tan grande fue la paz que el Espiritismo les infundi\u00f3, que Batu\u00edra puso inmediatamente manos a la obra, deseando fervientemente que otros compa\u00f1eros de fatigas terrenas conociesen aquella bendita fuente de esperanza, y dentro de aquel cuerpo corto y de complexi\u00f3n robusta, un coraz\u00f3n de oro expandiese sus nobles sentimientos de amor al pr\u00f3jimo.<\/p>\n\n\n\n<p class=\"has-black-color has-text-color has-link-color has-small-font-size wp-elements-e0979197e46316c65a7d0d96829ea2eb\">En 1889, Batu\u00edra se convirti\u00f3 en agente exclusivo de la revista \u00abReformador\u00bb en la ciudad de S\u00e3o Paulo, cargo que ocup\u00f3 hasta 1899 o 1900. El 6 de abril de 1890, restableci\u00f3 el Grupo Esp\u00edrita Verdad y Luz, establecimiento esp\u00edrita que hab\u00eda \u00abestado inactivo\u00bb durante mucho tiempo. Adquiri\u00f3 entonces una peque\u00f1a imprenta para la divulgaci\u00f3n y propagaci\u00f3n del Espiritismo, publicando el quincenal \u00abVerdade e Luz\u00bb (Verdad y Luz), que alcanz\u00f3 los 15.000 ejemplares en 1897, un n\u00famero considerable para la \u00e9poca. Batu\u00edra fue tambi\u00e9n m\u00e9dium sanador. Realiz\u00f3 centenares de curaciones f\u00edsicas y espirituales mediante la administraci\u00f3n de efluvios o la aplicaci\u00f3n de \u00abpases magn\u00e9ticos\u00bb. Por ello, las personas que se beneficiaban de Batu\u00edra llegaron a llamarle el \u00abM\u00e9dico de los Pobres\u00bb, cognomen que tambi\u00e9n aureolaba el nombre de Adolfo Bezerra de Menezes.<\/p>\n\n\n\n<p class=\"has-black-color has-text-color has-link-color has-small-font-size wp-elements-e95efbd9f48c0c4ee397bb4aa31bc444\">La obra caritativa de Batu\u00edra no se limit\u00f3 a estas manifestaciones de caridad cristiana. Fue mucho m\u00e1s all\u00e1. Cre\u00f3 Grupos y Centros Esp\u00edritas en S\u00e3o Paulo, Minas Gerais y R\u00edo de Janeiro, a los que anim\u00f3 y asisti\u00f3; celebr\u00f3 conferencias sobre diversos temas doctrinales en innumerables ciudades de varios estados, en las que tambi\u00e9n visit\u00f3 y cur\u00f3 a hermanos y hermanas que sufr\u00edan; distribuy\u00f3 gratuitamente folletos y panfletos de propaganda del Espiritismo, que \u00e9l mismo imprim\u00eda, y distribuy\u00f3 miles de libros por todo el campo. Batu\u00edra, junto con otros ilustres cofrades, cre\u00f3 en S\u00e3o Paulo, el 24 de mayo de 1908, la \u00abUni\u00f3n Esp\u00edrita del Estado de S\u00e3o Paulo\u00bb, que federar\u00eda todos los centros y grupos existentes en el Estado.<\/p>\n\n\n\n<p class=\"has-black-color has-text-color has-link-color has-small-font-size wp-elements-191c5cafd63d446cbf060613b7d7edc4\">Este era el valiente trabajador de la Tercera Revelaci\u00f3n, el luchador incansable que nunca se dej\u00f3 abrumar por las penurias del viaje, y que fue innegablemente uno de los mayores propagandistas del Espiritismo en Brasil. Cargando muchas responsabilidades sobre sus hombros, no sent\u00eda, tan apegado al cumplimiento de sus deberes, que sus fuerzas vitales se agotaban r\u00e1pidamente. Una repentina enfermedad asalt\u00f3 su cuerpo y, burlando todos los recursos m\u00e9dicos, en pocos d\u00edas lo oblig\u00f3 a cruzar las fronteras del m\u00e1s all\u00e1. El viernes 22 de enero de 1909, hacia la una de la madrugada, mor\u00eda Ant\u00f4nio Gon\u00e7alves da Silva, Batu\u00edra.<\/p>\n<\/div><\/div>\n\n\n\n<div class=\"wp-block-uagb-container uagb-block-4845bd5d alignfull uagb-is-root-container\"><div class=\"uagb-container-inner-blocks-wrap\"><\/div><\/div>\n\n\n\n<div class=\"wp-block-uagb-container uagb-block-894cc7c5 alignfull uagb-is-root-container\"><div class=\"uagb-container-inner-blocks-wrap\"><\/div><\/div>","protected":false},"excerpt":{"rendered":"<p>Ant\u00f4nio Gon\u00e7alves da Silva Ant\u00f4nio Gon\u00e7alves da Silva naci\u00f3 el 19 de marzo de 1839 en Portugal, en la parroquia de \u00c1guas Santas, hoy perteneciente al concejo de Maia. Hijo de humildes campesinos y con s\u00f3lo estudios primarios, vino a Brasil a los 11 a\u00f1os, llegando a Guanabara el 3 de enero de 1850. Durante [&hellip;]<\/p>","protected":false},"author":1,"featured_media":0,"parent":0,"menu_order":0,"comment_status":"closed","ping_status":"closed","template":"","meta":{"_uag_custom_page_level_css":"","site-sidebar-layout":"default","site-content-layout":"","ast-site-content-layout":"default","site-content-style":"default","site-sidebar-style":"default","ast-global-header-display":"","ast-banner-title-visibility":"","ast-main-header-display":"","ast-hfb-above-header-display":"","ast-hfb-below-header-display":"","ast-hfb-mobile-header-display":"","site-post-title":"disabled","ast-breadcrumbs-content":"","ast-featured-img":"","footer-sml-layout":"","theme-transparent-header-meta":"","adv-header-id-meta":"","stick-header-meta":"","header-above-stick-meta":"","header-main-stick-meta":"","header-below-stick-meta":"","astra-migrate-meta-layouts":"set","ast-page-background-enabled":"default","ast-page-background-meta":{"desktop":{"background-color":"var(--ast-global-color-4)","background-image":"","background-repeat":"repeat","background-position":"center center","background-size":"auto","background-attachment":"scroll","background-type":"","background-media":"","overlay-type":"","overlay-color":"","overlay-opacity":"","overlay-gradient":""},"tablet":{"background-color":"","background-image":"","background-repeat":"repeat","background-position":"center center","background-size":"auto","background-attachment":"scroll","background-type":"","background-media":"","overlay-type":"","overlay-color":"","overlay-opacity":"","overlay-gradient":""},"mobile":{"background-color":"","background-image":"","background-repeat":"repeat","background-position":"center center","background-size":"auto","background-attachment":"scroll","background-type":"","background-media":"","overlay-type":"","overlay-color":"","overlay-opacity":"","overlay-gradient":""}},"ast-content-background-meta":{"desktop":{"background-color":"var(--ast-global-color-5)","background-image":"","background-repeat":"repeat","background-position":"center center","background-size":"auto","background-attachment":"scroll","background-type":"","background-media":"","overlay-type":"","overlay-color":"","overlay-opacity":"","overlay-gradient":""},"tablet":{"background-color":"var(--ast-global-color-5)","background-image":"","background-repeat":"repeat","background-position":"center center","background-size":"auto","background-attachment":"scroll","background-type":"","background-media":"","overlay-type":"","overlay-color":"","overlay-opacity":"","overlay-gradient":""},"mobile":{"background-color":"var(--ast-global-color-5)","background-image":"","background-repeat":"repeat","background-position":"center center","background-size":"auto","background-attachment":"scroll","background-type":"","background-media":"","overlay-type":"","overlay-color":"","overlay-opacity":"","overlay-gradient":""}},"footnotes":""},"class_list":["post-6177","page","type-page","status-publish","hentry"],"yoast_head":"<!-- This site is optimized with the Yoast SEO Premium plugin v24.2 (Yoast SEO v24.6) - https:\/\/yoast.com\/wordpress\/plugins\/seo\/ -->\n<title>Ant\u00f4nio Gon\u00e7alves da Silva - Uni\u00f3n Esp\u00edrita<\/title>\n<meta name=\"robots\" content=\"index, follow, max-snippet:-1, max-image-preview:large, max-video-preview:-1\" \/>\n<link rel=\"canonical\" href=\"https:\/\/nuevo-renacer.com\/it\/antonio-goncalves-da-silva\/\" \/>\n<meta property=\"og:locale\" content=\"it_IT\" \/>\n<meta property=\"og:type\" content=\"article\" \/>\n<meta property=\"og:title\" content=\"Ant\u00f4nio Gon\u00e7alves da Silva\" \/>\n<meta property=\"og:description\" content=\"Ant\u00f4nio Gon\u00e7alves da Silva Ant\u00f4nio Gon\u00e7alves da Silva naci\u00f3 el 19 de marzo de 1839 en Portugal, en la parroquia de \u00c1guas Santas, hoy perteneciente al concejo de Maia. Hijo de humildes campesinos y con s\u00f3lo estudios primarios, vino a Brasil a los 11 a\u00f1os, llegando a Guanabara el 3 de enero de 1850. Durante [&hellip;]\" \/>\n<meta property=\"og:url\" content=\"https:\/\/nuevo-renacer.com\/it\/antonio-goncalves-da-silva\/\" \/>\n<meta property=\"og:site_name\" content=\"Uni\u00f3n Esp\u00edrita\" \/>\n<meta property=\"article:publisher\" content=\"https:\/\/www.facebook.com\/groups\/3431398063740829\" \/>\n<meta property=\"og:image\" content=\"https:\/\/nuevo-renacer.com\/wp-content\/uploads\/2024\/11\/unnamed.jpg\" \/>\n\t<meta property=\"og:image:width\" content=\"192\" \/>\n\t<meta property=\"og:image:height\" content=\"257\" \/>\n\t<meta property=\"og:image:type\" content=\"image\/jpeg\" \/>\n<meta name=\"twitter:card\" content=\"summary_large_image\" \/>\n<meta name=\"twitter:label1\" content=\"Tempo di lettura stimato\" \/>\n\t<meta name=\"twitter:data1\" content=\"5 minuti\" \/>\n<script type=\"application\/ld+json\" class=\"yoast-schema-graph\">{\"@context\":\"https:\/\/schema.org\",\"@graph\":[{\"@type\":\"WebPage\",\"@id\":\"https:\/\/nuevo-renacer.com\/de\/antonio-goncalves-da-silva\/\",\"url\":\"https:\/\/nuevo-renacer.com\/de\/antonio-goncalves-da-silva\/\",\"name\":\"Ant\u00f4nio Gon\u00e7alves da Silva - Uni\u00f3n Esp\u00edrita\",\"isPartOf\":{\"@id\":\"https:\/\/nuevo-renacer.com\/#website\"},\"primaryImageOfPage\":{\"@id\":\"https:\/\/nuevo-renacer.com\/de\/antonio-goncalves-da-silva\/#primaryimage\"},\"image\":{\"@id\":\"https:\/\/nuevo-renacer.com\/de\/antonio-goncalves-da-silva\/#primaryimage\"},\"thumbnailUrl\":\"https:\/\/nuevo-renacer.com\/wp-content\/uploads\/2024\/11\/unnamed.jpg\",\"datePublished\":\"2024-11-19T13:55:59+00:00\",\"breadcrumb\":{\"@id\":\"https:\/\/nuevo-renacer.com\/de\/antonio-goncalves-da-silva\/#breadcrumb\"},\"inLanguage\":\"it-IT\",\"potentialAction\":[{\"@type\":\"ReadAction\",\"target\":[\"https:\/\/nuevo-renacer.com\/de\/antonio-goncalves-da-silva\/\"]}]},{\"@type\":\"ImageObject\",\"inLanguage\":\"it-IT\",\"@id\":\"https:\/\/nuevo-renacer.com\/de\/antonio-goncalves-da-silva\/#primaryimage\",\"url\":\"https:\/\/nuevo-renacer.com\/wp-content\/uploads\/2024\/11\/unnamed.jpg\",\"contentUrl\":\"https:\/\/nuevo-renacer.com\/wp-content\/uploads\/2024\/11\/unnamed.jpg\"},{\"@type\":\"BreadcrumbList\",\"@id\":\"https:\/\/nuevo-renacer.com\/de\/antonio-goncalves-da-silva\/#breadcrumb\",\"itemListElement\":[{\"@type\":\"ListItem\",\"position\":1,\"name\":\"Startseite\",\"item\":\"https:\/\/nuevo-renacer.com\/\"},{\"@type\":\"ListItem\",\"position\":2,\"name\":\"Ant\u00f4nio Gon\u00e7alves da Silva\"}]},{\"@type\":\"WebSite\",\"@id\":\"https:\/\/nuevo-renacer.com\/#website\",\"url\":\"https:\/\/nuevo-renacer.com\/\",\"name\":\"Uni\u00f3n Esp\u00edrita\",\"description\":\"Nuevo Renacer\",\"publisher\":{\"@id\":\"https:\/\/nuevo-renacer.com\/#organization\"},\"potentialAction\":[{\"@type\":\"SearchAction\",\"target\":{\"@type\":\"EntryPoint\",\"urlTemplate\":\"https:\/\/nuevo-renacer.com\/?s={search_term_string}\"},\"query-input\":{\"@type\":\"PropertyValueSpecification\",\"valueRequired\":true,\"valueName\":\"search_term_string\"}}],\"inLanguage\":\"it-IT\"},{\"@type\":\"Organization\",\"@id\":\"https:\/\/nuevo-renacer.com\/#organization\",\"name\":\"UFEC\",\"url\":\"https:\/\/nuevo-renacer.com\/\",\"logo\":{\"@type\":\"ImageObject\",\"inLanguage\":\"it-IT\",\"@id\":\"https:\/\/nuevo-renacer.com\/#\/schema\/logo\/image\/\",\"url\":\"https:\/\/nuevo-renacer.com\/wp-content\/uploads\/2024\/05\/cropped-LOGO-TERMINADO1-3-3.png\",\"contentUrl\":\"https:\/\/nuevo-renacer.com\/wp-content\/uploads\/2024\/05\/cropped-LOGO-TERMINADO1-3-3.png\",\"width\":512,\"height\":512,\"caption\":\"UFEC\"},\"image\":{\"@id\":\"https:\/\/nuevo-renacer.com\/#\/schema\/logo\/image\/\"},\"sameAs\":[\"https:\/\/www.facebook.com\/groups\/3431398063740829\"]}]}<\/script>\n<!-- \/ Yoast SEO Premium plugin. -->","yoast_head_json":{"title":"Ant\u00f4nio Gon\u00e7alves da Silva - Uni\u00f3n Esp\u00edrita","robots":{"index":"index","follow":"follow","max-snippet":"max-snippet:-1","max-image-preview":"max-image-preview:large","max-video-preview":"max-video-preview:-1"},"canonical":"https:\/\/nuevo-renacer.com\/it\/antonio-goncalves-da-silva\/","og_locale":"it_IT","og_type":"article","og_title":"Ant\u00f4nio Gon\u00e7alves da Silva","og_description":"Ant\u00f4nio Gon\u00e7alves da Silva Ant\u00f4nio Gon\u00e7alves da Silva naci\u00f3 el 19 de marzo de 1839 en Portugal, en la parroquia de \u00c1guas Santas, hoy perteneciente al concejo de Maia. Hijo de humildes campesinos y con s\u00f3lo estudios primarios, vino a Brasil a los 11 a\u00f1os, llegando a Guanabara el 3 de enero de 1850. Durante [&hellip;]","og_url":"https:\/\/nuevo-renacer.com\/it\/antonio-goncalves-da-silva\/","og_site_name":"Uni\u00f3n Esp\u00edrita","article_publisher":"https:\/\/www.facebook.com\/groups\/3431398063740829","og_image":[{"width":192,"height":257,"url":"https:\/\/nuevo-renacer.com\/wp-content\/uploads\/2024\/11\/unnamed.jpg","type":"image\/jpeg"}],"twitter_card":"summary_large_image","twitter_misc":{"Tempo di lettura stimato":"5 minuti"},"schema":{"@context":"https:\/\/schema.org","@graph":[{"@type":"WebPage","@id":"https:\/\/nuevo-renacer.com\/de\/antonio-goncalves-da-silva\/","url":"https:\/\/nuevo-renacer.com\/de\/antonio-goncalves-da-silva\/","name":"Ant\u00f4nio Gon\u00e7alves da Silva - Uni\u00f3n Esp\u00edrita","isPartOf":{"@id":"https:\/\/nuevo-renacer.com\/#website"},"primaryImageOfPage":{"@id":"https:\/\/nuevo-renacer.com\/de\/antonio-goncalves-da-silva\/#primaryimage"},"image":{"@id":"https:\/\/nuevo-renacer.com\/de\/antonio-goncalves-da-silva\/#primaryimage"},"thumbnailUrl":"https:\/\/nuevo-renacer.com\/wp-content\/uploads\/2024\/11\/unnamed.jpg","datePublished":"2024-11-19T13:55:59+00:00","breadcrumb":{"@id":"https:\/\/nuevo-renacer.com\/de\/antonio-goncalves-da-silva\/#breadcrumb"},"inLanguage":"it-IT","potentialAction":[{"@type":"ReadAction","target":["https:\/\/nuevo-renacer.com\/de\/antonio-goncalves-da-silva\/"]}]},{"@type":"ImageObject","inLanguage":"it-IT","@id":"https:\/\/nuevo-renacer.com\/de\/antonio-goncalves-da-silva\/#primaryimage","url":"https:\/\/nuevo-renacer.com\/wp-content\/uploads\/2024\/11\/unnamed.jpg","contentUrl":"https:\/\/nuevo-renacer.com\/wp-content\/uploads\/2024\/11\/unnamed.jpg"},{"@type":"BreadcrumbList","@id":"https:\/\/nuevo-renacer.com\/de\/antonio-goncalves-da-silva\/#breadcrumb","itemListElement":[{"@type":"ListItem","position":1,"name":"Startseite","item":"https:\/\/nuevo-renacer.com\/"},{"@type":"ListItem","position":2,"name":"Ant\u00f4nio Gon\u00e7alves da Silva"}]},{"@type":"WebSite","@id":"https:\/\/nuevo-renacer.com\/#website","url":"https:\/\/nuevo-renacer.com\/","name":"Uni\u00f3n Esp\u00edrita","description":"Nuevo Renacer","publisher":{"@id":"https:\/\/nuevo-renacer.com\/#organization"},"potentialAction":[{"@type":"SearchAction","target":{"@type":"EntryPoint","urlTemplate":"https:\/\/nuevo-renacer.com\/?s={search_term_string}"},"query-input":{"@type":"PropertyValueSpecification","valueRequired":true,"valueName":"search_term_string"}}],"inLanguage":"it-IT"},{"@type":"Organization","@id":"https:\/\/nuevo-renacer.com\/#organization","name":"UFEC","url":"https:\/\/nuevo-renacer.com\/","logo":{"@type":"ImageObject","inLanguage":"it-IT","@id":"https:\/\/nuevo-renacer.com\/#\/schema\/logo\/image\/","url":"https:\/\/nuevo-renacer.com\/wp-content\/uploads\/2024\/05\/cropped-LOGO-TERMINADO1-3-3.png","contentUrl":"https:\/\/nuevo-renacer.com\/wp-content\/uploads\/2024\/05\/cropped-LOGO-TERMINADO1-3-3.png","width":512,"height":512,"caption":"UFEC"},"image":{"@id":"https:\/\/nuevo-renacer.com\/#\/schema\/logo\/image\/"},"sameAs":["https:\/\/www.facebook.com\/groups\/3431398063740829"]}]}},"uagb_featured_image_src":{"full":false,"thumbnail":false,"medium":false,"medium_large":false,"large":false,"1536x1536":false,"2048x2048":false,"trp-custom-language-flag":false},"uagb_author_info":{"display_name":"adbv0","author_link":"https:\/\/nuevo-renacer.com\/it\/author\/adbv0\/"},"uagb_comment_info":0,"uagb_excerpt":"Ant\u00f4nio Gon\u00e7alves da Silva Ant\u00f4nio Gon\u00e7alves da Silva naci\u00f3 el 19 de marzo de 1839 en Portugal, en la parroquia de \u00c1guas Santas, hoy perteneciente al concejo de Maia. Hijo de humildes campesinos y con s\u00f3lo estudios primarios, vino a Brasil a los 11 a\u00f1os, llegando a Guanabara el 3 de enero de 1850. Durante&hellip;","jetpack_sharing_enabled":true,"_links":{"self":[{"href":"https:\/\/nuevo-renacer.com\/it\/wp-json\/wp\/v2\/pages\/6177","targetHints":{"allow":["GET"]}}],"collection":[{"href":"https:\/\/nuevo-renacer.com\/it\/wp-json\/wp\/v2\/pages"}],"about":[{"href":"https:\/\/nuevo-renacer.com\/it\/wp-json\/wp\/v2\/types\/page"}],"author":[{"embeddable":true,"href":"https:\/\/nuevo-renacer.com\/it\/wp-json\/wp\/v2\/users\/1"}],"replies":[{"embeddable":true,"href":"https:\/\/nuevo-renacer.com\/it\/wp-json\/wp\/v2\/comments?post=6177"}],"version-history":[{"count":1,"href":"https:\/\/nuevo-renacer.com\/it\/wp-json\/wp\/v2\/pages\/6177\/revisions"}],"predecessor-version":[{"id":6179,"href":"https:\/\/nuevo-renacer.com\/it\/wp-json\/wp\/v2\/pages\/6177\/revisions\/6179"}],"wp:attachment":[{"href":"https:\/\/nuevo-renacer.com\/it\/wp-json\/wp\/v2\/media?parent=6177"}],"curies":[{"name":"wp","href":"https:\/\/api.w.org\/{rel}","templated":true}]}}