{"id":6159,"date":"2024-11-18T08:03:14","date_gmt":"2024-11-18T08:03:14","guid":{"rendered":"https:\/\/nuevo-renacer.com\/?page_id=6159"},"modified":"2024-11-18T08:43:31","modified_gmt":"2024-11-18T08:43:31","slug":"edgard-pereira-armond","status":"publish","type":"page","link":"https:\/\/nuevo-renacer.com\/it\/edgard-pereira-armond\/","title":{"rendered":"Edgard Pereira Armond"},"content":{"rendered":"<div class=\"wp-block-uagb-container uagb-block-2a4189c1 alignfull uagb-is-root-container\"><div class=\"uagb-container-inner-blocks-wrap\">\n<p class=\"has-black-color has-text-color has-link-color has-medium-font-size wp-elements-0a664fcfe20ca0a479aaad355c1672ff\"><strong>Edgard Pereira Armond<\/strong><\/p>\n<\/div><\/div>\n\n\n\n<div class=\"wp-block-uagb-container uagb-block-0bd63844 alignfull uagb-is-root-container\"><div class=\"uagb-container-inner-blocks-wrap\">\n<figure class=\"wp-block-image size-full is-resized\"><img decoding=\"async\" width=\"184\" height=\"238\" src=\"https:\/\/nuevo-renacer.com\/wp-content\/uploads\/2024\/11\/edgarpereiraarmond.jpg\" alt=\"\" class=\"wp-image-6160\" style=\"width:264px;height:auto\" srcset=\"https:\/\/nuevo-renacer.com\/wp-content\/uploads\/2024\/11\/edgarpereiraarmond.jpg 184w, https:\/\/nuevo-renacer.com\/wp-content\/uploads\/2024\/11\/edgarpereiraarmond-9x12.jpg 9w\" sizes=\"(max-width: 184px) 100vw, 184px\" \/><\/figure>\n<\/div><\/div>\n\n\n\n<div class=\"wp-block-uagb-container uagb-block-934d659c alignfull uagb-is-root-container\"><div class=\"uagb-container-inner-blocks-wrap\">\n<p class=\"has-black-color has-text-color has-link-color has-small-font-size wp-elements-7bf129da2a7148c3f373333cc552d468\">Edgard Pereira Armond naci\u00f3 el 14 de junio de 1894 en Guaratinguet\u00e1 (Brasil), en el valle del Para\u00edba. De familia humilde, a los 21 a\u00f1os Armond ingres\u00f3 en la Fuerza P\u00fablica de S\u00e3o Paulo, donde inici\u00f3 la carrera que le dar\u00eda el t\u00edtulo por el que a\u00fan hoy se le conoce: \u00abComandante\u00bb.<\/p>\n\n\n\n<p class=\"has-black-color has-text-color has-link-color has-small-font-size wp-elements-8a8aea701cbc78e57e22f87cfae71bbe\">Particip\u00f3 en diversos movimientos militares, tomando parte en las revoluciones de 1922 y 1924, donde form\u00f3 parte de las tropas de ocupaci\u00f3n en las fronteras brasile\u00f1a con Paraguay y Argentina. En 1926 se gradu\u00f3 como dentista en la Facultad de Farmacia y Odontolog\u00eda del Estado de S\u00e3o Paulo.<\/p>\n\n\n\n<div class=\"wp-block-uagb-container uagb-block-b1c912f6\">\n<figure class=\"wp-block-image size-full is-resized\"><img fetchpriority=\"high\" decoding=\"async\" width=\"288\" height=\"410\" src=\"https:\/\/nuevo-renacer.com\/wp-content\/uploads\/2024\/11\/Edgard_Pereira_Armond.jpg\" alt=\"\" class=\"wp-image-6161\" style=\"width:264px\" srcset=\"https:\/\/nuevo-renacer.com\/wp-content\/uploads\/2024\/11\/Edgard_Pereira_Armond.jpg 288w, https:\/\/nuevo-renacer.com\/wp-content\/uploads\/2024\/11\/Edgard_Pereira_Armond-211x300.jpg 211w, https:\/\/nuevo-renacer.com\/wp-content\/uploads\/2024\/11\/Edgard_Pereira_Armond-8x12.jpg 8w\" sizes=\"(max-width: 288px) 100vw, 288px\" \/><\/figure>\n<\/div>\n\n\n\n<p class=\"has-black-color has-text-color has-link-color has-small-font-size wp-elements-f6ba6fb35fbf02d2ec4b696c4076bd02\">Con una ajetreada vida profesional, trabaj\u00f3 en la construcci\u00f3n de una carretera que un\u00eda las ciudades de Paraibuna y S\u00e3o Sebasti\u00e3o.<\/p>\n\n\n\n<p class=\"has-black-color has-text-color has-link-color has-small-font-size wp-elements-e44520f216cdb08e938569b67a389a8c\">Al mismo tiempo, comenz\u00f3 a estudiar y trabajar con el Espiritismo. Particip\u00f3 en un grupo de estudios y pr\u00e1cticas esp\u00edritas por invitaci\u00f3n de Canuto de Abreu, visitando diversos centros esp\u00edritas de la periferia de la capital dedicados exclusivamente a la pr\u00e1ctica de efectos f\u00edsicos.<\/p>\n\n\n\n<p class=\"has-black-color has-text-color has-link-color has-small-font-size wp-elements-c4db654ad72631ccb4208a18fd727035\">En 1938, el Comendador sufri\u00f3 un accidente de coche en el Parque Dom Pedro, en S\u00e3o Paulo, en el que se rompi\u00f3 las dos rodillas y sufri\u00f3 otras lesiones. Despu\u00e9s de varias operaciones y muchos tratamientos, qued\u00f3 casi incapacitado para caminar durante seis meses.<\/p>\n\n\n\n<p class=\"has-black-color has-text-color has-link-color has-small-font-size wp-elements-4183df1ef904aef21f8b84e0db0749cf\">En 1939, al ser considerado no apto para el servicio militar, fue invitado a ocupar el cargo de secretario general de la Federaci\u00f3n Esp\u00edrita del Estado de S\u00e3o Paulo, tras reestructurar sus trabajos espirituales.<\/p>\n\n\n\n<p class=\"has-black-color has-text-color has-link-color has-small-font-size wp-elements-e3f82c651985012cb13e30f98a10f367\">Dotado de un car\u00e1cter recto y firme y de una moral elevada, detestaba la malicia, rehuyendo la ch\u00e1chara y las preguntas vulgares.<\/p>\n\n\n\n<p class=\"has-black-color has-text-color has-link-color has-small-font-size wp-elements-c52112f78f1a88acaa5aad7d8dc2baef\">Como expositor, ten\u00eda un discurso persuasivo, acompa\u00f1ado de un lenguaje f\u00e1cil, claro y objetivo, que no dejaba dudas sobre el tema.<\/p>\n\n\n\n<p class=\"has-black-color has-text-color has-link-color has-small-font-size wp-elements-f61e0ff0ea18a17c96f2583ded26422d\">Como escritor, era un profundo estudioso de los fen\u00f3menos ps\u00edquicos y pose\u00eda amplios conocimientos sobre el tema de la mediumnidad. Escribi\u00f3 una serie de 21 libros de texto, la mayor\u00eda destinados a las escuelas creadas por \u00e9l y los dem\u00e1s a la Fraternidad de las Disc\u00edpulas de Jes\u00fas.<\/p>\n\n\n\n<p class=\"has-black-color has-text-color has-link-color has-small-font-size wp-elements-60df829b4ba92acd2f074950f21ae497\">Para suplir la falta de m\u00e9diums fiables y preparados en la FEESP, se cre\u00f3 el Grupo Razin, formado por siete miembros que comenzaron a trabajar en la Federaci\u00f3n.<\/p>\n\n\n\n<p class=\"has-black-color has-text-color has-link-color has-small-font-size wp-elements-d41f0c0a9342b591358ecf038b844b5c\">Las reuniones del Grupo Razin vieron las primeras manifestaciones del Esp\u00edritu Ismael, apoderado de Jes\u00fas para el liderazgo Espiritual de Brasil. Tambi\u00e9n se presentaron valiosos Esp\u00edritus de la Fraternidad del Santo Sepulcro y de la Fraternidad de los Cruzados. El Comandante fue entonces presentado al Esp\u00edritu Razin, con el objetivo de ayudarlo a montar la Escuela de Aprendices del Evangelio, que tendr\u00eda lugar en 1950, para que los nuevos \u00abDisc\u00edpulos de Jes\u00fas\u00bb se preparasen a trav\u00e9s del estudio, del trabajo y de la disciplina.<\/p>\n\n\n\n<div class=\"wp-block-uagb-container uagb-block-cc60b5b7\">\n<figure class=\"wp-block-image size-full\"><img decoding=\"async\" width=\"466\" height=\"500\" src=\"https:\/\/nuevo-renacer.com\/wp-content\/uploads\/2024\/11\/10292131_544117922383374_1127169631295725294_n-1.jpg\" alt=\"\" class=\"wp-image-6167\" srcset=\"https:\/\/nuevo-renacer.com\/wp-content\/uploads\/2024\/11\/10292131_544117922383374_1127169631295725294_n-1.jpg 466w, https:\/\/nuevo-renacer.com\/wp-content\/uploads\/2024\/11\/10292131_544117922383374_1127169631295725294_n-1-280x300.jpg 280w, https:\/\/nuevo-renacer.com\/wp-content\/uploads\/2024\/11\/10292131_544117922383374_1127169631295725294_n-1-11x12.jpg 11w\" sizes=\"(max-width: 466px) 100vw, 466px\" \/><\/figure>\n<\/div>\n\n\n\n<p class=\"has-black-color has-text-color has-link-color has-small-font-size wp-elements-70bd466c719230d1779a656c370f4f76\">En 1944, fund\u00f3 el peri\u00f3dico \u00abO Semeador\u00bb y dirigi\u00f3 el programa de radio \u00abHora Esp\u00edrita\u00bb, que se emit\u00eda por R\u00e1dio Tupi.<\/p>\n\n\n\n<p class=\"has-black-color has-text-color has-link-color has-small-font-size wp-elements-70e9bd3e6520f8ec9242c1d1d55260de\">En 1947, Edgard Armond fund\u00f3 la USE &#8211; Uni\u00f3n Social Esp\u00edrita.<\/p>\n\n\n\n<p class=\"has-black-color has-text-color has-link-color has-small-font-size wp-elements-1216af166929e6a8fb3c847aa3c29283\">En 1950, despu\u00e9s de crear la Escuela de Aprendices del Evangelio, Edgard cre\u00f3 tambi\u00e9n el Curso de M\u00e9diums, destinado a mejorar los intercambios con el mundo de los esp\u00edritus, y la Fraternidad de las Disc\u00edpulas de Jes\u00fas, como \u00f3rgano de agrupaci\u00f3n de los trabajadores en el campo religioso.<\/p>\n\n\n\n<div class=\"wp-block-uagb-container uagb-block-2df4c0d8\">\n<figure class=\"wp-block-image size-full is-resized\"><img loading=\"lazy\" decoding=\"async\" width=\"788\" height=\"720\" src=\"https:\/\/nuevo-renacer.com\/wp-content\/uploads\/2024\/11\/maxresdefault.jpg\" alt=\"\" class=\"wp-image-6163\" style=\"width:264px\" srcset=\"https:\/\/nuevo-renacer.com\/wp-content\/uploads\/2024\/11\/maxresdefault.jpg 788w, https:\/\/nuevo-renacer.com\/wp-content\/uploads\/2024\/11\/maxresdefault-300x274.jpg 300w, https:\/\/nuevo-renacer.com\/wp-content\/uploads\/2024\/11\/maxresdefault-768x702.jpg 768w, https:\/\/nuevo-renacer.com\/wp-content\/uploads\/2024\/11\/maxresdefault-13x12.jpg 13w\" sizes=\"(max-width: 788px) 100vw, 788px\" \/><\/figure>\n<\/div>\n\n\n\n<p class=\"has-black-color has-text-color has-link-color has-small-font-size wp-elements-c363d34780f708a05d141dde7a262078\">Debido a una enfermedad, el Comandante pidi\u00f3 abandonar la Federaci\u00f3n en 1967, pero sigui\u00f3 colaborando a distancia en el \u00e1mbito de la publicidad y la organizaci\u00f3n de centros y organizaciones espiritistas, incluso en pa\u00edses extranjeros.<\/p>\n\n\n\n<p class=\"has-black-color has-text-color has-link-color has-small-font-size wp-elements-3748e8f5b3f6c347cdae482eaee83f3e\">En 1973, fund\u00f3 la Alianza Esp\u00edrita Evang\u00e9lica, donde, a partir de 1980, colabor\u00f3 en la fundaci\u00f3n del Sector III de la Fraternidad de las Disc\u00edpulas de Jes\u00fas, continuando la Expansi\u00f3n del Espiritismo Religioso.<\/p>\n\n\n\n<p class=\"has-black-color has-text-color has-link-color has-small-font-size wp-elements-d313cf726f25fc31fc32451c87c34bb0\">Falleci\u00f3 el 29 de noviembre de 1982, a las 4h30, en el Hospital Osvaldo Cruz, en la ciudad de S\u00e3o Paulo, despu\u00e9s de 88 a\u00f1os de vida activa en pro de la Doctrina Consoladora de los Esp\u00edritus.<\/p>\n<\/div><\/div>\n\n\n\n<div class=\"wp-block-uagb-container uagb-block-49556843 alignfull uagb-is-root-container\"><div class=\"uagb-container-inner-blocks-wrap\"><\/div><\/div>\n\n\n\n<div class=\"wp-block-uagb-container uagb-block-f0615251 alignfull uagb-is-root-container\"><div class=\"uagb-container-inner-blocks-wrap\"><\/div><\/div>","protected":false},"excerpt":{"rendered":"<p>Edgard Pereira Armond Edgard Pereira Armond naci\u00f3 el 14 de junio de 1894 en Guaratinguet\u00e1 (Brasil), en el valle del Para\u00edba. De familia humilde, a los 21 a\u00f1os Armond ingres\u00f3 en la Fuerza P\u00fablica de S\u00e3o Paulo, donde inici\u00f3 la carrera que le dar\u00eda el t\u00edtulo por el que a\u00fan hoy se le conoce: \u00abComandante\u00bb. [&hellip;]<\/p>","protected":false},"author":1,"featured_media":0,"parent":0,"menu_order":0,"comment_status":"closed","ping_status":"closed","template":"","meta":{"_uag_custom_page_level_css":"","site-sidebar-layout":"default","site-content-layout":"","ast-site-content-layout":"default","site-content-style":"default","site-sidebar-style":"default","ast-global-header-display":"","ast-banner-title-visibility":"","ast-main-header-display":"","ast-hfb-above-header-display":"","ast-hfb-below-header-display":"","ast-hfb-mobile-header-display":"","site-post-title":"disabled","ast-breadcrumbs-content":"","ast-featured-img":"","footer-sml-layout":"","theme-transparent-header-meta":"","adv-header-id-meta":"","stick-header-meta":"","header-above-stick-meta":"","header-main-stick-meta":"","header-below-stick-meta":"","astra-migrate-meta-layouts":"set","ast-page-background-enabled":"default","ast-page-background-meta":{"desktop":{"background-color":"var(--ast-global-color-4)","background-image":"","background-repeat":"repeat","background-position":"center center","background-size":"auto","background-attachment":"scroll","background-type":"","background-media":"","overlay-type":"","overlay-color":"","overlay-opacity":"","overlay-gradient":""},"tablet":{"background-color":"","background-image":"","background-repeat":"repeat","background-position":"center center","background-size":"auto","background-attachment":"scroll","background-type":"","background-media":"","overlay-type":"","overlay-color":"","overlay-opacity":"","overlay-gradient":""},"mobile":{"background-color":"","background-image":"","background-repeat":"repeat","background-position":"center center","background-size":"auto","background-attachment":"scroll","background-type":"","background-media":"","overlay-type":"","overlay-color":"","overlay-opacity":"","overlay-gradient":""}},"ast-content-background-meta":{"desktop":{"background-color":"var(--ast-global-color-5)","background-image":"","background-repeat":"repeat","background-position":"center center","background-size":"auto","background-attachment":"scroll","background-type":"","background-media":"","overlay-type":"","overlay-color":"","overlay-opacity":"","overlay-gradient":""},"tablet":{"background-color":"var(--ast-global-color-5)","background-image":"","background-repeat":"repeat","background-position":"center center","background-size":"auto","background-attachment":"scroll","background-type":"","background-media":"","overlay-type":"","overlay-color":"","overlay-opacity":"","overlay-gradient":""},"mobile":{"background-color":"var(--ast-global-color-5)","background-image":"","background-repeat":"repeat","background-position":"center center","background-size":"auto","background-attachment":"scroll","background-type":"","background-media":"","overlay-type":"","overlay-color":"","overlay-opacity":"","overlay-gradient":""}},"footnotes":""},"class_list":["post-6159","page","type-page","status-publish","hentry"],"yoast_head":"<!-- This site is optimized with the Yoast SEO Premium plugin v24.2 (Yoast SEO v24.6) - https:\/\/yoast.com\/wordpress\/plugins\/seo\/ -->\n<title>Edgard Pereira Armond - Uni\u00f3n Esp\u00edrita<\/title>\n<meta name=\"robots\" content=\"index, follow, max-snippet:-1, max-image-preview:large, max-video-preview:-1\" \/>\n<link rel=\"canonical\" href=\"https:\/\/nuevo-renacer.com\/it\/edgard-pereira-armond\/\" \/>\n<meta property=\"og:locale\" content=\"it_IT\" \/>\n<meta property=\"og:type\" content=\"article\" \/>\n<meta property=\"og:title\" content=\"Edgard Pereira Armond\" \/>\n<meta property=\"og:description\" content=\"Edgard Pereira Armond Edgard Pereira Armond naci\u00f3 el 14 de junio de 1894 en Guaratinguet\u00e1 (Brasil), en el valle del Para\u00edba. De familia humilde, a los 21 a\u00f1os Armond ingres\u00f3 en la Fuerza P\u00fablica de S\u00e3o Paulo, donde inici\u00f3 la carrera que le dar\u00eda el t\u00edtulo por el que a\u00fan hoy se le conoce: \u00abComandante\u00bb. [&hellip;]\" \/>\n<meta property=\"og:url\" content=\"https:\/\/nuevo-renacer.com\/it\/edgard-pereira-armond\/\" \/>\n<meta property=\"og:site_name\" content=\"Uni\u00f3n Esp\u00edrita\" \/>\n<meta property=\"article:publisher\" content=\"https:\/\/www.facebook.com\/groups\/3431398063740829\" \/>\n<meta property=\"article:modified_time\" content=\"2024-11-18T08:43:31+00:00\" \/>\n<meta property=\"og:image\" content=\"https:\/\/nuevo-renacer.com\/wp-content\/uploads\/2024\/11\/edgarpereiraarmond.jpg\" \/>\n\t<meta property=\"og:image:width\" content=\"184\" \/>\n\t<meta property=\"og:image:height\" content=\"238\" \/>\n\t<meta property=\"og:image:type\" content=\"image\/jpeg\" \/>\n<meta name=\"twitter:card\" content=\"summary_large_image\" \/>\n<meta name=\"twitter:label1\" content=\"Tempo di lettura stimato\" \/>\n\t<meta name=\"twitter:data1\" content=\"3 minuti\" \/>\n<script type=\"application\/ld+json\" class=\"yoast-schema-graph\">{\"@context\":\"https:\/\/schema.org\",\"@graph\":[{\"@type\":\"WebPage\",\"@id\":\"https:\/\/nuevo-renacer.com\/edgard-pereira-armond\/\",\"url\":\"https:\/\/nuevo-renacer.com\/edgard-pereira-armond\/\",\"name\":\"Edgard Pereira Armond - Uni\u00f3n Esp\u00edrita\",\"isPartOf\":{\"@id\":\"https:\/\/nuevo-renacer.com\/#website\"},\"primaryImageOfPage\":{\"@id\":\"https:\/\/nuevo-renacer.com\/edgard-pereira-armond\/#primaryimage\"},\"image\":{\"@id\":\"https:\/\/nuevo-renacer.com\/edgard-pereira-armond\/#primaryimage\"},\"thumbnailUrl\":\"https:\/\/nuevo-renacer.com\/wp-content\/uploads\/2024\/11\/edgarpereiraarmond.jpg\",\"datePublished\":\"2024-11-18T08:03:14+00:00\",\"dateModified\":\"2024-11-18T08:43:31+00:00\",\"breadcrumb\":{\"@id\":\"https:\/\/nuevo-renacer.com\/edgard-pereira-armond\/#breadcrumb\"},\"inLanguage\":\"it-IT\",\"potentialAction\":[{\"@type\":\"ReadAction\",\"target\":[\"https:\/\/nuevo-renacer.com\/edgard-pereira-armond\/\"]}]},{\"@type\":\"ImageObject\",\"inLanguage\":\"it-IT\",\"@id\":\"https:\/\/nuevo-renacer.com\/edgard-pereira-armond\/#primaryimage\",\"url\":\"https:\/\/nuevo-renacer.com\/wp-content\/uploads\/2024\/11\/edgarpereiraarmond.jpg\",\"contentUrl\":\"https:\/\/nuevo-renacer.com\/wp-content\/uploads\/2024\/11\/edgarpereiraarmond.jpg\"},{\"@type\":\"BreadcrumbList\",\"@id\":\"https:\/\/nuevo-renacer.com\/edgard-pereira-armond\/#breadcrumb\",\"itemListElement\":[{\"@type\":\"ListItem\",\"position\":1,\"name\":\"Startseite\",\"item\":\"https:\/\/nuevo-renacer.com\/\"},{\"@type\":\"ListItem\",\"position\":2,\"name\":\"Edgard Pereira Armond\"}]},{\"@type\":\"WebSite\",\"@id\":\"https:\/\/nuevo-renacer.com\/#website\",\"url\":\"https:\/\/nuevo-renacer.com\/\",\"name\":\"Uni\u00f3n Esp\u00edrita\",\"description\":\"Nuevo Renacer\",\"publisher\":{\"@id\":\"https:\/\/nuevo-renacer.com\/#organization\"},\"potentialAction\":[{\"@type\":\"SearchAction\",\"target\":{\"@type\":\"EntryPoint\",\"urlTemplate\":\"https:\/\/nuevo-renacer.com\/?s={search_term_string}\"},\"query-input\":{\"@type\":\"PropertyValueSpecification\",\"valueRequired\":true,\"valueName\":\"search_term_string\"}}],\"inLanguage\":\"it-IT\"},{\"@type\":\"Organization\",\"@id\":\"https:\/\/nuevo-renacer.com\/#organization\",\"name\":\"UFEC\",\"url\":\"https:\/\/nuevo-renacer.com\/\",\"logo\":{\"@type\":\"ImageObject\",\"inLanguage\":\"it-IT\",\"@id\":\"https:\/\/nuevo-renacer.com\/#\/schema\/logo\/image\/\",\"url\":\"https:\/\/nuevo-renacer.com\/wp-content\/uploads\/2024\/05\/cropped-LOGO-TERMINADO1-3-3.png\",\"contentUrl\":\"https:\/\/nuevo-renacer.com\/wp-content\/uploads\/2024\/05\/cropped-LOGO-TERMINADO1-3-3.png\",\"width\":512,\"height\":512,\"caption\":\"UFEC\"},\"image\":{\"@id\":\"https:\/\/nuevo-renacer.com\/#\/schema\/logo\/image\/\"},\"sameAs\":[\"https:\/\/www.facebook.com\/groups\/3431398063740829\"]}]}<\/script>\n<!-- \/ Yoast SEO Premium plugin. -->","yoast_head_json":{"title":"Edgard Pereira Armond - Uni\u00f3n Esp\u00edrita","robots":{"index":"index","follow":"follow","max-snippet":"max-snippet:-1","max-image-preview":"max-image-preview:large","max-video-preview":"max-video-preview:-1"},"canonical":"https:\/\/nuevo-renacer.com\/it\/edgard-pereira-armond\/","og_locale":"it_IT","og_type":"article","og_title":"Edgard Pereira Armond","og_description":"Edgard Pereira Armond Edgard Pereira Armond naci\u00f3 el 14 de junio de 1894 en Guaratinguet\u00e1 (Brasil), en el valle del Para\u00edba. De familia humilde, a los 21 a\u00f1os Armond ingres\u00f3 en la Fuerza P\u00fablica de S\u00e3o Paulo, donde inici\u00f3 la carrera que le dar\u00eda el t\u00edtulo por el que a\u00fan hoy se le conoce: \u00abComandante\u00bb. [&hellip;]","og_url":"https:\/\/nuevo-renacer.com\/it\/edgard-pereira-armond\/","og_site_name":"Uni\u00f3n Esp\u00edrita","article_publisher":"https:\/\/www.facebook.com\/groups\/3431398063740829","article_modified_time":"2024-11-18T08:43:31+00:00","og_image":[{"width":184,"height":238,"url":"https:\/\/nuevo-renacer.com\/wp-content\/uploads\/2024\/11\/edgarpereiraarmond.jpg","type":"image\/jpeg"}],"twitter_card":"summary_large_image","twitter_misc":{"Tempo di lettura stimato":"3 minuti"},"schema":{"@context":"https:\/\/schema.org","@graph":[{"@type":"WebPage","@id":"https:\/\/nuevo-renacer.com\/edgard-pereira-armond\/","url":"https:\/\/nuevo-renacer.com\/edgard-pereira-armond\/","name":"Edgard Pereira Armond - Uni\u00f3n Esp\u00edrita","isPartOf":{"@id":"https:\/\/nuevo-renacer.com\/#website"},"primaryImageOfPage":{"@id":"https:\/\/nuevo-renacer.com\/edgard-pereira-armond\/#primaryimage"},"image":{"@id":"https:\/\/nuevo-renacer.com\/edgard-pereira-armond\/#primaryimage"},"thumbnailUrl":"https:\/\/nuevo-renacer.com\/wp-content\/uploads\/2024\/11\/edgarpereiraarmond.jpg","datePublished":"2024-11-18T08:03:14+00:00","dateModified":"2024-11-18T08:43:31+00:00","breadcrumb":{"@id":"https:\/\/nuevo-renacer.com\/edgard-pereira-armond\/#breadcrumb"},"inLanguage":"it-IT","potentialAction":[{"@type":"ReadAction","target":["https:\/\/nuevo-renacer.com\/edgard-pereira-armond\/"]}]},{"@type":"ImageObject","inLanguage":"it-IT","@id":"https:\/\/nuevo-renacer.com\/edgard-pereira-armond\/#primaryimage","url":"https:\/\/nuevo-renacer.com\/wp-content\/uploads\/2024\/11\/edgarpereiraarmond.jpg","contentUrl":"https:\/\/nuevo-renacer.com\/wp-content\/uploads\/2024\/11\/edgarpereiraarmond.jpg"},{"@type":"BreadcrumbList","@id":"https:\/\/nuevo-renacer.com\/edgard-pereira-armond\/#breadcrumb","itemListElement":[{"@type":"ListItem","position":1,"name":"Startseite","item":"https:\/\/nuevo-renacer.com\/"},{"@type":"ListItem","position":2,"name":"Edgard Pereira Armond"}]},{"@type":"WebSite","@id":"https:\/\/nuevo-renacer.com\/#website","url":"https:\/\/nuevo-renacer.com\/","name":"Uni\u00f3n Esp\u00edrita","description":"Nuevo Renacer","publisher":{"@id":"https:\/\/nuevo-renacer.com\/#organization"},"potentialAction":[{"@type":"SearchAction","target":{"@type":"EntryPoint","urlTemplate":"https:\/\/nuevo-renacer.com\/?s={search_term_string}"},"query-input":{"@type":"PropertyValueSpecification","valueRequired":true,"valueName":"search_term_string"}}],"inLanguage":"it-IT"},{"@type":"Organization","@id":"https:\/\/nuevo-renacer.com\/#organization","name":"UFEC","url":"https:\/\/nuevo-renacer.com\/","logo":{"@type":"ImageObject","inLanguage":"it-IT","@id":"https:\/\/nuevo-renacer.com\/#\/schema\/logo\/image\/","url":"https:\/\/nuevo-renacer.com\/wp-content\/uploads\/2024\/05\/cropped-LOGO-TERMINADO1-3-3.png","contentUrl":"https:\/\/nuevo-renacer.com\/wp-content\/uploads\/2024\/05\/cropped-LOGO-TERMINADO1-3-3.png","width":512,"height":512,"caption":"UFEC"},"image":{"@id":"https:\/\/nuevo-renacer.com\/#\/schema\/logo\/image\/"},"sameAs":["https:\/\/www.facebook.com\/groups\/3431398063740829"]}]}},"uagb_featured_image_src":{"full":false,"thumbnail":false,"medium":false,"medium_large":false,"large":false,"1536x1536":false,"2048x2048":false,"trp-custom-language-flag":false},"uagb_author_info":{"display_name":"adbv0","author_link":"https:\/\/nuevo-renacer.com\/it\/author\/adbv0\/"},"uagb_comment_info":0,"uagb_excerpt":"Edgard Pereira Armond Edgard Pereira Armond naci\u00f3 el 14 de junio de 1894 en Guaratinguet\u00e1 (Brasil), en el valle del Para\u00edba. De familia humilde, a los 21 a\u00f1os Armond ingres\u00f3 en la Fuerza P\u00fablica de S\u00e3o Paulo, donde inici\u00f3 la carrera que le dar\u00eda el t\u00edtulo por el que a\u00fan hoy se le conoce: \u00abComandante\u00bb.&hellip;","jetpack_sharing_enabled":true,"_links":{"self":[{"href":"https:\/\/nuevo-renacer.com\/it\/wp-json\/wp\/v2\/pages\/6159","targetHints":{"allow":["GET"]}}],"collection":[{"href":"https:\/\/nuevo-renacer.com\/it\/wp-json\/wp\/v2\/pages"}],"about":[{"href":"https:\/\/nuevo-renacer.com\/it\/wp-json\/wp\/v2\/types\/page"}],"author":[{"embeddable":true,"href":"https:\/\/nuevo-renacer.com\/it\/wp-json\/wp\/v2\/users\/1"}],"replies":[{"embeddable":true,"href":"https:\/\/nuevo-renacer.com\/it\/wp-json\/wp\/v2\/comments?post=6159"}],"version-history":[{"count":7,"href":"https:\/\/nuevo-renacer.com\/it\/wp-json\/wp\/v2\/pages\/6159\/revisions"}],"predecessor-version":[{"id":6175,"href":"https:\/\/nuevo-renacer.com\/it\/wp-json\/wp\/v2\/pages\/6159\/revisions\/6175"}],"wp:attachment":[{"href":"https:\/\/nuevo-renacer.com\/it\/wp-json\/wp\/v2\/media?parent=6159"}],"curies":[{"name":"wp","href":"https:\/\/api.w.org\/{rel}","templated":true}]}}