{"id":5913,"date":"2024-11-08T08:52:48","date_gmt":"2024-11-08T08:52:48","guid":{"rendered":"https:\/\/nuevo-renacer.com\/?page_id=5913"},"modified":"2024-11-08T08:54:25","modified_gmt":"2024-11-08T08:54:25","slug":"humberto-mariotti","status":"publish","type":"page","link":"https:\/\/nuevo-renacer.com\/it\/humberto-mariotti\/","title":{"rendered":"Humberto Mariotti"},"content":{"rendered":"<div class=\"wp-block-uagb-container uagb-block-b050fb4c alignfull uagb-is-root-container\"><div class=\"uagb-container-inner-blocks-wrap\">\n<p class=\"has-black-color has-text-color has-link-color has-medium-font-size wp-elements-7f1899729acca61d14ade6ef6da7a302\"><strong>Humberto Mariotti<\/strong><\/p>\n<\/div><\/div>\n\n\n\n<div class=\"wp-block-uagb-container uagb-block-a988bfa0 alignfull uagb-is-root-container\"><div class=\"uagb-container-inner-blocks-wrap\">\n<figure class=\"wp-block-image size-full is-resized\"><img fetchpriority=\"high\" decoding=\"async\" width=\"239\" height=\"224\" src=\"https:\/\/nuevo-renacer.com\/wp-content\/uploads\/2024\/11\/Screenshot-214.png\" alt=\"\" class=\"wp-image-5916\" style=\"width:262px;height:auto\" srcset=\"https:\/\/nuevo-renacer.com\/wp-content\/uploads\/2024\/11\/Screenshot-214.png 239w, https:\/\/nuevo-renacer.com\/wp-content\/uploads\/2024\/11\/Screenshot-214-13x12.png 13w\" sizes=\"(max-width: 239px) 100vw, 239px\" \/><\/figure>\n<\/div><\/div>\n\n\n\n<div class=\"wp-block-uagb-container uagb-block-352ed2aa alignfull uagb-is-root-container\"><div class=\"uagb-container-inner-blocks-wrap\">\n<p class=\"has-black-color has-text-color has-link-color has-small-font-size wp-elements-87ab41d81570a04598a1f3330b36e0f2\">Naci\u00f3 Humberto Mariotti el 11 de junio de 1905 en la ciudad de Z\u00e1rate (a orillas del r\u00edo Paran\u00e1), Buenos Aires, Argentina. Fueron sus padres Nicol\u00e1s Mariotti y Julia del R\u00e9, inmigrantes italianos provenientes de la provincia de Bari, situada en la zona peninsular de Italia; quienes se dedicaron como tantos compatriotas al cultivo de la tierra y la crianza de animales.<\/p>\n\n\n\n<p class=\"has-black-color has-text-color has-link-color has-small-font-size wp-elements-d6aa3c42beb57179714cacd0edc36d01\">Fue el segundo de cinco hermanos: Domingo, el mayor; Olimpia, Amadeo y Mar\u00eda (Maruca) los cuales compartieron con \u00e9l las ideas de la Doctrina Esp\u00edrita. Formaron hogares donde el estudio del espiritismo y las practicas medi\u00famnicas eran desarrolladas por varios de sus integrantes, puesto que Mar\u00eda fue la esposa de Santiago A. Bossero, distinguido escritor y orador. Madre de tres hijos esp\u00edritas tambi\u00e9n, emparentada con Antonio Melo, militante de la Confederaci\u00f3n Esp\u00edrita Argentina y de la Sociedad La Fraternidad a trav\u00e9s del matrimonio de su hija Elma con Ernesto Melo, hermano de Antonio, y socio de la misma instituci\u00f3n, y por ultimo Amadeo que, sin tener participaci\u00f3n activa, public\u00f3 en varias oportunidades poemas en diversas revistas esp\u00edritas, entre ellas, Constancia.<\/p>\n\n\n\n<p class=\"has-black-color has-text-color has-link-color has-small-font-size wp-elements-6a4fd981a092fdb9972c63046f271aac\">Con referencia a sus estudios, diremos que curs\u00f3 hasta el cuarto grado de la escuela primaria, ya que por razones econ\u00f3micas sus padres debieron interrumpirle los mismos. A pesar de ello su infancia transcurri\u00f3 \u00e1vida de conocimientos y de invenciones tratando de descubrir los misterios de la salvaje naturaleza que conforman las barrancas producidas en la tierra por las corrientes continuas de las aguas del r\u00edo Paran\u00e1 y que fueron una constante en su poes\u00eda intimista. Ah\u00ed, en ese entorno, su mente dispuesta a la aventura y amante de todo lo desconocido, imagin\u00f3 y organiz\u00f3 con amigos de su edad, un \u201cejercito libertador\u201d semejante al del General Don Jos\u00e9 de San Mart\u00edn (por quien pose\u00eda una entra\u00f1able admiraci\u00f3n), y cuyo jefe, sin lugar a duda, fue \u00e9l.<\/p>\n\n\n\n<p class=\"has-black-color has-text-color has-link-color has-small-font-size wp-elements-c3521dc52bc245ab4a452123ae4c8257\">Como vemos, estos juegos infantiles, ya iban perfilando en Mariotti su futura personalidad de militante activo y din\u00e1mico de un movimiento progresista y de avanzada como lo fue, lo es y ser\u00e1 el del Ideal Esp\u00edrita.<\/p>\n\n\n\n<p class=\"has-black-color has-text-color has-link-color has-medium-font-size wp-elements-f4308686b7be345a14d6147efe514cb2\"><strong>Sus comienzos en la militancia esp\u00edrita<\/strong><\/p>\n\n\n\n<p class=\"has-black-color has-text-color has-link-color has-small-font-size wp-elements-2e534cee5b9bda95c09c7576aca5021f\">Y los a\u00f1os contin\u00faan\u2026 y en 1925, contando ya con 18 a\u00f1os, se produce un hecho trascendente para su existencia. Jos\u00e9 Grillo, \u00edntimo amigo de la familia y asiduo concurrente al Centro Espiritualista Luz, Caridad y Progreso, de la calle Gral. Paz 310, de Z\u00e1rate, impresionado por la facilidad con que el joven asimilaba los temas de la filosof\u00eda y metaf\u00edsica le prest\u00f3 un libro. Pero este no fue como tantos otros, puesto que conten\u00eda en s\u00ed los principios de una doctrina que transpon\u00eda los umbrales de lo humano para llegar al Mundo del Esp\u00edritu: El Libro de los Esp\u00edritus de Allan Kardec, editado en Barcelona, Espa\u00f1a, en 1904, era el ejemplar que Jos\u00e9 Grillo prest\u00f3 a Humberto Mariotti. Leerlo y \u201cenamorarse\u201d de su contenido, de sus ideas, en fin de su Doctrina no fue casual; \u00e9l deb\u00eda conocer ese libro porque a partir de ese d\u00eda penetrar\u00eda en el realismo del Mundo Espiritual del cual no se apartar\u00eda jam\u00e1s.<\/p>\n\n\n\n<p class=\"has-black-color has-text-color has-link-color has-small-font-size wp-elements-177aa73a2c705802e2a8d4375a4980c0\">De su existencia terrenal solo dieciocho a\u00f1os no fueron vividos para la Doctrina Esp\u00edrita, ya que sus cincuenta y nueve restantes los dedic\u00f3 con amor y inter\u00e9s a trav\u00e9s de libros, conferencias, poemas etc\u00e9tera, a la pr\u00e1ctica del Ideal que fue su Todo: el Espiritismo de Allan Kardec.<\/p>\n\n\n\n<p class=\"has-black-color has-text-color has-link-color has-small-font-size wp-elements-dc8a061160251d3c392e8ddb67909972\">En el a\u00f1o 1926 siempre en Z\u00e1rate y ya consustanciado con el Espiritismo, en un febril impulso juvenil escribe en forma manuscrita dos carillas sobre temas esp\u00edritas, a las que titula Revista Amor y Estudio, informando a sus lectores que pr\u00f3ximamente aparecer\u00eda impresa.<\/p>\n\n\n\n<p class=\"has-black-color has-text-color has-link-color has-small-font-size wp-elements-4b4fa10990c16cd9b9ee61cc66fa65bf\">Alrededor de 1929 la familia se traslada a la Capital Federal y estudia y trabaja durante algunos a\u00f1os como Id\u00f3neo en Veterinaria en el desaparecido Frigor\u00edfico Anglo de Avellaneda. Simult\u00e1neamente se inicia en las actividades doctrinarias en la Sociedad Camilo Flammarion donde conoce a Luis Di Crist\u00f3foro Postiglioni, tambi\u00e9n destacado militante esp\u00edrita. A\u00f1os despu\u00e9s ingresa a la Sociedad V\u00edctor Hugo desarrollando en ella trabajos medi\u00famnicos, de investigaci\u00f3n, etc\u00e9tera.<\/p>\n\n\n\n<p class=\"has-black-color has-text-color has-link-color has-medium-font-size wp-elements-2e25684650e0975111d2aa8d0ef0d25e\"><strong>Hechos Fundamentales de su Actividad Esp\u00edrita<\/strong><\/p>\n\n\n\n<p class=\"has-black-color has-text-color has-link-color has-small-font-size wp-elements-36c84bd89131618681f098c78e47261c\">Del 1 a 10 de septiembre de 1934, junto con ese gran luchador que fuera Manuel S. Porteiro, concurren como delegados de la Argentina al V Congreso Esp\u00edrita Internacional realizado en Barcelona, Espa\u00f1a, donde presentaron y defendieron ardorosamente la Memoria de la Confederaci\u00f3n Espiritista Argentina, ya que en ella se propon\u00eda, entre otros puntos, \u201cuna mayor capacidad y desprejuiciamiento para la comprensi\u00f3n de los fen\u00f3menos y problemas sociales, que reclaman de los espiritistas un mayor conocimiento objetivo y una actividad franca y decidida que oriente su finalidad social y encauce la acci\u00f3n y la propaganda de acuerdo con la esencia de la moral esp\u00edrita, que Kardec condens\u00f3 en estos tres postulados: Libertad, Igualdad y Fraternidad\u201d, etc\u00e9tera. Constituy\u00f3, tanto para Mariotti como para Porteiro, la participaci\u00f3n en este evento esp\u00edrita internacional, un hecho de relevancia para sus futuras actuaciones doctrinarias al poder relacionarse con esp\u00edritas de renombre mundial. Los d\u00edas vividos en Barcelona fueron recordados por ambos en muchas oportunidades, ya sea a trav\u00e9s de escritos o de conferencias con profundo sentimiento.<\/p>\n\n\n\n<p class=\"has-black-color has-text-color has-link-color has-small-font-size wp-elements-0ee5ee17f2afb5fd44d797ee5c186791\">Fue nombrado Presidente de la Confederaci\u00f3n Espiritista Argentina en dos oportunidades, en 1936 y en 1966. En su primera presidencia, entre otros asuntos, se destaca el env\u00edo de una Carta Abierta al Jefe de la Polic\u00eda de la Provincia de Buenos Aires, se\u00f1or Casas Peralta en relaci\u00f3n a \u201cpracticas absurdas, como ser arte adivinatorio, explotaci\u00f3n curanderil, arreglos de casamientos, tarifas para las consultas que se efect\u00faen\u201d, etc\u00e9tera, advirtiendo a dicha repartici\u00f3n que \u201cla Confederaci\u00f3n Espiritista Argentina es una instituci\u00f3n que agrupa en su seno m\u00e1s de treinta sociedades legalmente constituidas, y que vela por el prestigio de una doctrina superior, como lo es la Doctrina Esp\u00edrita\u201d. As\u00ed fue, desde muy joven, el temperamento de Mariotti: Apasionado defensor de los aut\u00e9nticos principios y pr\u00e1cticas de las ideas kardecianas.<\/p>\n\n\n\n<p class=\"has-black-color has-text-color has-link-color has-small-font-size wp-elements-bbbfcb93c0a208da3941f415ff40c80e\">Y su militancia esp\u00edrita contin\u00faa, pero tambi\u00e9n llega a su vida el amor\u2026 Era integrante de la Federaci\u00f3n Juvenil Espiritista Argentina una joven inquieta y emprendedora de nombre Ana Huici, que por extra\u00f1a \u201ccausalidad\u201d estaba emparentada con Do\u00f1a Aurora G\u00e1lvez, fundadora de la sociedad V\u00edctor Hugo. A trav\u00e9s de sucesivos encuentros en reuniones campestres, conciertos, actos culturales se fueron revelando en ellos afinidades y sentimientos que culminaron con la uni\u00f3n de ambos el 22 de diciembre de 1937. De la misma, naci\u00f3 su \u00fanica hija, Hebe Iris.<\/p>\n\n\n\n<p class=\"has-black-color has-text-color has-link-color has-small-font-size wp-elements-c7b8c6abc18fecb03d0a97b29bbcf8f6\">Ese hogar cimentado en el cari\u00f1o, el compa\u00f1erismo y por sobre todo en el amor a la luz del Espiritismo fue testigo de innumerables reuniones doctrinarias de las que surgieron y organizaron asambleas y congresos esp\u00edritas y espiritualistas nacionales e internacionales como lo fueron la Confederaci\u00f3n Esp\u00edrita Panamericana (CEPA); el Congreso Internacional para el estudio de la Reencarnaci\u00f3n; el Movimiento por la Fraternidad Universal y tantos otros.<\/p>\n\n\n\n<p class=\"has-black-color has-text-color has-link-color has-small-font-size wp-elements-5b14338e3346841803ec60b0aff10d83\">Humberto y Anita Mariotti vivieron 45 a\u00f1os juntos, unidos por su amor y por el servicio que ambos ofrecieron al Ideal del cual no se apartaron nunca. Ella fue la compa\u00f1era constante de un hombre que dedic\u00f3 su existencia a la difusi\u00f3n de una doctrina y \u00e9l constituyo para ella el apoyo espiritual de un ser \u00e1vido de ense\u00f1anza y pensamientos que traspasaban el realismo material.<\/p>\n\n\n\n<p class=\"has-black-color has-text-color has-link-color has-small-font-size wp-elements-97e7dec8f62a7eace61fcd73bef2cccd\">Mariotti falleci\u00f3 el 17 de mayo de 1982 en Argentina.<\/p>\n<\/div><\/div>\n\n\n\n<div class=\"wp-block-uagb-container uagb-block-b6f718db alignfull uagb-is-root-container\"><div class=\"uagb-container-inner-blocks-wrap\"><\/div><\/div>\n\n\n\n<div class=\"wp-block-uagb-container uagb-block-bc2fd7a7 alignfull uagb-is-root-container\"><div class=\"uagb-container-inner-blocks-wrap\"><\/div><\/div>","protected":false},"excerpt":{"rendered":"<p>Humberto Mariotti Naci\u00f3 Humberto Mariotti el 11 de junio de 1905 en la ciudad de Z\u00e1rate (a orillas del r\u00edo Paran\u00e1), Buenos Aires, Argentina. Fueron sus padres Nicol\u00e1s Mariotti y Julia del R\u00e9, inmigrantes italianos provenientes de la provincia de Bari, situada en la zona peninsular de Italia; quienes se dedicaron como tantos compatriotas al [&hellip;]<\/p>","protected":false},"author":1,"featured_media":0,"parent":0,"menu_order":0,"comment_status":"closed","ping_status":"closed","template":"","meta":{"_uag_custom_page_level_css":"","site-sidebar-layout":"default","site-content-layout":"","ast-site-content-layout":"default","site-content-style":"default","site-sidebar-style":"default","ast-global-header-display":"","ast-banner-title-visibility":"","ast-main-header-display":"","ast-hfb-above-header-display":"","ast-hfb-below-header-display":"","ast-hfb-mobile-header-display":"","site-post-title":"disabled","ast-breadcrumbs-content":"","ast-featured-img":"","footer-sml-layout":"","theme-transparent-header-meta":"","adv-header-id-meta":"","stick-header-meta":"","header-above-stick-meta":"","header-main-stick-meta":"","header-below-stick-meta":"","astra-migrate-meta-layouts":"set","ast-page-background-enabled":"default","ast-page-background-meta":{"desktop":{"background-color":"var(--ast-global-color-4)","background-image":"","background-repeat":"repeat","background-position":"center center","background-size":"auto","background-attachment":"scroll","background-type":"","background-media":"","overlay-type":"","overlay-color":"","overlay-opacity":"","overlay-gradient":""},"tablet":{"background-color":"","background-image":"","background-repeat":"repeat","background-position":"center center","background-size":"auto","background-attachment":"scroll","background-type":"","background-media":"","overlay-type":"","overlay-color":"","overlay-opacity":"","overlay-gradient":""},"mobile":{"background-color":"","background-image":"","background-repeat":"repeat","background-position":"center center","background-size":"auto","background-attachment":"scroll","background-type":"","background-media":"","overlay-type":"","overlay-color":"","overlay-opacity":"","overlay-gradient":""}},"ast-content-background-meta":{"desktop":{"background-color":"var(--ast-global-color-5)","background-image":"","background-repeat":"repeat","background-position":"center center","background-size":"auto","background-attachment":"scroll","background-type":"","background-media":"","overlay-type":"","overlay-color":"","overlay-opacity":"","overlay-gradient":""},"tablet":{"background-color":"var(--ast-global-color-5)","background-image":"","background-repeat":"repeat","background-position":"center center","background-size":"auto","background-attachment":"scroll","background-type":"","background-media":"","overlay-type":"","overlay-color":"","overlay-opacity":"","overlay-gradient":""},"mobile":{"background-color":"var(--ast-global-color-5)","background-image":"","background-repeat":"repeat","background-position":"center center","background-size":"auto","background-attachment":"scroll","background-type":"","background-media":"","overlay-type":"","overlay-color":"","overlay-opacity":"","overlay-gradient":""}},"footnotes":""},"class_list":["post-5913","page","type-page","status-publish","hentry"],"yoast_head":"<!-- This site is optimized with the Yoast SEO Premium plugin v24.2 (Yoast SEO v24.6) - https:\/\/yoast.com\/wordpress\/plugins\/seo\/ -->\n<title>Humberto Mariotti - Uni\u00f3n Esp\u00edrita<\/title>\n<meta name=\"robots\" content=\"index, follow, max-snippet:-1, max-image-preview:large, max-video-preview:-1\" \/>\n<link rel=\"canonical\" href=\"https:\/\/nuevo-renacer.com\/it\/humberto-mariotti\/\" \/>\n<meta property=\"og:locale\" content=\"it_IT\" \/>\n<meta property=\"og:type\" content=\"article\" \/>\n<meta property=\"og:title\" content=\"Humberto Mariotti\" \/>\n<meta property=\"og:description\" content=\"Humberto Mariotti Naci\u00f3 Humberto Mariotti el 11 de junio de 1905 en la ciudad de Z\u00e1rate (a orillas del r\u00edo Paran\u00e1), Buenos Aires, Argentina. Fueron sus padres Nicol\u00e1s Mariotti y Julia del R\u00e9, inmigrantes italianos provenientes de la provincia de Bari, situada en la zona peninsular de Italia; quienes se dedicaron como tantos compatriotas al [&hellip;]\" \/>\n<meta property=\"og:url\" content=\"https:\/\/nuevo-renacer.com\/it\/humberto-mariotti\/\" \/>\n<meta property=\"og:site_name\" content=\"Uni\u00f3n Esp\u00edrita\" \/>\n<meta property=\"article:publisher\" content=\"https:\/\/www.facebook.com\/groups\/3431398063740829\" \/>\n<meta property=\"article:modified_time\" content=\"2024-11-08T08:54:25+00:00\" \/>\n<meta property=\"og:image\" content=\"https:\/\/nuevo-renacer.com\/wp-content\/uploads\/2024\/11\/Screenshot-214.png\" \/>\n\t<meta property=\"og:image:width\" content=\"239\" \/>\n\t<meta property=\"og:image:height\" content=\"224\" \/>\n\t<meta property=\"og:image:type\" content=\"image\/png\" \/>\n<meta name=\"twitter:card\" content=\"summary_large_image\" \/>\n<meta name=\"twitter:label1\" content=\"Tempo di lettura stimato\" \/>\n\t<meta name=\"twitter:data1\" content=\"7 minuti\" \/>\n<script type=\"application\/ld+json\" class=\"yoast-schema-graph\">{\"@context\":\"https:\/\/schema.org\",\"@graph\":[{\"@type\":\"WebPage\",\"@id\":\"https:\/\/nuevo-renacer.com\/fr\/humberto-mariotti\/\",\"url\":\"https:\/\/nuevo-renacer.com\/fr\/humberto-mariotti\/\",\"name\":\"Humberto Mariotti - Uni\u00f3n Esp\u00edrita\",\"isPartOf\":{\"@id\":\"https:\/\/nuevo-renacer.com\/#website\"},\"primaryImageOfPage\":{\"@id\":\"https:\/\/nuevo-renacer.com\/fr\/humberto-mariotti\/#primaryimage\"},\"image\":{\"@id\":\"https:\/\/nuevo-renacer.com\/fr\/humberto-mariotti\/#primaryimage\"},\"thumbnailUrl\":\"https:\/\/nuevo-renacer.com\/wp-content\/uploads\/2024\/11\/Screenshot-214.png\",\"datePublished\":\"2024-11-08T08:52:48+00:00\",\"dateModified\":\"2024-11-08T08:54:25+00:00\",\"breadcrumb\":{\"@id\":\"https:\/\/nuevo-renacer.com\/fr\/humberto-mariotti\/#breadcrumb\"},\"inLanguage\":\"it-IT\",\"potentialAction\":[{\"@type\":\"ReadAction\",\"target\":[\"https:\/\/nuevo-renacer.com\/fr\/humberto-mariotti\/\"]}]},{\"@type\":\"ImageObject\",\"inLanguage\":\"it-IT\",\"@id\":\"https:\/\/nuevo-renacer.com\/fr\/humberto-mariotti\/#primaryimage\",\"url\":\"https:\/\/nuevo-renacer.com\/wp-content\/uploads\/2024\/11\/Screenshot-214.png\",\"contentUrl\":\"https:\/\/nuevo-renacer.com\/wp-content\/uploads\/2024\/11\/Screenshot-214.png\"},{\"@type\":\"BreadcrumbList\",\"@id\":\"https:\/\/nuevo-renacer.com\/fr\/humberto-mariotti\/#breadcrumb\",\"itemListElement\":[{\"@type\":\"ListItem\",\"position\":1,\"name\":\"Startseite\",\"item\":\"https:\/\/nuevo-renacer.com\/\"},{\"@type\":\"ListItem\",\"position\":2,\"name\":\"Humberto Mariotti\"}]},{\"@type\":\"WebSite\",\"@id\":\"https:\/\/nuevo-renacer.com\/#website\",\"url\":\"https:\/\/nuevo-renacer.com\/\",\"name\":\"Uni\u00f3n Esp\u00edrita\",\"description\":\"Nuevo Renacer\",\"publisher\":{\"@id\":\"https:\/\/nuevo-renacer.com\/#organization\"},\"potentialAction\":[{\"@type\":\"SearchAction\",\"target\":{\"@type\":\"EntryPoint\",\"urlTemplate\":\"https:\/\/nuevo-renacer.com\/?s={search_term_string}\"},\"query-input\":{\"@type\":\"PropertyValueSpecification\",\"valueRequired\":true,\"valueName\":\"search_term_string\"}}],\"inLanguage\":\"it-IT\"},{\"@type\":\"Organization\",\"@id\":\"https:\/\/nuevo-renacer.com\/#organization\",\"name\":\"UFEC\",\"url\":\"https:\/\/nuevo-renacer.com\/\",\"logo\":{\"@type\":\"ImageObject\",\"inLanguage\":\"it-IT\",\"@id\":\"https:\/\/nuevo-renacer.com\/#\/schema\/logo\/image\/\",\"url\":\"https:\/\/nuevo-renacer.com\/wp-content\/uploads\/2024\/05\/cropped-LOGO-TERMINADO1-3-3.png\",\"contentUrl\":\"https:\/\/nuevo-renacer.com\/wp-content\/uploads\/2024\/05\/cropped-LOGO-TERMINADO1-3-3.png\",\"width\":512,\"height\":512,\"caption\":\"UFEC\"},\"image\":{\"@id\":\"https:\/\/nuevo-renacer.com\/#\/schema\/logo\/image\/\"},\"sameAs\":[\"https:\/\/www.facebook.com\/groups\/3431398063740829\"]}]}<\/script>\n<!-- \/ Yoast SEO Premium plugin. -->","yoast_head_json":{"title":"Humberto Mariotti - Uni\u00f3n Esp\u00edrita","robots":{"index":"index","follow":"follow","max-snippet":"max-snippet:-1","max-image-preview":"max-image-preview:large","max-video-preview":"max-video-preview:-1"},"canonical":"https:\/\/nuevo-renacer.com\/it\/humberto-mariotti\/","og_locale":"it_IT","og_type":"article","og_title":"Humberto Mariotti","og_description":"Humberto Mariotti Naci\u00f3 Humberto Mariotti el 11 de junio de 1905 en la ciudad de Z\u00e1rate (a orillas del r\u00edo Paran\u00e1), Buenos Aires, Argentina. Fueron sus padres Nicol\u00e1s Mariotti y Julia del R\u00e9, inmigrantes italianos provenientes de la provincia de Bari, situada en la zona peninsular de Italia; quienes se dedicaron como tantos compatriotas al [&hellip;]","og_url":"https:\/\/nuevo-renacer.com\/it\/humberto-mariotti\/","og_site_name":"Uni\u00f3n Esp\u00edrita","article_publisher":"https:\/\/www.facebook.com\/groups\/3431398063740829","article_modified_time":"2024-11-08T08:54:25+00:00","og_image":[{"width":239,"height":224,"url":"https:\/\/nuevo-renacer.com\/wp-content\/uploads\/2024\/11\/Screenshot-214.png","type":"image\/png"}],"twitter_card":"summary_large_image","twitter_misc":{"Tempo di lettura stimato":"7 minuti"},"schema":{"@context":"https:\/\/schema.org","@graph":[{"@type":"WebPage","@id":"https:\/\/nuevo-renacer.com\/fr\/humberto-mariotti\/","url":"https:\/\/nuevo-renacer.com\/fr\/humberto-mariotti\/","name":"Humberto Mariotti - Uni\u00f3n Esp\u00edrita","isPartOf":{"@id":"https:\/\/nuevo-renacer.com\/#website"},"primaryImageOfPage":{"@id":"https:\/\/nuevo-renacer.com\/fr\/humberto-mariotti\/#primaryimage"},"image":{"@id":"https:\/\/nuevo-renacer.com\/fr\/humberto-mariotti\/#primaryimage"},"thumbnailUrl":"https:\/\/nuevo-renacer.com\/wp-content\/uploads\/2024\/11\/Screenshot-214.png","datePublished":"2024-11-08T08:52:48+00:00","dateModified":"2024-11-08T08:54:25+00:00","breadcrumb":{"@id":"https:\/\/nuevo-renacer.com\/fr\/humberto-mariotti\/#breadcrumb"},"inLanguage":"it-IT","potentialAction":[{"@type":"ReadAction","target":["https:\/\/nuevo-renacer.com\/fr\/humberto-mariotti\/"]}]},{"@type":"ImageObject","inLanguage":"it-IT","@id":"https:\/\/nuevo-renacer.com\/fr\/humberto-mariotti\/#primaryimage","url":"https:\/\/nuevo-renacer.com\/wp-content\/uploads\/2024\/11\/Screenshot-214.png","contentUrl":"https:\/\/nuevo-renacer.com\/wp-content\/uploads\/2024\/11\/Screenshot-214.png"},{"@type":"BreadcrumbList","@id":"https:\/\/nuevo-renacer.com\/fr\/humberto-mariotti\/#breadcrumb","itemListElement":[{"@type":"ListItem","position":1,"name":"Startseite","item":"https:\/\/nuevo-renacer.com\/"},{"@type":"ListItem","position":2,"name":"Humberto Mariotti"}]},{"@type":"WebSite","@id":"https:\/\/nuevo-renacer.com\/#website","url":"https:\/\/nuevo-renacer.com\/","name":"Uni\u00f3n Esp\u00edrita","description":"Nuevo Renacer","publisher":{"@id":"https:\/\/nuevo-renacer.com\/#organization"},"potentialAction":[{"@type":"SearchAction","target":{"@type":"EntryPoint","urlTemplate":"https:\/\/nuevo-renacer.com\/?s={search_term_string}"},"query-input":{"@type":"PropertyValueSpecification","valueRequired":true,"valueName":"search_term_string"}}],"inLanguage":"it-IT"},{"@type":"Organization","@id":"https:\/\/nuevo-renacer.com\/#organization","name":"UFEC","url":"https:\/\/nuevo-renacer.com\/","logo":{"@type":"ImageObject","inLanguage":"it-IT","@id":"https:\/\/nuevo-renacer.com\/#\/schema\/logo\/image\/","url":"https:\/\/nuevo-renacer.com\/wp-content\/uploads\/2024\/05\/cropped-LOGO-TERMINADO1-3-3.png","contentUrl":"https:\/\/nuevo-renacer.com\/wp-content\/uploads\/2024\/05\/cropped-LOGO-TERMINADO1-3-3.png","width":512,"height":512,"caption":"UFEC"},"image":{"@id":"https:\/\/nuevo-renacer.com\/#\/schema\/logo\/image\/"},"sameAs":["https:\/\/www.facebook.com\/groups\/3431398063740829"]}]}},"uagb_featured_image_src":{"full":false,"thumbnail":false,"medium":false,"medium_large":false,"large":false,"1536x1536":false,"2048x2048":false,"trp-custom-language-flag":false},"uagb_author_info":{"display_name":"adbv0","author_link":"https:\/\/nuevo-renacer.com\/it\/author\/adbv0\/"},"uagb_comment_info":0,"uagb_excerpt":"Humberto Mariotti Naci\u00f3 Humberto Mariotti el 11 de junio de 1905 en la ciudad de Z\u00e1rate (a orillas del r\u00edo Paran\u00e1), Buenos Aires, Argentina. Fueron sus padres Nicol\u00e1s Mariotti y Julia del R\u00e9, inmigrantes italianos provenientes de la provincia de Bari, situada en la zona peninsular de Italia; quienes se dedicaron como tantos compatriotas al&hellip;","jetpack_sharing_enabled":true,"_links":{"self":[{"href":"https:\/\/nuevo-renacer.com\/it\/wp-json\/wp\/v2\/pages\/5913","targetHints":{"allow":["GET"]}}],"collection":[{"href":"https:\/\/nuevo-renacer.com\/it\/wp-json\/wp\/v2\/pages"}],"about":[{"href":"https:\/\/nuevo-renacer.com\/it\/wp-json\/wp\/v2\/types\/page"}],"author":[{"embeddable":true,"href":"https:\/\/nuevo-renacer.com\/it\/wp-json\/wp\/v2\/users\/1"}],"replies":[{"embeddable":true,"href":"https:\/\/nuevo-renacer.com\/it\/wp-json\/wp\/v2\/comments?post=5913"}],"version-history":[{"count":2,"href":"https:\/\/nuevo-renacer.com\/it\/wp-json\/wp\/v2\/pages\/5913\/revisions"}],"predecessor-version":[{"id":5917,"href":"https:\/\/nuevo-renacer.com\/it\/wp-json\/wp\/v2\/pages\/5913\/revisions\/5917"}],"wp:attachment":[{"href":"https:\/\/nuevo-renacer.com\/it\/wp-json\/wp\/v2\/media?parent=5913"}],"curies":[{"name":"wp","href":"https:\/\/api.w.org\/{rel}","templated":true}]}}