{"id":5905,"date":"2024-11-08T08:16:59","date_gmt":"2024-11-08T08:16:59","guid":{"rendered":"https:\/\/nuevo-renacer.com\/?page_id=5905"},"modified":"2024-11-08T08:16:59","modified_gmt":"2024-11-08T08:16:59","slug":"joaquin-trincado","status":"publish","type":"page","link":"https:\/\/nuevo-renacer.com\/it\/joaquin-trincado\/","title":{"rendered":"Joaqu\u00edn Trincado"},"content":{"rendered":"<div class=\"wp-block-uagb-container uagb-block-7218de0b alignfull uagb-is-root-container\"><div class=\"uagb-container-inner-blocks-wrap\">\n<p class=\"has-black-color has-text-color has-link-color has-medium-font-size wp-elements-3e4d9456327a6949bf0e12fd6fc28000\"><strong>Joaqu\u00edn Trincado<\/strong><\/p>\n<\/div><\/div>\n\n\n\n<div class=\"wp-block-uagb-container uagb-block-5bcd8154 alignfull uagb-is-root-container\"><div class=\"uagb-container-inner-blocks-wrap\">\n<figure class=\"wp-block-image size-full is-resized\"><img fetchpriority=\"high\" decoding=\"async\" width=\"487\" height=\"572\" src=\"https:\/\/nuevo-renacer.com\/wp-content\/uploads\/2024\/11\/JOAQUIN-TRINCADO-MATEO.png\" alt=\"\" class=\"wp-image-5906\" style=\"width:228px;height:auto\" srcset=\"https:\/\/nuevo-renacer.com\/wp-content\/uploads\/2024\/11\/JOAQUIN-TRINCADO-MATEO.png 487w, https:\/\/nuevo-renacer.com\/wp-content\/uploads\/2024\/11\/JOAQUIN-TRINCADO-MATEO-255x300.png 255w, https:\/\/nuevo-renacer.com\/wp-content\/uploads\/2024\/11\/JOAQUIN-TRINCADO-MATEO-10x12.png 10w\" sizes=\"(max-width: 487px) 100vw, 487px\" \/><\/figure>\n<\/div><\/div>\n\n\n\n<div class=\"wp-block-uagb-container uagb-block-fa6d3e80 alignfull uagb-is-root-container\"><div class=\"uagb-container-inner-blocks-wrap\">\n<p class=\"has-black-color has-text-color has-link-color has-small-font-size wp-elements-ea9aa46b986731fb8c54c74849db83c4\">En el movimiento espiritista hispanoamericano, el nombre de Joaqu\u00edn Trincado es ampliamente conocido y respetado, tanto por su obra escrita como por el notable esfuerzo que realiz\u00f3 para divulgar los fundamentos del Espiritismo y colocarlos en sinton\u00eda con el progreso moral y social de la humanidad.<\/p>\n\n\n\n<p class=\"has-black-color has-text-color has-link-color has-small-font-size wp-elements-e01881a561abfec17713ca90a8d86af5\">Naci\u00f3 en Cintru\u00e9nigo, peque\u00f1a poblaci\u00f3n navarra, el 19 de agosto de 1866. Desde joven mostr\u00f3 inclinaci\u00f3n ideol\u00f3gica hacia las ideas liberales, republicanas y socialistas. Emigr\u00f3 a la Argentina en 1903 en donde ejerci\u00f3 su profesi\u00f3n de t\u00e9cnico electricista y vivi\u00f3 alternativamente etapas de prosperidad y dificultades. En Buenos Aires se casa con la Sra. Mercedes Riglos, con quien procrea tres hijos.<\/p>\n\n\n\n<p class=\"has-black-color has-text-color has-link-color has-small-font-size wp-elements-c8f814b86778381af5d714d0bf3234e9\">En 1909, conoci\u00f3 el Espiritismo en la Sociedad \u00abConstancia\u00bb, la m\u00e1s antigua de las instituciones esp\u00edritas argentinas, fundada en 1877. Al poco tiempo se mostr\u00f3 en desacuerdo con los criterios y orientaciones que all\u00ed imperaban y se dispuso a ordenar sus propias ideas, escribir libros y fundar una nueva organizaci\u00f3n espiritista. As\u00ed surgi\u00f3 en 1911, la \u00abEscuela Magn\u00e9tico espiritual de la Comuna Universal\u00bb, a cuyo crecimiento y consolidaci\u00f3n, se consagr\u00f3 en cuerpo y alma. Guiada por la recia y carism\u00e1tica personalidad de su fundador, la EMEC\u00dc alcanz\u00f3 notable repercusi\u00f3n en varios pa\u00edses de habla hispana, y sus aulas de estudios o C\u00e1tedras se organizaron con un alto sentido de m\u00edstica y disciplina. Demostrando una extraordinaria capacidad de trabajo, escribi\u00f3 numerosas obras, cuyos t\u00edtulos m\u00e1s conocidos son: \u00abBuscando a Dios\u00bb, \u00abEl Magnetismo en su origen o M\u00e9todo Supremo\u00bb, \u00abEl Espiritismo en su Asiento\u00bb, \u00abFilosof\u00eda Austera Racional\u00bb, \u00abCon\u00f3cete a ti Mismo\u00bb, etc&#8230;<\/p>\n\n\n\n<figure class=\"wp-block-image size-full is-resized\"><img decoding=\"async\" width=\"300\" height=\"248\" src=\"https:\/\/nuevo-renacer.com\/wp-content\/uploads\/2024\/11\/Logo-universal-300x248-1.jpg\" alt=\"\" class=\"wp-image-5908\" style=\"width:240px;height:auto\" srcset=\"https:\/\/nuevo-renacer.com\/wp-content\/uploads\/2024\/11\/Logo-universal-300x248-1.jpg 300w, https:\/\/nuevo-renacer.com\/wp-content\/uploads\/2024\/11\/Logo-universal-300x248-1-15x12.jpg 15w\" sizes=\"(max-width: 300px) 100vw, 300px\" \/><\/figure>\n\n\n\n<p class=\"has-black-color has-text-color has-link-color has-small-font-size wp-elements-e7e2cb49a58bfdd75d1e47379bceb77a\">La doctrina expuesta por Trincado concuerda con la filosof\u00eda espiritista codificada por Allan Kardec en el siglo XIX, en sus postulados b\u00e1sicos: existencia de Dios, preexistencia y supervivencia del esp\u00edritu, reencarnaci\u00f3n, comunicaci\u00f3n de los esp\u00edritus y la pluralidad de mundos habitados; aun cuando existen algunas diferencias sem\u00e1nticas y conceptuales entre ambas.<\/p>\n\n\n\n<p class=\"has-black-color has-text-color has-link-color has-small-font-size wp-elements-652a90ad415c134ad8520484ed3d5538\">Trincado coloc\u00f3 un \u00e9nfasis especial en deslindar al Espiritismo de cualquier tendencia religiosa; en combatir las pr\u00e1cticas curanderiles, supersticiosas y mercantilistas que, con demasiada frecuencia, se presentan en su nombre; y en otorgarle a la doctrina esp\u00edrita un sentido progresista en favor de la justicia y la igualdad social. Se manifest\u00f3 siempre y en forma contundente en pro de un Espiritismo racionalista y librepensador, enfrentado al dogmatismo y al clericalismo.<\/p>\n\n\n\n<p class=\"has-black-color has-text-color has-link-color has-small-font-size wp-elements-c9d7d233bea7e56189baac001bda1e9c\">En las p\u00e1ginas de la revista \u00abLa Balanza\u00bb que fund\u00f3 en 1933, y que circul\u00f3 con una periodicidad quincenal, hizo pronunciamientos en torno de los asuntos m\u00e1s inquietantes de su tiempo, declar\u00e1ndose partidario de la independencia de Puerto Rico, apoyando la gesta patri\u00f3tica de Augusto C\u00e9sar Sandino en Nicaragua, abogando por la uni\u00f3n de los pa\u00edses hisp\u00e1nicos, oponi\u00e9ndose a las guerras locales e internacionales, denunciando la voracidad capitalista y exigiendo satisfacci\u00f3n a las demandas b\u00e1sicas de los sectores humildes y preteridos de la sociedad. Atendiendo a sus ense\u00f1anzas que pregonan un igualitarismo econ\u00f3mico, sin propiedad privada ni clases sociales, se fundaron en Argentina, varias granjas comunales, dedicadas a la producci\u00f3n agropecuaria, las cuales disfrutaron de gran prosperidad en sus manos iniciales.<\/p>\n\n\n\n<div class=\"wp-block-uagb-container uagb-block-3a29bb7d\">\n<figure class=\"wp-block-image size-full is-resized\"><img decoding=\"async\" width=\"500\" height=\"389\" src=\"https:\/\/nuevo-renacer.com\/wp-content\/uploads\/2024\/11\/D_NQ_NP_728169-MLM51048119163_082022-O.webp\" alt=\"\" class=\"wp-image-5907\" style=\"width:249px;height:auto\" srcset=\"https:\/\/nuevo-renacer.com\/wp-content\/uploads\/2024\/11\/D_NQ_NP_728169-MLM51048119163_082022-O.webp 500w, https:\/\/nuevo-renacer.com\/wp-content\/uploads\/2024\/11\/D_NQ_NP_728169-MLM51048119163_082022-O-300x233.webp 300w, https:\/\/nuevo-renacer.com\/wp-content\/uploads\/2024\/11\/D_NQ_NP_728169-MLM51048119163_082022-O-15x12.webp 15w\" sizes=\"(max-width: 500px) 100vw, 500px\" \/><\/figure>\n<\/div>\n\n\n\n<p class=\"has-black-color has-text-color has-link-color has-small-font-size wp-elements-d8d15fa5a46503f613fc87cefed08830\">Afectado en los pulmones y el coraz\u00f3n, desencarn\u00f3 en su casa, en la capital argentina, el ilustre pensador y consecuente luchador espiritista, el 6 de diciembre de 1935.<\/p>\n<\/div><\/div>\n\n\n\n<div class=\"wp-block-uagb-container uagb-block-629318a7 alignfull uagb-is-root-container\"><div class=\"uagb-container-inner-blocks-wrap\"><\/div><\/div>\n\n\n\n<div class=\"wp-block-uagb-container uagb-block-c10c121b alignfull uagb-is-root-container\"><div class=\"uagb-container-inner-blocks-wrap\"><\/div><\/div>","protected":false},"excerpt":{"rendered":"<p>Joaqu\u00edn Trincado En el movimiento espiritista hispanoamericano, el nombre de Joaqu\u00edn Trincado es ampliamente conocido y respetado, tanto por su obra escrita como por el notable esfuerzo que realiz\u00f3 para divulgar los fundamentos del Espiritismo y colocarlos en sinton\u00eda con el progreso moral y social de la humanidad. Naci\u00f3 en Cintru\u00e9nigo, peque\u00f1a poblaci\u00f3n navarra, el [&hellip;]<\/p>","protected":false},"author":1,"featured_media":0,"parent":0,"menu_order":0,"comment_status":"closed","ping_status":"closed","template":"","meta":{"_uag_custom_page_level_css":"","site-sidebar-layout":"default","site-content-layout":"","ast-site-content-layout":"default","site-content-style":"default","site-sidebar-style":"default","ast-global-header-display":"","ast-banner-title-visibility":"","ast-main-header-display":"","ast-hfb-above-header-display":"","ast-hfb-below-header-display":"","ast-hfb-mobile-header-display":"","site-post-title":"disabled","ast-breadcrumbs-content":"","ast-featured-img":"","footer-sml-layout":"","theme-transparent-header-meta":"","adv-header-id-meta":"","stick-header-meta":"","header-above-stick-meta":"","header-main-stick-meta":"","header-below-stick-meta":"","astra-migrate-meta-layouts":"set","ast-page-background-enabled":"default","ast-page-background-meta":{"desktop":{"background-color":"var(--ast-global-color-4)","background-image":"","background-repeat":"repeat","background-position":"center center","background-size":"auto","background-attachment":"scroll","background-type":"","background-media":"","overlay-type":"","overlay-color":"","overlay-opacity":"","overlay-gradient":""},"tablet":{"background-color":"","background-image":"","background-repeat":"repeat","background-position":"center center","background-size":"auto","background-attachment":"scroll","background-type":"","background-media":"","overlay-type":"","overlay-color":"","overlay-opacity":"","overlay-gradient":""},"mobile":{"background-color":"","background-image":"","background-repeat":"repeat","background-position":"center center","background-size":"auto","background-attachment":"scroll","background-type":"","background-media":"","overlay-type":"","overlay-color":"","overlay-opacity":"","overlay-gradient":""}},"ast-content-background-meta":{"desktop":{"background-color":"var(--ast-global-color-5)","background-image":"","background-repeat":"repeat","background-position":"center center","background-size":"auto","background-attachment":"scroll","background-type":"","background-media":"","overlay-type":"","overlay-color":"","overlay-opacity":"","overlay-gradient":""},"tablet":{"background-color":"var(--ast-global-color-5)","background-image":"","background-repeat":"repeat","background-position":"center center","background-size":"auto","background-attachment":"scroll","background-type":"","background-media":"","overlay-type":"","overlay-color":"","overlay-opacity":"","overlay-gradient":""},"mobile":{"background-color":"var(--ast-global-color-5)","background-image":"","background-repeat":"repeat","background-position":"center center","background-size":"auto","background-attachment":"scroll","background-type":"","background-media":"","overlay-type":"","overlay-color":"","overlay-opacity":"","overlay-gradient":""}},"footnotes":""},"class_list":["post-5905","page","type-page","status-publish","hentry"],"yoast_head":"<!-- This site is optimized with the Yoast SEO Premium plugin v24.2 (Yoast SEO v24.6) - https:\/\/yoast.com\/wordpress\/plugins\/seo\/ -->\n<title>Joaqu\u00edn Trincado - Uni\u00f3n Esp\u00edrita<\/title>\n<meta name=\"robots\" content=\"index, follow, max-snippet:-1, max-image-preview:large, max-video-preview:-1\" \/>\n<link rel=\"canonical\" href=\"https:\/\/nuevo-renacer.com\/it\/joaquin-trincado\/\" \/>\n<meta property=\"og:locale\" content=\"it_IT\" \/>\n<meta property=\"og:type\" content=\"article\" \/>\n<meta property=\"og:title\" content=\"Joaqu\u00edn Trincado\" \/>\n<meta property=\"og:description\" content=\"Joaqu\u00edn Trincado En el movimiento espiritista hispanoamericano, el nombre de Joaqu\u00edn Trincado es ampliamente conocido y respetado, tanto por su obra escrita como por el notable esfuerzo que realiz\u00f3 para divulgar los fundamentos del Espiritismo y colocarlos en sinton\u00eda con el progreso moral y social de la humanidad. Naci\u00f3 en Cintru\u00e9nigo, peque\u00f1a poblaci\u00f3n navarra, el [&hellip;]\" \/>\n<meta property=\"og:url\" content=\"https:\/\/nuevo-renacer.com\/it\/joaquin-trincado\/\" \/>\n<meta property=\"og:site_name\" content=\"Uni\u00f3n Esp\u00edrita\" \/>\n<meta property=\"article:publisher\" content=\"https:\/\/www.facebook.com\/groups\/3431398063740829\" \/>\n<meta property=\"og:image\" content=\"https:\/\/nuevo-renacer.com\/wp-content\/uploads\/2024\/11\/JOAQUIN-TRINCADO-MATEO.png\" \/>\n\t<meta property=\"og:image:width\" content=\"487\" \/>\n\t<meta property=\"og:image:height\" content=\"572\" \/>\n\t<meta property=\"og:image:type\" content=\"image\/png\" \/>\n<meta name=\"twitter:card\" content=\"summary_large_image\" \/>\n<meta name=\"twitter:label1\" content=\"Tempo di lettura stimato\" \/>\n\t<meta name=\"twitter:data1\" content=\"3 minuti\" \/>\n<script type=\"application\/ld+json\" class=\"yoast-schema-graph\">{\"@context\":\"https:\/\/schema.org\",\"@graph\":[{\"@type\":\"WebPage\",\"@id\":\"https:\/\/nuevo-renacer.com\/de\/joaquin-trincado\/\",\"url\":\"https:\/\/nuevo-renacer.com\/de\/joaquin-trincado\/\",\"name\":\"Joaqu\u00edn Trincado - Uni\u00f3n Esp\u00edrita\",\"isPartOf\":{\"@id\":\"https:\/\/nuevo-renacer.com\/#website\"},\"primaryImageOfPage\":{\"@id\":\"https:\/\/nuevo-renacer.com\/de\/joaquin-trincado\/#primaryimage\"},\"image\":{\"@id\":\"https:\/\/nuevo-renacer.com\/de\/joaquin-trincado\/#primaryimage\"},\"thumbnailUrl\":\"https:\/\/nuevo-renacer.com\/wp-content\/uploads\/2024\/11\/JOAQUIN-TRINCADO-MATEO.png\",\"datePublished\":\"2024-11-08T08:16:59+00:00\",\"breadcrumb\":{\"@id\":\"https:\/\/nuevo-renacer.com\/de\/joaquin-trincado\/#breadcrumb\"},\"inLanguage\":\"it-IT\",\"potentialAction\":[{\"@type\":\"ReadAction\",\"target\":[\"https:\/\/nuevo-renacer.com\/de\/joaquin-trincado\/\"]}]},{\"@type\":\"ImageObject\",\"inLanguage\":\"it-IT\",\"@id\":\"https:\/\/nuevo-renacer.com\/de\/joaquin-trincado\/#primaryimage\",\"url\":\"https:\/\/nuevo-renacer.com\/wp-content\/uploads\/2024\/11\/JOAQUIN-TRINCADO-MATEO.png\",\"contentUrl\":\"https:\/\/nuevo-renacer.com\/wp-content\/uploads\/2024\/11\/JOAQUIN-TRINCADO-MATEO.png\"},{\"@type\":\"BreadcrumbList\",\"@id\":\"https:\/\/nuevo-renacer.com\/de\/joaquin-trincado\/#breadcrumb\",\"itemListElement\":[{\"@type\":\"ListItem\",\"position\":1,\"name\":\"Startseite\",\"item\":\"https:\/\/nuevo-renacer.com\/\"},{\"@type\":\"ListItem\",\"position\":2,\"name\":\"Joaqu\u00edn Trincado\"}]},{\"@type\":\"WebSite\",\"@id\":\"https:\/\/nuevo-renacer.com\/#website\",\"url\":\"https:\/\/nuevo-renacer.com\/\",\"name\":\"Uni\u00f3n Esp\u00edrita\",\"description\":\"Nuevo Renacer\",\"publisher\":{\"@id\":\"https:\/\/nuevo-renacer.com\/#organization\"},\"potentialAction\":[{\"@type\":\"SearchAction\",\"target\":{\"@type\":\"EntryPoint\",\"urlTemplate\":\"https:\/\/nuevo-renacer.com\/?s={search_term_string}\"},\"query-input\":{\"@type\":\"PropertyValueSpecification\",\"valueRequired\":true,\"valueName\":\"search_term_string\"}}],\"inLanguage\":\"it-IT\"},{\"@type\":\"Organization\",\"@id\":\"https:\/\/nuevo-renacer.com\/#organization\",\"name\":\"UFEC\",\"url\":\"https:\/\/nuevo-renacer.com\/\",\"logo\":{\"@type\":\"ImageObject\",\"inLanguage\":\"it-IT\",\"@id\":\"https:\/\/nuevo-renacer.com\/#\/schema\/logo\/image\/\",\"url\":\"https:\/\/nuevo-renacer.com\/wp-content\/uploads\/2024\/05\/cropped-LOGO-TERMINADO1-3-3.png\",\"contentUrl\":\"https:\/\/nuevo-renacer.com\/wp-content\/uploads\/2024\/05\/cropped-LOGO-TERMINADO1-3-3.png\",\"width\":512,\"height\":512,\"caption\":\"UFEC\"},\"image\":{\"@id\":\"https:\/\/nuevo-renacer.com\/#\/schema\/logo\/image\/\"},\"sameAs\":[\"https:\/\/www.facebook.com\/groups\/3431398063740829\"]}]}<\/script>\n<!-- \/ Yoast SEO Premium plugin. -->","yoast_head_json":{"title":"Joaqu\u00edn Trincado - Uni\u00f3n Esp\u00edrita","robots":{"index":"index","follow":"follow","max-snippet":"max-snippet:-1","max-image-preview":"max-image-preview:large","max-video-preview":"max-video-preview:-1"},"canonical":"https:\/\/nuevo-renacer.com\/it\/joaquin-trincado\/","og_locale":"it_IT","og_type":"article","og_title":"Joaqu\u00edn Trincado","og_description":"Joaqu\u00edn Trincado En el movimiento espiritista hispanoamericano, el nombre de Joaqu\u00edn Trincado es ampliamente conocido y respetado, tanto por su obra escrita como por el notable esfuerzo que realiz\u00f3 para divulgar los fundamentos del Espiritismo y colocarlos en sinton\u00eda con el progreso moral y social de la humanidad. Naci\u00f3 en Cintru\u00e9nigo, peque\u00f1a poblaci\u00f3n navarra, el [&hellip;]","og_url":"https:\/\/nuevo-renacer.com\/it\/joaquin-trincado\/","og_site_name":"Uni\u00f3n Esp\u00edrita","article_publisher":"https:\/\/www.facebook.com\/groups\/3431398063740829","og_image":[{"width":487,"height":572,"url":"https:\/\/nuevo-renacer.com\/wp-content\/uploads\/2024\/11\/JOAQUIN-TRINCADO-MATEO.png","type":"image\/png"}],"twitter_card":"summary_large_image","twitter_misc":{"Tempo di lettura stimato":"3 minuti"},"schema":{"@context":"https:\/\/schema.org","@graph":[{"@type":"WebPage","@id":"https:\/\/nuevo-renacer.com\/de\/joaquin-trincado\/","url":"https:\/\/nuevo-renacer.com\/de\/joaquin-trincado\/","name":"Joaqu\u00edn Trincado - Uni\u00f3n Esp\u00edrita","isPartOf":{"@id":"https:\/\/nuevo-renacer.com\/#website"},"primaryImageOfPage":{"@id":"https:\/\/nuevo-renacer.com\/de\/joaquin-trincado\/#primaryimage"},"image":{"@id":"https:\/\/nuevo-renacer.com\/de\/joaquin-trincado\/#primaryimage"},"thumbnailUrl":"https:\/\/nuevo-renacer.com\/wp-content\/uploads\/2024\/11\/JOAQUIN-TRINCADO-MATEO.png","datePublished":"2024-11-08T08:16:59+00:00","breadcrumb":{"@id":"https:\/\/nuevo-renacer.com\/de\/joaquin-trincado\/#breadcrumb"},"inLanguage":"it-IT","potentialAction":[{"@type":"ReadAction","target":["https:\/\/nuevo-renacer.com\/de\/joaquin-trincado\/"]}]},{"@type":"ImageObject","inLanguage":"it-IT","@id":"https:\/\/nuevo-renacer.com\/de\/joaquin-trincado\/#primaryimage","url":"https:\/\/nuevo-renacer.com\/wp-content\/uploads\/2024\/11\/JOAQUIN-TRINCADO-MATEO.png","contentUrl":"https:\/\/nuevo-renacer.com\/wp-content\/uploads\/2024\/11\/JOAQUIN-TRINCADO-MATEO.png"},{"@type":"BreadcrumbList","@id":"https:\/\/nuevo-renacer.com\/de\/joaquin-trincado\/#breadcrumb","itemListElement":[{"@type":"ListItem","position":1,"name":"Startseite","item":"https:\/\/nuevo-renacer.com\/"},{"@type":"ListItem","position":2,"name":"Joaqu\u00edn Trincado"}]},{"@type":"WebSite","@id":"https:\/\/nuevo-renacer.com\/#website","url":"https:\/\/nuevo-renacer.com\/","name":"Uni\u00f3n Esp\u00edrita","description":"Nuevo Renacer","publisher":{"@id":"https:\/\/nuevo-renacer.com\/#organization"},"potentialAction":[{"@type":"SearchAction","target":{"@type":"EntryPoint","urlTemplate":"https:\/\/nuevo-renacer.com\/?s={search_term_string}"},"query-input":{"@type":"PropertyValueSpecification","valueRequired":true,"valueName":"search_term_string"}}],"inLanguage":"it-IT"},{"@type":"Organization","@id":"https:\/\/nuevo-renacer.com\/#organization","name":"UFEC","url":"https:\/\/nuevo-renacer.com\/","logo":{"@type":"ImageObject","inLanguage":"it-IT","@id":"https:\/\/nuevo-renacer.com\/#\/schema\/logo\/image\/","url":"https:\/\/nuevo-renacer.com\/wp-content\/uploads\/2024\/05\/cropped-LOGO-TERMINADO1-3-3.png","contentUrl":"https:\/\/nuevo-renacer.com\/wp-content\/uploads\/2024\/05\/cropped-LOGO-TERMINADO1-3-3.png","width":512,"height":512,"caption":"UFEC"},"image":{"@id":"https:\/\/nuevo-renacer.com\/#\/schema\/logo\/image\/"},"sameAs":["https:\/\/www.facebook.com\/groups\/3431398063740829"]}]}},"uagb_featured_image_src":{"full":false,"thumbnail":false,"medium":false,"medium_large":false,"large":false,"1536x1536":false,"2048x2048":false,"trp-custom-language-flag":false},"uagb_author_info":{"display_name":"adbv0","author_link":"https:\/\/nuevo-renacer.com\/it\/author\/adbv0\/"},"uagb_comment_info":0,"uagb_excerpt":"Joaqu\u00edn Trincado En el movimiento espiritista hispanoamericano, el nombre de Joaqu\u00edn Trincado es ampliamente conocido y respetado, tanto por su obra escrita como por el notable esfuerzo que realiz\u00f3 para divulgar los fundamentos del Espiritismo y colocarlos en sinton\u00eda con el progreso moral y social de la humanidad. Naci\u00f3 en Cintru\u00e9nigo, peque\u00f1a poblaci\u00f3n navarra, el&hellip;","jetpack_sharing_enabled":true,"_links":{"self":[{"href":"https:\/\/nuevo-renacer.com\/it\/wp-json\/wp\/v2\/pages\/5905","targetHints":{"allow":["GET"]}}],"collection":[{"href":"https:\/\/nuevo-renacer.com\/it\/wp-json\/wp\/v2\/pages"}],"about":[{"href":"https:\/\/nuevo-renacer.com\/it\/wp-json\/wp\/v2\/types\/page"}],"author":[{"embeddable":true,"href":"https:\/\/nuevo-renacer.com\/it\/wp-json\/wp\/v2\/users\/1"}],"replies":[{"embeddable":true,"href":"https:\/\/nuevo-renacer.com\/it\/wp-json\/wp\/v2\/comments?post=5905"}],"version-history":[{"count":1,"href":"https:\/\/nuevo-renacer.com\/it\/wp-json\/wp\/v2\/pages\/5905\/revisions"}],"predecessor-version":[{"id":5909,"href":"https:\/\/nuevo-renacer.com\/it\/wp-json\/wp\/v2\/pages\/5905\/revisions\/5909"}],"wp:attachment":[{"href":"https:\/\/nuevo-renacer.com\/it\/wp-json\/wp\/v2\/media?parent=5905"}],"curies":[{"name":"wp","href":"https:\/\/api.w.org\/{rel}","templated":true}]}}